{"id":417123,"date":"2025-06-21T04:07:40","date_gmt":"2025-06-21T02:07:40","guid":{"rendered":"https:\/\/shopatoa.com\/ro\/christian-laurent-beauty-creator-fond-de-ten-lichid-cu-efect-matifiant-cu-ceramide-30-ml\/"},"modified":"2025-12-12T09:56:29","modified_gmt":"2025-12-12T08:56:29","slug":"christian-laurent-beauty-creator-fond-de-ten-lichid-cu-efect-matifiant-cu-ceramide-30-ml","status":"publish","type":"product","link":"https:\/\/shopatoa.com\/ro\/christian-laurent-beauty-creator-fond-de-ten-lichid-cu-efect-matifiant-cu-ceramide-30-ml\/","title":{"rendered":"Christian Laurent Beauty Creator fond de ten lichid cu efect matifiant cu ceramide 30 ml"},"content":{"rendered":"<p>Christian Laurent Beauty Creator, 30 ml, baza pentru machiaj pentru femei, C\u00e2nd arat\u0103 machiajul cel mai bine? Atunci c\u00e2nd tenul este preg\u0103tit perfect pentru el. Primerul Christian LaurentBeauty Creator asigur\u0103 minimizarea vizual\u0103 a porilor dilata\u021bi, netezirea tenului per ansamblu \u0219i crearea unei baze uniforme ideale, care nu numai c\u0103 faciliteaz\u0103 aplicarea fondului de ten, dar contribuie \u0219i la o rezisten\u021b\u0103 sporit\u0103 a acestuia. \u00cen plus, va matifia zonele grase \u0219i va ajuta la men\u021binerea sub control a produc\u021biei excesive de sebum, astfel \u00eenc\u00e2t nu va trebui s\u0103 v\u0103 verifica\u021bi constant str\u0103lucirea nedorit\u0103 a tenului de-a lungul zilei. Pe scurt, v\u0103 permite s\u0103 ob\u021bine\u021bi un aspect perfect machiat, indiferent de stilul ales. Datorit\u0103 acestui primer ve\u021bi duce machiajul la un nivel superior \u0219i ve\u021bi ob\u021bine rezultate mai bune \u00een aplicarea fondului de ten preferat.  Caracteristici:  matifiaz\u0103 m\u0103re\u0219te rezisten\u021ba fondului de ten preg\u0103te\u0219te perfect tenul pentru aplicarea fondului de ten nu astup\u0103 porii  Ingrediente:  produs vegan peptide \u2013 au efecte hidratante, de netezire \u0219i catifelare, ajut\u0103 la reducerea vizibilit\u0103\u021bii ridurilor, favorizeaz\u0103 fermitatea \u0219i elasticitatea pielii, confer\u0103 un aspect s\u0103n\u0103tos, uniform \u0219i radiant \u0219i consolideaz\u0103 bariera cutanat\u0103 aur \u2013 are efecte antioxidante puternice, protejeaz\u0103 \u00eempotriva factorilor externi nocivi, a usc\u0103rii \u0219i \u00eemb\u0103tr\u00e2nirii premature a pielii, calmeaz\u0103, combate ro\u0219ea\u021ba \u0219i contribuie la un aspect tineresc, luminat \u0219i uniformizat ceramide \u2013 lipide esen\u021biale care se g\u0103sesc natural \u00een piele, sunt esen\u021biale pentru buna func\u021bionare a barierei protectoare cutanate, hidrateaz\u0103 \u0219i ajut\u0103 la prevenirea usc\u0103rii, irita\u021biei, deterior\u0103rii \u0219i ridurilor acid hialuronic \u2013 leag\u0103 o cantitate mare de ap\u0103 \u0219i hidrateaz\u0103 intens  Cum se utilizeaz\u0103: Se \u00eentinde uniform \u0219i temeinic. Apoi se aplic\u0103 fondul de ten.<\/p>\n","protected":false},"excerpt":{"rendered":"<p>Christian Laurent Beauty Creator, 30 ml, baza pentru machiaj pentru femei, C\u00e2nd arat\u0103 machiajul cel mai bine? Atunci c\u00e2nd tenul este preg\u0103tit perfect pentru el. Primerul Christian LaurentBeauty Creator asigur\u0103 minimizarea vizual\u0103 a porilor dilata\u021bi, netezirea tenului per ansamblu \u0219i crearea unei baze uniforme ideale, care nu numai c\u0103 faciliteaz\u0103 aplicarea fondului de ten, dar&#8230;<\/p>\n","protected":false},"featured_media":417124,"comment_status":"closed","ping_status":"open","template":"","meta":{"_acf_changed":false,"_kadence_starter_templates_imported_post":false,"_kad_post_transparent":"","_kad_post_title":"","_kad_post_layout":"","_kad_post_sidebar_id":"","_kad_post_content_style":"","_kad_post_vertical_padding":"","_kad_post_feature":"","_kad_post_feature_position":"","_kad_post_header":false,"_kad_post_footer":false,"_kad_post_classname":""},"product_brand":[2206],"product_cat":[1564,1563,1576,1622,1709,1562],"product_tag":[],"class_list":{"0":"post-417123","1":"product","2":"type-product","3":"status-publish","4":"has-post-thumbnail","6":"product_brand-christian-laurent","7":"product_cat-cosmetice-ingrijire-personala","8":"product_cat-ingrijire-personala","9":"product_cat-machiaj","10":"product_cat-machiaj-de-fata","11":"product_cat-primer-de-fata","12":"product_cat-sanatate-si-frumusete","13":"pa_gen-female","14":"pa_marime-30-ml","16":"first","17":"instock","18":"sale","19":"product-type-external","20":"entry","21":"content-bg","22":"loop-entry"},"acf":[],"yoast_head":"<!-- This site is optimized with the Yoast SEO plugin v27.4 - https:\/\/yoast.com\/product\/yoast-seo-wordpress\/ -->\n<title>Christian Laurent Beauty Creator fond de ten lichid cu efect matifiant cu ceramide 30 ml - SHOPATOA.COM<\/title>\n<meta name=\"robots\" content=\"index, follow, max-snippet:-1, max-image-preview:large, max-video-preview:-1\" \/>\n<link rel=\"canonical\" href=\"https:\/\/shopatoa.com\/ro\/christian-laurent-beauty-creator-fond-de-ten-lichid-cu-efect-matifiant-cu-ceramide-30-ml\/\" \/>\n<meta property=\"og:locale\" content=\"ro_RO\" \/>\n<meta property=\"og:type\" content=\"article\" \/>\n<meta property=\"og:title\" content=\"Christian Laurent Beauty Creator fond de ten lichid cu efect matifiant cu ceramide 30 ml - SHOPATOA.COM\" \/>\n<meta property=\"og:description\" content=\"Christian Laurent Beauty Creator, 30 ml, baza pentru machiaj pentru femei, C\u00e2nd arat\u0103 machiajul cel mai bine? Atunci c\u00e2nd tenul este preg\u0103tit perfect pentru el. Primerul Christian LaurentBeauty Creator asigur\u0103 minimizarea vizual\u0103 a porilor dilata\u021bi, netezirea tenului per ansamblu \u0219i crearea unei baze uniforme ideale, care nu numai c\u0103 faciliteaz\u0103 aplicarea fondului de ten, dar...\" \/>\n<meta property=\"og:url\" content=\"https:\/\/shopatoa.com\/ro\/christian-laurent-beauty-creator-fond-de-ten-lichid-cu-efect-matifiant-cu-ceramide-30-ml\/\" \/>\n<meta property=\"og:site_name\" content=\"SHOPATOA\" \/>\n<meta property=\"article:modified_time\" content=\"2025-12-12T08:56:29+00:00\" \/>\n<meta property=\"og:image\" content=\"https:\/\/storage.googleapis.com\/cz-shopatoa-img\/ro\/ad1ca75b-unnamed-file.webp\" \/>\n\t<meta property=\"og:image:width\" content=\"800\" \/>\n\t<meta property=\"og:image:height\" content=\"800\" \/>\n\t<meta property=\"og:image:type\" content=\"image\/webp\" \/>\n<meta name=\"twitter:card\" content=\"summary_large_image\" \/>\n<meta name=\"twitter:label1\" content=\"Timp estimat pentru citire\" \/>\n\t<meta name=\"twitter:data1\" content=\"1 minut\" \/>\n<script type=\"application\/ld+json\" class=\"yoast-schema-graph\">{\"@context\":\"https:\\\/\\\/schema.org\",\"@graph\":[{\"@type\":\"WebPage\",\"@id\":\"https:\\\/\\\/shopatoa.com\\\/ro\\\/christian-laurent-beauty-creator-fond-de-ten-lichid-cu-efect-matifiant-cu-ceramide-30-ml\\\/\",\"url\":\"https:\\\/\\\/shopatoa.com\\\/ro\\\/christian-laurent-beauty-creator-fond-de-ten-lichid-cu-efect-matifiant-cu-ceramide-30-ml\\\/\",\"name\":\"Christian Laurent Beauty Creator fond de ten lichid cu efect matifiant cu ceramide 30 ml - SHOPATOA.COM\",\"isPartOf\":{\"@id\":\"https:\\\/\\\/shopatoa.com\\\/ro\\\/#website\"},\"primaryImageOfPage\":{\"@id\":\"https:\\\/\\\/shopatoa.com\\\/ro\\\/christian-laurent-beauty-creator-fond-de-ten-lichid-cu-efect-matifiant-cu-ceramide-30-ml\\\/#primaryimage\"},\"image\":{\"@id\":\"https:\\\/\\\/shopatoa.com\\\/ro\\\/christian-laurent-beauty-creator-fond-de-ten-lichid-cu-efect-matifiant-cu-ceramide-30-ml\\\/#primaryimage\"},\"thumbnailUrl\":\"https:\\\/\\\/storage.googleapis.com\\\/cz-shopatoa-img\\\/ro\\\/ad1ca75b-unnamed-file.webp\",\"datePublished\":\"2025-06-21T02:07:40+00:00\",\"dateModified\":\"2025-12-12T08:56:29+00:00\",\"breadcrumb\":{\"@id\":\"https:\\\/\\\/shopatoa.com\\\/ro\\\/christian-laurent-beauty-creator-fond-de-ten-lichid-cu-efect-matifiant-cu-ceramide-30-ml\\\/#breadcrumb\"},\"inLanguage\":\"ro-RO\",\"potentialAction\":[{\"@type\":\"ReadAction\",\"target\":[\"https:\\\/\\\/shopatoa.com\\\/ro\\\/christian-laurent-beauty-creator-fond-de-ten-lichid-cu-efect-matifiant-cu-ceramide-30-ml\\\/\"]}]},{\"@type\":\"ImageObject\",\"inLanguage\":\"ro-RO\",\"@id\":\"https:\\\/\\\/shopatoa.com\\\/ro\\\/christian-laurent-beauty-creator-fond-de-ten-lichid-cu-efect-matifiant-cu-ceramide-30-ml\\\/#primaryimage\",\"url\":\"https:\\\/\\\/storage.googleapis.com\\\/cz-shopatoa-img\\\/ro\\\/ad1ca75b-unnamed-file.webp\",\"contentUrl\":\"https:\\\/\\\/storage.googleapis.com\\\/cz-shopatoa-img\\\/ro\\\/ad1ca75b-unnamed-file.webp\",\"width\":800,\"height\":800},{\"@type\":\"BreadcrumbList\",\"@id\":\"https:\\\/\\\/shopatoa.com\\\/ro\\\/christian-laurent-beauty-creator-fond-de-ten-lichid-cu-efect-matifiant-cu-ceramide-30-ml\\\/#breadcrumb\",\"itemListElement\":[{\"@type\":\"ListItem\",\"position\":1,\"name\":\"Dom\u016f\",\"item\":\"https:\\\/\\\/shopatoa.com\\\/ro\\\/\"},{\"@type\":\"ListItem\",\"position\":2,\"name\":\"Shop\",\"item\":\"https:\\\/\\\/shopatoa.com\\\/ro\\\/shop\\\/\"},{\"@type\":\"ListItem\",\"position\":3,\"name\":\"S\u0103n\u0103tate \u0219i frumuse\u021be\",\"item\":\"https:\\\/\\\/shopatoa.com\\\/ro\\\/sanatate-si-frumusete\\\/\"},{\"@type\":\"ListItem\",\"position\":4,\"name\":\"\u00cengrijire personal\u0103\",\"item\":\"https:\\\/\\\/shopatoa.com\\\/ro\\\/ingrijire-personala\\\/\"},{\"@type\":\"ListItem\",\"position\":5,\"name\":\"Cosmetice\",\"item\":\"https:\\\/\\\/shopatoa.com\\\/ro\\\/cosmetice-ingrijire-personala\\\/\"},{\"@type\":\"ListItem\",\"position\":6,\"name\":\"Machiaj\",\"item\":\"https:\\\/\\\/shopatoa.com\\\/ro\\\/machiaj\\\/\"},{\"@type\":\"ListItem\",\"position\":7,\"name\":\"Machiaj de fa\u021b\u0103\",\"item\":\"https:\\\/\\\/shopatoa.com\\\/ro\\\/machiaj-de-fata\\\/\"},{\"@type\":\"ListItem\",\"position\":8,\"name\":\"Primer de fa\u021b\u0103\",\"item\":\"https:\\\/\\\/shopatoa.com\\\/ro\\\/primer-de-fata\\\/\"},{\"@type\":\"ListItem\",\"position\":9,\"name\":\"Christian Laurent Beauty Creator fond de ten lichid cu efect matifiant cu ceramide 30 ml\"}]},{\"@type\":\"WebSite\",\"@id\":\"https:\\\/\\\/shopatoa.com\\\/ro\\\/#website\",\"url\":\"https:\\\/\\\/shopatoa.com\\\/ro\\\/\",\"name\":\"SHOPATOA\",\"description\":\"\",\"publisher\":{\"@id\":\"https:\\\/\\\/shopatoa.com\\\/ro\\\/#organization\"},\"potentialAction\":[{\"@type\":\"SearchAction\",\"target\":{\"@type\":\"EntryPoint\",\"urlTemplate\":\"https:\\\/\\\/shopatoa.com\\\/ro\\\/?s={search_term_string}\"},\"query-input\":{\"@type\":\"PropertyValueSpecification\",\"valueRequired\":true,\"valueName\":\"search_term_string\"}}],\"inLanguage\":\"ro-RO\"},{\"@type\":\"Organization\",\"@id\":\"https:\\\/\\\/shopatoa.com\\\/ro\\\/#organization\",\"name\":\"SHOPATOA\",\"url\":\"https:\\\/\\\/shopatoa.com\\\/ro\\\/\",\"logo\":{\"@type\":\"ImageObject\",\"inLanguage\":\"ro-RO\",\"@id\":\"https:\\\/\\\/shopatoa.com\\\/ro\\\/#\\\/schema\\\/logo\\\/image\\\/\",\"url\":\"https:\\\/\\\/storage.googleapis.com\\\/cz-shopatoa-img\\\/ro\\\/b4dac915-shopatoa_logo.png\",\"contentUrl\":\"https:\\\/\\\/storage.googleapis.com\\\/cz-shopatoa-img\\\/ro\\\/b4dac915-shopatoa_logo.png\",\"width\":416,\"height\":63,\"caption\":\"SHOPATOA\"},\"image\":{\"@id\":\"https:\\\/\\\/shopatoa.com\\\/ro\\\/#\\\/schema\\\/logo\\\/image\\\/\"}}]}<\/script>\n<!-- \/ Yoast SEO plugin. -->","yoast_head_json":{"title":"Christian Laurent Beauty Creator fond de ten lichid cu efect matifiant cu ceramide 30 ml - SHOPATOA.COM","robots":{"index":"index","follow":"follow","max-snippet":"max-snippet:-1","max-image-preview":"max-image-preview:large","max-video-preview":"max-video-preview:-1"},"canonical":"https:\/\/shopatoa.com\/ro\/christian-laurent-beauty-creator-fond-de-ten-lichid-cu-efect-matifiant-cu-ceramide-30-ml\/","og_locale":"ro_RO","og_type":"article","og_title":"Christian Laurent Beauty Creator fond de ten lichid cu efect matifiant cu ceramide 30 ml - SHOPATOA.COM","og_description":"Christian Laurent Beauty Creator, 30 ml, baza pentru machiaj pentru femei, C\u00e2nd arat\u0103 machiajul cel mai bine? Atunci c\u00e2nd tenul este preg\u0103tit perfect pentru el. Primerul Christian LaurentBeauty Creator asigur\u0103 minimizarea vizual\u0103 a porilor dilata\u021bi, netezirea tenului per ansamblu \u0219i crearea unei baze uniforme ideale, care nu numai c\u0103 faciliteaz\u0103 aplicarea fondului de ten, dar...","og_url":"https:\/\/shopatoa.com\/ro\/christian-laurent-beauty-creator-fond-de-ten-lichid-cu-efect-matifiant-cu-ceramide-30-ml\/","og_site_name":"SHOPATOA","article_modified_time":"2025-12-12T08:56:29+00:00","og_image":[{"width":800,"height":800,"url":"https:\/\/storage.googleapis.com\/cz-shopatoa-img\/ro\/ad1ca75b-unnamed-file.webp","type":"image\/webp"}],"twitter_card":"summary_large_image","twitter_misc":{"Timp estimat pentru citire":"1 minut"},"schema":{"@context":"https:\/\/schema.org","@graph":[{"@type":"WebPage","@id":"https:\/\/shopatoa.com\/ro\/christian-laurent-beauty-creator-fond-de-ten-lichid-cu-efect-matifiant-cu-ceramide-30-ml\/","url":"https:\/\/shopatoa.com\/ro\/christian-laurent-beauty-creator-fond-de-ten-lichid-cu-efect-matifiant-cu-ceramide-30-ml\/","name":"Christian Laurent Beauty Creator fond de ten lichid cu efect matifiant cu ceramide 30 ml - SHOPATOA.COM","isPartOf":{"@id":"https:\/\/shopatoa.com\/ro\/#website"},"primaryImageOfPage":{"@id":"https:\/\/shopatoa.com\/ro\/christian-laurent-beauty-creator-fond-de-ten-lichid-cu-efect-matifiant-cu-ceramide-30-ml\/#primaryimage"},"image":{"@id":"https:\/\/shopatoa.com\/ro\/christian-laurent-beauty-creator-fond-de-ten-lichid-cu-efect-matifiant-cu-ceramide-30-ml\/#primaryimage"},"thumbnailUrl":"https:\/\/storage.googleapis.com\/cz-shopatoa-img\/ro\/ad1ca75b-unnamed-file.webp","datePublished":"2025-06-21T02:07:40+00:00","dateModified":"2025-12-12T08:56:29+00:00","breadcrumb":{"@id":"https:\/\/shopatoa.com\/ro\/christian-laurent-beauty-creator-fond-de-ten-lichid-cu-efect-matifiant-cu-ceramide-30-ml\/#breadcrumb"},"inLanguage":"ro-RO","potentialAction":[{"@type":"ReadAction","target":["https:\/\/shopatoa.com\/ro\/christian-laurent-beauty-creator-fond-de-ten-lichid-cu-efect-matifiant-cu-ceramide-30-ml\/"]}]},{"@type":"ImageObject","inLanguage":"ro-RO","@id":"https:\/\/shopatoa.com\/ro\/christian-laurent-beauty-creator-fond-de-ten-lichid-cu-efect-matifiant-cu-ceramide-30-ml\/#primaryimage","url":"https:\/\/storage.googleapis.com\/cz-shopatoa-img\/ro\/ad1ca75b-unnamed-file.webp","contentUrl":"https:\/\/storage.googleapis.com\/cz-shopatoa-img\/ro\/ad1ca75b-unnamed-file.webp","width":800,"height":800},{"@type":"BreadcrumbList","@id":"https:\/\/shopatoa.com\/ro\/christian-laurent-beauty-creator-fond-de-ten-lichid-cu-efect-matifiant-cu-ceramide-30-ml\/#breadcrumb","itemListElement":[{"@type":"ListItem","position":1,"name":"Dom\u016f","item":"https:\/\/shopatoa.com\/ro\/"},{"@type":"ListItem","position":2,"name":"Shop","item":"https:\/\/shopatoa.com\/ro\/shop\/"},{"@type":"ListItem","position":3,"name":"S\u0103n\u0103tate \u0219i frumuse\u021be","item":"https:\/\/shopatoa.com\/ro\/sanatate-si-frumusete\/"},{"@type":"ListItem","position":4,"name":"\u00cengrijire personal\u0103","item":"https:\/\/shopatoa.com\/ro\/ingrijire-personala\/"},{"@type":"ListItem","position":5,"name":"Cosmetice","item":"https:\/\/shopatoa.com\/ro\/cosmetice-ingrijire-personala\/"},{"@type":"ListItem","position":6,"name":"Machiaj","item":"https:\/\/shopatoa.com\/ro\/machiaj\/"},{"@type":"ListItem","position":7,"name":"Machiaj de fa\u021b\u0103","item":"https:\/\/shopatoa.com\/ro\/machiaj-de-fata\/"},{"@type":"ListItem","position":8,"name":"Primer de fa\u021b\u0103","item":"https:\/\/shopatoa.com\/ro\/primer-de-fata\/"},{"@type":"ListItem","position":9,"name":"Christian Laurent Beauty Creator fond de ten lichid cu efect matifiant cu ceramide 30 ml"}]},{"@type":"WebSite","@id":"https:\/\/shopatoa.com\/ro\/#website","url":"https:\/\/shopatoa.com\/ro\/","name":"SHOPATOA","description":"","publisher":{"@id":"https:\/\/shopatoa.com\/ro\/#organization"},"potentialAction":[{"@type":"SearchAction","target":{"@type":"EntryPoint","urlTemplate":"https:\/\/shopatoa.com\/ro\/?s={search_term_string}"},"query-input":{"@type":"PropertyValueSpecification","valueRequired":true,"valueName":"search_term_string"}}],"inLanguage":"ro-RO"},{"@type":"Organization","@id":"https:\/\/shopatoa.com\/ro\/#organization","name":"SHOPATOA","url":"https:\/\/shopatoa.com\/ro\/","logo":{"@type":"ImageObject","inLanguage":"ro-RO","@id":"https:\/\/shopatoa.com\/ro\/#\/schema\/logo\/image\/","url":"https:\/\/storage.googleapis.com\/cz-shopatoa-img\/ro\/b4dac915-shopatoa_logo.png","contentUrl":"https:\/\/storage.googleapis.com\/cz-shopatoa-img\/ro\/b4dac915-shopatoa_logo.png","width":416,"height":63,"caption":"SHOPATOA"},"image":{"@id":"https:\/\/shopatoa.com\/ro\/#\/schema\/logo\/image\/"}}]}},"_links":{"self":[{"href":"https:\/\/shopatoa.com\/ro\/wp-json\/wp\/v2\/product\/417123","targetHints":{"allow":["GET"]}}],"collection":[{"href":"https:\/\/shopatoa.com\/ro\/wp-json\/wp\/v2\/product"}],"about":[{"href":"https:\/\/shopatoa.com\/ro\/wp-json\/wp\/v2\/types\/product"}],"replies":[{"embeddable":true,"href":"https:\/\/shopatoa.com\/ro\/wp-json\/wp\/v2\/comments?post=417123"}],"wp:featuredmedia":[{"embeddable":true,"href":"https:\/\/shopatoa.com\/ro\/wp-json\/wp\/v2\/media\/417124"}],"wp:attachment":[{"href":"https:\/\/shopatoa.com\/ro\/wp-json\/wp\/v2\/media?parent=417123"}],"wp:term":[{"taxonomy":"product_brand","embeddable":true,"href":"https:\/\/shopatoa.com\/ro\/wp-json\/wp\/v2\/product_brand?post=417123"},{"taxonomy":"product_cat","embeddable":true,"href":"https:\/\/shopatoa.com\/ro\/wp-json\/wp\/v2\/product_cat?post=417123"},{"taxonomy":"product_tag","embeddable":true,"href":"https:\/\/shopatoa.com\/ro\/wp-json\/wp\/v2\/product_tag?post=417123"}],"curies":[{"name":"wp","href":"https:\/\/api.w.org\/{rel}","templated":true}]}}