{"id":417241,"date":"2025-06-21T04:17:08","date_gmt":"2025-06-21T02:17:08","guid":{"rendered":"https:\/\/shopatoa.com\/ro\/renovality-original-series-lavender-water-lotiune-pentru-fata-pentru-toate-tipurile-de-ten-inclusiv-piele-sensibila-100-ml\/"},"modified":"2025-06-21T04:17:15","modified_gmt":"2025-06-21T02:17:15","slug":"renovality-original-series-lavender-water-lotiune-pentru-fata-pentru-toate-tipurile-de-ten-inclusiv-piele-sensibila-100-ml","status":"publish","type":"product","link":"https:\/\/shopatoa.com\/ro\/renovality-original-series-lavender-water-lotiune-pentru-fata-pentru-toate-tipurile-de-ten-inclusiv-piele-sensibila-100-ml\/","title":{"rendered":"Renovality Original Series Lavender Water lo\u021biune pentru fa\u021b\u0103 pentru toate tipurile de ten, inclusiv piele sensibila 100 ml"},"content":{"rendered":"<p>Renovality Original Series Lavender Water, 100 ml, Ap\u0103 de fa\u021b\u0103 pentru femei, Lo\u021biunea facial\u0103 Renovality Original Series este un pas indispensabil \u00een demachierea tenului. Elibereaz\u0103 tenul de impurit\u0103\u021bile r\u0103mase \u0219i are efect tonifiant.  Caracteristici:  confer\u0103 o senza\u021bie de confort \u0219i de cur\u0103\u021benie parfumeaz\u0103 superb tenul calmeaz\u0103 \u0219i protejeaz\u0103 tenul  Cum se utilizeaz\u0103: Pulveriza\u021bi pe fa\u021b\u0103 o cantitate potrivit\u0103 de produs. Poate fi utilizat \u00een orice moment al zilei.<\/p>\n","protected":false},"excerpt":{"rendered":"<p>Renovality Original Series Lavender Water, 100 ml, Ap\u0103 de fa\u021b\u0103 pentru femei, Lo\u021biunea facial\u0103 Renovality Original Series este un pas indispensabil \u00een demachierea tenului. Elibereaz\u0103 tenul de impurit\u0103\u021bile r\u0103mase \u0219i are efect tonifiant. Caracteristici: confer\u0103 o senza\u021bie de confort \u0219i de cur\u0103\u021benie parfumeaz\u0103 superb tenul calmeaz\u0103 \u0219i protejeaz\u0103 tenul Cum se utilizeaz\u0103: Pulveriza\u021bi pe fa\u021b\u0103&#8230;<\/p>\n","protected":false},"featured_media":417242,"comment_status":"closed","ping_status":"open","template":"","meta":{"_acf_changed":false,"_kadence_starter_templates_imported_post":false,"_kad_post_transparent":"","_kad_post_title":"","_kad_post_layout":"","_kad_post_sidebar_id":"","_kad_post_content_style":"","_kad_post_vertical_padding":"","_kad_post_feature":"","_kad_post_feature_position":"","_kad_post_header":false,"_kad_post_footer":false,"_kad_post_classname":""},"product_brand":[2001],"product_cat":[1564,1563,1565,1853,1562],"product_tag":[],"class_list":{"0":"post-417241","1":"product","2":"type-product","3":"status-publish","4":"has-post-thumbnail","6":"product_brand-renovality","7":"product_cat-cosmetice-ingrijire-personala","8":"product_cat-ingrijire-personala","9":"product_cat-ingrijirea-pielii","10":"product_cat-lotiune-hidratant","11":"product_cat-sanatate-si-frumusete","12":"pa_gen-female","13":"pa_marime-100-ml","15":"first","16":"instock","17":"product-type-external","18":"entry","19":"content-bg","20":"loop-entry"},"acf":[],"yoast_head":"<!-- This site is optimized with the Yoast SEO plugin v27.4 - https:\/\/yoast.com\/product\/yoast-seo-wordpress\/ -->\n<title>Renovality Original Series Lavender Water lo\u021biune pentru fa\u021b\u0103 pentru toate tipurile de ten, inclusiv piele sensibila 100 ml - SHOPATOA.COM<\/title>\n<meta name=\"robots\" content=\"index, follow, max-snippet:-1, max-image-preview:large, max-video-preview:-1\" \/>\n<link rel=\"canonical\" href=\"https:\/\/shopatoa.com\/ro\/renovality-original-series-lavender-water-lotiune-pentru-fata-pentru-toate-tipurile-de-ten-inclusiv-piele-sensibila-100-ml\/\" \/>\n<meta property=\"og:locale\" content=\"ro_RO\" \/>\n<meta property=\"og:type\" content=\"article\" \/>\n<meta property=\"og:title\" content=\"Renovality Original Series Lavender Water lo\u021biune pentru fa\u021b\u0103 pentru toate tipurile de ten, inclusiv piele sensibila 100 ml - SHOPATOA.COM\" \/>\n<meta property=\"og:description\" content=\"Renovality Original Series Lavender Water, 100 ml, Ap\u0103 de fa\u021b\u0103 pentru femei, Lo\u021biunea facial\u0103 Renovality Original Series este un pas indispensabil \u00een demachierea tenului. Elibereaz\u0103 tenul de impurit\u0103\u021bile r\u0103mase \u0219i are efect tonifiant. Caracteristici: confer\u0103 o senza\u021bie de confort \u0219i de cur\u0103\u021benie parfumeaz\u0103 superb tenul calmeaz\u0103 \u0219i protejeaz\u0103 tenul Cum se utilizeaz\u0103: Pulveriza\u021bi pe fa\u021b\u0103...\" \/>\n<meta property=\"og:url\" content=\"https:\/\/shopatoa.com\/ro\/renovality-original-series-lavender-water-lotiune-pentru-fata-pentru-toate-tipurile-de-ten-inclusiv-piele-sensibila-100-ml\/\" \/>\n<meta property=\"og:site_name\" content=\"SHOPATOA\" \/>\n<meta property=\"article:modified_time\" content=\"2025-06-21T02:17:15+00:00\" \/>\n<meta property=\"og:image\" content=\"https:\/\/storage.googleapis.com\/cz-shopatoa-img\/ro\/256ae873-unnamed-file.webp\" \/>\n\t<meta property=\"og:image:width\" content=\"800\" \/>\n\t<meta property=\"og:image:height\" content=\"800\" \/>\n\t<meta property=\"og:image:type\" content=\"image\/webp\" \/>\n<meta name=\"twitter:card\" content=\"summary_large_image\" \/>\n<script type=\"application\/ld+json\" class=\"yoast-schema-graph\">{\"@context\":\"https:\\\/\\\/schema.org\",\"@graph\":[{\"@type\":\"WebPage\",\"@id\":\"https:\\\/\\\/shopatoa.com\\\/ro\\\/renovality-original-series-lavender-water-lotiune-pentru-fata-pentru-toate-tipurile-de-ten-inclusiv-piele-sensibila-100-ml\\\/\",\"url\":\"https:\\\/\\\/shopatoa.com\\\/ro\\\/renovality-original-series-lavender-water-lotiune-pentru-fata-pentru-toate-tipurile-de-ten-inclusiv-piele-sensibila-100-ml\\\/\",\"name\":\"Renovality Original Series Lavender Water lo\u021biune pentru fa\u021b\u0103 pentru toate tipurile de ten, inclusiv piele sensibila 100 ml - SHOPATOA.COM\",\"isPartOf\":{\"@id\":\"https:\\\/\\\/shopatoa.com\\\/ro\\\/#website\"},\"primaryImageOfPage\":{\"@id\":\"https:\\\/\\\/shopatoa.com\\\/ro\\\/renovality-original-series-lavender-water-lotiune-pentru-fata-pentru-toate-tipurile-de-ten-inclusiv-piele-sensibila-100-ml\\\/#primaryimage\"},\"image\":{\"@id\":\"https:\\\/\\\/shopatoa.com\\\/ro\\\/renovality-original-series-lavender-water-lotiune-pentru-fata-pentru-toate-tipurile-de-ten-inclusiv-piele-sensibila-100-ml\\\/#primaryimage\"},\"thumbnailUrl\":\"https:\\\/\\\/storage.googleapis.com\\\/cz-shopatoa-img\\\/ro\\\/256ae873-unnamed-file.webp\",\"datePublished\":\"2025-06-21T02:17:08+00:00\",\"dateModified\":\"2025-06-21T02:17:15+00:00\",\"breadcrumb\":{\"@id\":\"https:\\\/\\\/shopatoa.com\\\/ro\\\/renovality-original-series-lavender-water-lotiune-pentru-fata-pentru-toate-tipurile-de-ten-inclusiv-piele-sensibila-100-ml\\\/#breadcrumb\"},\"inLanguage\":\"ro-RO\",\"potentialAction\":[{\"@type\":\"ReadAction\",\"target\":[\"https:\\\/\\\/shopatoa.com\\\/ro\\\/renovality-original-series-lavender-water-lotiune-pentru-fata-pentru-toate-tipurile-de-ten-inclusiv-piele-sensibila-100-ml\\\/\"]}]},{\"@type\":\"ImageObject\",\"inLanguage\":\"ro-RO\",\"@id\":\"https:\\\/\\\/shopatoa.com\\\/ro\\\/renovality-original-series-lavender-water-lotiune-pentru-fata-pentru-toate-tipurile-de-ten-inclusiv-piele-sensibila-100-ml\\\/#primaryimage\",\"url\":\"https:\\\/\\\/storage.googleapis.com\\\/cz-shopatoa-img\\\/ro\\\/256ae873-unnamed-file.webp\",\"contentUrl\":\"https:\\\/\\\/storage.googleapis.com\\\/cz-shopatoa-img\\\/ro\\\/256ae873-unnamed-file.webp\",\"width\":800,\"height\":800},{\"@type\":\"BreadcrumbList\",\"@id\":\"https:\\\/\\\/shopatoa.com\\\/ro\\\/renovality-original-series-lavender-water-lotiune-pentru-fata-pentru-toate-tipurile-de-ten-inclusiv-piele-sensibila-100-ml\\\/#breadcrumb\",\"itemListElement\":[{\"@type\":\"ListItem\",\"position\":1,\"name\":\"Dom\u016f\",\"item\":\"https:\\\/\\\/shopatoa.com\\\/ro\\\/\"},{\"@type\":\"ListItem\",\"position\":2,\"name\":\"Shop\",\"item\":\"https:\\\/\\\/shopatoa.com\\\/ro\\\/shop\\\/\"},{\"@type\":\"ListItem\",\"position\":3,\"name\":\"Renovality Original Series Lavender Water lo\u021biune pentru fa\u021b\u0103 pentru toate tipurile de ten, inclusiv piele sensibila 100 ml\"}]},{\"@type\":\"WebSite\",\"@id\":\"https:\\\/\\\/shopatoa.com\\\/ro\\\/#website\",\"url\":\"https:\\\/\\\/shopatoa.com\\\/ro\\\/\",\"name\":\"SHOPATOA\",\"description\":\"\",\"publisher\":{\"@id\":\"https:\\\/\\\/shopatoa.com\\\/ro\\\/#organization\"},\"potentialAction\":[{\"@type\":\"SearchAction\",\"target\":{\"@type\":\"EntryPoint\",\"urlTemplate\":\"https:\\\/\\\/shopatoa.com\\\/ro\\\/?s={search_term_string}\"},\"query-input\":{\"@type\":\"PropertyValueSpecification\",\"valueRequired\":true,\"valueName\":\"search_term_string\"}}],\"inLanguage\":\"ro-RO\"},{\"@type\":\"Organization\",\"@id\":\"https:\\\/\\\/shopatoa.com\\\/ro\\\/#organization\",\"name\":\"SHOPATOA\",\"url\":\"https:\\\/\\\/shopatoa.com\\\/ro\\\/\",\"logo\":{\"@type\":\"ImageObject\",\"inLanguage\":\"ro-RO\",\"@id\":\"https:\\\/\\\/shopatoa.com\\\/ro\\\/#\\\/schema\\\/logo\\\/image\\\/\",\"url\":\"https:\\\/\\\/storage.googleapis.com\\\/cz-shopatoa-img\\\/ro\\\/b4dac915-shopatoa_logo.png\",\"contentUrl\":\"https:\\\/\\\/storage.googleapis.com\\\/cz-shopatoa-img\\\/ro\\\/b4dac915-shopatoa_logo.png\",\"width\":416,\"height\":63,\"caption\":\"SHOPATOA\"},\"image\":{\"@id\":\"https:\\\/\\\/shopatoa.com\\\/ro\\\/#\\\/schema\\\/logo\\\/image\\\/\"}}]}<\/script>\n<!-- \/ Yoast SEO plugin. -->","yoast_head_json":{"title":"Renovality Original Series Lavender Water lo\u021biune pentru fa\u021b\u0103 pentru toate tipurile de ten, inclusiv piele sensibila 100 ml - SHOPATOA.COM","robots":{"index":"index","follow":"follow","max-snippet":"max-snippet:-1","max-image-preview":"max-image-preview:large","max-video-preview":"max-video-preview:-1"},"canonical":"https:\/\/shopatoa.com\/ro\/renovality-original-series-lavender-water-lotiune-pentru-fata-pentru-toate-tipurile-de-ten-inclusiv-piele-sensibila-100-ml\/","og_locale":"ro_RO","og_type":"article","og_title":"Renovality Original Series Lavender Water lo\u021biune pentru fa\u021b\u0103 pentru toate tipurile de ten, inclusiv piele sensibila 100 ml - SHOPATOA.COM","og_description":"Renovality Original Series Lavender Water, 100 ml, Ap\u0103 de fa\u021b\u0103 pentru femei, Lo\u021biunea facial\u0103 Renovality Original Series este un pas indispensabil \u00een demachierea tenului. Elibereaz\u0103 tenul de impurit\u0103\u021bile r\u0103mase \u0219i are efect tonifiant. Caracteristici: confer\u0103 o senza\u021bie de confort \u0219i de cur\u0103\u021benie parfumeaz\u0103 superb tenul calmeaz\u0103 \u0219i protejeaz\u0103 tenul Cum se utilizeaz\u0103: Pulveriza\u021bi pe fa\u021b\u0103...","og_url":"https:\/\/shopatoa.com\/ro\/renovality-original-series-lavender-water-lotiune-pentru-fata-pentru-toate-tipurile-de-ten-inclusiv-piele-sensibila-100-ml\/","og_site_name":"SHOPATOA","article_modified_time":"2025-06-21T02:17:15+00:00","og_image":[{"width":800,"height":800,"url":"https:\/\/storage.googleapis.com\/cz-shopatoa-img\/ro\/256ae873-unnamed-file.webp","type":"image\/webp"}],"twitter_card":"summary_large_image","schema":{"@context":"https:\/\/schema.org","@graph":[{"@type":"WebPage","@id":"https:\/\/shopatoa.com\/ro\/renovality-original-series-lavender-water-lotiune-pentru-fata-pentru-toate-tipurile-de-ten-inclusiv-piele-sensibila-100-ml\/","url":"https:\/\/shopatoa.com\/ro\/renovality-original-series-lavender-water-lotiune-pentru-fata-pentru-toate-tipurile-de-ten-inclusiv-piele-sensibila-100-ml\/","name":"Renovality Original Series Lavender Water lo\u021biune pentru fa\u021b\u0103 pentru toate tipurile de ten, inclusiv piele sensibila 100 ml - SHOPATOA.COM","isPartOf":{"@id":"https:\/\/shopatoa.com\/ro\/#website"},"primaryImageOfPage":{"@id":"https:\/\/shopatoa.com\/ro\/renovality-original-series-lavender-water-lotiune-pentru-fata-pentru-toate-tipurile-de-ten-inclusiv-piele-sensibila-100-ml\/#primaryimage"},"image":{"@id":"https:\/\/shopatoa.com\/ro\/renovality-original-series-lavender-water-lotiune-pentru-fata-pentru-toate-tipurile-de-ten-inclusiv-piele-sensibila-100-ml\/#primaryimage"},"thumbnailUrl":"https:\/\/storage.googleapis.com\/cz-shopatoa-img\/ro\/256ae873-unnamed-file.webp","datePublished":"2025-06-21T02:17:08+00:00","dateModified":"2025-06-21T02:17:15+00:00","breadcrumb":{"@id":"https:\/\/shopatoa.com\/ro\/renovality-original-series-lavender-water-lotiune-pentru-fata-pentru-toate-tipurile-de-ten-inclusiv-piele-sensibila-100-ml\/#breadcrumb"},"inLanguage":"ro-RO","potentialAction":[{"@type":"ReadAction","target":["https:\/\/shopatoa.com\/ro\/renovality-original-series-lavender-water-lotiune-pentru-fata-pentru-toate-tipurile-de-ten-inclusiv-piele-sensibila-100-ml\/"]}]},{"@type":"ImageObject","inLanguage":"ro-RO","@id":"https:\/\/shopatoa.com\/ro\/renovality-original-series-lavender-water-lotiune-pentru-fata-pentru-toate-tipurile-de-ten-inclusiv-piele-sensibila-100-ml\/#primaryimage","url":"https:\/\/storage.googleapis.com\/cz-shopatoa-img\/ro\/256ae873-unnamed-file.webp","contentUrl":"https:\/\/storage.googleapis.com\/cz-shopatoa-img\/ro\/256ae873-unnamed-file.webp","width":800,"height":800},{"@type":"BreadcrumbList","@id":"https:\/\/shopatoa.com\/ro\/renovality-original-series-lavender-water-lotiune-pentru-fata-pentru-toate-tipurile-de-ten-inclusiv-piele-sensibila-100-ml\/#breadcrumb","itemListElement":[{"@type":"ListItem","position":1,"name":"Dom\u016f","item":"https:\/\/shopatoa.com\/ro\/"},{"@type":"ListItem","position":2,"name":"Shop","item":"https:\/\/shopatoa.com\/ro\/shop\/"},{"@type":"ListItem","position":3,"name":"Renovality Original Series Lavender Water lo\u021biune pentru fa\u021b\u0103 pentru toate tipurile de ten, inclusiv piele sensibila 100 ml"}]},{"@type":"WebSite","@id":"https:\/\/shopatoa.com\/ro\/#website","url":"https:\/\/shopatoa.com\/ro\/","name":"SHOPATOA","description":"","publisher":{"@id":"https:\/\/shopatoa.com\/ro\/#organization"},"potentialAction":[{"@type":"SearchAction","target":{"@type":"EntryPoint","urlTemplate":"https:\/\/shopatoa.com\/ro\/?s={search_term_string}"},"query-input":{"@type":"PropertyValueSpecification","valueRequired":true,"valueName":"search_term_string"}}],"inLanguage":"ro-RO"},{"@type":"Organization","@id":"https:\/\/shopatoa.com\/ro\/#organization","name":"SHOPATOA","url":"https:\/\/shopatoa.com\/ro\/","logo":{"@type":"ImageObject","inLanguage":"ro-RO","@id":"https:\/\/shopatoa.com\/ro\/#\/schema\/logo\/image\/","url":"https:\/\/storage.googleapis.com\/cz-shopatoa-img\/ro\/b4dac915-shopatoa_logo.png","contentUrl":"https:\/\/storage.googleapis.com\/cz-shopatoa-img\/ro\/b4dac915-shopatoa_logo.png","width":416,"height":63,"caption":"SHOPATOA"},"image":{"@id":"https:\/\/shopatoa.com\/ro\/#\/schema\/logo\/image\/"}}]}},"_links":{"self":[{"href":"https:\/\/shopatoa.com\/ro\/wp-json\/wp\/v2\/product\/417241","targetHints":{"allow":["GET"]}}],"collection":[{"href":"https:\/\/shopatoa.com\/ro\/wp-json\/wp\/v2\/product"}],"about":[{"href":"https:\/\/shopatoa.com\/ro\/wp-json\/wp\/v2\/types\/product"}],"replies":[{"embeddable":true,"href":"https:\/\/shopatoa.com\/ro\/wp-json\/wp\/v2\/comments?post=417241"}],"wp:featuredmedia":[{"embeddable":true,"href":"https:\/\/shopatoa.com\/ro\/wp-json\/wp\/v2\/media\/417242"}],"wp:attachment":[{"href":"https:\/\/shopatoa.com\/ro\/wp-json\/wp\/v2\/media?parent=417241"}],"wp:term":[{"taxonomy":"product_brand","embeddable":true,"href":"https:\/\/shopatoa.com\/ro\/wp-json\/wp\/v2\/product_brand?post=417241"},{"taxonomy":"product_cat","embeddable":true,"href":"https:\/\/shopatoa.com\/ro\/wp-json\/wp\/v2\/product_cat?post=417241"},{"taxonomy":"product_tag","embeddable":true,"href":"https:\/\/shopatoa.com\/ro\/wp-json\/wp\/v2\/product_tag?post=417241"}],"curies":[{"name":"wp","href":"https:\/\/api.w.org\/{rel}","templated":true}]}}