{"id":417501,"date":"2025-06-21T04:40:10","date_gmt":"2025-06-21T02:40:10","guid":{"rendered":"https:\/\/shopatoa.com\/ro\/babaria-aloe-vera-crema-bb-cu-aloe-vera-spf-15-50-ml\/"},"modified":"2025-06-21T04:40:18","modified_gmt":"2025-06-21T02:40:18","slug":"babaria-aloe-vera-crema-bb-cu-aloe-vera-spf-15-50-ml","status":"publish","type":"product","link":"https:\/\/shopatoa.com\/ro\/babaria-aloe-vera-crema-bb-cu-aloe-vera-spf-15-50-ml\/","title":{"rendered":"Babaria Aloe Vera crema BB cu aloe vera SPF 15  50 ml"},"content":{"rendered":"<p>Babaria Aloe Vera, 50 ml, crema tonifianta pentru femei, C\u0103uta\u021bi un produs care s\u0103 ofere tenului dvs. at\u00e2t un aspect instantaneu mai frumos, c\u00e2t \u0219i \u00eengrijire suficient\u0103 \u00eentr-un singur pas? Produsul nuan\u021bator Babaria Aloe Vera va fi perfect pentru dvs., \u00eentruc\u00e2t combin\u0103 beneficiile produselor cosmetice decorative \u0219i ale celor de \u00eengrijire. Ofer\u0103 tenului dvs. doza necesar\u0103 de hidratare, \u00een timp ce mascheaz\u0103 orice imperfec\u021biune \u0219i uniformizeaz\u0103 nuan\u021ba.  Caracteristici:  ofer\u0103 pielii hidratarea necesar\u0103 ofer\u0103 protec\u021bie \u00eempotriva razelor solare uniformizeaz\u0103 culoarea pielii u\u0219or de aplicat \u0219i de \u00eentins Acoper\u0103 u\u0219or co\u0219urile \u0219i alte imperfec\u021biuni ale tenului  Cum se utilizeaz\u0103: Se aplic\u0103 diminea\u021ba pe tenul curat \u0219i se \u00eentinde uniform.<\/p>\n","protected":false},"excerpt":{"rendered":"<p>Babaria Aloe Vera, 50 ml, crema tonifianta pentru femei, C\u0103uta\u021bi un produs care s\u0103 ofere tenului dvs. at\u00e2t un aspect instantaneu mai frumos, c\u00e2t \u0219i \u00eengrijire suficient\u0103 \u00eentr-un singur pas? Produsul nuan\u021bator Babaria Aloe Vera va fi perfect pentru dvs., \u00eentruc\u00e2t combin\u0103 beneficiile produselor cosmetice decorative \u0219i ale celor de \u00eengrijire. Ofer\u0103 tenului dvs. doza&#8230;<\/p>\n","protected":false},"featured_media":417502,"comment_status":"closed","ping_status":"open","template":"","meta":{"_acf_changed":false,"_kadence_starter_templates_imported_post":false,"_kad_post_transparent":"","_kad_post_title":"","_kad_post_layout":"","_kad_post_sidebar_id":"","_kad_post_content_style":"","_kad_post_vertical_padding":"","_kad_post_feature":"","_kad_post_feature_position":"","_kad_post_header":false,"_kad_post_footer":false,"_kad_post_classname":""},"product_brand":[1885],"product_cat":[1564,1563,1565,1562],"product_tag":[],"class_list":{"0":"post-417501","1":"product","2":"type-product","3":"status-publish","4":"has-post-thumbnail","6":"product_brand-babaria","7":"product_cat-cosmetice-ingrijire-personala","8":"product_cat-ingrijire-personala","9":"product_cat-ingrijirea-pielii","10":"product_cat-sanatate-si-frumusete","11":"pa_gen-female","12":"pa_marime-50-ml","14":"first","15":"instock","16":"product-type-external","17":"entry","18":"content-bg","19":"loop-entry"},"acf":[],"yoast_head":"<!-- This site is optimized with the Yoast SEO plugin v27.4 - https:\/\/yoast.com\/product\/yoast-seo-wordpress\/ -->\n<title>Babaria Aloe Vera crema BB cu aloe vera SPF 15 50 ml - SHOPATOA.COM<\/title>\n<meta name=\"robots\" content=\"index, follow, max-snippet:-1, max-image-preview:large, max-video-preview:-1\" \/>\n<link rel=\"canonical\" href=\"https:\/\/shopatoa.com\/ro\/babaria-aloe-vera-crema-bb-cu-aloe-vera-spf-15-50-ml\/\" \/>\n<meta property=\"og:locale\" content=\"ro_RO\" \/>\n<meta property=\"og:type\" content=\"article\" \/>\n<meta property=\"og:title\" content=\"Babaria Aloe Vera crema BB cu aloe vera SPF 15 50 ml - SHOPATOA.COM\" \/>\n<meta property=\"og:description\" content=\"Babaria Aloe Vera, 50 ml, crema tonifianta pentru femei, C\u0103uta\u021bi un produs care s\u0103 ofere tenului dvs. at\u00e2t un aspect instantaneu mai frumos, c\u00e2t \u0219i \u00eengrijire suficient\u0103 \u00eentr-un singur pas? Produsul nuan\u021bator Babaria Aloe Vera va fi perfect pentru dvs., \u00eentruc\u00e2t combin\u0103 beneficiile produselor cosmetice decorative \u0219i ale celor de \u00eengrijire. Ofer\u0103 tenului dvs. doza...\" \/>\n<meta property=\"og:url\" content=\"https:\/\/shopatoa.com\/ro\/babaria-aloe-vera-crema-bb-cu-aloe-vera-spf-15-50-ml\/\" \/>\n<meta property=\"og:site_name\" content=\"SHOPATOA\" \/>\n<meta property=\"article:modified_time\" content=\"2025-06-21T02:40:18+00:00\" \/>\n<meta property=\"og:image\" content=\"https:\/\/storage.googleapis.com\/cz-shopatoa-img\/ro\/82f2f350-unnamed-file.webp\" \/>\n\t<meta property=\"og:image:width\" content=\"800\" \/>\n\t<meta property=\"og:image:height\" content=\"800\" \/>\n\t<meta property=\"og:image:type\" content=\"image\/webp\" \/>\n<meta name=\"twitter:card\" content=\"summary_large_image\" \/>\n<meta name=\"twitter:label1\" content=\"Timp estimat pentru citire\" \/>\n\t<meta name=\"twitter:data1\" content=\"1 minut\" \/>\n<script type=\"application\/ld+json\" class=\"yoast-schema-graph\">{\"@context\":\"https:\\\/\\\/schema.org\",\"@graph\":[{\"@type\":\"WebPage\",\"@id\":\"https:\\\/\\\/shopatoa.com\\\/ro\\\/babaria-aloe-vera-crema-bb-cu-aloe-vera-spf-15-50-ml\\\/\",\"url\":\"https:\\\/\\\/shopatoa.com\\\/ro\\\/babaria-aloe-vera-crema-bb-cu-aloe-vera-spf-15-50-ml\\\/\",\"name\":\"Babaria Aloe Vera crema BB cu aloe vera SPF 15 50 ml - SHOPATOA.COM\",\"isPartOf\":{\"@id\":\"https:\\\/\\\/shopatoa.com\\\/ro\\\/#website\"},\"primaryImageOfPage\":{\"@id\":\"https:\\\/\\\/shopatoa.com\\\/ro\\\/babaria-aloe-vera-crema-bb-cu-aloe-vera-spf-15-50-ml\\\/#primaryimage\"},\"image\":{\"@id\":\"https:\\\/\\\/shopatoa.com\\\/ro\\\/babaria-aloe-vera-crema-bb-cu-aloe-vera-spf-15-50-ml\\\/#primaryimage\"},\"thumbnailUrl\":\"https:\\\/\\\/storage.googleapis.com\\\/cz-shopatoa-img\\\/ro\\\/82f2f350-unnamed-file.webp\",\"datePublished\":\"2025-06-21T02:40:10+00:00\",\"dateModified\":\"2025-06-21T02:40:18+00:00\",\"breadcrumb\":{\"@id\":\"https:\\\/\\\/shopatoa.com\\\/ro\\\/babaria-aloe-vera-crema-bb-cu-aloe-vera-spf-15-50-ml\\\/#breadcrumb\"},\"inLanguage\":\"ro-RO\",\"potentialAction\":[{\"@type\":\"ReadAction\",\"target\":[\"https:\\\/\\\/shopatoa.com\\\/ro\\\/babaria-aloe-vera-crema-bb-cu-aloe-vera-spf-15-50-ml\\\/\"]}]},{\"@type\":\"ImageObject\",\"inLanguage\":\"ro-RO\",\"@id\":\"https:\\\/\\\/shopatoa.com\\\/ro\\\/babaria-aloe-vera-crema-bb-cu-aloe-vera-spf-15-50-ml\\\/#primaryimage\",\"url\":\"https:\\\/\\\/storage.googleapis.com\\\/cz-shopatoa-img\\\/ro\\\/82f2f350-unnamed-file.webp\",\"contentUrl\":\"https:\\\/\\\/storage.googleapis.com\\\/cz-shopatoa-img\\\/ro\\\/82f2f350-unnamed-file.webp\",\"width\":800,\"height\":800},{\"@type\":\"BreadcrumbList\",\"@id\":\"https:\\\/\\\/shopatoa.com\\\/ro\\\/babaria-aloe-vera-crema-bb-cu-aloe-vera-spf-15-50-ml\\\/#breadcrumb\",\"itemListElement\":[{\"@type\":\"ListItem\",\"position\":1,\"name\":\"Dom\u016f\",\"item\":\"https:\\\/\\\/shopatoa.com\\\/ro\\\/\"},{\"@type\":\"ListItem\",\"position\":2,\"name\":\"Shop\",\"item\":\"https:\\\/\\\/shopatoa.com\\\/ro\\\/shop\\\/\"},{\"@type\":\"ListItem\",\"position\":3,\"name\":\"Babaria Aloe Vera crema BB cu aloe vera SPF 15 50 ml\"}]},{\"@type\":\"WebSite\",\"@id\":\"https:\\\/\\\/shopatoa.com\\\/ro\\\/#website\",\"url\":\"https:\\\/\\\/shopatoa.com\\\/ro\\\/\",\"name\":\"SHOPATOA\",\"description\":\"\",\"publisher\":{\"@id\":\"https:\\\/\\\/shopatoa.com\\\/ro\\\/#organization\"},\"potentialAction\":[{\"@type\":\"SearchAction\",\"target\":{\"@type\":\"EntryPoint\",\"urlTemplate\":\"https:\\\/\\\/shopatoa.com\\\/ro\\\/?s={search_term_string}\"},\"query-input\":{\"@type\":\"PropertyValueSpecification\",\"valueRequired\":true,\"valueName\":\"search_term_string\"}}],\"inLanguage\":\"ro-RO\"},{\"@type\":\"Organization\",\"@id\":\"https:\\\/\\\/shopatoa.com\\\/ro\\\/#organization\",\"name\":\"SHOPATOA\",\"url\":\"https:\\\/\\\/shopatoa.com\\\/ro\\\/\",\"logo\":{\"@type\":\"ImageObject\",\"inLanguage\":\"ro-RO\",\"@id\":\"https:\\\/\\\/shopatoa.com\\\/ro\\\/#\\\/schema\\\/logo\\\/image\\\/\",\"url\":\"https:\\\/\\\/storage.googleapis.com\\\/cz-shopatoa-img\\\/ro\\\/b4dac915-shopatoa_logo.png\",\"contentUrl\":\"https:\\\/\\\/storage.googleapis.com\\\/cz-shopatoa-img\\\/ro\\\/b4dac915-shopatoa_logo.png\",\"width\":416,\"height\":63,\"caption\":\"SHOPATOA\"},\"image\":{\"@id\":\"https:\\\/\\\/shopatoa.com\\\/ro\\\/#\\\/schema\\\/logo\\\/image\\\/\"}}]}<\/script>\n<!-- \/ Yoast SEO plugin. -->","yoast_head_json":{"title":"Babaria Aloe Vera crema BB cu aloe vera SPF 15 50 ml - SHOPATOA.COM","robots":{"index":"index","follow":"follow","max-snippet":"max-snippet:-1","max-image-preview":"max-image-preview:large","max-video-preview":"max-video-preview:-1"},"canonical":"https:\/\/shopatoa.com\/ro\/babaria-aloe-vera-crema-bb-cu-aloe-vera-spf-15-50-ml\/","og_locale":"ro_RO","og_type":"article","og_title":"Babaria Aloe Vera crema BB cu aloe vera SPF 15 50 ml - SHOPATOA.COM","og_description":"Babaria Aloe Vera, 50 ml, crema tonifianta pentru femei, C\u0103uta\u021bi un produs care s\u0103 ofere tenului dvs. at\u00e2t un aspect instantaneu mai frumos, c\u00e2t \u0219i \u00eengrijire suficient\u0103 \u00eentr-un singur pas? Produsul nuan\u021bator Babaria Aloe Vera va fi perfect pentru dvs., \u00eentruc\u00e2t combin\u0103 beneficiile produselor cosmetice decorative \u0219i ale celor de \u00eengrijire. Ofer\u0103 tenului dvs. doza...","og_url":"https:\/\/shopatoa.com\/ro\/babaria-aloe-vera-crema-bb-cu-aloe-vera-spf-15-50-ml\/","og_site_name":"SHOPATOA","article_modified_time":"2025-06-21T02:40:18+00:00","og_image":[{"width":800,"height":800,"url":"https:\/\/storage.googleapis.com\/cz-shopatoa-img\/ro\/82f2f350-unnamed-file.webp","type":"image\/webp"}],"twitter_card":"summary_large_image","twitter_misc":{"Timp estimat pentru citire":"1 minut"},"schema":{"@context":"https:\/\/schema.org","@graph":[{"@type":"WebPage","@id":"https:\/\/shopatoa.com\/ro\/babaria-aloe-vera-crema-bb-cu-aloe-vera-spf-15-50-ml\/","url":"https:\/\/shopatoa.com\/ro\/babaria-aloe-vera-crema-bb-cu-aloe-vera-spf-15-50-ml\/","name":"Babaria Aloe Vera crema BB cu aloe vera SPF 15 50 ml - SHOPATOA.COM","isPartOf":{"@id":"https:\/\/shopatoa.com\/ro\/#website"},"primaryImageOfPage":{"@id":"https:\/\/shopatoa.com\/ro\/babaria-aloe-vera-crema-bb-cu-aloe-vera-spf-15-50-ml\/#primaryimage"},"image":{"@id":"https:\/\/shopatoa.com\/ro\/babaria-aloe-vera-crema-bb-cu-aloe-vera-spf-15-50-ml\/#primaryimage"},"thumbnailUrl":"https:\/\/storage.googleapis.com\/cz-shopatoa-img\/ro\/82f2f350-unnamed-file.webp","datePublished":"2025-06-21T02:40:10+00:00","dateModified":"2025-06-21T02:40:18+00:00","breadcrumb":{"@id":"https:\/\/shopatoa.com\/ro\/babaria-aloe-vera-crema-bb-cu-aloe-vera-spf-15-50-ml\/#breadcrumb"},"inLanguage":"ro-RO","potentialAction":[{"@type":"ReadAction","target":["https:\/\/shopatoa.com\/ro\/babaria-aloe-vera-crema-bb-cu-aloe-vera-spf-15-50-ml\/"]}]},{"@type":"ImageObject","inLanguage":"ro-RO","@id":"https:\/\/shopatoa.com\/ro\/babaria-aloe-vera-crema-bb-cu-aloe-vera-spf-15-50-ml\/#primaryimage","url":"https:\/\/storage.googleapis.com\/cz-shopatoa-img\/ro\/82f2f350-unnamed-file.webp","contentUrl":"https:\/\/storage.googleapis.com\/cz-shopatoa-img\/ro\/82f2f350-unnamed-file.webp","width":800,"height":800},{"@type":"BreadcrumbList","@id":"https:\/\/shopatoa.com\/ro\/babaria-aloe-vera-crema-bb-cu-aloe-vera-spf-15-50-ml\/#breadcrumb","itemListElement":[{"@type":"ListItem","position":1,"name":"Dom\u016f","item":"https:\/\/shopatoa.com\/ro\/"},{"@type":"ListItem","position":2,"name":"Shop","item":"https:\/\/shopatoa.com\/ro\/shop\/"},{"@type":"ListItem","position":3,"name":"Babaria Aloe Vera crema BB cu aloe vera SPF 15 50 ml"}]},{"@type":"WebSite","@id":"https:\/\/shopatoa.com\/ro\/#website","url":"https:\/\/shopatoa.com\/ro\/","name":"SHOPATOA","description":"","publisher":{"@id":"https:\/\/shopatoa.com\/ro\/#organization"},"potentialAction":[{"@type":"SearchAction","target":{"@type":"EntryPoint","urlTemplate":"https:\/\/shopatoa.com\/ro\/?s={search_term_string}"},"query-input":{"@type":"PropertyValueSpecification","valueRequired":true,"valueName":"search_term_string"}}],"inLanguage":"ro-RO"},{"@type":"Organization","@id":"https:\/\/shopatoa.com\/ro\/#organization","name":"SHOPATOA","url":"https:\/\/shopatoa.com\/ro\/","logo":{"@type":"ImageObject","inLanguage":"ro-RO","@id":"https:\/\/shopatoa.com\/ro\/#\/schema\/logo\/image\/","url":"https:\/\/storage.googleapis.com\/cz-shopatoa-img\/ro\/b4dac915-shopatoa_logo.png","contentUrl":"https:\/\/storage.googleapis.com\/cz-shopatoa-img\/ro\/b4dac915-shopatoa_logo.png","width":416,"height":63,"caption":"SHOPATOA"},"image":{"@id":"https:\/\/shopatoa.com\/ro\/#\/schema\/logo\/image\/"}}]}},"_links":{"self":[{"href":"https:\/\/shopatoa.com\/ro\/wp-json\/wp\/v2\/product\/417501","targetHints":{"allow":["GET"]}}],"collection":[{"href":"https:\/\/shopatoa.com\/ro\/wp-json\/wp\/v2\/product"}],"about":[{"href":"https:\/\/shopatoa.com\/ro\/wp-json\/wp\/v2\/types\/product"}],"replies":[{"embeddable":true,"href":"https:\/\/shopatoa.com\/ro\/wp-json\/wp\/v2\/comments?post=417501"}],"wp:featuredmedia":[{"embeddable":true,"href":"https:\/\/shopatoa.com\/ro\/wp-json\/wp\/v2\/media\/417502"}],"wp:attachment":[{"href":"https:\/\/shopatoa.com\/ro\/wp-json\/wp\/v2\/media?parent=417501"}],"wp:term":[{"taxonomy":"product_brand","embeddable":true,"href":"https:\/\/shopatoa.com\/ro\/wp-json\/wp\/v2\/product_brand?post=417501"},{"taxonomy":"product_cat","embeddable":true,"href":"https:\/\/shopatoa.com\/ro\/wp-json\/wp\/v2\/product_cat?post=417501"},{"taxonomy":"product_tag","embeddable":true,"href":"https:\/\/shopatoa.com\/ro\/wp-json\/wp\/v2\/product_tag?post=417501"}],"curies":[{"name":"wp","href":"https:\/\/api.w.org\/{rel}","templated":true}]}}