{"id":417541,"date":"2025-06-21T04:43:51","date_gmt":"2025-06-21T02:43:51","guid":{"rendered":"https:\/\/shopatoa.com\/ro\/olivia-garden-royalty-set-cadou-pentru-par-usor-de-pieptanat\/"},"modified":"2025-06-21T04:43:59","modified_gmt":"2025-06-21T02:43:59","slug":"olivia-garden-royalty-set-cadou-pentru-par-usor-de-pieptanat","status":"publish","type":"product","link":"https:\/\/shopatoa.com\/ro\/olivia-garden-royalty-set-cadou-pentru-par-usor-de-pieptanat\/","title":{"rendered":"Olivia Garden Royalty set cadou pentru par usor de pieptanat"},"content":{"rendered":"<p>Olivia Garden Royalty, Perii cilindrice pentru femei, Totul pentru un p\u0103r frumos \u00eentr-un singur pachet. Setul de cosmetice Olivia Garden Royalty con\u021bine nu unul, ci mai multe produse pentru a v\u0103 ajuta s\u0103 crea\u021bi sau s\u0103 \u00eembog\u0103\u021bi\u021bi rutina obi\u0219nuit\u0103 de \u00eengrijire a p\u0103rului. Pachetul plin de produse de \u00eengrijire a p\u0103rului v\u0103 va \u00eenc\u00e2nta cu siguran\u021b\u0103 sau, drept cadou, \u00eei va \u00eenc\u00e2nta pe cei dragi.  Setul con\u021bine:  Royalty Nano Thermic Speed XL perie rotunda mare pentru o uscare rapida Royalty Paddle perie de par pentru par usor de pieptanat  Caracteristici:  bucur\u0103 orice femeie foarte potrivit ca un cadou pentru orice tip de p\u0103r frumos ambalat<\/p>\n","protected":false},"excerpt":{"rendered":"<p>Olivia Garden Royalty, Perii cilindrice pentru femei, Totul pentru un p\u0103r frumos \u00eentr-un singur pachet. Setul de cosmetice Olivia Garden Royalty con\u021bine nu unul, ci mai multe produse pentru a v\u0103 ajuta s\u0103 crea\u021bi sau s\u0103 \u00eembog\u0103\u021bi\u021bi rutina obi\u0219nuit\u0103 de \u00eengrijire a p\u0103rului. Pachetul plin de produse de \u00eengrijire a p\u0103rului v\u0103 va \u00eenc\u00e2nta cu&#8230;<\/p>\n","protected":false},"featured_media":417542,"comment_status":"closed","ping_status":"open","template":"","meta":{"_acf_changed":false,"_kadence_starter_templates_imported_post":false,"_kad_post_transparent":"","_kad_post_title":"","_kad_post_layout":"","_kad_post_sidebar_id":"","_kad_post_content_style":"","_kad_post_vertical_padding":"","_kad_post_feature":"","_kad_post_feature_position":"","_kad_post_header":false,"_kad_post_footer":false,"_kad_post_classname":""},"product_brand":[1727],"product_cat":[1563,1590,1652,1653,1562],"product_tag":[],"class_list":{"0":"post-417541","1":"product","2":"type-product","3":"status-publish","4":"has-post-thumbnail","6":"product_brand-olivia-garden","7":"product_cat-ingrijire-personala","8":"product_cat-ingrijirea-parului","9":"product_cat-instrumente-de-coafat","10":"product_cat-piepteni-si-perii","11":"product_cat-sanatate-si-frumusete","12":"pa_gen-female","14":"first","15":"instock","16":"product-type-external","17":"entry","18":"content-bg","19":"loop-entry"},"acf":[],"yoast_head":"<!-- This site is optimized with the Yoast SEO plugin v27.4 - https:\/\/yoast.com\/product\/yoast-seo-wordpress\/ -->\n<title>Olivia Garden Royalty set cadou pentru par usor de pieptanat - SHOPATOA.COM<\/title>\n<meta name=\"robots\" content=\"index, follow, max-snippet:-1, max-image-preview:large, max-video-preview:-1\" \/>\n<link rel=\"canonical\" href=\"https:\/\/shopatoa.com\/ro\/olivia-garden-royalty-set-cadou-pentru-par-usor-de-pieptanat\/\" \/>\n<meta property=\"og:locale\" content=\"ro_RO\" \/>\n<meta property=\"og:type\" content=\"article\" \/>\n<meta property=\"og:title\" content=\"Olivia Garden Royalty set cadou pentru par usor de pieptanat - SHOPATOA.COM\" \/>\n<meta property=\"og:description\" content=\"Olivia Garden Royalty, Perii cilindrice pentru femei, Totul pentru un p\u0103r frumos \u00eentr-un singur pachet. Setul de cosmetice Olivia Garden Royalty con\u021bine nu unul, ci mai multe produse pentru a v\u0103 ajuta s\u0103 crea\u021bi sau s\u0103 \u00eembog\u0103\u021bi\u021bi rutina obi\u0219nuit\u0103 de \u00eengrijire a p\u0103rului. Pachetul plin de produse de \u00eengrijire a p\u0103rului v\u0103 va \u00eenc\u00e2nta cu...\" \/>\n<meta property=\"og:url\" content=\"https:\/\/shopatoa.com\/ro\/olivia-garden-royalty-set-cadou-pentru-par-usor-de-pieptanat\/\" \/>\n<meta property=\"og:site_name\" content=\"SHOPATOA\" \/>\n<meta property=\"article:modified_time\" content=\"2025-06-21T02:43:59+00:00\" \/>\n<meta property=\"og:image\" content=\"https:\/\/storage.googleapis.com\/cz-shopatoa-img\/ro\/79b0c6eb-unnamed-file.webp\" \/>\n\t<meta property=\"og:image:width\" content=\"800\" \/>\n\t<meta property=\"og:image:height\" content=\"800\" \/>\n\t<meta property=\"og:image:type\" content=\"image\/webp\" \/>\n<meta name=\"twitter:card\" content=\"summary_large_image\" \/>\n<meta name=\"twitter:label1\" content=\"Timp estimat pentru citire\" \/>\n\t<meta name=\"twitter:data1\" content=\"1 minut\" \/>\n<script type=\"application\/ld+json\" class=\"yoast-schema-graph\">{\"@context\":\"https:\\\/\\\/schema.org\",\"@graph\":[{\"@type\":\"WebPage\",\"@id\":\"https:\\\/\\\/shopatoa.com\\\/ro\\\/olivia-garden-royalty-set-cadou-pentru-par-usor-de-pieptanat\\\/\",\"url\":\"https:\\\/\\\/shopatoa.com\\\/ro\\\/olivia-garden-royalty-set-cadou-pentru-par-usor-de-pieptanat\\\/\",\"name\":\"Olivia Garden Royalty set cadou pentru par usor de pieptanat - SHOPATOA.COM\",\"isPartOf\":{\"@id\":\"https:\\\/\\\/shopatoa.com\\\/ro\\\/#website\"},\"primaryImageOfPage\":{\"@id\":\"https:\\\/\\\/shopatoa.com\\\/ro\\\/olivia-garden-royalty-set-cadou-pentru-par-usor-de-pieptanat\\\/#primaryimage\"},\"image\":{\"@id\":\"https:\\\/\\\/shopatoa.com\\\/ro\\\/olivia-garden-royalty-set-cadou-pentru-par-usor-de-pieptanat\\\/#primaryimage\"},\"thumbnailUrl\":\"https:\\\/\\\/storage.googleapis.com\\\/cz-shopatoa-img\\\/ro\\\/79b0c6eb-unnamed-file.webp\",\"datePublished\":\"2025-06-21T02:43:51+00:00\",\"dateModified\":\"2025-06-21T02:43:59+00:00\",\"breadcrumb\":{\"@id\":\"https:\\\/\\\/shopatoa.com\\\/ro\\\/olivia-garden-royalty-set-cadou-pentru-par-usor-de-pieptanat\\\/#breadcrumb\"},\"inLanguage\":\"ro-RO\",\"potentialAction\":[{\"@type\":\"ReadAction\",\"target\":[\"https:\\\/\\\/shopatoa.com\\\/ro\\\/olivia-garden-royalty-set-cadou-pentru-par-usor-de-pieptanat\\\/\"]}]},{\"@type\":\"ImageObject\",\"inLanguage\":\"ro-RO\",\"@id\":\"https:\\\/\\\/shopatoa.com\\\/ro\\\/olivia-garden-royalty-set-cadou-pentru-par-usor-de-pieptanat\\\/#primaryimage\",\"url\":\"https:\\\/\\\/storage.googleapis.com\\\/cz-shopatoa-img\\\/ro\\\/79b0c6eb-unnamed-file.webp\",\"contentUrl\":\"https:\\\/\\\/storage.googleapis.com\\\/cz-shopatoa-img\\\/ro\\\/79b0c6eb-unnamed-file.webp\",\"width\":800,\"height\":800},{\"@type\":\"BreadcrumbList\",\"@id\":\"https:\\\/\\\/shopatoa.com\\\/ro\\\/olivia-garden-royalty-set-cadou-pentru-par-usor-de-pieptanat\\\/#breadcrumb\",\"itemListElement\":[{\"@type\":\"ListItem\",\"position\":1,\"name\":\"Dom\u016f\",\"item\":\"https:\\\/\\\/shopatoa.com\\\/ro\\\/\"},{\"@type\":\"ListItem\",\"position\":2,\"name\":\"Shop\",\"item\":\"https:\\\/\\\/shopatoa.com\\\/ro\\\/shop\\\/\"},{\"@type\":\"ListItem\",\"position\":3,\"name\":\"Olivia Garden Royalty set cadou pentru par usor de pieptanat\"}]},{\"@type\":\"WebSite\",\"@id\":\"https:\\\/\\\/shopatoa.com\\\/ro\\\/#website\",\"url\":\"https:\\\/\\\/shopatoa.com\\\/ro\\\/\",\"name\":\"SHOPATOA\",\"description\":\"\",\"publisher\":{\"@id\":\"https:\\\/\\\/shopatoa.com\\\/ro\\\/#organization\"},\"potentialAction\":[{\"@type\":\"SearchAction\",\"target\":{\"@type\":\"EntryPoint\",\"urlTemplate\":\"https:\\\/\\\/shopatoa.com\\\/ro\\\/?s={search_term_string}\"},\"query-input\":{\"@type\":\"PropertyValueSpecification\",\"valueRequired\":true,\"valueName\":\"search_term_string\"}}],\"inLanguage\":\"ro-RO\"},{\"@type\":\"Organization\",\"@id\":\"https:\\\/\\\/shopatoa.com\\\/ro\\\/#organization\",\"name\":\"SHOPATOA\",\"url\":\"https:\\\/\\\/shopatoa.com\\\/ro\\\/\",\"logo\":{\"@type\":\"ImageObject\",\"inLanguage\":\"ro-RO\",\"@id\":\"https:\\\/\\\/shopatoa.com\\\/ro\\\/#\\\/schema\\\/logo\\\/image\\\/\",\"url\":\"https:\\\/\\\/storage.googleapis.com\\\/cz-shopatoa-img\\\/ro\\\/b4dac915-shopatoa_logo.png\",\"contentUrl\":\"https:\\\/\\\/storage.googleapis.com\\\/cz-shopatoa-img\\\/ro\\\/b4dac915-shopatoa_logo.png\",\"width\":416,\"height\":63,\"caption\":\"SHOPATOA\"},\"image\":{\"@id\":\"https:\\\/\\\/shopatoa.com\\\/ro\\\/#\\\/schema\\\/logo\\\/image\\\/\"}}]}<\/script>\n<!-- \/ Yoast SEO plugin. -->","yoast_head_json":{"title":"Olivia Garden Royalty set cadou pentru par usor de pieptanat - SHOPATOA.COM","robots":{"index":"index","follow":"follow","max-snippet":"max-snippet:-1","max-image-preview":"max-image-preview:large","max-video-preview":"max-video-preview:-1"},"canonical":"https:\/\/shopatoa.com\/ro\/olivia-garden-royalty-set-cadou-pentru-par-usor-de-pieptanat\/","og_locale":"ro_RO","og_type":"article","og_title":"Olivia Garden Royalty set cadou pentru par usor de pieptanat - SHOPATOA.COM","og_description":"Olivia Garden Royalty, Perii cilindrice pentru femei, Totul pentru un p\u0103r frumos \u00eentr-un singur pachet. Setul de cosmetice Olivia Garden Royalty con\u021bine nu unul, ci mai multe produse pentru a v\u0103 ajuta s\u0103 crea\u021bi sau s\u0103 \u00eembog\u0103\u021bi\u021bi rutina obi\u0219nuit\u0103 de \u00eengrijire a p\u0103rului. Pachetul plin de produse de \u00eengrijire a p\u0103rului v\u0103 va \u00eenc\u00e2nta cu...","og_url":"https:\/\/shopatoa.com\/ro\/olivia-garden-royalty-set-cadou-pentru-par-usor-de-pieptanat\/","og_site_name":"SHOPATOA","article_modified_time":"2025-06-21T02:43:59+00:00","og_image":[{"width":800,"height":800,"url":"https:\/\/storage.googleapis.com\/cz-shopatoa-img\/ro\/79b0c6eb-unnamed-file.webp","type":"image\/webp"}],"twitter_card":"summary_large_image","twitter_misc":{"Timp estimat pentru citire":"1 minut"},"schema":{"@context":"https:\/\/schema.org","@graph":[{"@type":"WebPage","@id":"https:\/\/shopatoa.com\/ro\/olivia-garden-royalty-set-cadou-pentru-par-usor-de-pieptanat\/","url":"https:\/\/shopatoa.com\/ro\/olivia-garden-royalty-set-cadou-pentru-par-usor-de-pieptanat\/","name":"Olivia Garden Royalty set cadou pentru par usor de pieptanat - SHOPATOA.COM","isPartOf":{"@id":"https:\/\/shopatoa.com\/ro\/#website"},"primaryImageOfPage":{"@id":"https:\/\/shopatoa.com\/ro\/olivia-garden-royalty-set-cadou-pentru-par-usor-de-pieptanat\/#primaryimage"},"image":{"@id":"https:\/\/shopatoa.com\/ro\/olivia-garden-royalty-set-cadou-pentru-par-usor-de-pieptanat\/#primaryimage"},"thumbnailUrl":"https:\/\/storage.googleapis.com\/cz-shopatoa-img\/ro\/79b0c6eb-unnamed-file.webp","datePublished":"2025-06-21T02:43:51+00:00","dateModified":"2025-06-21T02:43:59+00:00","breadcrumb":{"@id":"https:\/\/shopatoa.com\/ro\/olivia-garden-royalty-set-cadou-pentru-par-usor-de-pieptanat\/#breadcrumb"},"inLanguage":"ro-RO","potentialAction":[{"@type":"ReadAction","target":["https:\/\/shopatoa.com\/ro\/olivia-garden-royalty-set-cadou-pentru-par-usor-de-pieptanat\/"]}]},{"@type":"ImageObject","inLanguage":"ro-RO","@id":"https:\/\/shopatoa.com\/ro\/olivia-garden-royalty-set-cadou-pentru-par-usor-de-pieptanat\/#primaryimage","url":"https:\/\/storage.googleapis.com\/cz-shopatoa-img\/ro\/79b0c6eb-unnamed-file.webp","contentUrl":"https:\/\/storage.googleapis.com\/cz-shopatoa-img\/ro\/79b0c6eb-unnamed-file.webp","width":800,"height":800},{"@type":"BreadcrumbList","@id":"https:\/\/shopatoa.com\/ro\/olivia-garden-royalty-set-cadou-pentru-par-usor-de-pieptanat\/#breadcrumb","itemListElement":[{"@type":"ListItem","position":1,"name":"Dom\u016f","item":"https:\/\/shopatoa.com\/ro\/"},{"@type":"ListItem","position":2,"name":"Shop","item":"https:\/\/shopatoa.com\/ro\/shop\/"},{"@type":"ListItem","position":3,"name":"Olivia Garden Royalty set cadou pentru par usor de pieptanat"}]},{"@type":"WebSite","@id":"https:\/\/shopatoa.com\/ro\/#website","url":"https:\/\/shopatoa.com\/ro\/","name":"SHOPATOA","description":"","publisher":{"@id":"https:\/\/shopatoa.com\/ro\/#organization"},"potentialAction":[{"@type":"SearchAction","target":{"@type":"EntryPoint","urlTemplate":"https:\/\/shopatoa.com\/ro\/?s={search_term_string}"},"query-input":{"@type":"PropertyValueSpecification","valueRequired":true,"valueName":"search_term_string"}}],"inLanguage":"ro-RO"},{"@type":"Organization","@id":"https:\/\/shopatoa.com\/ro\/#organization","name":"SHOPATOA","url":"https:\/\/shopatoa.com\/ro\/","logo":{"@type":"ImageObject","inLanguage":"ro-RO","@id":"https:\/\/shopatoa.com\/ro\/#\/schema\/logo\/image\/","url":"https:\/\/storage.googleapis.com\/cz-shopatoa-img\/ro\/b4dac915-shopatoa_logo.png","contentUrl":"https:\/\/storage.googleapis.com\/cz-shopatoa-img\/ro\/b4dac915-shopatoa_logo.png","width":416,"height":63,"caption":"SHOPATOA"},"image":{"@id":"https:\/\/shopatoa.com\/ro\/#\/schema\/logo\/image\/"}}]}},"_links":{"self":[{"href":"https:\/\/shopatoa.com\/ro\/wp-json\/wp\/v2\/product\/417541","targetHints":{"allow":["GET"]}}],"collection":[{"href":"https:\/\/shopatoa.com\/ro\/wp-json\/wp\/v2\/product"}],"about":[{"href":"https:\/\/shopatoa.com\/ro\/wp-json\/wp\/v2\/types\/product"}],"replies":[{"embeddable":true,"href":"https:\/\/shopatoa.com\/ro\/wp-json\/wp\/v2\/comments?post=417541"}],"wp:featuredmedia":[{"embeddable":true,"href":"https:\/\/shopatoa.com\/ro\/wp-json\/wp\/v2\/media\/417542"}],"wp:attachment":[{"href":"https:\/\/shopatoa.com\/ro\/wp-json\/wp\/v2\/media?parent=417541"}],"wp:term":[{"taxonomy":"product_brand","embeddable":true,"href":"https:\/\/shopatoa.com\/ro\/wp-json\/wp\/v2\/product_brand?post=417541"},{"taxonomy":"product_cat","embeddable":true,"href":"https:\/\/shopatoa.com\/ro\/wp-json\/wp\/v2\/product_cat?post=417541"},{"taxonomy":"product_tag","embeddable":true,"href":"https:\/\/shopatoa.com\/ro\/wp-json\/wp\/v2\/product_tag?post=417541"}],"curies":[{"name":"wp","href":"https:\/\/api.w.org\/{rel}","templated":true}]}}