{"id":417719,"date":"2025-06-21T04:57:58","date_gmt":"2025-06-21T02:57:58","guid":{"rendered":"https:\/\/shopatoa.com\/ro\/inglot-holdon-baza-hidratanta-de-buze-1-4-g\/"},"modified":"2025-06-21T04:59:46","modified_gmt":"2025-06-21T02:59:46","slug":"inglot-holdon-baza-hidratanta-de-buze-1-4-g","status":"publish","type":"product","link":"https:\/\/shopatoa.com\/ro\/inglot-holdon-baza-hidratanta-de-buze-1-4-g\/","title":{"rendered":"Inglot HoldOn baza hidratanta de buze 1.4 g"},"content":{"rendered":"<p>Inglot HoldOn, 1.4 g, Baze \u0219i fixatori pentru femei, Pentru un z\u00e2mbet \u0219i mai frumos cu buzele machiate. Baza perfect\u0103 pentru aplicarea rujului sau a gloss-ului este asigurat\u0103 de baza pentru buze Inglot HoldOn . Aceasta acoper\u0103 vizual micile denivel\u0103ri, umple liniile, unific\u0103 \u0219i neteze\u0219te suprafa\u021ba buzelor \u0219i faciliteaz\u0103 aplicarea stratului de culoare. Orice ruj sau gloss va rezista mai mult, va ob\u021bine o nuan\u021b\u0103 mai intens\u0103 \u0219i nu se va scurge \u00een afara conturului buzelor sau nu se va acumula \u00een pliuri. \u00cen plus, baza va oferi un efect pl\u0103cut de emoliere, astfel \u00eenc\u00e2t frumuse\u021bea machiajului s\u0103 nu poat\u0103 fi afectat\u0103 de buzele uscate.  Caracteristici:  neteze\u0219te buzele \u0219i le preg\u0103te\u0219te pentru aplicarea rujului fixeaz\u0103 \u0219i prelunge\u0219te persisten\u021ba rujului hidrateaz\u0103 buzele \u0219i previne uscarea acestora  Cum se utilizeaz\u0103: Se \u00eentinde pe buze, \u00eenainte de aplicarea rujului preferat.<\/p>\n","protected":false},"excerpt":{"rendered":"<p>Inglot HoldOn, 1.4 g, Baze \u0219i fixatori pentru femei, Pentru un z\u00e2mbet \u0219i mai frumos cu buzele machiate. Baza perfect\u0103 pentru aplicarea rujului sau a gloss-ului este asigurat\u0103 de baza pentru buze Inglot HoldOn . Aceasta acoper\u0103 vizual micile denivel\u0103ri, umple liniile, unific\u0103 \u0219i neteze\u0219te suprafa\u021ba buzelor \u0219i faciliteaz\u0103 aplicarea stratului de culoare. Orice ruj&#8230;<\/p>\n","protected":false},"featured_media":417720,"comment_status":"closed","ping_status":"open","template":"","meta":{"_acf_changed":false,"_kadence_starter_templates_imported_post":false,"_kad_post_transparent":"","_kad_post_title":"","_kad_post_layout":"","_kad_post_sidebar_id":"","_kad_post_content_style":"","_kad_post_vertical_padding":"","_kad_post_feature":"","_kad_post_feature_position":"","_kad_post_header":false,"_kad_post_footer":false,"_kad_post_classname":""},"product_brand":[2328],"product_cat":[1564,1563,1576,1610,1851,1562],"product_tag":[],"class_list":{"0":"post-417719","1":"product","2":"type-product","3":"status-publish","4":"has-post-thumbnail","6":"product_brand-inglot","7":"product_cat-cosmetice-ingrijire-personala","8":"product_cat-ingrijire-personala","9":"product_cat-machiaj","10":"product_cat-machiaj-buze","11":"product_cat-primer-buze","12":"product_cat-sanatate-si-frumusete","13":"pa_gen-female","14":"pa_marime-1-4-g","16":"first","17":"instock","18":"sale","19":"product-type-external","20":"entry","21":"content-bg","22":"loop-entry"},"acf":[],"yoast_head":"<!-- This site is optimized with the Yoast SEO plugin v27.3 - https:\/\/yoast.com\/product\/yoast-seo-wordpress\/ -->\n<title>Inglot HoldOn baza hidratanta de buze 1.4 g - SHOPATOA.COM<\/title>\n<meta name=\"robots\" content=\"index, follow, max-snippet:-1, max-image-preview:large, max-video-preview:-1\" \/>\n<link rel=\"canonical\" href=\"https:\/\/shopatoa.com\/ro\/inglot-holdon-baza-hidratanta-de-buze-1-4-g\/\" \/>\n<meta property=\"og:locale\" content=\"ro_RO\" \/>\n<meta property=\"og:type\" content=\"article\" \/>\n<meta property=\"og:title\" content=\"Inglot HoldOn baza hidratanta de buze 1.4 g - SHOPATOA.COM\" \/>\n<meta property=\"og:description\" content=\"Inglot HoldOn, 1.4 g, Baze \u0219i fixatori pentru femei, Pentru un z\u00e2mbet \u0219i mai frumos cu buzele machiate. Baza perfect\u0103 pentru aplicarea rujului sau a gloss-ului este asigurat\u0103 de baza pentru buze Inglot HoldOn . Aceasta acoper\u0103 vizual micile denivel\u0103ri, umple liniile, unific\u0103 \u0219i neteze\u0219te suprafa\u021ba buzelor \u0219i faciliteaz\u0103 aplicarea stratului de culoare. Orice ruj...\" \/>\n<meta property=\"og:url\" content=\"https:\/\/shopatoa.com\/ro\/inglot-holdon-baza-hidratanta-de-buze-1-4-g\/\" \/>\n<meta property=\"og:site_name\" content=\"SHOPATOA\" \/>\n<meta property=\"article:modified_time\" content=\"2025-06-21T02:59:46+00:00\" \/>\n<meta property=\"og:image\" content=\"https:\/\/storage.googleapis.com\/cz-shopatoa-img\/ro\/6f889672-unnamed-file.webp\" \/>\n\t<meta property=\"og:image:width\" content=\"800\" \/>\n\t<meta property=\"og:image:height\" content=\"800\" \/>\n\t<meta property=\"og:image:type\" content=\"image\/webp\" \/>\n<meta name=\"twitter:card\" content=\"summary_large_image\" \/>\n<meta name=\"twitter:label1\" content=\"Timp estimat pentru citire\" \/>\n\t<meta name=\"twitter:data1\" content=\"1 minut\" \/>\n<script type=\"application\/ld+json\" class=\"yoast-schema-graph\">{\"@context\":\"https:\\\/\\\/schema.org\",\"@graph\":[{\"@type\":\"WebPage\",\"@id\":\"https:\\\/\\\/shopatoa.com\\\/ro\\\/inglot-holdon-baza-hidratanta-de-buze-1-4-g\\\/\",\"url\":\"https:\\\/\\\/shopatoa.com\\\/ro\\\/inglot-holdon-baza-hidratanta-de-buze-1-4-g\\\/\",\"name\":\"Inglot HoldOn baza hidratanta de buze 1.4 g - SHOPATOA.COM\",\"isPartOf\":{\"@id\":\"https:\\\/\\\/shopatoa.com\\\/ro\\\/#website\"},\"primaryImageOfPage\":{\"@id\":\"https:\\\/\\\/shopatoa.com\\\/ro\\\/inglot-holdon-baza-hidratanta-de-buze-1-4-g\\\/#primaryimage\"},\"image\":{\"@id\":\"https:\\\/\\\/shopatoa.com\\\/ro\\\/inglot-holdon-baza-hidratanta-de-buze-1-4-g\\\/#primaryimage\"},\"thumbnailUrl\":\"https:\\\/\\\/storage.googleapis.com\\\/cz-shopatoa-img\\\/ro\\\/6f889672-unnamed-file.webp\",\"datePublished\":\"2025-06-21T02:57:58+00:00\",\"dateModified\":\"2025-06-21T02:59:46+00:00\",\"breadcrumb\":{\"@id\":\"https:\\\/\\\/shopatoa.com\\\/ro\\\/inglot-holdon-baza-hidratanta-de-buze-1-4-g\\\/#breadcrumb\"},\"inLanguage\":\"ro-RO\",\"potentialAction\":[{\"@type\":\"ReadAction\",\"target\":[\"https:\\\/\\\/shopatoa.com\\\/ro\\\/inglot-holdon-baza-hidratanta-de-buze-1-4-g\\\/\"]}]},{\"@type\":\"ImageObject\",\"inLanguage\":\"ro-RO\",\"@id\":\"https:\\\/\\\/shopatoa.com\\\/ro\\\/inglot-holdon-baza-hidratanta-de-buze-1-4-g\\\/#primaryimage\",\"url\":\"https:\\\/\\\/storage.googleapis.com\\\/cz-shopatoa-img\\\/ro\\\/6f889672-unnamed-file.webp\",\"contentUrl\":\"https:\\\/\\\/storage.googleapis.com\\\/cz-shopatoa-img\\\/ro\\\/6f889672-unnamed-file.webp\",\"width\":800,\"height\":800},{\"@type\":\"BreadcrumbList\",\"@id\":\"https:\\\/\\\/shopatoa.com\\\/ro\\\/inglot-holdon-baza-hidratanta-de-buze-1-4-g\\\/#breadcrumb\",\"itemListElement\":[{\"@type\":\"ListItem\",\"position\":1,\"name\":\"Dom\u016f\",\"item\":\"https:\\\/\\\/shopatoa.com\\\/ro\\\/\"},{\"@type\":\"ListItem\",\"position\":2,\"name\":\"Shop\",\"item\":\"https:\\\/\\\/shopatoa.com\\\/ro\\\/shop\\\/\"},{\"@type\":\"ListItem\",\"position\":3,\"name\":\"Inglot HoldOn baza hidratanta de buze 1.4 g\"}]},{\"@type\":\"WebSite\",\"@id\":\"https:\\\/\\\/shopatoa.com\\\/ro\\\/#website\",\"url\":\"https:\\\/\\\/shopatoa.com\\\/ro\\\/\",\"name\":\"SHOPATOA\",\"description\":\"\",\"publisher\":{\"@id\":\"https:\\\/\\\/shopatoa.com\\\/ro\\\/#organization\"},\"potentialAction\":[{\"@type\":\"SearchAction\",\"target\":{\"@type\":\"EntryPoint\",\"urlTemplate\":\"https:\\\/\\\/shopatoa.com\\\/ro\\\/?s={search_term_string}\"},\"query-input\":{\"@type\":\"PropertyValueSpecification\",\"valueRequired\":true,\"valueName\":\"search_term_string\"}}],\"inLanguage\":\"ro-RO\"},{\"@type\":\"Organization\",\"@id\":\"https:\\\/\\\/shopatoa.com\\\/ro\\\/#organization\",\"name\":\"SHOPATOA\",\"url\":\"https:\\\/\\\/shopatoa.com\\\/ro\\\/\",\"logo\":{\"@type\":\"ImageObject\",\"inLanguage\":\"ro-RO\",\"@id\":\"https:\\\/\\\/shopatoa.com\\\/ro\\\/#\\\/schema\\\/logo\\\/image\\\/\",\"url\":\"https:\\\/\\\/storage.googleapis.com\\\/cz-shopatoa-img\\\/ro\\\/b4dac915-shopatoa_logo.png\",\"contentUrl\":\"https:\\\/\\\/storage.googleapis.com\\\/cz-shopatoa-img\\\/ro\\\/b4dac915-shopatoa_logo.png\",\"width\":416,\"height\":63,\"caption\":\"SHOPATOA\"},\"image\":{\"@id\":\"https:\\\/\\\/shopatoa.com\\\/ro\\\/#\\\/schema\\\/logo\\\/image\\\/\"}}]}<\/script>\n<!-- \/ Yoast SEO plugin. -->","yoast_head_json":{"title":"Inglot HoldOn baza hidratanta de buze 1.4 g - SHOPATOA.COM","robots":{"index":"index","follow":"follow","max-snippet":"max-snippet:-1","max-image-preview":"max-image-preview:large","max-video-preview":"max-video-preview:-1"},"canonical":"https:\/\/shopatoa.com\/ro\/inglot-holdon-baza-hidratanta-de-buze-1-4-g\/","og_locale":"ro_RO","og_type":"article","og_title":"Inglot HoldOn baza hidratanta de buze 1.4 g - SHOPATOA.COM","og_description":"Inglot HoldOn, 1.4 g, Baze \u0219i fixatori pentru femei, Pentru un z\u00e2mbet \u0219i mai frumos cu buzele machiate. Baza perfect\u0103 pentru aplicarea rujului sau a gloss-ului este asigurat\u0103 de baza pentru buze Inglot HoldOn . Aceasta acoper\u0103 vizual micile denivel\u0103ri, umple liniile, unific\u0103 \u0219i neteze\u0219te suprafa\u021ba buzelor \u0219i faciliteaz\u0103 aplicarea stratului de culoare. Orice ruj...","og_url":"https:\/\/shopatoa.com\/ro\/inglot-holdon-baza-hidratanta-de-buze-1-4-g\/","og_site_name":"SHOPATOA","article_modified_time":"2025-06-21T02:59:46+00:00","og_image":[{"width":800,"height":800,"url":"https:\/\/storage.googleapis.com\/cz-shopatoa-img\/ro\/6f889672-unnamed-file.webp","type":"image\/webp"}],"twitter_card":"summary_large_image","twitter_misc":{"Timp estimat pentru citire":"1 minut"},"schema":{"@context":"https:\/\/schema.org","@graph":[{"@type":"WebPage","@id":"https:\/\/shopatoa.com\/ro\/inglot-holdon-baza-hidratanta-de-buze-1-4-g\/","url":"https:\/\/shopatoa.com\/ro\/inglot-holdon-baza-hidratanta-de-buze-1-4-g\/","name":"Inglot HoldOn baza hidratanta de buze 1.4 g - SHOPATOA.COM","isPartOf":{"@id":"https:\/\/shopatoa.com\/ro\/#website"},"primaryImageOfPage":{"@id":"https:\/\/shopatoa.com\/ro\/inglot-holdon-baza-hidratanta-de-buze-1-4-g\/#primaryimage"},"image":{"@id":"https:\/\/shopatoa.com\/ro\/inglot-holdon-baza-hidratanta-de-buze-1-4-g\/#primaryimage"},"thumbnailUrl":"https:\/\/storage.googleapis.com\/cz-shopatoa-img\/ro\/6f889672-unnamed-file.webp","datePublished":"2025-06-21T02:57:58+00:00","dateModified":"2025-06-21T02:59:46+00:00","breadcrumb":{"@id":"https:\/\/shopatoa.com\/ro\/inglot-holdon-baza-hidratanta-de-buze-1-4-g\/#breadcrumb"},"inLanguage":"ro-RO","potentialAction":[{"@type":"ReadAction","target":["https:\/\/shopatoa.com\/ro\/inglot-holdon-baza-hidratanta-de-buze-1-4-g\/"]}]},{"@type":"ImageObject","inLanguage":"ro-RO","@id":"https:\/\/shopatoa.com\/ro\/inglot-holdon-baza-hidratanta-de-buze-1-4-g\/#primaryimage","url":"https:\/\/storage.googleapis.com\/cz-shopatoa-img\/ro\/6f889672-unnamed-file.webp","contentUrl":"https:\/\/storage.googleapis.com\/cz-shopatoa-img\/ro\/6f889672-unnamed-file.webp","width":800,"height":800},{"@type":"BreadcrumbList","@id":"https:\/\/shopatoa.com\/ro\/inglot-holdon-baza-hidratanta-de-buze-1-4-g\/#breadcrumb","itemListElement":[{"@type":"ListItem","position":1,"name":"Dom\u016f","item":"https:\/\/shopatoa.com\/ro\/"},{"@type":"ListItem","position":2,"name":"Shop","item":"https:\/\/shopatoa.com\/ro\/shop\/"},{"@type":"ListItem","position":3,"name":"Inglot HoldOn baza hidratanta de buze 1.4 g"}]},{"@type":"WebSite","@id":"https:\/\/shopatoa.com\/ro\/#website","url":"https:\/\/shopatoa.com\/ro\/","name":"SHOPATOA","description":"","publisher":{"@id":"https:\/\/shopatoa.com\/ro\/#organization"},"potentialAction":[{"@type":"SearchAction","target":{"@type":"EntryPoint","urlTemplate":"https:\/\/shopatoa.com\/ro\/?s={search_term_string}"},"query-input":{"@type":"PropertyValueSpecification","valueRequired":true,"valueName":"search_term_string"}}],"inLanguage":"ro-RO"},{"@type":"Organization","@id":"https:\/\/shopatoa.com\/ro\/#organization","name":"SHOPATOA","url":"https:\/\/shopatoa.com\/ro\/","logo":{"@type":"ImageObject","inLanguage":"ro-RO","@id":"https:\/\/shopatoa.com\/ro\/#\/schema\/logo\/image\/","url":"https:\/\/storage.googleapis.com\/cz-shopatoa-img\/ro\/b4dac915-shopatoa_logo.png","contentUrl":"https:\/\/storage.googleapis.com\/cz-shopatoa-img\/ro\/b4dac915-shopatoa_logo.png","width":416,"height":63,"caption":"SHOPATOA"},"image":{"@id":"https:\/\/shopatoa.com\/ro\/#\/schema\/logo\/image\/"}}]}},"_links":{"self":[{"href":"https:\/\/shopatoa.com\/ro\/wp-json\/wp\/v2\/product\/417719","targetHints":{"allow":["GET"]}}],"collection":[{"href":"https:\/\/shopatoa.com\/ro\/wp-json\/wp\/v2\/product"}],"about":[{"href":"https:\/\/shopatoa.com\/ro\/wp-json\/wp\/v2\/types\/product"}],"replies":[{"embeddable":true,"href":"https:\/\/shopatoa.com\/ro\/wp-json\/wp\/v2\/comments?post=417719"}],"wp:featuredmedia":[{"embeddable":true,"href":"https:\/\/shopatoa.com\/ro\/wp-json\/wp\/v2\/media\/417720"}],"wp:attachment":[{"href":"https:\/\/shopatoa.com\/ro\/wp-json\/wp\/v2\/media?parent=417719"}],"wp:term":[{"taxonomy":"product_brand","embeddable":true,"href":"https:\/\/shopatoa.com\/ro\/wp-json\/wp\/v2\/product_brand?post=417719"},{"taxonomy":"product_cat","embeddable":true,"href":"https:\/\/shopatoa.com\/ro\/wp-json\/wp\/v2\/product_cat?post=417719"},{"taxonomy":"product_tag","embeddable":true,"href":"https:\/\/shopatoa.com\/ro\/wp-json\/wp\/v2\/product_tag?post=417719"}],"curies":[{"name":"wp","href":"https:\/\/api.w.org\/{rel}","templated":true}]}}