{"id":417781,"date":"2025-06-21T05:05:26","date_gmt":"2025-06-21T03:05:26","guid":{"rendered":"https:\/\/shopatoa.com\/ro\/truelife-sonicbrush-uv-heads-white-standard-capete-de-schimb-pentru-periuta-de-dinti-truelife-sonicbrush-uv-gl-uv-8-buc\/"},"modified":"2025-06-21T05:05:33","modified_gmt":"2025-06-21T03:05:33","slug":"truelife-sonicbrush-uv-heads-white-standard-capete-de-schimb-pentru-periuta-de-dinti-truelife-sonicbrush-uv-gl-uv-8-buc","status":"publish","type":"product","link":"https:\/\/shopatoa.com\/ro\/truelife-sonicbrush-uv-heads-white-standard-capete-de-schimb-pentru-periuta-de-dinti-truelife-sonicbrush-uv-gl-uv-8-buc\/","title":{"rendered":"TrueLife SonicBrush UV Heads White Standard capete de schimb pentru periuta de dinti TrueLife SonicBrush UV, GL UV 8 buc"},"content":{"rendered":"<p>TrueLife SonicBrush UV Heads White Standard, 8 buc, Capete inlocuitoare pentru periute pentru femei, Capul de schimb pentru periu\u021ba de din\u021bi TrueLife SonicBrush UV Heads White Standard asigur\u0103 rezultate excelente \u00een igiena bucal\u0103. \u00cenlocuirea sa periodic\u0103 garanteaz\u0103 \u00een continuare o cur\u0103\u021bare a din\u021bilor la fel de eficient\u0103 ca \u0219i cu o periu\u021b\u0103 nou\u0103.  Caracteristici:  confortabil \u0219i u\u0219or de manipulat asigur\u0103 cur\u0103\u021barea neagresiv\u0103 a din\u021bilor cur\u0103\u021b\u0103 din\u021bii \u0219i \u00een locuri greu accesibile \u00eendep\u0103rteaz\u0103 placa dentobacterian\u0103  Cum se utilizeaz\u0103: Se vor urma instruc\u021biunile de utilizare incluse.<\/p>\n","protected":false},"excerpt":{"rendered":"<p>TrueLife SonicBrush UV Heads White Standard, 8 buc, Capete inlocuitoare pentru periute pentru femei, Capul de schimb pentru periu\u021ba de din\u021bi TrueLife SonicBrush UV Heads White Standard asigur\u0103 rezultate excelente \u00een igiena bucal\u0103. \u00cenlocuirea sa periodic\u0103 garanteaz\u0103 \u00een continuare o cur\u0103\u021bare a din\u021bilor la fel de eficient\u0103 ca \u0219i cu o periu\u021b\u0103 nou\u0103. Caracteristici: confortabil&#8230;<\/p>\n","protected":false},"featured_media":417782,"comment_status":"closed","ping_status":"open","template":"","meta":{"_acf_changed":false,"_kadence_starter_templates_imported_post":false,"_kad_post_transparent":"","_kad_post_title":"","_kad_post_layout":"","_kad_post_sidebar_id":"","_kad_post_content_style":"","_kad_post_vertical_padding":"","_kad_post_feature":"","_kad_post_feature_position":"","_kad_post_header":false,"_kad_post_footer":false,"_kad_post_classname":""},"product_brand":[2086],"product_cat":[1960,1961,1605,1563,1562],"product_tag":[],"class_list":{"0":"post-417781","1":"product","2":"type-product","3":"status-publish","4":"has-post-thumbnail","6":"product_brand-truelife","7":"product_cat-accesorii-pentru-periute-de-dinti","8":"product_cat-capete-de-periuta-de-dinti-de-schimb","9":"product_cat-ingrijire-orala","10":"product_cat-ingrijire-personala","11":"product_cat-sanatate-si-frumusete","12":"pa_gen-female","13":"pa_marime-8-buc","15":"first","16":"instock","17":"sale","18":"product-type-external","19":"entry","20":"content-bg","21":"loop-entry"},"acf":[],"yoast_head":"<!-- This site is optimized with the Yoast SEO plugin v27.4 - https:\/\/yoast.com\/product\/yoast-seo-wordpress\/ -->\n<title>TrueLife SonicBrush UV Heads White Standard capete de schimb pentru periuta de dinti TrueLife SonicBrush UV, GL UV 8 buc - SHOPATOA.COM<\/title>\n<meta name=\"robots\" content=\"index, follow, max-snippet:-1, max-image-preview:large, max-video-preview:-1\" \/>\n<link rel=\"canonical\" href=\"https:\/\/shopatoa.com\/ro\/truelife-sonicbrush-uv-heads-white-standard-capete-de-schimb-pentru-periuta-de-dinti-truelife-sonicbrush-uv-gl-uv-8-buc\/\" \/>\n<meta property=\"og:locale\" content=\"ro_RO\" \/>\n<meta property=\"og:type\" content=\"article\" \/>\n<meta property=\"og:title\" content=\"TrueLife SonicBrush UV Heads White Standard capete de schimb pentru periuta de dinti TrueLife SonicBrush UV, GL UV 8 buc - SHOPATOA.COM\" \/>\n<meta property=\"og:description\" content=\"TrueLife SonicBrush UV Heads White Standard, 8 buc, Capete inlocuitoare pentru periute pentru femei, Capul de schimb pentru periu\u021ba de din\u021bi TrueLife SonicBrush UV Heads White Standard asigur\u0103 rezultate excelente \u00een igiena bucal\u0103. \u00cenlocuirea sa periodic\u0103 garanteaz\u0103 \u00een continuare o cur\u0103\u021bare a din\u021bilor la fel de eficient\u0103 ca \u0219i cu o periu\u021b\u0103 nou\u0103. Caracteristici: confortabil...\" \/>\n<meta property=\"og:url\" content=\"https:\/\/shopatoa.com\/ro\/truelife-sonicbrush-uv-heads-white-standard-capete-de-schimb-pentru-periuta-de-dinti-truelife-sonicbrush-uv-gl-uv-8-buc\/\" \/>\n<meta property=\"og:site_name\" content=\"SHOPATOA\" \/>\n<meta property=\"article:modified_time\" content=\"2025-06-21T03:05:33+00:00\" \/>\n<meta property=\"og:image\" content=\"https:\/\/storage.googleapis.com\/cz-shopatoa-img\/ro\/ef4aaa32-unnamed-file.webp\" \/>\n\t<meta property=\"og:image:width\" content=\"800\" \/>\n\t<meta property=\"og:image:height\" content=\"800\" \/>\n\t<meta property=\"og:image:type\" content=\"image\/webp\" \/>\n<meta name=\"twitter:card\" content=\"summary_large_image\" \/>\n<script type=\"application\/ld+json\" class=\"yoast-schema-graph\">{\"@context\":\"https:\\\/\\\/schema.org\",\"@graph\":[{\"@type\":\"WebPage\",\"@id\":\"https:\\\/\\\/shopatoa.com\\\/ro\\\/truelife-sonicbrush-uv-heads-white-standard-capete-de-schimb-pentru-periuta-de-dinti-truelife-sonicbrush-uv-gl-uv-8-buc\\\/\",\"url\":\"https:\\\/\\\/shopatoa.com\\\/ro\\\/truelife-sonicbrush-uv-heads-white-standard-capete-de-schimb-pentru-periuta-de-dinti-truelife-sonicbrush-uv-gl-uv-8-buc\\\/\",\"name\":\"TrueLife SonicBrush UV Heads White Standard capete de schimb pentru periuta de dinti TrueLife SonicBrush UV, GL UV 8 buc - SHOPATOA.COM\",\"isPartOf\":{\"@id\":\"https:\\\/\\\/shopatoa.com\\\/ro\\\/#website\"},\"primaryImageOfPage\":{\"@id\":\"https:\\\/\\\/shopatoa.com\\\/ro\\\/truelife-sonicbrush-uv-heads-white-standard-capete-de-schimb-pentru-periuta-de-dinti-truelife-sonicbrush-uv-gl-uv-8-buc\\\/#primaryimage\"},\"image\":{\"@id\":\"https:\\\/\\\/shopatoa.com\\\/ro\\\/truelife-sonicbrush-uv-heads-white-standard-capete-de-schimb-pentru-periuta-de-dinti-truelife-sonicbrush-uv-gl-uv-8-buc\\\/#primaryimage\"},\"thumbnailUrl\":\"https:\\\/\\\/storage.googleapis.com\\\/cz-shopatoa-img\\\/ro\\\/ef4aaa32-unnamed-file.webp\",\"datePublished\":\"2025-06-21T03:05:26+00:00\",\"dateModified\":\"2025-06-21T03:05:33+00:00\",\"breadcrumb\":{\"@id\":\"https:\\\/\\\/shopatoa.com\\\/ro\\\/truelife-sonicbrush-uv-heads-white-standard-capete-de-schimb-pentru-periuta-de-dinti-truelife-sonicbrush-uv-gl-uv-8-buc\\\/#breadcrumb\"},\"inLanguage\":\"ro-RO\",\"potentialAction\":[{\"@type\":\"ReadAction\",\"target\":[\"https:\\\/\\\/shopatoa.com\\\/ro\\\/truelife-sonicbrush-uv-heads-white-standard-capete-de-schimb-pentru-periuta-de-dinti-truelife-sonicbrush-uv-gl-uv-8-buc\\\/\"]}]},{\"@type\":\"ImageObject\",\"inLanguage\":\"ro-RO\",\"@id\":\"https:\\\/\\\/shopatoa.com\\\/ro\\\/truelife-sonicbrush-uv-heads-white-standard-capete-de-schimb-pentru-periuta-de-dinti-truelife-sonicbrush-uv-gl-uv-8-buc\\\/#primaryimage\",\"url\":\"https:\\\/\\\/storage.googleapis.com\\\/cz-shopatoa-img\\\/ro\\\/ef4aaa32-unnamed-file.webp\",\"contentUrl\":\"https:\\\/\\\/storage.googleapis.com\\\/cz-shopatoa-img\\\/ro\\\/ef4aaa32-unnamed-file.webp\",\"width\":800,\"height\":800},{\"@type\":\"BreadcrumbList\",\"@id\":\"https:\\\/\\\/shopatoa.com\\\/ro\\\/truelife-sonicbrush-uv-heads-white-standard-capete-de-schimb-pentru-periuta-de-dinti-truelife-sonicbrush-uv-gl-uv-8-buc\\\/#breadcrumb\",\"itemListElement\":[{\"@type\":\"ListItem\",\"position\":1,\"name\":\"Dom\u016f\",\"item\":\"https:\\\/\\\/shopatoa.com\\\/ro\\\/\"},{\"@type\":\"ListItem\",\"position\":2,\"name\":\"Shop\",\"item\":\"https:\\\/\\\/shopatoa.com\\\/ro\\\/shop\\\/\"},{\"@type\":\"ListItem\",\"position\":3,\"name\":\"TrueLife SonicBrush UV Heads White Standard capete de schimb pentru periuta de dinti TrueLife SonicBrush UV, GL UV 8 buc\"}]},{\"@type\":\"WebSite\",\"@id\":\"https:\\\/\\\/shopatoa.com\\\/ro\\\/#website\",\"url\":\"https:\\\/\\\/shopatoa.com\\\/ro\\\/\",\"name\":\"SHOPATOA\",\"description\":\"\",\"publisher\":{\"@id\":\"https:\\\/\\\/shopatoa.com\\\/ro\\\/#organization\"},\"potentialAction\":[{\"@type\":\"SearchAction\",\"target\":{\"@type\":\"EntryPoint\",\"urlTemplate\":\"https:\\\/\\\/shopatoa.com\\\/ro\\\/?s={search_term_string}\"},\"query-input\":{\"@type\":\"PropertyValueSpecification\",\"valueRequired\":true,\"valueName\":\"search_term_string\"}}],\"inLanguage\":\"ro-RO\"},{\"@type\":\"Organization\",\"@id\":\"https:\\\/\\\/shopatoa.com\\\/ro\\\/#organization\",\"name\":\"SHOPATOA\",\"url\":\"https:\\\/\\\/shopatoa.com\\\/ro\\\/\",\"logo\":{\"@type\":\"ImageObject\",\"inLanguage\":\"ro-RO\",\"@id\":\"https:\\\/\\\/shopatoa.com\\\/ro\\\/#\\\/schema\\\/logo\\\/image\\\/\",\"url\":\"https:\\\/\\\/storage.googleapis.com\\\/cz-shopatoa-img\\\/ro\\\/b4dac915-shopatoa_logo.png\",\"contentUrl\":\"https:\\\/\\\/storage.googleapis.com\\\/cz-shopatoa-img\\\/ro\\\/b4dac915-shopatoa_logo.png\",\"width\":416,\"height\":63,\"caption\":\"SHOPATOA\"},\"image\":{\"@id\":\"https:\\\/\\\/shopatoa.com\\\/ro\\\/#\\\/schema\\\/logo\\\/image\\\/\"}}]}<\/script>\n<!-- \/ Yoast SEO plugin. -->","yoast_head_json":{"title":"TrueLife SonicBrush UV Heads White Standard capete de schimb pentru periuta de dinti TrueLife SonicBrush UV, GL UV 8 buc - SHOPATOA.COM","robots":{"index":"index","follow":"follow","max-snippet":"max-snippet:-1","max-image-preview":"max-image-preview:large","max-video-preview":"max-video-preview:-1"},"canonical":"https:\/\/shopatoa.com\/ro\/truelife-sonicbrush-uv-heads-white-standard-capete-de-schimb-pentru-periuta-de-dinti-truelife-sonicbrush-uv-gl-uv-8-buc\/","og_locale":"ro_RO","og_type":"article","og_title":"TrueLife SonicBrush UV Heads White Standard capete de schimb pentru periuta de dinti TrueLife SonicBrush UV, GL UV 8 buc - SHOPATOA.COM","og_description":"TrueLife SonicBrush UV Heads White Standard, 8 buc, Capete inlocuitoare pentru periute pentru femei, Capul de schimb pentru periu\u021ba de din\u021bi TrueLife SonicBrush UV Heads White Standard asigur\u0103 rezultate excelente \u00een igiena bucal\u0103. \u00cenlocuirea sa periodic\u0103 garanteaz\u0103 \u00een continuare o cur\u0103\u021bare a din\u021bilor la fel de eficient\u0103 ca \u0219i cu o periu\u021b\u0103 nou\u0103. Caracteristici: confortabil...","og_url":"https:\/\/shopatoa.com\/ro\/truelife-sonicbrush-uv-heads-white-standard-capete-de-schimb-pentru-periuta-de-dinti-truelife-sonicbrush-uv-gl-uv-8-buc\/","og_site_name":"SHOPATOA","article_modified_time":"2025-06-21T03:05:33+00:00","og_image":[{"width":800,"height":800,"url":"https:\/\/storage.googleapis.com\/cz-shopatoa-img\/ro\/ef4aaa32-unnamed-file.webp","type":"image\/webp"}],"twitter_card":"summary_large_image","schema":{"@context":"https:\/\/schema.org","@graph":[{"@type":"WebPage","@id":"https:\/\/shopatoa.com\/ro\/truelife-sonicbrush-uv-heads-white-standard-capete-de-schimb-pentru-periuta-de-dinti-truelife-sonicbrush-uv-gl-uv-8-buc\/","url":"https:\/\/shopatoa.com\/ro\/truelife-sonicbrush-uv-heads-white-standard-capete-de-schimb-pentru-periuta-de-dinti-truelife-sonicbrush-uv-gl-uv-8-buc\/","name":"TrueLife SonicBrush UV Heads White Standard capete de schimb pentru periuta de dinti TrueLife SonicBrush UV, GL UV 8 buc - SHOPATOA.COM","isPartOf":{"@id":"https:\/\/shopatoa.com\/ro\/#website"},"primaryImageOfPage":{"@id":"https:\/\/shopatoa.com\/ro\/truelife-sonicbrush-uv-heads-white-standard-capete-de-schimb-pentru-periuta-de-dinti-truelife-sonicbrush-uv-gl-uv-8-buc\/#primaryimage"},"image":{"@id":"https:\/\/shopatoa.com\/ro\/truelife-sonicbrush-uv-heads-white-standard-capete-de-schimb-pentru-periuta-de-dinti-truelife-sonicbrush-uv-gl-uv-8-buc\/#primaryimage"},"thumbnailUrl":"https:\/\/storage.googleapis.com\/cz-shopatoa-img\/ro\/ef4aaa32-unnamed-file.webp","datePublished":"2025-06-21T03:05:26+00:00","dateModified":"2025-06-21T03:05:33+00:00","breadcrumb":{"@id":"https:\/\/shopatoa.com\/ro\/truelife-sonicbrush-uv-heads-white-standard-capete-de-schimb-pentru-periuta-de-dinti-truelife-sonicbrush-uv-gl-uv-8-buc\/#breadcrumb"},"inLanguage":"ro-RO","potentialAction":[{"@type":"ReadAction","target":["https:\/\/shopatoa.com\/ro\/truelife-sonicbrush-uv-heads-white-standard-capete-de-schimb-pentru-periuta-de-dinti-truelife-sonicbrush-uv-gl-uv-8-buc\/"]}]},{"@type":"ImageObject","inLanguage":"ro-RO","@id":"https:\/\/shopatoa.com\/ro\/truelife-sonicbrush-uv-heads-white-standard-capete-de-schimb-pentru-periuta-de-dinti-truelife-sonicbrush-uv-gl-uv-8-buc\/#primaryimage","url":"https:\/\/storage.googleapis.com\/cz-shopatoa-img\/ro\/ef4aaa32-unnamed-file.webp","contentUrl":"https:\/\/storage.googleapis.com\/cz-shopatoa-img\/ro\/ef4aaa32-unnamed-file.webp","width":800,"height":800},{"@type":"BreadcrumbList","@id":"https:\/\/shopatoa.com\/ro\/truelife-sonicbrush-uv-heads-white-standard-capete-de-schimb-pentru-periuta-de-dinti-truelife-sonicbrush-uv-gl-uv-8-buc\/#breadcrumb","itemListElement":[{"@type":"ListItem","position":1,"name":"Dom\u016f","item":"https:\/\/shopatoa.com\/ro\/"},{"@type":"ListItem","position":2,"name":"Shop","item":"https:\/\/shopatoa.com\/ro\/shop\/"},{"@type":"ListItem","position":3,"name":"TrueLife SonicBrush UV Heads White Standard capete de schimb pentru periuta de dinti TrueLife SonicBrush UV, GL UV 8 buc"}]},{"@type":"WebSite","@id":"https:\/\/shopatoa.com\/ro\/#website","url":"https:\/\/shopatoa.com\/ro\/","name":"SHOPATOA","description":"","publisher":{"@id":"https:\/\/shopatoa.com\/ro\/#organization"},"potentialAction":[{"@type":"SearchAction","target":{"@type":"EntryPoint","urlTemplate":"https:\/\/shopatoa.com\/ro\/?s={search_term_string}"},"query-input":{"@type":"PropertyValueSpecification","valueRequired":true,"valueName":"search_term_string"}}],"inLanguage":"ro-RO"},{"@type":"Organization","@id":"https:\/\/shopatoa.com\/ro\/#organization","name":"SHOPATOA","url":"https:\/\/shopatoa.com\/ro\/","logo":{"@type":"ImageObject","inLanguage":"ro-RO","@id":"https:\/\/shopatoa.com\/ro\/#\/schema\/logo\/image\/","url":"https:\/\/storage.googleapis.com\/cz-shopatoa-img\/ro\/b4dac915-shopatoa_logo.png","contentUrl":"https:\/\/storage.googleapis.com\/cz-shopatoa-img\/ro\/b4dac915-shopatoa_logo.png","width":416,"height":63,"caption":"SHOPATOA"},"image":{"@id":"https:\/\/shopatoa.com\/ro\/#\/schema\/logo\/image\/"}}]}},"_links":{"self":[{"href":"https:\/\/shopatoa.com\/ro\/wp-json\/wp\/v2\/product\/417781","targetHints":{"allow":["GET"]}}],"collection":[{"href":"https:\/\/shopatoa.com\/ro\/wp-json\/wp\/v2\/product"}],"about":[{"href":"https:\/\/shopatoa.com\/ro\/wp-json\/wp\/v2\/types\/product"}],"replies":[{"embeddable":true,"href":"https:\/\/shopatoa.com\/ro\/wp-json\/wp\/v2\/comments?post=417781"}],"wp:featuredmedia":[{"embeddable":true,"href":"https:\/\/shopatoa.com\/ro\/wp-json\/wp\/v2\/media\/417782"}],"wp:attachment":[{"href":"https:\/\/shopatoa.com\/ro\/wp-json\/wp\/v2\/media?parent=417781"}],"wp:term":[{"taxonomy":"product_brand","embeddable":true,"href":"https:\/\/shopatoa.com\/ro\/wp-json\/wp\/v2\/product_brand?post=417781"},{"taxonomy":"product_cat","embeddable":true,"href":"https:\/\/shopatoa.com\/ro\/wp-json\/wp\/v2\/product_cat?post=417781"},{"taxonomy":"product_tag","embeddable":true,"href":"https:\/\/shopatoa.com\/ro\/wp-json\/wp\/v2\/product_tag?post=417781"}],"curies":[{"name":"wp","href":"https:\/\/api.w.org\/{rel}","templated":true}]}}