{"id":418463,"date":"2025-06-21T06:06:48","date_gmt":"2025-06-21T04:06:48","guid":{"rendered":"https:\/\/shopatoa.com\/ro\/christian-laurent-pour-la-beaute-apa-de-fata-cu-particule-micele-500-ml\/"},"modified":"2025-12-08T21:35:32","modified_gmt":"2025-12-08T20:35:32","slug":"christian-laurent-pour-la-beaute-apa-de-fata-cu-particule-micele-500-ml","status":"publish","type":"product","link":"https:\/\/shopatoa.com\/ro\/christian-laurent-pour-la-beaute-apa-de-fata-cu-particule-micele-500-ml\/","title":{"rendered":"Christian Laurent Pour La Beaut\u00e9 apa de fata cu particule micele 500 ml"},"content":{"rendered":"<p>Christian Laurent Pour La Beaut\u00e9, 500 ml, Dischete demachiante pentru femei, Apa micelar\u0103 Christian Laurent Pour La Beaut\u00e9 este \u00eembog\u0103\u021bit\u0103 cu particule active minuscule care leag\u0103 toate impurit\u0103\u021bile \u0219i sebumul la contactul cu tenul. Datorit\u0103 acestor particule, numite micele, apa micelar\u0103 asigur\u0103 o demachiere complet\u0103 \u00een c\u00e2teva minute, f\u0103r\u0103 a necesita presiune sau frecarea tenului. Micelele sunt at\u00e2t de eficiente \u00eenc\u00e2t pot face fa\u021b\u0103 chiar \u0219i machiajului rezistent la ap\u0103.  Caracteristici:  se poate folosi la demachierea fe\u021bei, a ochilor \u0219i a buzelor \u00eendep\u0103rteaz\u0103 chiar \u0219i fondul de ten rezistent previne uscarea excesiv\u0103 a pielii tenul este moale \u0219i catifelat la atingere  Cum se utilizeaz\u0103: Se aplic\u0103 o cantitate suficient\u0103 de produs pe un tampon cosmetic \u0219i, prin \u0219tergere u\u0219oar\u0103, se demachiaz\u0103 \u0219i se cur\u0103\u021b\u0103 pielea. Se utilizeaz\u0103 diminea\u021ba sau seara, dup\u0103 cum este necesar.<\/p>\n","protected":false},"excerpt":{"rendered":"<p>Christian Laurent Pour La Beaut\u00e9, 500 ml, Dischete demachiante pentru femei, Apa micelar\u0103 Christian Laurent Pour La Beaut\u00e9 este \u00eembog\u0103\u021bit\u0103 cu particule active minuscule care leag\u0103 toate impurit\u0103\u021bile \u0219i sebumul la contactul cu tenul. Datorit\u0103 acestor particule, numite micele, apa micelar\u0103 asigur\u0103 o demachiere complet\u0103 \u00een c\u00e2teva minute, f\u0103r\u0103 a necesita presiune sau frecarea tenului&#8230;.<\/p>\n","protected":false},"featured_media":418464,"comment_status":"closed","ping_status":"open","template":"","meta":{"_acf_changed":false,"_kadence_starter_templates_imported_post":false,"_kad_post_transparent":"","_kad_post_title":"","_kad_post_layout":"","_kad_post_sidebar_id":"","_kad_post_content_style":"","_kad_post_vertical_padding":"","_kad_post_feature":"","_kad_post_feature_position":"","_kad_post_header":false,"_kad_post_footer":false,"_kad_post_classname":""},"product_brand":[2206],"product_cat":[1564,1566,1563,1565,1562],"product_tag":[],"class_list":{"0":"post-418463","1":"product","2":"type-product","3":"status-publish","4":"has-post-thumbnail","6":"product_brand-christian-laurent","7":"product_cat-cosmetice-ingrijire-personala","8":"product_cat-demachiere","9":"product_cat-ingrijire-personala","10":"product_cat-ingrijirea-pielii","11":"product_cat-sanatate-si-frumusete","12":"pa_gen-female","13":"pa_marime-500-ml","15":"first","16":"instock","17":"sale","18":"product-type-external","19":"entry","20":"content-bg","21":"loop-entry"},"acf":[],"yoast_head":"<!-- This site is optimized with the Yoast SEO plugin v27.4 - https:\/\/yoast.com\/product\/yoast-seo-wordpress\/ -->\n<title>Christian Laurent Pour La Beaut\u00e9 apa de fata cu particule micele 500 ml - SHOPATOA.COM<\/title>\n<meta name=\"robots\" content=\"index, follow, max-snippet:-1, max-image-preview:large, max-video-preview:-1\" \/>\n<link rel=\"canonical\" href=\"https:\/\/shopatoa.com\/ro\/christian-laurent-pour-la-beaute-apa-de-fata-cu-particule-micele-500-ml\/\" \/>\n<meta property=\"og:locale\" content=\"ro_RO\" \/>\n<meta property=\"og:type\" content=\"article\" \/>\n<meta property=\"og:title\" content=\"Christian Laurent Pour La Beaut\u00e9 apa de fata cu particule micele 500 ml - SHOPATOA.COM\" \/>\n<meta property=\"og:description\" content=\"Christian Laurent Pour La Beaut\u00e9, 500 ml, Dischete demachiante pentru femei, Apa micelar\u0103 Christian Laurent Pour La Beaut\u00e9 este \u00eembog\u0103\u021bit\u0103 cu particule active minuscule care leag\u0103 toate impurit\u0103\u021bile \u0219i sebumul la contactul cu tenul. Datorit\u0103 acestor particule, numite micele, apa micelar\u0103 asigur\u0103 o demachiere complet\u0103 \u00een c\u00e2teva minute, f\u0103r\u0103 a necesita presiune sau frecarea tenului....\" \/>\n<meta property=\"og:url\" content=\"https:\/\/shopatoa.com\/ro\/christian-laurent-pour-la-beaute-apa-de-fata-cu-particule-micele-500-ml\/\" \/>\n<meta property=\"og:site_name\" content=\"SHOPATOA\" \/>\n<meta property=\"article:modified_time\" content=\"2025-12-08T20:35:32+00:00\" \/>\n<meta property=\"og:image\" content=\"https:\/\/storage.googleapis.com\/cz-shopatoa-img\/ro\/0295bfea-unnamed-file.webp\" \/>\n\t<meta property=\"og:image:width\" content=\"800\" \/>\n\t<meta property=\"og:image:height\" content=\"800\" \/>\n\t<meta property=\"og:image:type\" content=\"image\/webp\" \/>\n<meta name=\"twitter:card\" content=\"summary_large_image\" \/>\n<meta name=\"twitter:label1\" content=\"Timp estimat pentru citire\" \/>\n\t<meta name=\"twitter:data1\" content=\"1 minut\" \/>\n<script type=\"application\/ld+json\" class=\"yoast-schema-graph\">{\"@context\":\"https:\\\/\\\/schema.org\",\"@graph\":[{\"@type\":\"WebPage\",\"@id\":\"https:\\\/\\\/shopatoa.com\\\/ro\\\/christian-laurent-pour-la-beaute-apa-de-fata-cu-particule-micele-500-ml\\\/\",\"url\":\"https:\\\/\\\/shopatoa.com\\\/ro\\\/christian-laurent-pour-la-beaute-apa-de-fata-cu-particule-micele-500-ml\\\/\",\"name\":\"Christian Laurent Pour La Beaut\u00e9 apa de fata cu particule micele 500 ml - SHOPATOA.COM\",\"isPartOf\":{\"@id\":\"https:\\\/\\\/shopatoa.com\\\/ro\\\/#website\"},\"primaryImageOfPage\":{\"@id\":\"https:\\\/\\\/shopatoa.com\\\/ro\\\/christian-laurent-pour-la-beaute-apa-de-fata-cu-particule-micele-500-ml\\\/#primaryimage\"},\"image\":{\"@id\":\"https:\\\/\\\/shopatoa.com\\\/ro\\\/christian-laurent-pour-la-beaute-apa-de-fata-cu-particule-micele-500-ml\\\/#primaryimage\"},\"thumbnailUrl\":\"https:\\\/\\\/storage.googleapis.com\\\/cz-shopatoa-img\\\/ro\\\/0295bfea-unnamed-file.webp\",\"datePublished\":\"2025-06-21T04:06:48+00:00\",\"dateModified\":\"2025-12-08T20:35:32+00:00\",\"breadcrumb\":{\"@id\":\"https:\\\/\\\/shopatoa.com\\\/ro\\\/christian-laurent-pour-la-beaute-apa-de-fata-cu-particule-micele-500-ml\\\/#breadcrumb\"},\"inLanguage\":\"ro-RO\",\"potentialAction\":[{\"@type\":\"ReadAction\",\"target\":[\"https:\\\/\\\/shopatoa.com\\\/ro\\\/christian-laurent-pour-la-beaute-apa-de-fata-cu-particule-micele-500-ml\\\/\"]}]},{\"@type\":\"ImageObject\",\"inLanguage\":\"ro-RO\",\"@id\":\"https:\\\/\\\/shopatoa.com\\\/ro\\\/christian-laurent-pour-la-beaute-apa-de-fata-cu-particule-micele-500-ml\\\/#primaryimage\",\"url\":\"https:\\\/\\\/storage.googleapis.com\\\/cz-shopatoa-img\\\/ro\\\/0295bfea-unnamed-file.webp\",\"contentUrl\":\"https:\\\/\\\/storage.googleapis.com\\\/cz-shopatoa-img\\\/ro\\\/0295bfea-unnamed-file.webp\",\"width\":800,\"height\":800},{\"@type\":\"BreadcrumbList\",\"@id\":\"https:\\\/\\\/shopatoa.com\\\/ro\\\/christian-laurent-pour-la-beaute-apa-de-fata-cu-particule-micele-500-ml\\\/#breadcrumb\",\"itemListElement\":[{\"@type\":\"ListItem\",\"position\":1,\"name\":\"Dom\u016f\",\"item\":\"https:\\\/\\\/shopatoa.com\\\/ro\\\/\"},{\"@type\":\"ListItem\",\"position\":2,\"name\":\"Shop\",\"item\":\"https:\\\/\\\/shopatoa.com\\\/ro\\\/shop\\\/\"},{\"@type\":\"ListItem\",\"position\":3,\"name\":\"S\u0103n\u0103tate \u0219i frumuse\u021be\",\"item\":\"https:\\\/\\\/shopatoa.com\\\/ro\\\/sanatate-si-frumusete\\\/\"},{\"@type\":\"ListItem\",\"position\":4,\"name\":\"\u00cengrijire personal\u0103\",\"item\":\"https:\\\/\\\/shopatoa.com\\\/ro\\\/ingrijire-personala\\\/\"},{\"@type\":\"ListItem\",\"position\":5,\"name\":\"Cosmetice\",\"item\":\"https:\\\/\\\/shopatoa.com\\\/ro\\\/cosmetice-ingrijire-personala\\\/\"},{\"@type\":\"ListItem\",\"position\":6,\"name\":\"\u00cengrijirea pielii\",\"item\":\"https:\\\/\\\/shopatoa.com\\\/ro\\\/ingrijirea-pielii\\\/\"},{\"@type\":\"ListItem\",\"position\":7,\"name\":\"Demachiere\",\"item\":\"https:\\\/\\\/shopatoa.com\\\/ro\\\/demachiere\\\/\"},{\"@type\":\"ListItem\",\"position\":8,\"name\":\"Christian Laurent Pour La Beaut\u00e9 apa de fata cu particule micele 500 ml\"}]},{\"@type\":\"WebSite\",\"@id\":\"https:\\\/\\\/shopatoa.com\\\/ro\\\/#website\",\"url\":\"https:\\\/\\\/shopatoa.com\\\/ro\\\/\",\"name\":\"SHOPATOA\",\"description\":\"\",\"publisher\":{\"@id\":\"https:\\\/\\\/shopatoa.com\\\/ro\\\/#organization\"},\"potentialAction\":[{\"@type\":\"SearchAction\",\"target\":{\"@type\":\"EntryPoint\",\"urlTemplate\":\"https:\\\/\\\/shopatoa.com\\\/ro\\\/?s={search_term_string}\"},\"query-input\":{\"@type\":\"PropertyValueSpecification\",\"valueRequired\":true,\"valueName\":\"search_term_string\"}}],\"inLanguage\":\"ro-RO\"},{\"@type\":\"Organization\",\"@id\":\"https:\\\/\\\/shopatoa.com\\\/ro\\\/#organization\",\"name\":\"SHOPATOA\",\"url\":\"https:\\\/\\\/shopatoa.com\\\/ro\\\/\",\"logo\":{\"@type\":\"ImageObject\",\"inLanguage\":\"ro-RO\",\"@id\":\"https:\\\/\\\/shopatoa.com\\\/ro\\\/#\\\/schema\\\/logo\\\/image\\\/\",\"url\":\"https:\\\/\\\/storage.googleapis.com\\\/cz-shopatoa-img\\\/ro\\\/b4dac915-shopatoa_logo.png\",\"contentUrl\":\"https:\\\/\\\/storage.googleapis.com\\\/cz-shopatoa-img\\\/ro\\\/b4dac915-shopatoa_logo.png\",\"width\":416,\"height\":63,\"caption\":\"SHOPATOA\"},\"image\":{\"@id\":\"https:\\\/\\\/shopatoa.com\\\/ro\\\/#\\\/schema\\\/logo\\\/image\\\/\"}}]}<\/script>\n<!-- \/ Yoast SEO plugin. -->","yoast_head_json":{"title":"Christian Laurent Pour La Beaut\u00e9 apa de fata cu particule micele 500 ml - SHOPATOA.COM","robots":{"index":"index","follow":"follow","max-snippet":"max-snippet:-1","max-image-preview":"max-image-preview:large","max-video-preview":"max-video-preview:-1"},"canonical":"https:\/\/shopatoa.com\/ro\/christian-laurent-pour-la-beaute-apa-de-fata-cu-particule-micele-500-ml\/","og_locale":"ro_RO","og_type":"article","og_title":"Christian Laurent Pour La Beaut\u00e9 apa de fata cu particule micele 500 ml - SHOPATOA.COM","og_description":"Christian Laurent Pour La Beaut\u00e9, 500 ml, Dischete demachiante pentru femei, Apa micelar\u0103 Christian Laurent Pour La Beaut\u00e9 este \u00eembog\u0103\u021bit\u0103 cu particule active minuscule care leag\u0103 toate impurit\u0103\u021bile \u0219i sebumul la contactul cu tenul. Datorit\u0103 acestor particule, numite micele, apa micelar\u0103 asigur\u0103 o demachiere complet\u0103 \u00een c\u00e2teva minute, f\u0103r\u0103 a necesita presiune sau frecarea tenului....","og_url":"https:\/\/shopatoa.com\/ro\/christian-laurent-pour-la-beaute-apa-de-fata-cu-particule-micele-500-ml\/","og_site_name":"SHOPATOA","article_modified_time":"2025-12-08T20:35:32+00:00","og_image":[{"width":800,"height":800,"url":"https:\/\/storage.googleapis.com\/cz-shopatoa-img\/ro\/0295bfea-unnamed-file.webp","type":"image\/webp"}],"twitter_card":"summary_large_image","twitter_misc":{"Timp estimat pentru citire":"1 minut"},"schema":{"@context":"https:\/\/schema.org","@graph":[{"@type":"WebPage","@id":"https:\/\/shopatoa.com\/ro\/christian-laurent-pour-la-beaute-apa-de-fata-cu-particule-micele-500-ml\/","url":"https:\/\/shopatoa.com\/ro\/christian-laurent-pour-la-beaute-apa-de-fata-cu-particule-micele-500-ml\/","name":"Christian Laurent Pour La Beaut\u00e9 apa de fata cu particule micele 500 ml - SHOPATOA.COM","isPartOf":{"@id":"https:\/\/shopatoa.com\/ro\/#website"},"primaryImageOfPage":{"@id":"https:\/\/shopatoa.com\/ro\/christian-laurent-pour-la-beaute-apa-de-fata-cu-particule-micele-500-ml\/#primaryimage"},"image":{"@id":"https:\/\/shopatoa.com\/ro\/christian-laurent-pour-la-beaute-apa-de-fata-cu-particule-micele-500-ml\/#primaryimage"},"thumbnailUrl":"https:\/\/storage.googleapis.com\/cz-shopatoa-img\/ro\/0295bfea-unnamed-file.webp","datePublished":"2025-06-21T04:06:48+00:00","dateModified":"2025-12-08T20:35:32+00:00","breadcrumb":{"@id":"https:\/\/shopatoa.com\/ro\/christian-laurent-pour-la-beaute-apa-de-fata-cu-particule-micele-500-ml\/#breadcrumb"},"inLanguage":"ro-RO","potentialAction":[{"@type":"ReadAction","target":["https:\/\/shopatoa.com\/ro\/christian-laurent-pour-la-beaute-apa-de-fata-cu-particule-micele-500-ml\/"]}]},{"@type":"ImageObject","inLanguage":"ro-RO","@id":"https:\/\/shopatoa.com\/ro\/christian-laurent-pour-la-beaute-apa-de-fata-cu-particule-micele-500-ml\/#primaryimage","url":"https:\/\/storage.googleapis.com\/cz-shopatoa-img\/ro\/0295bfea-unnamed-file.webp","contentUrl":"https:\/\/storage.googleapis.com\/cz-shopatoa-img\/ro\/0295bfea-unnamed-file.webp","width":800,"height":800},{"@type":"BreadcrumbList","@id":"https:\/\/shopatoa.com\/ro\/christian-laurent-pour-la-beaute-apa-de-fata-cu-particule-micele-500-ml\/#breadcrumb","itemListElement":[{"@type":"ListItem","position":1,"name":"Dom\u016f","item":"https:\/\/shopatoa.com\/ro\/"},{"@type":"ListItem","position":2,"name":"Shop","item":"https:\/\/shopatoa.com\/ro\/shop\/"},{"@type":"ListItem","position":3,"name":"S\u0103n\u0103tate \u0219i frumuse\u021be","item":"https:\/\/shopatoa.com\/ro\/sanatate-si-frumusete\/"},{"@type":"ListItem","position":4,"name":"\u00cengrijire personal\u0103","item":"https:\/\/shopatoa.com\/ro\/ingrijire-personala\/"},{"@type":"ListItem","position":5,"name":"Cosmetice","item":"https:\/\/shopatoa.com\/ro\/cosmetice-ingrijire-personala\/"},{"@type":"ListItem","position":6,"name":"\u00cengrijirea pielii","item":"https:\/\/shopatoa.com\/ro\/ingrijirea-pielii\/"},{"@type":"ListItem","position":7,"name":"Demachiere","item":"https:\/\/shopatoa.com\/ro\/demachiere\/"},{"@type":"ListItem","position":8,"name":"Christian Laurent Pour La Beaut\u00e9 apa de fata cu particule micele 500 ml"}]},{"@type":"WebSite","@id":"https:\/\/shopatoa.com\/ro\/#website","url":"https:\/\/shopatoa.com\/ro\/","name":"SHOPATOA","description":"","publisher":{"@id":"https:\/\/shopatoa.com\/ro\/#organization"},"potentialAction":[{"@type":"SearchAction","target":{"@type":"EntryPoint","urlTemplate":"https:\/\/shopatoa.com\/ro\/?s={search_term_string}"},"query-input":{"@type":"PropertyValueSpecification","valueRequired":true,"valueName":"search_term_string"}}],"inLanguage":"ro-RO"},{"@type":"Organization","@id":"https:\/\/shopatoa.com\/ro\/#organization","name":"SHOPATOA","url":"https:\/\/shopatoa.com\/ro\/","logo":{"@type":"ImageObject","inLanguage":"ro-RO","@id":"https:\/\/shopatoa.com\/ro\/#\/schema\/logo\/image\/","url":"https:\/\/storage.googleapis.com\/cz-shopatoa-img\/ro\/b4dac915-shopatoa_logo.png","contentUrl":"https:\/\/storage.googleapis.com\/cz-shopatoa-img\/ro\/b4dac915-shopatoa_logo.png","width":416,"height":63,"caption":"SHOPATOA"},"image":{"@id":"https:\/\/shopatoa.com\/ro\/#\/schema\/logo\/image\/"}}]}},"_links":{"self":[{"href":"https:\/\/shopatoa.com\/ro\/wp-json\/wp\/v2\/product\/418463","targetHints":{"allow":["GET"]}}],"collection":[{"href":"https:\/\/shopatoa.com\/ro\/wp-json\/wp\/v2\/product"}],"about":[{"href":"https:\/\/shopatoa.com\/ro\/wp-json\/wp\/v2\/types\/product"}],"replies":[{"embeddable":true,"href":"https:\/\/shopatoa.com\/ro\/wp-json\/wp\/v2\/comments?post=418463"}],"wp:featuredmedia":[{"embeddable":true,"href":"https:\/\/shopatoa.com\/ro\/wp-json\/wp\/v2\/media\/418464"}],"wp:attachment":[{"href":"https:\/\/shopatoa.com\/ro\/wp-json\/wp\/v2\/media?parent=418463"}],"wp:term":[{"taxonomy":"product_brand","embeddable":true,"href":"https:\/\/shopatoa.com\/ro\/wp-json\/wp\/v2\/product_brand?post=418463"},{"taxonomy":"product_cat","embeddable":true,"href":"https:\/\/shopatoa.com\/ro\/wp-json\/wp\/v2\/product_cat?post=418463"},{"taxonomy":"product_tag","embeddable":true,"href":"https:\/\/shopatoa.com\/ro\/wp-json\/wp\/v2\/product_tag?post=418463"}],"curies":[{"name":"wp","href":"https:\/\/api.w.org\/{rel}","templated":true}]}}