{"id":418771,"date":"2025-06-21T06:33:47","date_gmt":"2025-06-21T04:33:47","guid":{"rendered":"https:\/\/shopatoa.com\/ro\/medavita-blondie-sunset-blonde-enhancing-serum-ser-de-infrumusetare-pentru-par-vopsit-150-ml\/"},"modified":"2025-12-08T20:26:03","modified_gmt":"2025-12-08T19:26:03","slug":"medavita-blondie-sunset-blonde-enhancing-serum-ser-de-infrumusetare-pentru-par-vopsit-150-ml","status":"publish","type":"product","link":"https:\/\/shopatoa.com\/ro\/medavita-blondie-sunset-blonde-enhancing-serum-ser-de-infrumusetare-pentru-par-vopsit-150-ml\/","title":{"rendered":"Medavita Blondie Sunset Blonde Enhancing Serum ser de infrumusetare pentru p\u0103r vopsit 150 ml"},"content":{"rendered":"<p>Medavita Blondie Sunset Blonde Enhancing Serum, 150 ml, Seruri pentru p\u0103r pentru femei, Un p\u0103r superb, de la r\u0103d\u0103cini p\u00e2n\u0103 la v\u00e2rfuri. Serul Medavita Blondie \u00eengrije\u0219te perfect p\u0103rul \u0219i \u00eei ofer\u0103 o nou\u0103 via\u021b\u0103.  Caracteristici:  asigur\u0103 p\u0103rului hidratarea necesar\u0103 las\u0103 p\u0103rul fin ca m\u0103tasea, la atingere confer\u0103 p\u0103rului o str\u0103lucire intens\u0103<\/p>\n","protected":false},"excerpt":{"rendered":"<p>Medavita Blondie Sunset Blonde Enhancing Serum, 150 ml, Seruri pentru p\u0103r pentru femei, Un p\u0103r superb, de la r\u0103d\u0103cini p\u00e2n\u0103 la v\u00e2rfuri. Serul Medavita Blondie \u00eengrije\u0219te perfect p\u0103rul \u0219i \u00eei ofer\u0103 o nou\u0103 via\u021b\u0103. Caracteristici: asigur\u0103 p\u0103rului hidratarea necesar\u0103 las\u0103 p\u0103rul fin ca m\u0103tasea, la atingere confer\u0103 p\u0103rului o str\u0103lucire intens\u0103<\/p>\n","protected":false},"featured_media":418772,"comment_status":"closed","ping_status":"open","template":"","meta":{"_acf_changed":false,"_kadence_starter_templates_imported_post":false,"_kad_post_transparent":"","_kad_post_title":"","_kad_post_layout":"","_kad_post_sidebar_id":"","_kad_post_content_style":"","_kad_post_vertical_padding":"","_kad_post_feature":"","_kad_post_feature_position":"","_kad_post_header":false,"_kad_post_footer":false,"_kad_post_classname":""},"product_brand":[2512],"product_cat":[1563,1590,1562],"product_tag":[],"class_list":{"0":"post-418771","1":"product","2":"type-product","3":"status-publish","4":"has-post-thumbnail","6":"product_brand-medavita","7":"product_cat-ingrijire-personala","8":"product_cat-ingrijirea-parului","9":"product_cat-sanatate-si-frumusete","10":"pa_gen-female","11":"pa_marime-150-ml","13":"first","14":"instock","15":"product-type-external","16":"entry","17":"content-bg","18":"loop-entry"},"acf":[],"yoast_head":"<!-- This site is optimized with the Yoast SEO plugin v27.4 - https:\/\/yoast.com\/product\/yoast-seo-wordpress\/ -->\n<title>Medavita Blondie Sunset Blonde Enhancing Serum ser de infrumusetare pentru p\u0103r vopsit 150 ml - SHOPATOA.COM<\/title>\n<meta name=\"robots\" content=\"index, follow, max-snippet:-1, max-image-preview:large, max-video-preview:-1\" \/>\n<link rel=\"canonical\" href=\"https:\/\/shopatoa.com\/ro\/medavita-blondie-sunset-blonde-enhancing-serum-ser-de-infrumusetare-pentru-par-vopsit-150-ml\/\" \/>\n<meta property=\"og:locale\" content=\"ro_RO\" \/>\n<meta property=\"og:type\" content=\"article\" \/>\n<meta property=\"og:title\" content=\"Medavita Blondie Sunset Blonde Enhancing Serum ser de infrumusetare pentru p\u0103r vopsit 150 ml - SHOPATOA.COM\" \/>\n<meta property=\"og:description\" content=\"Medavita Blondie Sunset Blonde Enhancing Serum, 150 ml, Seruri pentru p\u0103r pentru femei, Un p\u0103r superb, de la r\u0103d\u0103cini p\u00e2n\u0103 la v\u00e2rfuri. Serul Medavita Blondie \u00eengrije\u0219te perfect p\u0103rul \u0219i \u00eei ofer\u0103 o nou\u0103 via\u021b\u0103. Caracteristici: asigur\u0103 p\u0103rului hidratarea necesar\u0103 las\u0103 p\u0103rul fin ca m\u0103tasea, la atingere confer\u0103 p\u0103rului o str\u0103lucire intens\u0103\" \/>\n<meta property=\"og:url\" content=\"https:\/\/shopatoa.com\/ro\/medavita-blondie-sunset-blonde-enhancing-serum-ser-de-infrumusetare-pentru-par-vopsit-150-ml\/\" \/>\n<meta property=\"og:site_name\" content=\"SHOPATOA\" \/>\n<meta property=\"article:modified_time\" content=\"2025-12-08T19:26:03+00:00\" \/>\n<meta property=\"og:image\" content=\"https:\/\/storage.googleapis.com\/cz-shopatoa-img\/ro\/71105c81-unnamed-file.webp\" \/>\n\t<meta property=\"og:image:width\" content=\"800\" \/>\n\t<meta property=\"og:image:height\" content=\"800\" \/>\n\t<meta property=\"og:image:type\" content=\"image\/webp\" \/>\n<meta name=\"twitter:card\" content=\"summary_large_image\" \/>\n<script type=\"application\/ld+json\" class=\"yoast-schema-graph\">{\"@context\":\"https:\\\/\\\/schema.org\",\"@graph\":[{\"@type\":\"WebPage\",\"@id\":\"https:\\\/\\\/shopatoa.com\\\/ro\\\/medavita-blondie-sunset-blonde-enhancing-serum-ser-de-infrumusetare-pentru-par-vopsit-150-ml\\\/\",\"url\":\"https:\\\/\\\/shopatoa.com\\\/ro\\\/medavita-blondie-sunset-blonde-enhancing-serum-ser-de-infrumusetare-pentru-par-vopsit-150-ml\\\/\",\"name\":\"Medavita Blondie Sunset Blonde Enhancing Serum ser de infrumusetare pentru p\u0103r vopsit 150 ml - SHOPATOA.COM\",\"isPartOf\":{\"@id\":\"https:\\\/\\\/shopatoa.com\\\/ro\\\/#website\"},\"primaryImageOfPage\":{\"@id\":\"https:\\\/\\\/shopatoa.com\\\/ro\\\/medavita-blondie-sunset-blonde-enhancing-serum-ser-de-infrumusetare-pentru-par-vopsit-150-ml\\\/#primaryimage\"},\"image\":{\"@id\":\"https:\\\/\\\/shopatoa.com\\\/ro\\\/medavita-blondie-sunset-blonde-enhancing-serum-ser-de-infrumusetare-pentru-par-vopsit-150-ml\\\/#primaryimage\"},\"thumbnailUrl\":\"https:\\\/\\\/storage.googleapis.com\\\/cz-shopatoa-img\\\/ro\\\/71105c81-unnamed-file.webp\",\"datePublished\":\"2025-06-21T04:33:47+00:00\",\"dateModified\":\"2025-12-08T19:26:03+00:00\",\"breadcrumb\":{\"@id\":\"https:\\\/\\\/shopatoa.com\\\/ro\\\/medavita-blondie-sunset-blonde-enhancing-serum-ser-de-infrumusetare-pentru-par-vopsit-150-ml\\\/#breadcrumb\"},\"inLanguage\":\"ro-RO\",\"potentialAction\":[{\"@type\":\"ReadAction\",\"target\":[\"https:\\\/\\\/shopatoa.com\\\/ro\\\/medavita-blondie-sunset-blonde-enhancing-serum-ser-de-infrumusetare-pentru-par-vopsit-150-ml\\\/\"]}]},{\"@type\":\"ImageObject\",\"inLanguage\":\"ro-RO\",\"@id\":\"https:\\\/\\\/shopatoa.com\\\/ro\\\/medavita-blondie-sunset-blonde-enhancing-serum-ser-de-infrumusetare-pentru-par-vopsit-150-ml\\\/#primaryimage\",\"url\":\"https:\\\/\\\/storage.googleapis.com\\\/cz-shopatoa-img\\\/ro\\\/71105c81-unnamed-file.webp\",\"contentUrl\":\"https:\\\/\\\/storage.googleapis.com\\\/cz-shopatoa-img\\\/ro\\\/71105c81-unnamed-file.webp\",\"width\":800,\"height\":800},{\"@type\":\"BreadcrumbList\",\"@id\":\"https:\\\/\\\/shopatoa.com\\\/ro\\\/medavita-blondie-sunset-blonde-enhancing-serum-ser-de-infrumusetare-pentru-par-vopsit-150-ml\\\/#breadcrumb\",\"itemListElement\":[{\"@type\":\"ListItem\",\"position\":1,\"name\":\"Dom\u016f\",\"item\":\"https:\\\/\\\/shopatoa.com\\\/ro\\\/\"},{\"@type\":\"ListItem\",\"position\":2,\"name\":\"Shop\",\"item\":\"https:\\\/\\\/shopatoa.com\\\/ro\\\/shop\\\/\"},{\"@type\":\"ListItem\",\"position\":3,\"name\":\"S\u0103n\u0103tate \u0219i frumuse\u021be\",\"item\":\"https:\\\/\\\/shopatoa.com\\\/ro\\\/sanatate-si-frumusete\\\/\"},{\"@type\":\"ListItem\",\"position\":4,\"name\":\"\u00cengrijire personal\u0103\",\"item\":\"https:\\\/\\\/shopatoa.com\\\/ro\\\/ingrijire-personala\\\/\"},{\"@type\":\"ListItem\",\"position\":5,\"name\":\"\u00cengrijirea p\u0103rului\",\"item\":\"https:\\\/\\\/shopatoa.com\\\/ro\\\/ingrijirea-parului\\\/\"},{\"@type\":\"ListItem\",\"position\":6,\"name\":\"Medavita Blondie Sunset Blonde Enhancing Serum ser de infrumusetare pentru p\u0103r vopsit 150 ml\"}]},{\"@type\":\"WebSite\",\"@id\":\"https:\\\/\\\/shopatoa.com\\\/ro\\\/#website\",\"url\":\"https:\\\/\\\/shopatoa.com\\\/ro\\\/\",\"name\":\"SHOPATOA\",\"description\":\"\",\"publisher\":{\"@id\":\"https:\\\/\\\/shopatoa.com\\\/ro\\\/#organization\"},\"potentialAction\":[{\"@type\":\"SearchAction\",\"target\":{\"@type\":\"EntryPoint\",\"urlTemplate\":\"https:\\\/\\\/shopatoa.com\\\/ro\\\/?s={search_term_string}\"},\"query-input\":{\"@type\":\"PropertyValueSpecification\",\"valueRequired\":true,\"valueName\":\"search_term_string\"}}],\"inLanguage\":\"ro-RO\"},{\"@type\":\"Organization\",\"@id\":\"https:\\\/\\\/shopatoa.com\\\/ro\\\/#organization\",\"name\":\"SHOPATOA\",\"url\":\"https:\\\/\\\/shopatoa.com\\\/ro\\\/\",\"logo\":{\"@type\":\"ImageObject\",\"inLanguage\":\"ro-RO\",\"@id\":\"https:\\\/\\\/shopatoa.com\\\/ro\\\/#\\\/schema\\\/logo\\\/image\\\/\",\"url\":\"https:\\\/\\\/storage.googleapis.com\\\/cz-shopatoa-img\\\/ro\\\/b4dac915-shopatoa_logo.png\",\"contentUrl\":\"https:\\\/\\\/storage.googleapis.com\\\/cz-shopatoa-img\\\/ro\\\/b4dac915-shopatoa_logo.png\",\"width\":416,\"height\":63,\"caption\":\"SHOPATOA\"},\"image\":{\"@id\":\"https:\\\/\\\/shopatoa.com\\\/ro\\\/#\\\/schema\\\/logo\\\/image\\\/\"}}]}<\/script>\n<!-- \/ Yoast SEO plugin. -->","yoast_head_json":{"title":"Medavita Blondie Sunset Blonde Enhancing Serum ser de infrumusetare pentru p\u0103r vopsit 150 ml - SHOPATOA.COM","robots":{"index":"index","follow":"follow","max-snippet":"max-snippet:-1","max-image-preview":"max-image-preview:large","max-video-preview":"max-video-preview:-1"},"canonical":"https:\/\/shopatoa.com\/ro\/medavita-blondie-sunset-blonde-enhancing-serum-ser-de-infrumusetare-pentru-par-vopsit-150-ml\/","og_locale":"ro_RO","og_type":"article","og_title":"Medavita Blondie Sunset Blonde Enhancing Serum ser de infrumusetare pentru p\u0103r vopsit 150 ml - SHOPATOA.COM","og_description":"Medavita Blondie Sunset Blonde Enhancing Serum, 150 ml, Seruri pentru p\u0103r pentru femei, Un p\u0103r superb, de la r\u0103d\u0103cini p\u00e2n\u0103 la v\u00e2rfuri. Serul Medavita Blondie \u00eengrije\u0219te perfect p\u0103rul \u0219i \u00eei ofer\u0103 o nou\u0103 via\u021b\u0103. Caracteristici: asigur\u0103 p\u0103rului hidratarea necesar\u0103 las\u0103 p\u0103rul fin ca m\u0103tasea, la atingere confer\u0103 p\u0103rului o str\u0103lucire intens\u0103","og_url":"https:\/\/shopatoa.com\/ro\/medavita-blondie-sunset-blonde-enhancing-serum-ser-de-infrumusetare-pentru-par-vopsit-150-ml\/","og_site_name":"SHOPATOA","article_modified_time":"2025-12-08T19:26:03+00:00","og_image":[{"width":800,"height":800,"url":"https:\/\/storage.googleapis.com\/cz-shopatoa-img\/ro\/71105c81-unnamed-file.webp","type":"image\/webp"}],"twitter_card":"summary_large_image","schema":{"@context":"https:\/\/schema.org","@graph":[{"@type":"WebPage","@id":"https:\/\/shopatoa.com\/ro\/medavita-blondie-sunset-blonde-enhancing-serum-ser-de-infrumusetare-pentru-par-vopsit-150-ml\/","url":"https:\/\/shopatoa.com\/ro\/medavita-blondie-sunset-blonde-enhancing-serum-ser-de-infrumusetare-pentru-par-vopsit-150-ml\/","name":"Medavita Blondie Sunset Blonde Enhancing Serum ser de infrumusetare pentru p\u0103r vopsit 150 ml - SHOPATOA.COM","isPartOf":{"@id":"https:\/\/shopatoa.com\/ro\/#website"},"primaryImageOfPage":{"@id":"https:\/\/shopatoa.com\/ro\/medavita-blondie-sunset-blonde-enhancing-serum-ser-de-infrumusetare-pentru-par-vopsit-150-ml\/#primaryimage"},"image":{"@id":"https:\/\/shopatoa.com\/ro\/medavita-blondie-sunset-blonde-enhancing-serum-ser-de-infrumusetare-pentru-par-vopsit-150-ml\/#primaryimage"},"thumbnailUrl":"https:\/\/storage.googleapis.com\/cz-shopatoa-img\/ro\/71105c81-unnamed-file.webp","datePublished":"2025-06-21T04:33:47+00:00","dateModified":"2025-12-08T19:26:03+00:00","breadcrumb":{"@id":"https:\/\/shopatoa.com\/ro\/medavita-blondie-sunset-blonde-enhancing-serum-ser-de-infrumusetare-pentru-par-vopsit-150-ml\/#breadcrumb"},"inLanguage":"ro-RO","potentialAction":[{"@type":"ReadAction","target":["https:\/\/shopatoa.com\/ro\/medavita-blondie-sunset-blonde-enhancing-serum-ser-de-infrumusetare-pentru-par-vopsit-150-ml\/"]}]},{"@type":"ImageObject","inLanguage":"ro-RO","@id":"https:\/\/shopatoa.com\/ro\/medavita-blondie-sunset-blonde-enhancing-serum-ser-de-infrumusetare-pentru-par-vopsit-150-ml\/#primaryimage","url":"https:\/\/storage.googleapis.com\/cz-shopatoa-img\/ro\/71105c81-unnamed-file.webp","contentUrl":"https:\/\/storage.googleapis.com\/cz-shopatoa-img\/ro\/71105c81-unnamed-file.webp","width":800,"height":800},{"@type":"BreadcrumbList","@id":"https:\/\/shopatoa.com\/ro\/medavita-blondie-sunset-blonde-enhancing-serum-ser-de-infrumusetare-pentru-par-vopsit-150-ml\/#breadcrumb","itemListElement":[{"@type":"ListItem","position":1,"name":"Dom\u016f","item":"https:\/\/shopatoa.com\/ro\/"},{"@type":"ListItem","position":2,"name":"Shop","item":"https:\/\/shopatoa.com\/ro\/shop\/"},{"@type":"ListItem","position":3,"name":"S\u0103n\u0103tate \u0219i frumuse\u021be","item":"https:\/\/shopatoa.com\/ro\/sanatate-si-frumusete\/"},{"@type":"ListItem","position":4,"name":"\u00cengrijire personal\u0103","item":"https:\/\/shopatoa.com\/ro\/ingrijire-personala\/"},{"@type":"ListItem","position":5,"name":"\u00cengrijirea p\u0103rului","item":"https:\/\/shopatoa.com\/ro\/ingrijirea-parului\/"},{"@type":"ListItem","position":6,"name":"Medavita Blondie Sunset Blonde Enhancing Serum ser de infrumusetare pentru p\u0103r vopsit 150 ml"}]},{"@type":"WebSite","@id":"https:\/\/shopatoa.com\/ro\/#website","url":"https:\/\/shopatoa.com\/ro\/","name":"SHOPATOA","description":"","publisher":{"@id":"https:\/\/shopatoa.com\/ro\/#organization"},"potentialAction":[{"@type":"SearchAction","target":{"@type":"EntryPoint","urlTemplate":"https:\/\/shopatoa.com\/ro\/?s={search_term_string}"},"query-input":{"@type":"PropertyValueSpecification","valueRequired":true,"valueName":"search_term_string"}}],"inLanguage":"ro-RO"},{"@type":"Organization","@id":"https:\/\/shopatoa.com\/ro\/#organization","name":"SHOPATOA","url":"https:\/\/shopatoa.com\/ro\/","logo":{"@type":"ImageObject","inLanguage":"ro-RO","@id":"https:\/\/shopatoa.com\/ro\/#\/schema\/logo\/image\/","url":"https:\/\/storage.googleapis.com\/cz-shopatoa-img\/ro\/b4dac915-shopatoa_logo.png","contentUrl":"https:\/\/storage.googleapis.com\/cz-shopatoa-img\/ro\/b4dac915-shopatoa_logo.png","width":416,"height":63,"caption":"SHOPATOA"},"image":{"@id":"https:\/\/shopatoa.com\/ro\/#\/schema\/logo\/image\/"}}]}},"_links":{"self":[{"href":"https:\/\/shopatoa.com\/ro\/wp-json\/wp\/v2\/product\/418771","targetHints":{"allow":["GET"]}}],"collection":[{"href":"https:\/\/shopatoa.com\/ro\/wp-json\/wp\/v2\/product"}],"about":[{"href":"https:\/\/shopatoa.com\/ro\/wp-json\/wp\/v2\/types\/product"}],"replies":[{"embeddable":true,"href":"https:\/\/shopatoa.com\/ro\/wp-json\/wp\/v2\/comments?post=418771"}],"wp:featuredmedia":[{"embeddable":true,"href":"https:\/\/shopatoa.com\/ro\/wp-json\/wp\/v2\/media\/418772"}],"wp:attachment":[{"href":"https:\/\/shopatoa.com\/ro\/wp-json\/wp\/v2\/media?parent=418771"}],"wp:term":[{"taxonomy":"product_brand","embeddable":true,"href":"https:\/\/shopatoa.com\/ro\/wp-json\/wp\/v2\/product_brand?post=418771"},{"taxonomy":"product_cat","embeddable":true,"href":"https:\/\/shopatoa.com\/ro\/wp-json\/wp\/v2\/product_cat?post=418771"},{"taxonomy":"product_tag","embeddable":true,"href":"https:\/\/shopatoa.com\/ro\/wp-json\/wp\/v2\/product_tag?post=418771"}],"curies":[{"name":"wp","href":"https:\/\/api.w.org\/{rel}","templated":true}]}}