{"id":419396,"date":"2025-06-21T08:04:12","date_gmt":"2025-06-21T06:04:12","guid":{"rendered":"https:\/\/shopatoa.com\/ro\/bell-hypoallergenic-paleta-cu-farduri-de-ochi-culoare-01-5-g\/"},"modified":"2025-12-09T19:26:35","modified_gmt":"2025-12-09T18:26:35","slug":"bell-hypoallergenic-paleta-cu-farduri-de-ochi-culoare-01-5-g","status":"publish","type":"product","link":"https:\/\/shopatoa.com\/ro\/bell-hypoallergenic-paleta-cu-farduri-de-ochi-culoare-01-5-g\/","title":{"rendered":"Bell Hypoallergenic palet\u0103 cu farduri de ochi culoare 01 5 g"},"content":{"rendered":"<p>Bell Hypoallergenic, 5 g, OchiPalete de farduri pentru ochi pentru femei, Dori\u021bi s\u0103 v\u0103 eviden\u021bia\u021bi privirea, s\u0103 v\u0103 contura\u021bi ochii \u0219i s\u0103 le sublinia\u021bi tr\u0103s\u0103turile? Paleta pentru machiajul ochilor Bell Hypoallergenic ofer\u0103 posibilitatea cre\u0103rii celor mai fantastice variante de machiaj pentru ochi. Con\u021bine nu doar unul, ci mai multe farduri de ochi compacte, care se completeaz\u0103 ideal cromatic \u0219i, prin urmare, pot fi combinate perfect pentru a crea diferite tipuri de machiaj \u2013 de la unul discret de zi la unul \u00eendr\u0103zne\u021b de sear\u0103. Fiecare fard ofer\u0103 o acoperire uniform\u0103 de culoare, se aplic\u0103 u\u0219or, se estompeaz\u0103 bine pierdut \u0219i se combin\u0103 cu alte farduri, f\u0103r\u0103 a crea gradiente vizibile nedorite.  Caracteristici:  creeaz\u0103 un fond de ten natural al ochilor pigmentare intens\u0103 textur\u0103 mat\u0103 u\u0219or de aplicat nu se adun\u0103 \u00een pliurile pleoapelor permite crearea unui machiaj variat testate oftalmologic  Ingrediente:  produs vegan  Cum se utilizeaz\u0103: Se aplic\u0103 umbrele pe pleoape cu peria, cu buretele de fond de ten sau cu buricele degetelor.<\/p>\n","protected":false},"excerpt":{"rendered":"<p>Bell Hypoallergenic, 5 g, OchiPalete de farduri pentru ochi pentru femei, Dori\u021bi s\u0103 v\u0103 eviden\u021bia\u021bi privirea, s\u0103 v\u0103 contura\u021bi ochii \u0219i s\u0103 le sublinia\u021bi tr\u0103s\u0103turile? Paleta pentru machiajul ochilor Bell Hypoallergenic ofer\u0103 posibilitatea cre\u0103rii celor mai fantastice variante de machiaj pentru ochi. Con\u021bine nu doar unul, ci mai multe farduri de ochi compacte, care se&#8230;<\/p>\n","protected":false},"featured_media":419397,"comment_status":"closed","ping_status":"open","template":"","meta":{"_acf_changed":false,"_kadence_starter_templates_imported_post":false,"_kad_post_transparent":"","_kad_post_title":"","_kad_post_layout":"","_kad_post_sidebar_id":"","_kad_post_content_style":"","_kad_post_vertical_padding":"","_kad_post_feature":"","_kad_post_feature_position":"","_kad_post_header":false,"_kad_post_footer":false,"_kad_post_classname":""},"product_brand":[2055],"product_cat":[1564,1600,1563,1576,1599,1562],"product_tag":[],"class_list":{"0":"post-419396","1":"product","2":"type-product","3":"status-publish","4":"has-post-thumbnail","6":"product_brand-bell","7":"product_cat-cosmetice-ingrijire-personala","8":"product_cat-fard-de-pleoape","9":"product_cat-ingrijire-personala","10":"product_cat-machiaj","11":"product_cat-machiaj-pentru-ochi-machiaj","12":"product_cat-sanatate-si-frumusete","13":"pa_gen-female","14":"pa_marime-5-g","16":"first","17":"instock","18":"sale","19":"product-type-external","20":"entry","21":"content-bg","22":"loop-entry"},"acf":[],"yoast_head":"<!-- This site is optimized with the Yoast SEO plugin v27.3 - https:\/\/yoast.com\/product\/yoast-seo-wordpress\/ -->\n<title>Bell Hypoallergenic palet\u0103 cu farduri de ochi culoare 01 5 g - SHOPATOA.COM<\/title>\n<meta name=\"robots\" content=\"index, follow, max-snippet:-1, max-image-preview:large, max-video-preview:-1\" \/>\n<link rel=\"canonical\" href=\"https:\/\/shopatoa.com\/ro\/bell-hypoallergenic-paleta-cu-farduri-de-ochi-culoare-01-5-g\/\" \/>\n<meta property=\"og:locale\" content=\"ro_RO\" \/>\n<meta property=\"og:type\" content=\"article\" \/>\n<meta property=\"og:title\" content=\"Bell Hypoallergenic palet\u0103 cu farduri de ochi culoare 01 5 g - SHOPATOA.COM\" \/>\n<meta property=\"og:description\" content=\"Bell Hypoallergenic, 5 g, OchiPalete de farduri pentru ochi pentru femei, Dori\u021bi s\u0103 v\u0103 eviden\u021bia\u021bi privirea, s\u0103 v\u0103 contura\u021bi ochii \u0219i s\u0103 le sublinia\u021bi tr\u0103s\u0103turile? Paleta pentru machiajul ochilor Bell Hypoallergenic ofer\u0103 posibilitatea cre\u0103rii celor mai fantastice variante de machiaj pentru ochi. Con\u021bine nu doar unul, ci mai multe farduri de ochi compacte, care se...\" \/>\n<meta property=\"og:url\" content=\"https:\/\/shopatoa.com\/ro\/bell-hypoallergenic-paleta-cu-farduri-de-ochi-culoare-01-5-g\/\" \/>\n<meta property=\"og:site_name\" content=\"SHOPATOA\" \/>\n<meta property=\"article:modified_time\" content=\"2025-12-09T18:26:35+00:00\" \/>\n<meta property=\"og:image\" content=\"https:\/\/storage.googleapis.com\/cz-shopatoa-img\/ro\/b6ac057c-unnamed-file.webp\" \/>\n\t<meta property=\"og:image:width\" content=\"800\" \/>\n\t<meta property=\"og:image:height\" content=\"800\" \/>\n\t<meta property=\"og:image:type\" content=\"image\/webp\" \/>\n<meta name=\"twitter:card\" content=\"summary_large_image\" \/>\n<meta name=\"twitter:label1\" content=\"Timp estimat pentru citire\" \/>\n\t<meta name=\"twitter:data1\" content=\"1 minut\" \/>\n<script type=\"application\/ld+json\" class=\"yoast-schema-graph\">{\"@context\":\"https:\\\/\\\/schema.org\",\"@graph\":[{\"@type\":\"WebPage\",\"@id\":\"https:\\\/\\\/shopatoa.com\\\/ro\\\/bell-hypoallergenic-paleta-cu-farduri-de-ochi-culoare-01-5-g\\\/\",\"url\":\"https:\\\/\\\/shopatoa.com\\\/ro\\\/bell-hypoallergenic-paleta-cu-farduri-de-ochi-culoare-01-5-g\\\/\",\"name\":\"Bell Hypoallergenic palet\u0103 cu farduri de ochi culoare 01 5 g - SHOPATOA.COM\",\"isPartOf\":{\"@id\":\"https:\\\/\\\/shopatoa.com\\\/ro\\\/#website\"},\"primaryImageOfPage\":{\"@id\":\"https:\\\/\\\/shopatoa.com\\\/ro\\\/bell-hypoallergenic-paleta-cu-farduri-de-ochi-culoare-01-5-g\\\/#primaryimage\"},\"image\":{\"@id\":\"https:\\\/\\\/shopatoa.com\\\/ro\\\/bell-hypoallergenic-paleta-cu-farduri-de-ochi-culoare-01-5-g\\\/#primaryimage\"},\"thumbnailUrl\":\"https:\\\/\\\/storage.googleapis.com\\\/cz-shopatoa-img\\\/ro\\\/b6ac057c-unnamed-file.webp\",\"datePublished\":\"2025-06-21T06:04:12+00:00\",\"dateModified\":\"2025-12-09T18:26:35+00:00\",\"breadcrumb\":{\"@id\":\"https:\\\/\\\/shopatoa.com\\\/ro\\\/bell-hypoallergenic-paleta-cu-farduri-de-ochi-culoare-01-5-g\\\/#breadcrumb\"},\"inLanguage\":\"ro-RO\",\"potentialAction\":[{\"@type\":\"ReadAction\",\"target\":[\"https:\\\/\\\/shopatoa.com\\\/ro\\\/bell-hypoallergenic-paleta-cu-farduri-de-ochi-culoare-01-5-g\\\/\"]}]},{\"@type\":\"ImageObject\",\"inLanguage\":\"ro-RO\",\"@id\":\"https:\\\/\\\/shopatoa.com\\\/ro\\\/bell-hypoallergenic-paleta-cu-farduri-de-ochi-culoare-01-5-g\\\/#primaryimage\",\"url\":\"https:\\\/\\\/storage.googleapis.com\\\/cz-shopatoa-img\\\/ro\\\/b6ac057c-unnamed-file.webp\",\"contentUrl\":\"https:\\\/\\\/storage.googleapis.com\\\/cz-shopatoa-img\\\/ro\\\/b6ac057c-unnamed-file.webp\",\"width\":800,\"height\":800},{\"@type\":\"BreadcrumbList\",\"@id\":\"https:\\\/\\\/shopatoa.com\\\/ro\\\/bell-hypoallergenic-paleta-cu-farduri-de-ochi-culoare-01-5-g\\\/#breadcrumb\",\"itemListElement\":[{\"@type\":\"ListItem\",\"position\":1,\"name\":\"Dom\u016f\",\"item\":\"https:\\\/\\\/shopatoa.com\\\/ro\\\/\"},{\"@type\":\"ListItem\",\"position\":2,\"name\":\"Shop\",\"item\":\"https:\\\/\\\/shopatoa.com\\\/ro\\\/shop\\\/\"},{\"@type\":\"ListItem\",\"position\":3,\"name\":\"S\u0103n\u0103tate \u0219i frumuse\u021be\",\"item\":\"https:\\\/\\\/shopatoa.com\\\/ro\\\/sanatate-si-frumusete\\\/\"},{\"@type\":\"ListItem\",\"position\":4,\"name\":\"\u00cengrijire personal\u0103\",\"item\":\"https:\\\/\\\/shopatoa.com\\\/ro\\\/ingrijire-personala\\\/\"},{\"@type\":\"ListItem\",\"position\":5,\"name\":\"Cosmetice\",\"item\":\"https:\\\/\\\/shopatoa.com\\\/ro\\\/cosmetice-ingrijire-personala\\\/\"},{\"@type\":\"ListItem\",\"position\":6,\"name\":\"Machiaj\",\"item\":\"https:\\\/\\\/shopatoa.com\\\/ro\\\/machiaj\\\/\"},{\"@type\":\"ListItem\",\"position\":7,\"name\":\"Machiaj pentru ochi\",\"item\":\"https:\\\/\\\/shopatoa.com\\\/ro\\\/machiaj-pentru-ochi-machiaj\\\/\"},{\"@type\":\"ListItem\",\"position\":8,\"name\":\"Fard de pleoape\",\"item\":\"https:\\\/\\\/shopatoa.com\\\/ro\\\/fard-de-pleoape\\\/\"},{\"@type\":\"ListItem\",\"position\":9,\"name\":\"Bell Hypoallergenic palet\u0103 cu farduri de ochi culoare 01 5 g\"}]},{\"@type\":\"WebSite\",\"@id\":\"https:\\\/\\\/shopatoa.com\\\/ro\\\/#website\",\"url\":\"https:\\\/\\\/shopatoa.com\\\/ro\\\/\",\"name\":\"SHOPATOA\",\"description\":\"\",\"publisher\":{\"@id\":\"https:\\\/\\\/shopatoa.com\\\/ro\\\/#organization\"},\"potentialAction\":[{\"@type\":\"SearchAction\",\"target\":{\"@type\":\"EntryPoint\",\"urlTemplate\":\"https:\\\/\\\/shopatoa.com\\\/ro\\\/?s={search_term_string}\"},\"query-input\":{\"@type\":\"PropertyValueSpecification\",\"valueRequired\":true,\"valueName\":\"search_term_string\"}}],\"inLanguage\":\"ro-RO\"},{\"@type\":\"Organization\",\"@id\":\"https:\\\/\\\/shopatoa.com\\\/ro\\\/#organization\",\"name\":\"SHOPATOA\",\"url\":\"https:\\\/\\\/shopatoa.com\\\/ro\\\/\",\"logo\":{\"@type\":\"ImageObject\",\"inLanguage\":\"ro-RO\",\"@id\":\"https:\\\/\\\/shopatoa.com\\\/ro\\\/#\\\/schema\\\/logo\\\/image\\\/\",\"url\":\"https:\\\/\\\/storage.googleapis.com\\\/cz-shopatoa-img\\\/ro\\\/b4dac915-shopatoa_logo.png\",\"contentUrl\":\"https:\\\/\\\/storage.googleapis.com\\\/cz-shopatoa-img\\\/ro\\\/b4dac915-shopatoa_logo.png\",\"width\":416,\"height\":63,\"caption\":\"SHOPATOA\"},\"image\":{\"@id\":\"https:\\\/\\\/shopatoa.com\\\/ro\\\/#\\\/schema\\\/logo\\\/image\\\/\"}}]}<\/script>\n<!-- \/ Yoast SEO plugin. -->","yoast_head_json":{"title":"Bell Hypoallergenic palet\u0103 cu farduri de ochi culoare 01 5 g - SHOPATOA.COM","robots":{"index":"index","follow":"follow","max-snippet":"max-snippet:-1","max-image-preview":"max-image-preview:large","max-video-preview":"max-video-preview:-1"},"canonical":"https:\/\/shopatoa.com\/ro\/bell-hypoallergenic-paleta-cu-farduri-de-ochi-culoare-01-5-g\/","og_locale":"ro_RO","og_type":"article","og_title":"Bell Hypoallergenic palet\u0103 cu farduri de ochi culoare 01 5 g - SHOPATOA.COM","og_description":"Bell Hypoallergenic, 5 g, OchiPalete de farduri pentru ochi pentru femei, Dori\u021bi s\u0103 v\u0103 eviden\u021bia\u021bi privirea, s\u0103 v\u0103 contura\u021bi ochii \u0219i s\u0103 le sublinia\u021bi tr\u0103s\u0103turile? Paleta pentru machiajul ochilor Bell Hypoallergenic ofer\u0103 posibilitatea cre\u0103rii celor mai fantastice variante de machiaj pentru ochi. Con\u021bine nu doar unul, ci mai multe farduri de ochi compacte, care se...","og_url":"https:\/\/shopatoa.com\/ro\/bell-hypoallergenic-paleta-cu-farduri-de-ochi-culoare-01-5-g\/","og_site_name":"SHOPATOA","article_modified_time":"2025-12-09T18:26:35+00:00","og_image":[{"width":800,"height":800,"url":"https:\/\/storage.googleapis.com\/cz-shopatoa-img\/ro\/b6ac057c-unnamed-file.webp","type":"image\/webp"}],"twitter_card":"summary_large_image","twitter_misc":{"Timp estimat pentru citire":"1 minut"},"schema":{"@context":"https:\/\/schema.org","@graph":[{"@type":"WebPage","@id":"https:\/\/shopatoa.com\/ro\/bell-hypoallergenic-paleta-cu-farduri-de-ochi-culoare-01-5-g\/","url":"https:\/\/shopatoa.com\/ro\/bell-hypoallergenic-paleta-cu-farduri-de-ochi-culoare-01-5-g\/","name":"Bell Hypoallergenic palet\u0103 cu farduri de ochi culoare 01 5 g - SHOPATOA.COM","isPartOf":{"@id":"https:\/\/shopatoa.com\/ro\/#website"},"primaryImageOfPage":{"@id":"https:\/\/shopatoa.com\/ro\/bell-hypoallergenic-paleta-cu-farduri-de-ochi-culoare-01-5-g\/#primaryimage"},"image":{"@id":"https:\/\/shopatoa.com\/ro\/bell-hypoallergenic-paleta-cu-farduri-de-ochi-culoare-01-5-g\/#primaryimage"},"thumbnailUrl":"https:\/\/storage.googleapis.com\/cz-shopatoa-img\/ro\/b6ac057c-unnamed-file.webp","datePublished":"2025-06-21T06:04:12+00:00","dateModified":"2025-12-09T18:26:35+00:00","breadcrumb":{"@id":"https:\/\/shopatoa.com\/ro\/bell-hypoallergenic-paleta-cu-farduri-de-ochi-culoare-01-5-g\/#breadcrumb"},"inLanguage":"ro-RO","potentialAction":[{"@type":"ReadAction","target":["https:\/\/shopatoa.com\/ro\/bell-hypoallergenic-paleta-cu-farduri-de-ochi-culoare-01-5-g\/"]}]},{"@type":"ImageObject","inLanguage":"ro-RO","@id":"https:\/\/shopatoa.com\/ro\/bell-hypoallergenic-paleta-cu-farduri-de-ochi-culoare-01-5-g\/#primaryimage","url":"https:\/\/storage.googleapis.com\/cz-shopatoa-img\/ro\/b6ac057c-unnamed-file.webp","contentUrl":"https:\/\/storage.googleapis.com\/cz-shopatoa-img\/ro\/b6ac057c-unnamed-file.webp","width":800,"height":800},{"@type":"BreadcrumbList","@id":"https:\/\/shopatoa.com\/ro\/bell-hypoallergenic-paleta-cu-farduri-de-ochi-culoare-01-5-g\/#breadcrumb","itemListElement":[{"@type":"ListItem","position":1,"name":"Dom\u016f","item":"https:\/\/shopatoa.com\/ro\/"},{"@type":"ListItem","position":2,"name":"Shop","item":"https:\/\/shopatoa.com\/ro\/shop\/"},{"@type":"ListItem","position":3,"name":"S\u0103n\u0103tate \u0219i frumuse\u021be","item":"https:\/\/shopatoa.com\/ro\/sanatate-si-frumusete\/"},{"@type":"ListItem","position":4,"name":"\u00cengrijire personal\u0103","item":"https:\/\/shopatoa.com\/ro\/ingrijire-personala\/"},{"@type":"ListItem","position":5,"name":"Cosmetice","item":"https:\/\/shopatoa.com\/ro\/cosmetice-ingrijire-personala\/"},{"@type":"ListItem","position":6,"name":"Machiaj","item":"https:\/\/shopatoa.com\/ro\/machiaj\/"},{"@type":"ListItem","position":7,"name":"Machiaj pentru ochi","item":"https:\/\/shopatoa.com\/ro\/machiaj-pentru-ochi-machiaj\/"},{"@type":"ListItem","position":8,"name":"Fard de pleoape","item":"https:\/\/shopatoa.com\/ro\/fard-de-pleoape\/"},{"@type":"ListItem","position":9,"name":"Bell Hypoallergenic palet\u0103 cu farduri de ochi culoare 01 5 g"}]},{"@type":"WebSite","@id":"https:\/\/shopatoa.com\/ro\/#website","url":"https:\/\/shopatoa.com\/ro\/","name":"SHOPATOA","description":"","publisher":{"@id":"https:\/\/shopatoa.com\/ro\/#organization"},"potentialAction":[{"@type":"SearchAction","target":{"@type":"EntryPoint","urlTemplate":"https:\/\/shopatoa.com\/ro\/?s={search_term_string}"},"query-input":{"@type":"PropertyValueSpecification","valueRequired":true,"valueName":"search_term_string"}}],"inLanguage":"ro-RO"},{"@type":"Organization","@id":"https:\/\/shopatoa.com\/ro\/#organization","name":"SHOPATOA","url":"https:\/\/shopatoa.com\/ro\/","logo":{"@type":"ImageObject","inLanguage":"ro-RO","@id":"https:\/\/shopatoa.com\/ro\/#\/schema\/logo\/image\/","url":"https:\/\/storage.googleapis.com\/cz-shopatoa-img\/ro\/b4dac915-shopatoa_logo.png","contentUrl":"https:\/\/storage.googleapis.com\/cz-shopatoa-img\/ro\/b4dac915-shopatoa_logo.png","width":416,"height":63,"caption":"SHOPATOA"},"image":{"@id":"https:\/\/shopatoa.com\/ro\/#\/schema\/logo\/image\/"}}]}},"_links":{"self":[{"href":"https:\/\/shopatoa.com\/ro\/wp-json\/wp\/v2\/product\/419396","targetHints":{"allow":["GET"]}}],"collection":[{"href":"https:\/\/shopatoa.com\/ro\/wp-json\/wp\/v2\/product"}],"about":[{"href":"https:\/\/shopatoa.com\/ro\/wp-json\/wp\/v2\/types\/product"}],"replies":[{"embeddable":true,"href":"https:\/\/shopatoa.com\/ro\/wp-json\/wp\/v2\/comments?post=419396"}],"wp:featuredmedia":[{"embeddable":true,"href":"https:\/\/shopatoa.com\/ro\/wp-json\/wp\/v2\/media\/419397"}],"wp:attachment":[{"href":"https:\/\/shopatoa.com\/ro\/wp-json\/wp\/v2\/media?parent=419396"}],"wp:term":[{"taxonomy":"product_brand","embeddable":true,"href":"https:\/\/shopatoa.com\/ro\/wp-json\/wp\/v2\/product_brand?post=419396"},{"taxonomy":"product_cat","embeddable":true,"href":"https:\/\/shopatoa.com\/ro\/wp-json\/wp\/v2\/product_cat?post=419396"},{"taxonomy":"product_tag","embeddable":true,"href":"https:\/\/shopatoa.com\/ro\/wp-json\/wp\/v2\/product_tag?post=419396"}],"curies":[{"name":"wp","href":"https:\/\/api.w.org\/{rel}","templated":true}]}}