{"id":419587,"date":"2025-06-21T08:32:36","date_gmt":"2025-06-21T06:32:36","guid":{"rendered":"https:\/\/shopatoa.com\/ro\/idc-institute-advend-calendar-calendar-de-craciun\/"},"modified":"2025-11-15T04:14:56","modified_gmt":"2025-11-15T03:14:56","slug":"idc-institute-advend-calendar-calendar-de-craciun","status":"publish","type":"product","link":"https:\/\/shopatoa.com\/ro\/idc-institute-advend-calendar-calendar-de-craciun\/","title":{"rendered":"IDC Institute Advend Calendar Calendar de Cr\u0103ciun"},"content":{"rendered":"<p>IDC Institute Advend Calendar, \u00cengrijirea corpului pentru femei, Pentru ca a\u0219teptarea Cr\u0103ciunului s\u0103 fie \u0219i mai pl\u0103cut\u0103, calendarul de Advent IDC Institute Advend Calendar con\u021bine 24 de surprize cosmetice, cu care fiecare zi este mai frumoas\u0103. Este suficient s\u0103 deschide\u021bi ferestruica. Ho, ho, ho! Cr\u0103ciunul bate la u\u0219\u0103 \u0219i, ca \u00een fiecare an, merit\u0103 s\u0103 alege\u021bi cadourile de Cr\u0103ciun din timp. Anul acesta v-am preg\u0103tit cutii luxoase de Cr\u0103ciun, doldora de bestseller-uri din lumea parfumurilor \u0219i a cosmeticelor, pe care vi le livr\u0103m \u00eentr-un frumos ambalaj cadou. Pute\u021bi alege dintr-o sumedenie de produse, l\u0103s\u00e2nd designul cutiei pe seama noastr\u0103, deoarece Cr\u0103ciunul \u00eenseamn\u0103, \u00een primul r\u00e2nd, surprize minunate!  Setul con\u021bine:  gel de du\u0219 activ 30 ml sampon hidratant fara greutate 30 ml Lotiune de corp pentru catifelare 30 ml balsam expres pentru p\u0103r 30 ml exfoliant pentru corp 30 ml exfoliant facial revigorant 30 ml sapun pentru curatarea fetei 20 ml unt de corp cremos 20 ml crema de picioare 20 ml crema de fata hidratanta 10 ml masca gel faciale 8 ml balsam de buze 10 g sare de baie 30 g bomb\u0103 de baie 2&#215;30 g bomb\u0103 de baie 20 g saruri de baie 7 g s\u0103pun solid pentru cur\u0103\u021bare 20 g s\u0103pun solid pentru cur\u0103\u021bare 3,5 g agraf\u0103 de p\u0103r 1 buc burete pentru spalare 1 buc separator pentru degete 1 buc pil\u0103 de unghii 1 buc crema antistres pentru maini 30 ml  Caracteristici:  hidrateaz\u0103 \u0219i hr\u0103ne\u0219te pielea las\u0103 pielea fin\u0103 \u0219i neted\u0103 regenereaz\u0103 se absoarbe rapid miroase pl\u0103cut are efect de calmare \u00eendep\u0103rteaz\u0103 celulele epiteliale moarte spal\u0103 toate impurit\u0103\u021bile u\u0219or de aplicat, se absoarbe bine hr\u0103ne\u0219te pielea calendar de Cr\u0103ciun o fereastr\u0103 de deschis \u00een fiecare zi  Cum se utilizeaz\u0103: Se poate utiliza \u00een fiecare zi. Folosi\u021bi fiecare produs din setul cosmetic conform instruc\u021biunilor proprii.<\/p>\n","protected":false},"excerpt":{"rendered":"<p>IDC Institute Advend Calendar, \u00cengrijirea corpului pentru femei, Pentru ca a\u0219teptarea Cr\u0103ciunului s\u0103 fie \u0219i mai pl\u0103cut\u0103, calendarul de Advent IDC Institute Advend Calendar con\u021bine 24 de surprize cosmetice, cu care fiecare zi este mai frumoas\u0103. Este suficient s\u0103 deschide\u021bi ferestruica. Ho, ho, ho! Cr\u0103ciunul bate la u\u0219\u0103 \u0219i, ca \u00een fiecare an, merit\u0103 s\u0103&#8230;<\/p>\n","protected":false},"featured_media":419588,"comment_status":"closed","ping_status":"open","template":"","meta":{"_acf_changed":false,"_kadence_starter_templates_imported_post":false,"_kad_post_transparent":"","_kad_post_title":"","_kad_post_layout":"","_kad_post_sidebar_id":"","_kad_post_content_style":"","_kad_post_vertical_padding":"","_kad_post_feature":"","_kad_post_feature_position":"","_kad_post_header":false,"_kad_post_footer":false,"_kad_post_classname":""},"product_brand":[2154],"product_cat":[1564,1563,1565,1562],"product_tag":[],"class_list":{"0":"post-419587","1":"product","2":"type-product","3":"status-publish","4":"has-post-thumbnail","6":"product_brand-idc-institute","7":"product_cat-cosmetice-ingrijire-personala","8":"product_cat-ingrijire-personala","9":"product_cat-ingrijirea-pielii","10":"product_cat-sanatate-si-frumusete","11":"pa_gen-female","13":"first","14":"instock","15":"sale","16":"product-type-external","17":"entry","18":"content-bg","19":"loop-entry"},"acf":[],"yoast_head":"<!-- This site is optimized with the Yoast SEO plugin v27.4 - https:\/\/yoast.com\/product\/yoast-seo-wordpress\/ -->\n<title>IDC Institute Advend Calendar Calendar de Cr\u0103ciun - SHOPATOA.COM<\/title>\n<meta name=\"robots\" content=\"index, follow, max-snippet:-1, max-image-preview:large, max-video-preview:-1\" \/>\n<link rel=\"canonical\" href=\"https:\/\/shopatoa.com\/ro\/idc-institute-advend-calendar-calendar-de-craciun\/\" \/>\n<meta property=\"og:locale\" content=\"ro_RO\" \/>\n<meta property=\"og:type\" content=\"article\" \/>\n<meta property=\"og:title\" content=\"IDC Institute Advend Calendar Calendar de Cr\u0103ciun - SHOPATOA.COM\" \/>\n<meta property=\"og:description\" content=\"IDC Institute Advend Calendar, \u00cengrijirea corpului pentru femei, Pentru ca a\u0219teptarea Cr\u0103ciunului s\u0103 fie \u0219i mai pl\u0103cut\u0103, calendarul de Advent IDC Institute Advend Calendar con\u021bine 24 de surprize cosmetice, cu care fiecare zi este mai frumoas\u0103. Este suficient s\u0103 deschide\u021bi ferestruica. Ho, ho, ho! Cr\u0103ciunul bate la u\u0219\u0103 \u0219i, ca \u00een fiecare an, merit\u0103 s\u0103...\" \/>\n<meta property=\"og:url\" content=\"https:\/\/shopatoa.com\/ro\/idc-institute-advend-calendar-calendar-de-craciun\/\" \/>\n<meta property=\"og:site_name\" content=\"SHOPATOA\" \/>\n<meta property=\"article:modified_time\" content=\"2025-11-15T03:14:56+00:00\" \/>\n<meta property=\"og:image\" content=\"https:\/\/storage.googleapis.com\/cz-shopatoa-img\/ro\/d5dcfeed-unnamed-file.webp\" \/>\n\t<meta property=\"og:image:width\" content=\"800\" \/>\n\t<meta property=\"og:image:height\" content=\"800\" \/>\n\t<meta property=\"og:image:type\" content=\"image\/webp\" \/>\n<meta name=\"twitter:card\" content=\"summary_large_image\" \/>\n<meta name=\"twitter:label1\" content=\"Timp estimat pentru citire\" \/>\n\t<meta name=\"twitter:data1\" content=\"2 minute\" \/>\n<script type=\"application\/ld+json\" class=\"yoast-schema-graph\">{\"@context\":\"https:\\\/\\\/schema.org\",\"@graph\":[{\"@type\":\"WebPage\",\"@id\":\"https:\\\/\\\/shopatoa.com\\\/ro\\\/idc-institute-advend-calendar-calendar-de-craciun\\\/\",\"url\":\"https:\\\/\\\/shopatoa.com\\\/ro\\\/idc-institute-advend-calendar-calendar-de-craciun\\\/\",\"name\":\"IDC Institute Advend Calendar Calendar de Cr\u0103ciun - SHOPATOA.COM\",\"isPartOf\":{\"@id\":\"https:\\\/\\\/shopatoa.com\\\/ro\\\/#website\"},\"primaryImageOfPage\":{\"@id\":\"https:\\\/\\\/shopatoa.com\\\/ro\\\/idc-institute-advend-calendar-calendar-de-craciun\\\/#primaryimage\"},\"image\":{\"@id\":\"https:\\\/\\\/shopatoa.com\\\/ro\\\/idc-institute-advend-calendar-calendar-de-craciun\\\/#primaryimage\"},\"thumbnailUrl\":\"https:\\\/\\\/storage.googleapis.com\\\/cz-shopatoa-img\\\/ro\\\/d5dcfeed-unnamed-file.webp\",\"datePublished\":\"2025-06-21T06:32:36+00:00\",\"dateModified\":\"2025-11-15T03:14:56+00:00\",\"breadcrumb\":{\"@id\":\"https:\\\/\\\/shopatoa.com\\\/ro\\\/idc-institute-advend-calendar-calendar-de-craciun\\\/#breadcrumb\"},\"inLanguage\":\"ro-RO\",\"potentialAction\":[{\"@type\":\"ReadAction\",\"target\":[\"https:\\\/\\\/shopatoa.com\\\/ro\\\/idc-institute-advend-calendar-calendar-de-craciun\\\/\"]}]},{\"@type\":\"ImageObject\",\"inLanguage\":\"ro-RO\",\"@id\":\"https:\\\/\\\/shopatoa.com\\\/ro\\\/idc-institute-advend-calendar-calendar-de-craciun\\\/#primaryimage\",\"url\":\"https:\\\/\\\/storage.googleapis.com\\\/cz-shopatoa-img\\\/ro\\\/d5dcfeed-unnamed-file.webp\",\"contentUrl\":\"https:\\\/\\\/storage.googleapis.com\\\/cz-shopatoa-img\\\/ro\\\/d5dcfeed-unnamed-file.webp\",\"width\":800,\"height\":800},{\"@type\":\"BreadcrumbList\",\"@id\":\"https:\\\/\\\/shopatoa.com\\\/ro\\\/idc-institute-advend-calendar-calendar-de-craciun\\\/#breadcrumb\",\"itemListElement\":[{\"@type\":\"ListItem\",\"position\":1,\"name\":\"Dom\u016f\",\"item\":\"https:\\\/\\\/shopatoa.com\\\/ro\\\/\"},{\"@type\":\"ListItem\",\"position\":2,\"name\":\"Shop\",\"item\":\"https:\\\/\\\/shopatoa.com\\\/ro\\\/shop\\\/\"},{\"@type\":\"ListItem\",\"position\":3,\"name\":\"S\u0103n\u0103tate \u0219i frumuse\u021be\",\"item\":\"https:\\\/\\\/shopatoa.com\\\/ro\\\/sanatate-si-frumusete\\\/\"},{\"@type\":\"ListItem\",\"position\":4,\"name\":\"\u00cengrijire personal\u0103\",\"item\":\"https:\\\/\\\/shopatoa.com\\\/ro\\\/ingrijire-personala\\\/\"},{\"@type\":\"ListItem\",\"position\":5,\"name\":\"Cosmetice\",\"item\":\"https:\\\/\\\/shopatoa.com\\\/ro\\\/cosmetice-ingrijire-personala\\\/\"},{\"@type\":\"ListItem\",\"position\":6,\"name\":\"\u00cengrijirea pielii\",\"item\":\"https:\\\/\\\/shopatoa.com\\\/ro\\\/ingrijirea-pielii\\\/\"},{\"@type\":\"ListItem\",\"position\":7,\"name\":\"IDC Institute Advend Calendar Calendar de Cr\u0103ciun\"}]},{\"@type\":\"WebSite\",\"@id\":\"https:\\\/\\\/shopatoa.com\\\/ro\\\/#website\",\"url\":\"https:\\\/\\\/shopatoa.com\\\/ro\\\/\",\"name\":\"SHOPATOA\",\"description\":\"\",\"publisher\":{\"@id\":\"https:\\\/\\\/shopatoa.com\\\/ro\\\/#organization\"},\"potentialAction\":[{\"@type\":\"SearchAction\",\"target\":{\"@type\":\"EntryPoint\",\"urlTemplate\":\"https:\\\/\\\/shopatoa.com\\\/ro\\\/?s={search_term_string}\"},\"query-input\":{\"@type\":\"PropertyValueSpecification\",\"valueRequired\":true,\"valueName\":\"search_term_string\"}}],\"inLanguage\":\"ro-RO\"},{\"@type\":\"Organization\",\"@id\":\"https:\\\/\\\/shopatoa.com\\\/ro\\\/#organization\",\"name\":\"SHOPATOA\",\"url\":\"https:\\\/\\\/shopatoa.com\\\/ro\\\/\",\"logo\":{\"@type\":\"ImageObject\",\"inLanguage\":\"ro-RO\",\"@id\":\"https:\\\/\\\/shopatoa.com\\\/ro\\\/#\\\/schema\\\/logo\\\/image\\\/\",\"url\":\"https:\\\/\\\/storage.googleapis.com\\\/cz-shopatoa-img\\\/ro\\\/b4dac915-shopatoa_logo.png\",\"contentUrl\":\"https:\\\/\\\/storage.googleapis.com\\\/cz-shopatoa-img\\\/ro\\\/b4dac915-shopatoa_logo.png\",\"width\":416,\"height\":63,\"caption\":\"SHOPATOA\"},\"image\":{\"@id\":\"https:\\\/\\\/shopatoa.com\\\/ro\\\/#\\\/schema\\\/logo\\\/image\\\/\"}}]}<\/script>\n<!-- \/ Yoast SEO plugin. -->","yoast_head_json":{"title":"IDC Institute Advend Calendar Calendar de Cr\u0103ciun - SHOPATOA.COM","robots":{"index":"index","follow":"follow","max-snippet":"max-snippet:-1","max-image-preview":"max-image-preview:large","max-video-preview":"max-video-preview:-1"},"canonical":"https:\/\/shopatoa.com\/ro\/idc-institute-advend-calendar-calendar-de-craciun\/","og_locale":"ro_RO","og_type":"article","og_title":"IDC Institute Advend Calendar Calendar de Cr\u0103ciun - SHOPATOA.COM","og_description":"IDC Institute Advend Calendar, \u00cengrijirea corpului pentru femei, Pentru ca a\u0219teptarea Cr\u0103ciunului s\u0103 fie \u0219i mai pl\u0103cut\u0103, calendarul de Advent IDC Institute Advend Calendar con\u021bine 24 de surprize cosmetice, cu care fiecare zi este mai frumoas\u0103. Este suficient s\u0103 deschide\u021bi ferestruica. Ho, ho, ho! Cr\u0103ciunul bate la u\u0219\u0103 \u0219i, ca \u00een fiecare an, merit\u0103 s\u0103...","og_url":"https:\/\/shopatoa.com\/ro\/idc-institute-advend-calendar-calendar-de-craciun\/","og_site_name":"SHOPATOA","article_modified_time":"2025-11-15T03:14:56+00:00","og_image":[{"width":800,"height":800,"url":"https:\/\/storage.googleapis.com\/cz-shopatoa-img\/ro\/d5dcfeed-unnamed-file.webp","type":"image\/webp"}],"twitter_card":"summary_large_image","twitter_misc":{"Timp estimat pentru citire":"2 minute"},"schema":{"@context":"https:\/\/schema.org","@graph":[{"@type":"WebPage","@id":"https:\/\/shopatoa.com\/ro\/idc-institute-advend-calendar-calendar-de-craciun\/","url":"https:\/\/shopatoa.com\/ro\/idc-institute-advend-calendar-calendar-de-craciun\/","name":"IDC Institute Advend Calendar Calendar de Cr\u0103ciun - SHOPATOA.COM","isPartOf":{"@id":"https:\/\/shopatoa.com\/ro\/#website"},"primaryImageOfPage":{"@id":"https:\/\/shopatoa.com\/ro\/idc-institute-advend-calendar-calendar-de-craciun\/#primaryimage"},"image":{"@id":"https:\/\/shopatoa.com\/ro\/idc-institute-advend-calendar-calendar-de-craciun\/#primaryimage"},"thumbnailUrl":"https:\/\/storage.googleapis.com\/cz-shopatoa-img\/ro\/d5dcfeed-unnamed-file.webp","datePublished":"2025-06-21T06:32:36+00:00","dateModified":"2025-11-15T03:14:56+00:00","breadcrumb":{"@id":"https:\/\/shopatoa.com\/ro\/idc-institute-advend-calendar-calendar-de-craciun\/#breadcrumb"},"inLanguage":"ro-RO","potentialAction":[{"@type":"ReadAction","target":["https:\/\/shopatoa.com\/ro\/idc-institute-advend-calendar-calendar-de-craciun\/"]}]},{"@type":"ImageObject","inLanguage":"ro-RO","@id":"https:\/\/shopatoa.com\/ro\/idc-institute-advend-calendar-calendar-de-craciun\/#primaryimage","url":"https:\/\/storage.googleapis.com\/cz-shopatoa-img\/ro\/d5dcfeed-unnamed-file.webp","contentUrl":"https:\/\/storage.googleapis.com\/cz-shopatoa-img\/ro\/d5dcfeed-unnamed-file.webp","width":800,"height":800},{"@type":"BreadcrumbList","@id":"https:\/\/shopatoa.com\/ro\/idc-institute-advend-calendar-calendar-de-craciun\/#breadcrumb","itemListElement":[{"@type":"ListItem","position":1,"name":"Dom\u016f","item":"https:\/\/shopatoa.com\/ro\/"},{"@type":"ListItem","position":2,"name":"Shop","item":"https:\/\/shopatoa.com\/ro\/shop\/"},{"@type":"ListItem","position":3,"name":"S\u0103n\u0103tate \u0219i frumuse\u021be","item":"https:\/\/shopatoa.com\/ro\/sanatate-si-frumusete\/"},{"@type":"ListItem","position":4,"name":"\u00cengrijire personal\u0103","item":"https:\/\/shopatoa.com\/ro\/ingrijire-personala\/"},{"@type":"ListItem","position":5,"name":"Cosmetice","item":"https:\/\/shopatoa.com\/ro\/cosmetice-ingrijire-personala\/"},{"@type":"ListItem","position":6,"name":"\u00cengrijirea pielii","item":"https:\/\/shopatoa.com\/ro\/ingrijirea-pielii\/"},{"@type":"ListItem","position":7,"name":"IDC Institute Advend Calendar Calendar de Cr\u0103ciun"}]},{"@type":"WebSite","@id":"https:\/\/shopatoa.com\/ro\/#website","url":"https:\/\/shopatoa.com\/ro\/","name":"SHOPATOA","description":"","publisher":{"@id":"https:\/\/shopatoa.com\/ro\/#organization"},"potentialAction":[{"@type":"SearchAction","target":{"@type":"EntryPoint","urlTemplate":"https:\/\/shopatoa.com\/ro\/?s={search_term_string}"},"query-input":{"@type":"PropertyValueSpecification","valueRequired":true,"valueName":"search_term_string"}}],"inLanguage":"ro-RO"},{"@type":"Organization","@id":"https:\/\/shopatoa.com\/ro\/#organization","name":"SHOPATOA","url":"https:\/\/shopatoa.com\/ro\/","logo":{"@type":"ImageObject","inLanguage":"ro-RO","@id":"https:\/\/shopatoa.com\/ro\/#\/schema\/logo\/image\/","url":"https:\/\/storage.googleapis.com\/cz-shopatoa-img\/ro\/b4dac915-shopatoa_logo.png","contentUrl":"https:\/\/storage.googleapis.com\/cz-shopatoa-img\/ro\/b4dac915-shopatoa_logo.png","width":416,"height":63,"caption":"SHOPATOA"},"image":{"@id":"https:\/\/shopatoa.com\/ro\/#\/schema\/logo\/image\/"}}]}},"_links":{"self":[{"href":"https:\/\/shopatoa.com\/ro\/wp-json\/wp\/v2\/product\/419587","targetHints":{"allow":["GET"]}}],"collection":[{"href":"https:\/\/shopatoa.com\/ro\/wp-json\/wp\/v2\/product"}],"about":[{"href":"https:\/\/shopatoa.com\/ro\/wp-json\/wp\/v2\/types\/product"}],"replies":[{"embeddable":true,"href":"https:\/\/shopatoa.com\/ro\/wp-json\/wp\/v2\/comments?post=419587"}],"wp:featuredmedia":[{"embeddable":true,"href":"https:\/\/shopatoa.com\/ro\/wp-json\/wp\/v2\/media\/419588"}],"wp:attachment":[{"href":"https:\/\/shopatoa.com\/ro\/wp-json\/wp\/v2\/media?parent=419587"}],"wp:term":[{"taxonomy":"product_brand","embeddable":true,"href":"https:\/\/shopatoa.com\/ro\/wp-json\/wp\/v2\/product_brand?post=419587"},{"taxonomy":"product_cat","embeddable":true,"href":"https:\/\/shopatoa.com\/ro\/wp-json\/wp\/v2\/product_cat?post=419587"},{"taxonomy":"product_tag","embeddable":true,"href":"https:\/\/shopatoa.com\/ro\/wp-json\/wp\/v2\/product_tag?post=419587"}],"curies":[{"name":"wp","href":"https:\/\/api.w.org\/{rel}","templated":true}]}}