{"id":419621,"date":"2025-06-21T08:34:23","date_gmt":"2025-06-21T06:34:23","guid":{"rendered":"https:\/\/shopatoa.com\/ro\/isadora-the-intense-eyeliner-dermatograf-persistent-rezistent-la-apa-culoare-63-steel-gray-0-35-g\/"},"modified":"2025-12-09T18:34:59","modified_gmt":"2025-12-09T17:34:59","slug":"isadora-the-intense-eyeliner-dermatograf-persistent-rezistent-la-apa-culoare-63-steel-gray-0-35-g","status":"publish","type":"product","link":"https:\/\/shopatoa.com\/ro\/isadora-the-intense-eyeliner-dermatograf-persistent-rezistent-la-apa-culoare-63-steel-gray-0-35-g\/","title":{"rendered":"IsaDora The Intense Eyeliner dermatograf persistent rezistent la apa culoare 63 Steel Gray 0.35 g"},"content":{"rendered":"<p>IsaDora The Intense Eyeliner, 0.35 g, Tus de ochi pentru femei, Finaliza\u021bi-v\u0103 machiajul \u00eencadr\u00e2ndu-v\u0103 perfect ochii. V\u0103 va ajuta \u00een acest sens tu\u0219ul de ochi IsaDoraThe Intense Eyeliner, care ader\u0103 perfect la pleoap\u0103, se usuc\u0103 rapid \u0219i apoi r\u0103m\u00e2ne nemi\u0219cat timp de mai multe ore. Cu ajutorul lui, pute\u021bi trasa rapid \u0219i u\u0219or o linie exact\u0103, sub\u021bire, dar \u0219i mai groas\u0103, de o culoare bogat\u0103, a c\u0103rei intensitate rezist\u0103 f\u0103r\u0103 s\u0103 se estompeze vizibil. Liniile create vor eviden\u021bia orice machiaj al ochilor, vor accentua conturul ochilor \u0219i v\u0103 vor oferi o privire seduc\u0103toare. Crearea unor linii elegante \u0219i discrete sau clasice \u0219i lungi, precum \u0219i a unor crea\u021bii mai \u00eendr\u0103zne\u021be nu a fost niciodat\u0103 mai u\u0219oar\u0103.  Caracteristici:  culoare bogat\u0103 \u0219i intens\u0103 liniile sunt rezistente la transfer produsul este rezistent la ap\u0103 creeaz\u0103 un look dramatic \u0219i atractiv nu se \u00eentinde testate oftalmologic  Ingrediente:  produs vegan nu con\u021bine parfum  Cum se utilizeaz\u0103: Retracta\u021bi v\u00e2rful p\u00e2n\u0103 la lungimea dorit\u0103. Trasa\u021bi o linie pe pleoapa superioar\u0103 sau inferioar\u0103. Pentru un aspect mai intens, aplica\u021bi mai multe straturi.<\/p>\n","protected":false},"excerpt":{"rendered":"<p>IsaDora The Intense Eyeliner, 0.35 g, Tus de ochi pentru femei, Finaliza\u021bi-v\u0103 machiajul \u00eencadr\u00e2ndu-v\u0103 perfect ochii. V\u0103 va ajuta \u00een acest sens tu\u0219ul de ochi IsaDoraThe Intense Eyeliner, care ader\u0103 perfect la pleoap\u0103, se usuc\u0103 rapid \u0219i apoi r\u0103m\u00e2ne nemi\u0219cat timp de mai multe ore. Cu ajutorul lui, pute\u021bi trasa rapid \u0219i u\u0219or o linie&#8230;<\/p>\n","protected":false},"featured_media":419622,"comment_status":"closed","ping_status":"open","template":"","meta":{"_acf_changed":false,"_kadence_starter_templates_imported_post":false,"_kad_post_transparent":"","_kad_post_title":"","_kad_post_layout":"","_kad_post_sidebar_id":"","_kad_post_content_style":"","_kad_post_vertical_padding":"","_kad_post_feature":"","_kad_post_feature_position":"","_kad_post_header":false,"_kad_post_footer":false,"_kad_post_classname":""},"product_brand":[2262],"product_cat":[1564,1673,1563,1576,1599,1562],"product_tag":[],"class_list":{"0":"post-419621","1":"product","2":"type-product","3":"status-publish","4":"has-post-thumbnail","6":"product_brand-isadora","7":"product_cat-cosmetice-ingrijire-personala","8":"product_cat-creion-de-ochi","9":"product_cat-ingrijire-personala","10":"product_cat-machiaj","11":"product_cat-machiaj-pentru-ochi-machiaj","12":"product_cat-sanatate-si-frumusete","13":"pa_gen-female","14":"pa_marime-0-35-g","16":"first","17":"instock","18":"sale","19":"product-type-external","20":"entry","21":"content-bg","22":"loop-entry"},"acf":[],"yoast_head":"<!-- This site is optimized with the Yoast SEO plugin v27.3 - https:\/\/yoast.com\/product\/yoast-seo-wordpress\/ -->\n<title>IsaDora The Intense Eyeliner dermatograf persistent rezistent la apa culoare 63 Steel Gray 0.35 g - SHOPATOA.COM<\/title>\n<meta name=\"robots\" content=\"index, follow, max-snippet:-1, max-image-preview:large, max-video-preview:-1\" \/>\n<link rel=\"canonical\" href=\"https:\/\/shopatoa.com\/ro\/isadora-the-intense-eyeliner-dermatograf-persistent-rezistent-la-apa-culoare-63-steel-gray-0-35-g\/\" \/>\n<meta property=\"og:locale\" content=\"ro_RO\" \/>\n<meta property=\"og:type\" content=\"article\" \/>\n<meta property=\"og:title\" content=\"IsaDora The Intense Eyeliner dermatograf persistent rezistent la apa culoare 63 Steel Gray 0.35 g - SHOPATOA.COM\" \/>\n<meta property=\"og:description\" content=\"IsaDora The Intense Eyeliner, 0.35 g, Tus de ochi pentru femei, Finaliza\u021bi-v\u0103 machiajul \u00eencadr\u00e2ndu-v\u0103 perfect ochii. V\u0103 va ajuta \u00een acest sens tu\u0219ul de ochi IsaDoraThe Intense Eyeliner, care ader\u0103 perfect la pleoap\u0103, se usuc\u0103 rapid \u0219i apoi r\u0103m\u00e2ne nemi\u0219cat timp de mai multe ore. Cu ajutorul lui, pute\u021bi trasa rapid \u0219i u\u0219or o linie...\" \/>\n<meta property=\"og:url\" content=\"https:\/\/shopatoa.com\/ro\/isadora-the-intense-eyeliner-dermatograf-persistent-rezistent-la-apa-culoare-63-steel-gray-0-35-g\/\" \/>\n<meta property=\"og:site_name\" content=\"SHOPATOA\" \/>\n<meta property=\"article:modified_time\" content=\"2025-12-09T17:34:59+00:00\" \/>\n<meta property=\"og:image\" content=\"https:\/\/storage.googleapis.com\/cz-shopatoa-img\/ro\/0890e094-unnamed-file.webp\" \/>\n\t<meta property=\"og:image:width\" content=\"800\" \/>\n\t<meta property=\"og:image:height\" content=\"800\" \/>\n\t<meta property=\"og:image:type\" content=\"image\/webp\" \/>\n<meta name=\"twitter:card\" content=\"summary_large_image\" \/>\n<meta name=\"twitter:label1\" content=\"Timp estimat pentru citire\" \/>\n\t<meta name=\"twitter:data1\" content=\"1 minut\" \/>\n<script type=\"application\/ld+json\" class=\"yoast-schema-graph\">{\"@context\":\"https:\\\/\\\/schema.org\",\"@graph\":[{\"@type\":\"WebPage\",\"@id\":\"https:\\\/\\\/shopatoa.com\\\/ro\\\/isadora-the-intense-eyeliner-dermatograf-persistent-rezistent-la-apa-culoare-63-steel-gray-0-35-g\\\/\",\"url\":\"https:\\\/\\\/shopatoa.com\\\/ro\\\/isadora-the-intense-eyeliner-dermatograf-persistent-rezistent-la-apa-culoare-63-steel-gray-0-35-g\\\/\",\"name\":\"IsaDora The Intense Eyeliner dermatograf persistent rezistent la apa culoare 63 Steel Gray 0.35 g - SHOPATOA.COM\",\"isPartOf\":{\"@id\":\"https:\\\/\\\/shopatoa.com\\\/ro\\\/#website\"},\"primaryImageOfPage\":{\"@id\":\"https:\\\/\\\/shopatoa.com\\\/ro\\\/isadora-the-intense-eyeliner-dermatograf-persistent-rezistent-la-apa-culoare-63-steel-gray-0-35-g\\\/#primaryimage\"},\"image\":{\"@id\":\"https:\\\/\\\/shopatoa.com\\\/ro\\\/isadora-the-intense-eyeliner-dermatograf-persistent-rezistent-la-apa-culoare-63-steel-gray-0-35-g\\\/#primaryimage\"},\"thumbnailUrl\":\"https:\\\/\\\/storage.googleapis.com\\\/cz-shopatoa-img\\\/ro\\\/0890e094-unnamed-file.webp\",\"datePublished\":\"2025-06-21T06:34:23+00:00\",\"dateModified\":\"2025-12-09T17:34:59+00:00\",\"breadcrumb\":{\"@id\":\"https:\\\/\\\/shopatoa.com\\\/ro\\\/isadora-the-intense-eyeliner-dermatograf-persistent-rezistent-la-apa-culoare-63-steel-gray-0-35-g\\\/#breadcrumb\"},\"inLanguage\":\"ro-RO\",\"potentialAction\":[{\"@type\":\"ReadAction\",\"target\":[\"https:\\\/\\\/shopatoa.com\\\/ro\\\/isadora-the-intense-eyeliner-dermatograf-persistent-rezistent-la-apa-culoare-63-steel-gray-0-35-g\\\/\"]}]},{\"@type\":\"ImageObject\",\"inLanguage\":\"ro-RO\",\"@id\":\"https:\\\/\\\/shopatoa.com\\\/ro\\\/isadora-the-intense-eyeliner-dermatograf-persistent-rezistent-la-apa-culoare-63-steel-gray-0-35-g\\\/#primaryimage\",\"url\":\"https:\\\/\\\/storage.googleapis.com\\\/cz-shopatoa-img\\\/ro\\\/0890e094-unnamed-file.webp\",\"contentUrl\":\"https:\\\/\\\/storage.googleapis.com\\\/cz-shopatoa-img\\\/ro\\\/0890e094-unnamed-file.webp\",\"width\":800,\"height\":800},{\"@type\":\"BreadcrumbList\",\"@id\":\"https:\\\/\\\/shopatoa.com\\\/ro\\\/isadora-the-intense-eyeliner-dermatograf-persistent-rezistent-la-apa-culoare-63-steel-gray-0-35-g\\\/#breadcrumb\",\"itemListElement\":[{\"@type\":\"ListItem\",\"position\":1,\"name\":\"Dom\u016f\",\"item\":\"https:\\\/\\\/shopatoa.com\\\/ro\\\/\"},{\"@type\":\"ListItem\",\"position\":2,\"name\":\"Shop\",\"item\":\"https:\\\/\\\/shopatoa.com\\\/ro\\\/shop\\\/\"},{\"@type\":\"ListItem\",\"position\":3,\"name\":\"S\u0103n\u0103tate \u0219i frumuse\u021be\",\"item\":\"https:\\\/\\\/shopatoa.com\\\/ro\\\/sanatate-si-frumusete\\\/\"},{\"@type\":\"ListItem\",\"position\":4,\"name\":\"\u00cengrijire personal\u0103\",\"item\":\"https:\\\/\\\/shopatoa.com\\\/ro\\\/ingrijire-personala\\\/\"},{\"@type\":\"ListItem\",\"position\":5,\"name\":\"Cosmetice\",\"item\":\"https:\\\/\\\/shopatoa.com\\\/ro\\\/cosmetice-ingrijire-personala\\\/\"},{\"@type\":\"ListItem\",\"position\":6,\"name\":\"Machiaj\",\"item\":\"https:\\\/\\\/shopatoa.com\\\/ro\\\/machiaj\\\/\"},{\"@type\":\"ListItem\",\"position\":7,\"name\":\"Machiaj pentru ochi\",\"item\":\"https:\\\/\\\/shopatoa.com\\\/ro\\\/machiaj-pentru-ochi-machiaj\\\/\"},{\"@type\":\"ListItem\",\"position\":8,\"name\":\"Creion de ochi\",\"item\":\"https:\\\/\\\/shopatoa.com\\\/ro\\\/creion-de-ochi\\\/\"},{\"@type\":\"ListItem\",\"position\":9,\"name\":\"IsaDora The Intense Eyeliner dermatograf persistent rezistent la apa culoare 63 Steel Gray 0.35 g\"}]},{\"@type\":\"WebSite\",\"@id\":\"https:\\\/\\\/shopatoa.com\\\/ro\\\/#website\",\"url\":\"https:\\\/\\\/shopatoa.com\\\/ro\\\/\",\"name\":\"SHOPATOA\",\"description\":\"\",\"publisher\":{\"@id\":\"https:\\\/\\\/shopatoa.com\\\/ro\\\/#organization\"},\"potentialAction\":[{\"@type\":\"SearchAction\",\"target\":{\"@type\":\"EntryPoint\",\"urlTemplate\":\"https:\\\/\\\/shopatoa.com\\\/ro\\\/?s={search_term_string}\"},\"query-input\":{\"@type\":\"PropertyValueSpecification\",\"valueRequired\":true,\"valueName\":\"search_term_string\"}}],\"inLanguage\":\"ro-RO\"},{\"@type\":\"Organization\",\"@id\":\"https:\\\/\\\/shopatoa.com\\\/ro\\\/#organization\",\"name\":\"SHOPATOA\",\"url\":\"https:\\\/\\\/shopatoa.com\\\/ro\\\/\",\"logo\":{\"@type\":\"ImageObject\",\"inLanguage\":\"ro-RO\",\"@id\":\"https:\\\/\\\/shopatoa.com\\\/ro\\\/#\\\/schema\\\/logo\\\/image\\\/\",\"url\":\"https:\\\/\\\/storage.googleapis.com\\\/cz-shopatoa-img\\\/ro\\\/b4dac915-shopatoa_logo.png\",\"contentUrl\":\"https:\\\/\\\/storage.googleapis.com\\\/cz-shopatoa-img\\\/ro\\\/b4dac915-shopatoa_logo.png\",\"width\":416,\"height\":63,\"caption\":\"SHOPATOA\"},\"image\":{\"@id\":\"https:\\\/\\\/shopatoa.com\\\/ro\\\/#\\\/schema\\\/logo\\\/image\\\/\"}}]}<\/script>\n<!-- \/ Yoast SEO plugin. -->","yoast_head_json":{"title":"IsaDora The Intense Eyeliner dermatograf persistent rezistent la apa culoare 63 Steel Gray 0.35 g - SHOPATOA.COM","robots":{"index":"index","follow":"follow","max-snippet":"max-snippet:-1","max-image-preview":"max-image-preview:large","max-video-preview":"max-video-preview:-1"},"canonical":"https:\/\/shopatoa.com\/ro\/isadora-the-intense-eyeliner-dermatograf-persistent-rezistent-la-apa-culoare-63-steel-gray-0-35-g\/","og_locale":"ro_RO","og_type":"article","og_title":"IsaDora The Intense Eyeliner dermatograf persistent rezistent la apa culoare 63 Steel Gray 0.35 g - SHOPATOA.COM","og_description":"IsaDora The Intense Eyeliner, 0.35 g, Tus de ochi pentru femei, Finaliza\u021bi-v\u0103 machiajul \u00eencadr\u00e2ndu-v\u0103 perfect ochii. V\u0103 va ajuta \u00een acest sens tu\u0219ul de ochi IsaDoraThe Intense Eyeliner, care ader\u0103 perfect la pleoap\u0103, se usuc\u0103 rapid \u0219i apoi r\u0103m\u00e2ne nemi\u0219cat timp de mai multe ore. Cu ajutorul lui, pute\u021bi trasa rapid \u0219i u\u0219or o linie...","og_url":"https:\/\/shopatoa.com\/ro\/isadora-the-intense-eyeliner-dermatograf-persistent-rezistent-la-apa-culoare-63-steel-gray-0-35-g\/","og_site_name":"SHOPATOA","article_modified_time":"2025-12-09T17:34:59+00:00","og_image":[{"width":800,"height":800,"url":"https:\/\/storage.googleapis.com\/cz-shopatoa-img\/ro\/0890e094-unnamed-file.webp","type":"image\/webp"}],"twitter_card":"summary_large_image","twitter_misc":{"Timp estimat pentru citire":"1 minut"},"schema":{"@context":"https:\/\/schema.org","@graph":[{"@type":"WebPage","@id":"https:\/\/shopatoa.com\/ro\/isadora-the-intense-eyeliner-dermatograf-persistent-rezistent-la-apa-culoare-63-steel-gray-0-35-g\/","url":"https:\/\/shopatoa.com\/ro\/isadora-the-intense-eyeliner-dermatograf-persistent-rezistent-la-apa-culoare-63-steel-gray-0-35-g\/","name":"IsaDora The Intense Eyeliner dermatograf persistent rezistent la apa culoare 63 Steel Gray 0.35 g - SHOPATOA.COM","isPartOf":{"@id":"https:\/\/shopatoa.com\/ro\/#website"},"primaryImageOfPage":{"@id":"https:\/\/shopatoa.com\/ro\/isadora-the-intense-eyeliner-dermatograf-persistent-rezistent-la-apa-culoare-63-steel-gray-0-35-g\/#primaryimage"},"image":{"@id":"https:\/\/shopatoa.com\/ro\/isadora-the-intense-eyeliner-dermatograf-persistent-rezistent-la-apa-culoare-63-steel-gray-0-35-g\/#primaryimage"},"thumbnailUrl":"https:\/\/storage.googleapis.com\/cz-shopatoa-img\/ro\/0890e094-unnamed-file.webp","datePublished":"2025-06-21T06:34:23+00:00","dateModified":"2025-12-09T17:34:59+00:00","breadcrumb":{"@id":"https:\/\/shopatoa.com\/ro\/isadora-the-intense-eyeliner-dermatograf-persistent-rezistent-la-apa-culoare-63-steel-gray-0-35-g\/#breadcrumb"},"inLanguage":"ro-RO","potentialAction":[{"@type":"ReadAction","target":["https:\/\/shopatoa.com\/ro\/isadora-the-intense-eyeliner-dermatograf-persistent-rezistent-la-apa-culoare-63-steel-gray-0-35-g\/"]}]},{"@type":"ImageObject","inLanguage":"ro-RO","@id":"https:\/\/shopatoa.com\/ro\/isadora-the-intense-eyeliner-dermatograf-persistent-rezistent-la-apa-culoare-63-steel-gray-0-35-g\/#primaryimage","url":"https:\/\/storage.googleapis.com\/cz-shopatoa-img\/ro\/0890e094-unnamed-file.webp","contentUrl":"https:\/\/storage.googleapis.com\/cz-shopatoa-img\/ro\/0890e094-unnamed-file.webp","width":800,"height":800},{"@type":"BreadcrumbList","@id":"https:\/\/shopatoa.com\/ro\/isadora-the-intense-eyeliner-dermatograf-persistent-rezistent-la-apa-culoare-63-steel-gray-0-35-g\/#breadcrumb","itemListElement":[{"@type":"ListItem","position":1,"name":"Dom\u016f","item":"https:\/\/shopatoa.com\/ro\/"},{"@type":"ListItem","position":2,"name":"Shop","item":"https:\/\/shopatoa.com\/ro\/shop\/"},{"@type":"ListItem","position":3,"name":"S\u0103n\u0103tate \u0219i frumuse\u021be","item":"https:\/\/shopatoa.com\/ro\/sanatate-si-frumusete\/"},{"@type":"ListItem","position":4,"name":"\u00cengrijire personal\u0103","item":"https:\/\/shopatoa.com\/ro\/ingrijire-personala\/"},{"@type":"ListItem","position":5,"name":"Cosmetice","item":"https:\/\/shopatoa.com\/ro\/cosmetice-ingrijire-personala\/"},{"@type":"ListItem","position":6,"name":"Machiaj","item":"https:\/\/shopatoa.com\/ro\/machiaj\/"},{"@type":"ListItem","position":7,"name":"Machiaj pentru ochi","item":"https:\/\/shopatoa.com\/ro\/machiaj-pentru-ochi-machiaj\/"},{"@type":"ListItem","position":8,"name":"Creion de ochi","item":"https:\/\/shopatoa.com\/ro\/creion-de-ochi\/"},{"@type":"ListItem","position":9,"name":"IsaDora The Intense Eyeliner dermatograf persistent rezistent la apa culoare 63 Steel Gray 0.35 g"}]},{"@type":"WebSite","@id":"https:\/\/shopatoa.com\/ro\/#website","url":"https:\/\/shopatoa.com\/ro\/","name":"SHOPATOA","description":"","publisher":{"@id":"https:\/\/shopatoa.com\/ro\/#organization"},"potentialAction":[{"@type":"SearchAction","target":{"@type":"EntryPoint","urlTemplate":"https:\/\/shopatoa.com\/ro\/?s={search_term_string}"},"query-input":{"@type":"PropertyValueSpecification","valueRequired":true,"valueName":"search_term_string"}}],"inLanguage":"ro-RO"},{"@type":"Organization","@id":"https:\/\/shopatoa.com\/ro\/#organization","name":"SHOPATOA","url":"https:\/\/shopatoa.com\/ro\/","logo":{"@type":"ImageObject","inLanguage":"ro-RO","@id":"https:\/\/shopatoa.com\/ro\/#\/schema\/logo\/image\/","url":"https:\/\/storage.googleapis.com\/cz-shopatoa-img\/ro\/b4dac915-shopatoa_logo.png","contentUrl":"https:\/\/storage.googleapis.com\/cz-shopatoa-img\/ro\/b4dac915-shopatoa_logo.png","width":416,"height":63,"caption":"SHOPATOA"},"image":{"@id":"https:\/\/shopatoa.com\/ro\/#\/schema\/logo\/image\/"}}]}},"_links":{"self":[{"href":"https:\/\/shopatoa.com\/ro\/wp-json\/wp\/v2\/product\/419621","targetHints":{"allow":["GET"]}}],"collection":[{"href":"https:\/\/shopatoa.com\/ro\/wp-json\/wp\/v2\/product"}],"about":[{"href":"https:\/\/shopatoa.com\/ro\/wp-json\/wp\/v2\/types\/product"}],"replies":[{"embeddable":true,"href":"https:\/\/shopatoa.com\/ro\/wp-json\/wp\/v2\/comments?post=419621"}],"wp:featuredmedia":[{"embeddable":true,"href":"https:\/\/shopatoa.com\/ro\/wp-json\/wp\/v2\/media\/419622"}],"wp:attachment":[{"href":"https:\/\/shopatoa.com\/ro\/wp-json\/wp\/v2\/media?parent=419621"}],"wp:term":[{"taxonomy":"product_brand","embeddable":true,"href":"https:\/\/shopatoa.com\/ro\/wp-json\/wp\/v2\/product_brand?post=419621"},{"taxonomy":"product_cat","embeddable":true,"href":"https:\/\/shopatoa.com\/ro\/wp-json\/wp\/v2\/product_cat?post=419621"},{"taxonomy":"product_tag","embeddable":true,"href":"https:\/\/shopatoa.com\/ro\/wp-json\/wp\/v2\/product_tag?post=419621"}],"curies":[{"name":"wp","href":"https:\/\/api.w.org\/{rel}","templated":true}]}}