{"id":420005,"date":"2025-06-21T09:07:54","date_gmt":"2025-06-21T07:07:54","guid":{"rendered":"https:\/\/shopatoa.com\/ro\/delia-cosmetics-aqua-demachiant-in-doua-faze-zona-ochilor-si-a-buzelor-150-ml\/"},"modified":"2025-12-09T16:12:12","modified_gmt":"2025-12-09T15:12:12","slug":"delia-cosmetics-aqua-demachiant-in-doua-faze-zona-ochilor-si-a-buzelor-150-ml","status":"publish","type":"product","link":"https:\/\/shopatoa.com\/ro\/delia-cosmetics-aqua-demachiant-in-doua-faze-zona-ochilor-si-a-buzelor-150-ml\/","title":{"rendered":"Delia Cosmetics Aqua demachiant in doua faze zona ochilor si a buzelor 150 ml"},"content":{"rendered":"<p>Delia Cosmetics Aqua, 150 ml, Demachiant pentru ochi pentru femei, Pentru demachierea rimelului, a tu\u0219ului, a creionului \u0219i a fardurilor sunt necesare produse speciale. Demachiantul Delia Cosmetics Aqua \u00eendep\u0103rteaz\u0103 eficient \u00eentregul machiaj \u0219i impurit\u0103\u021bile din zona ochilor. Compozi\u021bia sa delicat\u0103 este special conceput\u0103 pentru tenul sensibil din zona ochilor \u0219i garanteaz\u0103 o demachiere perfect\u0103, f\u0103r\u0103 irita\u021bii.  Caracteristici:  demachiaz\u0103 perfect toate tipurile de fond de ten pentru ochi dizolv\u0103 perfect chiar \u0219i un fond de ten rezistent la ap\u0103 hidrateaz\u0103 \u0219i catifeleaz\u0103 tenul  Cum se utilizeaz\u0103: Se agit\u0103 bine \u00eenainte de utilizare. Se aplic\u0103 folosind un tampon cosmetic, pe pleoapele \u00eenchise \u0219i se las\u0103 s\u0103 ac\u021bioneze c\u00e2teva momente. Elimin\u0103 u\u0219or \u0219i f\u0103r\u0103 frecare fondul de ten \u0219i alte impurit\u0103\u021bi.<\/p>\n","protected":false},"excerpt":{"rendered":"<p>Delia Cosmetics Aqua, 150 ml, Demachiant pentru ochi pentru femei, Pentru demachierea rimelului, a tu\u0219ului, a creionului \u0219i a fardurilor sunt necesare produse speciale. Demachiantul Delia Cosmetics Aqua \u00eendep\u0103rteaz\u0103 eficient \u00eentregul machiaj \u0219i impurit\u0103\u021bile din zona ochilor. Compozi\u021bia sa delicat\u0103 este special conceput\u0103 pentru tenul sensibil din zona ochilor \u0219i garanteaz\u0103 o demachiere perfect\u0103, f\u0103r\u0103&#8230;<\/p>\n","protected":false},"featured_media":420006,"comment_status":"closed","ping_status":"open","template":"","meta":{"_acf_changed":false,"_kadence_starter_templates_imported_post":false,"_kad_post_transparent":"","_kad_post_title":"","_kad_post_layout":"","_kad_post_sidebar_id":"","_kad_post_content_style":"","_kad_post_vertical_padding":"","_kad_post_feature":"","_kad_post_feature_position":"","_kad_post_header":false,"_kad_post_footer":false,"_kad_post_classname":""},"product_brand":[1674],"product_cat":[1564,1566,1563,1565,1562],"product_tag":[],"class_list":{"0":"post-420005","1":"product","2":"type-product","3":"status-publish","4":"has-post-thumbnail","6":"product_brand-delia-cosmetics","7":"product_cat-cosmetice-ingrijire-personala","8":"product_cat-demachiere","9":"product_cat-ingrijire-personala","10":"product_cat-ingrijirea-pielii","11":"product_cat-sanatate-si-frumusete","12":"pa_gen-female","13":"pa_marime-150-ml","15":"first","16":"instock","17":"sale","18":"product-type-external","19":"entry","20":"content-bg","21":"loop-entry"},"acf":[],"yoast_head":"<!-- This site is optimized with the Yoast SEO plugin v27.4 - https:\/\/yoast.com\/product\/yoast-seo-wordpress\/ -->\n<title>Delia Cosmetics Aqua demachiant in doua faze zona ochilor si a buzelor 150 ml - SHOPATOA.COM<\/title>\n<meta name=\"robots\" content=\"index, follow, max-snippet:-1, max-image-preview:large, max-video-preview:-1\" \/>\n<link rel=\"canonical\" href=\"https:\/\/shopatoa.com\/ro\/delia-cosmetics-aqua-demachiant-in-doua-faze-zona-ochilor-si-a-buzelor-150-ml\/\" \/>\n<meta property=\"og:locale\" content=\"ro_RO\" \/>\n<meta property=\"og:type\" content=\"article\" \/>\n<meta property=\"og:title\" content=\"Delia Cosmetics Aqua demachiant in doua faze zona ochilor si a buzelor 150 ml - SHOPATOA.COM\" \/>\n<meta property=\"og:description\" content=\"Delia Cosmetics Aqua, 150 ml, Demachiant pentru ochi pentru femei, Pentru demachierea rimelului, a tu\u0219ului, a creionului \u0219i a fardurilor sunt necesare produse speciale. Demachiantul Delia Cosmetics Aqua \u00eendep\u0103rteaz\u0103 eficient \u00eentregul machiaj \u0219i impurit\u0103\u021bile din zona ochilor. Compozi\u021bia sa delicat\u0103 este special conceput\u0103 pentru tenul sensibil din zona ochilor \u0219i garanteaz\u0103 o demachiere perfect\u0103, f\u0103r\u0103...\" \/>\n<meta property=\"og:url\" content=\"https:\/\/shopatoa.com\/ro\/delia-cosmetics-aqua-demachiant-in-doua-faze-zona-ochilor-si-a-buzelor-150-ml\/\" \/>\n<meta property=\"og:site_name\" content=\"SHOPATOA\" \/>\n<meta property=\"article:modified_time\" content=\"2025-12-09T15:12:12+00:00\" \/>\n<meta property=\"og:image\" content=\"https:\/\/storage.googleapis.com\/cz-shopatoa-img\/ro\/427cbb03-unnamed-file.webp\" \/>\n\t<meta property=\"og:image:width\" content=\"800\" \/>\n\t<meta property=\"og:image:height\" content=\"800\" \/>\n\t<meta property=\"og:image:type\" content=\"image\/webp\" \/>\n<meta name=\"twitter:card\" content=\"summary_large_image\" \/>\n<meta name=\"twitter:label1\" content=\"Timp estimat pentru citire\" \/>\n\t<meta name=\"twitter:data1\" content=\"1 minut\" \/>\n<script type=\"application\/ld+json\" class=\"yoast-schema-graph\">{\"@context\":\"https:\\\/\\\/schema.org\",\"@graph\":[{\"@type\":\"WebPage\",\"@id\":\"https:\\\/\\\/shopatoa.com\\\/ro\\\/delia-cosmetics-aqua-demachiant-in-doua-faze-zona-ochilor-si-a-buzelor-150-ml\\\/\",\"url\":\"https:\\\/\\\/shopatoa.com\\\/ro\\\/delia-cosmetics-aqua-demachiant-in-doua-faze-zona-ochilor-si-a-buzelor-150-ml\\\/\",\"name\":\"Delia Cosmetics Aqua demachiant in doua faze zona ochilor si a buzelor 150 ml - SHOPATOA.COM\",\"isPartOf\":{\"@id\":\"https:\\\/\\\/shopatoa.com\\\/ro\\\/#website\"},\"primaryImageOfPage\":{\"@id\":\"https:\\\/\\\/shopatoa.com\\\/ro\\\/delia-cosmetics-aqua-demachiant-in-doua-faze-zona-ochilor-si-a-buzelor-150-ml\\\/#primaryimage\"},\"image\":{\"@id\":\"https:\\\/\\\/shopatoa.com\\\/ro\\\/delia-cosmetics-aqua-demachiant-in-doua-faze-zona-ochilor-si-a-buzelor-150-ml\\\/#primaryimage\"},\"thumbnailUrl\":\"https:\\\/\\\/storage.googleapis.com\\\/cz-shopatoa-img\\\/ro\\\/427cbb03-unnamed-file.webp\",\"datePublished\":\"2025-06-21T07:07:54+00:00\",\"dateModified\":\"2025-12-09T15:12:12+00:00\",\"breadcrumb\":{\"@id\":\"https:\\\/\\\/shopatoa.com\\\/ro\\\/delia-cosmetics-aqua-demachiant-in-doua-faze-zona-ochilor-si-a-buzelor-150-ml\\\/#breadcrumb\"},\"inLanguage\":\"ro-RO\",\"potentialAction\":[{\"@type\":\"ReadAction\",\"target\":[\"https:\\\/\\\/shopatoa.com\\\/ro\\\/delia-cosmetics-aqua-demachiant-in-doua-faze-zona-ochilor-si-a-buzelor-150-ml\\\/\"]}]},{\"@type\":\"ImageObject\",\"inLanguage\":\"ro-RO\",\"@id\":\"https:\\\/\\\/shopatoa.com\\\/ro\\\/delia-cosmetics-aqua-demachiant-in-doua-faze-zona-ochilor-si-a-buzelor-150-ml\\\/#primaryimage\",\"url\":\"https:\\\/\\\/storage.googleapis.com\\\/cz-shopatoa-img\\\/ro\\\/427cbb03-unnamed-file.webp\",\"contentUrl\":\"https:\\\/\\\/storage.googleapis.com\\\/cz-shopatoa-img\\\/ro\\\/427cbb03-unnamed-file.webp\",\"width\":800,\"height\":800},{\"@type\":\"BreadcrumbList\",\"@id\":\"https:\\\/\\\/shopatoa.com\\\/ro\\\/delia-cosmetics-aqua-demachiant-in-doua-faze-zona-ochilor-si-a-buzelor-150-ml\\\/#breadcrumb\",\"itemListElement\":[{\"@type\":\"ListItem\",\"position\":1,\"name\":\"Dom\u016f\",\"item\":\"https:\\\/\\\/shopatoa.com\\\/ro\\\/\"},{\"@type\":\"ListItem\",\"position\":2,\"name\":\"Shop\",\"item\":\"https:\\\/\\\/shopatoa.com\\\/ro\\\/shop\\\/\"},{\"@type\":\"ListItem\",\"position\":3,\"name\":\"S\u0103n\u0103tate \u0219i frumuse\u021be\",\"item\":\"https:\\\/\\\/shopatoa.com\\\/ro\\\/sanatate-si-frumusete\\\/\"},{\"@type\":\"ListItem\",\"position\":4,\"name\":\"\u00cengrijire personal\u0103\",\"item\":\"https:\\\/\\\/shopatoa.com\\\/ro\\\/ingrijire-personala\\\/\"},{\"@type\":\"ListItem\",\"position\":5,\"name\":\"Cosmetice\",\"item\":\"https:\\\/\\\/shopatoa.com\\\/ro\\\/cosmetice-ingrijire-personala\\\/\"},{\"@type\":\"ListItem\",\"position\":6,\"name\":\"\u00cengrijirea pielii\",\"item\":\"https:\\\/\\\/shopatoa.com\\\/ro\\\/ingrijirea-pielii\\\/\"},{\"@type\":\"ListItem\",\"position\":7,\"name\":\"Demachiere\",\"item\":\"https:\\\/\\\/shopatoa.com\\\/ro\\\/demachiere\\\/\"},{\"@type\":\"ListItem\",\"position\":8,\"name\":\"Delia Cosmetics Aqua demachiant in doua faze zona ochilor si a buzelor 150 ml\"}]},{\"@type\":\"WebSite\",\"@id\":\"https:\\\/\\\/shopatoa.com\\\/ro\\\/#website\",\"url\":\"https:\\\/\\\/shopatoa.com\\\/ro\\\/\",\"name\":\"SHOPATOA\",\"description\":\"\",\"publisher\":{\"@id\":\"https:\\\/\\\/shopatoa.com\\\/ro\\\/#organization\"},\"potentialAction\":[{\"@type\":\"SearchAction\",\"target\":{\"@type\":\"EntryPoint\",\"urlTemplate\":\"https:\\\/\\\/shopatoa.com\\\/ro\\\/?s={search_term_string}\"},\"query-input\":{\"@type\":\"PropertyValueSpecification\",\"valueRequired\":true,\"valueName\":\"search_term_string\"}}],\"inLanguage\":\"ro-RO\"},{\"@type\":\"Organization\",\"@id\":\"https:\\\/\\\/shopatoa.com\\\/ro\\\/#organization\",\"name\":\"SHOPATOA\",\"url\":\"https:\\\/\\\/shopatoa.com\\\/ro\\\/\",\"logo\":{\"@type\":\"ImageObject\",\"inLanguage\":\"ro-RO\",\"@id\":\"https:\\\/\\\/shopatoa.com\\\/ro\\\/#\\\/schema\\\/logo\\\/image\\\/\",\"url\":\"https:\\\/\\\/storage.googleapis.com\\\/cz-shopatoa-img\\\/ro\\\/b4dac915-shopatoa_logo.png\",\"contentUrl\":\"https:\\\/\\\/storage.googleapis.com\\\/cz-shopatoa-img\\\/ro\\\/b4dac915-shopatoa_logo.png\",\"width\":416,\"height\":63,\"caption\":\"SHOPATOA\"},\"image\":{\"@id\":\"https:\\\/\\\/shopatoa.com\\\/ro\\\/#\\\/schema\\\/logo\\\/image\\\/\"}}]}<\/script>\n<!-- \/ Yoast SEO plugin. -->","yoast_head_json":{"title":"Delia Cosmetics Aqua demachiant in doua faze zona ochilor si a buzelor 150 ml - SHOPATOA.COM","robots":{"index":"index","follow":"follow","max-snippet":"max-snippet:-1","max-image-preview":"max-image-preview:large","max-video-preview":"max-video-preview:-1"},"canonical":"https:\/\/shopatoa.com\/ro\/delia-cosmetics-aqua-demachiant-in-doua-faze-zona-ochilor-si-a-buzelor-150-ml\/","og_locale":"ro_RO","og_type":"article","og_title":"Delia Cosmetics Aqua demachiant in doua faze zona ochilor si a buzelor 150 ml - SHOPATOA.COM","og_description":"Delia Cosmetics Aqua, 150 ml, Demachiant pentru ochi pentru femei, Pentru demachierea rimelului, a tu\u0219ului, a creionului \u0219i a fardurilor sunt necesare produse speciale. Demachiantul Delia Cosmetics Aqua \u00eendep\u0103rteaz\u0103 eficient \u00eentregul machiaj \u0219i impurit\u0103\u021bile din zona ochilor. Compozi\u021bia sa delicat\u0103 este special conceput\u0103 pentru tenul sensibil din zona ochilor \u0219i garanteaz\u0103 o demachiere perfect\u0103, f\u0103r\u0103...","og_url":"https:\/\/shopatoa.com\/ro\/delia-cosmetics-aqua-demachiant-in-doua-faze-zona-ochilor-si-a-buzelor-150-ml\/","og_site_name":"SHOPATOA","article_modified_time":"2025-12-09T15:12:12+00:00","og_image":[{"width":800,"height":800,"url":"https:\/\/storage.googleapis.com\/cz-shopatoa-img\/ro\/427cbb03-unnamed-file.webp","type":"image\/webp"}],"twitter_card":"summary_large_image","twitter_misc":{"Timp estimat pentru citire":"1 minut"},"schema":{"@context":"https:\/\/schema.org","@graph":[{"@type":"WebPage","@id":"https:\/\/shopatoa.com\/ro\/delia-cosmetics-aqua-demachiant-in-doua-faze-zona-ochilor-si-a-buzelor-150-ml\/","url":"https:\/\/shopatoa.com\/ro\/delia-cosmetics-aqua-demachiant-in-doua-faze-zona-ochilor-si-a-buzelor-150-ml\/","name":"Delia Cosmetics Aqua demachiant in doua faze zona ochilor si a buzelor 150 ml - SHOPATOA.COM","isPartOf":{"@id":"https:\/\/shopatoa.com\/ro\/#website"},"primaryImageOfPage":{"@id":"https:\/\/shopatoa.com\/ro\/delia-cosmetics-aqua-demachiant-in-doua-faze-zona-ochilor-si-a-buzelor-150-ml\/#primaryimage"},"image":{"@id":"https:\/\/shopatoa.com\/ro\/delia-cosmetics-aqua-demachiant-in-doua-faze-zona-ochilor-si-a-buzelor-150-ml\/#primaryimage"},"thumbnailUrl":"https:\/\/storage.googleapis.com\/cz-shopatoa-img\/ro\/427cbb03-unnamed-file.webp","datePublished":"2025-06-21T07:07:54+00:00","dateModified":"2025-12-09T15:12:12+00:00","breadcrumb":{"@id":"https:\/\/shopatoa.com\/ro\/delia-cosmetics-aqua-demachiant-in-doua-faze-zona-ochilor-si-a-buzelor-150-ml\/#breadcrumb"},"inLanguage":"ro-RO","potentialAction":[{"@type":"ReadAction","target":["https:\/\/shopatoa.com\/ro\/delia-cosmetics-aqua-demachiant-in-doua-faze-zona-ochilor-si-a-buzelor-150-ml\/"]}]},{"@type":"ImageObject","inLanguage":"ro-RO","@id":"https:\/\/shopatoa.com\/ro\/delia-cosmetics-aqua-demachiant-in-doua-faze-zona-ochilor-si-a-buzelor-150-ml\/#primaryimage","url":"https:\/\/storage.googleapis.com\/cz-shopatoa-img\/ro\/427cbb03-unnamed-file.webp","contentUrl":"https:\/\/storage.googleapis.com\/cz-shopatoa-img\/ro\/427cbb03-unnamed-file.webp","width":800,"height":800},{"@type":"BreadcrumbList","@id":"https:\/\/shopatoa.com\/ro\/delia-cosmetics-aqua-demachiant-in-doua-faze-zona-ochilor-si-a-buzelor-150-ml\/#breadcrumb","itemListElement":[{"@type":"ListItem","position":1,"name":"Dom\u016f","item":"https:\/\/shopatoa.com\/ro\/"},{"@type":"ListItem","position":2,"name":"Shop","item":"https:\/\/shopatoa.com\/ro\/shop\/"},{"@type":"ListItem","position":3,"name":"S\u0103n\u0103tate \u0219i frumuse\u021be","item":"https:\/\/shopatoa.com\/ro\/sanatate-si-frumusete\/"},{"@type":"ListItem","position":4,"name":"\u00cengrijire personal\u0103","item":"https:\/\/shopatoa.com\/ro\/ingrijire-personala\/"},{"@type":"ListItem","position":5,"name":"Cosmetice","item":"https:\/\/shopatoa.com\/ro\/cosmetice-ingrijire-personala\/"},{"@type":"ListItem","position":6,"name":"\u00cengrijirea pielii","item":"https:\/\/shopatoa.com\/ro\/ingrijirea-pielii\/"},{"@type":"ListItem","position":7,"name":"Demachiere","item":"https:\/\/shopatoa.com\/ro\/demachiere\/"},{"@type":"ListItem","position":8,"name":"Delia Cosmetics Aqua demachiant in doua faze zona ochilor si a buzelor 150 ml"}]},{"@type":"WebSite","@id":"https:\/\/shopatoa.com\/ro\/#website","url":"https:\/\/shopatoa.com\/ro\/","name":"SHOPATOA","description":"","publisher":{"@id":"https:\/\/shopatoa.com\/ro\/#organization"},"potentialAction":[{"@type":"SearchAction","target":{"@type":"EntryPoint","urlTemplate":"https:\/\/shopatoa.com\/ro\/?s={search_term_string}"},"query-input":{"@type":"PropertyValueSpecification","valueRequired":true,"valueName":"search_term_string"}}],"inLanguage":"ro-RO"},{"@type":"Organization","@id":"https:\/\/shopatoa.com\/ro\/#organization","name":"SHOPATOA","url":"https:\/\/shopatoa.com\/ro\/","logo":{"@type":"ImageObject","inLanguage":"ro-RO","@id":"https:\/\/shopatoa.com\/ro\/#\/schema\/logo\/image\/","url":"https:\/\/storage.googleapis.com\/cz-shopatoa-img\/ro\/b4dac915-shopatoa_logo.png","contentUrl":"https:\/\/storage.googleapis.com\/cz-shopatoa-img\/ro\/b4dac915-shopatoa_logo.png","width":416,"height":63,"caption":"SHOPATOA"},"image":{"@id":"https:\/\/shopatoa.com\/ro\/#\/schema\/logo\/image\/"}}]}},"_links":{"self":[{"href":"https:\/\/shopatoa.com\/ro\/wp-json\/wp\/v2\/product\/420005","targetHints":{"allow":["GET"]}}],"collection":[{"href":"https:\/\/shopatoa.com\/ro\/wp-json\/wp\/v2\/product"}],"about":[{"href":"https:\/\/shopatoa.com\/ro\/wp-json\/wp\/v2\/types\/product"}],"replies":[{"embeddable":true,"href":"https:\/\/shopatoa.com\/ro\/wp-json\/wp\/v2\/comments?post=420005"}],"wp:featuredmedia":[{"embeddable":true,"href":"https:\/\/shopatoa.com\/ro\/wp-json\/wp\/v2\/media\/420006"}],"wp:attachment":[{"href":"https:\/\/shopatoa.com\/ro\/wp-json\/wp\/v2\/media?parent=420005"}],"wp:term":[{"taxonomy":"product_brand","embeddable":true,"href":"https:\/\/shopatoa.com\/ro\/wp-json\/wp\/v2\/product_brand?post=420005"},{"taxonomy":"product_cat","embeddable":true,"href":"https:\/\/shopatoa.com\/ro\/wp-json\/wp\/v2\/product_cat?post=420005"},{"taxonomy":"product_tag","embeddable":true,"href":"https:\/\/shopatoa.com\/ro\/wp-json\/wp\/v2\/product_tag?post=420005"}],"curies":[{"name":"wp","href":"https:\/\/api.w.org\/{rel}","templated":true}]}}