{"id":420511,"date":"2025-06-21T10:02:56","date_gmt":"2025-06-21T08:02:56","guid":{"rendered":"https:\/\/shopatoa.com\/ro\/syoss-intense-color-balsam-de-par-pentru-protectia-culorii-250-ml\/"},"modified":"2025-12-09T14:13:41","modified_gmt":"2025-12-09T13:13:41","slug":"syoss-intense-color-balsam-de-par-pentru-protectia-culorii-250-ml","status":"publish","type":"product","link":"https:\/\/shopatoa.com\/ro\/syoss-intense-color-balsam-de-par-pentru-protectia-culorii-250-ml\/","title":{"rendered":"Syoss Intense Color balsam de p\u0103r pentru protec\u021bia culorii 250 ml"},"content":{"rendered":"<p>Syoss Intense Color, 250 ml, Condi\u021bionere \u0219i balsamuri de p\u0103r pentru femei, P\u0103rul dvs. are nevoie de o salvare imediat\u0103 sub forma unei \u00eengrijiri chiar mai intense dec\u00e2t cea pe care o poate oferi un balsam? Balsamul de p\u0103r Syoss Intense Color va contribui la restabilirea condi\u021biei p\u0103rului, la repararea deterior\u0103rilor \u0219i la redarea aspectului s\u0103n\u0103tos al acestuia. Spre deosebire de balsamurile obi\u0219nuite, acesta nu va ac\u021biona doar la suprafa\u021ba fibrelor de p\u0103r, ci va p\u0103trunde mai ad\u00e2nc \u00een structura lor, unde va combate probleme mai serioase dec\u00e2t simpla uscare \u0219i fragilizare dup\u0103 \u0219amponare. Pe l\u00e2ng\u0103 \u00eengrijirea de hidratare \u0219i emoliere, necesar\u0103 dup\u0103 \u0219amponare, asigur\u0103 totodat\u0103 nutri\u021bie intens\u0103 \u0219i profund\u0103, fortificare \u0219i favorizarea regener\u0103rii. Las\u0103 p\u0103rul minunat de catifelat, cu o str\u0103lucire s\u0103n\u0103toas\u0103 \u0219i mai u\u0219or de piept\u0103nat.  Caracteristici:  are grij\u0103 de toat\u0103 lungimea p\u0103rului sl\u0103bit \u00eenvioreaz\u0103 luciul \u0219i frumuse\u021bea p\u0103rului vopsit faciliteaz\u0103 descurcarea p\u0103rului regenereaz\u0103 p\u0103rul confer\u0103 p\u0103rului netezime \u0219i vitalitate  Cum se utilizeaz\u0103: Se aplic\u0103 pe p\u0103rul umed. Se las\u0103 s\u0103 ac\u021bioneze un timp scurt, apoi se cl\u0103te\u0219te bine.<\/p>\n","protected":false},"excerpt":{"rendered":"<p>Syoss Intense Color, 250 ml, Condi\u021bionere \u0219i balsamuri de p\u0103r pentru femei, P\u0103rul dvs. are nevoie de o salvare imediat\u0103 sub forma unei \u00eengrijiri chiar mai intense dec\u00e2t cea pe care o poate oferi un balsam? Balsamul de p\u0103r Syoss Intense Color va contribui la restabilirea condi\u021biei p\u0103rului, la repararea deterior\u0103rilor \u0219i la redarea aspectului&#8230;<\/p>\n","protected":false},"featured_media":420512,"comment_status":"closed","ping_status":"open","template":"","meta":{"_acf_changed":false,"_kadence_starter_templates_imported_post":false,"_kad_post_transparent":"","_kad_post_title":"","_kad_post_layout":"","_kad_post_sidebar_id":"","_kad_post_content_style":"","_kad_post_vertical_padding":"","_kad_post_feature":"","_kad_post_feature_position":"","_kad_post_header":false,"_kad_post_footer":false,"_kad_post_classname":""},"product_brand":[2346],"product_cat":[1563,1590,1562],"product_tag":[],"class_list":{"0":"post-420511","1":"product","2":"type-product","3":"status-publish","4":"has-post-thumbnail","6":"product_brand-syoss","7":"product_cat-ingrijire-personala","8":"product_cat-ingrijirea-parului","9":"product_cat-sanatate-si-frumusete","10":"pa_gen-female","11":"pa_marime-250-ml","13":"first","14":"instock","15":"product-type-external","16":"entry","17":"content-bg","18":"loop-entry"},"acf":[],"yoast_head":"<!-- This site is optimized with the Yoast SEO plugin v27.4 - https:\/\/yoast.com\/product\/yoast-seo-wordpress\/ -->\n<title>Syoss Intense Color balsam de p\u0103r pentru protec\u021bia culorii 250 ml - SHOPATOA.COM<\/title>\n<meta name=\"robots\" content=\"index, follow, max-snippet:-1, max-image-preview:large, max-video-preview:-1\" \/>\n<link rel=\"canonical\" href=\"https:\/\/shopatoa.com\/ro\/syoss-intense-color-balsam-de-par-pentru-protectia-culorii-250-ml\/\" \/>\n<meta property=\"og:locale\" content=\"ro_RO\" \/>\n<meta property=\"og:type\" content=\"article\" \/>\n<meta property=\"og:title\" content=\"Syoss Intense Color balsam de p\u0103r pentru protec\u021bia culorii 250 ml - SHOPATOA.COM\" \/>\n<meta property=\"og:description\" content=\"Syoss Intense Color, 250 ml, Condi\u021bionere \u0219i balsamuri de p\u0103r pentru femei, P\u0103rul dvs. are nevoie de o salvare imediat\u0103 sub forma unei \u00eengrijiri chiar mai intense dec\u00e2t cea pe care o poate oferi un balsam? Balsamul de p\u0103r Syoss Intense Color va contribui la restabilirea condi\u021biei p\u0103rului, la repararea deterior\u0103rilor \u0219i la redarea aspectului...\" \/>\n<meta property=\"og:url\" content=\"https:\/\/shopatoa.com\/ro\/syoss-intense-color-balsam-de-par-pentru-protectia-culorii-250-ml\/\" \/>\n<meta property=\"og:site_name\" content=\"SHOPATOA\" \/>\n<meta property=\"article:modified_time\" content=\"2025-12-09T13:13:41+00:00\" \/>\n<meta property=\"og:image\" content=\"https:\/\/storage.googleapis.com\/cz-shopatoa-img\/ro\/2b13faf2-unnamed-file.webp\" \/>\n\t<meta property=\"og:image:width\" content=\"800\" \/>\n\t<meta property=\"og:image:height\" content=\"800\" \/>\n\t<meta property=\"og:image:type\" content=\"image\/webp\" \/>\n<meta name=\"twitter:card\" content=\"summary_large_image\" \/>\n<meta name=\"twitter:label1\" content=\"Timp estimat pentru citire\" \/>\n\t<meta name=\"twitter:data1\" content=\"1 minut\" \/>\n<script type=\"application\/ld+json\" class=\"yoast-schema-graph\">{\"@context\":\"https:\\\/\\\/schema.org\",\"@graph\":[{\"@type\":\"WebPage\",\"@id\":\"https:\\\/\\\/shopatoa.com\\\/ro\\\/syoss-intense-color-balsam-de-par-pentru-protectia-culorii-250-ml\\\/\",\"url\":\"https:\\\/\\\/shopatoa.com\\\/ro\\\/syoss-intense-color-balsam-de-par-pentru-protectia-culorii-250-ml\\\/\",\"name\":\"Syoss Intense Color balsam de p\u0103r pentru protec\u021bia culorii 250 ml - SHOPATOA.COM\",\"isPartOf\":{\"@id\":\"https:\\\/\\\/shopatoa.com\\\/ro\\\/#website\"},\"primaryImageOfPage\":{\"@id\":\"https:\\\/\\\/shopatoa.com\\\/ro\\\/syoss-intense-color-balsam-de-par-pentru-protectia-culorii-250-ml\\\/#primaryimage\"},\"image\":{\"@id\":\"https:\\\/\\\/shopatoa.com\\\/ro\\\/syoss-intense-color-balsam-de-par-pentru-protectia-culorii-250-ml\\\/#primaryimage\"},\"thumbnailUrl\":\"https:\\\/\\\/storage.googleapis.com\\\/cz-shopatoa-img\\\/ro\\\/2b13faf2-unnamed-file.webp\",\"datePublished\":\"2025-06-21T08:02:56+00:00\",\"dateModified\":\"2025-12-09T13:13:41+00:00\",\"breadcrumb\":{\"@id\":\"https:\\\/\\\/shopatoa.com\\\/ro\\\/syoss-intense-color-balsam-de-par-pentru-protectia-culorii-250-ml\\\/#breadcrumb\"},\"inLanguage\":\"ro-RO\",\"potentialAction\":[{\"@type\":\"ReadAction\",\"target\":[\"https:\\\/\\\/shopatoa.com\\\/ro\\\/syoss-intense-color-balsam-de-par-pentru-protectia-culorii-250-ml\\\/\"]}]},{\"@type\":\"ImageObject\",\"inLanguage\":\"ro-RO\",\"@id\":\"https:\\\/\\\/shopatoa.com\\\/ro\\\/syoss-intense-color-balsam-de-par-pentru-protectia-culorii-250-ml\\\/#primaryimage\",\"url\":\"https:\\\/\\\/storage.googleapis.com\\\/cz-shopatoa-img\\\/ro\\\/2b13faf2-unnamed-file.webp\",\"contentUrl\":\"https:\\\/\\\/storage.googleapis.com\\\/cz-shopatoa-img\\\/ro\\\/2b13faf2-unnamed-file.webp\",\"width\":800,\"height\":800},{\"@type\":\"BreadcrumbList\",\"@id\":\"https:\\\/\\\/shopatoa.com\\\/ro\\\/syoss-intense-color-balsam-de-par-pentru-protectia-culorii-250-ml\\\/#breadcrumb\",\"itemListElement\":[{\"@type\":\"ListItem\",\"position\":1,\"name\":\"Dom\u016f\",\"item\":\"https:\\\/\\\/shopatoa.com\\\/ro\\\/\"},{\"@type\":\"ListItem\",\"position\":2,\"name\":\"Shop\",\"item\":\"https:\\\/\\\/shopatoa.com\\\/ro\\\/shop\\\/\"},{\"@type\":\"ListItem\",\"position\":3,\"name\":\"S\u0103n\u0103tate \u0219i frumuse\u021be\",\"item\":\"https:\\\/\\\/shopatoa.com\\\/ro\\\/sanatate-si-frumusete\\\/\"},{\"@type\":\"ListItem\",\"position\":4,\"name\":\"\u00cengrijire personal\u0103\",\"item\":\"https:\\\/\\\/shopatoa.com\\\/ro\\\/ingrijire-personala\\\/\"},{\"@type\":\"ListItem\",\"position\":5,\"name\":\"\u00cengrijirea p\u0103rului\",\"item\":\"https:\\\/\\\/shopatoa.com\\\/ro\\\/ingrijirea-parului\\\/\"},{\"@type\":\"ListItem\",\"position\":6,\"name\":\"Syoss Intense Color balsam de p\u0103r pentru protec\u021bia culorii 250 ml\"}]},{\"@type\":\"WebSite\",\"@id\":\"https:\\\/\\\/shopatoa.com\\\/ro\\\/#website\",\"url\":\"https:\\\/\\\/shopatoa.com\\\/ro\\\/\",\"name\":\"SHOPATOA\",\"description\":\"\",\"publisher\":{\"@id\":\"https:\\\/\\\/shopatoa.com\\\/ro\\\/#organization\"},\"potentialAction\":[{\"@type\":\"SearchAction\",\"target\":{\"@type\":\"EntryPoint\",\"urlTemplate\":\"https:\\\/\\\/shopatoa.com\\\/ro\\\/?s={search_term_string}\"},\"query-input\":{\"@type\":\"PropertyValueSpecification\",\"valueRequired\":true,\"valueName\":\"search_term_string\"}}],\"inLanguage\":\"ro-RO\"},{\"@type\":\"Organization\",\"@id\":\"https:\\\/\\\/shopatoa.com\\\/ro\\\/#organization\",\"name\":\"SHOPATOA\",\"url\":\"https:\\\/\\\/shopatoa.com\\\/ro\\\/\",\"logo\":{\"@type\":\"ImageObject\",\"inLanguage\":\"ro-RO\",\"@id\":\"https:\\\/\\\/shopatoa.com\\\/ro\\\/#\\\/schema\\\/logo\\\/image\\\/\",\"url\":\"https:\\\/\\\/storage.googleapis.com\\\/cz-shopatoa-img\\\/ro\\\/b4dac915-shopatoa_logo.png\",\"contentUrl\":\"https:\\\/\\\/storage.googleapis.com\\\/cz-shopatoa-img\\\/ro\\\/b4dac915-shopatoa_logo.png\",\"width\":416,\"height\":63,\"caption\":\"SHOPATOA\"},\"image\":{\"@id\":\"https:\\\/\\\/shopatoa.com\\\/ro\\\/#\\\/schema\\\/logo\\\/image\\\/\"}}]}<\/script>\n<!-- \/ Yoast SEO plugin. -->","yoast_head_json":{"title":"Syoss Intense Color balsam de p\u0103r pentru protec\u021bia culorii 250 ml - SHOPATOA.COM","robots":{"index":"index","follow":"follow","max-snippet":"max-snippet:-1","max-image-preview":"max-image-preview:large","max-video-preview":"max-video-preview:-1"},"canonical":"https:\/\/shopatoa.com\/ro\/syoss-intense-color-balsam-de-par-pentru-protectia-culorii-250-ml\/","og_locale":"ro_RO","og_type":"article","og_title":"Syoss Intense Color balsam de p\u0103r pentru protec\u021bia culorii 250 ml - SHOPATOA.COM","og_description":"Syoss Intense Color, 250 ml, Condi\u021bionere \u0219i balsamuri de p\u0103r pentru femei, P\u0103rul dvs. are nevoie de o salvare imediat\u0103 sub forma unei \u00eengrijiri chiar mai intense dec\u00e2t cea pe care o poate oferi un balsam? Balsamul de p\u0103r Syoss Intense Color va contribui la restabilirea condi\u021biei p\u0103rului, la repararea deterior\u0103rilor \u0219i la redarea aspectului...","og_url":"https:\/\/shopatoa.com\/ro\/syoss-intense-color-balsam-de-par-pentru-protectia-culorii-250-ml\/","og_site_name":"SHOPATOA","article_modified_time":"2025-12-09T13:13:41+00:00","og_image":[{"width":800,"height":800,"url":"https:\/\/storage.googleapis.com\/cz-shopatoa-img\/ro\/2b13faf2-unnamed-file.webp","type":"image\/webp"}],"twitter_card":"summary_large_image","twitter_misc":{"Timp estimat pentru citire":"1 minut"},"schema":{"@context":"https:\/\/schema.org","@graph":[{"@type":"WebPage","@id":"https:\/\/shopatoa.com\/ro\/syoss-intense-color-balsam-de-par-pentru-protectia-culorii-250-ml\/","url":"https:\/\/shopatoa.com\/ro\/syoss-intense-color-balsam-de-par-pentru-protectia-culorii-250-ml\/","name":"Syoss Intense Color balsam de p\u0103r pentru protec\u021bia culorii 250 ml - SHOPATOA.COM","isPartOf":{"@id":"https:\/\/shopatoa.com\/ro\/#website"},"primaryImageOfPage":{"@id":"https:\/\/shopatoa.com\/ro\/syoss-intense-color-balsam-de-par-pentru-protectia-culorii-250-ml\/#primaryimage"},"image":{"@id":"https:\/\/shopatoa.com\/ro\/syoss-intense-color-balsam-de-par-pentru-protectia-culorii-250-ml\/#primaryimage"},"thumbnailUrl":"https:\/\/storage.googleapis.com\/cz-shopatoa-img\/ro\/2b13faf2-unnamed-file.webp","datePublished":"2025-06-21T08:02:56+00:00","dateModified":"2025-12-09T13:13:41+00:00","breadcrumb":{"@id":"https:\/\/shopatoa.com\/ro\/syoss-intense-color-balsam-de-par-pentru-protectia-culorii-250-ml\/#breadcrumb"},"inLanguage":"ro-RO","potentialAction":[{"@type":"ReadAction","target":["https:\/\/shopatoa.com\/ro\/syoss-intense-color-balsam-de-par-pentru-protectia-culorii-250-ml\/"]}]},{"@type":"ImageObject","inLanguage":"ro-RO","@id":"https:\/\/shopatoa.com\/ro\/syoss-intense-color-balsam-de-par-pentru-protectia-culorii-250-ml\/#primaryimage","url":"https:\/\/storage.googleapis.com\/cz-shopatoa-img\/ro\/2b13faf2-unnamed-file.webp","contentUrl":"https:\/\/storage.googleapis.com\/cz-shopatoa-img\/ro\/2b13faf2-unnamed-file.webp","width":800,"height":800},{"@type":"BreadcrumbList","@id":"https:\/\/shopatoa.com\/ro\/syoss-intense-color-balsam-de-par-pentru-protectia-culorii-250-ml\/#breadcrumb","itemListElement":[{"@type":"ListItem","position":1,"name":"Dom\u016f","item":"https:\/\/shopatoa.com\/ro\/"},{"@type":"ListItem","position":2,"name":"Shop","item":"https:\/\/shopatoa.com\/ro\/shop\/"},{"@type":"ListItem","position":3,"name":"S\u0103n\u0103tate \u0219i frumuse\u021be","item":"https:\/\/shopatoa.com\/ro\/sanatate-si-frumusete\/"},{"@type":"ListItem","position":4,"name":"\u00cengrijire personal\u0103","item":"https:\/\/shopatoa.com\/ro\/ingrijire-personala\/"},{"@type":"ListItem","position":5,"name":"\u00cengrijirea p\u0103rului","item":"https:\/\/shopatoa.com\/ro\/ingrijirea-parului\/"},{"@type":"ListItem","position":6,"name":"Syoss Intense Color balsam de p\u0103r pentru protec\u021bia culorii 250 ml"}]},{"@type":"WebSite","@id":"https:\/\/shopatoa.com\/ro\/#website","url":"https:\/\/shopatoa.com\/ro\/","name":"SHOPATOA","description":"","publisher":{"@id":"https:\/\/shopatoa.com\/ro\/#organization"},"potentialAction":[{"@type":"SearchAction","target":{"@type":"EntryPoint","urlTemplate":"https:\/\/shopatoa.com\/ro\/?s={search_term_string}"},"query-input":{"@type":"PropertyValueSpecification","valueRequired":true,"valueName":"search_term_string"}}],"inLanguage":"ro-RO"},{"@type":"Organization","@id":"https:\/\/shopatoa.com\/ro\/#organization","name":"SHOPATOA","url":"https:\/\/shopatoa.com\/ro\/","logo":{"@type":"ImageObject","inLanguage":"ro-RO","@id":"https:\/\/shopatoa.com\/ro\/#\/schema\/logo\/image\/","url":"https:\/\/storage.googleapis.com\/cz-shopatoa-img\/ro\/b4dac915-shopatoa_logo.png","contentUrl":"https:\/\/storage.googleapis.com\/cz-shopatoa-img\/ro\/b4dac915-shopatoa_logo.png","width":416,"height":63,"caption":"SHOPATOA"},"image":{"@id":"https:\/\/shopatoa.com\/ro\/#\/schema\/logo\/image\/"}}]}},"_links":{"self":[{"href":"https:\/\/shopatoa.com\/ro\/wp-json\/wp\/v2\/product\/420511","targetHints":{"allow":["GET"]}}],"collection":[{"href":"https:\/\/shopatoa.com\/ro\/wp-json\/wp\/v2\/product"}],"about":[{"href":"https:\/\/shopatoa.com\/ro\/wp-json\/wp\/v2\/types\/product"}],"replies":[{"embeddable":true,"href":"https:\/\/shopatoa.com\/ro\/wp-json\/wp\/v2\/comments?post=420511"}],"wp:featuredmedia":[{"embeddable":true,"href":"https:\/\/shopatoa.com\/ro\/wp-json\/wp\/v2\/media\/420512"}],"wp:attachment":[{"href":"https:\/\/shopatoa.com\/ro\/wp-json\/wp\/v2\/media?parent=420511"}],"wp:term":[{"taxonomy":"product_brand","embeddable":true,"href":"https:\/\/shopatoa.com\/ro\/wp-json\/wp\/v2\/product_brand?post=420511"},{"taxonomy":"product_cat","embeddable":true,"href":"https:\/\/shopatoa.com\/ro\/wp-json\/wp\/v2\/product_cat?post=420511"},{"taxonomy":"product_tag","embeddable":true,"href":"https:\/\/shopatoa.com\/ro\/wp-json\/wp\/v2\/product_tag?post=420511"}],"curies":[{"name":"wp","href":"https:\/\/api.w.org\/{rel}","templated":true}]}}