{"id":420684,"date":"2025-06-21T10:19:26","date_gmt":"2025-06-21T08:19:26","guid":{"rendered":"https:\/\/shopatoa.com\/ro\/magnum-natural-perie-din-lemn-pentru-par-318-22-cm\/"},"modified":"2025-12-10T06:25:12","modified_gmt":"2025-12-10T05:25:12","slug":"magnum-natural-perie-din-lemn-pentru-par-318-22-cm","status":"publish","type":"product","link":"https:\/\/shopatoa.com\/ro\/magnum-natural-perie-din-lemn-pentru-par-318-22-cm\/","title":{"rendered":"Magnum Natural perie din lemn pentru p\u0103r 318 22 cm"},"content":{"rendered":"<p>Magnum Natural, 22 cm, Perii plate pentru femei, Nu doar \u0219amponul, balsamul \u0219i alte produse cosmetice pentru p\u0103r sunt esen\u021biale pentru frumuse\u021bea p\u0103rului dvs. O rutin\u0103 corect\u0103 de \u00eengrijire \u00eencepe cu o piept\u0103nare regulat\u0103, complet\u0103, dar suficient de delicat\u0103. Tocmai de aceea, peria de p\u0103r Magnum Natural nu ar trebui s\u0103 lipseasc\u0103 din echipamentul dvs. Fiind un ajutor indispensabil pentru coafarea de zi cu zi \u0219i pentru un styling mai complex, va completa perfect produsele dvs. de \u00eengrijire a p\u0103rului \u0219i v\u0103 va ajuta s\u0103 ob\u021bine\u021bi un p\u0103r chiar mai catifelat, mai neted \u0219i mai s\u0103n\u0103tos, pe care este o bucurie s\u0103-l atinge\u021bi.  Caracteristici:  Perii special contura\u021bi descurc\u0103 p\u0103rul f\u0103r\u0103 durere minimizeaz\u0103 deteriorarea p\u0103rului neagresiv fa\u021b\u0103 de p\u0103r sau piele elimin\u0103 \u00eencurcarea \u0219i \u00eennodarea firelor  Cum se utilizeaz\u0103: P\u0103rul se va peria \u00eencet \u0219i delicat, pentru a evita deteriorarea mecanic\u0103 a firelor de p\u0103r.<\/p>\n","protected":false},"excerpt":{"rendered":"<p>Magnum Natural, 22 cm, Perii plate pentru femei, Nu doar \u0219amponul, balsamul \u0219i alte produse cosmetice pentru p\u0103r sunt esen\u021biale pentru frumuse\u021bea p\u0103rului dvs. O rutin\u0103 corect\u0103 de \u00eengrijire \u00eencepe cu o piept\u0103nare regulat\u0103, complet\u0103, dar suficient de delicat\u0103. Tocmai de aceea, peria de p\u0103r Magnum Natural nu ar trebui s\u0103 lipseasc\u0103 din echipamentul dvs&#8230;.<\/p>\n","protected":false},"featured_media":420685,"comment_status":"closed","ping_status":"open","template":"","meta":{"_acf_changed":false,"_kadence_starter_templates_imported_post":false,"_kad_post_transparent":"","_kad_post_title":"","_kad_post_layout":"","_kad_post_sidebar_id":"","_kad_post_content_style":"","_kad_post_vertical_padding":"","_kad_post_feature":"","_kad_post_feature_position":"","_kad_post_header":false,"_kad_post_footer":false,"_kad_post_classname":""},"product_brand":[1580],"product_cat":[1563,1590,1652,1653,1562],"product_tag":[],"class_list":{"0":"post-420684","1":"product","2":"type-product","3":"status-publish","4":"has-post-thumbnail","6":"product_brand-magnum","7":"product_cat-ingrijire-personala","8":"product_cat-ingrijirea-parului","9":"product_cat-instrumente-de-coafat","10":"product_cat-piepteni-si-perii","11":"product_cat-sanatate-si-frumusete","12":"pa_gen-female","13":"pa_marime-22-cm","15":"first","16":"instock","17":"product-type-external","18":"entry","19":"content-bg","20":"loop-entry"},"acf":[],"yoast_head":"<!-- This site is optimized with the Yoast SEO plugin v27.4 - https:\/\/yoast.com\/product\/yoast-seo-wordpress\/ -->\n<title>Magnum Natural perie din lemn pentru p\u0103r 318 22 cm - SHOPATOA.COM<\/title>\n<meta name=\"robots\" content=\"index, follow, max-snippet:-1, max-image-preview:large, max-video-preview:-1\" \/>\n<link rel=\"canonical\" href=\"https:\/\/shopatoa.com\/ro\/magnum-natural-perie-din-lemn-pentru-par-318-22-cm\/\" \/>\n<meta property=\"og:locale\" content=\"ro_RO\" \/>\n<meta property=\"og:type\" content=\"article\" \/>\n<meta property=\"og:title\" content=\"Magnum Natural perie din lemn pentru p\u0103r 318 22 cm - SHOPATOA.COM\" \/>\n<meta property=\"og:description\" content=\"Magnum Natural, 22 cm, Perii plate pentru femei, Nu doar \u0219amponul, balsamul \u0219i alte produse cosmetice pentru p\u0103r sunt esen\u021biale pentru frumuse\u021bea p\u0103rului dvs. O rutin\u0103 corect\u0103 de \u00eengrijire \u00eencepe cu o piept\u0103nare regulat\u0103, complet\u0103, dar suficient de delicat\u0103. Tocmai de aceea, peria de p\u0103r Magnum Natural nu ar trebui s\u0103 lipseasc\u0103 din echipamentul dvs....\" \/>\n<meta property=\"og:url\" content=\"https:\/\/shopatoa.com\/ro\/magnum-natural-perie-din-lemn-pentru-par-318-22-cm\/\" \/>\n<meta property=\"og:site_name\" content=\"SHOPATOA\" \/>\n<meta property=\"article:modified_time\" content=\"2025-12-10T05:25:12+00:00\" \/>\n<meta property=\"og:image\" content=\"https:\/\/storage.googleapis.com\/cz-shopatoa-img\/ro\/09cd7b17-unnamed-file.webp\" \/>\n\t<meta property=\"og:image:width\" content=\"800\" \/>\n\t<meta property=\"og:image:height\" content=\"800\" \/>\n\t<meta property=\"og:image:type\" content=\"image\/webp\" \/>\n<meta name=\"twitter:card\" content=\"summary_large_image\" \/>\n<meta name=\"twitter:label1\" content=\"Timp estimat pentru citire\" \/>\n\t<meta name=\"twitter:data1\" content=\"1 minut\" \/>\n<script type=\"application\/ld+json\" class=\"yoast-schema-graph\">{\"@context\":\"https:\\\/\\\/schema.org\",\"@graph\":[{\"@type\":\"WebPage\",\"@id\":\"https:\\\/\\\/shopatoa.com\\\/ro\\\/magnum-natural-perie-din-lemn-pentru-par-318-22-cm\\\/\",\"url\":\"https:\\\/\\\/shopatoa.com\\\/ro\\\/magnum-natural-perie-din-lemn-pentru-par-318-22-cm\\\/\",\"name\":\"Magnum Natural perie din lemn pentru p\u0103r 318 22 cm - SHOPATOA.COM\",\"isPartOf\":{\"@id\":\"https:\\\/\\\/shopatoa.com\\\/ro\\\/#website\"},\"primaryImageOfPage\":{\"@id\":\"https:\\\/\\\/shopatoa.com\\\/ro\\\/magnum-natural-perie-din-lemn-pentru-par-318-22-cm\\\/#primaryimage\"},\"image\":{\"@id\":\"https:\\\/\\\/shopatoa.com\\\/ro\\\/magnum-natural-perie-din-lemn-pentru-par-318-22-cm\\\/#primaryimage\"},\"thumbnailUrl\":\"https:\\\/\\\/storage.googleapis.com\\\/cz-shopatoa-img\\\/ro\\\/09cd7b17-unnamed-file.webp\",\"datePublished\":\"2025-06-21T08:19:26+00:00\",\"dateModified\":\"2025-12-10T05:25:12+00:00\",\"breadcrumb\":{\"@id\":\"https:\\\/\\\/shopatoa.com\\\/ro\\\/magnum-natural-perie-din-lemn-pentru-par-318-22-cm\\\/#breadcrumb\"},\"inLanguage\":\"ro-RO\",\"potentialAction\":[{\"@type\":\"ReadAction\",\"target\":[\"https:\\\/\\\/shopatoa.com\\\/ro\\\/magnum-natural-perie-din-lemn-pentru-par-318-22-cm\\\/\"]}]},{\"@type\":\"ImageObject\",\"inLanguage\":\"ro-RO\",\"@id\":\"https:\\\/\\\/shopatoa.com\\\/ro\\\/magnum-natural-perie-din-lemn-pentru-par-318-22-cm\\\/#primaryimage\",\"url\":\"https:\\\/\\\/storage.googleapis.com\\\/cz-shopatoa-img\\\/ro\\\/09cd7b17-unnamed-file.webp\",\"contentUrl\":\"https:\\\/\\\/storage.googleapis.com\\\/cz-shopatoa-img\\\/ro\\\/09cd7b17-unnamed-file.webp\",\"width\":800,\"height\":800},{\"@type\":\"BreadcrumbList\",\"@id\":\"https:\\\/\\\/shopatoa.com\\\/ro\\\/magnum-natural-perie-din-lemn-pentru-par-318-22-cm\\\/#breadcrumb\",\"itemListElement\":[{\"@type\":\"ListItem\",\"position\":1,\"name\":\"Dom\u016f\",\"item\":\"https:\\\/\\\/shopatoa.com\\\/ro\\\/\"},{\"@type\":\"ListItem\",\"position\":2,\"name\":\"Shop\",\"item\":\"https:\\\/\\\/shopatoa.com\\\/ro\\\/shop\\\/\"},{\"@type\":\"ListItem\",\"position\":3,\"name\":\"S\u0103n\u0103tate \u0219i frumuse\u021be\",\"item\":\"https:\\\/\\\/shopatoa.com\\\/ro\\\/sanatate-si-frumusete\\\/\"},{\"@type\":\"ListItem\",\"position\":4,\"name\":\"\u00cengrijire personal\u0103\",\"item\":\"https:\\\/\\\/shopatoa.com\\\/ro\\\/ingrijire-personala\\\/\"},{\"@type\":\"ListItem\",\"position\":5,\"name\":\"\u00cengrijirea p\u0103rului\",\"item\":\"https:\\\/\\\/shopatoa.com\\\/ro\\\/ingrijirea-parului\\\/\"},{\"@type\":\"ListItem\",\"position\":6,\"name\":\"Instrumente de coafat\",\"item\":\"https:\\\/\\\/shopatoa.com\\\/ro\\\/instrumente-de-coafat\\\/\"},{\"@type\":\"ListItem\",\"position\":7,\"name\":\"Piepteni \u0219i perii\",\"item\":\"https:\\\/\\\/shopatoa.com\\\/ro\\\/piepteni-si-perii\\\/\"},{\"@type\":\"ListItem\",\"position\":8,\"name\":\"Magnum Natural perie din lemn pentru p\u0103r 318 22 cm\"}]},{\"@type\":\"WebSite\",\"@id\":\"https:\\\/\\\/shopatoa.com\\\/ro\\\/#website\",\"url\":\"https:\\\/\\\/shopatoa.com\\\/ro\\\/\",\"name\":\"SHOPATOA\",\"description\":\"\",\"publisher\":{\"@id\":\"https:\\\/\\\/shopatoa.com\\\/ro\\\/#organization\"},\"potentialAction\":[{\"@type\":\"SearchAction\",\"target\":{\"@type\":\"EntryPoint\",\"urlTemplate\":\"https:\\\/\\\/shopatoa.com\\\/ro\\\/?s={search_term_string}\"},\"query-input\":{\"@type\":\"PropertyValueSpecification\",\"valueRequired\":true,\"valueName\":\"search_term_string\"}}],\"inLanguage\":\"ro-RO\"},{\"@type\":\"Organization\",\"@id\":\"https:\\\/\\\/shopatoa.com\\\/ro\\\/#organization\",\"name\":\"SHOPATOA\",\"url\":\"https:\\\/\\\/shopatoa.com\\\/ro\\\/\",\"logo\":{\"@type\":\"ImageObject\",\"inLanguage\":\"ro-RO\",\"@id\":\"https:\\\/\\\/shopatoa.com\\\/ro\\\/#\\\/schema\\\/logo\\\/image\\\/\",\"url\":\"https:\\\/\\\/storage.googleapis.com\\\/cz-shopatoa-img\\\/ro\\\/b4dac915-shopatoa_logo.png\",\"contentUrl\":\"https:\\\/\\\/storage.googleapis.com\\\/cz-shopatoa-img\\\/ro\\\/b4dac915-shopatoa_logo.png\",\"width\":416,\"height\":63,\"caption\":\"SHOPATOA\"},\"image\":{\"@id\":\"https:\\\/\\\/shopatoa.com\\\/ro\\\/#\\\/schema\\\/logo\\\/image\\\/\"}}]}<\/script>\n<!-- \/ Yoast SEO plugin. -->","yoast_head_json":{"title":"Magnum Natural perie din lemn pentru p\u0103r 318 22 cm - SHOPATOA.COM","robots":{"index":"index","follow":"follow","max-snippet":"max-snippet:-1","max-image-preview":"max-image-preview:large","max-video-preview":"max-video-preview:-1"},"canonical":"https:\/\/shopatoa.com\/ro\/magnum-natural-perie-din-lemn-pentru-par-318-22-cm\/","og_locale":"ro_RO","og_type":"article","og_title":"Magnum Natural perie din lemn pentru p\u0103r 318 22 cm - SHOPATOA.COM","og_description":"Magnum Natural, 22 cm, Perii plate pentru femei, Nu doar \u0219amponul, balsamul \u0219i alte produse cosmetice pentru p\u0103r sunt esen\u021biale pentru frumuse\u021bea p\u0103rului dvs. O rutin\u0103 corect\u0103 de \u00eengrijire \u00eencepe cu o piept\u0103nare regulat\u0103, complet\u0103, dar suficient de delicat\u0103. Tocmai de aceea, peria de p\u0103r Magnum Natural nu ar trebui s\u0103 lipseasc\u0103 din echipamentul dvs....","og_url":"https:\/\/shopatoa.com\/ro\/magnum-natural-perie-din-lemn-pentru-par-318-22-cm\/","og_site_name":"SHOPATOA","article_modified_time":"2025-12-10T05:25:12+00:00","og_image":[{"width":800,"height":800,"url":"https:\/\/storage.googleapis.com\/cz-shopatoa-img\/ro\/09cd7b17-unnamed-file.webp","type":"image\/webp"}],"twitter_card":"summary_large_image","twitter_misc":{"Timp estimat pentru citire":"1 minut"},"schema":{"@context":"https:\/\/schema.org","@graph":[{"@type":"WebPage","@id":"https:\/\/shopatoa.com\/ro\/magnum-natural-perie-din-lemn-pentru-par-318-22-cm\/","url":"https:\/\/shopatoa.com\/ro\/magnum-natural-perie-din-lemn-pentru-par-318-22-cm\/","name":"Magnum Natural perie din lemn pentru p\u0103r 318 22 cm - SHOPATOA.COM","isPartOf":{"@id":"https:\/\/shopatoa.com\/ro\/#website"},"primaryImageOfPage":{"@id":"https:\/\/shopatoa.com\/ro\/magnum-natural-perie-din-lemn-pentru-par-318-22-cm\/#primaryimage"},"image":{"@id":"https:\/\/shopatoa.com\/ro\/magnum-natural-perie-din-lemn-pentru-par-318-22-cm\/#primaryimage"},"thumbnailUrl":"https:\/\/storage.googleapis.com\/cz-shopatoa-img\/ro\/09cd7b17-unnamed-file.webp","datePublished":"2025-06-21T08:19:26+00:00","dateModified":"2025-12-10T05:25:12+00:00","breadcrumb":{"@id":"https:\/\/shopatoa.com\/ro\/magnum-natural-perie-din-lemn-pentru-par-318-22-cm\/#breadcrumb"},"inLanguage":"ro-RO","potentialAction":[{"@type":"ReadAction","target":["https:\/\/shopatoa.com\/ro\/magnum-natural-perie-din-lemn-pentru-par-318-22-cm\/"]}]},{"@type":"ImageObject","inLanguage":"ro-RO","@id":"https:\/\/shopatoa.com\/ro\/magnum-natural-perie-din-lemn-pentru-par-318-22-cm\/#primaryimage","url":"https:\/\/storage.googleapis.com\/cz-shopatoa-img\/ro\/09cd7b17-unnamed-file.webp","contentUrl":"https:\/\/storage.googleapis.com\/cz-shopatoa-img\/ro\/09cd7b17-unnamed-file.webp","width":800,"height":800},{"@type":"BreadcrumbList","@id":"https:\/\/shopatoa.com\/ro\/magnum-natural-perie-din-lemn-pentru-par-318-22-cm\/#breadcrumb","itemListElement":[{"@type":"ListItem","position":1,"name":"Dom\u016f","item":"https:\/\/shopatoa.com\/ro\/"},{"@type":"ListItem","position":2,"name":"Shop","item":"https:\/\/shopatoa.com\/ro\/shop\/"},{"@type":"ListItem","position":3,"name":"S\u0103n\u0103tate \u0219i frumuse\u021be","item":"https:\/\/shopatoa.com\/ro\/sanatate-si-frumusete\/"},{"@type":"ListItem","position":4,"name":"\u00cengrijire personal\u0103","item":"https:\/\/shopatoa.com\/ro\/ingrijire-personala\/"},{"@type":"ListItem","position":5,"name":"\u00cengrijirea p\u0103rului","item":"https:\/\/shopatoa.com\/ro\/ingrijirea-parului\/"},{"@type":"ListItem","position":6,"name":"Instrumente de coafat","item":"https:\/\/shopatoa.com\/ro\/instrumente-de-coafat\/"},{"@type":"ListItem","position":7,"name":"Piepteni \u0219i perii","item":"https:\/\/shopatoa.com\/ro\/piepteni-si-perii\/"},{"@type":"ListItem","position":8,"name":"Magnum Natural perie din lemn pentru p\u0103r 318 22 cm"}]},{"@type":"WebSite","@id":"https:\/\/shopatoa.com\/ro\/#website","url":"https:\/\/shopatoa.com\/ro\/","name":"SHOPATOA","description":"","publisher":{"@id":"https:\/\/shopatoa.com\/ro\/#organization"},"potentialAction":[{"@type":"SearchAction","target":{"@type":"EntryPoint","urlTemplate":"https:\/\/shopatoa.com\/ro\/?s={search_term_string}"},"query-input":{"@type":"PropertyValueSpecification","valueRequired":true,"valueName":"search_term_string"}}],"inLanguage":"ro-RO"},{"@type":"Organization","@id":"https:\/\/shopatoa.com\/ro\/#organization","name":"SHOPATOA","url":"https:\/\/shopatoa.com\/ro\/","logo":{"@type":"ImageObject","inLanguage":"ro-RO","@id":"https:\/\/shopatoa.com\/ro\/#\/schema\/logo\/image\/","url":"https:\/\/storage.googleapis.com\/cz-shopatoa-img\/ro\/b4dac915-shopatoa_logo.png","contentUrl":"https:\/\/storage.googleapis.com\/cz-shopatoa-img\/ro\/b4dac915-shopatoa_logo.png","width":416,"height":63,"caption":"SHOPATOA"},"image":{"@id":"https:\/\/shopatoa.com\/ro\/#\/schema\/logo\/image\/"}}]}},"_links":{"self":[{"href":"https:\/\/shopatoa.com\/ro\/wp-json\/wp\/v2\/product\/420684","targetHints":{"allow":["GET"]}}],"collection":[{"href":"https:\/\/shopatoa.com\/ro\/wp-json\/wp\/v2\/product"}],"about":[{"href":"https:\/\/shopatoa.com\/ro\/wp-json\/wp\/v2\/types\/product"}],"replies":[{"embeddable":true,"href":"https:\/\/shopatoa.com\/ro\/wp-json\/wp\/v2\/comments?post=420684"}],"wp:featuredmedia":[{"embeddable":true,"href":"https:\/\/shopatoa.com\/ro\/wp-json\/wp\/v2\/media\/420685"}],"wp:attachment":[{"href":"https:\/\/shopatoa.com\/ro\/wp-json\/wp\/v2\/media?parent=420684"}],"wp:term":[{"taxonomy":"product_brand","embeddable":true,"href":"https:\/\/shopatoa.com\/ro\/wp-json\/wp\/v2\/product_brand?post=420684"},{"taxonomy":"product_cat","embeddable":true,"href":"https:\/\/shopatoa.com\/ro\/wp-json\/wp\/v2\/product_cat?post=420684"},{"taxonomy":"product_tag","embeddable":true,"href":"https:\/\/shopatoa.com\/ro\/wp-json\/wp\/v2\/product_tag?post=420684"}],"curies":[{"name":"wp","href":"https:\/\/api.w.org\/{rel}","templated":true}]}}