{"id":420734,"date":"2025-06-21T10:22:57","date_gmt":"2025-06-21T08:22:57","guid":{"rendered":"https:\/\/shopatoa.com\/ro\/nivea-energy-fresh-deodorant-roll-on-antiperspirant-pentru-femei-50-ml\/"},"modified":"2025-12-10T06:13:58","modified_gmt":"2025-12-10T05:13:58","slug":"nivea-energy-fresh-deodorant-roll-on-antiperspirant-pentru-femei-50-ml","status":"publish","type":"product","link":"https:\/\/shopatoa.com\/ro\/nivea-energy-fresh-deodorant-roll-on-antiperspirant-pentru-femei-50-ml\/","title":{"rendered":"Nivea Energy Fresh deodorant roll-on antiperspirant pentru femei 50 ml"},"content":{"rendered":"<p>Nivea Energy Fresh, 50 ml, Deodorante \u0219i antiperspirante pentru femei, Oricare ar fi programul zilei, pute\u021bi l\u0103sa \u00een urm\u0103 grijile privind \u00eembr\u0103c\u0103mintea transpirat\u0103. Antiperspirantul Nivea Energy Fresh previne senza\u021bia nepl\u0103cut\u0103 cauzat\u0103 de petele de la subra\u021b. Datorit\u0103 ingredientelor antiperspirante, acesta va preveni activ formarea transpira\u021biei \u00een sine, ajut\u00e2nd la men\u021binerea pielii uscate. V\u0103 va oferi protec\u021bie \u00eendelungat\u0103 \u00eempotriva mirosului corporal \u0219i a umezelii nedorite, cauzate de transpira\u021bie, pentru a v\u0103 bucura de senza\u021bia de prospe\u021bime \u0219i curat pe toat\u0103 durata zilei.  Caracteristici:  protejeaz\u0103 eficient \u00eempotriva transpira\u021biei protejeaz\u0103 \u00eempotriva mirosurilor nepl\u0103cute confer\u0103 o senza\u021bie de confort \u0219i cur\u0103\u021benie, de lung\u0103 durat\u0103 neutralizeaz\u0103 mirosul nepl\u0103cut  Cum se utilizeaz\u0103: Se aplic\u0103 pe pielea uscat\u0103 \u0219i curat\u0103 a axilei.<\/p>\n","protected":false},"excerpt":{"rendered":"<p>Nivea Energy Fresh, 50 ml, Deodorante \u0219i antiperspirante pentru femei, Oricare ar fi programul zilei, pute\u021bi l\u0103sa \u00een urm\u0103 grijile privind \u00eembr\u0103c\u0103mintea transpirat\u0103. Antiperspirantul Nivea Energy Fresh previne senza\u021bia nepl\u0103cut\u0103 cauzat\u0103 de petele de la subra\u021b. Datorit\u0103 ingredientelor antiperspirante, acesta va preveni activ formarea transpira\u021biei \u00een sine, ajut\u00e2nd la men\u021binerea pielii uscate. V\u0103 va oferi&#8230;<\/p>\n","protected":false},"featured_media":420735,"comment_status":"closed","ping_status":"open","template":"","meta":{"_acf_changed":false,"_kadence_starter_templates_imported_post":false,"_kad_post_transparent":"","_kad_post_title":"","_kad_post_layout":"","_kad_post_sidebar_id":"","_kad_post_content_style":"","_kad_post_vertical_padding":"","_kad_post_feature":"","_kad_post_feature_position":"","_kad_post_header":false,"_kad_post_footer":false,"_kad_post_classname":""},"product_brand":[91],"product_cat":[1594,1563,1562],"product_tag":[],"class_list":{"0":"post-420734","1":"product","2":"type-product","3":"status-publish","4":"has-post-thumbnail","6":"product_brand-nivea","7":"product_cat-deodorant-si-antiperspirant","8":"product_cat-ingrijire-personala","9":"product_cat-sanatate-si-frumusete","10":"pa_gen-female","11":"pa_marime-50-ml","13":"first","14":"instock","15":"sale","16":"product-type-external","17":"entry","18":"content-bg","19":"loop-entry"},"acf":[],"yoast_head":"<!-- This site is optimized with the Yoast SEO plugin v27.4 - https:\/\/yoast.com\/product\/yoast-seo-wordpress\/ -->\n<title>Nivea Energy Fresh deodorant roll-on antiperspirant pentru femei 50 ml - SHOPATOA.COM<\/title>\n<meta name=\"robots\" content=\"index, follow, max-snippet:-1, max-image-preview:large, max-video-preview:-1\" \/>\n<link rel=\"canonical\" href=\"https:\/\/shopatoa.com\/ro\/nivea-energy-fresh-deodorant-roll-on-antiperspirant-pentru-femei-50-ml\/\" \/>\n<meta property=\"og:locale\" content=\"ro_RO\" \/>\n<meta property=\"og:type\" content=\"article\" \/>\n<meta property=\"og:title\" content=\"Nivea Energy Fresh deodorant roll-on antiperspirant pentru femei 50 ml - SHOPATOA.COM\" \/>\n<meta property=\"og:description\" content=\"Nivea Energy Fresh, 50 ml, Deodorante \u0219i antiperspirante pentru femei, Oricare ar fi programul zilei, pute\u021bi l\u0103sa \u00een urm\u0103 grijile privind \u00eembr\u0103c\u0103mintea transpirat\u0103. Antiperspirantul Nivea Energy Fresh previne senza\u021bia nepl\u0103cut\u0103 cauzat\u0103 de petele de la subra\u021b. Datorit\u0103 ingredientelor antiperspirante, acesta va preveni activ formarea transpira\u021biei \u00een sine, ajut\u00e2nd la men\u021binerea pielii uscate. V\u0103 va oferi...\" \/>\n<meta property=\"og:url\" content=\"https:\/\/shopatoa.com\/ro\/nivea-energy-fresh-deodorant-roll-on-antiperspirant-pentru-femei-50-ml\/\" \/>\n<meta property=\"og:site_name\" content=\"SHOPATOA\" \/>\n<meta property=\"article:modified_time\" content=\"2025-12-10T05:13:58+00:00\" \/>\n<meta property=\"og:image\" content=\"https:\/\/storage.googleapis.com\/cz-shopatoa-img\/ro\/b3ca2002-unnamed-file.webp\" \/>\n\t<meta property=\"og:image:width\" content=\"800\" \/>\n\t<meta property=\"og:image:height\" content=\"800\" \/>\n\t<meta property=\"og:image:type\" content=\"image\/webp\" \/>\n<meta name=\"twitter:card\" content=\"summary_large_image\" \/>\n<meta name=\"twitter:label1\" content=\"Timp estimat pentru citire\" \/>\n\t<meta name=\"twitter:data1\" content=\"1 minut\" \/>\n<script type=\"application\/ld+json\" class=\"yoast-schema-graph\">{\"@context\":\"https:\\\/\\\/schema.org\",\"@graph\":[{\"@type\":\"WebPage\",\"@id\":\"https:\\\/\\\/shopatoa.com\\\/ro\\\/nivea-energy-fresh-deodorant-roll-on-antiperspirant-pentru-femei-50-ml\\\/\",\"url\":\"https:\\\/\\\/shopatoa.com\\\/ro\\\/nivea-energy-fresh-deodorant-roll-on-antiperspirant-pentru-femei-50-ml\\\/\",\"name\":\"Nivea Energy Fresh deodorant roll-on antiperspirant pentru femei 50 ml - SHOPATOA.COM\",\"isPartOf\":{\"@id\":\"https:\\\/\\\/shopatoa.com\\\/ro\\\/#website\"},\"primaryImageOfPage\":{\"@id\":\"https:\\\/\\\/shopatoa.com\\\/ro\\\/nivea-energy-fresh-deodorant-roll-on-antiperspirant-pentru-femei-50-ml\\\/#primaryimage\"},\"image\":{\"@id\":\"https:\\\/\\\/shopatoa.com\\\/ro\\\/nivea-energy-fresh-deodorant-roll-on-antiperspirant-pentru-femei-50-ml\\\/#primaryimage\"},\"thumbnailUrl\":\"https:\\\/\\\/storage.googleapis.com\\\/cz-shopatoa-img\\\/ro\\\/b3ca2002-unnamed-file.webp\",\"datePublished\":\"2025-06-21T08:22:57+00:00\",\"dateModified\":\"2025-12-10T05:13:58+00:00\",\"breadcrumb\":{\"@id\":\"https:\\\/\\\/shopatoa.com\\\/ro\\\/nivea-energy-fresh-deodorant-roll-on-antiperspirant-pentru-femei-50-ml\\\/#breadcrumb\"},\"inLanguage\":\"ro-RO\",\"potentialAction\":[{\"@type\":\"ReadAction\",\"target\":[\"https:\\\/\\\/shopatoa.com\\\/ro\\\/nivea-energy-fresh-deodorant-roll-on-antiperspirant-pentru-femei-50-ml\\\/\"]}]},{\"@type\":\"ImageObject\",\"inLanguage\":\"ro-RO\",\"@id\":\"https:\\\/\\\/shopatoa.com\\\/ro\\\/nivea-energy-fresh-deodorant-roll-on-antiperspirant-pentru-femei-50-ml\\\/#primaryimage\",\"url\":\"https:\\\/\\\/storage.googleapis.com\\\/cz-shopatoa-img\\\/ro\\\/b3ca2002-unnamed-file.webp\",\"contentUrl\":\"https:\\\/\\\/storage.googleapis.com\\\/cz-shopatoa-img\\\/ro\\\/b3ca2002-unnamed-file.webp\",\"width\":800,\"height\":800},{\"@type\":\"BreadcrumbList\",\"@id\":\"https:\\\/\\\/shopatoa.com\\\/ro\\\/nivea-energy-fresh-deodorant-roll-on-antiperspirant-pentru-femei-50-ml\\\/#breadcrumb\",\"itemListElement\":[{\"@type\":\"ListItem\",\"position\":1,\"name\":\"Dom\u016f\",\"item\":\"https:\\\/\\\/shopatoa.com\\\/ro\\\/\"},{\"@type\":\"ListItem\",\"position\":2,\"name\":\"Shop\",\"item\":\"https:\\\/\\\/shopatoa.com\\\/ro\\\/shop\\\/\"},{\"@type\":\"ListItem\",\"position\":3,\"name\":\"S\u0103n\u0103tate \u0219i frumuse\u021be\",\"item\":\"https:\\\/\\\/shopatoa.com\\\/ro\\\/sanatate-si-frumusete\\\/\"},{\"@type\":\"ListItem\",\"position\":4,\"name\":\"\u00cengrijire personal\u0103\",\"item\":\"https:\\\/\\\/shopatoa.com\\\/ro\\\/ingrijire-personala\\\/\"},{\"@type\":\"ListItem\",\"position\":5,\"name\":\"Deodorant \u0219i antiperspirant\",\"item\":\"https:\\\/\\\/shopatoa.com\\\/ro\\\/deodorant-si-antiperspirant\\\/\"},{\"@type\":\"ListItem\",\"position\":6,\"name\":\"Nivea Energy Fresh deodorant roll-on antiperspirant pentru femei 50 ml\"}]},{\"@type\":\"WebSite\",\"@id\":\"https:\\\/\\\/shopatoa.com\\\/ro\\\/#website\",\"url\":\"https:\\\/\\\/shopatoa.com\\\/ro\\\/\",\"name\":\"SHOPATOA\",\"description\":\"\",\"publisher\":{\"@id\":\"https:\\\/\\\/shopatoa.com\\\/ro\\\/#organization\"},\"potentialAction\":[{\"@type\":\"SearchAction\",\"target\":{\"@type\":\"EntryPoint\",\"urlTemplate\":\"https:\\\/\\\/shopatoa.com\\\/ro\\\/?s={search_term_string}\"},\"query-input\":{\"@type\":\"PropertyValueSpecification\",\"valueRequired\":true,\"valueName\":\"search_term_string\"}}],\"inLanguage\":\"ro-RO\"},{\"@type\":\"Organization\",\"@id\":\"https:\\\/\\\/shopatoa.com\\\/ro\\\/#organization\",\"name\":\"SHOPATOA\",\"url\":\"https:\\\/\\\/shopatoa.com\\\/ro\\\/\",\"logo\":{\"@type\":\"ImageObject\",\"inLanguage\":\"ro-RO\",\"@id\":\"https:\\\/\\\/shopatoa.com\\\/ro\\\/#\\\/schema\\\/logo\\\/image\\\/\",\"url\":\"https:\\\/\\\/storage.googleapis.com\\\/cz-shopatoa-img\\\/ro\\\/b4dac915-shopatoa_logo.png\",\"contentUrl\":\"https:\\\/\\\/storage.googleapis.com\\\/cz-shopatoa-img\\\/ro\\\/b4dac915-shopatoa_logo.png\",\"width\":416,\"height\":63,\"caption\":\"SHOPATOA\"},\"image\":{\"@id\":\"https:\\\/\\\/shopatoa.com\\\/ro\\\/#\\\/schema\\\/logo\\\/image\\\/\"}}]}<\/script>\n<!-- \/ Yoast SEO plugin. -->","yoast_head_json":{"title":"Nivea Energy Fresh deodorant roll-on antiperspirant pentru femei 50 ml - SHOPATOA.COM","robots":{"index":"index","follow":"follow","max-snippet":"max-snippet:-1","max-image-preview":"max-image-preview:large","max-video-preview":"max-video-preview:-1"},"canonical":"https:\/\/shopatoa.com\/ro\/nivea-energy-fresh-deodorant-roll-on-antiperspirant-pentru-femei-50-ml\/","og_locale":"ro_RO","og_type":"article","og_title":"Nivea Energy Fresh deodorant roll-on antiperspirant pentru femei 50 ml - SHOPATOA.COM","og_description":"Nivea Energy Fresh, 50 ml, Deodorante \u0219i antiperspirante pentru femei, Oricare ar fi programul zilei, pute\u021bi l\u0103sa \u00een urm\u0103 grijile privind \u00eembr\u0103c\u0103mintea transpirat\u0103. Antiperspirantul Nivea Energy Fresh previne senza\u021bia nepl\u0103cut\u0103 cauzat\u0103 de petele de la subra\u021b. Datorit\u0103 ingredientelor antiperspirante, acesta va preveni activ formarea transpira\u021biei \u00een sine, ajut\u00e2nd la men\u021binerea pielii uscate. V\u0103 va oferi...","og_url":"https:\/\/shopatoa.com\/ro\/nivea-energy-fresh-deodorant-roll-on-antiperspirant-pentru-femei-50-ml\/","og_site_name":"SHOPATOA","article_modified_time":"2025-12-10T05:13:58+00:00","og_image":[{"width":800,"height":800,"url":"https:\/\/storage.googleapis.com\/cz-shopatoa-img\/ro\/b3ca2002-unnamed-file.webp","type":"image\/webp"}],"twitter_card":"summary_large_image","twitter_misc":{"Timp estimat pentru citire":"1 minut"},"schema":{"@context":"https:\/\/schema.org","@graph":[{"@type":"WebPage","@id":"https:\/\/shopatoa.com\/ro\/nivea-energy-fresh-deodorant-roll-on-antiperspirant-pentru-femei-50-ml\/","url":"https:\/\/shopatoa.com\/ro\/nivea-energy-fresh-deodorant-roll-on-antiperspirant-pentru-femei-50-ml\/","name":"Nivea Energy Fresh deodorant roll-on antiperspirant pentru femei 50 ml - SHOPATOA.COM","isPartOf":{"@id":"https:\/\/shopatoa.com\/ro\/#website"},"primaryImageOfPage":{"@id":"https:\/\/shopatoa.com\/ro\/nivea-energy-fresh-deodorant-roll-on-antiperspirant-pentru-femei-50-ml\/#primaryimage"},"image":{"@id":"https:\/\/shopatoa.com\/ro\/nivea-energy-fresh-deodorant-roll-on-antiperspirant-pentru-femei-50-ml\/#primaryimage"},"thumbnailUrl":"https:\/\/storage.googleapis.com\/cz-shopatoa-img\/ro\/b3ca2002-unnamed-file.webp","datePublished":"2025-06-21T08:22:57+00:00","dateModified":"2025-12-10T05:13:58+00:00","breadcrumb":{"@id":"https:\/\/shopatoa.com\/ro\/nivea-energy-fresh-deodorant-roll-on-antiperspirant-pentru-femei-50-ml\/#breadcrumb"},"inLanguage":"ro-RO","potentialAction":[{"@type":"ReadAction","target":["https:\/\/shopatoa.com\/ro\/nivea-energy-fresh-deodorant-roll-on-antiperspirant-pentru-femei-50-ml\/"]}]},{"@type":"ImageObject","inLanguage":"ro-RO","@id":"https:\/\/shopatoa.com\/ro\/nivea-energy-fresh-deodorant-roll-on-antiperspirant-pentru-femei-50-ml\/#primaryimage","url":"https:\/\/storage.googleapis.com\/cz-shopatoa-img\/ro\/b3ca2002-unnamed-file.webp","contentUrl":"https:\/\/storage.googleapis.com\/cz-shopatoa-img\/ro\/b3ca2002-unnamed-file.webp","width":800,"height":800},{"@type":"BreadcrumbList","@id":"https:\/\/shopatoa.com\/ro\/nivea-energy-fresh-deodorant-roll-on-antiperspirant-pentru-femei-50-ml\/#breadcrumb","itemListElement":[{"@type":"ListItem","position":1,"name":"Dom\u016f","item":"https:\/\/shopatoa.com\/ro\/"},{"@type":"ListItem","position":2,"name":"Shop","item":"https:\/\/shopatoa.com\/ro\/shop\/"},{"@type":"ListItem","position":3,"name":"S\u0103n\u0103tate \u0219i frumuse\u021be","item":"https:\/\/shopatoa.com\/ro\/sanatate-si-frumusete\/"},{"@type":"ListItem","position":4,"name":"\u00cengrijire personal\u0103","item":"https:\/\/shopatoa.com\/ro\/ingrijire-personala\/"},{"@type":"ListItem","position":5,"name":"Deodorant \u0219i antiperspirant","item":"https:\/\/shopatoa.com\/ro\/deodorant-si-antiperspirant\/"},{"@type":"ListItem","position":6,"name":"Nivea Energy Fresh deodorant roll-on antiperspirant pentru femei 50 ml"}]},{"@type":"WebSite","@id":"https:\/\/shopatoa.com\/ro\/#website","url":"https:\/\/shopatoa.com\/ro\/","name":"SHOPATOA","description":"","publisher":{"@id":"https:\/\/shopatoa.com\/ro\/#organization"},"potentialAction":[{"@type":"SearchAction","target":{"@type":"EntryPoint","urlTemplate":"https:\/\/shopatoa.com\/ro\/?s={search_term_string}"},"query-input":{"@type":"PropertyValueSpecification","valueRequired":true,"valueName":"search_term_string"}}],"inLanguage":"ro-RO"},{"@type":"Organization","@id":"https:\/\/shopatoa.com\/ro\/#organization","name":"SHOPATOA","url":"https:\/\/shopatoa.com\/ro\/","logo":{"@type":"ImageObject","inLanguage":"ro-RO","@id":"https:\/\/shopatoa.com\/ro\/#\/schema\/logo\/image\/","url":"https:\/\/storage.googleapis.com\/cz-shopatoa-img\/ro\/b4dac915-shopatoa_logo.png","contentUrl":"https:\/\/storage.googleapis.com\/cz-shopatoa-img\/ro\/b4dac915-shopatoa_logo.png","width":416,"height":63,"caption":"SHOPATOA"},"image":{"@id":"https:\/\/shopatoa.com\/ro\/#\/schema\/logo\/image\/"}}]}},"_links":{"self":[{"href":"https:\/\/shopatoa.com\/ro\/wp-json\/wp\/v2\/product\/420734","targetHints":{"allow":["GET"]}}],"collection":[{"href":"https:\/\/shopatoa.com\/ro\/wp-json\/wp\/v2\/product"}],"about":[{"href":"https:\/\/shopatoa.com\/ro\/wp-json\/wp\/v2\/types\/product"}],"replies":[{"embeddable":true,"href":"https:\/\/shopatoa.com\/ro\/wp-json\/wp\/v2\/comments?post=420734"}],"wp:featuredmedia":[{"embeddable":true,"href":"https:\/\/shopatoa.com\/ro\/wp-json\/wp\/v2\/media\/420735"}],"wp:attachment":[{"href":"https:\/\/shopatoa.com\/ro\/wp-json\/wp\/v2\/media?parent=420734"}],"wp:term":[{"taxonomy":"product_brand","embeddable":true,"href":"https:\/\/shopatoa.com\/ro\/wp-json\/wp\/v2\/product_brand?post=420734"},{"taxonomy":"product_cat","embeddable":true,"href":"https:\/\/shopatoa.com\/ro\/wp-json\/wp\/v2\/product_cat?post=420734"},{"taxonomy":"product_tag","embeddable":true,"href":"https:\/\/shopatoa.com\/ro\/wp-json\/wp\/v2\/product_tag?post=420734"}],"curies":[{"name":"wp","href":"https:\/\/api.w.org\/{rel}","templated":true}]}}