{"id":421739,"date":"2025-06-21T12:03:40","date_gmt":"2025-06-21T10:03:40","guid":{"rendered":"https:\/\/shopatoa.com\/ro\/noreva-sensidiane-ar-cc-cream-crema-cc-impotriva-rosetii-tenului-spf-30-40-ml\/"},"modified":"2025-12-10T01:43:13","modified_gmt":"2025-12-10T00:43:13","slug":"noreva-sensidiane-ar-cc-cream-crema-cc-impotriva-rosetii-tenului-spf-30-40-ml","status":"publish","type":"product","link":"https:\/\/shopatoa.com\/ro\/noreva-sensidiane-ar-cc-cream-crema-cc-impotriva-rosetii-tenului-spf-30-40-ml\/","title":{"rendered":"Noreva Sensidiane AR+ CC Cream crem\u0103 CC \u00eempotriva ro\u0219e\u021bii tenului SPF 30 40 ml"},"content":{"rendered":"<p>Noreva Sensidiane AR+ CC Cream, 40 ml, crema tonifianta pentru femei, Ob\u021binerea unui ten natural frumos, f\u0103r\u0103 pete nedorite, este mai u\u0219oar\u0103 ca niciodat\u0103. Crema CC Noreva Sensidiane AR+ CC Cream combin\u0103 beneficiile produselor cosmetice decorative \u0219i de \u00eengrijire, \u021bintind \u00een primul r\u00e2nd ro\u0219ea\u021ba, pe care o mascheaz\u0103 \u00eempreun\u0103 cu alte imperfec\u021biuni. Are grij\u0103 s\u0103 uniformizeze nuan\u021ba tenului \u0219i efectueaz\u0103 o corec\u021bie de culoare a ro\u0219e\u021bii, oferind tenului \u00een acela\u0219i timp o \u00eengrijire corespunz\u0103toare.  Caracteristici:  efectueaz\u0103 corec\u021bia culorii zonelor \u00eenro\u0219ite ale tenului ofer\u0103 protec\u021bie \u00eempotriva razelor solare confer\u0103 un look natural efect iluminator uniformizeaz\u0103 culoarea pielii regenereaz\u0103 \u0219i revitalizeaz\u0103 se absoarbe rapid \u00eempotriva ro\u0219e\u021bii are efect de calmare  Ingrediente:  nu con\u021bine parfum testat dermatologic SPF \u2013 asigur\u0103 protec\u021bie \u00eempotriva radia\u021biilor UV d\u0103un\u0103toare  Cum se utilizeaz\u0103: Se aplic\u0103 pe pielea curat\u0103, cu mi\u0219c\u0103ri circulare \u0219i se maseaz\u0103 u\u0219or. A se utiliza regulat, \u00een fiecare diminea\u021b\u0103.<\/p>\n","protected":false},"excerpt":{"rendered":"<p>Noreva Sensidiane AR+ CC Cream, 40 ml, crema tonifianta pentru femei, Ob\u021binerea unui ten natural frumos, f\u0103r\u0103 pete nedorite, este mai u\u0219oar\u0103 ca niciodat\u0103. Crema CC Noreva Sensidiane AR+ CC Cream combin\u0103 beneficiile produselor cosmetice decorative \u0219i de \u00eengrijire, \u021bintind \u00een primul r\u00e2nd ro\u0219ea\u021ba, pe care o mascheaz\u0103 \u00eempreun\u0103 cu alte imperfec\u021biuni. Are grij\u0103 s\u0103&#8230;<\/p>\n","protected":false},"featured_media":421740,"comment_status":"closed","ping_status":"open","template":"","meta":{"_acf_changed":false,"_kadence_starter_templates_imported_post":false,"_kad_post_transparent":"","_kad_post_title":"","_kad_post_layout":"","_kad_post_sidebar_id":"","_kad_post_content_style":"","_kad_post_vertical_padding":"","_kad_post_feature":"","_kad_post_feature_position":"","_kad_post_header":false,"_kad_post_footer":false,"_kad_post_classname":""},"product_brand":[2489],"product_cat":[1564,1563,1565,1562],"product_tag":[],"class_list":{"0":"post-421739","1":"product","2":"type-product","3":"status-publish","4":"has-post-thumbnail","6":"product_brand-noreva","7":"product_cat-cosmetice-ingrijire-personala","8":"product_cat-ingrijire-personala","9":"product_cat-ingrijirea-pielii","10":"product_cat-sanatate-si-frumusete","11":"pa_gen-female","12":"pa_marime-40-ml","14":"first","15":"instock","16":"sale","17":"product-type-external","18":"entry","19":"content-bg","20":"loop-entry"},"acf":[],"yoast_head":"<!-- This site is optimized with the Yoast SEO plugin v27.4 - https:\/\/yoast.com\/product\/yoast-seo-wordpress\/ -->\n<title>Noreva Sensidiane AR+ CC Cream crem\u0103 CC \u00eempotriva ro\u0219e\u021bii tenului SPF 30 40 ml - SHOPATOA.COM<\/title>\n<meta name=\"robots\" content=\"index, follow, max-snippet:-1, max-image-preview:large, max-video-preview:-1\" \/>\n<link rel=\"canonical\" href=\"https:\/\/shopatoa.com\/ro\/noreva-sensidiane-ar-cc-cream-crema-cc-impotriva-rosetii-tenului-spf-30-40-ml\/\" \/>\n<meta property=\"og:locale\" content=\"ro_RO\" \/>\n<meta property=\"og:type\" content=\"article\" \/>\n<meta property=\"og:title\" content=\"Noreva Sensidiane AR+ CC Cream crem\u0103 CC \u00eempotriva ro\u0219e\u021bii tenului SPF 30 40 ml - SHOPATOA.COM\" \/>\n<meta property=\"og:description\" content=\"Noreva Sensidiane AR+ CC Cream, 40 ml, crema tonifianta pentru femei, Ob\u021binerea unui ten natural frumos, f\u0103r\u0103 pete nedorite, este mai u\u0219oar\u0103 ca niciodat\u0103. Crema CC Noreva Sensidiane AR+ CC Cream combin\u0103 beneficiile produselor cosmetice decorative \u0219i de \u00eengrijire, \u021bintind \u00een primul r\u00e2nd ro\u0219ea\u021ba, pe care o mascheaz\u0103 \u00eempreun\u0103 cu alte imperfec\u021biuni. Are grij\u0103 s\u0103...\" \/>\n<meta property=\"og:url\" content=\"https:\/\/shopatoa.com\/ro\/noreva-sensidiane-ar-cc-cream-crema-cc-impotriva-rosetii-tenului-spf-30-40-ml\/\" \/>\n<meta property=\"og:site_name\" content=\"SHOPATOA\" \/>\n<meta property=\"article:modified_time\" content=\"2025-12-10T00:43:13+00:00\" \/>\n<meta property=\"og:image\" content=\"https:\/\/storage.googleapis.com\/cz-shopatoa-img\/ro\/8edb146a-unnamed-file.webp\" \/>\n\t<meta property=\"og:image:width\" content=\"800\" \/>\n\t<meta property=\"og:image:height\" content=\"800\" \/>\n\t<meta property=\"og:image:type\" content=\"image\/webp\" \/>\n<meta name=\"twitter:card\" content=\"summary_large_image\" \/>\n<meta name=\"twitter:label1\" content=\"Timp estimat pentru citire\" \/>\n\t<meta name=\"twitter:data1\" content=\"1 minut\" \/>\n<script type=\"application\/ld+json\" class=\"yoast-schema-graph\">{\"@context\":\"https:\\\/\\\/schema.org\",\"@graph\":[{\"@type\":\"WebPage\",\"@id\":\"https:\\\/\\\/shopatoa.com\\\/ro\\\/noreva-sensidiane-ar-cc-cream-crema-cc-impotriva-rosetii-tenului-spf-30-40-ml\\\/\",\"url\":\"https:\\\/\\\/shopatoa.com\\\/ro\\\/noreva-sensidiane-ar-cc-cream-crema-cc-impotriva-rosetii-tenului-spf-30-40-ml\\\/\",\"name\":\"Noreva Sensidiane AR+ CC Cream crem\u0103 CC \u00eempotriva ro\u0219e\u021bii tenului SPF 30 40 ml - SHOPATOA.COM\",\"isPartOf\":{\"@id\":\"https:\\\/\\\/shopatoa.com\\\/ro\\\/#website\"},\"primaryImageOfPage\":{\"@id\":\"https:\\\/\\\/shopatoa.com\\\/ro\\\/noreva-sensidiane-ar-cc-cream-crema-cc-impotriva-rosetii-tenului-spf-30-40-ml\\\/#primaryimage\"},\"image\":{\"@id\":\"https:\\\/\\\/shopatoa.com\\\/ro\\\/noreva-sensidiane-ar-cc-cream-crema-cc-impotriva-rosetii-tenului-spf-30-40-ml\\\/#primaryimage\"},\"thumbnailUrl\":\"https:\\\/\\\/storage.googleapis.com\\\/cz-shopatoa-img\\\/ro\\\/8edb146a-unnamed-file.webp\",\"datePublished\":\"2025-06-21T10:03:40+00:00\",\"dateModified\":\"2025-12-10T00:43:13+00:00\",\"breadcrumb\":{\"@id\":\"https:\\\/\\\/shopatoa.com\\\/ro\\\/noreva-sensidiane-ar-cc-cream-crema-cc-impotriva-rosetii-tenului-spf-30-40-ml\\\/#breadcrumb\"},\"inLanguage\":\"ro-RO\",\"potentialAction\":[{\"@type\":\"ReadAction\",\"target\":[\"https:\\\/\\\/shopatoa.com\\\/ro\\\/noreva-sensidiane-ar-cc-cream-crema-cc-impotriva-rosetii-tenului-spf-30-40-ml\\\/\"]}]},{\"@type\":\"ImageObject\",\"inLanguage\":\"ro-RO\",\"@id\":\"https:\\\/\\\/shopatoa.com\\\/ro\\\/noreva-sensidiane-ar-cc-cream-crema-cc-impotriva-rosetii-tenului-spf-30-40-ml\\\/#primaryimage\",\"url\":\"https:\\\/\\\/storage.googleapis.com\\\/cz-shopatoa-img\\\/ro\\\/8edb146a-unnamed-file.webp\",\"contentUrl\":\"https:\\\/\\\/storage.googleapis.com\\\/cz-shopatoa-img\\\/ro\\\/8edb146a-unnamed-file.webp\",\"width\":800,\"height\":800},{\"@type\":\"BreadcrumbList\",\"@id\":\"https:\\\/\\\/shopatoa.com\\\/ro\\\/noreva-sensidiane-ar-cc-cream-crema-cc-impotriva-rosetii-tenului-spf-30-40-ml\\\/#breadcrumb\",\"itemListElement\":[{\"@type\":\"ListItem\",\"position\":1,\"name\":\"Dom\u016f\",\"item\":\"https:\\\/\\\/shopatoa.com\\\/ro\\\/\"},{\"@type\":\"ListItem\",\"position\":2,\"name\":\"Shop\",\"item\":\"https:\\\/\\\/shopatoa.com\\\/ro\\\/shop\\\/\"},{\"@type\":\"ListItem\",\"position\":3,\"name\":\"S\u0103n\u0103tate \u0219i frumuse\u021be\",\"item\":\"https:\\\/\\\/shopatoa.com\\\/ro\\\/sanatate-si-frumusete\\\/\"},{\"@type\":\"ListItem\",\"position\":4,\"name\":\"\u00cengrijire personal\u0103\",\"item\":\"https:\\\/\\\/shopatoa.com\\\/ro\\\/ingrijire-personala\\\/\"},{\"@type\":\"ListItem\",\"position\":5,\"name\":\"Cosmetice\",\"item\":\"https:\\\/\\\/shopatoa.com\\\/ro\\\/cosmetice-ingrijire-personala\\\/\"},{\"@type\":\"ListItem\",\"position\":6,\"name\":\"\u00cengrijirea pielii\",\"item\":\"https:\\\/\\\/shopatoa.com\\\/ro\\\/ingrijirea-pielii\\\/\"},{\"@type\":\"ListItem\",\"position\":7,\"name\":\"Noreva Sensidiane AR+ CC Cream crem\u0103 CC \u00eempotriva ro\u0219e\u021bii tenului SPF 30 40 ml\"}]},{\"@type\":\"WebSite\",\"@id\":\"https:\\\/\\\/shopatoa.com\\\/ro\\\/#website\",\"url\":\"https:\\\/\\\/shopatoa.com\\\/ro\\\/\",\"name\":\"SHOPATOA\",\"description\":\"\",\"publisher\":{\"@id\":\"https:\\\/\\\/shopatoa.com\\\/ro\\\/#organization\"},\"potentialAction\":[{\"@type\":\"SearchAction\",\"target\":{\"@type\":\"EntryPoint\",\"urlTemplate\":\"https:\\\/\\\/shopatoa.com\\\/ro\\\/?s={search_term_string}\"},\"query-input\":{\"@type\":\"PropertyValueSpecification\",\"valueRequired\":true,\"valueName\":\"search_term_string\"}}],\"inLanguage\":\"ro-RO\"},{\"@type\":\"Organization\",\"@id\":\"https:\\\/\\\/shopatoa.com\\\/ro\\\/#organization\",\"name\":\"SHOPATOA\",\"url\":\"https:\\\/\\\/shopatoa.com\\\/ro\\\/\",\"logo\":{\"@type\":\"ImageObject\",\"inLanguage\":\"ro-RO\",\"@id\":\"https:\\\/\\\/shopatoa.com\\\/ro\\\/#\\\/schema\\\/logo\\\/image\\\/\",\"url\":\"https:\\\/\\\/storage.googleapis.com\\\/cz-shopatoa-img\\\/ro\\\/b4dac915-shopatoa_logo.png\",\"contentUrl\":\"https:\\\/\\\/storage.googleapis.com\\\/cz-shopatoa-img\\\/ro\\\/b4dac915-shopatoa_logo.png\",\"width\":416,\"height\":63,\"caption\":\"SHOPATOA\"},\"image\":{\"@id\":\"https:\\\/\\\/shopatoa.com\\\/ro\\\/#\\\/schema\\\/logo\\\/image\\\/\"}}]}<\/script>\n<!-- \/ Yoast SEO plugin. -->","yoast_head_json":{"title":"Noreva Sensidiane AR+ CC Cream crem\u0103 CC \u00eempotriva ro\u0219e\u021bii tenului SPF 30 40 ml - SHOPATOA.COM","robots":{"index":"index","follow":"follow","max-snippet":"max-snippet:-1","max-image-preview":"max-image-preview:large","max-video-preview":"max-video-preview:-1"},"canonical":"https:\/\/shopatoa.com\/ro\/noreva-sensidiane-ar-cc-cream-crema-cc-impotriva-rosetii-tenului-spf-30-40-ml\/","og_locale":"ro_RO","og_type":"article","og_title":"Noreva Sensidiane AR+ CC Cream crem\u0103 CC \u00eempotriva ro\u0219e\u021bii tenului SPF 30 40 ml - SHOPATOA.COM","og_description":"Noreva Sensidiane AR+ CC Cream, 40 ml, crema tonifianta pentru femei, Ob\u021binerea unui ten natural frumos, f\u0103r\u0103 pete nedorite, este mai u\u0219oar\u0103 ca niciodat\u0103. Crema CC Noreva Sensidiane AR+ CC Cream combin\u0103 beneficiile produselor cosmetice decorative \u0219i de \u00eengrijire, \u021bintind \u00een primul r\u00e2nd ro\u0219ea\u021ba, pe care o mascheaz\u0103 \u00eempreun\u0103 cu alte imperfec\u021biuni. Are grij\u0103 s\u0103...","og_url":"https:\/\/shopatoa.com\/ro\/noreva-sensidiane-ar-cc-cream-crema-cc-impotriva-rosetii-tenului-spf-30-40-ml\/","og_site_name":"SHOPATOA","article_modified_time":"2025-12-10T00:43:13+00:00","og_image":[{"width":800,"height":800,"url":"https:\/\/storage.googleapis.com\/cz-shopatoa-img\/ro\/8edb146a-unnamed-file.webp","type":"image\/webp"}],"twitter_card":"summary_large_image","twitter_misc":{"Timp estimat pentru citire":"1 minut"},"schema":{"@context":"https:\/\/schema.org","@graph":[{"@type":"WebPage","@id":"https:\/\/shopatoa.com\/ro\/noreva-sensidiane-ar-cc-cream-crema-cc-impotriva-rosetii-tenului-spf-30-40-ml\/","url":"https:\/\/shopatoa.com\/ro\/noreva-sensidiane-ar-cc-cream-crema-cc-impotriva-rosetii-tenului-spf-30-40-ml\/","name":"Noreva Sensidiane AR+ CC Cream crem\u0103 CC \u00eempotriva ro\u0219e\u021bii tenului SPF 30 40 ml - SHOPATOA.COM","isPartOf":{"@id":"https:\/\/shopatoa.com\/ro\/#website"},"primaryImageOfPage":{"@id":"https:\/\/shopatoa.com\/ro\/noreva-sensidiane-ar-cc-cream-crema-cc-impotriva-rosetii-tenului-spf-30-40-ml\/#primaryimage"},"image":{"@id":"https:\/\/shopatoa.com\/ro\/noreva-sensidiane-ar-cc-cream-crema-cc-impotriva-rosetii-tenului-spf-30-40-ml\/#primaryimage"},"thumbnailUrl":"https:\/\/storage.googleapis.com\/cz-shopatoa-img\/ro\/8edb146a-unnamed-file.webp","datePublished":"2025-06-21T10:03:40+00:00","dateModified":"2025-12-10T00:43:13+00:00","breadcrumb":{"@id":"https:\/\/shopatoa.com\/ro\/noreva-sensidiane-ar-cc-cream-crema-cc-impotriva-rosetii-tenului-spf-30-40-ml\/#breadcrumb"},"inLanguage":"ro-RO","potentialAction":[{"@type":"ReadAction","target":["https:\/\/shopatoa.com\/ro\/noreva-sensidiane-ar-cc-cream-crema-cc-impotriva-rosetii-tenului-spf-30-40-ml\/"]}]},{"@type":"ImageObject","inLanguage":"ro-RO","@id":"https:\/\/shopatoa.com\/ro\/noreva-sensidiane-ar-cc-cream-crema-cc-impotriva-rosetii-tenului-spf-30-40-ml\/#primaryimage","url":"https:\/\/storage.googleapis.com\/cz-shopatoa-img\/ro\/8edb146a-unnamed-file.webp","contentUrl":"https:\/\/storage.googleapis.com\/cz-shopatoa-img\/ro\/8edb146a-unnamed-file.webp","width":800,"height":800},{"@type":"BreadcrumbList","@id":"https:\/\/shopatoa.com\/ro\/noreva-sensidiane-ar-cc-cream-crema-cc-impotriva-rosetii-tenului-spf-30-40-ml\/#breadcrumb","itemListElement":[{"@type":"ListItem","position":1,"name":"Dom\u016f","item":"https:\/\/shopatoa.com\/ro\/"},{"@type":"ListItem","position":2,"name":"Shop","item":"https:\/\/shopatoa.com\/ro\/shop\/"},{"@type":"ListItem","position":3,"name":"S\u0103n\u0103tate \u0219i frumuse\u021be","item":"https:\/\/shopatoa.com\/ro\/sanatate-si-frumusete\/"},{"@type":"ListItem","position":4,"name":"\u00cengrijire personal\u0103","item":"https:\/\/shopatoa.com\/ro\/ingrijire-personala\/"},{"@type":"ListItem","position":5,"name":"Cosmetice","item":"https:\/\/shopatoa.com\/ro\/cosmetice-ingrijire-personala\/"},{"@type":"ListItem","position":6,"name":"\u00cengrijirea pielii","item":"https:\/\/shopatoa.com\/ro\/ingrijirea-pielii\/"},{"@type":"ListItem","position":7,"name":"Noreva Sensidiane AR+ CC Cream crem\u0103 CC \u00eempotriva ro\u0219e\u021bii tenului SPF 30 40 ml"}]},{"@type":"WebSite","@id":"https:\/\/shopatoa.com\/ro\/#website","url":"https:\/\/shopatoa.com\/ro\/","name":"SHOPATOA","description":"","publisher":{"@id":"https:\/\/shopatoa.com\/ro\/#organization"},"potentialAction":[{"@type":"SearchAction","target":{"@type":"EntryPoint","urlTemplate":"https:\/\/shopatoa.com\/ro\/?s={search_term_string}"},"query-input":{"@type":"PropertyValueSpecification","valueRequired":true,"valueName":"search_term_string"}}],"inLanguage":"ro-RO"},{"@type":"Organization","@id":"https:\/\/shopatoa.com\/ro\/#organization","name":"SHOPATOA","url":"https:\/\/shopatoa.com\/ro\/","logo":{"@type":"ImageObject","inLanguage":"ro-RO","@id":"https:\/\/shopatoa.com\/ro\/#\/schema\/logo\/image\/","url":"https:\/\/storage.googleapis.com\/cz-shopatoa-img\/ro\/b4dac915-shopatoa_logo.png","contentUrl":"https:\/\/storage.googleapis.com\/cz-shopatoa-img\/ro\/b4dac915-shopatoa_logo.png","width":416,"height":63,"caption":"SHOPATOA"},"image":{"@id":"https:\/\/shopatoa.com\/ro\/#\/schema\/logo\/image\/"}}]}},"_links":{"self":[{"href":"https:\/\/shopatoa.com\/ro\/wp-json\/wp\/v2\/product\/421739","targetHints":{"allow":["GET"]}}],"collection":[{"href":"https:\/\/shopatoa.com\/ro\/wp-json\/wp\/v2\/product"}],"about":[{"href":"https:\/\/shopatoa.com\/ro\/wp-json\/wp\/v2\/types\/product"}],"replies":[{"embeddable":true,"href":"https:\/\/shopatoa.com\/ro\/wp-json\/wp\/v2\/comments?post=421739"}],"wp:featuredmedia":[{"embeddable":true,"href":"https:\/\/shopatoa.com\/ro\/wp-json\/wp\/v2\/media\/421740"}],"wp:attachment":[{"href":"https:\/\/shopatoa.com\/ro\/wp-json\/wp\/v2\/media?parent=421739"}],"wp:term":[{"taxonomy":"product_brand","embeddable":true,"href":"https:\/\/shopatoa.com\/ro\/wp-json\/wp\/v2\/product_brand?post=421739"},{"taxonomy":"product_cat","embeddable":true,"href":"https:\/\/shopatoa.com\/ro\/wp-json\/wp\/v2\/product_cat?post=421739"},{"taxonomy":"product_tag","embeddable":true,"href":"https:\/\/shopatoa.com\/ro\/wp-json\/wp\/v2\/product_tag?post=421739"}],"curies":[{"name":"wp","href":"https:\/\/api.w.org\/{rel}","templated":true}]}}