{"id":421815,"date":"2025-06-21T12:11:11","date_gmt":"2025-06-21T10:11:11","guid":{"rendered":"https:\/\/shopatoa.com\/ro\/first-aid-beauty-ingrown-hair-pads-tampoane-exfoliante-pentru-fire-de-par-sub-piele-28-buc\/"},"modified":"2025-12-10T01:15:42","modified_gmt":"2025-12-10T00:15:42","slug":"first-aid-beauty-ingrown-hair-pads-tampoane-exfoliante-pentru-fire-de-par-sub-piele-28-buc","status":"publish","type":"product","link":"https:\/\/shopatoa.com\/ro\/first-aid-beauty-ingrown-hair-pads-tampoane-exfoliante-pentru-fire-de-par-sub-piele-28-buc\/","title":{"rendered":"First Aid Beauty Ingrown Hair Pads tampoane exfoliante pentru fire de p\u0103r sub piele 28 buc"},"content":{"rendered":"<p>First Aid Beauty Ingrown Hair Pads, 28 buc, Produse dup\u0103 ras pentru femei, Produsul First Aid Beauty Ingrown Hair Pads este destinat trat\u0103rii pielii \u00eentregului corp, dup\u0103 epilare sau depilare. Ofer\u0103 pielii hrana \u0219i catifelarea necesare.  Caracteristici:  \u00eencetine\u0219te cre\u0219terea p\u0103rului nedorit rafineaz\u0103 structura peri\u0219orilor amelioreaz\u0103 ro\u0219ea\u021ba neteze\u0219te intens pielea protejeaz\u0103 pielea \u00eempotriva usc\u0103rii  Ingrediente:  produs vegan  Cum se utilizeaz\u0103: Se utilizeaz\u0103 dup\u0103 cum este necesar.<\/p>\n","protected":false},"excerpt":{"rendered":"<p>First Aid Beauty Ingrown Hair Pads, 28 buc, Produse dup\u0103 ras pentru femei, Produsul First Aid Beauty Ingrown Hair Pads este destinat trat\u0103rii pielii \u00eentregului corp, dup\u0103 epilare sau depilare. Ofer\u0103 pielii hrana \u0219i catifelarea necesare. Caracteristici: \u00eencetine\u0219te cre\u0219terea p\u0103rului nedorit rafineaz\u0103 structura peri\u0219orilor amelioreaz\u0103 ro\u0219ea\u021ba neteze\u0219te intens pielea protejeaz\u0103 pielea \u00eempotriva usc\u0103rii Ingrediente: produs&#8230;<\/p>\n","protected":false},"featured_media":421816,"comment_status":"closed","ping_status":"open","template":"","meta":{"_acf_changed":false,"_kadence_starter_templates_imported_post":false,"_kad_post_transparent":"","_kad_post_title":"","_kad_post_layout":"","_kad_post_sidebar_id":"","_kad_post_content_style":"","_kad_post_vertical_padding":"","_kad_post_feature":"","_kad_post_feature_position":"","_kad_post_header":false,"_kad_post_footer":false,"_kad_post_classname":""},"product_brand":[2204],"product_cat":[1947,1881,1563,1562],"product_tag":[],"class_list":{"0":"post-421815","1":"product","2":"type-product","3":"status-publish","4":"has-post-thumbnail","6":"product_brand-first-aid-beauty","7":"product_cat-balsam-dupa-ras","8":"product_cat-barbierit-si-ingrijire","9":"product_cat-ingrijire-personala","10":"product_cat-sanatate-si-frumusete","11":"pa_gen-female","12":"pa_marime-28-buc","14":"first","15":"instock","16":"product-type-external","17":"entry","18":"content-bg","19":"loop-entry"},"acf":[],"yoast_head":"<!-- This site is optimized with the Yoast SEO plugin v27.4 - https:\/\/yoast.com\/product\/yoast-seo-wordpress\/ -->\n<title>First Aid Beauty Ingrown Hair Pads tampoane exfoliante pentru fire de p\u0103r sub piele 28 buc - SHOPATOA.COM<\/title>\n<meta name=\"robots\" content=\"index, follow, max-snippet:-1, max-image-preview:large, max-video-preview:-1\" \/>\n<link rel=\"canonical\" href=\"https:\/\/shopatoa.com\/ro\/first-aid-beauty-ingrown-hair-pads-tampoane-exfoliante-pentru-fire-de-par-sub-piele-28-buc\/\" \/>\n<meta property=\"og:locale\" content=\"ro_RO\" \/>\n<meta property=\"og:type\" content=\"article\" \/>\n<meta property=\"og:title\" content=\"First Aid Beauty Ingrown Hair Pads tampoane exfoliante pentru fire de p\u0103r sub piele 28 buc - SHOPATOA.COM\" \/>\n<meta property=\"og:description\" content=\"First Aid Beauty Ingrown Hair Pads, 28 buc, Produse dup\u0103 ras pentru femei, Produsul First Aid Beauty Ingrown Hair Pads este destinat trat\u0103rii pielii \u00eentregului corp, dup\u0103 epilare sau depilare. Ofer\u0103 pielii hrana \u0219i catifelarea necesare. Caracteristici: \u00eencetine\u0219te cre\u0219terea p\u0103rului nedorit rafineaz\u0103 structura peri\u0219orilor amelioreaz\u0103 ro\u0219ea\u021ba neteze\u0219te intens pielea protejeaz\u0103 pielea \u00eempotriva usc\u0103rii Ingrediente: produs...\" \/>\n<meta property=\"og:url\" content=\"https:\/\/shopatoa.com\/ro\/first-aid-beauty-ingrown-hair-pads-tampoane-exfoliante-pentru-fire-de-par-sub-piele-28-buc\/\" \/>\n<meta property=\"og:site_name\" content=\"SHOPATOA\" \/>\n<meta property=\"article:modified_time\" content=\"2025-12-10T00:15:42+00:00\" \/>\n<meta property=\"og:image\" content=\"https:\/\/storage.googleapis.com\/cz-shopatoa-img\/ro\/afef1571-unnamed-file.webp\" \/>\n\t<meta property=\"og:image:width\" content=\"800\" \/>\n\t<meta property=\"og:image:height\" content=\"800\" \/>\n\t<meta property=\"og:image:type\" content=\"image\/webp\" \/>\n<meta name=\"twitter:card\" content=\"summary_large_image\" \/>\n<script type=\"application\/ld+json\" class=\"yoast-schema-graph\">{\"@context\":\"https:\\\/\\\/schema.org\",\"@graph\":[{\"@type\":\"WebPage\",\"@id\":\"https:\\\/\\\/shopatoa.com\\\/ro\\\/first-aid-beauty-ingrown-hair-pads-tampoane-exfoliante-pentru-fire-de-par-sub-piele-28-buc\\\/\",\"url\":\"https:\\\/\\\/shopatoa.com\\\/ro\\\/first-aid-beauty-ingrown-hair-pads-tampoane-exfoliante-pentru-fire-de-par-sub-piele-28-buc\\\/\",\"name\":\"First Aid Beauty Ingrown Hair Pads tampoane exfoliante pentru fire de p\u0103r sub piele 28 buc - SHOPATOA.COM\",\"isPartOf\":{\"@id\":\"https:\\\/\\\/shopatoa.com\\\/ro\\\/#website\"},\"primaryImageOfPage\":{\"@id\":\"https:\\\/\\\/shopatoa.com\\\/ro\\\/first-aid-beauty-ingrown-hair-pads-tampoane-exfoliante-pentru-fire-de-par-sub-piele-28-buc\\\/#primaryimage\"},\"image\":{\"@id\":\"https:\\\/\\\/shopatoa.com\\\/ro\\\/first-aid-beauty-ingrown-hair-pads-tampoane-exfoliante-pentru-fire-de-par-sub-piele-28-buc\\\/#primaryimage\"},\"thumbnailUrl\":\"https:\\\/\\\/storage.googleapis.com\\\/cz-shopatoa-img\\\/ro\\\/afef1571-unnamed-file.webp\",\"datePublished\":\"2025-06-21T10:11:11+00:00\",\"dateModified\":\"2025-12-10T00:15:42+00:00\",\"breadcrumb\":{\"@id\":\"https:\\\/\\\/shopatoa.com\\\/ro\\\/first-aid-beauty-ingrown-hair-pads-tampoane-exfoliante-pentru-fire-de-par-sub-piele-28-buc\\\/#breadcrumb\"},\"inLanguage\":\"ro-RO\",\"potentialAction\":[{\"@type\":\"ReadAction\",\"target\":[\"https:\\\/\\\/shopatoa.com\\\/ro\\\/first-aid-beauty-ingrown-hair-pads-tampoane-exfoliante-pentru-fire-de-par-sub-piele-28-buc\\\/\"]}]},{\"@type\":\"ImageObject\",\"inLanguage\":\"ro-RO\",\"@id\":\"https:\\\/\\\/shopatoa.com\\\/ro\\\/first-aid-beauty-ingrown-hair-pads-tampoane-exfoliante-pentru-fire-de-par-sub-piele-28-buc\\\/#primaryimage\",\"url\":\"https:\\\/\\\/storage.googleapis.com\\\/cz-shopatoa-img\\\/ro\\\/afef1571-unnamed-file.webp\",\"contentUrl\":\"https:\\\/\\\/storage.googleapis.com\\\/cz-shopatoa-img\\\/ro\\\/afef1571-unnamed-file.webp\",\"width\":800,\"height\":800},{\"@type\":\"BreadcrumbList\",\"@id\":\"https:\\\/\\\/shopatoa.com\\\/ro\\\/first-aid-beauty-ingrown-hair-pads-tampoane-exfoliante-pentru-fire-de-par-sub-piele-28-buc\\\/#breadcrumb\",\"itemListElement\":[{\"@type\":\"ListItem\",\"position\":1,\"name\":\"Dom\u016f\",\"item\":\"https:\\\/\\\/shopatoa.com\\\/ro\\\/\"},{\"@type\":\"ListItem\",\"position\":2,\"name\":\"Shop\",\"item\":\"https:\\\/\\\/shopatoa.com\\\/ro\\\/shop\\\/\"},{\"@type\":\"ListItem\",\"position\":3,\"name\":\"S\u0103n\u0103tate \u0219i frumuse\u021be\",\"item\":\"https:\\\/\\\/shopatoa.com\\\/ro\\\/sanatate-si-frumusete\\\/\"},{\"@type\":\"ListItem\",\"position\":4,\"name\":\"\u00cengrijire personal\u0103\",\"item\":\"https:\\\/\\\/shopatoa.com\\\/ro\\\/ingrijire-personala\\\/\"},{\"@type\":\"ListItem\",\"position\":5,\"name\":\"B\u0103rbierit \u0219i \u00eengrijire\",\"item\":\"https:\\\/\\\/shopatoa.com\\\/ro\\\/barbierit-si-ingrijire\\\/\"},{\"@type\":\"ListItem\",\"position\":6,\"name\":\"Balsam dup\u0103 ras\",\"item\":\"https:\\\/\\\/shopatoa.com\\\/ro\\\/balsam-dupa-ras\\\/\"},{\"@type\":\"ListItem\",\"position\":7,\"name\":\"First Aid Beauty Ingrown Hair Pads tampoane exfoliante pentru fire de p\u0103r sub piele 28 buc\"}]},{\"@type\":\"WebSite\",\"@id\":\"https:\\\/\\\/shopatoa.com\\\/ro\\\/#website\",\"url\":\"https:\\\/\\\/shopatoa.com\\\/ro\\\/\",\"name\":\"SHOPATOA\",\"description\":\"\",\"publisher\":{\"@id\":\"https:\\\/\\\/shopatoa.com\\\/ro\\\/#organization\"},\"potentialAction\":[{\"@type\":\"SearchAction\",\"target\":{\"@type\":\"EntryPoint\",\"urlTemplate\":\"https:\\\/\\\/shopatoa.com\\\/ro\\\/?s={search_term_string}\"},\"query-input\":{\"@type\":\"PropertyValueSpecification\",\"valueRequired\":true,\"valueName\":\"search_term_string\"}}],\"inLanguage\":\"ro-RO\"},{\"@type\":\"Organization\",\"@id\":\"https:\\\/\\\/shopatoa.com\\\/ro\\\/#organization\",\"name\":\"SHOPATOA\",\"url\":\"https:\\\/\\\/shopatoa.com\\\/ro\\\/\",\"logo\":{\"@type\":\"ImageObject\",\"inLanguage\":\"ro-RO\",\"@id\":\"https:\\\/\\\/shopatoa.com\\\/ro\\\/#\\\/schema\\\/logo\\\/image\\\/\",\"url\":\"https:\\\/\\\/storage.googleapis.com\\\/cz-shopatoa-img\\\/ro\\\/b4dac915-shopatoa_logo.png\",\"contentUrl\":\"https:\\\/\\\/storage.googleapis.com\\\/cz-shopatoa-img\\\/ro\\\/b4dac915-shopatoa_logo.png\",\"width\":416,\"height\":63,\"caption\":\"SHOPATOA\"},\"image\":{\"@id\":\"https:\\\/\\\/shopatoa.com\\\/ro\\\/#\\\/schema\\\/logo\\\/image\\\/\"}}]}<\/script>\n<!-- \/ Yoast SEO plugin. -->","yoast_head_json":{"title":"First Aid Beauty Ingrown Hair Pads tampoane exfoliante pentru fire de p\u0103r sub piele 28 buc - SHOPATOA.COM","robots":{"index":"index","follow":"follow","max-snippet":"max-snippet:-1","max-image-preview":"max-image-preview:large","max-video-preview":"max-video-preview:-1"},"canonical":"https:\/\/shopatoa.com\/ro\/first-aid-beauty-ingrown-hair-pads-tampoane-exfoliante-pentru-fire-de-par-sub-piele-28-buc\/","og_locale":"ro_RO","og_type":"article","og_title":"First Aid Beauty Ingrown Hair Pads tampoane exfoliante pentru fire de p\u0103r sub piele 28 buc - SHOPATOA.COM","og_description":"First Aid Beauty Ingrown Hair Pads, 28 buc, Produse dup\u0103 ras pentru femei, Produsul First Aid Beauty Ingrown Hair Pads este destinat trat\u0103rii pielii \u00eentregului corp, dup\u0103 epilare sau depilare. Ofer\u0103 pielii hrana \u0219i catifelarea necesare. Caracteristici: \u00eencetine\u0219te cre\u0219terea p\u0103rului nedorit rafineaz\u0103 structura peri\u0219orilor amelioreaz\u0103 ro\u0219ea\u021ba neteze\u0219te intens pielea protejeaz\u0103 pielea \u00eempotriva usc\u0103rii Ingrediente: produs...","og_url":"https:\/\/shopatoa.com\/ro\/first-aid-beauty-ingrown-hair-pads-tampoane-exfoliante-pentru-fire-de-par-sub-piele-28-buc\/","og_site_name":"SHOPATOA","article_modified_time":"2025-12-10T00:15:42+00:00","og_image":[{"width":800,"height":800,"url":"https:\/\/storage.googleapis.com\/cz-shopatoa-img\/ro\/afef1571-unnamed-file.webp","type":"image\/webp"}],"twitter_card":"summary_large_image","schema":{"@context":"https:\/\/schema.org","@graph":[{"@type":"WebPage","@id":"https:\/\/shopatoa.com\/ro\/first-aid-beauty-ingrown-hair-pads-tampoane-exfoliante-pentru-fire-de-par-sub-piele-28-buc\/","url":"https:\/\/shopatoa.com\/ro\/first-aid-beauty-ingrown-hair-pads-tampoane-exfoliante-pentru-fire-de-par-sub-piele-28-buc\/","name":"First Aid Beauty Ingrown Hair Pads tampoane exfoliante pentru fire de p\u0103r sub piele 28 buc - SHOPATOA.COM","isPartOf":{"@id":"https:\/\/shopatoa.com\/ro\/#website"},"primaryImageOfPage":{"@id":"https:\/\/shopatoa.com\/ro\/first-aid-beauty-ingrown-hair-pads-tampoane-exfoliante-pentru-fire-de-par-sub-piele-28-buc\/#primaryimage"},"image":{"@id":"https:\/\/shopatoa.com\/ro\/first-aid-beauty-ingrown-hair-pads-tampoane-exfoliante-pentru-fire-de-par-sub-piele-28-buc\/#primaryimage"},"thumbnailUrl":"https:\/\/storage.googleapis.com\/cz-shopatoa-img\/ro\/afef1571-unnamed-file.webp","datePublished":"2025-06-21T10:11:11+00:00","dateModified":"2025-12-10T00:15:42+00:00","breadcrumb":{"@id":"https:\/\/shopatoa.com\/ro\/first-aid-beauty-ingrown-hair-pads-tampoane-exfoliante-pentru-fire-de-par-sub-piele-28-buc\/#breadcrumb"},"inLanguage":"ro-RO","potentialAction":[{"@type":"ReadAction","target":["https:\/\/shopatoa.com\/ro\/first-aid-beauty-ingrown-hair-pads-tampoane-exfoliante-pentru-fire-de-par-sub-piele-28-buc\/"]}]},{"@type":"ImageObject","inLanguage":"ro-RO","@id":"https:\/\/shopatoa.com\/ro\/first-aid-beauty-ingrown-hair-pads-tampoane-exfoliante-pentru-fire-de-par-sub-piele-28-buc\/#primaryimage","url":"https:\/\/storage.googleapis.com\/cz-shopatoa-img\/ro\/afef1571-unnamed-file.webp","contentUrl":"https:\/\/storage.googleapis.com\/cz-shopatoa-img\/ro\/afef1571-unnamed-file.webp","width":800,"height":800},{"@type":"BreadcrumbList","@id":"https:\/\/shopatoa.com\/ro\/first-aid-beauty-ingrown-hair-pads-tampoane-exfoliante-pentru-fire-de-par-sub-piele-28-buc\/#breadcrumb","itemListElement":[{"@type":"ListItem","position":1,"name":"Dom\u016f","item":"https:\/\/shopatoa.com\/ro\/"},{"@type":"ListItem","position":2,"name":"Shop","item":"https:\/\/shopatoa.com\/ro\/shop\/"},{"@type":"ListItem","position":3,"name":"S\u0103n\u0103tate \u0219i frumuse\u021be","item":"https:\/\/shopatoa.com\/ro\/sanatate-si-frumusete\/"},{"@type":"ListItem","position":4,"name":"\u00cengrijire personal\u0103","item":"https:\/\/shopatoa.com\/ro\/ingrijire-personala\/"},{"@type":"ListItem","position":5,"name":"B\u0103rbierit \u0219i \u00eengrijire","item":"https:\/\/shopatoa.com\/ro\/barbierit-si-ingrijire\/"},{"@type":"ListItem","position":6,"name":"Balsam dup\u0103 ras","item":"https:\/\/shopatoa.com\/ro\/balsam-dupa-ras\/"},{"@type":"ListItem","position":7,"name":"First Aid Beauty Ingrown Hair Pads tampoane exfoliante pentru fire de p\u0103r sub piele 28 buc"}]},{"@type":"WebSite","@id":"https:\/\/shopatoa.com\/ro\/#website","url":"https:\/\/shopatoa.com\/ro\/","name":"SHOPATOA","description":"","publisher":{"@id":"https:\/\/shopatoa.com\/ro\/#organization"},"potentialAction":[{"@type":"SearchAction","target":{"@type":"EntryPoint","urlTemplate":"https:\/\/shopatoa.com\/ro\/?s={search_term_string}"},"query-input":{"@type":"PropertyValueSpecification","valueRequired":true,"valueName":"search_term_string"}}],"inLanguage":"ro-RO"},{"@type":"Organization","@id":"https:\/\/shopatoa.com\/ro\/#organization","name":"SHOPATOA","url":"https:\/\/shopatoa.com\/ro\/","logo":{"@type":"ImageObject","inLanguage":"ro-RO","@id":"https:\/\/shopatoa.com\/ro\/#\/schema\/logo\/image\/","url":"https:\/\/storage.googleapis.com\/cz-shopatoa-img\/ro\/b4dac915-shopatoa_logo.png","contentUrl":"https:\/\/storage.googleapis.com\/cz-shopatoa-img\/ro\/b4dac915-shopatoa_logo.png","width":416,"height":63,"caption":"SHOPATOA"},"image":{"@id":"https:\/\/shopatoa.com\/ro\/#\/schema\/logo\/image\/"}}]}},"_links":{"self":[{"href":"https:\/\/shopatoa.com\/ro\/wp-json\/wp\/v2\/product\/421815","targetHints":{"allow":["GET"]}}],"collection":[{"href":"https:\/\/shopatoa.com\/ro\/wp-json\/wp\/v2\/product"}],"about":[{"href":"https:\/\/shopatoa.com\/ro\/wp-json\/wp\/v2\/types\/product"}],"replies":[{"embeddable":true,"href":"https:\/\/shopatoa.com\/ro\/wp-json\/wp\/v2\/comments?post=421815"}],"wp:featuredmedia":[{"embeddable":true,"href":"https:\/\/shopatoa.com\/ro\/wp-json\/wp\/v2\/media\/421816"}],"wp:attachment":[{"href":"https:\/\/shopatoa.com\/ro\/wp-json\/wp\/v2\/media?parent=421815"}],"wp:term":[{"taxonomy":"product_brand","embeddable":true,"href":"https:\/\/shopatoa.com\/ro\/wp-json\/wp\/v2\/product_brand?post=421815"},{"taxonomy":"product_cat","embeddable":true,"href":"https:\/\/shopatoa.com\/ro\/wp-json\/wp\/v2\/product_cat?post=421815"},{"taxonomy":"product_tag","embeddable":true,"href":"https:\/\/shopatoa.com\/ro\/wp-json\/wp\/v2\/product_tag?post=421815"}],"curies":[{"name":"wp","href":"https:\/\/api.w.org\/{rel}","templated":true}]}}