{"id":421833,"date":"2025-06-21T12:12:42","date_gmt":"2025-06-21T10:12:42","guid":{"rendered":"https:\/\/shopatoa.com\/ro\/i-love-skin-superstar-masca-activa-si-detoxifianta-cu-carbon-activ-10-ml\/"},"modified":"2025-12-10T01:13:26","modified_gmt":"2025-12-10T00:13:26","slug":"i-love-skin-superstar-masca-activa-si-detoxifianta-cu-carbon-activ-10-ml","status":"publish","type":"product","link":"https:\/\/shopatoa.com\/ro\/i-love-skin-superstar-masca-activa-si-detoxifianta-cu-carbon-activ-10-ml\/","title":{"rendered":"I Love Skin Superstar masc\u0103 activ\u0103 \u0219i detoxifiant\u0103 cu carbon activ 10 ml"},"content":{"rendered":"<p>I Love Skin Superstar, 10 ml, M\u0103\u0219ti exfoliante pentru femei, Dori\u021bi s\u0103 scoate\u021bi \u00een eviden\u021b\u0103 un ten mai frumos printr-o singur\u0103 exfoliere \u0219i s\u0103 v\u0103 bucura\u021bi de senza\u021bia de satisfac\u021bie asociat\u0103? V\u0103 va permite acest lucru masca peel-off I Love Skin Superstar . V\u0103 va diversifica rutina zilnic\u0103 de \u00eengrijire a tenului, petrecerea \u00een pijamale sau o sear\u0103 lini\u0219tit\u0103 de spa \u0219i relaxare.  Caracteristici:  cur\u0103\u021b\u0103 tenul \u00een profunzime previne formarea excesiv\u0103 de sebum cur\u0103\u021b\u0103 impurit\u0103\u021bile din pori \u0219i \u00eei contract\u0103 \u00eendep\u0103rteaz\u0103 celulele epiteliale moarte efect de exfoliere lin la atingere, pielea devine fin\u0103 ca m\u0103tasea \u00eenfrumuse\u021beaz\u0103 aspectul pielii  Ingrediente:  c\u0103rbune activ \u2013 datorit\u0103 suprafe\u021bei sale poroase, are propriet\u0103\u021bi excelente de absorb\u021bie, cur\u0103\u021b\u0103 \u00een profunzime \u0219i ajut\u0103 la reglarea produc\u021biei de sebum produs vegan testat dermatologic  Cum se utilizeaz\u0103: Masca se aplic\u0103 \u00een strat sub\u021bire pe fa\u021ba curat\u0103, evit\u00e2nd zona ochilor. Se las\u0103 s\u0103 ac\u021bioneze pe perioada specificat\u0103 pe ambalaj. Apoi se scoate cu aten\u021bie masca.<\/p>\n","protected":false},"excerpt":{"rendered":"<p>I Love Skin Superstar, 10 ml, M\u0103\u0219ti exfoliante pentru femei, Dori\u021bi s\u0103 scoate\u021bi \u00een eviden\u021b\u0103 un ten mai frumos printr-o singur\u0103 exfoliere \u0219i s\u0103 v\u0103 bucura\u021bi de senza\u021bia de satisfac\u021bie asociat\u0103? V\u0103 va permite acest lucru masca peel-off I Love Skin Superstar . V\u0103 va diversifica rutina zilnic\u0103 de \u00eengrijire a tenului, petrecerea \u00een pijamale&#8230;<\/p>\n","protected":false},"featured_media":421834,"comment_status":"closed","ping_status":"open","template":"","meta":{"_acf_changed":false,"_kadence_starter_templates_imported_post":false,"_kad_post_transparent":"","_kad_post_title":"","_kad_post_layout":"","_kad_post_sidebar_id":"","_kad_post_content_style":"","_kad_post_vertical_padding":"","_kad_post_feature":"","_kad_post_feature_position":"","_kad_post_header":false,"_kad_post_footer":false,"_kad_post_classname":""},"product_brand":[3398],"product_cat":[1564,1563,1565,1614,1562],"product_tag":[],"class_list":{"0":"post-421833","1":"product","2":"type-product","3":"status-publish","4":"has-post-thumbnail","6":"product_brand-i-love","7":"product_cat-cosmetice-ingrijire-personala","8":"product_cat-ingrijire-personala","9":"product_cat-ingrijirea-pielii","10":"product_cat-masti-si-peelings-pentru-ten","11":"product_cat-sanatate-si-frumusete","12":"pa_gen-female","13":"pa_marime-10-ml","15":"first","16":"instock","17":"sale","18":"product-type-external","19":"entry","20":"content-bg","21":"loop-entry"},"acf":[],"yoast_head":"<!-- This site is optimized with the Yoast SEO plugin v27.4 - https:\/\/yoast.com\/product\/yoast-seo-wordpress\/ -->\n<title>I Love Skin Superstar masc\u0103 activ\u0103 \u0219i detoxifiant\u0103 cu carbon activ 10 ml - SHOPATOA.COM<\/title>\n<meta name=\"robots\" content=\"index, follow, max-snippet:-1, max-image-preview:large, max-video-preview:-1\" \/>\n<link rel=\"canonical\" href=\"https:\/\/shopatoa.com\/ro\/i-love-skin-superstar-masca-activa-si-detoxifianta-cu-carbon-activ-10-ml\/\" \/>\n<meta property=\"og:locale\" content=\"ro_RO\" \/>\n<meta property=\"og:type\" content=\"article\" \/>\n<meta property=\"og:title\" content=\"I Love Skin Superstar masc\u0103 activ\u0103 \u0219i detoxifiant\u0103 cu carbon activ 10 ml - SHOPATOA.COM\" \/>\n<meta property=\"og:description\" content=\"I Love Skin Superstar, 10 ml, M\u0103\u0219ti exfoliante pentru femei, Dori\u021bi s\u0103 scoate\u021bi \u00een eviden\u021b\u0103 un ten mai frumos printr-o singur\u0103 exfoliere \u0219i s\u0103 v\u0103 bucura\u021bi de senza\u021bia de satisfac\u021bie asociat\u0103? V\u0103 va permite acest lucru masca peel-off I Love Skin Superstar . V\u0103 va diversifica rutina zilnic\u0103 de \u00eengrijire a tenului, petrecerea \u00een pijamale...\" \/>\n<meta property=\"og:url\" content=\"https:\/\/shopatoa.com\/ro\/i-love-skin-superstar-masca-activa-si-detoxifianta-cu-carbon-activ-10-ml\/\" \/>\n<meta property=\"og:site_name\" content=\"SHOPATOA\" \/>\n<meta property=\"article:modified_time\" content=\"2025-12-10T00:13:26+00:00\" \/>\n<meta property=\"og:image\" content=\"https:\/\/storage.googleapis.com\/cz-shopatoa-img\/ro\/a3428125-unnamed-file.webp\" \/>\n\t<meta property=\"og:image:width\" content=\"800\" \/>\n\t<meta property=\"og:image:height\" content=\"800\" \/>\n\t<meta property=\"og:image:type\" content=\"image\/webp\" \/>\n<meta name=\"twitter:card\" content=\"summary_large_image\" \/>\n<meta name=\"twitter:label1\" content=\"Timp estimat pentru citire\" \/>\n\t<meta name=\"twitter:data1\" content=\"1 minut\" \/>\n<script type=\"application\/ld+json\" class=\"yoast-schema-graph\">{\"@context\":\"https:\\\/\\\/schema.org\",\"@graph\":[{\"@type\":\"WebPage\",\"@id\":\"https:\\\/\\\/shopatoa.com\\\/ro\\\/i-love-skin-superstar-masca-activa-si-detoxifianta-cu-carbon-activ-10-ml\\\/\",\"url\":\"https:\\\/\\\/shopatoa.com\\\/ro\\\/i-love-skin-superstar-masca-activa-si-detoxifianta-cu-carbon-activ-10-ml\\\/\",\"name\":\"I Love Skin Superstar masc\u0103 activ\u0103 \u0219i detoxifiant\u0103 cu carbon activ 10 ml - SHOPATOA.COM\",\"isPartOf\":{\"@id\":\"https:\\\/\\\/shopatoa.com\\\/ro\\\/#website\"},\"primaryImageOfPage\":{\"@id\":\"https:\\\/\\\/shopatoa.com\\\/ro\\\/i-love-skin-superstar-masca-activa-si-detoxifianta-cu-carbon-activ-10-ml\\\/#primaryimage\"},\"image\":{\"@id\":\"https:\\\/\\\/shopatoa.com\\\/ro\\\/i-love-skin-superstar-masca-activa-si-detoxifianta-cu-carbon-activ-10-ml\\\/#primaryimage\"},\"thumbnailUrl\":\"https:\\\/\\\/storage.googleapis.com\\\/cz-shopatoa-img\\\/ro\\\/a3428125-unnamed-file.webp\",\"datePublished\":\"2025-06-21T10:12:42+00:00\",\"dateModified\":\"2025-12-10T00:13:26+00:00\",\"breadcrumb\":{\"@id\":\"https:\\\/\\\/shopatoa.com\\\/ro\\\/i-love-skin-superstar-masca-activa-si-detoxifianta-cu-carbon-activ-10-ml\\\/#breadcrumb\"},\"inLanguage\":\"ro-RO\",\"potentialAction\":[{\"@type\":\"ReadAction\",\"target\":[\"https:\\\/\\\/shopatoa.com\\\/ro\\\/i-love-skin-superstar-masca-activa-si-detoxifianta-cu-carbon-activ-10-ml\\\/\"]}]},{\"@type\":\"ImageObject\",\"inLanguage\":\"ro-RO\",\"@id\":\"https:\\\/\\\/shopatoa.com\\\/ro\\\/i-love-skin-superstar-masca-activa-si-detoxifianta-cu-carbon-activ-10-ml\\\/#primaryimage\",\"url\":\"https:\\\/\\\/storage.googleapis.com\\\/cz-shopatoa-img\\\/ro\\\/a3428125-unnamed-file.webp\",\"contentUrl\":\"https:\\\/\\\/storage.googleapis.com\\\/cz-shopatoa-img\\\/ro\\\/a3428125-unnamed-file.webp\",\"width\":800,\"height\":800},{\"@type\":\"BreadcrumbList\",\"@id\":\"https:\\\/\\\/shopatoa.com\\\/ro\\\/i-love-skin-superstar-masca-activa-si-detoxifianta-cu-carbon-activ-10-ml\\\/#breadcrumb\",\"itemListElement\":[{\"@type\":\"ListItem\",\"position\":1,\"name\":\"Dom\u016f\",\"item\":\"https:\\\/\\\/shopatoa.com\\\/ro\\\/\"},{\"@type\":\"ListItem\",\"position\":2,\"name\":\"Shop\",\"item\":\"https:\\\/\\\/shopatoa.com\\\/ro\\\/shop\\\/\"},{\"@type\":\"ListItem\",\"position\":3,\"name\":\"S\u0103n\u0103tate \u0219i frumuse\u021be\",\"item\":\"https:\\\/\\\/shopatoa.com\\\/ro\\\/sanatate-si-frumusete\\\/\"},{\"@type\":\"ListItem\",\"position\":4,\"name\":\"\u00cengrijire personal\u0103\",\"item\":\"https:\\\/\\\/shopatoa.com\\\/ro\\\/ingrijire-personala\\\/\"},{\"@type\":\"ListItem\",\"position\":5,\"name\":\"Cosmetice\",\"item\":\"https:\\\/\\\/shopatoa.com\\\/ro\\\/cosmetice-ingrijire-personala\\\/\"},{\"@type\":\"ListItem\",\"position\":6,\"name\":\"\u00cengrijirea pielii\",\"item\":\"https:\\\/\\\/shopatoa.com\\\/ro\\\/ingrijirea-pielii\\\/\"},{\"@type\":\"ListItem\",\"position\":7,\"name\":\"M\u0103\u0219ti \u0219i peelings pentru ten\",\"item\":\"https:\\\/\\\/shopatoa.com\\\/ro\\\/masti-si-peelings-pentru-ten\\\/\"},{\"@type\":\"ListItem\",\"position\":8,\"name\":\"I Love Skin Superstar masc\u0103 activ\u0103 \u0219i detoxifiant\u0103 cu carbon activ 10 ml\"}]},{\"@type\":\"WebSite\",\"@id\":\"https:\\\/\\\/shopatoa.com\\\/ro\\\/#website\",\"url\":\"https:\\\/\\\/shopatoa.com\\\/ro\\\/\",\"name\":\"SHOPATOA\",\"description\":\"\",\"publisher\":{\"@id\":\"https:\\\/\\\/shopatoa.com\\\/ro\\\/#organization\"},\"potentialAction\":[{\"@type\":\"SearchAction\",\"target\":{\"@type\":\"EntryPoint\",\"urlTemplate\":\"https:\\\/\\\/shopatoa.com\\\/ro\\\/?s={search_term_string}\"},\"query-input\":{\"@type\":\"PropertyValueSpecification\",\"valueRequired\":true,\"valueName\":\"search_term_string\"}}],\"inLanguage\":\"ro-RO\"},{\"@type\":\"Organization\",\"@id\":\"https:\\\/\\\/shopatoa.com\\\/ro\\\/#organization\",\"name\":\"SHOPATOA\",\"url\":\"https:\\\/\\\/shopatoa.com\\\/ro\\\/\",\"logo\":{\"@type\":\"ImageObject\",\"inLanguage\":\"ro-RO\",\"@id\":\"https:\\\/\\\/shopatoa.com\\\/ro\\\/#\\\/schema\\\/logo\\\/image\\\/\",\"url\":\"https:\\\/\\\/storage.googleapis.com\\\/cz-shopatoa-img\\\/ro\\\/b4dac915-shopatoa_logo.png\",\"contentUrl\":\"https:\\\/\\\/storage.googleapis.com\\\/cz-shopatoa-img\\\/ro\\\/b4dac915-shopatoa_logo.png\",\"width\":416,\"height\":63,\"caption\":\"SHOPATOA\"},\"image\":{\"@id\":\"https:\\\/\\\/shopatoa.com\\\/ro\\\/#\\\/schema\\\/logo\\\/image\\\/\"}}]}<\/script>\n<!-- \/ Yoast SEO plugin. -->","yoast_head_json":{"title":"I Love Skin Superstar masc\u0103 activ\u0103 \u0219i detoxifiant\u0103 cu carbon activ 10 ml - SHOPATOA.COM","robots":{"index":"index","follow":"follow","max-snippet":"max-snippet:-1","max-image-preview":"max-image-preview:large","max-video-preview":"max-video-preview:-1"},"canonical":"https:\/\/shopatoa.com\/ro\/i-love-skin-superstar-masca-activa-si-detoxifianta-cu-carbon-activ-10-ml\/","og_locale":"ro_RO","og_type":"article","og_title":"I Love Skin Superstar masc\u0103 activ\u0103 \u0219i detoxifiant\u0103 cu carbon activ 10 ml - SHOPATOA.COM","og_description":"I Love Skin Superstar, 10 ml, M\u0103\u0219ti exfoliante pentru femei, Dori\u021bi s\u0103 scoate\u021bi \u00een eviden\u021b\u0103 un ten mai frumos printr-o singur\u0103 exfoliere \u0219i s\u0103 v\u0103 bucura\u021bi de senza\u021bia de satisfac\u021bie asociat\u0103? V\u0103 va permite acest lucru masca peel-off I Love Skin Superstar . V\u0103 va diversifica rutina zilnic\u0103 de \u00eengrijire a tenului, petrecerea \u00een pijamale...","og_url":"https:\/\/shopatoa.com\/ro\/i-love-skin-superstar-masca-activa-si-detoxifianta-cu-carbon-activ-10-ml\/","og_site_name":"SHOPATOA","article_modified_time":"2025-12-10T00:13:26+00:00","og_image":[{"width":800,"height":800,"url":"https:\/\/storage.googleapis.com\/cz-shopatoa-img\/ro\/a3428125-unnamed-file.webp","type":"image\/webp"}],"twitter_card":"summary_large_image","twitter_misc":{"Timp estimat pentru citire":"1 minut"},"schema":{"@context":"https:\/\/schema.org","@graph":[{"@type":"WebPage","@id":"https:\/\/shopatoa.com\/ro\/i-love-skin-superstar-masca-activa-si-detoxifianta-cu-carbon-activ-10-ml\/","url":"https:\/\/shopatoa.com\/ro\/i-love-skin-superstar-masca-activa-si-detoxifianta-cu-carbon-activ-10-ml\/","name":"I Love Skin Superstar masc\u0103 activ\u0103 \u0219i detoxifiant\u0103 cu carbon activ 10 ml - SHOPATOA.COM","isPartOf":{"@id":"https:\/\/shopatoa.com\/ro\/#website"},"primaryImageOfPage":{"@id":"https:\/\/shopatoa.com\/ro\/i-love-skin-superstar-masca-activa-si-detoxifianta-cu-carbon-activ-10-ml\/#primaryimage"},"image":{"@id":"https:\/\/shopatoa.com\/ro\/i-love-skin-superstar-masca-activa-si-detoxifianta-cu-carbon-activ-10-ml\/#primaryimage"},"thumbnailUrl":"https:\/\/storage.googleapis.com\/cz-shopatoa-img\/ro\/a3428125-unnamed-file.webp","datePublished":"2025-06-21T10:12:42+00:00","dateModified":"2025-12-10T00:13:26+00:00","breadcrumb":{"@id":"https:\/\/shopatoa.com\/ro\/i-love-skin-superstar-masca-activa-si-detoxifianta-cu-carbon-activ-10-ml\/#breadcrumb"},"inLanguage":"ro-RO","potentialAction":[{"@type":"ReadAction","target":["https:\/\/shopatoa.com\/ro\/i-love-skin-superstar-masca-activa-si-detoxifianta-cu-carbon-activ-10-ml\/"]}]},{"@type":"ImageObject","inLanguage":"ro-RO","@id":"https:\/\/shopatoa.com\/ro\/i-love-skin-superstar-masca-activa-si-detoxifianta-cu-carbon-activ-10-ml\/#primaryimage","url":"https:\/\/storage.googleapis.com\/cz-shopatoa-img\/ro\/a3428125-unnamed-file.webp","contentUrl":"https:\/\/storage.googleapis.com\/cz-shopatoa-img\/ro\/a3428125-unnamed-file.webp","width":800,"height":800},{"@type":"BreadcrumbList","@id":"https:\/\/shopatoa.com\/ro\/i-love-skin-superstar-masca-activa-si-detoxifianta-cu-carbon-activ-10-ml\/#breadcrumb","itemListElement":[{"@type":"ListItem","position":1,"name":"Dom\u016f","item":"https:\/\/shopatoa.com\/ro\/"},{"@type":"ListItem","position":2,"name":"Shop","item":"https:\/\/shopatoa.com\/ro\/shop\/"},{"@type":"ListItem","position":3,"name":"S\u0103n\u0103tate \u0219i frumuse\u021be","item":"https:\/\/shopatoa.com\/ro\/sanatate-si-frumusete\/"},{"@type":"ListItem","position":4,"name":"\u00cengrijire personal\u0103","item":"https:\/\/shopatoa.com\/ro\/ingrijire-personala\/"},{"@type":"ListItem","position":5,"name":"Cosmetice","item":"https:\/\/shopatoa.com\/ro\/cosmetice-ingrijire-personala\/"},{"@type":"ListItem","position":6,"name":"\u00cengrijirea pielii","item":"https:\/\/shopatoa.com\/ro\/ingrijirea-pielii\/"},{"@type":"ListItem","position":7,"name":"M\u0103\u0219ti \u0219i peelings pentru ten","item":"https:\/\/shopatoa.com\/ro\/masti-si-peelings-pentru-ten\/"},{"@type":"ListItem","position":8,"name":"I Love Skin Superstar masc\u0103 activ\u0103 \u0219i detoxifiant\u0103 cu carbon activ 10 ml"}]},{"@type":"WebSite","@id":"https:\/\/shopatoa.com\/ro\/#website","url":"https:\/\/shopatoa.com\/ro\/","name":"SHOPATOA","description":"","publisher":{"@id":"https:\/\/shopatoa.com\/ro\/#organization"},"potentialAction":[{"@type":"SearchAction","target":{"@type":"EntryPoint","urlTemplate":"https:\/\/shopatoa.com\/ro\/?s={search_term_string}"},"query-input":{"@type":"PropertyValueSpecification","valueRequired":true,"valueName":"search_term_string"}}],"inLanguage":"ro-RO"},{"@type":"Organization","@id":"https:\/\/shopatoa.com\/ro\/#organization","name":"SHOPATOA","url":"https:\/\/shopatoa.com\/ro\/","logo":{"@type":"ImageObject","inLanguage":"ro-RO","@id":"https:\/\/shopatoa.com\/ro\/#\/schema\/logo\/image\/","url":"https:\/\/storage.googleapis.com\/cz-shopatoa-img\/ro\/b4dac915-shopatoa_logo.png","contentUrl":"https:\/\/storage.googleapis.com\/cz-shopatoa-img\/ro\/b4dac915-shopatoa_logo.png","width":416,"height":63,"caption":"SHOPATOA"},"image":{"@id":"https:\/\/shopatoa.com\/ro\/#\/schema\/logo\/image\/"}}]}},"_links":{"self":[{"href":"https:\/\/shopatoa.com\/ro\/wp-json\/wp\/v2\/product\/421833","targetHints":{"allow":["GET"]}}],"collection":[{"href":"https:\/\/shopatoa.com\/ro\/wp-json\/wp\/v2\/product"}],"about":[{"href":"https:\/\/shopatoa.com\/ro\/wp-json\/wp\/v2\/types\/product"}],"replies":[{"embeddable":true,"href":"https:\/\/shopatoa.com\/ro\/wp-json\/wp\/v2\/comments?post=421833"}],"wp:featuredmedia":[{"embeddable":true,"href":"https:\/\/shopatoa.com\/ro\/wp-json\/wp\/v2\/media\/421834"}],"wp:attachment":[{"href":"https:\/\/shopatoa.com\/ro\/wp-json\/wp\/v2\/media?parent=421833"}],"wp:term":[{"taxonomy":"product_brand","embeddable":true,"href":"https:\/\/shopatoa.com\/ro\/wp-json\/wp\/v2\/product_brand?post=421833"},{"taxonomy":"product_cat","embeddable":true,"href":"https:\/\/shopatoa.com\/ro\/wp-json\/wp\/v2\/product_cat?post=421833"},{"taxonomy":"product_tag","embeddable":true,"href":"https:\/\/shopatoa.com\/ro\/wp-json\/wp\/v2\/product_tag?post=421833"}],"curies":[{"name":"wp","href":"https:\/\/api.w.org\/{rel}","templated":true}]}}