{"id":422157,"date":"2025-06-21T12:51:22","date_gmt":"2025-06-21T10:51:22","guid":{"rendered":"https:\/\/shopatoa.com\/ro\/babyliss-steam-shine-styler-st496e-placa-de-intins-parul-cu-aburi-pentru-par\/"},"modified":"2025-12-09T23:32:20","modified_gmt":"2025-12-09T22:32:20","slug":"babyliss-steam-shine-styler-st496e-placa-de-intins-parul-cu-aburi-pentru-par","status":"publish","type":"product","link":"https:\/\/shopatoa.com\/ro\/babyliss-steam-shine-styler-st496e-placa-de-intins-parul-cu-aburi-pentru-par\/","title":{"rendered":"BaByliss Steam Shine Styler ST496E plac\u0103 de \u00eentins p\u0103rul, cu aburi pentru p\u0103r"},"content":{"rendered":"<p>BaByliss Steam Shine Styler ST496E, Produse electronice pentru femei, Dori\u021bi s\u0103 ob\u021bine\u021bi o coafur\u0103 perfect neted\u0103, \u00eens\u0103 rezultatul ob\u021binut prin utilizarea cremelor, gelurilor \u0219i a altor produse de styling nu este suficient? Solu\u021bia este \u00eendreptarea p\u0103rului. \u00cen plus, dac\u0103 dori\u021bi s\u0103 v\u0103 asigura\u021bi c\u0103 netezirea nu v\u0103 usuc\u0103 p\u0103rul, placa de \u00eendreptat p\u0103rul cu aburi BaByliss Steam Shine Styler ST496E este alegerea ideal\u0103 pentru dvs. Pentru \u00eendreptarea p\u0103rului, folose\u0219te o presiune ridicat\u0103 a aburului, care este mai bl\u00e2nd\u0103 dec\u00e2t modul \u00een care pl\u0103cile obi\u0219nuite \u00eendreapt\u0103 p\u0103rul. Aceast\u0103 tehnologie nu numai c\u0103 neteze\u0219te p\u0103rul, dar \u00eel \u0219i protejeaz\u0103 \u00eempotriva \u0219ocurilor termice \u0219i a absorb\u021biei unei cantit\u0103\u021bi prea mari de umiditate, ceea ce poate duce la umflarea fibrei capilare \u0219i, ulterior, la predispozi\u021bia firelor de p\u0103r la rupere, \u00eencre\u021bire \u0219i \u00eenc\u00e2lcire. Aburul previne deteriorarea, \u00eempiedic\u0103 despicarea v\u00e2rfurilor \u0219i nu usuc\u0103 p\u0103rul, dimpotriv\u0103, asigur\u0103 o hidratare profund\u0103, confer\u0103 str\u0103lucire \u0219i \u00eel preg\u0103te\u0219te pentru \u00eengrijirea ulterioar\u0103.  Caracteristici:  cu temperatur\u0103 reglabil\u0103 afi\u0219aj LED \u00eenc\u0103lzire rapid\u0103 rezervor de ap\u0103 \u00eencorporat  Cum se utilizeaz\u0103: Se vor urma instruc\u021biunile de utilizare incluse.<\/p>\n","protected":false},"excerpt":{"rendered":"<p>BaByliss Steam Shine Styler ST496E, Produse electronice pentru femei, Dori\u021bi s\u0103 ob\u021bine\u021bi o coafur\u0103 perfect neted\u0103, \u00eens\u0103 rezultatul ob\u021binut prin utilizarea cremelor, gelurilor \u0219i a altor produse de styling nu este suficient? Solu\u021bia este \u00eendreptarea p\u0103rului. \u00cen plus, dac\u0103 dori\u021bi s\u0103 v\u0103 asigura\u021bi c\u0103 netezirea nu v\u0103 usuc\u0103 p\u0103rul, placa de \u00eendreptat p\u0103rul cu aburi&#8230;<\/p>\n","protected":false},"featured_media":422158,"comment_status":"closed","ping_status":"open","template":"","meta":{"_acf_changed":false,"_kadence_starter_templates_imported_post":false,"_kad_post_transparent":"","_kad_post_title":"","_kad_post_layout":"","_kad_post_sidebar_id":"","_kad_post_content_style":"","_kad_post_vertical_padding":"","_kad_post_feature":"","_kad_post_feature_position":"","_kad_post_header":false,"_kad_post_footer":false,"_kad_post_classname":""},"product_brand":[437],"product_cat":[1563,1590,1921,1562,1657],"product_tag":[],"class_list":{"0":"post-422157","1":"product","2":"type-product","3":"status-publish","4":"has-post-thumbnail","6":"product_brand-babyliss","7":"product_cat-ingrijire-personala","8":"product_cat-ingrijirea-parului","9":"product_cat-placi-de-indreptat-parul","10":"product_cat-sanatate-si-frumusete","11":"product_cat-unelte-de-coafat","12":"pa_gen-female","14":"first","15":"instock","16":"sale","17":"product-type-external","18":"entry","19":"content-bg","20":"loop-entry"},"acf":[],"yoast_head":"<!-- This site is optimized with the Yoast SEO plugin v27.4 - https:\/\/yoast.com\/product\/yoast-seo-wordpress\/ -->\n<title>BaByliss Steam Shine Styler ST496E plac\u0103 de \u00eentins p\u0103rul, cu aburi pentru p\u0103r - SHOPATOA.COM<\/title>\n<meta name=\"robots\" content=\"index, follow, max-snippet:-1, max-image-preview:large, max-video-preview:-1\" \/>\n<link rel=\"canonical\" href=\"https:\/\/shopatoa.com\/ro\/babyliss-steam-shine-styler-st496e-placa-de-intins-parul-cu-aburi-pentru-par\/\" \/>\n<meta property=\"og:locale\" content=\"ro_RO\" \/>\n<meta property=\"og:type\" content=\"article\" \/>\n<meta property=\"og:title\" content=\"BaByliss Steam Shine Styler ST496E plac\u0103 de \u00eentins p\u0103rul, cu aburi pentru p\u0103r - SHOPATOA.COM\" \/>\n<meta property=\"og:description\" content=\"BaByliss Steam Shine Styler ST496E, Produse electronice pentru femei, Dori\u021bi s\u0103 ob\u021bine\u021bi o coafur\u0103 perfect neted\u0103, \u00eens\u0103 rezultatul ob\u021binut prin utilizarea cremelor, gelurilor \u0219i a altor produse de styling nu este suficient? Solu\u021bia este \u00eendreptarea p\u0103rului. \u00cen plus, dac\u0103 dori\u021bi s\u0103 v\u0103 asigura\u021bi c\u0103 netezirea nu v\u0103 usuc\u0103 p\u0103rul, placa de \u00eendreptat p\u0103rul cu aburi...\" \/>\n<meta property=\"og:url\" content=\"https:\/\/shopatoa.com\/ro\/babyliss-steam-shine-styler-st496e-placa-de-intins-parul-cu-aburi-pentru-par\/\" \/>\n<meta property=\"og:site_name\" content=\"SHOPATOA\" \/>\n<meta property=\"article:modified_time\" content=\"2025-12-09T22:32:20+00:00\" \/>\n<meta property=\"og:image\" content=\"https:\/\/storage.googleapis.com\/cz-shopatoa-img\/ro\/5531a844-unnamed-file.webp\" \/>\n\t<meta property=\"og:image:width\" content=\"800\" \/>\n\t<meta property=\"og:image:height\" content=\"800\" \/>\n\t<meta property=\"og:image:type\" content=\"image\/webp\" \/>\n<meta name=\"twitter:card\" content=\"summary_large_image\" \/>\n<meta name=\"twitter:label1\" content=\"Timp estimat pentru citire\" \/>\n\t<meta name=\"twitter:data1\" content=\"1 minut\" \/>\n<script type=\"application\/ld+json\" class=\"yoast-schema-graph\">{\"@context\":\"https:\\\/\\\/schema.org\",\"@graph\":[{\"@type\":\"WebPage\",\"@id\":\"https:\\\/\\\/shopatoa.com\\\/ro\\\/babyliss-steam-shine-styler-st496e-placa-de-intins-parul-cu-aburi-pentru-par\\\/\",\"url\":\"https:\\\/\\\/shopatoa.com\\\/ro\\\/babyliss-steam-shine-styler-st496e-placa-de-intins-parul-cu-aburi-pentru-par\\\/\",\"name\":\"BaByliss Steam Shine Styler ST496E plac\u0103 de \u00eentins p\u0103rul, cu aburi pentru p\u0103r - SHOPATOA.COM\",\"isPartOf\":{\"@id\":\"https:\\\/\\\/shopatoa.com\\\/ro\\\/#website\"},\"primaryImageOfPage\":{\"@id\":\"https:\\\/\\\/shopatoa.com\\\/ro\\\/babyliss-steam-shine-styler-st496e-placa-de-intins-parul-cu-aburi-pentru-par\\\/#primaryimage\"},\"image\":{\"@id\":\"https:\\\/\\\/shopatoa.com\\\/ro\\\/babyliss-steam-shine-styler-st496e-placa-de-intins-parul-cu-aburi-pentru-par\\\/#primaryimage\"},\"thumbnailUrl\":\"https:\\\/\\\/storage.googleapis.com\\\/cz-shopatoa-img\\\/ro\\\/5531a844-unnamed-file.webp\",\"datePublished\":\"2025-06-21T10:51:22+00:00\",\"dateModified\":\"2025-12-09T22:32:20+00:00\",\"breadcrumb\":{\"@id\":\"https:\\\/\\\/shopatoa.com\\\/ro\\\/babyliss-steam-shine-styler-st496e-placa-de-intins-parul-cu-aburi-pentru-par\\\/#breadcrumb\"},\"inLanguage\":\"ro-RO\",\"potentialAction\":[{\"@type\":\"ReadAction\",\"target\":[\"https:\\\/\\\/shopatoa.com\\\/ro\\\/babyliss-steam-shine-styler-st496e-placa-de-intins-parul-cu-aburi-pentru-par\\\/\"]}]},{\"@type\":\"ImageObject\",\"inLanguage\":\"ro-RO\",\"@id\":\"https:\\\/\\\/shopatoa.com\\\/ro\\\/babyliss-steam-shine-styler-st496e-placa-de-intins-parul-cu-aburi-pentru-par\\\/#primaryimage\",\"url\":\"https:\\\/\\\/storage.googleapis.com\\\/cz-shopatoa-img\\\/ro\\\/5531a844-unnamed-file.webp\",\"contentUrl\":\"https:\\\/\\\/storage.googleapis.com\\\/cz-shopatoa-img\\\/ro\\\/5531a844-unnamed-file.webp\",\"width\":800,\"height\":800},{\"@type\":\"BreadcrumbList\",\"@id\":\"https:\\\/\\\/shopatoa.com\\\/ro\\\/babyliss-steam-shine-styler-st496e-placa-de-intins-parul-cu-aburi-pentru-par\\\/#breadcrumb\",\"itemListElement\":[{\"@type\":\"ListItem\",\"position\":1,\"name\":\"Dom\u016f\",\"item\":\"https:\\\/\\\/shopatoa.com\\\/ro\\\/\"},{\"@type\":\"ListItem\",\"position\":2,\"name\":\"Shop\",\"item\":\"https:\\\/\\\/shopatoa.com\\\/ro\\\/shop\\\/\"},{\"@type\":\"ListItem\",\"position\":3,\"name\":\"S\u0103n\u0103tate \u0219i frumuse\u021be\",\"item\":\"https:\\\/\\\/shopatoa.com\\\/ro\\\/sanatate-si-frumusete\\\/\"},{\"@type\":\"ListItem\",\"position\":4,\"name\":\"\u00cengrijire personal\u0103\",\"item\":\"https:\\\/\\\/shopatoa.com\\\/ro\\\/ingrijire-personala\\\/\"},{\"@type\":\"ListItem\",\"position\":5,\"name\":\"\u00cengrijirea p\u0103rului\",\"item\":\"https:\\\/\\\/shopatoa.com\\\/ro\\\/ingrijirea-parului\\\/\"},{\"@type\":\"ListItem\",\"position\":6,\"name\":\"Unelte de coafat\",\"item\":\"https:\\\/\\\/shopatoa.com\\\/ro\\\/unelte-de-coafat\\\/\"},{\"@type\":\"ListItem\",\"position\":7,\"name\":\"Pl\u0103ci de \u00eendreptat p\u0103rul\",\"item\":\"https:\\\/\\\/shopatoa.com\\\/ro\\\/placi-de-indreptat-parul\\\/\"},{\"@type\":\"ListItem\",\"position\":8,\"name\":\"BaByliss Steam Shine Styler ST496E plac\u0103 de \u00eentins p\u0103rul, cu aburi pentru p\u0103r\"}]},{\"@type\":\"WebSite\",\"@id\":\"https:\\\/\\\/shopatoa.com\\\/ro\\\/#website\",\"url\":\"https:\\\/\\\/shopatoa.com\\\/ro\\\/\",\"name\":\"SHOPATOA\",\"description\":\"\",\"publisher\":{\"@id\":\"https:\\\/\\\/shopatoa.com\\\/ro\\\/#organization\"},\"potentialAction\":[{\"@type\":\"SearchAction\",\"target\":{\"@type\":\"EntryPoint\",\"urlTemplate\":\"https:\\\/\\\/shopatoa.com\\\/ro\\\/?s={search_term_string}\"},\"query-input\":{\"@type\":\"PropertyValueSpecification\",\"valueRequired\":true,\"valueName\":\"search_term_string\"}}],\"inLanguage\":\"ro-RO\"},{\"@type\":\"Organization\",\"@id\":\"https:\\\/\\\/shopatoa.com\\\/ro\\\/#organization\",\"name\":\"SHOPATOA\",\"url\":\"https:\\\/\\\/shopatoa.com\\\/ro\\\/\",\"logo\":{\"@type\":\"ImageObject\",\"inLanguage\":\"ro-RO\",\"@id\":\"https:\\\/\\\/shopatoa.com\\\/ro\\\/#\\\/schema\\\/logo\\\/image\\\/\",\"url\":\"https:\\\/\\\/storage.googleapis.com\\\/cz-shopatoa-img\\\/ro\\\/b4dac915-shopatoa_logo.png\",\"contentUrl\":\"https:\\\/\\\/storage.googleapis.com\\\/cz-shopatoa-img\\\/ro\\\/b4dac915-shopatoa_logo.png\",\"width\":416,\"height\":63,\"caption\":\"SHOPATOA\"},\"image\":{\"@id\":\"https:\\\/\\\/shopatoa.com\\\/ro\\\/#\\\/schema\\\/logo\\\/image\\\/\"}}]}<\/script>\n<!-- \/ Yoast SEO plugin. -->","yoast_head_json":{"title":"BaByliss Steam Shine Styler ST496E plac\u0103 de \u00eentins p\u0103rul, cu aburi pentru p\u0103r - SHOPATOA.COM","robots":{"index":"index","follow":"follow","max-snippet":"max-snippet:-1","max-image-preview":"max-image-preview:large","max-video-preview":"max-video-preview:-1"},"canonical":"https:\/\/shopatoa.com\/ro\/babyliss-steam-shine-styler-st496e-placa-de-intins-parul-cu-aburi-pentru-par\/","og_locale":"ro_RO","og_type":"article","og_title":"BaByliss Steam Shine Styler ST496E plac\u0103 de \u00eentins p\u0103rul, cu aburi pentru p\u0103r - SHOPATOA.COM","og_description":"BaByliss Steam Shine Styler ST496E, Produse electronice pentru femei, Dori\u021bi s\u0103 ob\u021bine\u021bi o coafur\u0103 perfect neted\u0103, \u00eens\u0103 rezultatul ob\u021binut prin utilizarea cremelor, gelurilor \u0219i a altor produse de styling nu este suficient? Solu\u021bia este \u00eendreptarea p\u0103rului. \u00cen plus, dac\u0103 dori\u021bi s\u0103 v\u0103 asigura\u021bi c\u0103 netezirea nu v\u0103 usuc\u0103 p\u0103rul, placa de \u00eendreptat p\u0103rul cu aburi...","og_url":"https:\/\/shopatoa.com\/ro\/babyliss-steam-shine-styler-st496e-placa-de-intins-parul-cu-aburi-pentru-par\/","og_site_name":"SHOPATOA","article_modified_time":"2025-12-09T22:32:20+00:00","og_image":[{"width":800,"height":800,"url":"https:\/\/storage.googleapis.com\/cz-shopatoa-img\/ro\/5531a844-unnamed-file.webp","type":"image\/webp"}],"twitter_card":"summary_large_image","twitter_misc":{"Timp estimat pentru citire":"1 minut"},"schema":{"@context":"https:\/\/schema.org","@graph":[{"@type":"WebPage","@id":"https:\/\/shopatoa.com\/ro\/babyliss-steam-shine-styler-st496e-placa-de-intins-parul-cu-aburi-pentru-par\/","url":"https:\/\/shopatoa.com\/ro\/babyliss-steam-shine-styler-st496e-placa-de-intins-parul-cu-aburi-pentru-par\/","name":"BaByliss Steam Shine Styler ST496E plac\u0103 de \u00eentins p\u0103rul, cu aburi pentru p\u0103r - SHOPATOA.COM","isPartOf":{"@id":"https:\/\/shopatoa.com\/ro\/#website"},"primaryImageOfPage":{"@id":"https:\/\/shopatoa.com\/ro\/babyliss-steam-shine-styler-st496e-placa-de-intins-parul-cu-aburi-pentru-par\/#primaryimage"},"image":{"@id":"https:\/\/shopatoa.com\/ro\/babyliss-steam-shine-styler-st496e-placa-de-intins-parul-cu-aburi-pentru-par\/#primaryimage"},"thumbnailUrl":"https:\/\/storage.googleapis.com\/cz-shopatoa-img\/ro\/5531a844-unnamed-file.webp","datePublished":"2025-06-21T10:51:22+00:00","dateModified":"2025-12-09T22:32:20+00:00","breadcrumb":{"@id":"https:\/\/shopatoa.com\/ro\/babyliss-steam-shine-styler-st496e-placa-de-intins-parul-cu-aburi-pentru-par\/#breadcrumb"},"inLanguage":"ro-RO","potentialAction":[{"@type":"ReadAction","target":["https:\/\/shopatoa.com\/ro\/babyliss-steam-shine-styler-st496e-placa-de-intins-parul-cu-aburi-pentru-par\/"]}]},{"@type":"ImageObject","inLanguage":"ro-RO","@id":"https:\/\/shopatoa.com\/ro\/babyliss-steam-shine-styler-st496e-placa-de-intins-parul-cu-aburi-pentru-par\/#primaryimage","url":"https:\/\/storage.googleapis.com\/cz-shopatoa-img\/ro\/5531a844-unnamed-file.webp","contentUrl":"https:\/\/storage.googleapis.com\/cz-shopatoa-img\/ro\/5531a844-unnamed-file.webp","width":800,"height":800},{"@type":"BreadcrumbList","@id":"https:\/\/shopatoa.com\/ro\/babyliss-steam-shine-styler-st496e-placa-de-intins-parul-cu-aburi-pentru-par\/#breadcrumb","itemListElement":[{"@type":"ListItem","position":1,"name":"Dom\u016f","item":"https:\/\/shopatoa.com\/ro\/"},{"@type":"ListItem","position":2,"name":"Shop","item":"https:\/\/shopatoa.com\/ro\/shop\/"},{"@type":"ListItem","position":3,"name":"S\u0103n\u0103tate \u0219i frumuse\u021be","item":"https:\/\/shopatoa.com\/ro\/sanatate-si-frumusete\/"},{"@type":"ListItem","position":4,"name":"\u00cengrijire personal\u0103","item":"https:\/\/shopatoa.com\/ro\/ingrijire-personala\/"},{"@type":"ListItem","position":5,"name":"\u00cengrijirea p\u0103rului","item":"https:\/\/shopatoa.com\/ro\/ingrijirea-parului\/"},{"@type":"ListItem","position":6,"name":"Unelte de coafat","item":"https:\/\/shopatoa.com\/ro\/unelte-de-coafat\/"},{"@type":"ListItem","position":7,"name":"Pl\u0103ci de \u00eendreptat p\u0103rul","item":"https:\/\/shopatoa.com\/ro\/placi-de-indreptat-parul\/"},{"@type":"ListItem","position":8,"name":"BaByliss Steam Shine Styler ST496E plac\u0103 de \u00eentins p\u0103rul, cu aburi pentru p\u0103r"}]},{"@type":"WebSite","@id":"https:\/\/shopatoa.com\/ro\/#website","url":"https:\/\/shopatoa.com\/ro\/","name":"SHOPATOA","description":"","publisher":{"@id":"https:\/\/shopatoa.com\/ro\/#organization"},"potentialAction":[{"@type":"SearchAction","target":{"@type":"EntryPoint","urlTemplate":"https:\/\/shopatoa.com\/ro\/?s={search_term_string}"},"query-input":{"@type":"PropertyValueSpecification","valueRequired":true,"valueName":"search_term_string"}}],"inLanguage":"ro-RO"},{"@type":"Organization","@id":"https:\/\/shopatoa.com\/ro\/#organization","name":"SHOPATOA","url":"https:\/\/shopatoa.com\/ro\/","logo":{"@type":"ImageObject","inLanguage":"ro-RO","@id":"https:\/\/shopatoa.com\/ro\/#\/schema\/logo\/image\/","url":"https:\/\/storage.googleapis.com\/cz-shopatoa-img\/ro\/b4dac915-shopatoa_logo.png","contentUrl":"https:\/\/storage.googleapis.com\/cz-shopatoa-img\/ro\/b4dac915-shopatoa_logo.png","width":416,"height":63,"caption":"SHOPATOA"},"image":{"@id":"https:\/\/shopatoa.com\/ro\/#\/schema\/logo\/image\/"}}]}},"_links":{"self":[{"href":"https:\/\/shopatoa.com\/ro\/wp-json\/wp\/v2\/product\/422157","targetHints":{"allow":["GET"]}}],"collection":[{"href":"https:\/\/shopatoa.com\/ro\/wp-json\/wp\/v2\/product"}],"about":[{"href":"https:\/\/shopatoa.com\/ro\/wp-json\/wp\/v2\/types\/product"}],"replies":[{"embeddable":true,"href":"https:\/\/shopatoa.com\/ro\/wp-json\/wp\/v2\/comments?post=422157"}],"wp:featuredmedia":[{"embeddable":true,"href":"https:\/\/shopatoa.com\/ro\/wp-json\/wp\/v2\/media\/422158"}],"wp:attachment":[{"href":"https:\/\/shopatoa.com\/ro\/wp-json\/wp\/v2\/media?parent=422157"}],"wp:term":[{"taxonomy":"product_brand","embeddable":true,"href":"https:\/\/shopatoa.com\/ro\/wp-json\/wp\/v2\/product_brand?post=422157"},{"taxonomy":"product_cat","embeddable":true,"href":"https:\/\/shopatoa.com\/ro\/wp-json\/wp\/v2\/product_cat?post=422157"},{"taxonomy":"product_tag","embeddable":true,"href":"https:\/\/shopatoa.com\/ro\/wp-json\/wp\/v2\/product_tag?post=422157"}],"curies":[{"name":"wp","href":"https:\/\/api.w.org\/{rel}","templated":true}]}}