{"id":422456,"date":"2025-06-21T13:28:42","date_gmt":"2025-06-21T11:28:42","guid":{"rendered":"https:\/\/shopatoa.com\/ro\/gosh-eye-shadow-base-baza-pentru-fardul-de-ochi-culoare-001-nude-1-4-g\/"},"modified":"2025-12-10T15:14:51","modified_gmt":"2025-12-10T14:14:51","slug":"gosh-eye-shadow-base-baza-pentru-fardul-de-ochi-culoare-001-nude-1-4-g","status":"publish","type":"product","link":"https:\/\/shopatoa.com\/ro\/gosh-eye-shadow-base-baza-pentru-fardul-de-ochi-culoare-001-nude-1-4-g\/","title":{"rendered":"Gosh Eye Shadow Base baza pentru fardul de ochi culoare 001 Nude 1.4 g"},"content":{"rendered":"<p>Gosh Eye Shadow Base, 1.4 g, baza pentru fardul de pleoape pentru femei, Un machiaj perfect al ochilor care s\u0103 reziste frumos \u0219i intens toat\u0103 ziua? Nu trebuie s\u0103 fie doar o simpl\u0103 dorin\u021b\u0103. Baza pentru fard de ochi GoshEye Shadow Base preg\u0103te\u0219te ideal pleoapele pentru machiajul urm\u0103tor, faciliteaz\u0103 aplicarea fardului de ochi \u0219i favorizeaz\u0103 at\u00e2t intensitatea, c\u00e2t \u0219i rezisten\u021ba acestuia. Textura ei se contope\u0219te perfect cu tenul, f\u0103r\u0103 s\u0103 se depun\u0103 \u00een pliul pleoapei. \u00cen timpul zilei, va \u00eempiedica estomparea fardurilor \u0219i scurgerea lor \u00een pliul pleoapei, asigur\u00e2nd o culoare mai intens\u0103 \u0219i o rezisten\u021b\u0103 mai \u00eendelungat\u0103 a efectului lor.  Caracteristici:  faciliteaz\u0103 fondul de ten ochilor prelunge\u0219te aspectul perfect al fardului de ochi intensific\u0103 nuan\u021ba fardului de ochi  Cum se utilizeaz\u0103: Baza se aplic\u0103 \u00een strat sub\u021bire, pe \u00eentreaga pleoap\u0103 \u0219i se \u00eentinde uniform. Se continu\u0103 cu aplicarea fardului.<\/p>\n","protected":false},"excerpt":{"rendered":"<p>Gosh Eye Shadow Base, 1.4 g, baza pentru fardul de pleoape pentru femei, Un machiaj perfect al ochilor care s\u0103 reziste frumos \u0219i intens toat\u0103 ziua? Nu trebuie s\u0103 fie doar o simpl\u0103 dorin\u021b\u0103. Baza pentru fard de ochi GoshEye Shadow Base preg\u0103te\u0219te ideal pleoapele pentru machiajul urm\u0103tor, faciliteaz\u0103 aplicarea fardului de ochi \u0219i favorizeaz\u0103&#8230;<\/p>\n","protected":false},"featured_media":422457,"comment_status":"closed","ping_status":"open","template":"","meta":{"_acf_changed":false,"_kadence_starter_templates_imported_post":false,"_kad_post_transparent":"","_kad_post_title":"","_kad_post_layout":"","_kad_post_sidebar_id":"","_kad_post_content_style":"","_kad_post_vertical_padding":"","_kad_post_feature":"","_kad_post_feature_position":"","_kad_post_header":false,"_kad_post_footer":false,"_kad_post_classname":""},"product_brand":[2465],"product_cat":[1564,1600,1563,1576,1599,1562],"product_tag":[],"class_list":{"0":"post-422456","1":"product","2":"type-product","3":"status-publish","4":"has-post-thumbnail","6":"product_brand-gosh","7":"product_cat-cosmetice-ingrijire-personala","8":"product_cat-fard-de-pleoape","9":"product_cat-ingrijire-personala","10":"product_cat-machiaj","11":"product_cat-machiaj-pentru-ochi-machiaj","12":"product_cat-sanatate-si-frumusete","13":"pa_gen-female","14":"pa_marime-1-4-g","16":"first","17":"instock","18":"product-type-external","19":"entry","20":"content-bg","21":"loop-entry"},"acf":[],"yoast_head":"<!-- This site is optimized with the Yoast SEO plugin v27.3 - https:\/\/yoast.com\/product\/yoast-seo-wordpress\/ -->\n<title>Gosh Eye Shadow Base baza pentru fardul de ochi culoare 001 Nude 1.4 g - SHOPATOA.COM<\/title>\n<meta name=\"robots\" content=\"index, follow, max-snippet:-1, max-image-preview:large, max-video-preview:-1\" \/>\n<link rel=\"canonical\" href=\"https:\/\/shopatoa.com\/ro\/gosh-eye-shadow-base-baza-pentru-fardul-de-ochi-culoare-001-nude-1-4-g\/\" \/>\n<meta property=\"og:locale\" content=\"ro_RO\" \/>\n<meta property=\"og:type\" content=\"article\" \/>\n<meta property=\"og:title\" content=\"Gosh Eye Shadow Base baza pentru fardul de ochi culoare 001 Nude 1.4 g - SHOPATOA.COM\" \/>\n<meta property=\"og:description\" content=\"Gosh Eye Shadow Base, 1.4 g, baza pentru fardul de pleoape pentru femei, Un machiaj perfect al ochilor care s\u0103 reziste frumos \u0219i intens toat\u0103 ziua? Nu trebuie s\u0103 fie doar o simpl\u0103 dorin\u021b\u0103. Baza pentru fard de ochi GoshEye Shadow Base preg\u0103te\u0219te ideal pleoapele pentru machiajul urm\u0103tor, faciliteaz\u0103 aplicarea fardului de ochi \u0219i favorizeaz\u0103...\" \/>\n<meta property=\"og:url\" content=\"https:\/\/shopatoa.com\/ro\/gosh-eye-shadow-base-baza-pentru-fardul-de-ochi-culoare-001-nude-1-4-g\/\" \/>\n<meta property=\"og:site_name\" content=\"SHOPATOA\" \/>\n<meta property=\"article:modified_time\" content=\"2025-12-10T14:14:51+00:00\" \/>\n<meta property=\"og:image\" content=\"https:\/\/storage.googleapis.com\/cz-shopatoa-img\/ro\/9388bd0c-unnamed-file.webp\" \/>\n\t<meta property=\"og:image:width\" content=\"800\" \/>\n\t<meta property=\"og:image:height\" content=\"800\" \/>\n\t<meta property=\"og:image:type\" content=\"image\/webp\" \/>\n<meta name=\"twitter:card\" content=\"summary_large_image\" \/>\n<meta name=\"twitter:label1\" content=\"Timp estimat pentru citire\" \/>\n\t<meta name=\"twitter:data1\" content=\"1 minut\" \/>\n<script type=\"application\/ld+json\" class=\"yoast-schema-graph\">{\"@context\":\"https:\\\/\\\/schema.org\",\"@graph\":[{\"@type\":\"WebPage\",\"@id\":\"https:\\\/\\\/shopatoa.com\\\/ro\\\/gosh-eye-shadow-base-baza-pentru-fardul-de-ochi-culoare-001-nude-1-4-g\\\/\",\"url\":\"https:\\\/\\\/shopatoa.com\\\/ro\\\/gosh-eye-shadow-base-baza-pentru-fardul-de-ochi-culoare-001-nude-1-4-g\\\/\",\"name\":\"Gosh Eye Shadow Base baza pentru fardul de ochi culoare 001 Nude 1.4 g - SHOPATOA.COM\",\"isPartOf\":{\"@id\":\"https:\\\/\\\/shopatoa.com\\\/ro\\\/#website\"},\"primaryImageOfPage\":{\"@id\":\"https:\\\/\\\/shopatoa.com\\\/ro\\\/gosh-eye-shadow-base-baza-pentru-fardul-de-ochi-culoare-001-nude-1-4-g\\\/#primaryimage\"},\"image\":{\"@id\":\"https:\\\/\\\/shopatoa.com\\\/ro\\\/gosh-eye-shadow-base-baza-pentru-fardul-de-ochi-culoare-001-nude-1-4-g\\\/#primaryimage\"},\"thumbnailUrl\":\"https:\\\/\\\/storage.googleapis.com\\\/cz-shopatoa-img\\\/ro\\\/9388bd0c-unnamed-file.webp\",\"datePublished\":\"2025-06-21T11:28:42+00:00\",\"dateModified\":\"2025-12-10T14:14:51+00:00\",\"breadcrumb\":{\"@id\":\"https:\\\/\\\/shopatoa.com\\\/ro\\\/gosh-eye-shadow-base-baza-pentru-fardul-de-ochi-culoare-001-nude-1-4-g\\\/#breadcrumb\"},\"inLanguage\":\"ro-RO\",\"potentialAction\":[{\"@type\":\"ReadAction\",\"target\":[\"https:\\\/\\\/shopatoa.com\\\/ro\\\/gosh-eye-shadow-base-baza-pentru-fardul-de-ochi-culoare-001-nude-1-4-g\\\/\"]}]},{\"@type\":\"ImageObject\",\"inLanguage\":\"ro-RO\",\"@id\":\"https:\\\/\\\/shopatoa.com\\\/ro\\\/gosh-eye-shadow-base-baza-pentru-fardul-de-ochi-culoare-001-nude-1-4-g\\\/#primaryimage\",\"url\":\"https:\\\/\\\/storage.googleapis.com\\\/cz-shopatoa-img\\\/ro\\\/9388bd0c-unnamed-file.webp\",\"contentUrl\":\"https:\\\/\\\/storage.googleapis.com\\\/cz-shopatoa-img\\\/ro\\\/9388bd0c-unnamed-file.webp\",\"width\":800,\"height\":800},{\"@type\":\"BreadcrumbList\",\"@id\":\"https:\\\/\\\/shopatoa.com\\\/ro\\\/gosh-eye-shadow-base-baza-pentru-fardul-de-ochi-culoare-001-nude-1-4-g\\\/#breadcrumb\",\"itemListElement\":[{\"@type\":\"ListItem\",\"position\":1,\"name\":\"Dom\u016f\",\"item\":\"https:\\\/\\\/shopatoa.com\\\/ro\\\/\"},{\"@type\":\"ListItem\",\"position\":2,\"name\":\"Shop\",\"item\":\"https:\\\/\\\/shopatoa.com\\\/ro\\\/shop\\\/\"},{\"@type\":\"ListItem\",\"position\":3,\"name\":\"S\u0103n\u0103tate \u0219i frumuse\u021be\",\"item\":\"https:\\\/\\\/shopatoa.com\\\/ro\\\/sanatate-si-frumusete\\\/\"},{\"@type\":\"ListItem\",\"position\":4,\"name\":\"\u00cengrijire personal\u0103\",\"item\":\"https:\\\/\\\/shopatoa.com\\\/ro\\\/ingrijire-personala\\\/\"},{\"@type\":\"ListItem\",\"position\":5,\"name\":\"Cosmetice\",\"item\":\"https:\\\/\\\/shopatoa.com\\\/ro\\\/cosmetice-ingrijire-personala\\\/\"},{\"@type\":\"ListItem\",\"position\":6,\"name\":\"Machiaj\",\"item\":\"https:\\\/\\\/shopatoa.com\\\/ro\\\/machiaj\\\/\"},{\"@type\":\"ListItem\",\"position\":7,\"name\":\"Machiaj pentru ochi\",\"item\":\"https:\\\/\\\/shopatoa.com\\\/ro\\\/machiaj-pentru-ochi-machiaj\\\/\"},{\"@type\":\"ListItem\",\"position\":8,\"name\":\"Fard de pleoape\",\"item\":\"https:\\\/\\\/shopatoa.com\\\/ro\\\/fard-de-pleoape\\\/\"},{\"@type\":\"ListItem\",\"position\":9,\"name\":\"Gosh Eye Shadow Base baza pentru fardul de ochi culoare 001 Nude 1.4 g\"}]},{\"@type\":\"WebSite\",\"@id\":\"https:\\\/\\\/shopatoa.com\\\/ro\\\/#website\",\"url\":\"https:\\\/\\\/shopatoa.com\\\/ro\\\/\",\"name\":\"SHOPATOA\",\"description\":\"\",\"publisher\":{\"@id\":\"https:\\\/\\\/shopatoa.com\\\/ro\\\/#organization\"},\"potentialAction\":[{\"@type\":\"SearchAction\",\"target\":{\"@type\":\"EntryPoint\",\"urlTemplate\":\"https:\\\/\\\/shopatoa.com\\\/ro\\\/?s={search_term_string}\"},\"query-input\":{\"@type\":\"PropertyValueSpecification\",\"valueRequired\":true,\"valueName\":\"search_term_string\"}}],\"inLanguage\":\"ro-RO\"},{\"@type\":\"Organization\",\"@id\":\"https:\\\/\\\/shopatoa.com\\\/ro\\\/#organization\",\"name\":\"SHOPATOA\",\"url\":\"https:\\\/\\\/shopatoa.com\\\/ro\\\/\",\"logo\":{\"@type\":\"ImageObject\",\"inLanguage\":\"ro-RO\",\"@id\":\"https:\\\/\\\/shopatoa.com\\\/ro\\\/#\\\/schema\\\/logo\\\/image\\\/\",\"url\":\"https:\\\/\\\/storage.googleapis.com\\\/cz-shopatoa-img\\\/ro\\\/b4dac915-shopatoa_logo.png\",\"contentUrl\":\"https:\\\/\\\/storage.googleapis.com\\\/cz-shopatoa-img\\\/ro\\\/b4dac915-shopatoa_logo.png\",\"width\":416,\"height\":63,\"caption\":\"SHOPATOA\"},\"image\":{\"@id\":\"https:\\\/\\\/shopatoa.com\\\/ro\\\/#\\\/schema\\\/logo\\\/image\\\/\"}}]}<\/script>\n<!-- \/ Yoast SEO plugin. -->","yoast_head_json":{"title":"Gosh Eye Shadow Base baza pentru fardul de ochi culoare 001 Nude 1.4 g - SHOPATOA.COM","robots":{"index":"index","follow":"follow","max-snippet":"max-snippet:-1","max-image-preview":"max-image-preview:large","max-video-preview":"max-video-preview:-1"},"canonical":"https:\/\/shopatoa.com\/ro\/gosh-eye-shadow-base-baza-pentru-fardul-de-ochi-culoare-001-nude-1-4-g\/","og_locale":"ro_RO","og_type":"article","og_title":"Gosh Eye Shadow Base baza pentru fardul de ochi culoare 001 Nude 1.4 g - SHOPATOA.COM","og_description":"Gosh Eye Shadow Base, 1.4 g, baza pentru fardul de pleoape pentru femei, Un machiaj perfect al ochilor care s\u0103 reziste frumos \u0219i intens toat\u0103 ziua? Nu trebuie s\u0103 fie doar o simpl\u0103 dorin\u021b\u0103. Baza pentru fard de ochi GoshEye Shadow Base preg\u0103te\u0219te ideal pleoapele pentru machiajul urm\u0103tor, faciliteaz\u0103 aplicarea fardului de ochi \u0219i favorizeaz\u0103...","og_url":"https:\/\/shopatoa.com\/ro\/gosh-eye-shadow-base-baza-pentru-fardul-de-ochi-culoare-001-nude-1-4-g\/","og_site_name":"SHOPATOA","article_modified_time":"2025-12-10T14:14:51+00:00","og_image":[{"width":800,"height":800,"url":"https:\/\/storage.googleapis.com\/cz-shopatoa-img\/ro\/9388bd0c-unnamed-file.webp","type":"image\/webp"}],"twitter_card":"summary_large_image","twitter_misc":{"Timp estimat pentru citire":"1 minut"},"schema":{"@context":"https:\/\/schema.org","@graph":[{"@type":"WebPage","@id":"https:\/\/shopatoa.com\/ro\/gosh-eye-shadow-base-baza-pentru-fardul-de-ochi-culoare-001-nude-1-4-g\/","url":"https:\/\/shopatoa.com\/ro\/gosh-eye-shadow-base-baza-pentru-fardul-de-ochi-culoare-001-nude-1-4-g\/","name":"Gosh Eye Shadow Base baza pentru fardul de ochi culoare 001 Nude 1.4 g - SHOPATOA.COM","isPartOf":{"@id":"https:\/\/shopatoa.com\/ro\/#website"},"primaryImageOfPage":{"@id":"https:\/\/shopatoa.com\/ro\/gosh-eye-shadow-base-baza-pentru-fardul-de-ochi-culoare-001-nude-1-4-g\/#primaryimage"},"image":{"@id":"https:\/\/shopatoa.com\/ro\/gosh-eye-shadow-base-baza-pentru-fardul-de-ochi-culoare-001-nude-1-4-g\/#primaryimage"},"thumbnailUrl":"https:\/\/storage.googleapis.com\/cz-shopatoa-img\/ro\/9388bd0c-unnamed-file.webp","datePublished":"2025-06-21T11:28:42+00:00","dateModified":"2025-12-10T14:14:51+00:00","breadcrumb":{"@id":"https:\/\/shopatoa.com\/ro\/gosh-eye-shadow-base-baza-pentru-fardul-de-ochi-culoare-001-nude-1-4-g\/#breadcrumb"},"inLanguage":"ro-RO","potentialAction":[{"@type":"ReadAction","target":["https:\/\/shopatoa.com\/ro\/gosh-eye-shadow-base-baza-pentru-fardul-de-ochi-culoare-001-nude-1-4-g\/"]}]},{"@type":"ImageObject","inLanguage":"ro-RO","@id":"https:\/\/shopatoa.com\/ro\/gosh-eye-shadow-base-baza-pentru-fardul-de-ochi-culoare-001-nude-1-4-g\/#primaryimage","url":"https:\/\/storage.googleapis.com\/cz-shopatoa-img\/ro\/9388bd0c-unnamed-file.webp","contentUrl":"https:\/\/storage.googleapis.com\/cz-shopatoa-img\/ro\/9388bd0c-unnamed-file.webp","width":800,"height":800},{"@type":"BreadcrumbList","@id":"https:\/\/shopatoa.com\/ro\/gosh-eye-shadow-base-baza-pentru-fardul-de-ochi-culoare-001-nude-1-4-g\/#breadcrumb","itemListElement":[{"@type":"ListItem","position":1,"name":"Dom\u016f","item":"https:\/\/shopatoa.com\/ro\/"},{"@type":"ListItem","position":2,"name":"Shop","item":"https:\/\/shopatoa.com\/ro\/shop\/"},{"@type":"ListItem","position":3,"name":"S\u0103n\u0103tate \u0219i frumuse\u021be","item":"https:\/\/shopatoa.com\/ro\/sanatate-si-frumusete\/"},{"@type":"ListItem","position":4,"name":"\u00cengrijire personal\u0103","item":"https:\/\/shopatoa.com\/ro\/ingrijire-personala\/"},{"@type":"ListItem","position":5,"name":"Cosmetice","item":"https:\/\/shopatoa.com\/ro\/cosmetice-ingrijire-personala\/"},{"@type":"ListItem","position":6,"name":"Machiaj","item":"https:\/\/shopatoa.com\/ro\/machiaj\/"},{"@type":"ListItem","position":7,"name":"Machiaj pentru ochi","item":"https:\/\/shopatoa.com\/ro\/machiaj-pentru-ochi-machiaj\/"},{"@type":"ListItem","position":8,"name":"Fard de pleoape","item":"https:\/\/shopatoa.com\/ro\/fard-de-pleoape\/"},{"@type":"ListItem","position":9,"name":"Gosh Eye Shadow Base baza pentru fardul de ochi culoare 001 Nude 1.4 g"}]},{"@type":"WebSite","@id":"https:\/\/shopatoa.com\/ro\/#website","url":"https:\/\/shopatoa.com\/ro\/","name":"SHOPATOA","description":"","publisher":{"@id":"https:\/\/shopatoa.com\/ro\/#organization"},"potentialAction":[{"@type":"SearchAction","target":{"@type":"EntryPoint","urlTemplate":"https:\/\/shopatoa.com\/ro\/?s={search_term_string}"},"query-input":{"@type":"PropertyValueSpecification","valueRequired":true,"valueName":"search_term_string"}}],"inLanguage":"ro-RO"},{"@type":"Organization","@id":"https:\/\/shopatoa.com\/ro\/#organization","name":"SHOPATOA","url":"https:\/\/shopatoa.com\/ro\/","logo":{"@type":"ImageObject","inLanguage":"ro-RO","@id":"https:\/\/shopatoa.com\/ro\/#\/schema\/logo\/image\/","url":"https:\/\/storage.googleapis.com\/cz-shopatoa-img\/ro\/b4dac915-shopatoa_logo.png","contentUrl":"https:\/\/storage.googleapis.com\/cz-shopatoa-img\/ro\/b4dac915-shopatoa_logo.png","width":416,"height":63,"caption":"SHOPATOA"},"image":{"@id":"https:\/\/shopatoa.com\/ro\/#\/schema\/logo\/image\/"}}]}},"_links":{"self":[{"href":"https:\/\/shopatoa.com\/ro\/wp-json\/wp\/v2\/product\/422456","targetHints":{"allow":["GET"]}}],"collection":[{"href":"https:\/\/shopatoa.com\/ro\/wp-json\/wp\/v2\/product"}],"about":[{"href":"https:\/\/shopatoa.com\/ro\/wp-json\/wp\/v2\/types\/product"}],"replies":[{"embeddable":true,"href":"https:\/\/shopatoa.com\/ro\/wp-json\/wp\/v2\/comments?post=422456"}],"wp:featuredmedia":[{"embeddable":true,"href":"https:\/\/shopatoa.com\/ro\/wp-json\/wp\/v2\/media\/422457"}],"wp:attachment":[{"href":"https:\/\/shopatoa.com\/ro\/wp-json\/wp\/v2\/media?parent=422456"}],"wp:term":[{"taxonomy":"product_brand","embeddable":true,"href":"https:\/\/shopatoa.com\/ro\/wp-json\/wp\/v2\/product_brand?post=422456"},{"taxonomy":"product_cat","embeddable":true,"href":"https:\/\/shopatoa.com\/ro\/wp-json\/wp\/v2\/product_cat?post=422456"},{"taxonomy":"product_tag","embeddable":true,"href":"https:\/\/shopatoa.com\/ro\/wp-json\/wp\/v2\/product_tag?post=422456"}],"curies":[{"name":"wp","href":"https:\/\/api.w.org\/{rel}","templated":true}]}}