{"id":422740,"date":"2025-06-21T13:51:25","date_gmt":"2025-06-21T11:51:25","guid":{"rendered":"https:\/\/shopatoa.com\/ro\/evo-fabuloso-colour-boosting-treatment-balsam-pentru-a-evidentia-culoarea-parului-culoare-cool-brown-220-ml\/"},"modified":"2025-11-07T07:25:27","modified_gmt":"2025-11-07T06:25:27","slug":"evo-fabuloso-colour-boosting-treatment-balsam-pentru-a-evidentia-culoarea-parului-culoare-cool-brown-220-ml","status":"publish","type":"product","link":"https:\/\/shopatoa.com\/ro\/evo-fabuloso-colour-boosting-treatment-balsam-pentru-a-evidentia-culoarea-parului-culoare-cool-brown-220-ml\/","title":{"rendered":"EVO Fabuloso Colour Boosting Treatment balsam pentru a evidentia culoarea parului culoare Cool Brown 220 ml"},"content":{"rendered":"<p>EVO Fabuloso Colour Boosting Treatment, 220 ml, Nuan\u021batoare de p\u0103r pentru femei, Sim\u021bi\u021bi c\u0103 p\u0103rul dvs. are nevoie de o \u00eengrijire mai intens\u0103 dec\u00e2t v\u0103 pot oferi condi\u021bionerele sau balsamurile? Masca de p\u0103r EVO Fabuloso Colour Boosting Treatment v\u0103 va completa de minute rutina de \u00eengrijire. Datorit\u0103 concentra\u021biei ridicate de substan\u021be nutritive menite s\u0103 rezolve probleme specifice, red\u0103 p\u0103rului vitalitatea \u0219i frumuse\u021bea. P\u0103trunde ad\u00e2nc \u00een fibrele de p\u0103r pentru a le fortifica, pentru a le hr\u0103ni intensiv, pentru a favoriza regenerarea \u0219i pentru a le netezi suprafa\u021ba, l\u0103s\u00e2ndu-le fine la atingere, cu o str\u0103lucire radiant\u0103 \u0219i mai rezistente la deterior\u0103ri.  Caracteristici:  hidrateaz\u0103 intens extinde durata de via\u021b\u0103 a culorii culoare str\u0103lucitoare las\u0103 p\u0103rul str\u0103lucitor \u0219i neted  Cum se utilizeaz\u0103: Se aplic\u0103 pe p\u0103rul umed, sp\u0103lat \u00een prealabil cu \u0219ampon. Se aplic\u0103 uniform, pe lungimea p\u0103rului. L\u0103sa\u021bi s\u0103 ac\u021bioneze pentru num\u0103rul de minute indicat: 3 minuty. Apoi se limpeze\u0219te bine cu ap\u0103. Utiliza\u021bi de 1\u00d7 pe s\u0103pt\u0103m\u00e2n\u0103. Se vor purta m\u0103nu\u0219i de protec\u021bie adecvate.<\/p>\n","protected":false},"excerpt":{"rendered":"<p>EVO Fabuloso Colour Boosting Treatment, 220 ml, Nuan\u021batoare de p\u0103r pentru femei, Sim\u021bi\u021bi c\u0103 p\u0103rul dvs. are nevoie de o \u00eengrijire mai intens\u0103 dec\u00e2t v\u0103 pot oferi condi\u021bionerele sau balsamurile? Masca de p\u0103r EVO Fabuloso Colour Boosting Treatment v\u0103 va completa de minute rutina de \u00eengrijire. Datorit\u0103 concentra\u021biei ridicate de substan\u021be nutritive menite s\u0103 rezolve&#8230;<\/p>\n","protected":false},"featured_media":422741,"comment_status":"closed","ping_status":"open","template":"","meta":{"_acf_changed":false,"_kadence_starter_templates_imported_post":false,"_kad_post_transparent":"","_kad_post_title":"","_kad_post_layout":"","_kad_post_sidebar_id":"","_kad_post_content_style":"","_kad_post_vertical_padding":"","_kad_post_feature":"","_kad_post_feature_position":"","_kad_post_header":false,"_kad_post_footer":false,"_kad_post_classname":""},"product_brand":[3444],"product_cat":[1564,1563,1565,1614,1562],"product_tag":[],"class_list":{"0":"post-422740","1":"product","2":"type-product","3":"status-publish","4":"has-post-thumbnail","6":"product_brand-evo","7":"product_cat-cosmetice-ingrijire-personala","8":"product_cat-ingrijire-personala","9":"product_cat-ingrijirea-pielii","10":"product_cat-masti-si-peelings-pentru-ten","11":"product_cat-sanatate-si-frumusete","12":"pa_gen-female","13":"pa_marime-220-ml","15":"first","16":"instock","17":"sale","18":"product-type-external","19":"entry","20":"content-bg","21":"loop-entry"},"acf":[],"yoast_head":"<!-- This site is optimized with the Yoast SEO plugin v27.4 - https:\/\/yoast.com\/product\/yoast-seo-wordpress\/ -->\n<title>EVO Fabuloso Colour Boosting Treatment balsam pentru a evidentia culoarea parului culoare Cool Brown 220 ml - SHOPATOA.COM<\/title>\n<meta name=\"robots\" content=\"index, follow, max-snippet:-1, max-image-preview:large, max-video-preview:-1\" \/>\n<link rel=\"canonical\" href=\"https:\/\/shopatoa.com\/ro\/evo-fabuloso-colour-boosting-treatment-balsam-pentru-a-evidentia-culoarea-parului-culoare-cool-brown-220-ml\/\" \/>\n<meta property=\"og:locale\" content=\"ro_RO\" \/>\n<meta property=\"og:type\" content=\"article\" \/>\n<meta property=\"og:title\" content=\"EVO Fabuloso Colour Boosting Treatment balsam pentru a evidentia culoarea parului culoare Cool Brown 220 ml - SHOPATOA.COM\" \/>\n<meta property=\"og:description\" content=\"EVO Fabuloso Colour Boosting Treatment, 220 ml, Nuan\u021batoare de p\u0103r pentru femei, Sim\u021bi\u021bi c\u0103 p\u0103rul dvs. are nevoie de o \u00eengrijire mai intens\u0103 dec\u00e2t v\u0103 pot oferi condi\u021bionerele sau balsamurile? Masca de p\u0103r EVO Fabuloso Colour Boosting Treatment v\u0103 va completa de minute rutina de \u00eengrijire. Datorit\u0103 concentra\u021biei ridicate de substan\u021be nutritive menite s\u0103 rezolve...\" \/>\n<meta property=\"og:url\" content=\"https:\/\/shopatoa.com\/ro\/evo-fabuloso-colour-boosting-treatment-balsam-pentru-a-evidentia-culoarea-parului-culoare-cool-brown-220-ml\/\" \/>\n<meta property=\"og:site_name\" content=\"SHOPATOA\" \/>\n<meta property=\"article:modified_time\" content=\"2025-11-07T06:25:27+00:00\" \/>\n<meta property=\"og:image\" content=\"https:\/\/storage.googleapis.com\/cz-shopatoa-img\/ro\/885fb80a-unnamed-file.webp\" \/>\n\t<meta property=\"og:image:width\" content=\"800\" \/>\n\t<meta property=\"og:image:height\" content=\"800\" \/>\n\t<meta property=\"og:image:type\" content=\"image\/webp\" \/>\n<meta name=\"twitter:card\" content=\"summary_large_image\" \/>\n<meta name=\"twitter:label1\" content=\"Timp estimat pentru citire\" \/>\n\t<meta name=\"twitter:data1\" content=\"1 minut\" \/>\n<script type=\"application\/ld+json\" class=\"yoast-schema-graph\">{\"@context\":\"https:\\\/\\\/schema.org\",\"@graph\":[{\"@type\":\"WebPage\",\"@id\":\"https:\\\/\\\/shopatoa.com\\\/ro\\\/evo-fabuloso-colour-boosting-treatment-balsam-pentru-a-evidentia-culoarea-parului-culoare-cool-brown-220-ml\\\/\",\"url\":\"https:\\\/\\\/shopatoa.com\\\/ro\\\/evo-fabuloso-colour-boosting-treatment-balsam-pentru-a-evidentia-culoarea-parului-culoare-cool-brown-220-ml\\\/\",\"name\":\"EVO Fabuloso Colour Boosting Treatment balsam pentru a evidentia culoarea parului culoare Cool Brown 220 ml - SHOPATOA.COM\",\"isPartOf\":{\"@id\":\"https:\\\/\\\/shopatoa.com\\\/ro\\\/#website\"},\"primaryImageOfPage\":{\"@id\":\"https:\\\/\\\/shopatoa.com\\\/ro\\\/evo-fabuloso-colour-boosting-treatment-balsam-pentru-a-evidentia-culoarea-parului-culoare-cool-brown-220-ml\\\/#primaryimage\"},\"image\":{\"@id\":\"https:\\\/\\\/shopatoa.com\\\/ro\\\/evo-fabuloso-colour-boosting-treatment-balsam-pentru-a-evidentia-culoarea-parului-culoare-cool-brown-220-ml\\\/#primaryimage\"},\"thumbnailUrl\":\"https:\\\/\\\/storage.googleapis.com\\\/cz-shopatoa-img\\\/ro\\\/885fb80a-unnamed-file.webp\",\"datePublished\":\"2025-06-21T11:51:25+00:00\",\"dateModified\":\"2025-11-07T06:25:27+00:00\",\"breadcrumb\":{\"@id\":\"https:\\\/\\\/shopatoa.com\\\/ro\\\/evo-fabuloso-colour-boosting-treatment-balsam-pentru-a-evidentia-culoarea-parului-culoare-cool-brown-220-ml\\\/#breadcrumb\"},\"inLanguage\":\"ro-RO\",\"potentialAction\":[{\"@type\":\"ReadAction\",\"target\":[\"https:\\\/\\\/shopatoa.com\\\/ro\\\/evo-fabuloso-colour-boosting-treatment-balsam-pentru-a-evidentia-culoarea-parului-culoare-cool-brown-220-ml\\\/\"]}]},{\"@type\":\"ImageObject\",\"inLanguage\":\"ro-RO\",\"@id\":\"https:\\\/\\\/shopatoa.com\\\/ro\\\/evo-fabuloso-colour-boosting-treatment-balsam-pentru-a-evidentia-culoarea-parului-culoare-cool-brown-220-ml\\\/#primaryimage\",\"url\":\"https:\\\/\\\/storage.googleapis.com\\\/cz-shopatoa-img\\\/ro\\\/885fb80a-unnamed-file.webp\",\"contentUrl\":\"https:\\\/\\\/storage.googleapis.com\\\/cz-shopatoa-img\\\/ro\\\/885fb80a-unnamed-file.webp\",\"width\":800,\"height\":800},{\"@type\":\"BreadcrumbList\",\"@id\":\"https:\\\/\\\/shopatoa.com\\\/ro\\\/evo-fabuloso-colour-boosting-treatment-balsam-pentru-a-evidentia-culoarea-parului-culoare-cool-brown-220-ml\\\/#breadcrumb\",\"itemListElement\":[{\"@type\":\"ListItem\",\"position\":1,\"name\":\"Dom\u016f\",\"item\":\"https:\\\/\\\/shopatoa.com\\\/ro\\\/\"},{\"@type\":\"ListItem\",\"position\":2,\"name\":\"Shop\",\"item\":\"https:\\\/\\\/shopatoa.com\\\/ro\\\/shop\\\/\"},{\"@type\":\"ListItem\",\"position\":3,\"name\":\"S\u0103n\u0103tate \u0219i frumuse\u021be\",\"item\":\"https:\\\/\\\/shopatoa.com\\\/ro\\\/sanatate-si-frumusete\\\/\"},{\"@type\":\"ListItem\",\"position\":4,\"name\":\"\u00cengrijire personal\u0103\",\"item\":\"https:\\\/\\\/shopatoa.com\\\/ro\\\/ingrijire-personala\\\/\"},{\"@type\":\"ListItem\",\"position\":5,\"name\":\"Cosmetice\",\"item\":\"https:\\\/\\\/shopatoa.com\\\/ro\\\/cosmetice-ingrijire-personala\\\/\"},{\"@type\":\"ListItem\",\"position\":6,\"name\":\"\u00cengrijirea pielii\",\"item\":\"https:\\\/\\\/shopatoa.com\\\/ro\\\/ingrijirea-pielii\\\/\"},{\"@type\":\"ListItem\",\"position\":7,\"name\":\"M\u0103\u0219ti \u0219i peelings pentru ten\",\"item\":\"https:\\\/\\\/shopatoa.com\\\/ro\\\/masti-si-peelings-pentru-ten\\\/\"},{\"@type\":\"ListItem\",\"position\":8,\"name\":\"EVO Fabuloso Colour Boosting Treatment balsam pentru a evidentia culoarea parului culoare Cool Brown 220 ml\"}]},{\"@type\":\"WebSite\",\"@id\":\"https:\\\/\\\/shopatoa.com\\\/ro\\\/#website\",\"url\":\"https:\\\/\\\/shopatoa.com\\\/ro\\\/\",\"name\":\"SHOPATOA\",\"description\":\"\",\"publisher\":{\"@id\":\"https:\\\/\\\/shopatoa.com\\\/ro\\\/#organization\"},\"potentialAction\":[{\"@type\":\"SearchAction\",\"target\":{\"@type\":\"EntryPoint\",\"urlTemplate\":\"https:\\\/\\\/shopatoa.com\\\/ro\\\/?s={search_term_string}\"},\"query-input\":{\"@type\":\"PropertyValueSpecification\",\"valueRequired\":true,\"valueName\":\"search_term_string\"}}],\"inLanguage\":\"ro-RO\"},{\"@type\":\"Organization\",\"@id\":\"https:\\\/\\\/shopatoa.com\\\/ro\\\/#organization\",\"name\":\"SHOPATOA\",\"url\":\"https:\\\/\\\/shopatoa.com\\\/ro\\\/\",\"logo\":{\"@type\":\"ImageObject\",\"inLanguage\":\"ro-RO\",\"@id\":\"https:\\\/\\\/shopatoa.com\\\/ro\\\/#\\\/schema\\\/logo\\\/image\\\/\",\"url\":\"https:\\\/\\\/storage.googleapis.com\\\/cz-shopatoa-img\\\/ro\\\/b4dac915-shopatoa_logo.png\",\"contentUrl\":\"https:\\\/\\\/storage.googleapis.com\\\/cz-shopatoa-img\\\/ro\\\/b4dac915-shopatoa_logo.png\",\"width\":416,\"height\":63,\"caption\":\"SHOPATOA\"},\"image\":{\"@id\":\"https:\\\/\\\/shopatoa.com\\\/ro\\\/#\\\/schema\\\/logo\\\/image\\\/\"}}]}<\/script>\n<!-- \/ Yoast SEO plugin. -->","yoast_head_json":{"title":"EVO Fabuloso Colour Boosting Treatment balsam pentru a evidentia culoarea parului culoare Cool Brown 220 ml - SHOPATOA.COM","robots":{"index":"index","follow":"follow","max-snippet":"max-snippet:-1","max-image-preview":"max-image-preview:large","max-video-preview":"max-video-preview:-1"},"canonical":"https:\/\/shopatoa.com\/ro\/evo-fabuloso-colour-boosting-treatment-balsam-pentru-a-evidentia-culoarea-parului-culoare-cool-brown-220-ml\/","og_locale":"ro_RO","og_type":"article","og_title":"EVO Fabuloso Colour Boosting Treatment balsam pentru a evidentia culoarea parului culoare Cool Brown 220 ml - SHOPATOA.COM","og_description":"EVO Fabuloso Colour Boosting Treatment, 220 ml, Nuan\u021batoare de p\u0103r pentru femei, Sim\u021bi\u021bi c\u0103 p\u0103rul dvs. are nevoie de o \u00eengrijire mai intens\u0103 dec\u00e2t v\u0103 pot oferi condi\u021bionerele sau balsamurile? Masca de p\u0103r EVO Fabuloso Colour Boosting Treatment v\u0103 va completa de minute rutina de \u00eengrijire. Datorit\u0103 concentra\u021biei ridicate de substan\u021be nutritive menite s\u0103 rezolve...","og_url":"https:\/\/shopatoa.com\/ro\/evo-fabuloso-colour-boosting-treatment-balsam-pentru-a-evidentia-culoarea-parului-culoare-cool-brown-220-ml\/","og_site_name":"SHOPATOA","article_modified_time":"2025-11-07T06:25:27+00:00","og_image":[{"width":800,"height":800,"url":"https:\/\/storage.googleapis.com\/cz-shopatoa-img\/ro\/885fb80a-unnamed-file.webp","type":"image\/webp"}],"twitter_card":"summary_large_image","twitter_misc":{"Timp estimat pentru citire":"1 minut"},"schema":{"@context":"https:\/\/schema.org","@graph":[{"@type":"WebPage","@id":"https:\/\/shopatoa.com\/ro\/evo-fabuloso-colour-boosting-treatment-balsam-pentru-a-evidentia-culoarea-parului-culoare-cool-brown-220-ml\/","url":"https:\/\/shopatoa.com\/ro\/evo-fabuloso-colour-boosting-treatment-balsam-pentru-a-evidentia-culoarea-parului-culoare-cool-brown-220-ml\/","name":"EVO Fabuloso Colour Boosting Treatment balsam pentru a evidentia culoarea parului culoare Cool Brown 220 ml - SHOPATOA.COM","isPartOf":{"@id":"https:\/\/shopatoa.com\/ro\/#website"},"primaryImageOfPage":{"@id":"https:\/\/shopatoa.com\/ro\/evo-fabuloso-colour-boosting-treatment-balsam-pentru-a-evidentia-culoarea-parului-culoare-cool-brown-220-ml\/#primaryimage"},"image":{"@id":"https:\/\/shopatoa.com\/ro\/evo-fabuloso-colour-boosting-treatment-balsam-pentru-a-evidentia-culoarea-parului-culoare-cool-brown-220-ml\/#primaryimage"},"thumbnailUrl":"https:\/\/storage.googleapis.com\/cz-shopatoa-img\/ro\/885fb80a-unnamed-file.webp","datePublished":"2025-06-21T11:51:25+00:00","dateModified":"2025-11-07T06:25:27+00:00","breadcrumb":{"@id":"https:\/\/shopatoa.com\/ro\/evo-fabuloso-colour-boosting-treatment-balsam-pentru-a-evidentia-culoarea-parului-culoare-cool-brown-220-ml\/#breadcrumb"},"inLanguage":"ro-RO","potentialAction":[{"@type":"ReadAction","target":["https:\/\/shopatoa.com\/ro\/evo-fabuloso-colour-boosting-treatment-balsam-pentru-a-evidentia-culoarea-parului-culoare-cool-brown-220-ml\/"]}]},{"@type":"ImageObject","inLanguage":"ro-RO","@id":"https:\/\/shopatoa.com\/ro\/evo-fabuloso-colour-boosting-treatment-balsam-pentru-a-evidentia-culoarea-parului-culoare-cool-brown-220-ml\/#primaryimage","url":"https:\/\/storage.googleapis.com\/cz-shopatoa-img\/ro\/885fb80a-unnamed-file.webp","contentUrl":"https:\/\/storage.googleapis.com\/cz-shopatoa-img\/ro\/885fb80a-unnamed-file.webp","width":800,"height":800},{"@type":"BreadcrumbList","@id":"https:\/\/shopatoa.com\/ro\/evo-fabuloso-colour-boosting-treatment-balsam-pentru-a-evidentia-culoarea-parului-culoare-cool-brown-220-ml\/#breadcrumb","itemListElement":[{"@type":"ListItem","position":1,"name":"Dom\u016f","item":"https:\/\/shopatoa.com\/ro\/"},{"@type":"ListItem","position":2,"name":"Shop","item":"https:\/\/shopatoa.com\/ro\/shop\/"},{"@type":"ListItem","position":3,"name":"S\u0103n\u0103tate \u0219i frumuse\u021be","item":"https:\/\/shopatoa.com\/ro\/sanatate-si-frumusete\/"},{"@type":"ListItem","position":4,"name":"\u00cengrijire personal\u0103","item":"https:\/\/shopatoa.com\/ro\/ingrijire-personala\/"},{"@type":"ListItem","position":5,"name":"Cosmetice","item":"https:\/\/shopatoa.com\/ro\/cosmetice-ingrijire-personala\/"},{"@type":"ListItem","position":6,"name":"\u00cengrijirea pielii","item":"https:\/\/shopatoa.com\/ro\/ingrijirea-pielii\/"},{"@type":"ListItem","position":7,"name":"M\u0103\u0219ti \u0219i peelings pentru ten","item":"https:\/\/shopatoa.com\/ro\/masti-si-peelings-pentru-ten\/"},{"@type":"ListItem","position":8,"name":"EVO Fabuloso Colour Boosting Treatment balsam pentru a evidentia culoarea parului culoare Cool Brown 220 ml"}]},{"@type":"WebSite","@id":"https:\/\/shopatoa.com\/ro\/#website","url":"https:\/\/shopatoa.com\/ro\/","name":"SHOPATOA","description":"","publisher":{"@id":"https:\/\/shopatoa.com\/ro\/#organization"},"potentialAction":[{"@type":"SearchAction","target":{"@type":"EntryPoint","urlTemplate":"https:\/\/shopatoa.com\/ro\/?s={search_term_string}"},"query-input":{"@type":"PropertyValueSpecification","valueRequired":true,"valueName":"search_term_string"}}],"inLanguage":"ro-RO"},{"@type":"Organization","@id":"https:\/\/shopatoa.com\/ro\/#organization","name":"SHOPATOA","url":"https:\/\/shopatoa.com\/ro\/","logo":{"@type":"ImageObject","inLanguage":"ro-RO","@id":"https:\/\/shopatoa.com\/ro\/#\/schema\/logo\/image\/","url":"https:\/\/storage.googleapis.com\/cz-shopatoa-img\/ro\/b4dac915-shopatoa_logo.png","contentUrl":"https:\/\/storage.googleapis.com\/cz-shopatoa-img\/ro\/b4dac915-shopatoa_logo.png","width":416,"height":63,"caption":"SHOPATOA"},"image":{"@id":"https:\/\/shopatoa.com\/ro\/#\/schema\/logo\/image\/"}}]}},"_links":{"self":[{"href":"https:\/\/shopatoa.com\/ro\/wp-json\/wp\/v2\/product\/422740","targetHints":{"allow":["GET"]}}],"collection":[{"href":"https:\/\/shopatoa.com\/ro\/wp-json\/wp\/v2\/product"}],"about":[{"href":"https:\/\/shopatoa.com\/ro\/wp-json\/wp\/v2\/types\/product"}],"replies":[{"embeddable":true,"href":"https:\/\/shopatoa.com\/ro\/wp-json\/wp\/v2\/comments?post=422740"}],"wp:featuredmedia":[{"embeddable":true,"href":"https:\/\/shopatoa.com\/ro\/wp-json\/wp\/v2\/media\/422741"}],"wp:attachment":[{"href":"https:\/\/shopatoa.com\/ro\/wp-json\/wp\/v2\/media?parent=422740"}],"wp:term":[{"taxonomy":"product_brand","embeddable":true,"href":"https:\/\/shopatoa.com\/ro\/wp-json\/wp\/v2\/product_brand?post=422740"},{"taxonomy":"product_cat","embeddable":true,"href":"https:\/\/shopatoa.com\/ro\/wp-json\/wp\/v2\/product_cat?post=422740"},{"taxonomy":"product_tag","embeddable":true,"href":"https:\/\/shopatoa.com\/ro\/wp-json\/wp\/v2\/product_tag?post=422740"}],"curies":[{"name":"wp","href":"https:\/\/api.w.org\/{rel}","templated":true}]}}