{"id":423116,"date":"2025-06-21T14:34:56","date_gmt":"2025-06-21T12:34:56","guid":{"rendered":"https:\/\/shopatoa.com\/ro\/zoe-ayla-ultimate-hair-care-set-set-cadou-pentru-par-2\/"},"modified":"2025-12-13T08:12:39","modified_gmt":"2025-12-13T07:12:39","slug":"zoe-ayla-ultimate-hair-care-set-set-cadou-pentru-par-2","status":"publish","type":"product","link":"https:\/\/shopatoa.com\/ro\/zoe-ayla-ultimate-hair-care-set-set-cadou-pentru-par-2\/","title":{"rendered":"Zo\u00eb Ayla Ultimate Hair Care Set set cadou pentru p\u0103r"},"content":{"rendered":"<p>Zo\u00eb Ayla Ultimate Hair Care Set, 3 buc, Accesorii pentru p\u0103r pentru femei, \u00cengrijirea p\u0103rului nu \u00eenseamn\u0103 doar \u0219ampoane, balsamuri, m\u0103\u0219ti, produse tonice pentru p\u0103r \u0219i seruri. Rutina dvs. poate fi \u00eembun\u0103t\u0103\u021bit\u0103 prin diverse tipuri de accesorii cosmetice speciale. Produsul Zo\u00eb Ayla Ultimate Hair Care Set v\u0103 va ajuta cu rutina obi\u0219nuit\u0103 de \u00eengrijire, fiind o completare excelent\u0103 a produselor cosmetice pe care le folosi\u021bi deja. V\u0103 va face p\u0103rul \u0219i coafurile pe care le crea\u021bi s\u0103 arate mai frumoase.  Setul con\u021bine:  prosop pentru p\u0103r 1 buc perie de par 1 buc perie pentru masaj pentru par si scalp 1 buc  Caracteristici:  neagresiv fa\u021b\u0103 de p\u0103r sau piele previne ruperea \u0219i despicarea p\u0103rului rezist\u0103 \u00een locul unde a fost plasat<\/p>\n","protected":false},"excerpt":{"rendered":"<p>Zo\u00eb Ayla Ultimate Hair Care Set, 3 buc, Accesorii pentru p\u0103r pentru femei, \u00cengrijirea p\u0103rului nu \u00eenseamn\u0103 doar \u0219ampoane, balsamuri, m\u0103\u0219ti, produse tonice pentru p\u0103r \u0219i seruri. Rutina dvs. poate fi \u00eembun\u0103t\u0103\u021bit\u0103 prin diverse tipuri de accesorii cosmetice speciale. Produsul Zo\u00eb Ayla Ultimate Hair Care Set v\u0103 va ajuta cu rutina obi\u0219nuit\u0103 de \u00eengrijire, fiind&#8230;<\/p>\n","protected":false},"featured_media":423117,"comment_status":"closed","ping_status":"open","template":"","meta":{"_acf_changed":false,"_kadence_starter_templates_imported_post":false,"_kad_post_transparent":"","_kad_post_title":"","_kad_post_layout":"","_kad_post_sidebar_id":"","_kad_post_content_style":"","_kad_post_vertical_padding":"","_kad_post_feature":"","_kad_post_feature_position":"","_kad_post_header":false,"_kad_post_footer":false,"_kad_post_classname":""},"product_brand":[2850],"product_cat":[1563,1590,1652,1653,1562],"product_tag":[],"class_list":{"0":"post-423116","1":"product","2":"type-product","3":"status-publish","4":"has-post-thumbnail","6":"product_brand-zoe-ayla","7":"product_cat-ingrijire-personala","8":"product_cat-ingrijirea-parului","9":"product_cat-instrumente-de-coafat","10":"product_cat-piepteni-si-perii","11":"product_cat-sanatate-si-frumusete","12":"pa_gen-female","13":"pa_marime-3-buc","15":"first","16":"instock","17":"sale","18":"product-type-external","19":"entry","20":"content-bg","21":"loop-entry"},"acf":[],"yoast_head":"<!-- This site is optimized with the Yoast SEO plugin v27.4 - https:\/\/yoast.com\/product\/yoast-seo-wordpress\/ -->\n<title>Zo\u00eb Ayla Ultimate Hair Care Set set cadou pentru p\u0103r - SHOPATOA.COM<\/title>\n<meta name=\"robots\" content=\"index, follow, max-snippet:-1, max-image-preview:large, max-video-preview:-1\" \/>\n<link rel=\"canonical\" href=\"https:\/\/shopatoa.com\/ro\/zoe-ayla-ultimate-hair-care-set-set-cadou-pentru-par-2\/\" \/>\n<meta property=\"og:locale\" content=\"ro_RO\" \/>\n<meta property=\"og:type\" content=\"article\" \/>\n<meta property=\"og:title\" content=\"Zo\u00eb Ayla Ultimate Hair Care Set set cadou pentru p\u0103r - SHOPATOA.COM\" \/>\n<meta property=\"og:description\" content=\"Zo\u00eb Ayla Ultimate Hair Care Set, 3 buc, Accesorii pentru p\u0103r pentru femei, \u00cengrijirea p\u0103rului nu \u00eenseamn\u0103 doar \u0219ampoane, balsamuri, m\u0103\u0219ti, produse tonice pentru p\u0103r \u0219i seruri. Rutina dvs. poate fi \u00eembun\u0103t\u0103\u021bit\u0103 prin diverse tipuri de accesorii cosmetice speciale. Produsul Zo\u00eb Ayla Ultimate Hair Care Set v\u0103 va ajuta cu rutina obi\u0219nuit\u0103 de \u00eengrijire, fiind...\" \/>\n<meta property=\"og:url\" content=\"https:\/\/shopatoa.com\/ro\/zoe-ayla-ultimate-hair-care-set-set-cadou-pentru-par-2\/\" \/>\n<meta property=\"og:site_name\" content=\"SHOPATOA\" \/>\n<meta property=\"article:modified_time\" content=\"2025-12-13T07:12:39+00:00\" \/>\n<meta property=\"og:image\" content=\"https:\/\/storage.googleapis.com\/cz-shopatoa-img\/ro\/0dfc5aad-unnamed-file.webp\" \/>\n\t<meta property=\"og:image:width\" content=\"800\" \/>\n\t<meta property=\"og:image:height\" content=\"800\" \/>\n\t<meta property=\"og:image:type\" content=\"image\/webp\" \/>\n<meta name=\"twitter:card\" content=\"summary_large_image\" \/>\n<meta name=\"twitter:label1\" content=\"Timp estimat pentru citire\" \/>\n\t<meta name=\"twitter:data1\" content=\"1 minut\" \/>\n<script type=\"application\/ld+json\" class=\"yoast-schema-graph\">{\"@context\":\"https:\\\/\\\/schema.org\",\"@graph\":[{\"@type\":\"WebPage\",\"@id\":\"https:\\\/\\\/shopatoa.com\\\/ro\\\/zoe-ayla-ultimate-hair-care-set-set-cadou-pentru-par-2\\\/\",\"url\":\"https:\\\/\\\/shopatoa.com\\\/ro\\\/zoe-ayla-ultimate-hair-care-set-set-cadou-pentru-par-2\\\/\",\"name\":\"Zo\u00eb Ayla Ultimate Hair Care Set set cadou pentru p\u0103r - SHOPATOA.COM\",\"isPartOf\":{\"@id\":\"https:\\\/\\\/shopatoa.com\\\/ro\\\/#website\"},\"primaryImageOfPage\":{\"@id\":\"https:\\\/\\\/shopatoa.com\\\/ro\\\/zoe-ayla-ultimate-hair-care-set-set-cadou-pentru-par-2\\\/#primaryimage\"},\"image\":{\"@id\":\"https:\\\/\\\/shopatoa.com\\\/ro\\\/zoe-ayla-ultimate-hair-care-set-set-cadou-pentru-par-2\\\/#primaryimage\"},\"thumbnailUrl\":\"https:\\\/\\\/storage.googleapis.com\\\/cz-shopatoa-img\\\/ro\\\/0dfc5aad-unnamed-file.webp\",\"datePublished\":\"2025-06-21T12:34:56+00:00\",\"dateModified\":\"2025-12-13T07:12:39+00:00\",\"breadcrumb\":{\"@id\":\"https:\\\/\\\/shopatoa.com\\\/ro\\\/zoe-ayla-ultimate-hair-care-set-set-cadou-pentru-par-2\\\/#breadcrumb\"},\"inLanguage\":\"ro-RO\",\"potentialAction\":[{\"@type\":\"ReadAction\",\"target\":[\"https:\\\/\\\/shopatoa.com\\\/ro\\\/zoe-ayla-ultimate-hair-care-set-set-cadou-pentru-par-2\\\/\"]}]},{\"@type\":\"ImageObject\",\"inLanguage\":\"ro-RO\",\"@id\":\"https:\\\/\\\/shopatoa.com\\\/ro\\\/zoe-ayla-ultimate-hair-care-set-set-cadou-pentru-par-2\\\/#primaryimage\",\"url\":\"https:\\\/\\\/storage.googleapis.com\\\/cz-shopatoa-img\\\/ro\\\/0dfc5aad-unnamed-file.webp\",\"contentUrl\":\"https:\\\/\\\/storage.googleapis.com\\\/cz-shopatoa-img\\\/ro\\\/0dfc5aad-unnamed-file.webp\",\"width\":800,\"height\":800},{\"@type\":\"BreadcrumbList\",\"@id\":\"https:\\\/\\\/shopatoa.com\\\/ro\\\/zoe-ayla-ultimate-hair-care-set-set-cadou-pentru-par-2\\\/#breadcrumb\",\"itemListElement\":[{\"@type\":\"ListItem\",\"position\":1,\"name\":\"Dom\u016f\",\"item\":\"https:\\\/\\\/shopatoa.com\\\/ro\\\/\"},{\"@type\":\"ListItem\",\"position\":2,\"name\":\"Shop\",\"item\":\"https:\\\/\\\/shopatoa.com\\\/ro\\\/shop\\\/\"},{\"@type\":\"ListItem\",\"position\":3,\"name\":\"S\u0103n\u0103tate \u0219i frumuse\u021be\",\"item\":\"https:\\\/\\\/shopatoa.com\\\/ro\\\/sanatate-si-frumusete\\\/\"},{\"@type\":\"ListItem\",\"position\":4,\"name\":\"\u00cengrijire personal\u0103\",\"item\":\"https:\\\/\\\/shopatoa.com\\\/ro\\\/ingrijire-personala\\\/\"},{\"@type\":\"ListItem\",\"position\":5,\"name\":\"\u00cengrijirea p\u0103rului\",\"item\":\"https:\\\/\\\/shopatoa.com\\\/ro\\\/ingrijirea-parului\\\/\"},{\"@type\":\"ListItem\",\"position\":6,\"name\":\"Instrumente de coafat\",\"item\":\"https:\\\/\\\/shopatoa.com\\\/ro\\\/instrumente-de-coafat\\\/\"},{\"@type\":\"ListItem\",\"position\":7,\"name\":\"Piepteni \u0219i perii\",\"item\":\"https:\\\/\\\/shopatoa.com\\\/ro\\\/piepteni-si-perii\\\/\"},{\"@type\":\"ListItem\",\"position\":8,\"name\":\"Zo\u00eb Ayla Ultimate Hair Care Set set cadou pentru p\u0103r\"}]},{\"@type\":\"WebSite\",\"@id\":\"https:\\\/\\\/shopatoa.com\\\/ro\\\/#website\",\"url\":\"https:\\\/\\\/shopatoa.com\\\/ro\\\/\",\"name\":\"SHOPATOA\",\"description\":\"\",\"publisher\":{\"@id\":\"https:\\\/\\\/shopatoa.com\\\/ro\\\/#organization\"},\"potentialAction\":[{\"@type\":\"SearchAction\",\"target\":{\"@type\":\"EntryPoint\",\"urlTemplate\":\"https:\\\/\\\/shopatoa.com\\\/ro\\\/?s={search_term_string}\"},\"query-input\":{\"@type\":\"PropertyValueSpecification\",\"valueRequired\":true,\"valueName\":\"search_term_string\"}}],\"inLanguage\":\"ro-RO\"},{\"@type\":\"Organization\",\"@id\":\"https:\\\/\\\/shopatoa.com\\\/ro\\\/#organization\",\"name\":\"SHOPATOA\",\"url\":\"https:\\\/\\\/shopatoa.com\\\/ro\\\/\",\"logo\":{\"@type\":\"ImageObject\",\"inLanguage\":\"ro-RO\",\"@id\":\"https:\\\/\\\/shopatoa.com\\\/ro\\\/#\\\/schema\\\/logo\\\/image\\\/\",\"url\":\"https:\\\/\\\/storage.googleapis.com\\\/cz-shopatoa-img\\\/ro\\\/b4dac915-shopatoa_logo.png\",\"contentUrl\":\"https:\\\/\\\/storage.googleapis.com\\\/cz-shopatoa-img\\\/ro\\\/b4dac915-shopatoa_logo.png\",\"width\":416,\"height\":63,\"caption\":\"SHOPATOA\"},\"image\":{\"@id\":\"https:\\\/\\\/shopatoa.com\\\/ro\\\/#\\\/schema\\\/logo\\\/image\\\/\"}}]}<\/script>\n<!-- \/ Yoast SEO plugin. -->","yoast_head_json":{"title":"Zo\u00eb Ayla Ultimate Hair Care Set set cadou pentru p\u0103r - SHOPATOA.COM","robots":{"index":"index","follow":"follow","max-snippet":"max-snippet:-1","max-image-preview":"max-image-preview:large","max-video-preview":"max-video-preview:-1"},"canonical":"https:\/\/shopatoa.com\/ro\/zoe-ayla-ultimate-hair-care-set-set-cadou-pentru-par-2\/","og_locale":"ro_RO","og_type":"article","og_title":"Zo\u00eb Ayla Ultimate Hair Care Set set cadou pentru p\u0103r - SHOPATOA.COM","og_description":"Zo\u00eb Ayla Ultimate Hair Care Set, 3 buc, Accesorii pentru p\u0103r pentru femei, \u00cengrijirea p\u0103rului nu \u00eenseamn\u0103 doar \u0219ampoane, balsamuri, m\u0103\u0219ti, produse tonice pentru p\u0103r \u0219i seruri. Rutina dvs. poate fi \u00eembun\u0103t\u0103\u021bit\u0103 prin diverse tipuri de accesorii cosmetice speciale. Produsul Zo\u00eb Ayla Ultimate Hair Care Set v\u0103 va ajuta cu rutina obi\u0219nuit\u0103 de \u00eengrijire, fiind...","og_url":"https:\/\/shopatoa.com\/ro\/zoe-ayla-ultimate-hair-care-set-set-cadou-pentru-par-2\/","og_site_name":"SHOPATOA","article_modified_time":"2025-12-13T07:12:39+00:00","og_image":[{"width":800,"height":800,"url":"https:\/\/storage.googleapis.com\/cz-shopatoa-img\/ro\/0dfc5aad-unnamed-file.webp","type":"image\/webp"}],"twitter_card":"summary_large_image","twitter_misc":{"Timp estimat pentru citire":"1 minut"},"schema":{"@context":"https:\/\/schema.org","@graph":[{"@type":"WebPage","@id":"https:\/\/shopatoa.com\/ro\/zoe-ayla-ultimate-hair-care-set-set-cadou-pentru-par-2\/","url":"https:\/\/shopatoa.com\/ro\/zoe-ayla-ultimate-hair-care-set-set-cadou-pentru-par-2\/","name":"Zo\u00eb Ayla Ultimate Hair Care Set set cadou pentru p\u0103r - SHOPATOA.COM","isPartOf":{"@id":"https:\/\/shopatoa.com\/ro\/#website"},"primaryImageOfPage":{"@id":"https:\/\/shopatoa.com\/ro\/zoe-ayla-ultimate-hair-care-set-set-cadou-pentru-par-2\/#primaryimage"},"image":{"@id":"https:\/\/shopatoa.com\/ro\/zoe-ayla-ultimate-hair-care-set-set-cadou-pentru-par-2\/#primaryimage"},"thumbnailUrl":"https:\/\/storage.googleapis.com\/cz-shopatoa-img\/ro\/0dfc5aad-unnamed-file.webp","datePublished":"2025-06-21T12:34:56+00:00","dateModified":"2025-12-13T07:12:39+00:00","breadcrumb":{"@id":"https:\/\/shopatoa.com\/ro\/zoe-ayla-ultimate-hair-care-set-set-cadou-pentru-par-2\/#breadcrumb"},"inLanguage":"ro-RO","potentialAction":[{"@type":"ReadAction","target":["https:\/\/shopatoa.com\/ro\/zoe-ayla-ultimate-hair-care-set-set-cadou-pentru-par-2\/"]}]},{"@type":"ImageObject","inLanguage":"ro-RO","@id":"https:\/\/shopatoa.com\/ro\/zoe-ayla-ultimate-hair-care-set-set-cadou-pentru-par-2\/#primaryimage","url":"https:\/\/storage.googleapis.com\/cz-shopatoa-img\/ro\/0dfc5aad-unnamed-file.webp","contentUrl":"https:\/\/storage.googleapis.com\/cz-shopatoa-img\/ro\/0dfc5aad-unnamed-file.webp","width":800,"height":800},{"@type":"BreadcrumbList","@id":"https:\/\/shopatoa.com\/ro\/zoe-ayla-ultimate-hair-care-set-set-cadou-pentru-par-2\/#breadcrumb","itemListElement":[{"@type":"ListItem","position":1,"name":"Dom\u016f","item":"https:\/\/shopatoa.com\/ro\/"},{"@type":"ListItem","position":2,"name":"Shop","item":"https:\/\/shopatoa.com\/ro\/shop\/"},{"@type":"ListItem","position":3,"name":"S\u0103n\u0103tate \u0219i frumuse\u021be","item":"https:\/\/shopatoa.com\/ro\/sanatate-si-frumusete\/"},{"@type":"ListItem","position":4,"name":"\u00cengrijire personal\u0103","item":"https:\/\/shopatoa.com\/ro\/ingrijire-personala\/"},{"@type":"ListItem","position":5,"name":"\u00cengrijirea p\u0103rului","item":"https:\/\/shopatoa.com\/ro\/ingrijirea-parului\/"},{"@type":"ListItem","position":6,"name":"Instrumente de coafat","item":"https:\/\/shopatoa.com\/ro\/instrumente-de-coafat\/"},{"@type":"ListItem","position":7,"name":"Piepteni \u0219i perii","item":"https:\/\/shopatoa.com\/ro\/piepteni-si-perii\/"},{"@type":"ListItem","position":8,"name":"Zo\u00eb Ayla Ultimate Hair Care Set set cadou pentru p\u0103r"}]},{"@type":"WebSite","@id":"https:\/\/shopatoa.com\/ro\/#website","url":"https:\/\/shopatoa.com\/ro\/","name":"SHOPATOA","description":"","publisher":{"@id":"https:\/\/shopatoa.com\/ro\/#organization"},"potentialAction":[{"@type":"SearchAction","target":{"@type":"EntryPoint","urlTemplate":"https:\/\/shopatoa.com\/ro\/?s={search_term_string}"},"query-input":{"@type":"PropertyValueSpecification","valueRequired":true,"valueName":"search_term_string"}}],"inLanguage":"ro-RO"},{"@type":"Organization","@id":"https:\/\/shopatoa.com\/ro\/#organization","name":"SHOPATOA","url":"https:\/\/shopatoa.com\/ro\/","logo":{"@type":"ImageObject","inLanguage":"ro-RO","@id":"https:\/\/shopatoa.com\/ro\/#\/schema\/logo\/image\/","url":"https:\/\/storage.googleapis.com\/cz-shopatoa-img\/ro\/b4dac915-shopatoa_logo.png","contentUrl":"https:\/\/storage.googleapis.com\/cz-shopatoa-img\/ro\/b4dac915-shopatoa_logo.png","width":416,"height":63,"caption":"SHOPATOA"},"image":{"@id":"https:\/\/shopatoa.com\/ro\/#\/schema\/logo\/image\/"}}]}},"_links":{"self":[{"href":"https:\/\/shopatoa.com\/ro\/wp-json\/wp\/v2\/product\/423116","targetHints":{"allow":["GET"]}}],"collection":[{"href":"https:\/\/shopatoa.com\/ro\/wp-json\/wp\/v2\/product"}],"about":[{"href":"https:\/\/shopatoa.com\/ro\/wp-json\/wp\/v2\/types\/product"}],"replies":[{"embeddable":true,"href":"https:\/\/shopatoa.com\/ro\/wp-json\/wp\/v2\/comments?post=423116"}],"wp:featuredmedia":[{"embeddable":true,"href":"https:\/\/shopatoa.com\/ro\/wp-json\/wp\/v2\/media\/423117"}],"wp:attachment":[{"href":"https:\/\/shopatoa.com\/ro\/wp-json\/wp\/v2\/media?parent=423116"}],"wp:term":[{"taxonomy":"product_brand","embeddable":true,"href":"https:\/\/shopatoa.com\/ro\/wp-json\/wp\/v2\/product_brand?post=423116"},{"taxonomy":"product_cat","embeddable":true,"href":"https:\/\/shopatoa.com\/ro\/wp-json\/wp\/v2\/product_cat?post=423116"},{"taxonomy":"product_tag","embeddable":true,"href":"https:\/\/shopatoa.com\/ro\/wp-json\/wp\/v2\/product_tag?post=423116"}],"curies":[{"name":"wp","href":"https:\/\/api.w.org\/{rel}","templated":true}]}}