{"id":423118,"date":"2025-06-21T14:34:56","date_gmt":"2025-06-21T12:34:56","guid":{"rendered":"https:\/\/shopatoa.com\/ro\/martinelia-magic-ballet-nail-art-set-pentru-copii-3\/"},"modified":"2025-12-10T13:15:33","modified_gmt":"2025-12-10T12:15:33","slug":"martinelia-magic-ballet-nail-art-set-pentru-copii-3","status":"publish","type":"product","link":"https:\/\/shopatoa.com\/ro\/martinelia-magic-ballet-nail-art-set-pentru-copii-3\/","title":{"rendered":"Martinelia Magic Ballet Nail Art set pentru copii 3+"},"content":{"rendered":"<p>Martinelia Magic Ballet Nail Art, Oj\u0103 de unghii pentru copii pentru copii, Pe primul loc, distrac\u021bia. Produsul Martinelia Magic Ballet Nail Art amuz\u0103 copiii, le permite s\u0103 se simt\u0103 pentru scurt timp \u201eoameni mari\u201c, iar designul s\u0103u juc\u0103u\u0219 \u00eei garanteaz\u0103 succesul.  Caracteristici:  pentru micu\u021bii \u00een pas cu moda lac de unghii colorat se spal\u0103 u\u0219or cu ap\u0103  Setul con\u021bine:  lac de unghii 4&#215;4 ml folii autocolante pentru unghii 1 buc<\/p>\n","protected":false},"excerpt":{"rendered":"<p>Martinelia Magic Ballet Nail Art, Oj\u0103 de unghii pentru copii pentru copii, Pe primul loc, distrac\u021bia. Produsul Martinelia Magic Ballet Nail Art amuz\u0103 copiii, le permite s\u0103 se simt\u0103 pentru scurt timp \u201eoameni mari\u201c, iar designul s\u0103u juc\u0103u\u0219 \u00eei garanteaz\u0103 succesul. Caracteristici: pentru micu\u021bii \u00een pas cu moda lac de unghii colorat se spal\u0103 u\u0219or&#8230;<\/p>\n","protected":false},"featured_media":423119,"comment_status":"closed","ping_status":"open","template":"","meta":{"_acf_changed":false,"_kadence_starter_templates_imported_post":false,"_kad_post_transparent":"","_kad_post_title":"","_kad_post_layout":"","_kad_post_sidebar_id":"","_kad_post_content_style":"","_kad_post_vertical_padding":"","_kad_post_feature":"","_kad_post_feature_position":"","_kad_post_header":false,"_kad_post_footer":false,"_kad_post_classname":""},"product_brand":[2406],"product_cat":[1564,1563,1581,1585,1562],"product_tag":[],"class_list":{"0":"post-423118","1":"product","2":"type-product","3":"status-publish","4":"has-post-thumbnail","6":"product_brand-martinelia","7":"product_cat-cosmetice-ingrijire-personala","8":"product_cat-ingrijire-personala","9":"product_cat-ingrijirea-unghiilor","10":"product_cat-oje-de-unghii-ingrijirea-unghiilor","11":"product_cat-sanatate-si-frumusete","12":"pa_gen-unisex","14":"first","15":"instock","16":"product-type-external","17":"entry","18":"content-bg","19":"loop-entry"},"acf":[],"yoast_head":"<!-- This site is optimized with the Yoast SEO plugin v27.4 - https:\/\/yoast.com\/product\/yoast-seo-wordpress\/ -->\n<title>Martinelia Magic Ballet Nail Art set pentru copii 3+ - SHOPATOA.COM<\/title>\n<meta name=\"robots\" content=\"index, follow, max-snippet:-1, max-image-preview:large, max-video-preview:-1\" \/>\n<link rel=\"canonical\" href=\"https:\/\/shopatoa.com\/ro\/martinelia-magic-ballet-nail-art-set-pentru-copii-3\/\" \/>\n<meta property=\"og:locale\" content=\"ro_RO\" \/>\n<meta property=\"og:type\" content=\"article\" \/>\n<meta property=\"og:title\" content=\"Martinelia Magic Ballet Nail Art set pentru copii 3+ - SHOPATOA.COM\" \/>\n<meta property=\"og:description\" content=\"Martinelia Magic Ballet Nail Art, Oj\u0103 de unghii pentru copii pentru copii, Pe primul loc, distrac\u021bia. Produsul Martinelia Magic Ballet Nail Art amuz\u0103 copiii, le permite s\u0103 se simt\u0103 pentru scurt timp \u201eoameni mari\u201c, iar designul s\u0103u juc\u0103u\u0219 \u00eei garanteaz\u0103 succesul. Caracteristici: pentru micu\u021bii \u00een pas cu moda lac de unghii colorat se spal\u0103 u\u0219or...\" \/>\n<meta property=\"og:url\" content=\"https:\/\/shopatoa.com\/ro\/martinelia-magic-ballet-nail-art-set-pentru-copii-3\/\" \/>\n<meta property=\"og:site_name\" content=\"SHOPATOA\" \/>\n<meta property=\"article:modified_time\" content=\"2025-12-10T12:15:33+00:00\" \/>\n<meta property=\"og:image\" content=\"https:\/\/storage.googleapis.com\/cz-shopatoa-img\/ro\/9e1c0eaa-unnamed-file.webp\" \/>\n\t<meta property=\"og:image:width\" content=\"800\" \/>\n\t<meta property=\"og:image:height\" content=\"800\" \/>\n\t<meta property=\"og:image:type\" content=\"image\/webp\" \/>\n<meta name=\"twitter:card\" content=\"summary_large_image\" \/>\n<script type=\"application\/ld+json\" class=\"yoast-schema-graph\">{\"@context\":\"https:\\\/\\\/schema.org\",\"@graph\":[{\"@type\":\"WebPage\",\"@id\":\"https:\\\/\\\/shopatoa.com\\\/ro\\\/martinelia-magic-ballet-nail-art-set-pentru-copii-3\\\/\",\"url\":\"https:\\\/\\\/shopatoa.com\\\/ro\\\/martinelia-magic-ballet-nail-art-set-pentru-copii-3\\\/\",\"name\":\"Martinelia Magic Ballet Nail Art set pentru copii 3+ - SHOPATOA.COM\",\"isPartOf\":{\"@id\":\"https:\\\/\\\/shopatoa.com\\\/ro\\\/#website\"},\"primaryImageOfPage\":{\"@id\":\"https:\\\/\\\/shopatoa.com\\\/ro\\\/martinelia-magic-ballet-nail-art-set-pentru-copii-3\\\/#primaryimage\"},\"image\":{\"@id\":\"https:\\\/\\\/shopatoa.com\\\/ro\\\/martinelia-magic-ballet-nail-art-set-pentru-copii-3\\\/#primaryimage\"},\"thumbnailUrl\":\"https:\\\/\\\/storage.googleapis.com\\\/cz-shopatoa-img\\\/ro\\\/9e1c0eaa-unnamed-file.webp\",\"datePublished\":\"2025-06-21T12:34:56+00:00\",\"dateModified\":\"2025-12-10T12:15:33+00:00\",\"breadcrumb\":{\"@id\":\"https:\\\/\\\/shopatoa.com\\\/ro\\\/martinelia-magic-ballet-nail-art-set-pentru-copii-3\\\/#breadcrumb\"},\"inLanguage\":\"ro-RO\",\"potentialAction\":[{\"@type\":\"ReadAction\",\"target\":[\"https:\\\/\\\/shopatoa.com\\\/ro\\\/martinelia-magic-ballet-nail-art-set-pentru-copii-3\\\/\"]}]},{\"@type\":\"ImageObject\",\"inLanguage\":\"ro-RO\",\"@id\":\"https:\\\/\\\/shopatoa.com\\\/ro\\\/martinelia-magic-ballet-nail-art-set-pentru-copii-3\\\/#primaryimage\",\"url\":\"https:\\\/\\\/storage.googleapis.com\\\/cz-shopatoa-img\\\/ro\\\/9e1c0eaa-unnamed-file.webp\",\"contentUrl\":\"https:\\\/\\\/storage.googleapis.com\\\/cz-shopatoa-img\\\/ro\\\/9e1c0eaa-unnamed-file.webp\",\"width\":800,\"height\":800},{\"@type\":\"BreadcrumbList\",\"@id\":\"https:\\\/\\\/shopatoa.com\\\/ro\\\/martinelia-magic-ballet-nail-art-set-pentru-copii-3\\\/#breadcrumb\",\"itemListElement\":[{\"@type\":\"ListItem\",\"position\":1,\"name\":\"Dom\u016f\",\"item\":\"https:\\\/\\\/shopatoa.com\\\/ro\\\/\"},{\"@type\":\"ListItem\",\"position\":2,\"name\":\"Shop\",\"item\":\"https:\\\/\\\/shopatoa.com\\\/ro\\\/shop\\\/\"},{\"@type\":\"ListItem\",\"position\":3,\"name\":\"S\u0103n\u0103tate \u0219i frumuse\u021be\",\"item\":\"https:\\\/\\\/shopatoa.com\\\/ro\\\/sanatate-si-frumusete\\\/\"},{\"@type\":\"ListItem\",\"position\":4,\"name\":\"\u00cengrijire personal\u0103\",\"item\":\"https:\\\/\\\/shopatoa.com\\\/ro\\\/ingrijire-personala\\\/\"},{\"@type\":\"ListItem\",\"position\":5,\"name\":\"Cosmetice\",\"item\":\"https:\\\/\\\/shopatoa.com\\\/ro\\\/cosmetice-ingrijire-personala\\\/\"},{\"@type\":\"ListItem\",\"position\":6,\"name\":\"\u00cengrijirea unghiilor\",\"item\":\"https:\\\/\\\/shopatoa.com\\\/ro\\\/ingrijirea-unghiilor\\\/\"},{\"@type\":\"ListItem\",\"position\":7,\"name\":\"Oje de unghii\",\"item\":\"https:\\\/\\\/shopatoa.com\\\/ro\\\/oje-de-unghii-ingrijirea-unghiilor\\\/\"},{\"@type\":\"ListItem\",\"position\":8,\"name\":\"Martinelia Magic Ballet Nail Art set pentru copii 3+\"}]},{\"@type\":\"WebSite\",\"@id\":\"https:\\\/\\\/shopatoa.com\\\/ro\\\/#website\",\"url\":\"https:\\\/\\\/shopatoa.com\\\/ro\\\/\",\"name\":\"SHOPATOA\",\"description\":\"\",\"publisher\":{\"@id\":\"https:\\\/\\\/shopatoa.com\\\/ro\\\/#organization\"},\"potentialAction\":[{\"@type\":\"SearchAction\",\"target\":{\"@type\":\"EntryPoint\",\"urlTemplate\":\"https:\\\/\\\/shopatoa.com\\\/ro\\\/?s={search_term_string}\"},\"query-input\":{\"@type\":\"PropertyValueSpecification\",\"valueRequired\":true,\"valueName\":\"search_term_string\"}}],\"inLanguage\":\"ro-RO\"},{\"@type\":\"Organization\",\"@id\":\"https:\\\/\\\/shopatoa.com\\\/ro\\\/#organization\",\"name\":\"SHOPATOA\",\"url\":\"https:\\\/\\\/shopatoa.com\\\/ro\\\/\",\"logo\":{\"@type\":\"ImageObject\",\"inLanguage\":\"ro-RO\",\"@id\":\"https:\\\/\\\/shopatoa.com\\\/ro\\\/#\\\/schema\\\/logo\\\/image\\\/\",\"url\":\"https:\\\/\\\/storage.googleapis.com\\\/cz-shopatoa-img\\\/ro\\\/b4dac915-shopatoa_logo.png\",\"contentUrl\":\"https:\\\/\\\/storage.googleapis.com\\\/cz-shopatoa-img\\\/ro\\\/b4dac915-shopatoa_logo.png\",\"width\":416,\"height\":63,\"caption\":\"SHOPATOA\"},\"image\":{\"@id\":\"https:\\\/\\\/shopatoa.com\\\/ro\\\/#\\\/schema\\\/logo\\\/image\\\/\"}}]}<\/script>\n<!-- \/ Yoast SEO plugin. -->","yoast_head_json":{"title":"Martinelia Magic Ballet Nail Art set pentru copii 3+ - SHOPATOA.COM","robots":{"index":"index","follow":"follow","max-snippet":"max-snippet:-1","max-image-preview":"max-image-preview:large","max-video-preview":"max-video-preview:-1"},"canonical":"https:\/\/shopatoa.com\/ro\/martinelia-magic-ballet-nail-art-set-pentru-copii-3\/","og_locale":"ro_RO","og_type":"article","og_title":"Martinelia Magic Ballet Nail Art set pentru copii 3+ - SHOPATOA.COM","og_description":"Martinelia Magic Ballet Nail Art, Oj\u0103 de unghii pentru copii pentru copii, Pe primul loc, distrac\u021bia. Produsul Martinelia Magic Ballet Nail Art amuz\u0103 copiii, le permite s\u0103 se simt\u0103 pentru scurt timp \u201eoameni mari\u201c, iar designul s\u0103u juc\u0103u\u0219 \u00eei garanteaz\u0103 succesul. Caracteristici: pentru micu\u021bii \u00een pas cu moda lac de unghii colorat se spal\u0103 u\u0219or...","og_url":"https:\/\/shopatoa.com\/ro\/martinelia-magic-ballet-nail-art-set-pentru-copii-3\/","og_site_name":"SHOPATOA","article_modified_time":"2025-12-10T12:15:33+00:00","og_image":[{"width":800,"height":800,"url":"https:\/\/storage.googleapis.com\/cz-shopatoa-img\/ro\/9e1c0eaa-unnamed-file.webp","type":"image\/webp"}],"twitter_card":"summary_large_image","schema":{"@context":"https:\/\/schema.org","@graph":[{"@type":"WebPage","@id":"https:\/\/shopatoa.com\/ro\/martinelia-magic-ballet-nail-art-set-pentru-copii-3\/","url":"https:\/\/shopatoa.com\/ro\/martinelia-magic-ballet-nail-art-set-pentru-copii-3\/","name":"Martinelia Magic Ballet Nail Art set pentru copii 3+ - SHOPATOA.COM","isPartOf":{"@id":"https:\/\/shopatoa.com\/ro\/#website"},"primaryImageOfPage":{"@id":"https:\/\/shopatoa.com\/ro\/martinelia-magic-ballet-nail-art-set-pentru-copii-3\/#primaryimage"},"image":{"@id":"https:\/\/shopatoa.com\/ro\/martinelia-magic-ballet-nail-art-set-pentru-copii-3\/#primaryimage"},"thumbnailUrl":"https:\/\/storage.googleapis.com\/cz-shopatoa-img\/ro\/9e1c0eaa-unnamed-file.webp","datePublished":"2025-06-21T12:34:56+00:00","dateModified":"2025-12-10T12:15:33+00:00","breadcrumb":{"@id":"https:\/\/shopatoa.com\/ro\/martinelia-magic-ballet-nail-art-set-pentru-copii-3\/#breadcrumb"},"inLanguage":"ro-RO","potentialAction":[{"@type":"ReadAction","target":["https:\/\/shopatoa.com\/ro\/martinelia-magic-ballet-nail-art-set-pentru-copii-3\/"]}]},{"@type":"ImageObject","inLanguage":"ro-RO","@id":"https:\/\/shopatoa.com\/ro\/martinelia-magic-ballet-nail-art-set-pentru-copii-3\/#primaryimage","url":"https:\/\/storage.googleapis.com\/cz-shopatoa-img\/ro\/9e1c0eaa-unnamed-file.webp","contentUrl":"https:\/\/storage.googleapis.com\/cz-shopatoa-img\/ro\/9e1c0eaa-unnamed-file.webp","width":800,"height":800},{"@type":"BreadcrumbList","@id":"https:\/\/shopatoa.com\/ro\/martinelia-magic-ballet-nail-art-set-pentru-copii-3\/#breadcrumb","itemListElement":[{"@type":"ListItem","position":1,"name":"Dom\u016f","item":"https:\/\/shopatoa.com\/ro\/"},{"@type":"ListItem","position":2,"name":"Shop","item":"https:\/\/shopatoa.com\/ro\/shop\/"},{"@type":"ListItem","position":3,"name":"S\u0103n\u0103tate \u0219i frumuse\u021be","item":"https:\/\/shopatoa.com\/ro\/sanatate-si-frumusete\/"},{"@type":"ListItem","position":4,"name":"\u00cengrijire personal\u0103","item":"https:\/\/shopatoa.com\/ro\/ingrijire-personala\/"},{"@type":"ListItem","position":5,"name":"Cosmetice","item":"https:\/\/shopatoa.com\/ro\/cosmetice-ingrijire-personala\/"},{"@type":"ListItem","position":6,"name":"\u00cengrijirea unghiilor","item":"https:\/\/shopatoa.com\/ro\/ingrijirea-unghiilor\/"},{"@type":"ListItem","position":7,"name":"Oje de unghii","item":"https:\/\/shopatoa.com\/ro\/oje-de-unghii-ingrijirea-unghiilor\/"},{"@type":"ListItem","position":8,"name":"Martinelia Magic Ballet Nail Art set pentru copii 3+"}]},{"@type":"WebSite","@id":"https:\/\/shopatoa.com\/ro\/#website","url":"https:\/\/shopatoa.com\/ro\/","name":"SHOPATOA","description":"","publisher":{"@id":"https:\/\/shopatoa.com\/ro\/#organization"},"potentialAction":[{"@type":"SearchAction","target":{"@type":"EntryPoint","urlTemplate":"https:\/\/shopatoa.com\/ro\/?s={search_term_string}"},"query-input":{"@type":"PropertyValueSpecification","valueRequired":true,"valueName":"search_term_string"}}],"inLanguage":"ro-RO"},{"@type":"Organization","@id":"https:\/\/shopatoa.com\/ro\/#organization","name":"SHOPATOA","url":"https:\/\/shopatoa.com\/ro\/","logo":{"@type":"ImageObject","inLanguage":"ro-RO","@id":"https:\/\/shopatoa.com\/ro\/#\/schema\/logo\/image\/","url":"https:\/\/storage.googleapis.com\/cz-shopatoa-img\/ro\/b4dac915-shopatoa_logo.png","contentUrl":"https:\/\/storage.googleapis.com\/cz-shopatoa-img\/ro\/b4dac915-shopatoa_logo.png","width":416,"height":63,"caption":"SHOPATOA"},"image":{"@id":"https:\/\/shopatoa.com\/ro\/#\/schema\/logo\/image\/"}}]}},"_links":{"self":[{"href":"https:\/\/shopatoa.com\/ro\/wp-json\/wp\/v2\/product\/423118","targetHints":{"allow":["GET"]}}],"collection":[{"href":"https:\/\/shopatoa.com\/ro\/wp-json\/wp\/v2\/product"}],"about":[{"href":"https:\/\/shopatoa.com\/ro\/wp-json\/wp\/v2\/types\/product"}],"replies":[{"embeddable":true,"href":"https:\/\/shopatoa.com\/ro\/wp-json\/wp\/v2\/comments?post=423118"}],"wp:featuredmedia":[{"embeddable":true,"href":"https:\/\/shopatoa.com\/ro\/wp-json\/wp\/v2\/media\/423119"}],"wp:attachment":[{"href":"https:\/\/shopatoa.com\/ro\/wp-json\/wp\/v2\/media?parent=423118"}],"wp:term":[{"taxonomy":"product_brand","embeddable":true,"href":"https:\/\/shopatoa.com\/ro\/wp-json\/wp\/v2\/product_brand?post=423118"},{"taxonomy":"product_cat","embeddable":true,"href":"https:\/\/shopatoa.com\/ro\/wp-json\/wp\/v2\/product_cat?post=423118"},{"taxonomy":"product_tag","embeddable":true,"href":"https:\/\/shopatoa.com\/ro\/wp-json\/wp\/v2\/product_tag?post=423118"}],"curies":[{"name":"wp","href":"https:\/\/api.w.org\/{rel}","templated":true}]}}