{"id":423144,"date":"2025-06-21T14:36:32","date_gmt":"2025-06-21T12:36:32","guid":{"rendered":"https:\/\/shopatoa.com\/ro\/indola-volume-blow-dry-spray-spray-volumizant-pentru-uscarea-prin-suflare-si-coafatul-final-al-parului-200-ml\/"},"modified":"2025-12-10T13:15:10","modified_gmt":"2025-12-10T12:15:10","slug":"indola-volume-blow-dry-spray-spray-volumizant-pentru-uscarea-prin-suflare-si-coafatul-final-al-parului-200-ml","status":"publish","type":"product","link":"https:\/\/shopatoa.com\/ro\/indola-volume-blow-dry-spray-spray-volumizant-pentru-uscarea-prin-suflare-si-coafatul-final-al-parului-200-ml\/","title":{"rendered":"Indola Volume &amp; Blow-Dry Spray spray volumizant pentru uscarea prin suflare \u0219i coafatul final al p\u0103rului 200 ml"},"content":{"rendered":"<p>Indola Volume &amp; Blow-Dry Spray, 200 ml, Spray pentru volum pentru femei, Spune\u021bi adio p\u0103rului flasc o dat\u0103 pentru totdeauna. Spray pentru volum Indola Volume &amp; Blow-Dry Spray confer\u0103 volum chiar \u0219i celui mai sub\u021bire p\u0103r \u0219i \u00eel ridic\u0103 de la r\u0103d\u0103cin\u0103, pentru ca acesta s\u0103 par\u0103 instantaneu mai bogat \u0219i mult mai des. Nu \u00eencarc\u0103 p\u0103rul \u0219i nu las\u0103 o senza\u021bie lipicioas\u0103. V\u0103 ajut\u0103 s\u0103 crea\u021bi rapid \u0219i u\u0219or o coafur\u0103 frumoas\u0103, bogat\u0103 \u0219i aerisit\u0103 \u2013 exact a\u0219a cum v\u0103 dori\u021bi. De acum \u00eenainte, toat\u0103 lumea din anturajul dvs. o va admira.  Caracteristici:  faciliteaz\u0103 coafatul ofer\u0103 o str\u0103lucire s\u0103n\u0103toas\u0103 nu las\u0103 urme confer\u0103 p\u0103rului volum, de la r\u0103d\u0103cin\u0103  Cum se utilizeaz\u0103: Se aplic\u0103 pe p\u0103rul umed, uscat cu prosopul.<\/p>\n","protected":false},"excerpt":{"rendered":"<p>Indola Volume &amp; Blow-Dry Spray, 200 ml, Spray pentru volum pentru femei, Spune\u021bi adio p\u0103rului flasc o dat\u0103 pentru totdeauna. Spray pentru volum Indola Volume &amp; Blow-Dry Spray confer\u0103 volum chiar \u0219i celui mai sub\u021bire p\u0103r \u0219i \u00eel ridic\u0103 de la r\u0103d\u0103cin\u0103, pentru ca acesta s\u0103 par\u0103 instantaneu mai bogat \u0219i mult mai des. Nu&#8230;<\/p>\n","protected":false},"featured_media":423145,"comment_status":"closed","ping_status":"open","template":"","meta":{"_acf_changed":false,"_kadence_starter_templates_imported_post":false,"_kad_post_transparent":"","_kad_post_title":"","_kad_post_layout":"","_kad_post_sidebar_id":"","_kad_post_content_style":"","_kad_post_vertical_padding":"","_kad_post_feature":"","_kad_post_feature_position":"","_kad_post_header":false,"_kad_post_footer":false,"_kad_post_classname":""},"product_brand":[2399],"product_cat":[1563,1590,1633,1562],"product_tag":[],"class_list":{"0":"post-423144","1":"product","2":"type-product","3":"status-publish","4":"has-post-thumbnail","6":"product_brand-indola","7":"product_cat-ingrijire-personala","8":"product_cat-ingrijirea-parului","9":"product_cat-produse-de-coafare-a-parului","10":"product_cat-sanatate-si-frumusete","11":"pa_gen-female","12":"pa_marime-200-ml","14":"first","15":"instock","16":"product-type-external","17":"entry","18":"content-bg","19":"loop-entry"},"acf":[],"yoast_head":"<!-- This site is optimized with the Yoast SEO plugin v27.4 - https:\/\/yoast.com\/product\/yoast-seo-wordpress\/ -->\n<title>Indola Volume &amp; Blow-Dry Spray spray volumizant pentru uscarea prin suflare \u0219i coafatul final al p\u0103rului 200 ml - SHOPATOA.COM<\/title>\n<meta name=\"robots\" content=\"index, follow, max-snippet:-1, max-image-preview:large, max-video-preview:-1\" \/>\n<link rel=\"canonical\" href=\"https:\/\/shopatoa.com\/ro\/indola-volume-blow-dry-spray-spray-volumizant-pentru-uscarea-prin-suflare-si-coafatul-final-al-parului-200-ml\/\" \/>\n<meta property=\"og:locale\" content=\"ro_RO\" \/>\n<meta property=\"og:type\" content=\"article\" \/>\n<meta property=\"og:title\" content=\"Indola Volume &amp; Blow-Dry Spray spray volumizant pentru uscarea prin suflare \u0219i coafatul final al p\u0103rului 200 ml - SHOPATOA.COM\" \/>\n<meta property=\"og:description\" content=\"Indola Volume &amp; Blow-Dry Spray, 200 ml, Spray pentru volum pentru femei, Spune\u021bi adio p\u0103rului flasc o dat\u0103 pentru totdeauna. Spray pentru volum Indola Volume &amp; Blow-Dry Spray confer\u0103 volum chiar \u0219i celui mai sub\u021bire p\u0103r \u0219i \u00eel ridic\u0103 de la r\u0103d\u0103cin\u0103, pentru ca acesta s\u0103 par\u0103 instantaneu mai bogat \u0219i mult mai des. Nu...\" \/>\n<meta property=\"og:url\" content=\"https:\/\/shopatoa.com\/ro\/indola-volume-blow-dry-spray-spray-volumizant-pentru-uscarea-prin-suflare-si-coafatul-final-al-parului-200-ml\/\" \/>\n<meta property=\"og:site_name\" content=\"SHOPATOA\" \/>\n<meta property=\"article:modified_time\" content=\"2025-12-10T12:15:10+00:00\" \/>\n<meta property=\"og:image\" content=\"https:\/\/storage.googleapis.com\/cz-shopatoa-img\/ro\/8c49eb67-unnamed-file.webp\" \/>\n\t<meta property=\"og:image:width\" content=\"800\" \/>\n\t<meta property=\"og:image:height\" content=\"800\" \/>\n\t<meta property=\"og:image:type\" content=\"image\/webp\" \/>\n<meta name=\"twitter:card\" content=\"summary_large_image\" \/>\n<meta name=\"twitter:label1\" content=\"Timp estimat pentru citire\" \/>\n\t<meta name=\"twitter:data1\" content=\"1 minut\" \/>\n<script type=\"application\/ld+json\" class=\"yoast-schema-graph\">{\"@context\":\"https:\\\/\\\/schema.org\",\"@graph\":[{\"@type\":\"WebPage\",\"@id\":\"https:\\\/\\\/shopatoa.com\\\/ro\\\/indola-volume-blow-dry-spray-spray-volumizant-pentru-uscarea-prin-suflare-si-coafatul-final-al-parului-200-ml\\\/\",\"url\":\"https:\\\/\\\/shopatoa.com\\\/ro\\\/indola-volume-blow-dry-spray-spray-volumizant-pentru-uscarea-prin-suflare-si-coafatul-final-al-parului-200-ml\\\/\",\"name\":\"Indola Volume & Blow-Dry Spray spray volumizant pentru uscarea prin suflare \u0219i coafatul final al p\u0103rului 200 ml - SHOPATOA.COM\",\"isPartOf\":{\"@id\":\"https:\\\/\\\/shopatoa.com\\\/ro\\\/#website\"},\"primaryImageOfPage\":{\"@id\":\"https:\\\/\\\/shopatoa.com\\\/ro\\\/indola-volume-blow-dry-spray-spray-volumizant-pentru-uscarea-prin-suflare-si-coafatul-final-al-parului-200-ml\\\/#primaryimage\"},\"image\":{\"@id\":\"https:\\\/\\\/shopatoa.com\\\/ro\\\/indola-volume-blow-dry-spray-spray-volumizant-pentru-uscarea-prin-suflare-si-coafatul-final-al-parului-200-ml\\\/#primaryimage\"},\"thumbnailUrl\":\"https:\\\/\\\/storage.googleapis.com\\\/cz-shopatoa-img\\\/ro\\\/8c49eb67-unnamed-file.webp\",\"datePublished\":\"2025-06-21T12:36:32+00:00\",\"dateModified\":\"2025-12-10T12:15:10+00:00\",\"breadcrumb\":{\"@id\":\"https:\\\/\\\/shopatoa.com\\\/ro\\\/indola-volume-blow-dry-spray-spray-volumizant-pentru-uscarea-prin-suflare-si-coafatul-final-al-parului-200-ml\\\/#breadcrumb\"},\"inLanguage\":\"ro-RO\",\"potentialAction\":[{\"@type\":\"ReadAction\",\"target\":[\"https:\\\/\\\/shopatoa.com\\\/ro\\\/indola-volume-blow-dry-spray-spray-volumizant-pentru-uscarea-prin-suflare-si-coafatul-final-al-parului-200-ml\\\/\"]}]},{\"@type\":\"ImageObject\",\"inLanguage\":\"ro-RO\",\"@id\":\"https:\\\/\\\/shopatoa.com\\\/ro\\\/indola-volume-blow-dry-spray-spray-volumizant-pentru-uscarea-prin-suflare-si-coafatul-final-al-parului-200-ml\\\/#primaryimage\",\"url\":\"https:\\\/\\\/storage.googleapis.com\\\/cz-shopatoa-img\\\/ro\\\/8c49eb67-unnamed-file.webp\",\"contentUrl\":\"https:\\\/\\\/storage.googleapis.com\\\/cz-shopatoa-img\\\/ro\\\/8c49eb67-unnamed-file.webp\",\"width\":800,\"height\":800},{\"@type\":\"BreadcrumbList\",\"@id\":\"https:\\\/\\\/shopatoa.com\\\/ro\\\/indola-volume-blow-dry-spray-spray-volumizant-pentru-uscarea-prin-suflare-si-coafatul-final-al-parului-200-ml\\\/#breadcrumb\",\"itemListElement\":[{\"@type\":\"ListItem\",\"position\":1,\"name\":\"Dom\u016f\",\"item\":\"https:\\\/\\\/shopatoa.com\\\/ro\\\/\"},{\"@type\":\"ListItem\",\"position\":2,\"name\":\"Shop\",\"item\":\"https:\\\/\\\/shopatoa.com\\\/ro\\\/shop\\\/\"},{\"@type\":\"ListItem\",\"position\":3,\"name\":\"S\u0103n\u0103tate \u0219i frumuse\u021be\",\"item\":\"https:\\\/\\\/shopatoa.com\\\/ro\\\/sanatate-si-frumusete\\\/\"},{\"@type\":\"ListItem\",\"position\":4,\"name\":\"\u00cengrijire personal\u0103\",\"item\":\"https:\\\/\\\/shopatoa.com\\\/ro\\\/ingrijire-personala\\\/\"},{\"@type\":\"ListItem\",\"position\":5,\"name\":\"\u00cengrijirea p\u0103rului\",\"item\":\"https:\\\/\\\/shopatoa.com\\\/ro\\\/ingrijirea-parului\\\/\"},{\"@type\":\"ListItem\",\"position\":6,\"name\":\"Produse de coafare a p\u0103rului\",\"item\":\"https:\\\/\\\/shopatoa.com\\\/ro\\\/produse-de-coafare-a-parului\\\/\"},{\"@type\":\"ListItem\",\"position\":7,\"name\":\"Indola Volume &amp; Blow-Dry Spray spray volumizant pentru uscarea prin suflare \u0219i coafatul final al p\u0103rului 200 ml\"}]},{\"@type\":\"WebSite\",\"@id\":\"https:\\\/\\\/shopatoa.com\\\/ro\\\/#website\",\"url\":\"https:\\\/\\\/shopatoa.com\\\/ro\\\/\",\"name\":\"SHOPATOA\",\"description\":\"\",\"publisher\":{\"@id\":\"https:\\\/\\\/shopatoa.com\\\/ro\\\/#organization\"},\"potentialAction\":[{\"@type\":\"SearchAction\",\"target\":{\"@type\":\"EntryPoint\",\"urlTemplate\":\"https:\\\/\\\/shopatoa.com\\\/ro\\\/?s={search_term_string}\"},\"query-input\":{\"@type\":\"PropertyValueSpecification\",\"valueRequired\":true,\"valueName\":\"search_term_string\"}}],\"inLanguage\":\"ro-RO\"},{\"@type\":\"Organization\",\"@id\":\"https:\\\/\\\/shopatoa.com\\\/ro\\\/#organization\",\"name\":\"SHOPATOA\",\"url\":\"https:\\\/\\\/shopatoa.com\\\/ro\\\/\",\"logo\":{\"@type\":\"ImageObject\",\"inLanguage\":\"ro-RO\",\"@id\":\"https:\\\/\\\/shopatoa.com\\\/ro\\\/#\\\/schema\\\/logo\\\/image\\\/\",\"url\":\"https:\\\/\\\/storage.googleapis.com\\\/cz-shopatoa-img\\\/ro\\\/b4dac915-shopatoa_logo.png\",\"contentUrl\":\"https:\\\/\\\/storage.googleapis.com\\\/cz-shopatoa-img\\\/ro\\\/b4dac915-shopatoa_logo.png\",\"width\":416,\"height\":63,\"caption\":\"SHOPATOA\"},\"image\":{\"@id\":\"https:\\\/\\\/shopatoa.com\\\/ro\\\/#\\\/schema\\\/logo\\\/image\\\/\"}}]}<\/script>\n<!-- \/ Yoast SEO plugin. -->","yoast_head_json":{"title":"Indola Volume & Blow-Dry Spray spray volumizant pentru uscarea prin suflare \u0219i coafatul final al p\u0103rului 200 ml - SHOPATOA.COM","robots":{"index":"index","follow":"follow","max-snippet":"max-snippet:-1","max-image-preview":"max-image-preview:large","max-video-preview":"max-video-preview:-1"},"canonical":"https:\/\/shopatoa.com\/ro\/indola-volume-blow-dry-spray-spray-volumizant-pentru-uscarea-prin-suflare-si-coafatul-final-al-parului-200-ml\/","og_locale":"ro_RO","og_type":"article","og_title":"Indola Volume & Blow-Dry Spray spray volumizant pentru uscarea prin suflare \u0219i coafatul final al p\u0103rului 200 ml - SHOPATOA.COM","og_description":"Indola Volume &amp; Blow-Dry Spray, 200 ml, Spray pentru volum pentru femei, Spune\u021bi adio p\u0103rului flasc o dat\u0103 pentru totdeauna. Spray pentru volum Indola Volume &amp; Blow-Dry Spray confer\u0103 volum chiar \u0219i celui mai sub\u021bire p\u0103r \u0219i \u00eel ridic\u0103 de la r\u0103d\u0103cin\u0103, pentru ca acesta s\u0103 par\u0103 instantaneu mai bogat \u0219i mult mai des. Nu...","og_url":"https:\/\/shopatoa.com\/ro\/indola-volume-blow-dry-spray-spray-volumizant-pentru-uscarea-prin-suflare-si-coafatul-final-al-parului-200-ml\/","og_site_name":"SHOPATOA","article_modified_time":"2025-12-10T12:15:10+00:00","og_image":[{"width":800,"height":800,"url":"https:\/\/storage.googleapis.com\/cz-shopatoa-img\/ro\/8c49eb67-unnamed-file.webp","type":"image\/webp"}],"twitter_card":"summary_large_image","twitter_misc":{"Timp estimat pentru citire":"1 minut"},"schema":{"@context":"https:\/\/schema.org","@graph":[{"@type":"WebPage","@id":"https:\/\/shopatoa.com\/ro\/indola-volume-blow-dry-spray-spray-volumizant-pentru-uscarea-prin-suflare-si-coafatul-final-al-parului-200-ml\/","url":"https:\/\/shopatoa.com\/ro\/indola-volume-blow-dry-spray-spray-volumizant-pentru-uscarea-prin-suflare-si-coafatul-final-al-parului-200-ml\/","name":"Indola Volume & Blow-Dry Spray spray volumizant pentru uscarea prin suflare \u0219i coafatul final al p\u0103rului 200 ml - SHOPATOA.COM","isPartOf":{"@id":"https:\/\/shopatoa.com\/ro\/#website"},"primaryImageOfPage":{"@id":"https:\/\/shopatoa.com\/ro\/indola-volume-blow-dry-spray-spray-volumizant-pentru-uscarea-prin-suflare-si-coafatul-final-al-parului-200-ml\/#primaryimage"},"image":{"@id":"https:\/\/shopatoa.com\/ro\/indola-volume-blow-dry-spray-spray-volumizant-pentru-uscarea-prin-suflare-si-coafatul-final-al-parului-200-ml\/#primaryimage"},"thumbnailUrl":"https:\/\/storage.googleapis.com\/cz-shopatoa-img\/ro\/8c49eb67-unnamed-file.webp","datePublished":"2025-06-21T12:36:32+00:00","dateModified":"2025-12-10T12:15:10+00:00","breadcrumb":{"@id":"https:\/\/shopatoa.com\/ro\/indola-volume-blow-dry-spray-spray-volumizant-pentru-uscarea-prin-suflare-si-coafatul-final-al-parului-200-ml\/#breadcrumb"},"inLanguage":"ro-RO","potentialAction":[{"@type":"ReadAction","target":["https:\/\/shopatoa.com\/ro\/indola-volume-blow-dry-spray-spray-volumizant-pentru-uscarea-prin-suflare-si-coafatul-final-al-parului-200-ml\/"]}]},{"@type":"ImageObject","inLanguage":"ro-RO","@id":"https:\/\/shopatoa.com\/ro\/indola-volume-blow-dry-spray-spray-volumizant-pentru-uscarea-prin-suflare-si-coafatul-final-al-parului-200-ml\/#primaryimage","url":"https:\/\/storage.googleapis.com\/cz-shopatoa-img\/ro\/8c49eb67-unnamed-file.webp","contentUrl":"https:\/\/storage.googleapis.com\/cz-shopatoa-img\/ro\/8c49eb67-unnamed-file.webp","width":800,"height":800},{"@type":"BreadcrumbList","@id":"https:\/\/shopatoa.com\/ro\/indola-volume-blow-dry-spray-spray-volumizant-pentru-uscarea-prin-suflare-si-coafatul-final-al-parului-200-ml\/#breadcrumb","itemListElement":[{"@type":"ListItem","position":1,"name":"Dom\u016f","item":"https:\/\/shopatoa.com\/ro\/"},{"@type":"ListItem","position":2,"name":"Shop","item":"https:\/\/shopatoa.com\/ro\/shop\/"},{"@type":"ListItem","position":3,"name":"S\u0103n\u0103tate \u0219i frumuse\u021be","item":"https:\/\/shopatoa.com\/ro\/sanatate-si-frumusete\/"},{"@type":"ListItem","position":4,"name":"\u00cengrijire personal\u0103","item":"https:\/\/shopatoa.com\/ro\/ingrijire-personala\/"},{"@type":"ListItem","position":5,"name":"\u00cengrijirea p\u0103rului","item":"https:\/\/shopatoa.com\/ro\/ingrijirea-parului\/"},{"@type":"ListItem","position":6,"name":"Produse de coafare a p\u0103rului","item":"https:\/\/shopatoa.com\/ro\/produse-de-coafare-a-parului\/"},{"@type":"ListItem","position":7,"name":"Indola Volume &amp; Blow-Dry Spray spray volumizant pentru uscarea prin suflare \u0219i coafatul final al p\u0103rului 200 ml"}]},{"@type":"WebSite","@id":"https:\/\/shopatoa.com\/ro\/#website","url":"https:\/\/shopatoa.com\/ro\/","name":"SHOPATOA","description":"","publisher":{"@id":"https:\/\/shopatoa.com\/ro\/#organization"},"potentialAction":[{"@type":"SearchAction","target":{"@type":"EntryPoint","urlTemplate":"https:\/\/shopatoa.com\/ro\/?s={search_term_string}"},"query-input":{"@type":"PropertyValueSpecification","valueRequired":true,"valueName":"search_term_string"}}],"inLanguage":"ro-RO"},{"@type":"Organization","@id":"https:\/\/shopatoa.com\/ro\/#organization","name":"SHOPATOA","url":"https:\/\/shopatoa.com\/ro\/","logo":{"@type":"ImageObject","inLanguage":"ro-RO","@id":"https:\/\/shopatoa.com\/ro\/#\/schema\/logo\/image\/","url":"https:\/\/storage.googleapis.com\/cz-shopatoa-img\/ro\/b4dac915-shopatoa_logo.png","contentUrl":"https:\/\/storage.googleapis.com\/cz-shopatoa-img\/ro\/b4dac915-shopatoa_logo.png","width":416,"height":63,"caption":"SHOPATOA"},"image":{"@id":"https:\/\/shopatoa.com\/ro\/#\/schema\/logo\/image\/"}}]}},"_links":{"self":[{"href":"https:\/\/shopatoa.com\/ro\/wp-json\/wp\/v2\/product\/423144","targetHints":{"allow":["GET"]}}],"collection":[{"href":"https:\/\/shopatoa.com\/ro\/wp-json\/wp\/v2\/product"}],"about":[{"href":"https:\/\/shopatoa.com\/ro\/wp-json\/wp\/v2\/types\/product"}],"replies":[{"embeddable":true,"href":"https:\/\/shopatoa.com\/ro\/wp-json\/wp\/v2\/comments?post=423144"}],"wp:featuredmedia":[{"embeddable":true,"href":"https:\/\/shopatoa.com\/ro\/wp-json\/wp\/v2\/media\/423145"}],"wp:attachment":[{"href":"https:\/\/shopatoa.com\/ro\/wp-json\/wp\/v2\/media?parent=423144"}],"wp:term":[{"taxonomy":"product_brand","embeddable":true,"href":"https:\/\/shopatoa.com\/ro\/wp-json\/wp\/v2\/product_brand?post=423144"},{"taxonomy":"product_cat","embeddable":true,"href":"https:\/\/shopatoa.com\/ro\/wp-json\/wp\/v2\/product_cat?post=423144"},{"taxonomy":"product_tag","embeddable":true,"href":"https:\/\/shopatoa.com\/ro\/wp-json\/wp\/v2\/product_tag?post=423144"}],"curies":[{"name":"wp","href":"https:\/\/api.w.org\/{rel}","templated":true}]}}