{"id":423872,"date":"2025-06-21T15:52:16","date_gmt":"2025-06-21T13:52:16","guid":{"rendered":"https:\/\/shopatoa.com\/ro\/farmona-tutti-frutti-pear-ginger-ulei-pentru-baie-si-dus-pentru-fermitatea-pielii-400-g\/"},"modified":"2025-12-10T10:35:32","modified_gmt":"2025-12-10T09:35:32","slug":"farmona-tutti-frutti-pear-ginger-ulei-pentru-baie-si-dus-pentru-fermitatea-pielii-400-g","status":"publish","type":"product","link":"https:\/\/shopatoa.com\/ro\/farmona-tutti-frutti-pear-ginger-ulei-pentru-baie-si-dus-pentru-fermitatea-pielii-400-g\/","title":{"rendered":"Farmona Tutti Frutti Pear &amp; Ginger ulei pentru baie si dus pentru fermitatea pielii 400 g"},"content":{"rendered":"<p>Farmona Tutti Frutti Pear &amp; Ginger, 400 g, Geluri de du\u0219 pentru femei, Nu dori\u021bi s\u0103 subestima\u021bi igiena zilnic\u0103, \u00eens\u0103 pielea dvs. este predispus\u0103 la uscare excesiv\u0103 atunci c\u00e2nd folosi\u021bi geluri de du\u0219 clasice \u00een timpul sp\u0103l\u0103rii? Uleiul de du\u0219 Farmona Tutti Frutti Pear &amp; Ginger este alegerea ideal\u0103 pentru dvs. Nu numai c\u0103 v\u0103 va ajuta s\u0103 elimina\u021bi toate impurit\u0103\u021bile \u00een timpul sp\u0103l\u0103rii, dar va oferi pielii dvs. hidratarea necesar\u0103 \u0219i va crea la suprafa\u021ba ei o pelicul\u0103 protectoare. Ve\u021bi ob\u021bine cu ajutorul lui o cur\u0103\u021bare perfect\u0103, f\u0103r\u0103 a afecta stratul natural lipidic de la suprafa\u021ba pielii.  Caracteristici:  hidrateaz\u0103 intens catifeleaz\u0103 \u0219i \u00eembun\u0103t\u0103\u021be\u0219te elasticitatea pielii hr\u0103ne\u0219te \u0219i trateaz\u0103 pielea pielea devine fin\u0103 \u0219i catifelat\u0103 spal\u0103 delicat pielea de pe \u00eentregul corp  Cum se utilizeaz\u0103: Se aplic\u0103 \u00een timpul du\u0219ului sau al b\u0103ii. Se aplic\u0103 pe \u00eentregul corp \u0219i se cl\u0103te\u0219te cu ap\u0103 cald\u0103. Ideal pentru utilizarea zilnic\u0103.<\/p>\n","protected":false},"excerpt":{"rendered":"<p>Farmona Tutti Frutti Pear &amp; Ginger, 400 g, Geluri de du\u0219 pentru femei, Nu dori\u021bi s\u0103 subestima\u021bi igiena zilnic\u0103, \u00eens\u0103 pielea dvs. este predispus\u0103 la uscare excesiv\u0103 atunci c\u00e2nd folosi\u021bi geluri de du\u0219 clasice \u00een timpul sp\u0103l\u0103rii? Uleiul de du\u0219 Farmona Tutti Frutti Pear &amp; Ginger este alegerea ideal\u0103 pentru dvs. Nu numai c\u0103 v\u0103&#8230;<\/p>\n","protected":false},"featured_media":423873,"comment_status":"closed","ping_status":"open","template":"","meta":{"_acf_changed":false,"_kadence_starter_templates_imported_post":false,"_kad_post_transparent":"","_kad_post_title":"","_kad_post_layout":"","_kad_post_sidebar_id":"","_kad_post_content_style":"","_kad_post_vertical_padding":"","_kad_post_feature":"","_kad_post_feature_position":"","_kad_post_header":false,"_kad_post_footer":false,"_kad_post_classname":""},"product_brand":[1775],"product_cat":[1570,1564,1571,1563,1562],"product_tag":[],"class_list":{"0":"post-423872","1":"product","2":"type-product","3":"status-publish","4":"has-post-thumbnail","6":"product_brand-farmona","7":"product_cat-baie-si-corp","8":"product_cat-cosmetice-ingrijire-personala","9":"product_cat-gel-de-dus","10":"product_cat-ingrijire-personala","11":"product_cat-sanatate-si-frumusete","12":"pa_gen-female","13":"pa_marime-400-g","15":"first","16":"instock","17":"product-type-external","18":"entry","19":"content-bg","20":"loop-entry"},"acf":[],"yoast_head":"<!-- This site is optimized with the Yoast SEO plugin v27.4 - https:\/\/yoast.com\/product\/yoast-seo-wordpress\/ -->\n<title>Farmona Tutti Frutti Pear &amp; Ginger ulei pentru baie si dus pentru fermitatea pielii 400 g - SHOPATOA.COM<\/title>\n<meta name=\"robots\" content=\"index, follow, max-snippet:-1, max-image-preview:large, max-video-preview:-1\" \/>\n<link rel=\"canonical\" href=\"https:\/\/shopatoa.com\/ro\/farmona-tutti-frutti-pear-ginger-ulei-pentru-baie-si-dus-pentru-fermitatea-pielii-400-g\/\" \/>\n<meta property=\"og:locale\" content=\"ro_RO\" \/>\n<meta property=\"og:type\" content=\"article\" \/>\n<meta property=\"og:title\" content=\"Farmona Tutti Frutti Pear &amp; Ginger ulei pentru baie si dus pentru fermitatea pielii 400 g - SHOPATOA.COM\" \/>\n<meta property=\"og:description\" content=\"Farmona Tutti Frutti Pear &amp; Ginger, 400 g, Geluri de du\u0219 pentru femei, Nu dori\u021bi s\u0103 subestima\u021bi igiena zilnic\u0103, \u00eens\u0103 pielea dvs. este predispus\u0103 la uscare excesiv\u0103 atunci c\u00e2nd folosi\u021bi geluri de du\u0219 clasice \u00een timpul sp\u0103l\u0103rii? Uleiul de du\u0219 Farmona Tutti Frutti Pear &amp; Ginger este alegerea ideal\u0103 pentru dvs. Nu numai c\u0103 v\u0103...\" \/>\n<meta property=\"og:url\" content=\"https:\/\/shopatoa.com\/ro\/farmona-tutti-frutti-pear-ginger-ulei-pentru-baie-si-dus-pentru-fermitatea-pielii-400-g\/\" \/>\n<meta property=\"og:site_name\" content=\"SHOPATOA\" \/>\n<meta property=\"article:modified_time\" content=\"2025-12-10T09:35:32+00:00\" \/>\n<meta property=\"og:image\" content=\"https:\/\/storage.googleapis.com\/cz-shopatoa-img\/ro\/0d48a1c6-unnamed-file.webp\" \/>\n\t<meta property=\"og:image:width\" content=\"800\" \/>\n\t<meta property=\"og:image:height\" content=\"800\" \/>\n\t<meta property=\"og:image:type\" content=\"image\/webp\" \/>\n<meta name=\"twitter:card\" content=\"summary_large_image\" \/>\n<meta name=\"twitter:label1\" content=\"Timp estimat pentru citire\" \/>\n\t<meta name=\"twitter:data1\" content=\"1 minut\" \/>\n<script type=\"application\/ld+json\" class=\"yoast-schema-graph\">{\"@context\":\"https:\\\/\\\/schema.org\",\"@graph\":[{\"@type\":\"WebPage\",\"@id\":\"https:\\\/\\\/shopatoa.com\\\/ro\\\/farmona-tutti-frutti-pear-ginger-ulei-pentru-baie-si-dus-pentru-fermitatea-pielii-400-g\\\/\",\"url\":\"https:\\\/\\\/shopatoa.com\\\/ro\\\/farmona-tutti-frutti-pear-ginger-ulei-pentru-baie-si-dus-pentru-fermitatea-pielii-400-g\\\/\",\"name\":\"Farmona Tutti Frutti Pear & Ginger ulei pentru baie si dus pentru fermitatea pielii 400 g - SHOPATOA.COM\",\"isPartOf\":{\"@id\":\"https:\\\/\\\/shopatoa.com\\\/ro\\\/#website\"},\"primaryImageOfPage\":{\"@id\":\"https:\\\/\\\/shopatoa.com\\\/ro\\\/farmona-tutti-frutti-pear-ginger-ulei-pentru-baie-si-dus-pentru-fermitatea-pielii-400-g\\\/#primaryimage\"},\"image\":{\"@id\":\"https:\\\/\\\/shopatoa.com\\\/ro\\\/farmona-tutti-frutti-pear-ginger-ulei-pentru-baie-si-dus-pentru-fermitatea-pielii-400-g\\\/#primaryimage\"},\"thumbnailUrl\":\"https:\\\/\\\/storage.googleapis.com\\\/cz-shopatoa-img\\\/ro\\\/0d48a1c6-unnamed-file.webp\",\"datePublished\":\"2025-06-21T13:52:16+00:00\",\"dateModified\":\"2025-12-10T09:35:32+00:00\",\"breadcrumb\":{\"@id\":\"https:\\\/\\\/shopatoa.com\\\/ro\\\/farmona-tutti-frutti-pear-ginger-ulei-pentru-baie-si-dus-pentru-fermitatea-pielii-400-g\\\/#breadcrumb\"},\"inLanguage\":\"ro-RO\",\"potentialAction\":[{\"@type\":\"ReadAction\",\"target\":[\"https:\\\/\\\/shopatoa.com\\\/ro\\\/farmona-tutti-frutti-pear-ginger-ulei-pentru-baie-si-dus-pentru-fermitatea-pielii-400-g\\\/\"]}]},{\"@type\":\"ImageObject\",\"inLanguage\":\"ro-RO\",\"@id\":\"https:\\\/\\\/shopatoa.com\\\/ro\\\/farmona-tutti-frutti-pear-ginger-ulei-pentru-baie-si-dus-pentru-fermitatea-pielii-400-g\\\/#primaryimage\",\"url\":\"https:\\\/\\\/storage.googleapis.com\\\/cz-shopatoa-img\\\/ro\\\/0d48a1c6-unnamed-file.webp\",\"contentUrl\":\"https:\\\/\\\/storage.googleapis.com\\\/cz-shopatoa-img\\\/ro\\\/0d48a1c6-unnamed-file.webp\",\"width\":800,\"height\":800},{\"@type\":\"BreadcrumbList\",\"@id\":\"https:\\\/\\\/shopatoa.com\\\/ro\\\/farmona-tutti-frutti-pear-ginger-ulei-pentru-baie-si-dus-pentru-fermitatea-pielii-400-g\\\/#breadcrumb\",\"itemListElement\":[{\"@type\":\"ListItem\",\"position\":1,\"name\":\"Dom\u016f\",\"item\":\"https:\\\/\\\/shopatoa.com\\\/ro\\\/\"},{\"@type\":\"ListItem\",\"position\":2,\"name\":\"Shop\",\"item\":\"https:\\\/\\\/shopatoa.com\\\/ro\\\/shop\\\/\"},{\"@type\":\"ListItem\",\"position\":3,\"name\":\"S\u0103n\u0103tate \u0219i frumuse\u021be\",\"item\":\"https:\\\/\\\/shopatoa.com\\\/ro\\\/sanatate-si-frumusete\\\/\"},{\"@type\":\"ListItem\",\"position\":4,\"name\":\"\u00cengrijire personal\u0103\",\"item\":\"https:\\\/\\\/shopatoa.com\\\/ro\\\/ingrijire-personala\\\/\"},{\"@type\":\"ListItem\",\"position\":5,\"name\":\"Cosmetice\",\"item\":\"https:\\\/\\\/shopatoa.com\\\/ro\\\/cosmetice-ingrijire-personala\\\/\"},{\"@type\":\"ListItem\",\"position\":6,\"name\":\"Baie \u0219i corp\",\"item\":\"https:\\\/\\\/shopatoa.com\\\/ro\\\/baie-si-corp\\\/\"},{\"@type\":\"ListItem\",\"position\":7,\"name\":\"Gel de du\u0219\",\"item\":\"https:\\\/\\\/shopatoa.com\\\/ro\\\/gel-de-dus\\\/\"},{\"@type\":\"ListItem\",\"position\":8,\"name\":\"Farmona Tutti Frutti Pear &amp; Ginger ulei pentru baie si dus pentru fermitatea pielii 400 g\"}]},{\"@type\":\"WebSite\",\"@id\":\"https:\\\/\\\/shopatoa.com\\\/ro\\\/#website\",\"url\":\"https:\\\/\\\/shopatoa.com\\\/ro\\\/\",\"name\":\"SHOPATOA\",\"description\":\"\",\"publisher\":{\"@id\":\"https:\\\/\\\/shopatoa.com\\\/ro\\\/#organization\"},\"potentialAction\":[{\"@type\":\"SearchAction\",\"target\":{\"@type\":\"EntryPoint\",\"urlTemplate\":\"https:\\\/\\\/shopatoa.com\\\/ro\\\/?s={search_term_string}\"},\"query-input\":{\"@type\":\"PropertyValueSpecification\",\"valueRequired\":true,\"valueName\":\"search_term_string\"}}],\"inLanguage\":\"ro-RO\"},{\"@type\":\"Organization\",\"@id\":\"https:\\\/\\\/shopatoa.com\\\/ro\\\/#organization\",\"name\":\"SHOPATOA\",\"url\":\"https:\\\/\\\/shopatoa.com\\\/ro\\\/\",\"logo\":{\"@type\":\"ImageObject\",\"inLanguage\":\"ro-RO\",\"@id\":\"https:\\\/\\\/shopatoa.com\\\/ro\\\/#\\\/schema\\\/logo\\\/image\\\/\",\"url\":\"https:\\\/\\\/storage.googleapis.com\\\/cz-shopatoa-img\\\/ro\\\/b4dac915-shopatoa_logo.png\",\"contentUrl\":\"https:\\\/\\\/storage.googleapis.com\\\/cz-shopatoa-img\\\/ro\\\/b4dac915-shopatoa_logo.png\",\"width\":416,\"height\":63,\"caption\":\"SHOPATOA\"},\"image\":{\"@id\":\"https:\\\/\\\/shopatoa.com\\\/ro\\\/#\\\/schema\\\/logo\\\/image\\\/\"}}]}<\/script>\n<!-- \/ Yoast SEO plugin. -->","yoast_head_json":{"title":"Farmona Tutti Frutti Pear & Ginger ulei pentru baie si dus pentru fermitatea pielii 400 g - SHOPATOA.COM","robots":{"index":"index","follow":"follow","max-snippet":"max-snippet:-1","max-image-preview":"max-image-preview:large","max-video-preview":"max-video-preview:-1"},"canonical":"https:\/\/shopatoa.com\/ro\/farmona-tutti-frutti-pear-ginger-ulei-pentru-baie-si-dus-pentru-fermitatea-pielii-400-g\/","og_locale":"ro_RO","og_type":"article","og_title":"Farmona Tutti Frutti Pear & Ginger ulei pentru baie si dus pentru fermitatea pielii 400 g - SHOPATOA.COM","og_description":"Farmona Tutti Frutti Pear &amp; Ginger, 400 g, Geluri de du\u0219 pentru femei, Nu dori\u021bi s\u0103 subestima\u021bi igiena zilnic\u0103, \u00eens\u0103 pielea dvs. este predispus\u0103 la uscare excesiv\u0103 atunci c\u00e2nd folosi\u021bi geluri de du\u0219 clasice \u00een timpul sp\u0103l\u0103rii? Uleiul de du\u0219 Farmona Tutti Frutti Pear &amp; Ginger este alegerea ideal\u0103 pentru dvs. Nu numai c\u0103 v\u0103...","og_url":"https:\/\/shopatoa.com\/ro\/farmona-tutti-frutti-pear-ginger-ulei-pentru-baie-si-dus-pentru-fermitatea-pielii-400-g\/","og_site_name":"SHOPATOA","article_modified_time":"2025-12-10T09:35:32+00:00","og_image":[{"width":800,"height":800,"url":"https:\/\/storage.googleapis.com\/cz-shopatoa-img\/ro\/0d48a1c6-unnamed-file.webp","type":"image\/webp"}],"twitter_card":"summary_large_image","twitter_misc":{"Timp estimat pentru citire":"1 minut"},"schema":{"@context":"https:\/\/schema.org","@graph":[{"@type":"WebPage","@id":"https:\/\/shopatoa.com\/ro\/farmona-tutti-frutti-pear-ginger-ulei-pentru-baie-si-dus-pentru-fermitatea-pielii-400-g\/","url":"https:\/\/shopatoa.com\/ro\/farmona-tutti-frutti-pear-ginger-ulei-pentru-baie-si-dus-pentru-fermitatea-pielii-400-g\/","name":"Farmona Tutti Frutti Pear & Ginger ulei pentru baie si dus pentru fermitatea pielii 400 g - SHOPATOA.COM","isPartOf":{"@id":"https:\/\/shopatoa.com\/ro\/#website"},"primaryImageOfPage":{"@id":"https:\/\/shopatoa.com\/ro\/farmona-tutti-frutti-pear-ginger-ulei-pentru-baie-si-dus-pentru-fermitatea-pielii-400-g\/#primaryimage"},"image":{"@id":"https:\/\/shopatoa.com\/ro\/farmona-tutti-frutti-pear-ginger-ulei-pentru-baie-si-dus-pentru-fermitatea-pielii-400-g\/#primaryimage"},"thumbnailUrl":"https:\/\/storage.googleapis.com\/cz-shopatoa-img\/ro\/0d48a1c6-unnamed-file.webp","datePublished":"2025-06-21T13:52:16+00:00","dateModified":"2025-12-10T09:35:32+00:00","breadcrumb":{"@id":"https:\/\/shopatoa.com\/ro\/farmona-tutti-frutti-pear-ginger-ulei-pentru-baie-si-dus-pentru-fermitatea-pielii-400-g\/#breadcrumb"},"inLanguage":"ro-RO","potentialAction":[{"@type":"ReadAction","target":["https:\/\/shopatoa.com\/ro\/farmona-tutti-frutti-pear-ginger-ulei-pentru-baie-si-dus-pentru-fermitatea-pielii-400-g\/"]}]},{"@type":"ImageObject","inLanguage":"ro-RO","@id":"https:\/\/shopatoa.com\/ro\/farmona-tutti-frutti-pear-ginger-ulei-pentru-baie-si-dus-pentru-fermitatea-pielii-400-g\/#primaryimage","url":"https:\/\/storage.googleapis.com\/cz-shopatoa-img\/ro\/0d48a1c6-unnamed-file.webp","contentUrl":"https:\/\/storage.googleapis.com\/cz-shopatoa-img\/ro\/0d48a1c6-unnamed-file.webp","width":800,"height":800},{"@type":"BreadcrumbList","@id":"https:\/\/shopatoa.com\/ro\/farmona-tutti-frutti-pear-ginger-ulei-pentru-baie-si-dus-pentru-fermitatea-pielii-400-g\/#breadcrumb","itemListElement":[{"@type":"ListItem","position":1,"name":"Dom\u016f","item":"https:\/\/shopatoa.com\/ro\/"},{"@type":"ListItem","position":2,"name":"Shop","item":"https:\/\/shopatoa.com\/ro\/shop\/"},{"@type":"ListItem","position":3,"name":"S\u0103n\u0103tate \u0219i frumuse\u021be","item":"https:\/\/shopatoa.com\/ro\/sanatate-si-frumusete\/"},{"@type":"ListItem","position":4,"name":"\u00cengrijire personal\u0103","item":"https:\/\/shopatoa.com\/ro\/ingrijire-personala\/"},{"@type":"ListItem","position":5,"name":"Cosmetice","item":"https:\/\/shopatoa.com\/ro\/cosmetice-ingrijire-personala\/"},{"@type":"ListItem","position":6,"name":"Baie \u0219i corp","item":"https:\/\/shopatoa.com\/ro\/baie-si-corp\/"},{"@type":"ListItem","position":7,"name":"Gel de du\u0219","item":"https:\/\/shopatoa.com\/ro\/gel-de-dus\/"},{"@type":"ListItem","position":8,"name":"Farmona Tutti Frutti Pear &amp; Ginger ulei pentru baie si dus pentru fermitatea pielii 400 g"}]},{"@type":"WebSite","@id":"https:\/\/shopatoa.com\/ro\/#website","url":"https:\/\/shopatoa.com\/ro\/","name":"SHOPATOA","description":"","publisher":{"@id":"https:\/\/shopatoa.com\/ro\/#organization"},"potentialAction":[{"@type":"SearchAction","target":{"@type":"EntryPoint","urlTemplate":"https:\/\/shopatoa.com\/ro\/?s={search_term_string}"},"query-input":{"@type":"PropertyValueSpecification","valueRequired":true,"valueName":"search_term_string"}}],"inLanguage":"ro-RO"},{"@type":"Organization","@id":"https:\/\/shopatoa.com\/ro\/#organization","name":"SHOPATOA","url":"https:\/\/shopatoa.com\/ro\/","logo":{"@type":"ImageObject","inLanguage":"ro-RO","@id":"https:\/\/shopatoa.com\/ro\/#\/schema\/logo\/image\/","url":"https:\/\/storage.googleapis.com\/cz-shopatoa-img\/ro\/b4dac915-shopatoa_logo.png","contentUrl":"https:\/\/storage.googleapis.com\/cz-shopatoa-img\/ro\/b4dac915-shopatoa_logo.png","width":416,"height":63,"caption":"SHOPATOA"},"image":{"@id":"https:\/\/shopatoa.com\/ro\/#\/schema\/logo\/image\/"}}]}},"_links":{"self":[{"href":"https:\/\/shopatoa.com\/ro\/wp-json\/wp\/v2\/product\/423872","targetHints":{"allow":["GET"]}}],"collection":[{"href":"https:\/\/shopatoa.com\/ro\/wp-json\/wp\/v2\/product"}],"about":[{"href":"https:\/\/shopatoa.com\/ro\/wp-json\/wp\/v2\/types\/product"}],"replies":[{"embeddable":true,"href":"https:\/\/shopatoa.com\/ro\/wp-json\/wp\/v2\/comments?post=423872"}],"wp:featuredmedia":[{"embeddable":true,"href":"https:\/\/shopatoa.com\/ro\/wp-json\/wp\/v2\/media\/423873"}],"wp:attachment":[{"href":"https:\/\/shopatoa.com\/ro\/wp-json\/wp\/v2\/media?parent=423872"}],"wp:term":[{"taxonomy":"product_brand","embeddable":true,"href":"https:\/\/shopatoa.com\/ro\/wp-json\/wp\/v2\/product_brand?post=423872"},{"taxonomy":"product_cat","embeddable":true,"href":"https:\/\/shopatoa.com\/ro\/wp-json\/wp\/v2\/product_cat?post=423872"},{"taxonomy":"product_tag","embeddable":true,"href":"https:\/\/shopatoa.com\/ro\/wp-json\/wp\/v2\/product_tag?post=423872"}],"curies":[{"name":"wp","href":"https:\/\/api.w.org\/{rel}","templated":true}]}}