{"id":423876,"date":"2025-06-21T15:52:16","date_gmt":"2025-06-21T13:52:16","guid":{"rendered":"https:\/\/shopatoa.com\/ro\/farmona-nivelazione-crema-exfolianta-pentru-picioare-100-ml\/"},"modified":"2025-12-10T10:35:48","modified_gmt":"2025-12-10T09:35:48","slug":"farmona-nivelazione-crema-exfolianta-pentru-picioare-100-ml","status":"publish","type":"product","link":"https:\/\/shopatoa.com\/ro\/farmona-nivelazione-crema-exfolianta-pentru-picioare-100-ml\/","title":{"rendered":"Farmona Nivelazione crema exfolianta pentru picioare 100 ml"},"content":{"rendered":"<p>Farmona Nivelazione, 100 ml, Pedichiur\u0103 pentru femei, Dori\u021bi s\u0103 v\u0103 etala\u021bi picioarele frumoase? Nu este nevoie s\u0103 apela\u021bi direct la un salon de cosmetic\u0103. Produsul Farmona Nivelazione faciliteaz\u0103 pedichiura acas\u0103, pentru ca dvs. s\u0103 pute\u021bi purta din nou pantofi decupa\u021bi, f\u0103r\u0103 fric\u0103, ba chiar cu pl\u0103cere.  Caracteristici:  are efect regenerator \u00eenl\u0103tur\u0103 pielea \u00eengro\u0219at\u0103 de pe picioare hidrateaz\u0103 \u0219i \u00eenmoaie pielea cr\u0103pat\u0103  Ingrediente:  produs vegan  Cum se utilizeaz\u0103: Se aplic\u0103 pe picioare \u0219i se maseaz\u0103 delicat. Se cl\u0103te\u0219te.<\/p>\n","protected":false},"excerpt":{"rendered":"<p>Farmona Nivelazione, 100 ml, Pedichiur\u0103 pentru femei, Dori\u021bi s\u0103 v\u0103 etala\u021bi picioarele frumoase? Nu este nevoie s\u0103 apela\u021bi direct la un salon de cosmetic\u0103. Produsul Farmona Nivelazione faciliteaz\u0103 pedichiura acas\u0103, pentru ca dvs. s\u0103 pute\u021bi purta din nou pantofi decupa\u021bi, f\u0103r\u0103 fric\u0103, ba chiar cu pl\u0103cere. Caracteristici: are efect regenerator \u00eenl\u0103tur\u0103 pielea \u00eengro\u0219at\u0103 de pe&#8230;<\/p>\n","protected":false},"featured_media":423877,"comment_status":"closed","ping_status":"open","template":"","meta":{"_acf_changed":false,"_kadence_starter_templates_imported_post":false,"_kad_post_transparent":"","_kad_post_title":"","_kad_post_layout":"","_kad_post_sidebar_id":"","_kad_post_content_style":"","_kad_post_vertical_padding":"","_kad_post_feature":"","_kad_post_feature_position":"","_kad_post_header":false,"_kad_post_footer":false,"_kad_post_classname":""},"product_brand":[1775],"product_cat":[1563,1972,1562],"product_tag":[],"class_list":{"0":"post-423876","1":"product","2":"type-product","3":"status-publish","4":"has-post-thumbnail","6":"product_brand-farmona","7":"product_cat-ingrijire-personala","8":"product_cat-ingrijirea-picioarelor","9":"product_cat-sanatate-si-frumusete","10":"pa_gen-female","11":"pa_marime-100-ml","13":"first","14":"instock","15":"product-type-external","16":"entry","17":"content-bg","18":"loop-entry"},"acf":[],"yoast_head":"<!-- This site is optimized with the Yoast SEO plugin v27.4 - https:\/\/yoast.com\/product\/yoast-seo-wordpress\/ -->\n<title>Farmona Nivelazione crema exfolianta pentru picioare 100 ml - SHOPATOA.COM<\/title>\n<meta name=\"robots\" content=\"index, follow, max-snippet:-1, max-image-preview:large, max-video-preview:-1\" \/>\n<link rel=\"canonical\" href=\"https:\/\/shopatoa.com\/ro\/farmona-nivelazione-crema-exfolianta-pentru-picioare-100-ml\/\" \/>\n<meta property=\"og:locale\" content=\"ro_RO\" \/>\n<meta property=\"og:type\" content=\"article\" \/>\n<meta property=\"og:title\" content=\"Farmona Nivelazione crema exfolianta pentru picioare 100 ml - SHOPATOA.COM\" \/>\n<meta property=\"og:description\" content=\"Farmona Nivelazione, 100 ml, Pedichiur\u0103 pentru femei, Dori\u021bi s\u0103 v\u0103 etala\u021bi picioarele frumoase? Nu este nevoie s\u0103 apela\u021bi direct la un salon de cosmetic\u0103. Produsul Farmona Nivelazione faciliteaz\u0103 pedichiura acas\u0103, pentru ca dvs. s\u0103 pute\u021bi purta din nou pantofi decupa\u021bi, f\u0103r\u0103 fric\u0103, ba chiar cu pl\u0103cere. Caracteristici: are efect regenerator \u00eenl\u0103tur\u0103 pielea \u00eengro\u0219at\u0103 de pe...\" \/>\n<meta property=\"og:url\" content=\"https:\/\/shopatoa.com\/ro\/farmona-nivelazione-crema-exfolianta-pentru-picioare-100-ml\/\" \/>\n<meta property=\"og:site_name\" content=\"SHOPATOA\" \/>\n<meta property=\"article:modified_time\" content=\"2025-12-10T09:35:48+00:00\" \/>\n<meta property=\"og:image\" content=\"https:\/\/storage.googleapis.com\/cz-shopatoa-img\/ro\/13b55e27-unnamed-file.webp\" \/>\n\t<meta property=\"og:image:width\" content=\"800\" \/>\n\t<meta property=\"og:image:height\" content=\"800\" \/>\n\t<meta property=\"og:image:type\" content=\"image\/webp\" \/>\n<meta name=\"twitter:card\" content=\"summary_large_image\" \/>\n<script type=\"application\/ld+json\" class=\"yoast-schema-graph\">{\"@context\":\"https:\\\/\\\/schema.org\",\"@graph\":[{\"@type\":\"WebPage\",\"@id\":\"https:\\\/\\\/shopatoa.com\\\/ro\\\/farmona-nivelazione-crema-exfolianta-pentru-picioare-100-ml\\\/\",\"url\":\"https:\\\/\\\/shopatoa.com\\\/ro\\\/farmona-nivelazione-crema-exfolianta-pentru-picioare-100-ml\\\/\",\"name\":\"Farmona Nivelazione crema exfolianta pentru picioare 100 ml - SHOPATOA.COM\",\"isPartOf\":{\"@id\":\"https:\\\/\\\/shopatoa.com\\\/ro\\\/#website\"},\"primaryImageOfPage\":{\"@id\":\"https:\\\/\\\/shopatoa.com\\\/ro\\\/farmona-nivelazione-crema-exfolianta-pentru-picioare-100-ml\\\/#primaryimage\"},\"image\":{\"@id\":\"https:\\\/\\\/shopatoa.com\\\/ro\\\/farmona-nivelazione-crema-exfolianta-pentru-picioare-100-ml\\\/#primaryimage\"},\"thumbnailUrl\":\"https:\\\/\\\/storage.googleapis.com\\\/cz-shopatoa-img\\\/ro\\\/13b55e27-unnamed-file.webp\",\"datePublished\":\"2025-06-21T13:52:16+00:00\",\"dateModified\":\"2025-12-10T09:35:48+00:00\",\"breadcrumb\":{\"@id\":\"https:\\\/\\\/shopatoa.com\\\/ro\\\/farmona-nivelazione-crema-exfolianta-pentru-picioare-100-ml\\\/#breadcrumb\"},\"inLanguage\":\"ro-RO\",\"potentialAction\":[{\"@type\":\"ReadAction\",\"target\":[\"https:\\\/\\\/shopatoa.com\\\/ro\\\/farmona-nivelazione-crema-exfolianta-pentru-picioare-100-ml\\\/\"]}]},{\"@type\":\"ImageObject\",\"inLanguage\":\"ro-RO\",\"@id\":\"https:\\\/\\\/shopatoa.com\\\/ro\\\/farmona-nivelazione-crema-exfolianta-pentru-picioare-100-ml\\\/#primaryimage\",\"url\":\"https:\\\/\\\/storage.googleapis.com\\\/cz-shopatoa-img\\\/ro\\\/13b55e27-unnamed-file.webp\",\"contentUrl\":\"https:\\\/\\\/storage.googleapis.com\\\/cz-shopatoa-img\\\/ro\\\/13b55e27-unnamed-file.webp\",\"width\":800,\"height\":800},{\"@type\":\"BreadcrumbList\",\"@id\":\"https:\\\/\\\/shopatoa.com\\\/ro\\\/farmona-nivelazione-crema-exfolianta-pentru-picioare-100-ml\\\/#breadcrumb\",\"itemListElement\":[{\"@type\":\"ListItem\",\"position\":1,\"name\":\"Dom\u016f\",\"item\":\"https:\\\/\\\/shopatoa.com\\\/ro\\\/\"},{\"@type\":\"ListItem\",\"position\":2,\"name\":\"Shop\",\"item\":\"https:\\\/\\\/shopatoa.com\\\/ro\\\/shop\\\/\"},{\"@type\":\"ListItem\",\"position\":3,\"name\":\"S\u0103n\u0103tate \u0219i frumuse\u021be\",\"item\":\"https:\\\/\\\/shopatoa.com\\\/ro\\\/sanatate-si-frumusete\\\/\"},{\"@type\":\"ListItem\",\"position\":4,\"name\":\"\u00cengrijire personal\u0103\",\"item\":\"https:\\\/\\\/shopatoa.com\\\/ro\\\/ingrijire-personala\\\/\"},{\"@type\":\"ListItem\",\"position\":5,\"name\":\"\u00cengrijirea picioarelor\",\"item\":\"https:\\\/\\\/shopatoa.com\\\/ro\\\/ingrijirea-picioarelor\\\/\"},{\"@type\":\"ListItem\",\"position\":6,\"name\":\"Farmona Nivelazione crema exfolianta pentru picioare 100 ml\"}]},{\"@type\":\"WebSite\",\"@id\":\"https:\\\/\\\/shopatoa.com\\\/ro\\\/#website\",\"url\":\"https:\\\/\\\/shopatoa.com\\\/ro\\\/\",\"name\":\"SHOPATOA\",\"description\":\"\",\"publisher\":{\"@id\":\"https:\\\/\\\/shopatoa.com\\\/ro\\\/#organization\"},\"potentialAction\":[{\"@type\":\"SearchAction\",\"target\":{\"@type\":\"EntryPoint\",\"urlTemplate\":\"https:\\\/\\\/shopatoa.com\\\/ro\\\/?s={search_term_string}\"},\"query-input\":{\"@type\":\"PropertyValueSpecification\",\"valueRequired\":true,\"valueName\":\"search_term_string\"}}],\"inLanguage\":\"ro-RO\"},{\"@type\":\"Organization\",\"@id\":\"https:\\\/\\\/shopatoa.com\\\/ro\\\/#organization\",\"name\":\"SHOPATOA\",\"url\":\"https:\\\/\\\/shopatoa.com\\\/ro\\\/\",\"logo\":{\"@type\":\"ImageObject\",\"inLanguage\":\"ro-RO\",\"@id\":\"https:\\\/\\\/shopatoa.com\\\/ro\\\/#\\\/schema\\\/logo\\\/image\\\/\",\"url\":\"https:\\\/\\\/storage.googleapis.com\\\/cz-shopatoa-img\\\/ro\\\/b4dac915-shopatoa_logo.png\",\"contentUrl\":\"https:\\\/\\\/storage.googleapis.com\\\/cz-shopatoa-img\\\/ro\\\/b4dac915-shopatoa_logo.png\",\"width\":416,\"height\":63,\"caption\":\"SHOPATOA\"},\"image\":{\"@id\":\"https:\\\/\\\/shopatoa.com\\\/ro\\\/#\\\/schema\\\/logo\\\/image\\\/\"}}]}<\/script>\n<!-- \/ Yoast SEO plugin. -->","yoast_head_json":{"title":"Farmona Nivelazione crema exfolianta pentru picioare 100 ml - SHOPATOA.COM","robots":{"index":"index","follow":"follow","max-snippet":"max-snippet:-1","max-image-preview":"max-image-preview:large","max-video-preview":"max-video-preview:-1"},"canonical":"https:\/\/shopatoa.com\/ro\/farmona-nivelazione-crema-exfolianta-pentru-picioare-100-ml\/","og_locale":"ro_RO","og_type":"article","og_title":"Farmona Nivelazione crema exfolianta pentru picioare 100 ml - SHOPATOA.COM","og_description":"Farmona Nivelazione, 100 ml, Pedichiur\u0103 pentru femei, Dori\u021bi s\u0103 v\u0103 etala\u021bi picioarele frumoase? Nu este nevoie s\u0103 apela\u021bi direct la un salon de cosmetic\u0103. Produsul Farmona Nivelazione faciliteaz\u0103 pedichiura acas\u0103, pentru ca dvs. s\u0103 pute\u021bi purta din nou pantofi decupa\u021bi, f\u0103r\u0103 fric\u0103, ba chiar cu pl\u0103cere. Caracteristici: are efect regenerator \u00eenl\u0103tur\u0103 pielea \u00eengro\u0219at\u0103 de pe...","og_url":"https:\/\/shopatoa.com\/ro\/farmona-nivelazione-crema-exfolianta-pentru-picioare-100-ml\/","og_site_name":"SHOPATOA","article_modified_time":"2025-12-10T09:35:48+00:00","og_image":[{"width":800,"height":800,"url":"https:\/\/storage.googleapis.com\/cz-shopatoa-img\/ro\/13b55e27-unnamed-file.webp","type":"image\/webp"}],"twitter_card":"summary_large_image","schema":{"@context":"https:\/\/schema.org","@graph":[{"@type":"WebPage","@id":"https:\/\/shopatoa.com\/ro\/farmona-nivelazione-crema-exfolianta-pentru-picioare-100-ml\/","url":"https:\/\/shopatoa.com\/ro\/farmona-nivelazione-crema-exfolianta-pentru-picioare-100-ml\/","name":"Farmona Nivelazione crema exfolianta pentru picioare 100 ml - SHOPATOA.COM","isPartOf":{"@id":"https:\/\/shopatoa.com\/ro\/#website"},"primaryImageOfPage":{"@id":"https:\/\/shopatoa.com\/ro\/farmona-nivelazione-crema-exfolianta-pentru-picioare-100-ml\/#primaryimage"},"image":{"@id":"https:\/\/shopatoa.com\/ro\/farmona-nivelazione-crema-exfolianta-pentru-picioare-100-ml\/#primaryimage"},"thumbnailUrl":"https:\/\/storage.googleapis.com\/cz-shopatoa-img\/ro\/13b55e27-unnamed-file.webp","datePublished":"2025-06-21T13:52:16+00:00","dateModified":"2025-12-10T09:35:48+00:00","breadcrumb":{"@id":"https:\/\/shopatoa.com\/ro\/farmona-nivelazione-crema-exfolianta-pentru-picioare-100-ml\/#breadcrumb"},"inLanguage":"ro-RO","potentialAction":[{"@type":"ReadAction","target":["https:\/\/shopatoa.com\/ro\/farmona-nivelazione-crema-exfolianta-pentru-picioare-100-ml\/"]}]},{"@type":"ImageObject","inLanguage":"ro-RO","@id":"https:\/\/shopatoa.com\/ro\/farmona-nivelazione-crema-exfolianta-pentru-picioare-100-ml\/#primaryimage","url":"https:\/\/storage.googleapis.com\/cz-shopatoa-img\/ro\/13b55e27-unnamed-file.webp","contentUrl":"https:\/\/storage.googleapis.com\/cz-shopatoa-img\/ro\/13b55e27-unnamed-file.webp","width":800,"height":800},{"@type":"BreadcrumbList","@id":"https:\/\/shopatoa.com\/ro\/farmona-nivelazione-crema-exfolianta-pentru-picioare-100-ml\/#breadcrumb","itemListElement":[{"@type":"ListItem","position":1,"name":"Dom\u016f","item":"https:\/\/shopatoa.com\/ro\/"},{"@type":"ListItem","position":2,"name":"Shop","item":"https:\/\/shopatoa.com\/ro\/shop\/"},{"@type":"ListItem","position":3,"name":"S\u0103n\u0103tate \u0219i frumuse\u021be","item":"https:\/\/shopatoa.com\/ro\/sanatate-si-frumusete\/"},{"@type":"ListItem","position":4,"name":"\u00cengrijire personal\u0103","item":"https:\/\/shopatoa.com\/ro\/ingrijire-personala\/"},{"@type":"ListItem","position":5,"name":"\u00cengrijirea picioarelor","item":"https:\/\/shopatoa.com\/ro\/ingrijirea-picioarelor\/"},{"@type":"ListItem","position":6,"name":"Farmona Nivelazione crema exfolianta pentru picioare 100 ml"}]},{"@type":"WebSite","@id":"https:\/\/shopatoa.com\/ro\/#website","url":"https:\/\/shopatoa.com\/ro\/","name":"SHOPATOA","description":"","publisher":{"@id":"https:\/\/shopatoa.com\/ro\/#organization"},"potentialAction":[{"@type":"SearchAction","target":{"@type":"EntryPoint","urlTemplate":"https:\/\/shopatoa.com\/ro\/?s={search_term_string}"},"query-input":{"@type":"PropertyValueSpecification","valueRequired":true,"valueName":"search_term_string"}}],"inLanguage":"ro-RO"},{"@type":"Organization","@id":"https:\/\/shopatoa.com\/ro\/#organization","name":"SHOPATOA","url":"https:\/\/shopatoa.com\/ro\/","logo":{"@type":"ImageObject","inLanguage":"ro-RO","@id":"https:\/\/shopatoa.com\/ro\/#\/schema\/logo\/image\/","url":"https:\/\/storage.googleapis.com\/cz-shopatoa-img\/ro\/b4dac915-shopatoa_logo.png","contentUrl":"https:\/\/storage.googleapis.com\/cz-shopatoa-img\/ro\/b4dac915-shopatoa_logo.png","width":416,"height":63,"caption":"SHOPATOA"},"image":{"@id":"https:\/\/shopatoa.com\/ro\/#\/schema\/logo\/image\/"}}]}},"_links":{"self":[{"href":"https:\/\/shopatoa.com\/ro\/wp-json\/wp\/v2\/product\/423876","targetHints":{"allow":["GET"]}}],"collection":[{"href":"https:\/\/shopatoa.com\/ro\/wp-json\/wp\/v2\/product"}],"about":[{"href":"https:\/\/shopatoa.com\/ro\/wp-json\/wp\/v2\/types\/product"}],"replies":[{"embeddable":true,"href":"https:\/\/shopatoa.com\/ro\/wp-json\/wp\/v2\/comments?post=423876"}],"wp:featuredmedia":[{"embeddable":true,"href":"https:\/\/shopatoa.com\/ro\/wp-json\/wp\/v2\/media\/423877"}],"wp:attachment":[{"href":"https:\/\/shopatoa.com\/ro\/wp-json\/wp\/v2\/media?parent=423876"}],"wp:term":[{"taxonomy":"product_brand","embeddable":true,"href":"https:\/\/shopatoa.com\/ro\/wp-json\/wp\/v2\/product_brand?post=423876"},{"taxonomy":"product_cat","embeddable":true,"href":"https:\/\/shopatoa.com\/ro\/wp-json\/wp\/v2\/product_cat?post=423876"},{"taxonomy":"product_tag","embeddable":true,"href":"https:\/\/shopatoa.com\/ro\/wp-json\/wp\/v2\/product_tag?post=423876"}],"curies":[{"name":"wp","href":"https:\/\/api.w.org\/{rel}","templated":true}]}}