{"id":424248,"date":"2025-06-21T16:25:25","date_gmt":"2025-06-21T14:25:25","guid":{"rendered":"https:\/\/shopatoa.com\/ro\/farmasi-dr-c-tuna-deodorant-pentru-picioare-cu-efect-revigorant-115-ml\/"},"modified":"2025-10-23T04:13:10","modified_gmt":"2025-10-23T02:13:10","slug":"farmasi-dr-c-tuna-deodorant-pentru-picioare-cu-efect-revigorant-115-ml","status":"publish","type":"product","link":"https:\/\/shopatoa.com\/ro\/farmasi-dr-c-tuna-deodorant-pentru-picioare-cu-efect-revigorant-115-ml\/","title":{"rendered":"Farmasi Dr. C. Tuna deodorant pentru picioare cu efect revigorant 115 ml"},"content":{"rendered":"<p>Farmasi Dr. C. Tuna, 115 ml, Spray pentru picioare pentru femei, Prospe\u021bime pe \u00eentreaga durat\u0103 a zilei \u0219i protec\u021bie \u00eempotriva mirosului de transpira\u021biei merit\u0103 nu numai axilele, ci \u0219i t\u0103lpile noastre. Antiperspirantul pentru picioare FarmasiDr. C. Tuna previne nepl\u0103cerea cauzat\u0103 de mirosul nepl\u0103cut al \u0219osetelor sau pantofilor. Datorit\u0103 ingredientelor sale antiperspirante, previne activ formarea transpira\u021biei, ajut\u00e2nd la men\u021binerea pielii uscate pentru o perioad\u0103 lung\u0103 de timp, f\u0103r\u0103 umiditate \u0219i mirosuri nedorite. \u00cencepe\u021bi programul zilei cu piciorul potrivit \u0219i proasp\u0103t.  Caracteristici:  suprim\u0103 mirosul nepl\u0103cut al picioarelor \u00eemprosp\u0103teaz\u0103 \u0219i r\u0103core\u0219te pl\u0103cut parfumeaz\u0103 picioarele \u0219i pantofii  Cum se utilizeaz\u0103: Se pulverizeaz\u0103 cantitatea necesar\u0103 de produs pe picioare \u0219i \u00eentre degete. Se aplic\u0103 \u00een orice moment, \u00een timpul zilei.<\/p>\n","protected":false},"excerpt":{"rendered":"<p>Farmasi Dr. C. Tuna, 115 ml, Spray pentru picioare pentru femei, Prospe\u021bime pe \u00eentreaga durat\u0103 a zilei \u0219i protec\u021bie \u00eempotriva mirosului de transpira\u021biei merit\u0103 nu numai axilele, ci \u0219i t\u0103lpile noastre. Antiperspirantul pentru picioare FarmasiDr. C. Tuna previne nepl\u0103cerea cauzat\u0103 de mirosul nepl\u0103cut al \u0219osetelor sau pantofilor. Datorit\u0103 ingredientelor sale antiperspirante, previne activ formarea transpira\u021biei,&#8230;<\/p>\n","protected":false},"featured_media":424249,"comment_status":"closed","ping_status":"open","template":"","meta":{"_acf_changed":false,"_kadence_starter_templates_imported_post":false,"_kad_post_transparent":"","_kad_post_title":"","_kad_post_layout":"","_kad_post_sidebar_id":"","_kad_post_content_style":"","_kad_post_vertical_padding":"","_kad_post_feature":"","_kad_post_feature_position":"","_kad_post_header":false,"_kad_post_footer":false,"_kad_post_classname":""},"product_brand":[2538],"product_cat":[1563,1972,1562],"product_tag":[],"class_list":{"0":"post-424248","1":"product","2":"type-product","3":"status-publish","4":"has-post-thumbnail","6":"product_brand-farmasi","7":"product_cat-ingrijire-personala","8":"product_cat-ingrijirea-picioarelor","9":"product_cat-sanatate-si-frumusete","10":"pa_gen-female","11":"pa_marime-115-ml","13":"first","14":"instock","15":"product-type-external","16":"entry","17":"content-bg","18":"loop-entry"},"acf":[],"yoast_head":"<!-- This site is optimized with the Yoast SEO plugin v27.4 - https:\/\/yoast.com\/product\/yoast-seo-wordpress\/ -->\n<title>Farmasi Dr. C. Tuna deodorant pentru picioare cu efect revigorant 115 ml - SHOPATOA.COM<\/title>\n<meta name=\"robots\" content=\"index, follow, max-snippet:-1, max-image-preview:large, max-video-preview:-1\" \/>\n<link rel=\"canonical\" href=\"https:\/\/shopatoa.com\/ro\/farmasi-dr-c-tuna-deodorant-pentru-picioare-cu-efect-revigorant-115-ml\/\" \/>\n<meta property=\"og:locale\" content=\"ro_RO\" \/>\n<meta property=\"og:type\" content=\"article\" \/>\n<meta property=\"og:title\" content=\"Farmasi Dr. C. Tuna deodorant pentru picioare cu efect revigorant 115 ml - SHOPATOA.COM\" \/>\n<meta property=\"og:description\" content=\"Farmasi Dr. C. Tuna, 115 ml, Spray pentru picioare pentru femei, Prospe\u021bime pe \u00eentreaga durat\u0103 a zilei \u0219i protec\u021bie \u00eempotriva mirosului de transpira\u021biei merit\u0103 nu numai axilele, ci \u0219i t\u0103lpile noastre. Antiperspirantul pentru picioare FarmasiDr. C. Tuna previne nepl\u0103cerea cauzat\u0103 de mirosul nepl\u0103cut al \u0219osetelor sau pantofilor. Datorit\u0103 ingredientelor sale antiperspirante, previne activ formarea transpira\u021biei,...\" \/>\n<meta property=\"og:url\" content=\"https:\/\/shopatoa.com\/ro\/farmasi-dr-c-tuna-deodorant-pentru-picioare-cu-efect-revigorant-115-ml\/\" \/>\n<meta property=\"og:site_name\" content=\"SHOPATOA\" \/>\n<meta property=\"article:modified_time\" content=\"2025-10-23T02:13:10+00:00\" \/>\n<meta property=\"og:image\" content=\"https:\/\/storage.googleapis.com\/cz-shopatoa-img\/ro\/789b8228-unnamed-file.webp\" \/>\n\t<meta property=\"og:image:width\" content=\"800\" \/>\n\t<meta property=\"og:image:height\" content=\"800\" \/>\n\t<meta property=\"og:image:type\" content=\"image\/webp\" \/>\n<meta name=\"twitter:card\" content=\"summary_large_image\" \/>\n<meta name=\"twitter:label1\" content=\"Timp estimat pentru citire\" \/>\n\t<meta name=\"twitter:data1\" content=\"1 minut\" \/>\n<script type=\"application\/ld+json\" class=\"yoast-schema-graph\">{\"@context\":\"https:\\\/\\\/schema.org\",\"@graph\":[{\"@type\":\"WebPage\",\"@id\":\"https:\\\/\\\/shopatoa.com\\\/ro\\\/farmasi-dr-c-tuna-deodorant-pentru-picioare-cu-efect-revigorant-115-ml\\\/\",\"url\":\"https:\\\/\\\/shopatoa.com\\\/ro\\\/farmasi-dr-c-tuna-deodorant-pentru-picioare-cu-efect-revigorant-115-ml\\\/\",\"name\":\"Farmasi Dr. C. Tuna deodorant pentru picioare cu efect revigorant 115 ml - SHOPATOA.COM\",\"isPartOf\":{\"@id\":\"https:\\\/\\\/shopatoa.com\\\/ro\\\/#website\"},\"primaryImageOfPage\":{\"@id\":\"https:\\\/\\\/shopatoa.com\\\/ro\\\/farmasi-dr-c-tuna-deodorant-pentru-picioare-cu-efect-revigorant-115-ml\\\/#primaryimage\"},\"image\":{\"@id\":\"https:\\\/\\\/shopatoa.com\\\/ro\\\/farmasi-dr-c-tuna-deodorant-pentru-picioare-cu-efect-revigorant-115-ml\\\/#primaryimage\"},\"thumbnailUrl\":\"https:\\\/\\\/storage.googleapis.com\\\/cz-shopatoa-img\\\/ro\\\/789b8228-unnamed-file.webp\",\"datePublished\":\"2025-06-21T14:25:25+00:00\",\"dateModified\":\"2025-10-23T02:13:10+00:00\",\"breadcrumb\":{\"@id\":\"https:\\\/\\\/shopatoa.com\\\/ro\\\/farmasi-dr-c-tuna-deodorant-pentru-picioare-cu-efect-revigorant-115-ml\\\/#breadcrumb\"},\"inLanguage\":\"ro-RO\",\"potentialAction\":[{\"@type\":\"ReadAction\",\"target\":[\"https:\\\/\\\/shopatoa.com\\\/ro\\\/farmasi-dr-c-tuna-deodorant-pentru-picioare-cu-efect-revigorant-115-ml\\\/\"]}]},{\"@type\":\"ImageObject\",\"inLanguage\":\"ro-RO\",\"@id\":\"https:\\\/\\\/shopatoa.com\\\/ro\\\/farmasi-dr-c-tuna-deodorant-pentru-picioare-cu-efect-revigorant-115-ml\\\/#primaryimage\",\"url\":\"https:\\\/\\\/storage.googleapis.com\\\/cz-shopatoa-img\\\/ro\\\/789b8228-unnamed-file.webp\",\"contentUrl\":\"https:\\\/\\\/storage.googleapis.com\\\/cz-shopatoa-img\\\/ro\\\/789b8228-unnamed-file.webp\",\"width\":800,\"height\":800},{\"@type\":\"BreadcrumbList\",\"@id\":\"https:\\\/\\\/shopatoa.com\\\/ro\\\/farmasi-dr-c-tuna-deodorant-pentru-picioare-cu-efect-revigorant-115-ml\\\/#breadcrumb\",\"itemListElement\":[{\"@type\":\"ListItem\",\"position\":1,\"name\":\"Dom\u016f\",\"item\":\"https:\\\/\\\/shopatoa.com\\\/ro\\\/\"},{\"@type\":\"ListItem\",\"position\":2,\"name\":\"Shop\",\"item\":\"https:\\\/\\\/shopatoa.com\\\/ro\\\/shop\\\/\"},{\"@type\":\"ListItem\",\"position\":3,\"name\":\"S\u0103n\u0103tate \u0219i frumuse\u021be\",\"item\":\"https:\\\/\\\/shopatoa.com\\\/ro\\\/sanatate-si-frumusete\\\/\"},{\"@type\":\"ListItem\",\"position\":4,\"name\":\"\u00cengrijire personal\u0103\",\"item\":\"https:\\\/\\\/shopatoa.com\\\/ro\\\/ingrijire-personala\\\/\"},{\"@type\":\"ListItem\",\"position\":5,\"name\":\"\u00cengrijirea picioarelor\",\"item\":\"https:\\\/\\\/shopatoa.com\\\/ro\\\/ingrijirea-picioarelor\\\/\"},{\"@type\":\"ListItem\",\"position\":6,\"name\":\"Farmasi Dr. C. Tuna deodorant pentru picioare cu efect revigorant 115 ml\"}]},{\"@type\":\"WebSite\",\"@id\":\"https:\\\/\\\/shopatoa.com\\\/ro\\\/#website\",\"url\":\"https:\\\/\\\/shopatoa.com\\\/ro\\\/\",\"name\":\"SHOPATOA\",\"description\":\"\",\"publisher\":{\"@id\":\"https:\\\/\\\/shopatoa.com\\\/ro\\\/#organization\"},\"potentialAction\":[{\"@type\":\"SearchAction\",\"target\":{\"@type\":\"EntryPoint\",\"urlTemplate\":\"https:\\\/\\\/shopatoa.com\\\/ro\\\/?s={search_term_string}\"},\"query-input\":{\"@type\":\"PropertyValueSpecification\",\"valueRequired\":true,\"valueName\":\"search_term_string\"}}],\"inLanguage\":\"ro-RO\"},{\"@type\":\"Organization\",\"@id\":\"https:\\\/\\\/shopatoa.com\\\/ro\\\/#organization\",\"name\":\"SHOPATOA\",\"url\":\"https:\\\/\\\/shopatoa.com\\\/ro\\\/\",\"logo\":{\"@type\":\"ImageObject\",\"inLanguage\":\"ro-RO\",\"@id\":\"https:\\\/\\\/shopatoa.com\\\/ro\\\/#\\\/schema\\\/logo\\\/image\\\/\",\"url\":\"https:\\\/\\\/storage.googleapis.com\\\/cz-shopatoa-img\\\/ro\\\/b4dac915-shopatoa_logo.png\",\"contentUrl\":\"https:\\\/\\\/storage.googleapis.com\\\/cz-shopatoa-img\\\/ro\\\/b4dac915-shopatoa_logo.png\",\"width\":416,\"height\":63,\"caption\":\"SHOPATOA\"},\"image\":{\"@id\":\"https:\\\/\\\/shopatoa.com\\\/ro\\\/#\\\/schema\\\/logo\\\/image\\\/\"}}]}<\/script>\n<!-- \/ Yoast SEO plugin. -->","yoast_head_json":{"title":"Farmasi Dr. C. Tuna deodorant pentru picioare cu efect revigorant 115 ml - SHOPATOA.COM","robots":{"index":"index","follow":"follow","max-snippet":"max-snippet:-1","max-image-preview":"max-image-preview:large","max-video-preview":"max-video-preview:-1"},"canonical":"https:\/\/shopatoa.com\/ro\/farmasi-dr-c-tuna-deodorant-pentru-picioare-cu-efect-revigorant-115-ml\/","og_locale":"ro_RO","og_type":"article","og_title":"Farmasi Dr. C. Tuna deodorant pentru picioare cu efect revigorant 115 ml - SHOPATOA.COM","og_description":"Farmasi Dr. C. Tuna, 115 ml, Spray pentru picioare pentru femei, Prospe\u021bime pe \u00eentreaga durat\u0103 a zilei \u0219i protec\u021bie \u00eempotriva mirosului de transpira\u021biei merit\u0103 nu numai axilele, ci \u0219i t\u0103lpile noastre. Antiperspirantul pentru picioare FarmasiDr. C. Tuna previne nepl\u0103cerea cauzat\u0103 de mirosul nepl\u0103cut al \u0219osetelor sau pantofilor. Datorit\u0103 ingredientelor sale antiperspirante, previne activ formarea transpira\u021biei,...","og_url":"https:\/\/shopatoa.com\/ro\/farmasi-dr-c-tuna-deodorant-pentru-picioare-cu-efect-revigorant-115-ml\/","og_site_name":"SHOPATOA","article_modified_time":"2025-10-23T02:13:10+00:00","og_image":[{"width":800,"height":800,"url":"https:\/\/storage.googleapis.com\/cz-shopatoa-img\/ro\/789b8228-unnamed-file.webp","type":"image\/webp"}],"twitter_card":"summary_large_image","twitter_misc":{"Timp estimat pentru citire":"1 minut"},"schema":{"@context":"https:\/\/schema.org","@graph":[{"@type":"WebPage","@id":"https:\/\/shopatoa.com\/ro\/farmasi-dr-c-tuna-deodorant-pentru-picioare-cu-efect-revigorant-115-ml\/","url":"https:\/\/shopatoa.com\/ro\/farmasi-dr-c-tuna-deodorant-pentru-picioare-cu-efect-revigorant-115-ml\/","name":"Farmasi Dr. C. Tuna deodorant pentru picioare cu efect revigorant 115 ml - SHOPATOA.COM","isPartOf":{"@id":"https:\/\/shopatoa.com\/ro\/#website"},"primaryImageOfPage":{"@id":"https:\/\/shopatoa.com\/ro\/farmasi-dr-c-tuna-deodorant-pentru-picioare-cu-efect-revigorant-115-ml\/#primaryimage"},"image":{"@id":"https:\/\/shopatoa.com\/ro\/farmasi-dr-c-tuna-deodorant-pentru-picioare-cu-efect-revigorant-115-ml\/#primaryimage"},"thumbnailUrl":"https:\/\/storage.googleapis.com\/cz-shopatoa-img\/ro\/789b8228-unnamed-file.webp","datePublished":"2025-06-21T14:25:25+00:00","dateModified":"2025-10-23T02:13:10+00:00","breadcrumb":{"@id":"https:\/\/shopatoa.com\/ro\/farmasi-dr-c-tuna-deodorant-pentru-picioare-cu-efect-revigorant-115-ml\/#breadcrumb"},"inLanguage":"ro-RO","potentialAction":[{"@type":"ReadAction","target":["https:\/\/shopatoa.com\/ro\/farmasi-dr-c-tuna-deodorant-pentru-picioare-cu-efect-revigorant-115-ml\/"]}]},{"@type":"ImageObject","inLanguage":"ro-RO","@id":"https:\/\/shopatoa.com\/ro\/farmasi-dr-c-tuna-deodorant-pentru-picioare-cu-efect-revigorant-115-ml\/#primaryimage","url":"https:\/\/storage.googleapis.com\/cz-shopatoa-img\/ro\/789b8228-unnamed-file.webp","contentUrl":"https:\/\/storage.googleapis.com\/cz-shopatoa-img\/ro\/789b8228-unnamed-file.webp","width":800,"height":800},{"@type":"BreadcrumbList","@id":"https:\/\/shopatoa.com\/ro\/farmasi-dr-c-tuna-deodorant-pentru-picioare-cu-efect-revigorant-115-ml\/#breadcrumb","itemListElement":[{"@type":"ListItem","position":1,"name":"Dom\u016f","item":"https:\/\/shopatoa.com\/ro\/"},{"@type":"ListItem","position":2,"name":"Shop","item":"https:\/\/shopatoa.com\/ro\/shop\/"},{"@type":"ListItem","position":3,"name":"S\u0103n\u0103tate \u0219i frumuse\u021be","item":"https:\/\/shopatoa.com\/ro\/sanatate-si-frumusete\/"},{"@type":"ListItem","position":4,"name":"\u00cengrijire personal\u0103","item":"https:\/\/shopatoa.com\/ro\/ingrijire-personala\/"},{"@type":"ListItem","position":5,"name":"\u00cengrijirea picioarelor","item":"https:\/\/shopatoa.com\/ro\/ingrijirea-picioarelor\/"},{"@type":"ListItem","position":6,"name":"Farmasi Dr. C. Tuna deodorant pentru picioare cu efect revigorant 115 ml"}]},{"@type":"WebSite","@id":"https:\/\/shopatoa.com\/ro\/#website","url":"https:\/\/shopatoa.com\/ro\/","name":"SHOPATOA","description":"","publisher":{"@id":"https:\/\/shopatoa.com\/ro\/#organization"},"potentialAction":[{"@type":"SearchAction","target":{"@type":"EntryPoint","urlTemplate":"https:\/\/shopatoa.com\/ro\/?s={search_term_string}"},"query-input":{"@type":"PropertyValueSpecification","valueRequired":true,"valueName":"search_term_string"}}],"inLanguage":"ro-RO"},{"@type":"Organization","@id":"https:\/\/shopatoa.com\/ro\/#organization","name":"SHOPATOA","url":"https:\/\/shopatoa.com\/ro\/","logo":{"@type":"ImageObject","inLanguage":"ro-RO","@id":"https:\/\/shopatoa.com\/ro\/#\/schema\/logo\/image\/","url":"https:\/\/storage.googleapis.com\/cz-shopatoa-img\/ro\/b4dac915-shopatoa_logo.png","contentUrl":"https:\/\/storage.googleapis.com\/cz-shopatoa-img\/ro\/b4dac915-shopatoa_logo.png","width":416,"height":63,"caption":"SHOPATOA"},"image":{"@id":"https:\/\/shopatoa.com\/ro\/#\/schema\/logo\/image\/"}}]}},"_links":{"self":[{"href":"https:\/\/shopatoa.com\/ro\/wp-json\/wp\/v2\/product\/424248","targetHints":{"allow":["GET"]}}],"collection":[{"href":"https:\/\/shopatoa.com\/ro\/wp-json\/wp\/v2\/product"}],"about":[{"href":"https:\/\/shopatoa.com\/ro\/wp-json\/wp\/v2\/types\/product"}],"replies":[{"embeddable":true,"href":"https:\/\/shopatoa.com\/ro\/wp-json\/wp\/v2\/comments?post=424248"}],"wp:featuredmedia":[{"embeddable":true,"href":"https:\/\/shopatoa.com\/ro\/wp-json\/wp\/v2\/media\/424249"}],"wp:attachment":[{"href":"https:\/\/shopatoa.com\/ro\/wp-json\/wp\/v2\/media?parent=424248"}],"wp:term":[{"taxonomy":"product_brand","embeddable":true,"href":"https:\/\/shopatoa.com\/ro\/wp-json\/wp\/v2\/product_brand?post=424248"},{"taxonomy":"product_cat","embeddable":true,"href":"https:\/\/shopatoa.com\/ro\/wp-json\/wp\/v2\/product_cat?post=424248"},{"taxonomy":"product_tag","embeddable":true,"href":"https:\/\/shopatoa.com\/ro\/wp-json\/wp\/v2\/product_tag?post=424248"}],"curies":[{"name":"wp","href":"https:\/\/api.w.org\/{rel}","templated":true}]}}