{"id":424294,"date":"2025-06-21T16:28:55","date_gmt":"2025-06-21T14:28:55","guid":{"rendered":"https:\/\/shopatoa.com\/ro\/medicube-collagen-jelly-cream-crema-gel-intensiva-cu-colagen-110-ml\/"},"modified":"2025-12-10T21:55:33","modified_gmt":"2025-12-10T20:55:33","slug":"medicube-collagen-jelly-cream-crema-gel-intensiva-cu-colagen-110-ml","status":"publish","type":"product","link":"https:\/\/shopatoa.com\/ro\/medicube-collagen-jelly-cream-crema-gel-intensiva-cu-colagen-110-ml\/","title":{"rendered":"Medicube Collagen Jelly Cream crema gel intensiva cu colagen 110 ml"},"content":{"rendered":"<p>Medicube Collagen Jelly Cream, 110 ml, Creme pentru ten pentru femei, Dori\u021bi s\u0103 v\u0103 men\u021bine\u021bi aspectul tineresc pentru c\u00e2t mai mult timp? Ca baz\u0103 a rutinei dvs. cosmetice regulate, ve\u021bi aprecia crema de fa\u021b\u0103 Medicube Collagen Jelly Cream. V\u0103 va ajuta s\u0103 combate\u021bi semnele de \u00eemb\u0103tr\u00e2nire, s\u0103 \u00eencetini\u021bi apari\u021bia \u0219i ad\u00e2ncirea ridurilor \u0219i, nu \u00een ultimul r\u00e2nd, s\u0103 favoriza\u021bi elasticitatea, fermitatea \u0219i densitatea tenului. \u00cen acela\u0219i timp, va oferi nutri\u021bia \u0219i hidratarea de care tenul are nevoie pentru a r\u0103m\u00e2ne proasp\u0103t, neted \u0219i suplu.  Caracteristici:  reface fermitatea pielii \u0219i are efect de lifting reduce ridurile \u0219i previne formarea acestora reface aspectul tineresc al tenului hidrateaz\u0103 intens hr\u0103ne\u0219te \u00een profunzime  Ingrediente:  colagen \u2013 leag\u0103 o cantitate mare de ap\u0103, men\u021bin\u00e2nd pielea hidratat\u0103 pe termen lung \u0219i, astfel, favorizeaz\u0103 un aspect tineresc, plin \u0219i elastic al pielii \u0219i reducerea vizibilit\u0103\u021bii ridurilor niacinamid\u0103 \u2013 favorizeaz\u0103 luminozitatea tenului, reducerea petelor pigmentare, uniformizarea nuan\u021bei \u0219i netezirea texturii neuniforme, contribuie la \u00eent\u0103rirea barierei protectoare cutanate \u0219i la \u00eembun\u0103t\u0103\u021birea nivelului de hidratare a tenului testat dermatologic adenozin\u0103 \u2013 ajut\u0103 la combaterea ridurilor, favorizeaz\u0103 aspectul tineresc al tenului  Cum se utilizeaz\u0103: Se utilizeaz\u0103 \u00een fiecare diminea\u021b\u0103 \u0219i\/sau sear\u0103. Se aplic\u0103 pe fa\u021b\u0103, pe g\u00e2t \u0219i pe decolteu. A se evita zona ochilor.<\/p>\n","protected":false},"excerpt":{"rendered":"<p>Medicube Collagen Jelly Cream, 110 ml, Creme pentru ten pentru femei, Dori\u021bi s\u0103 v\u0103 men\u021bine\u021bi aspectul tineresc pentru c\u00e2t mai mult timp? Ca baz\u0103 a rutinei dvs. cosmetice regulate, ve\u021bi aprecia crema de fa\u021b\u0103 Medicube Collagen Jelly Cream. V\u0103 va ajuta s\u0103 combate\u021bi semnele de \u00eemb\u0103tr\u00e2nire, s\u0103 \u00eencetini\u021bi apari\u021bia \u0219i ad\u00e2ncirea ridurilor \u0219i, nu \u00een&#8230;<\/p>\n","protected":false},"featured_media":424295,"comment_status":"closed","ping_status":"open","template":"","meta":{"_acf_changed":false,"_kadence_starter_templates_imported_post":false,"_kad_post_transparent":"","_kad_post_title":"","_kad_post_layout":"","_kad_post_sidebar_id":"","_kad_post_content_style":"","_kad_post_vertical_padding":"","_kad_post_feature":"","_kad_post_feature_position":"","_kad_post_header":false,"_kad_post_footer":false,"_kad_post_classname":""},"product_brand":[2826],"product_cat":[1564,1563,1565,1562],"product_tag":[],"class_list":{"0":"post-424294","1":"product","2":"type-product","3":"status-publish","4":"has-post-thumbnail","6":"product_brand-medicube","7":"product_cat-cosmetice-ingrijire-personala","8":"product_cat-ingrijire-personala","9":"product_cat-ingrijirea-pielii","10":"product_cat-sanatate-si-frumusete","11":"pa_gen-female","12":"pa_marime-110-ml","14":"first","15":"instock","16":"product-type-external","17":"entry","18":"content-bg","19":"loop-entry"},"acf":[],"yoast_head":"<!-- This site is optimized with the Yoast SEO plugin v27.4 - https:\/\/yoast.com\/product\/yoast-seo-wordpress\/ -->\n<title>Medicube Collagen Jelly Cream crema gel intensiva cu colagen 110 ml - SHOPATOA.COM<\/title>\n<meta name=\"robots\" content=\"index, follow, max-snippet:-1, max-image-preview:large, max-video-preview:-1\" \/>\n<link rel=\"canonical\" href=\"https:\/\/shopatoa.com\/ro\/medicube-collagen-jelly-cream-crema-gel-intensiva-cu-colagen-110-ml\/\" \/>\n<meta property=\"og:locale\" content=\"ro_RO\" \/>\n<meta property=\"og:type\" content=\"article\" \/>\n<meta property=\"og:title\" content=\"Medicube Collagen Jelly Cream crema gel intensiva cu colagen 110 ml - SHOPATOA.COM\" \/>\n<meta property=\"og:description\" content=\"Medicube Collagen Jelly Cream, 110 ml, Creme pentru ten pentru femei, Dori\u021bi s\u0103 v\u0103 men\u021bine\u021bi aspectul tineresc pentru c\u00e2t mai mult timp? Ca baz\u0103 a rutinei dvs. cosmetice regulate, ve\u021bi aprecia crema de fa\u021b\u0103 Medicube Collagen Jelly Cream. V\u0103 va ajuta s\u0103 combate\u021bi semnele de \u00eemb\u0103tr\u00e2nire, s\u0103 \u00eencetini\u021bi apari\u021bia \u0219i ad\u00e2ncirea ridurilor \u0219i, nu \u00een...\" \/>\n<meta property=\"og:url\" content=\"https:\/\/shopatoa.com\/ro\/medicube-collagen-jelly-cream-crema-gel-intensiva-cu-colagen-110-ml\/\" \/>\n<meta property=\"og:site_name\" content=\"SHOPATOA\" \/>\n<meta property=\"article:modified_time\" content=\"2025-12-10T20:55:33+00:00\" \/>\n<meta property=\"og:image\" content=\"https:\/\/storage.googleapis.com\/cz-shopatoa-img\/ro\/612ba88e-unnamed-file.webp\" \/>\n\t<meta property=\"og:image:width\" content=\"800\" \/>\n\t<meta property=\"og:image:height\" content=\"800\" \/>\n\t<meta property=\"og:image:type\" content=\"image\/webp\" \/>\n<meta name=\"twitter:card\" content=\"summary_large_image\" \/>\n<meta name=\"twitter:label1\" content=\"Timp estimat pentru citire\" \/>\n\t<meta name=\"twitter:data1\" content=\"1 minut\" \/>\n<script type=\"application\/ld+json\" class=\"yoast-schema-graph\">{\"@context\":\"https:\\\/\\\/schema.org\",\"@graph\":[{\"@type\":\"WebPage\",\"@id\":\"https:\\\/\\\/shopatoa.com\\\/ro\\\/medicube-collagen-jelly-cream-crema-gel-intensiva-cu-colagen-110-ml\\\/\",\"url\":\"https:\\\/\\\/shopatoa.com\\\/ro\\\/medicube-collagen-jelly-cream-crema-gel-intensiva-cu-colagen-110-ml\\\/\",\"name\":\"Medicube Collagen Jelly Cream crema gel intensiva cu colagen 110 ml - SHOPATOA.COM\",\"isPartOf\":{\"@id\":\"https:\\\/\\\/shopatoa.com\\\/ro\\\/#website\"},\"primaryImageOfPage\":{\"@id\":\"https:\\\/\\\/shopatoa.com\\\/ro\\\/medicube-collagen-jelly-cream-crema-gel-intensiva-cu-colagen-110-ml\\\/#primaryimage\"},\"image\":{\"@id\":\"https:\\\/\\\/shopatoa.com\\\/ro\\\/medicube-collagen-jelly-cream-crema-gel-intensiva-cu-colagen-110-ml\\\/#primaryimage\"},\"thumbnailUrl\":\"https:\\\/\\\/storage.googleapis.com\\\/cz-shopatoa-img\\\/ro\\\/612ba88e-unnamed-file.webp\",\"datePublished\":\"2025-06-21T14:28:55+00:00\",\"dateModified\":\"2025-12-10T20:55:33+00:00\",\"breadcrumb\":{\"@id\":\"https:\\\/\\\/shopatoa.com\\\/ro\\\/medicube-collagen-jelly-cream-crema-gel-intensiva-cu-colagen-110-ml\\\/#breadcrumb\"},\"inLanguage\":\"ro-RO\",\"potentialAction\":[{\"@type\":\"ReadAction\",\"target\":[\"https:\\\/\\\/shopatoa.com\\\/ro\\\/medicube-collagen-jelly-cream-crema-gel-intensiva-cu-colagen-110-ml\\\/\"]}]},{\"@type\":\"ImageObject\",\"inLanguage\":\"ro-RO\",\"@id\":\"https:\\\/\\\/shopatoa.com\\\/ro\\\/medicube-collagen-jelly-cream-crema-gel-intensiva-cu-colagen-110-ml\\\/#primaryimage\",\"url\":\"https:\\\/\\\/storage.googleapis.com\\\/cz-shopatoa-img\\\/ro\\\/612ba88e-unnamed-file.webp\",\"contentUrl\":\"https:\\\/\\\/storage.googleapis.com\\\/cz-shopatoa-img\\\/ro\\\/612ba88e-unnamed-file.webp\",\"width\":800,\"height\":800},{\"@type\":\"BreadcrumbList\",\"@id\":\"https:\\\/\\\/shopatoa.com\\\/ro\\\/medicube-collagen-jelly-cream-crema-gel-intensiva-cu-colagen-110-ml\\\/#breadcrumb\",\"itemListElement\":[{\"@type\":\"ListItem\",\"position\":1,\"name\":\"Dom\u016f\",\"item\":\"https:\\\/\\\/shopatoa.com\\\/ro\\\/\"},{\"@type\":\"ListItem\",\"position\":2,\"name\":\"Shop\",\"item\":\"https:\\\/\\\/shopatoa.com\\\/ro\\\/shop\\\/\"},{\"@type\":\"ListItem\",\"position\":3,\"name\":\"S\u0103n\u0103tate \u0219i frumuse\u021be\",\"item\":\"https:\\\/\\\/shopatoa.com\\\/ro\\\/sanatate-si-frumusete\\\/\"},{\"@type\":\"ListItem\",\"position\":4,\"name\":\"\u00cengrijire personal\u0103\",\"item\":\"https:\\\/\\\/shopatoa.com\\\/ro\\\/ingrijire-personala\\\/\"},{\"@type\":\"ListItem\",\"position\":5,\"name\":\"Cosmetice\",\"item\":\"https:\\\/\\\/shopatoa.com\\\/ro\\\/cosmetice-ingrijire-personala\\\/\"},{\"@type\":\"ListItem\",\"position\":6,\"name\":\"\u00cengrijirea pielii\",\"item\":\"https:\\\/\\\/shopatoa.com\\\/ro\\\/ingrijirea-pielii\\\/\"},{\"@type\":\"ListItem\",\"position\":7,\"name\":\"Medicube Collagen Jelly Cream crema gel intensiva cu colagen 110 ml\"}]},{\"@type\":\"WebSite\",\"@id\":\"https:\\\/\\\/shopatoa.com\\\/ro\\\/#website\",\"url\":\"https:\\\/\\\/shopatoa.com\\\/ro\\\/\",\"name\":\"SHOPATOA\",\"description\":\"\",\"publisher\":{\"@id\":\"https:\\\/\\\/shopatoa.com\\\/ro\\\/#organization\"},\"potentialAction\":[{\"@type\":\"SearchAction\",\"target\":{\"@type\":\"EntryPoint\",\"urlTemplate\":\"https:\\\/\\\/shopatoa.com\\\/ro\\\/?s={search_term_string}\"},\"query-input\":{\"@type\":\"PropertyValueSpecification\",\"valueRequired\":true,\"valueName\":\"search_term_string\"}}],\"inLanguage\":\"ro-RO\"},{\"@type\":\"Organization\",\"@id\":\"https:\\\/\\\/shopatoa.com\\\/ro\\\/#organization\",\"name\":\"SHOPATOA\",\"url\":\"https:\\\/\\\/shopatoa.com\\\/ro\\\/\",\"logo\":{\"@type\":\"ImageObject\",\"inLanguage\":\"ro-RO\",\"@id\":\"https:\\\/\\\/shopatoa.com\\\/ro\\\/#\\\/schema\\\/logo\\\/image\\\/\",\"url\":\"https:\\\/\\\/storage.googleapis.com\\\/cz-shopatoa-img\\\/ro\\\/b4dac915-shopatoa_logo.png\",\"contentUrl\":\"https:\\\/\\\/storage.googleapis.com\\\/cz-shopatoa-img\\\/ro\\\/b4dac915-shopatoa_logo.png\",\"width\":416,\"height\":63,\"caption\":\"SHOPATOA\"},\"image\":{\"@id\":\"https:\\\/\\\/shopatoa.com\\\/ro\\\/#\\\/schema\\\/logo\\\/image\\\/\"}}]}<\/script>\n<!-- \/ Yoast SEO plugin. -->","yoast_head_json":{"title":"Medicube Collagen Jelly Cream crema gel intensiva cu colagen 110 ml - SHOPATOA.COM","robots":{"index":"index","follow":"follow","max-snippet":"max-snippet:-1","max-image-preview":"max-image-preview:large","max-video-preview":"max-video-preview:-1"},"canonical":"https:\/\/shopatoa.com\/ro\/medicube-collagen-jelly-cream-crema-gel-intensiva-cu-colagen-110-ml\/","og_locale":"ro_RO","og_type":"article","og_title":"Medicube Collagen Jelly Cream crema gel intensiva cu colagen 110 ml - SHOPATOA.COM","og_description":"Medicube Collagen Jelly Cream, 110 ml, Creme pentru ten pentru femei, Dori\u021bi s\u0103 v\u0103 men\u021bine\u021bi aspectul tineresc pentru c\u00e2t mai mult timp? Ca baz\u0103 a rutinei dvs. cosmetice regulate, ve\u021bi aprecia crema de fa\u021b\u0103 Medicube Collagen Jelly Cream. V\u0103 va ajuta s\u0103 combate\u021bi semnele de \u00eemb\u0103tr\u00e2nire, s\u0103 \u00eencetini\u021bi apari\u021bia \u0219i ad\u00e2ncirea ridurilor \u0219i, nu \u00een...","og_url":"https:\/\/shopatoa.com\/ro\/medicube-collagen-jelly-cream-crema-gel-intensiva-cu-colagen-110-ml\/","og_site_name":"SHOPATOA","article_modified_time":"2025-12-10T20:55:33+00:00","og_image":[{"width":800,"height":800,"url":"https:\/\/storage.googleapis.com\/cz-shopatoa-img\/ro\/612ba88e-unnamed-file.webp","type":"image\/webp"}],"twitter_card":"summary_large_image","twitter_misc":{"Timp estimat pentru citire":"1 minut"},"schema":{"@context":"https:\/\/schema.org","@graph":[{"@type":"WebPage","@id":"https:\/\/shopatoa.com\/ro\/medicube-collagen-jelly-cream-crema-gel-intensiva-cu-colagen-110-ml\/","url":"https:\/\/shopatoa.com\/ro\/medicube-collagen-jelly-cream-crema-gel-intensiva-cu-colagen-110-ml\/","name":"Medicube Collagen Jelly Cream crema gel intensiva cu colagen 110 ml - SHOPATOA.COM","isPartOf":{"@id":"https:\/\/shopatoa.com\/ro\/#website"},"primaryImageOfPage":{"@id":"https:\/\/shopatoa.com\/ro\/medicube-collagen-jelly-cream-crema-gel-intensiva-cu-colagen-110-ml\/#primaryimage"},"image":{"@id":"https:\/\/shopatoa.com\/ro\/medicube-collagen-jelly-cream-crema-gel-intensiva-cu-colagen-110-ml\/#primaryimage"},"thumbnailUrl":"https:\/\/storage.googleapis.com\/cz-shopatoa-img\/ro\/612ba88e-unnamed-file.webp","datePublished":"2025-06-21T14:28:55+00:00","dateModified":"2025-12-10T20:55:33+00:00","breadcrumb":{"@id":"https:\/\/shopatoa.com\/ro\/medicube-collagen-jelly-cream-crema-gel-intensiva-cu-colagen-110-ml\/#breadcrumb"},"inLanguage":"ro-RO","potentialAction":[{"@type":"ReadAction","target":["https:\/\/shopatoa.com\/ro\/medicube-collagen-jelly-cream-crema-gel-intensiva-cu-colagen-110-ml\/"]}]},{"@type":"ImageObject","inLanguage":"ro-RO","@id":"https:\/\/shopatoa.com\/ro\/medicube-collagen-jelly-cream-crema-gel-intensiva-cu-colagen-110-ml\/#primaryimage","url":"https:\/\/storage.googleapis.com\/cz-shopatoa-img\/ro\/612ba88e-unnamed-file.webp","contentUrl":"https:\/\/storage.googleapis.com\/cz-shopatoa-img\/ro\/612ba88e-unnamed-file.webp","width":800,"height":800},{"@type":"BreadcrumbList","@id":"https:\/\/shopatoa.com\/ro\/medicube-collagen-jelly-cream-crema-gel-intensiva-cu-colagen-110-ml\/#breadcrumb","itemListElement":[{"@type":"ListItem","position":1,"name":"Dom\u016f","item":"https:\/\/shopatoa.com\/ro\/"},{"@type":"ListItem","position":2,"name":"Shop","item":"https:\/\/shopatoa.com\/ro\/shop\/"},{"@type":"ListItem","position":3,"name":"S\u0103n\u0103tate \u0219i frumuse\u021be","item":"https:\/\/shopatoa.com\/ro\/sanatate-si-frumusete\/"},{"@type":"ListItem","position":4,"name":"\u00cengrijire personal\u0103","item":"https:\/\/shopatoa.com\/ro\/ingrijire-personala\/"},{"@type":"ListItem","position":5,"name":"Cosmetice","item":"https:\/\/shopatoa.com\/ro\/cosmetice-ingrijire-personala\/"},{"@type":"ListItem","position":6,"name":"\u00cengrijirea pielii","item":"https:\/\/shopatoa.com\/ro\/ingrijirea-pielii\/"},{"@type":"ListItem","position":7,"name":"Medicube Collagen Jelly Cream crema gel intensiva cu colagen 110 ml"}]},{"@type":"WebSite","@id":"https:\/\/shopatoa.com\/ro\/#website","url":"https:\/\/shopatoa.com\/ro\/","name":"SHOPATOA","description":"","publisher":{"@id":"https:\/\/shopatoa.com\/ro\/#organization"},"potentialAction":[{"@type":"SearchAction","target":{"@type":"EntryPoint","urlTemplate":"https:\/\/shopatoa.com\/ro\/?s={search_term_string}"},"query-input":{"@type":"PropertyValueSpecification","valueRequired":true,"valueName":"search_term_string"}}],"inLanguage":"ro-RO"},{"@type":"Organization","@id":"https:\/\/shopatoa.com\/ro\/#organization","name":"SHOPATOA","url":"https:\/\/shopatoa.com\/ro\/","logo":{"@type":"ImageObject","inLanguage":"ro-RO","@id":"https:\/\/shopatoa.com\/ro\/#\/schema\/logo\/image\/","url":"https:\/\/storage.googleapis.com\/cz-shopatoa-img\/ro\/b4dac915-shopatoa_logo.png","contentUrl":"https:\/\/storage.googleapis.com\/cz-shopatoa-img\/ro\/b4dac915-shopatoa_logo.png","width":416,"height":63,"caption":"SHOPATOA"},"image":{"@id":"https:\/\/shopatoa.com\/ro\/#\/schema\/logo\/image\/"}}]}},"_links":{"self":[{"href":"https:\/\/shopatoa.com\/ro\/wp-json\/wp\/v2\/product\/424294","targetHints":{"allow":["GET"]}}],"collection":[{"href":"https:\/\/shopatoa.com\/ro\/wp-json\/wp\/v2\/product"}],"about":[{"href":"https:\/\/shopatoa.com\/ro\/wp-json\/wp\/v2\/types\/product"}],"replies":[{"embeddable":true,"href":"https:\/\/shopatoa.com\/ro\/wp-json\/wp\/v2\/comments?post=424294"}],"wp:featuredmedia":[{"embeddable":true,"href":"https:\/\/shopatoa.com\/ro\/wp-json\/wp\/v2\/media\/424295"}],"wp:attachment":[{"href":"https:\/\/shopatoa.com\/ro\/wp-json\/wp\/v2\/media?parent=424294"}],"wp:term":[{"taxonomy":"product_brand","embeddable":true,"href":"https:\/\/shopatoa.com\/ro\/wp-json\/wp\/v2\/product_brand?post=424294"},{"taxonomy":"product_cat","embeddable":true,"href":"https:\/\/shopatoa.com\/ro\/wp-json\/wp\/v2\/product_cat?post=424294"},{"taxonomy":"product_tag","embeddable":true,"href":"https:\/\/shopatoa.com\/ro\/wp-json\/wp\/v2\/product_tag?post=424294"}],"curies":[{"name":"wp","href":"https:\/\/api.w.org\/{rel}","templated":true}]}}