{"id":424398,"date":"2025-06-21T16:37:40","date_gmt":"2025-06-21T14:37:40","guid":{"rendered":"https:\/\/shopatoa.com\/ro\/joko-find-your-color-lac-de-unghii-cu-uscare-rapida-culoare-100-10-ml\/"},"modified":"2025-12-10T21:42:32","modified_gmt":"2025-12-10T20:42:32","slug":"joko-find-your-color-lac-de-unghii-cu-uscare-rapida-culoare-100-10-ml","status":"publish","type":"product","link":"https:\/\/shopatoa.com\/ro\/joko-find-your-color-lac-de-unghii-cu-uscare-rapida-culoare-100-10-ml\/","title":{"rendered":"JOKO Find Your Color lac de unghii cu uscare rapida culoare 100 10 ml"},"content":{"rendered":"<p>JOKO Find Your Color, 10 ml, lac de unghii  pentru femei, O manichiur\u0103 superb\u0103 ca dup\u0103 o vizit\u0103 la salonul de manichiur\u0103? Lacul de unghii JOKOFind Your Color v\u0103 permite s\u0103 o crea\u021bi \u00een confortul de acas\u0103. Acoper\u0103 suprafa\u021ba unghiei cu un strat uniform de culoare intens\u0103, de lung\u0103 durat\u0103, cu un finisaj lucios, contribuind la ob\u021binerea unui aspect perfect \u00eengrijit al unghiilor. \u00cel pute\u021bi folosi pentru a v\u0103 eviden\u021bia pur \u0219i simplu unghiile sau pentru a v\u0103 accentua stilul \u021binutei. A\u0219adar, ce culoare va str\u0103luci pe unghiile dvs.?  Caracteristici:  culori str\u0103lucitoare \u0219i bogate aplicare confortabil\u0103 pentru rezisten\u021b\u0103 de lung\u0103 durat\u0103 men\u021bine unghiile s\u0103n\u0103toase \u0219i frumoase se usuc\u0103 rapid acoper\u0103 unghiile cu un strat uniform de culoare   Ingrediente:  f\u0103r\u0103 toluen f\u0103r\u0103 formaldehid\u0103  Cum se utilizeaz\u0103: Se aplic\u0103 un strat direct pe unghii. Se las\u0103 s\u0103 se usuce.<\/p>\n","protected":false},"excerpt":{"rendered":"<p>JOKO Find Your Color, 10 ml, lac de unghii pentru femei, O manichiur\u0103 superb\u0103 ca dup\u0103 o vizit\u0103 la salonul de manichiur\u0103? Lacul de unghii JOKOFind Your Color v\u0103 permite s\u0103 o crea\u021bi \u00een confortul de acas\u0103. Acoper\u0103 suprafa\u021ba unghiei cu un strat uniform de culoare intens\u0103, de lung\u0103 durat\u0103, cu un finisaj lucios, contribuind&#8230;<\/p>\n","protected":false},"featured_media":424399,"comment_status":"closed","ping_status":"open","template":"","meta":{"_acf_changed":false,"_kadence_starter_templates_imported_post":false,"_kad_post_transparent":"","_kad_post_title":"","_kad_post_layout":"","_kad_post_sidebar_id":"","_kad_post_content_style":"","_kad_post_vertical_padding":"","_kad_post_feature":"","_kad_post_feature_position":"","_kad_post_header":false,"_kad_post_footer":false,"_kad_post_classname":""},"product_brand":[2317],"product_cat":[1564,1563,1581,1585,1562],"product_tag":[],"class_list":{"0":"post-424398","1":"product","2":"type-product","3":"status-publish","4":"has-post-thumbnail","6":"product_brand-joko","7":"product_cat-cosmetice-ingrijire-personala","8":"product_cat-ingrijire-personala","9":"product_cat-ingrijirea-unghiilor","10":"product_cat-oje-de-unghii-ingrijirea-unghiilor","11":"product_cat-sanatate-si-frumusete","12":"pa_gen-female","13":"pa_marime-10-ml","15":"first","16":"instock","17":"product-type-external","18":"entry","19":"content-bg","20":"loop-entry"},"acf":[],"yoast_head":"<!-- This site is optimized with the Yoast SEO plugin v27.4 - https:\/\/yoast.com\/product\/yoast-seo-wordpress\/ -->\n<title>JOKO Find Your Color lac de unghii cu uscare rapida culoare 100 10 ml - SHOPATOA.COM<\/title>\n<meta name=\"robots\" content=\"index, follow, max-snippet:-1, max-image-preview:large, max-video-preview:-1\" \/>\n<link rel=\"canonical\" href=\"https:\/\/shopatoa.com\/ro\/joko-find-your-color-lac-de-unghii-cu-uscare-rapida-culoare-100-10-ml\/\" \/>\n<meta property=\"og:locale\" content=\"ro_RO\" \/>\n<meta property=\"og:type\" content=\"article\" \/>\n<meta property=\"og:title\" content=\"JOKO Find Your Color lac de unghii cu uscare rapida culoare 100 10 ml - SHOPATOA.COM\" \/>\n<meta property=\"og:description\" content=\"JOKO Find Your Color, 10 ml, lac de unghii pentru femei, O manichiur\u0103 superb\u0103 ca dup\u0103 o vizit\u0103 la salonul de manichiur\u0103? Lacul de unghii JOKOFind Your Color v\u0103 permite s\u0103 o crea\u021bi \u00een confortul de acas\u0103. Acoper\u0103 suprafa\u021ba unghiei cu un strat uniform de culoare intens\u0103, de lung\u0103 durat\u0103, cu un finisaj lucios, contribuind...\" \/>\n<meta property=\"og:url\" content=\"https:\/\/shopatoa.com\/ro\/joko-find-your-color-lac-de-unghii-cu-uscare-rapida-culoare-100-10-ml\/\" \/>\n<meta property=\"og:site_name\" content=\"SHOPATOA\" \/>\n<meta property=\"article:modified_time\" content=\"2025-12-10T20:42:32+00:00\" \/>\n<meta property=\"og:image\" content=\"https:\/\/storage.googleapis.com\/cz-shopatoa-img\/ro\/d72fd7c7-unnamed-file.webp\" \/>\n\t<meta property=\"og:image:width\" content=\"800\" \/>\n\t<meta property=\"og:image:height\" content=\"800\" \/>\n\t<meta property=\"og:image:type\" content=\"image\/webp\" \/>\n<meta name=\"twitter:card\" content=\"summary_large_image\" \/>\n<meta name=\"twitter:label1\" content=\"Timp estimat pentru citire\" \/>\n\t<meta name=\"twitter:data1\" content=\"1 minut\" \/>\n<script type=\"application\/ld+json\" class=\"yoast-schema-graph\">{\"@context\":\"https:\\\/\\\/schema.org\",\"@graph\":[{\"@type\":\"WebPage\",\"@id\":\"https:\\\/\\\/shopatoa.com\\\/ro\\\/joko-find-your-color-lac-de-unghii-cu-uscare-rapida-culoare-100-10-ml\\\/\",\"url\":\"https:\\\/\\\/shopatoa.com\\\/ro\\\/joko-find-your-color-lac-de-unghii-cu-uscare-rapida-culoare-100-10-ml\\\/\",\"name\":\"JOKO Find Your Color lac de unghii cu uscare rapida culoare 100 10 ml - SHOPATOA.COM\",\"isPartOf\":{\"@id\":\"https:\\\/\\\/shopatoa.com\\\/ro\\\/#website\"},\"primaryImageOfPage\":{\"@id\":\"https:\\\/\\\/shopatoa.com\\\/ro\\\/joko-find-your-color-lac-de-unghii-cu-uscare-rapida-culoare-100-10-ml\\\/#primaryimage\"},\"image\":{\"@id\":\"https:\\\/\\\/shopatoa.com\\\/ro\\\/joko-find-your-color-lac-de-unghii-cu-uscare-rapida-culoare-100-10-ml\\\/#primaryimage\"},\"thumbnailUrl\":\"https:\\\/\\\/storage.googleapis.com\\\/cz-shopatoa-img\\\/ro\\\/d72fd7c7-unnamed-file.webp\",\"datePublished\":\"2025-06-21T14:37:40+00:00\",\"dateModified\":\"2025-12-10T20:42:32+00:00\",\"breadcrumb\":{\"@id\":\"https:\\\/\\\/shopatoa.com\\\/ro\\\/joko-find-your-color-lac-de-unghii-cu-uscare-rapida-culoare-100-10-ml\\\/#breadcrumb\"},\"inLanguage\":\"ro-RO\",\"potentialAction\":[{\"@type\":\"ReadAction\",\"target\":[\"https:\\\/\\\/shopatoa.com\\\/ro\\\/joko-find-your-color-lac-de-unghii-cu-uscare-rapida-culoare-100-10-ml\\\/\"]}]},{\"@type\":\"ImageObject\",\"inLanguage\":\"ro-RO\",\"@id\":\"https:\\\/\\\/shopatoa.com\\\/ro\\\/joko-find-your-color-lac-de-unghii-cu-uscare-rapida-culoare-100-10-ml\\\/#primaryimage\",\"url\":\"https:\\\/\\\/storage.googleapis.com\\\/cz-shopatoa-img\\\/ro\\\/d72fd7c7-unnamed-file.webp\",\"contentUrl\":\"https:\\\/\\\/storage.googleapis.com\\\/cz-shopatoa-img\\\/ro\\\/d72fd7c7-unnamed-file.webp\",\"width\":800,\"height\":800},{\"@type\":\"BreadcrumbList\",\"@id\":\"https:\\\/\\\/shopatoa.com\\\/ro\\\/joko-find-your-color-lac-de-unghii-cu-uscare-rapida-culoare-100-10-ml\\\/#breadcrumb\",\"itemListElement\":[{\"@type\":\"ListItem\",\"position\":1,\"name\":\"Dom\u016f\",\"item\":\"https:\\\/\\\/shopatoa.com\\\/ro\\\/\"},{\"@type\":\"ListItem\",\"position\":2,\"name\":\"Shop\",\"item\":\"https:\\\/\\\/shopatoa.com\\\/ro\\\/shop\\\/\"},{\"@type\":\"ListItem\",\"position\":3,\"name\":\"S\u0103n\u0103tate \u0219i frumuse\u021be\",\"item\":\"https:\\\/\\\/shopatoa.com\\\/ro\\\/sanatate-si-frumusete\\\/\"},{\"@type\":\"ListItem\",\"position\":4,\"name\":\"\u00cengrijire personal\u0103\",\"item\":\"https:\\\/\\\/shopatoa.com\\\/ro\\\/ingrijire-personala\\\/\"},{\"@type\":\"ListItem\",\"position\":5,\"name\":\"Cosmetice\",\"item\":\"https:\\\/\\\/shopatoa.com\\\/ro\\\/cosmetice-ingrijire-personala\\\/\"},{\"@type\":\"ListItem\",\"position\":6,\"name\":\"\u00cengrijirea unghiilor\",\"item\":\"https:\\\/\\\/shopatoa.com\\\/ro\\\/ingrijirea-unghiilor\\\/\"},{\"@type\":\"ListItem\",\"position\":7,\"name\":\"Oje de unghii\",\"item\":\"https:\\\/\\\/shopatoa.com\\\/ro\\\/oje-de-unghii-ingrijirea-unghiilor\\\/\"},{\"@type\":\"ListItem\",\"position\":8,\"name\":\"JOKO Find Your Color lac de unghii cu uscare rapida culoare 100 10 ml\"}]},{\"@type\":\"WebSite\",\"@id\":\"https:\\\/\\\/shopatoa.com\\\/ro\\\/#website\",\"url\":\"https:\\\/\\\/shopatoa.com\\\/ro\\\/\",\"name\":\"SHOPATOA\",\"description\":\"\",\"publisher\":{\"@id\":\"https:\\\/\\\/shopatoa.com\\\/ro\\\/#organization\"},\"potentialAction\":[{\"@type\":\"SearchAction\",\"target\":{\"@type\":\"EntryPoint\",\"urlTemplate\":\"https:\\\/\\\/shopatoa.com\\\/ro\\\/?s={search_term_string}\"},\"query-input\":{\"@type\":\"PropertyValueSpecification\",\"valueRequired\":true,\"valueName\":\"search_term_string\"}}],\"inLanguage\":\"ro-RO\"},{\"@type\":\"Organization\",\"@id\":\"https:\\\/\\\/shopatoa.com\\\/ro\\\/#organization\",\"name\":\"SHOPATOA\",\"url\":\"https:\\\/\\\/shopatoa.com\\\/ro\\\/\",\"logo\":{\"@type\":\"ImageObject\",\"inLanguage\":\"ro-RO\",\"@id\":\"https:\\\/\\\/shopatoa.com\\\/ro\\\/#\\\/schema\\\/logo\\\/image\\\/\",\"url\":\"https:\\\/\\\/storage.googleapis.com\\\/cz-shopatoa-img\\\/ro\\\/b4dac915-shopatoa_logo.png\",\"contentUrl\":\"https:\\\/\\\/storage.googleapis.com\\\/cz-shopatoa-img\\\/ro\\\/b4dac915-shopatoa_logo.png\",\"width\":416,\"height\":63,\"caption\":\"SHOPATOA\"},\"image\":{\"@id\":\"https:\\\/\\\/shopatoa.com\\\/ro\\\/#\\\/schema\\\/logo\\\/image\\\/\"}}]}<\/script>\n<!-- \/ Yoast SEO plugin. -->","yoast_head_json":{"title":"JOKO Find Your Color lac de unghii cu uscare rapida culoare 100 10 ml - SHOPATOA.COM","robots":{"index":"index","follow":"follow","max-snippet":"max-snippet:-1","max-image-preview":"max-image-preview:large","max-video-preview":"max-video-preview:-1"},"canonical":"https:\/\/shopatoa.com\/ro\/joko-find-your-color-lac-de-unghii-cu-uscare-rapida-culoare-100-10-ml\/","og_locale":"ro_RO","og_type":"article","og_title":"JOKO Find Your Color lac de unghii cu uscare rapida culoare 100 10 ml - SHOPATOA.COM","og_description":"JOKO Find Your Color, 10 ml, lac de unghii pentru femei, O manichiur\u0103 superb\u0103 ca dup\u0103 o vizit\u0103 la salonul de manichiur\u0103? Lacul de unghii JOKOFind Your Color v\u0103 permite s\u0103 o crea\u021bi \u00een confortul de acas\u0103. Acoper\u0103 suprafa\u021ba unghiei cu un strat uniform de culoare intens\u0103, de lung\u0103 durat\u0103, cu un finisaj lucios, contribuind...","og_url":"https:\/\/shopatoa.com\/ro\/joko-find-your-color-lac-de-unghii-cu-uscare-rapida-culoare-100-10-ml\/","og_site_name":"SHOPATOA","article_modified_time":"2025-12-10T20:42:32+00:00","og_image":[{"width":800,"height":800,"url":"https:\/\/storage.googleapis.com\/cz-shopatoa-img\/ro\/d72fd7c7-unnamed-file.webp","type":"image\/webp"}],"twitter_card":"summary_large_image","twitter_misc":{"Timp estimat pentru citire":"1 minut"},"schema":{"@context":"https:\/\/schema.org","@graph":[{"@type":"WebPage","@id":"https:\/\/shopatoa.com\/ro\/joko-find-your-color-lac-de-unghii-cu-uscare-rapida-culoare-100-10-ml\/","url":"https:\/\/shopatoa.com\/ro\/joko-find-your-color-lac-de-unghii-cu-uscare-rapida-culoare-100-10-ml\/","name":"JOKO Find Your Color lac de unghii cu uscare rapida culoare 100 10 ml - SHOPATOA.COM","isPartOf":{"@id":"https:\/\/shopatoa.com\/ro\/#website"},"primaryImageOfPage":{"@id":"https:\/\/shopatoa.com\/ro\/joko-find-your-color-lac-de-unghii-cu-uscare-rapida-culoare-100-10-ml\/#primaryimage"},"image":{"@id":"https:\/\/shopatoa.com\/ro\/joko-find-your-color-lac-de-unghii-cu-uscare-rapida-culoare-100-10-ml\/#primaryimage"},"thumbnailUrl":"https:\/\/storage.googleapis.com\/cz-shopatoa-img\/ro\/d72fd7c7-unnamed-file.webp","datePublished":"2025-06-21T14:37:40+00:00","dateModified":"2025-12-10T20:42:32+00:00","breadcrumb":{"@id":"https:\/\/shopatoa.com\/ro\/joko-find-your-color-lac-de-unghii-cu-uscare-rapida-culoare-100-10-ml\/#breadcrumb"},"inLanguage":"ro-RO","potentialAction":[{"@type":"ReadAction","target":["https:\/\/shopatoa.com\/ro\/joko-find-your-color-lac-de-unghii-cu-uscare-rapida-culoare-100-10-ml\/"]}]},{"@type":"ImageObject","inLanguage":"ro-RO","@id":"https:\/\/shopatoa.com\/ro\/joko-find-your-color-lac-de-unghii-cu-uscare-rapida-culoare-100-10-ml\/#primaryimage","url":"https:\/\/storage.googleapis.com\/cz-shopatoa-img\/ro\/d72fd7c7-unnamed-file.webp","contentUrl":"https:\/\/storage.googleapis.com\/cz-shopatoa-img\/ro\/d72fd7c7-unnamed-file.webp","width":800,"height":800},{"@type":"BreadcrumbList","@id":"https:\/\/shopatoa.com\/ro\/joko-find-your-color-lac-de-unghii-cu-uscare-rapida-culoare-100-10-ml\/#breadcrumb","itemListElement":[{"@type":"ListItem","position":1,"name":"Dom\u016f","item":"https:\/\/shopatoa.com\/ro\/"},{"@type":"ListItem","position":2,"name":"Shop","item":"https:\/\/shopatoa.com\/ro\/shop\/"},{"@type":"ListItem","position":3,"name":"S\u0103n\u0103tate \u0219i frumuse\u021be","item":"https:\/\/shopatoa.com\/ro\/sanatate-si-frumusete\/"},{"@type":"ListItem","position":4,"name":"\u00cengrijire personal\u0103","item":"https:\/\/shopatoa.com\/ro\/ingrijire-personala\/"},{"@type":"ListItem","position":5,"name":"Cosmetice","item":"https:\/\/shopatoa.com\/ro\/cosmetice-ingrijire-personala\/"},{"@type":"ListItem","position":6,"name":"\u00cengrijirea unghiilor","item":"https:\/\/shopatoa.com\/ro\/ingrijirea-unghiilor\/"},{"@type":"ListItem","position":7,"name":"Oje de unghii","item":"https:\/\/shopatoa.com\/ro\/oje-de-unghii-ingrijirea-unghiilor\/"},{"@type":"ListItem","position":8,"name":"JOKO Find Your Color lac de unghii cu uscare rapida culoare 100 10 ml"}]},{"@type":"WebSite","@id":"https:\/\/shopatoa.com\/ro\/#website","url":"https:\/\/shopatoa.com\/ro\/","name":"SHOPATOA","description":"","publisher":{"@id":"https:\/\/shopatoa.com\/ro\/#organization"},"potentialAction":[{"@type":"SearchAction","target":{"@type":"EntryPoint","urlTemplate":"https:\/\/shopatoa.com\/ro\/?s={search_term_string}"},"query-input":{"@type":"PropertyValueSpecification","valueRequired":true,"valueName":"search_term_string"}}],"inLanguage":"ro-RO"},{"@type":"Organization","@id":"https:\/\/shopatoa.com\/ro\/#organization","name":"SHOPATOA","url":"https:\/\/shopatoa.com\/ro\/","logo":{"@type":"ImageObject","inLanguage":"ro-RO","@id":"https:\/\/shopatoa.com\/ro\/#\/schema\/logo\/image\/","url":"https:\/\/storage.googleapis.com\/cz-shopatoa-img\/ro\/b4dac915-shopatoa_logo.png","contentUrl":"https:\/\/storage.googleapis.com\/cz-shopatoa-img\/ro\/b4dac915-shopatoa_logo.png","width":416,"height":63,"caption":"SHOPATOA"},"image":{"@id":"https:\/\/shopatoa.com\/ro\/#\/schema\/logo\/image\/"}}]}},"_links":{"self":[{"href":"https:\/\/shopatoa.com\/ro\/wp-json\/wp\/v2\/product\/424398","targetHints":{"allow":["GET"]}}],"collection":[{"href":"https:\/\/shopatoa.com\/ro\/wp-json\/wp\/v2\/product"}],"about":[{"href":"https:\/\/shopatoa.com\/ro\/wp-json\/wp\/v2\/types\/product"}],"replies":[{"embeddable":true,"href":"https:\/\/shopatoa.com\/ro\/wp-json\/wp\/v2\/comments?post=424398"}],"wp:featuredmedia":[{"embeddable":true,"href":"https:\/\/shopatoa.com\/ro\/wp-json\/wp\/v2\/media\/424399"}],"wp:attachment":[{"href":"https:\/\/shopatoa.com\/ro\/wp-json\/wp\/v2\/media?parent=424398"}],"wp:term":[{"taxonomy":"product_brand","embeddable":true,"href":"https:\/\/shopatoa.com\/ro\/wp-json\/wp\/v2\/product_brand?post=424398"},{"taxonomy":"product_cat","embeddable":true,"href":"https:\/\/shopatoa.com\/ro\/wp-json\/wp\/v2\/product_cat?post=424398"},{"taxonomy":"product_tag","embeddable":true,"href":"https:\/\/shopatoa.com\/ro\/wp-json\/wp\/v2\/product_tag?post=424398"}],"curies":[{"name":"wp","href":"https:\/\/api.w.org\/{rel}","templated":true}]}}