{"id":424402,"date":"2025-06-21T16:37:40","date_gmt":"2025-06-21T14:37:40","guid":{"rendered":"https:\/\/shopatoa.com\/ro\/kundal-honey-macadamia-white-musk-set-de-calatorii-pentru-corp-si-par\/"},"modified":"2025-12-10T21:42:55","modified_gmt":"2025-12-10T20:42:55","slug":"kundal-honey-macadamia-white-musk-set-de-calatorii-pentru-corp-si-par","status":"publish","type":"product","link":"https:\/\/shopatoa.com\/ro\/kundal-honey-macadamia-white-musk-set-de-calatorii-pentru-corp-si-par\/","title":{"rendered":"KUNDAL Honey &amp; Macadamia White Musk Set de c\u0103l\u0103torii pentru corp si par"},"content":{"rendered":"<p>KUNDAL Honey &amp; Macadamia White Musk, Balsamuri pentru p\u0103r pentru femei, Face\u021bi o bucurie dvs. sau celor dragi cu un set cosmetic KUNDAL Honey &amp; Macadamia.  Setul con\u021bine:   KUNDAL Honey &amp; Macadamia White Musk sampon natural pentru p\u0103r uscat \u0219i deteriorat 2&#215;100 ml  KUNDAL Honey &amp; Macadamia White Musk crema intens hidratanta pentru p\u0103r uscat \u0219i deteriorat 100 ml  KUNDAL Honey &amp; Macadamia White Musk gel de du\u0219 m\u0103t\u0103sos cu efect de hidratare 100 ml  KUNDAL Honey &amp; Macadamia White Musk lotiune de corp hranitoare cu efect de hidratare 100 ml   Caracteristici:  pentru hidratare intens\u0103 con\u021bine produse \u00een versiune mini ideal \u00een c\u0103l\u0103torii un mix de produse cosmetice pentru utilizare zilnic\u0103 o rutin\u0103 complet\u0103 pentru \u00eengrijirea zilnic\u0103  Ingrediente:  miere \u2013 este bogat\u0103 \u00een vitamine \u0219i minerale, ofer\u0103 o protec\u021bie antioxidant\u0103 puternic\u0103, hr\u0103ne\u0219te, ajut\u0103 la men\u021binerea pielii hidratate, favorizeaz\u0103 regenerarea \u0219i exfolierea mai rapid\u0103, are efecte de iluminare, catifelare \u0219i \u00eentinerire ulei de jojoba \u2013 men\u021bine pielea intens hidratat\u0103, ofer\u0103 protec\u021bie antioxidant\u0103, combate irita\u021bia \u0219i uscarea, ajut\u0103 la reglarea produc\u021biei de sebum \u0219i favorizeaz\u0103 regenerarea ulei de macadamia \u2013 este bogat \u00een acizi gra\u0219i nesatura\u021bi \u0219i vitaminele E \u0219i A, ajut\u0103 la men\u021binerea tenului hidratat \u0219i \u00eel protejeaz\u0103 de pierderea umidit\u0103\u021bii, favorizeaz\u0103 regenerarea, neteze\u0219te \u0219i combate \u00eemb\u0103tr\u00e2nirea  Cum se utilizeaz\u0103: Se utilizeaz\u0103 dup\u0103 cum este necesar.<\/p>\n","protected":false},"excerpt":{"rendered":"<p>KUNDAL Honey &amp; Macadamia White Musk, Balsamuri pentru p\u0103r pentru femei, Face\u021bi o bucurie dvs. sau celor dragi cu un set cosmetic KUNDAL Honey &amp; Macadamia. Setul con\u021bine: KUNDAL Honey &amp; Macadamia White Musk sampon natural pentru p\u0103r uscat \u0219i deteriorat 2&#215;100 ml KUNDAL Honey &amp; Macadamia White Musk crema intens hidratanta pentru p\u0103r uscat&#8230;<\/p>\n","protected":false},"featured_media":424403,"comment_status":"closed","ping_status":"open","template":"","meta":{"_acf_changed":false,"_kadence_starter_templates_imported_post":false,"_kad_post_transparent":"","_kad_post_title":"","_kad_post_layout":"","_kad_post_sidebar_id":"","_kad_post_content_style":"","_kad_post_vertical_padding":"","_kad_post_feature":"","_kad_post_feature_position":"","_kad_post_header":false,"_kad_post_footer":false,"_kad_post_classname":""},"product_brand":[2321],"product_cat":[1570,1564,1571,1563,1562],"product_tag":[],"class_list":{"0":"post-424402","1":"product","2":"type-product","3":"status-publish","4":"has-post-thumbnail","6":"product_brand-kundal","7":"product_cat-baie-si-corp","8":"product_cat-cosmetice-ingrijire-personala","9":"product_cat-gel-de-dus","10":"product_cat-ingrijire-personala","11":"product_cat-sanatate-si-frumusete","12":"pa_gen-female","14":"first","15":"instock","16":"sale","17":"product-type-external","18":"entry","19":"content-bg","20":"loop-entry"},"acf":[],"yoast_head":"<!-- This site is optimized with the Yoast SEO plugin v27.4 - https:\/\/yoast.com\/product\/yoast-seo-wordpress\/ -->\n<title>KUNDAL Honey &amp; Macadamia White Musk Set de c\u0103l\u0103torii pentru corp si par - SHOPATOA.COM<\/title>\n<meta name=\"robots\" content=\"index, follow, max-snippet:-1, max-image-preview:large, max-video-preview:-1\" \/>\n<link rel=\"canonical\" href=\"https:\/\/shopatoa.com\/ro\/kundal-honey-macadamia-white-musk-set-de-calatorii-pentru-corp-si-par\/\" \/>\n<meta property=\"og:locale\" content=\"ro_RO\" \/>\n<meta property=\"og:type\" content=\"article\" \/>\n<meta property=\"og:title\" content=\"KUNDAL Honey &amp; Macadamia White Musk Set de c\u0103l\u0103torii pentru corp si par - SHOPATOA.COM\" \/>\n<meta property=\"og:description\" content=\"KUNDAL Honey &amp; Macadamia White Musk, Balsamuri pentru p\u0103r pentru femei, Face\u021bi o bucurie dvs. sau celor dragi cu un set cosmetic KUNDAL Honey &amp; Macadamia. Setul con\u021bine: KUNDAL Honey &amp; Macadamia White Musk sampon natural pentru p\u0103r uscat \u0219i deteriorat 2&#215;100 ml KUNDAL Honey &amp; Macadamia White Musk crema intens hidratanta pentru p\u0103r uscat...\" \/>\n<meta property=\"og:url\" content=\"https:\/\/shopatoa.com\/ro\/kundal-honey-macadamia-white-musk-set-de-calatorii-pentru-corp-si-par\/\" \/>\n<meta property=\"og:site_name\" content=\"SHOPATOA\" \/>\n<meta property=\"article:modified_time\" content=\"2025-12-10T20:42:55+00:00\" \/>\n<meta property=\"og:image\" content=\"https:\/\/storage.googleapis.com\/cz-shopatoa-img\/ro\/9e938405-unnamed-file.webp\" \/>\n\t<meta property=\"og:image:width\" content=\"800\" \/>\n\t<meta property=\"og:image:height\" content=\"800\" \/>\n\t<meta property=\"og:image:type\" content=\"image\/webp\" \/>\n<meta name=\"twitter:card\" content=\"summary_large_image\" \/>\n<meta name=\"twitter:label1\" content=\"Timp estimat pentru citire\" \/>\n\t<meta name=\"twitter:data1\" content=\"1 minut\" \/>\n<script type=\"application\/ld+json\" class=\"yoast-schema-graph\">{\"@context\":\"https:\\\/\\\/schema.org\",\"@graph\":[{\"@type\":\"WebPage\",\"@id\":\"https:\\\/\\\/shopatoa.com\\\/ro\\\/kundal-honey-macadamia-white-musk-set-de-calatorii-pentru-corp-si-par\\\/\",\"url\":\"https:\\\/\\\/shopatoa.com\\\/ro\\\/kundal-honey-macadamia-white-musk-set-de-calatorii-pentru-corp-si-par\\\/\",\"name\":\"KUNDAL Honey & Macadamia White Musk Set de c\u0103l\u0103torii pentru corp si par - SHOPATOA.COM\",\"isPartOf\":{\"@id\":\"https:\\\/\\\/shopatoa.com\\\/ro\\\/#website\"},\"primaryImageOfPage\":{\"@id\":\"https:\\\/\\\/shopatoa.com\\\/ro\\\/kundal-honey-macadamia-white-musk-set-de-calatorii-pentru-corp-si-par\\\/#primaryimage\"},\"image\":{\"@id\":\"https:\\\/\\\/shopatoa.com\\\/ro\\\/kundal-honey-macadamia-white-musk-set-de-calatorii-pentru-corp-si-par\\\/#primaryimage\"},\"thumbnailUrl\":\"https:\\\/\\\/storage.googleapis.com\\\/cz-shopatoa-img\\\/ro\\\/9e938405-unnamed-file.webp\",\"datePublished\":\"2025-06-21T14:37:40+00:00\",\"dateModified\":\"2025-12-10T20:42:55+00:00\",\"breadcrumb\":{\"@id\":\"https:\\\/\\\/shopatoa.com\\\/ro\\\/kundal-honey-macadamia-white-musk-set-de-calatorii-pentru-corp-si-par\\\/#breadcrumb\"},\"inLanguage\":\"ro-RO\",\"potentialAction\":[{\"@type\":\"ReadAction\",\"target\":[\"https:\\\/\\\/shopatoa.com\\\/ro\\\/kundal-honey-macadamia-white-musk-set-de-calatorii-pentru-corp-si-par\\\/\"]}]},{\"@type\":\"ImageObject\",\"inLanguage\":\"ro-RO\",\"@id\":\"https:\\\/\\\/shopatoa.com\\\/ro\\\/kundal-honey-macadamia-white-musk-set-de-calatorii-pentru-corp-si-par\\\/#primaryimage\",\"url\":\"https:\\\/\\\/storage.googleapis.com\\\/cz-shopatoa-img\\\/ro\\\/9e938405-unnamed-file.webp\",\"contentUrl\":\"https:\\\/\\\/storage.googleapis.com\\\/cz-shopatoa-img\\\/ro\\\/9e938405-unnamed-file.webp\",\"width\":800,\"height\":800},{\"@type\":\"BreadcrumbList\",\"@id\":\"https:\\\/\\\/shopatoa.com\\\/ro\\\/kundal-honey-macadamia-white-musk-set-de-calatorii-pentru-corp-si-par\\\/#breadcrumb\",\"itemListElement\":[{\"@type\":\"ListItem\",\"position\":1,\"name\":\"Dom\u016f\",\"item\":\"https:\\\/\\\/shopatoa.com\\\/ro\\\/\"},{\"@type\":\"ListItem\",\"position\":2,\"name\":\"Shop\",\"item\":\"https:\\\/\\\/shopatoa.com\\\/ro\\\/shop\\\/\"},{\"@type\":\"ListItem\",\"position\":3,\"name\":\"S\u0103n\u0103tate \u0219i frumuse\u021be\",\"item\":\"https:\\\/\\\/shopatoa.com\\\/ro\\\/sanatate-si-frumusete\\\/\"},{\"@type\":\"ListItem\",\"position\":4,\"name\":\"\u00cengrijire personal\u0103\",\"item\":\"https:\\\/\\\/shopatoa.com\\\/ro\\\/ingrijire-personala\\\/\"},{\"@type\":\"ListItem\",\"position\":5,\"name\":\"Cosmetice\",\"item\":\"https:\\\/\\\/shopatoa.com\\\/ro\\\/cosmetice-ingrijire-personala\\\/\"},{\"@type\":\"ListItem\",\"position\":6,\"name\":\"Baie \u0219i corp\",\"item\":\"https:\\\/\\\/shopatoa.com\\\/ro\\\/baie-si-corp\\\/\"},{\"@type\":\"ListItem\",\"position\":7,\"name\":\"Gel de du\u0219\",\"item\":\"https:\\\/\\\/shopatoa.com\\\/ro\\\/gel-de-dus\\\/\"},{\"@type\":\"ListItem\",\"position\":8,\"name\":\"KUNDAL Honey &amp; Macadamia White Musk Set de c\u0103l\u0103torii pentru corp si par\"}]},{\"@type\":\"WebSite\",\"@id\":\"https:\\\/\\\/shopatoa.com\\\/ro\\\/#website\",\"url\":\"https:\\\/\\\/shopatoa.com\\\/ro\\\/\",\"name\":\"SHOPATOA\",\"description\":\"\",\"publisher\":{\"@id\":\"https:\\\/\\\/shopatoa.com\\\/ro\\\/#organization\"},\"potentialAction\":[{\"@type\":\"SearchAction\",\"target\":{\"@type\":\"EntryPoint\",\"urlTemplate\":\"https:\\\/\\\/shopatoa.com\\\/ro\\\/?s={search_term_string}\"},\"query-input\":{\"@type\":\"PropertyValueSpecification\",\"valueRequired\":true,\"valueName\":\"search_term_string\"}}],\"inLanguage\":\"ro-RO\"},{\"@type\":\"Organization\",\"@id\":\"https:\\\/\\\/shopatoa.com\\\/ro\\\/#organization\",\"name\":\"SHOPATOA\",\"url\":\"https:\\\/\\\/shopatoa.com\\\/ro\\\/\",\"logo\":{\"@type\":\"ImageObject\",\"inLanguage\":\"ro-RO\",\"@id\":\"https:\\\/\\\/shopatoa.com\\\/ro\\\/#\\\/schema\\\/logo\\\/image\\\/\",\"url\":\"https:\\\/\\\/storage.googleapis.com\\\/cz-shopatoa-img\\\/ro\\\/b4dac915-shopatoa_logo.png\",\"contentUrl\":\"https:\\\/\\\/storage.googleapis.com\\\/cz-shopatoa-img\\\/ro\\\/b4dac915-shopatoa_logo.png\",\"width\":416,\"height\":63,\"caption\":\"SHOPATOA\"},\"image\":{\"@id\":\"https:\\\/\\\/shopatoa.com\\\/ro\\\/#\\\/schema\\\/logo\\\/image\\\/\"}}]}<\/script>\n<!-- \/ Yoast SEO plugin. -->","yoast_head_json":{"title":"KUNDAL Honey & Macadamia White Musk Set de c\u0103l\u0103torii pentru corp si par - SHOPATOA.COM","robots":{"index":"index","follow":"follow","max-snippet":"max-snippet:-1","max-image-preview":"max-image-preview:large","max-video-preview":"max-video-preview:-1"},"canonical":"https:\/\/shopatoa.com\/ro\/kundal-honey-macadamia-white-musk-set-de-calatorii-pentru-corp-si-par\/","og_locale":"ro_RO","og_type":"article","og_title":"KUNDAL Honey & Macadamia White Musk Set de c\u0103l\u0103torii pentru corp si par - SHOPATOA.COM","og_description":"KUNDAL Honey &amp; Macadamia White Musk, Balsamuri pentru p\u0103r pentru femei, Face\u021bi o bucurie dvs. sau celor dragi cu un set cosmetic KUNDAL Honey &amp; Macadamia. Setul con\u021bine: KUNDAL Honey &amp; Macadamia White Musk sampon natural pentru p\u0103r uscat \u0219i deteriorat 2&#215;100 ml KUNDAL Honey &amp; Macadamia White Musk crema intens hidratanta pentru p\u0103r uscat...","og_url":"https:\/\/shopatoa.com\/ro\/kundal-honey-macadamia-white-musk-set-de-calatorii-pentru-corp-si-par\/","og_site_name":"SHOPATOA","article_modified_time":"2025-12-10T20:42:55+00:00","og_image":[{"width":800,"height":800,"url":"https:\/\/storage.googleapis.com\/cz-shopatoa-img\/ro\/9e938405-unnamed-file.webp","type":"image\/webp"}],"twitter_card":"summary_large_image","twitter_misc":{"Timp estimat pentru citire":"1 minut"},"schema":{"@context":"https:\/\/schema.org","@graph":[{"@type":"WebPage","@id":"https:\/\/shopatoa.com\/ro\/kundal-honey-macadamia-white-musk-set-de-calatorii-pentru-corp-si-par\/","url":"https:\/\/shopatoa.com\/ro\/kundal-honey-macadamia-white-musk-set-de-calatorii-pentru-corp-si-par\/","name":"KUNDAL Honey & Macadamia White Musk Set de c\u0103l\u0103torii pentru corp si par - SHOPATOA.COM","isPartOf":{"@id":"https:\/\/shopatoa.com\/ro\/#website"},"primaryImageOfPage":{"@id":"https:\/\/shopatoa.com\/ro\/kundal-honey-macadamia-white-musk-set-de-calatorii-pentru-corp-si-par\/#primaryimage"},"image":{"@id":"https:\/\/shopatoa.com\/ro\/kundal-honey-macadamia-white-musk-set-de-calatorii-pentru-corp-si-par\/#primaryimage"},"thumbnailUrl":"https:\/\/storage.googleapis.com\/cz-shopatoa-img\/ro\/9e938405-unnamed-file.webp","datePublished":"2025-06-21T14:37:40+00:00","dateModified":"2025-12-10T20:42:55+00:00","breadcrumb":{"@id":"https:\/\/shopatoa.com\/ro\/kundal-honey-macadamia-white-musk-set-de-calatorii-pentru-corp-si-par\/#breadcrumb"},"inLanguage":"ro-RO","potentialAction":[{"@type":"ReadAction","target":["https:\/\/shopatoa.com\/ro\/kundal-honey-macadamia-white-musk-set-de-calatorii-pentru-corp-si-par\/"]}]},{"@type":"ImageObject","inLanguage":"ro-RO","@id":"https:\/\/shopatoa.com\/ro\/kundal-honey-macadamia-white-musk-set-de-calatorii-pentru-corp-si-par\/#primaryimage","url":"https:\/\/storage.googleapis.com\/cz-shopatoa-img\/ro\/9e938405-unnamed-file.webp","contentUrl":"https:\/\/storage.googleapis.com\/cz-shopatoa-img\/ro\/9e938405-unnamed-file.webp","width":800,"height":800},{"@type":"BreadcrumbList","@id":"https:\/\/shopatoa.com\/ro\/kundal-honey-macadamia-white-musk-set-de-calatorii-pentru-corp-si-par\/#breadcrumb","itemListElement":[{"@type":"ListItem","position":1,"name":"Dom\u016f","item":"https:\/\/shopatoa.com\/ro\/"},{"@type":"ListItem","position":2,"name":"Shop","item":"https:\/\/shopatoa.com\/ro\/shop\/"},{"@type":"ListItem","position":3,"name":"S\u0103n\u0103tate \u0219i frumuse\u021be","item":"https:\/\/shopatoa.com\/ro\/sanatate-si-frumusete\/"},{"@type":"ListItem","position":4,"name":"\u00cengrijire personal\u0103","item":"https:\/\/shopatoa.com\/ro\/ingrijire-personala\/"},{"@type":"ListItem","position":5,"name":"Cosmetice","item":"https:\/\/shopatoa.com\/ro\/cosmetice-ingrijire-personala\/"},{"@type":"ListItem","position":6,"name":"Baie \u0219i corp","item":"https:\/\/shopatoa.com\/ro\/baie-si-corp\/"},{"@type":"ListItem","position":7,"name":"Gel de du\u0219","item":"https:\/\/shopatoa.com\/ro\/gel-de-dus\/"},{"@type":"ListItem","position":8,"name":"KUNDAL Honey &amp; Macadamia White Musk Set de c\u0103l\u0103torii pentru corp si par"}]},{"@type":"WebSite","@id":"https:\/\/shopatoa.com\/ro\/#website","url":"https:\/\/shopatoa.com\/ro\/","name":"SHOPATOA","description":"","publisher":{"@id":"https:\/\/shopatoa.com\/ro\/#organization"},"potentialAction":[{"@type":"SearchAction","target":{"@type":"EntryPoint","urlTemplate":"https:\/\/shopatoa.com\/ro\/?s={search_term_string}"},"query-input":{"@type":"PropertyValueSpecification","valueRequired":true,"valueName":"search_term_string"}}],"inLanguage":"ro-RO"},{"@type":"Organization","@id":"https:\/\/shopatoa.com\/ro\/#organization","name":"SHOPATOA","url":"https:\/\/shopatoa.com\/ro\/","logo":{"@type":"ImageObject","inLanguage":"ro-RO","@id":"https:\/\/shopatoa.com\/ro\/#\/schema\/logo\/image\/","url":"https:\/\/storage.googleapis.com\/cz-shopatoa-img\/ro\/b4dac915-shopatoa_logo.png","contentUrl":"https:\/\/storage.googleapis.com\/cz-shopatoa-img\/ro\/b4dac915-shopatoa_logo.png","width":416,"height":63,"caption":"SHOPATOA"},"image":{"@id":"https:\/\/shopatoa.com\/ro\/#\/schema\/logo\/image\/"}}]}},"_links":{"self":[{"href":"https:\/\/shopatoa.com\/ro\/wp-json\/wp\/v2\/product\/424402","targetHints":{"allow":["GET"]}}],"collection":[{"href":"https:\/\/shopatoa.com\/ro\/wp-json\/wp\/v2\/product"}],"about":[{"href":"https:\/\/shopatoa.com\/ro\/wp-json\/wp\/v2\/types\/product"}],"replies":[{"embeddable":true,"href":"https:\/\/shopatoa.com\/ro\/wp-json\/wp\/v2\/comments?post=424402"}],"wp:featuredmedia":[{"embeddable":true,"href":"https:\/\/shopatoa.com\/ro\/wp-json\/wp\/v2\/media\/424403"}],"wp:attachment":[{"href":"https:\/\/shopatoa.com\/ro\/wp-json\/wp\/v2\/media?parent=424402"}],"wp:term":[{"taxonomy":"product_brand","embeddable":true,"href":"https:\/\/shopatoa.com\/ro\/wp-json\/wp\/v2\/product_brand?post=424402"},{"taxonomy":"product_cat","embeddable":true,"href":"https:\/\/shopatoa.com\/ro\/wp-json\/wp\/v2\/product_cat?post=424402"},{"taxonomy":"product_tag","embeddable":true,"href":"https:\/\/shopatoa.com\/ro\/wp-json\/wp\/v2\/product_tag?post=424402"}],"curies":[{"name":"wp","href":"https:\/\/api.w.org\/{rel}","templated":true}]}}