{"id":424406,"date":"2025-06-21T16:39:35","date_gmt":"2025-06-21T14:39:35","guid":{"rendered":"https:\/\/shopatoa.com\/ro\/l-a-girl-cosmetics-makeup-removing-wipes-servetele-demachiante-pentru-make-up-30-buc\/"},"modified":"2025-12-10T21:34:01","modified_gmt":"2025-12-10T20:34:01","slug":"l-a-girl-cosmetics-makeup-removing-wipes-servetele-demachiante-pentru-make-up-30-buc","status":"publish","type":"product","link":"https:\/\/shopatoa.com\/ro\/l-a-girl-cosmetics-makeup-removing-wipes-servetele-demachiante-pentru-make-up-30-buc\/","title":{"rendered":"L.A. Girl Cosmetics Makeup Removing Wipes \u0219erve\u021bele demachiante pentru make-up 30 buc"},"content":{"rendered":"<p>L.A. Girl Cosmetics Makeup Removing Wipes, 30 buc, Demachiante pentru femei, \u00cendep\u0103rta\u021bi machiajul de pe fa\u021b\u0103 oric\u00e2nd \u0219i oriunde. \u0218erve\u021belele demachiante L.A. Girl Cosmetics Makeup Removing Wipes nu numai c\u0103 exfoliaz\u0103 eficient tenul, dar, fiind practice, le pute\u021bi avea la \u00eendem\u00e2n\u0103 \u00een orice moment.  Caracteristici:  \u00eenl\u0103tur\u0103 eficient fondul de ten fe\u021bei l\u0103s\u0103 tenul complet curat previne deshidratarea tenului tenul este moale \u0219i catifelat la atingere hr\u0103ne\u0219te tenul  Ingrediente:  aloe vera \u2013 are efecte puternic hidratante \u0219i de regenerare, ac\u021bioneaz\u0103 ca antioxidant, ajut\u0103 la protejarea \u00eempotriva radicalilor liberi \u0219i a usc\u0103rii  Cum se utilizeaz\u0103: Se scoate un \u0219erve\u021bel \u0219i se \u00eendep\u0103rteaz\u0103 u\u0219or din piele fondul de ten \u0219i impurit\u0103\u021bile. Se cl\u0103te\u0219te bine cu ap\u0103 c\u0103ldu\u021b\u0103. Dup\u0103 utilizare se \u00eenchide bine pachetul, pentru a se \u00eempiedica uscarea \u0219erve\u021belelor.<\/p>\n","protected":false},"excerpt":{"rendered":"<p>L.A. Girl Cosmetics Makeup Removing Wipes, 30 buc, Demachiante pentru femei, \u00cendep\u0103rta\u021bi machiajul de pe fa\u021b\u0103 oric\u00e2nd \u0219i oriunde. \u0218erve\u021belele demachiante L.A. Girl Cosmetics Makeup Removing Wipes nu numai c\u0103 exfoliaz\u0103 eficient tenul, dar, fiind practice, le pute\u021bi avea la \u00eendem\u00e2n\u0103 \u00een orice moment. Caracteristici: \u00eenl\u0103tur\u0103 eficient fondul de ten fe\u021bei l\u0103s\u0103 tenul complet curat&#8230;<\/p>\n","protected":false},"featured_media":424407,"comment_status":"closed","ping_status":"open","template":"","meta":{"_acf_changed":false,"_kadence_starter_templates_imported_post":false,"_kad_post_transparent":"","_kad_post_title":"","_kad_post_layout":"","_kad_post_sidebar_id":"","_kad_post_content_style":"","_kad_post_vertical_padding":"","_kad_post_feature":"","_kad_post_feature_position":"","_kad_post_header":false,"_kad_post_footer":false,"_kad_post_classname":""},"product_brand":[1940],"product_cat":[1564,1566,1563,1565,1562],"product_tag":[],"class_list":{"0":"post-424406","1":"product","2":"type-product","3":"status-publish","4":"has-post-thumbnail","6":"product_brand-l-a-girl-cosmetics","7":"product_cat-cosmetice-ingrijire-personala","8":"product_cat-demachiere","9":"product_cat-ingrijire-personala","10":"product_cat-ingrijirea-pielii","11":"product_cat-sanatate-si-frumusete","12":"pa_gen-female","13":"pa_marime-30-buc","15":"first","16":"instock","17":"product-type-external","18":"entry","19":"content-bg","20":"loop-entry"},"acf":[],"yoast_head":"<!-- This site is optimized with the Yoast SEO plugin v27.4 - https:\/\/yoast.com\/product\/yoast-seo-wordpress\/ -->\n<title>L.A. Girl Cosmetics Makeup Removing Wipes \u0219erve\u021bele demachiante pentru make-up 30 buc - SHOPATOA.COM<\/title>\n<meta name=\"robots\" content=\"index, follow, max-snippet:-1, max-image-preview:large, max-video-preview:-1\" \/>\n<link rel=\"canonical\" href=\"https:\/\/shopatoa.com\/ro\/l-a-girl-cosmetics-makeup-removing-wipes-servetele-demachiante-pentru-make-up-30-buc\/\" \/>\n<meta property=\"og:locale\" content=\"ro_RO\" \/>\n<meta property=\"og:type\" content=\"article\" \/>\n<meta property=\"og:title\" content=\"L.A. Girl Cosmetics Makeup Removing Wipes \u0219erve\u021bele demachiante pentru make-up 30 buc - SHOPATOA.COM\" \/>\n<meta property=\"og:description\" content=\"L.A. Girl Cosmetics Makeup Removing Wipes, 30 buc, Demachiante pentru femei, \u00cendep\u0103rta\u021bi machiajul de pe fa\u021b\u0103 oric\u00e2nd \u0219i oriunde. \u0218erve\u021belele demachiante L.A. Girl Cosmetics Makeup Removing Wipes nu numai c\u0103 exfoliaz\u0103 eficient tenul, dar, fiind practice, le pute\u021bi avea la \u00eendem\u00e2n\u0103 \u00een orice moment. Caracteristici: \u00eenl\u0103tur\u0103 eficient fondul de ten fe\u021bei l\u0103s\u0103 tenul complet curat...\" \/>\n<meta property=\"og:url\" content=\"https:\/\/shopatoa.com\/ro\/l-a-girl-cosmetics-makeup-removing-wipes-servetele-demachiante-pentru-make-up-30-buc\/\" \/>\n<meta property=\"og:site_name\" content=\"SHOPATOA\" \/>\n<meta property=\"article:modified_time\" content=\"2025-12-10T20:34:01+00:00\" \/>\n<meta property=\"og:image\" content=\"https:\/\/storage.googleapis.com\/cz-shopatoa-img\/ro\/cf21adf5-unnamed-file.webp\" \/>\n\t<meta property=\"og:image:width\" content=\"800\" \/>\n\t<meta property=\"og:image:height\" content=\"800\" \/>\n\t<meta property=\"og:image:type\" content=\"image\/webp\" \/>\n<meta name=\"twitter:card\" content=\"summary_large_image\" \/>\n<meta name=\"twitter:label1\" content=\"Timp estimat pentru citire\" \/>\n\t<meta name=\"twitter:data1\" content=\"1 minut\" \/>\n<script type=\"application\/ld+json\" class=\"yoast-schema-graph\">{\"@context\":\"https:\\\/\\\/schema.org\",\"@graph\":[{\"@type\":\"WebPage\",\"@id\":\"https:\\\/\\\/shopatoa.com\\\/ro\\\/l-a-girl-cosmetics-makeup-removing-wipes-servetele-demachiante-pentru-make-up-30-buc\\\/\",\"url\":\"https:\\\/\\\/shopatoa.com\\\/ro\\\/l-a-girl-cosmetics-makeup-removing-wipes-servetele-demachiante-pentru-make-up-30-buc\\\/\",\"name\":\"L.A. Girl Cosmetics Makeup Removing Wipes \u0219erve\u021bele demachiante pentru make-up 30 buc - SHOPATOA.COM\",\"isPartOf\":{\"@id\":\"https:\\\/\\\/shopatoa.com\\\/ro\\\/#website\"},\"primaryImageOfPage\":{\"@id\":\"https:\\\/\\\/shopatoa.com\\\/ro\\\/l-a-girl-cosmetics-makeup-removing-wipes-servetele-demachiante-pentru-make-up-30-buc\\\/#primaryimage\"},\"image\":{\"@id\":\"https:\\\/\\\/shopatoa.com\\\/ro\\\/l-a-girl-cosmetics-makeup-removing-wipes-servetele-demachiante-pentru-make-up-30-buc\\\/#primaryimage\"},\"thumbnailUrl\":\"https:\\\/\\\/storage.googleapis.com\\\/cz-shopatoa-img\\\/ro\\\/cf21adf5-unnamed-file.webp\",\"datePublished\":\"2025-06-21T14:39:35+00:00\",\"dateModified\":\"2025-12-10T20:34:01+00:00\",\"breadcrumb\":{\"@id\":\"https:\\\/\\\/shopatoa.com\\\/ro\\\/l-a-girl-cosmetics-makeup-removing-wipes-servetele-demachiante-pentru-make-up-30-buc\\\/#breadcrumb\"},\"inLanguage\":\"ro-RO\",\"potentialAction\":[{\"@type\":\"ReadAction\",\"target\":[\"https:\\\/\\\/shopatoa.com\\\/ro\\\/l-a-girl-cosmetics-makeup-removing-wipes-servetele-demachiante-pentru-make-up-30-buc\\\/\"]}]},{\"@type\":\"ImageObject\",\"inLanguage\":\"ro-RO\",\"@id\":\"https:\\\/\\\/shopatoa.com\\\/ro\\\/l-a-girl-cosmetics-makeup-removing-wipes-servetele-demachiante-pentru-make-up-30-buc\\\/#primaryimage\",\"url\":\"https:\\\/\\\/storage.googleapis.com\\\/cz-shopatoa-img\\\/ro\\\/cf21adf5-unnamed-file.webp\",\"contentUrl\":\"https:\\\/\\\/storage.googleapis.com\\\/cz-shopatoa-img\\\/ro\\\/cf21adf5-unnamed-file.webp\",\"width\":800,\"height\":800},{\"@type\":\"BreadcrumbList\",\"@id\":\"https:\\\/\\\/shopatoa.com\\\/ro\\\/l-a-girl-cosmetics-makeup-removing-wipes-servetele-demachiante-pentru-make-up-30-buc\\\/#breadcrumb\",\"itemListElement\":[{\"@type\":\"ListItem\",\"position\":1,\"name\":\"Dom\u016f\",\"item\":\"https:\\\/\\\/shopatoa.com\\\/ro\\\/\"},{\"@type\":\"ListItem\",\"position\":2,\"name\":\"Shop\",\"item\":\"https:\\\/\\\/shopatoa.com\\\/ro\\\/shop\\\/\"},{\"@type\":\"ListItem\",\"position\":3,\"name\":\"S\u0103n\u0103tate \u0219i frumuse\u021be\",\"item\":\"https:\\\/\\\/shopatoa.com\\\/ro\\\/sanatate-si-frumusete\\\/\"},{\"@type\":\"ListItem\",\"position\":4,\"name\":\"\u00cengrijire personal\u0103\",\"item\":\"https:\\\/\\\/shopatoa.com\\\/ro\\\/ingrijire-personala\\\/\"},{\"@type\":\"ListItem\",\"position\":5,\"name\":\"Cosmetice\",\"item\":\"https:\\\/\\\/shopatoa.com\\\/ro\\\/cosmetice-ingrijire-personala\\\/\"},{\"@type\":\"ListItem\",\"position\":6,\"name\":\"\u00cengrijirea pielii\",\"item\":\"https:\\\/\\\/shopatoa.com\\\/ro\\\/ingrijirea-pielii\\\/\"},{\"@type\":\"ListItem\",\"position\":7,\"name\":\"Demachiere\",\"item\":\"https:\\\/\\\/shopatoa.com\\\/ro\\\/demachiere\\\/\"},{\"@type\":\"ListItem\",\"position\":8,\"name\":\"L.A. Girl Cosmetics Makeup Removing Wipes \u0219erve\u021bele demachiante pentru make-up 30 buc\"}]},{\"@type\":\"WebSite\",\"@id\":\"https:\\\/\\\/shopatoa.com\\\/ro\\\/#website\",\"url\":\"https:\\\/\\\/shopatoa.com\\\/ro\\\/\",\"name\":\"SHOPATOA\",\"description\":\"\",\"publisher\":{\"@id\":\"https:\\\/\\\/shopatoa.com\\\/ro\\\/#organization\"},\"potentialAction\":[{\"@type\":\"SearchAction\",\"target\":{\"@type\":\"EntryPoint\",\"urlTemplate\":\"https:\\\/\\\/shopatoa.com\\\/ro\\\/?s={search_term_string}\"},\"query-input\":{\"@type\":\"PropertyValueSpecification\",\"valueRequired\":true,\"valueName\":\"search_term_string\"}}],\"inLanguage\":\"ro-RO\"},{\"@type\":\"Organization\",\"@id\":\"https:\\\/\\\/shopatoa.com\\\/ro\\\/#organization\",\"name\":\"SHOPATOA\",\"url\":\"https:\\\/\\\/shopatoa.com\\\/ro\\\/\",\"logo\":{\"@type\":\"ImageObject\",\"inLanguage\":\"ro-RO\",\"@id\":\"https:\\\/\\\/shopatoa.com\\\/ro\\\/#\\\/schema\\\/logo\\\/image\\\/\",\"url\":\"https:\\\/\\\/storage.googleapis.com\\\/cz-shopatoa-img\\\/ro\\\/b4dac915-shopatoa_logo.png\",\"contentUrl\":\"https:\\\/\\\/storage.googleapis.com\\\/cz-shopatoa-img\\\/ro\\\/b4dac915-shopatoa_logo.png\",\"width\":416,\"height\":63,\"caption\":\"SHOPATOA\"},\"image\":{\"@id\":\"https:\\\/\\\/shopatoa.com\\\/ro\\\/#\\\/schema\\\/logo\\\/image\\\/\"}}]}<\/script>\n<!-- \/ Yoast SEO plugin. -->","yoast_head_json":{"title":"L.A. Girl Cosmetics Makeup Removing Wipes \u0219erve\u021bele demachiante pentru make-up 30 buc - SHOPATOA.COM","robots":{"index":"index","follow":"follow","max-snippet":"max-snippet:-1","max-image-preview":"max-image-preview:large","max-video-preview":"max-video-preview:-1"},"canonical":"https:\/\/shopatoa.com\/ro\/l-a-girl-cosmetics-makeup-removing-wipes-servetele-demachiante-pentru-make-up-30-buc\/","og_locale":"ro_RO","og_type":"article","og_title":"L.A. Girl Cosmetics Makeup Removing Wipes \u0219erve\u021bele demachiante pentru make-up 30 buc - SHOPATOA.COM","og_description":"L.A. Girl Cosmetics Makeup Removing Wipes, 30 buc, Demachiante pentru femei, \u00cendep\u0103rta\u021bi machiajul de pe fa\u021b\u0103 oric\u00e2nd \u0219i oriunde. \u0218erve\u021belele demachiante L.A. Girl Cosmetics Makeup Removing Wipes nu numai c\u0103 exfoliaz\u0103 eficient tenul, dar, fiind practice, le pute\u021bi avea la \u00eendem\u00e2n\u0103 \u00een orice moment. Caracteristici: \u00eenl\u0103tur\u0103 eficient fondul de ten fe\u021bei l\u0103s\u0103 tenul complet curat...","og_url":"https:\/\/shopatoa.com\/ro\/l-a-girl-cosmetics-makeup-removing-wipes-servetele-demachiante-pentru-make-up-30-buc\/","og_site_name":"SHOPATOA","article_modified_time":"2025-12-10T20:34:01+00:00","og_image":[{"width":800,"height":800,"url":"https:\/\/storage.googleapis.com\/cz-shopatoa-img\/ro\/cf21adf5-unnamed-file.webp","type":"image\/webp"}],"twitter_card":"summary_large_image","twitter_misc":{"Timp estimat pentru citire":"1 minut"},"schema":{"@context":"https:\/\/schema.org","@graph":[{"@type":"WebPage","@id":"https:\/\/shopatoa.com\/ro\/l-a-girl-cosmetics-makeup-removing-wipes-servetele-demachiante-pentru-make-up-30-buc\/","url":"https:\/\/shopatoa.com\/ro\/l-a-girl-cosmetics-makeup-removing-wipes-servetele-demachiante-pentru-make-up-30-buc\/","name":"L.A. Girl Cosmetics Makeup Removing Wipes \u0219erve\u021bele demachiante pentru make-up 30 buc - SHOPATOA.COM","isPartOf":{"@id":"https:\/\/shopatoa.com\/ro\/#website"},"primaryImageOfPage":{"@id":"https:\/\/shopatoa.com\/ro\/l-a-girl-cosmetics-makeup-removing-wipes-servetele-demachiante-pentru-make-up-30-buc\/#primaryimage"},"image":{"@id":"https:\/\/shopatoa.com\/ro\/l-a-girl-cosmetics-makeup-removing-wipes-servetele-demachiante-pentru-make-up-30-buc\/#primaryimage"},"thumbnailUrl":"https:\/\/storage.googleapis.com\/cz-shopatoa-img\/ro\/cf21adf5-unnamed-file.webp","datePublished":"2025-06-21T14:39:35+00:00","dateModified":"2025-12-10T20:34:01+00:00","breadcrumb":{"@id":"https:\/\/shopatoa.com\/ro\/l-a-girl-cosmetics-makeup-removing-wipes-servetele-demachiante-pentru-make-up-30-buc\/#breadcrumb"},"inLanguage":"ro-RO","potentialAction":[{"@type":"ReadAction","target":["https:\/\/shopatoa.com\/ro\/l-a-girl-cosmetics-makeup-removing-wipes-servetele-demachiante-pentru-make-up-30-buc\/"]}]},{"@type":"ImageObject","inLanguage":"ro-RO","@id":"https:\/\/shopatoa.com\/ro\/l-a-girl-cosmetics-makeup-removing-wipes-servetele-demachiante-pentru-make-up-30-buc\/#primaryimage","url":"https:\/\/storage.googleapis.com\/cz-shopatoa-img\/ro\/cf21adf5-unnamed-file.webp","contentUrl":"https:\/\/storage.googleapis.com\/cz-shopatoa-img\/ro\/cf21adf5-unnamed-file.webp","width":800,"height":800},{"@type":"BreadcrumbList","@id":"https:\/\/shopatoa.com\/ro\/l-a-girl-cosmetics-makeup-removing-wipes-servetele-demachiante-pentru-make-up-30-buc\/#breadcrumb","itemListElement":[{"@type":"ListItem","position":1,"name":"Dom\u016f","item":"https:\/\/shopatoa.com\/ro\/"},{"@type":"ListItem","position":2,"name":"Shop","item":"https:\/\/shopatoa.com\/ro\/shop\/"},{"@type":"ListItem","position":3,"name":"S\u0103n\u0103tate \u0219i frumuse\u021be","item":"https:\/\/shopatoa.com\/ro\/sanatate-si-frumusete\/"},{"@type":"ListItem","position":4,"name":"\u00cengrijire personal\u0103","item":"https:\/\/shopatoa.com\/ro\/ingrijire-personala\/"},{"@type":"ListItem","position":5,"name":"Cosmetice","item":"https:\/\/shopatoa.com\/ro\/cosmetice-ingrijire-personala\/"},{"@type":"ListItem","position":6,"name":"\u00cengrijirea pielii","item":"https:\/\/shopatoa.com\/ro\/ingrijirea-pielii\/"},{"@type":"ListItem","position":7,"name":"Demachiere","item":"https:\/\/shopatoa.com\/ro\/demachiere\/"},{"@type":"ListItem","position":8,"name":"L.A. Girl Cosmetics Makeup Removing Wipes \u0219erve\u021bele demachiante pentru make-up 30 buc"}]},{"@type":"WebSite","@id":"https:\/\/shopatoa.com\/ro\/#website","url":"https:\/\/shopatoa.com\/ro\/","name":"SHOPATOA","description":"","publisher":{"@id":"https:\/\/shopatoa.com\/ro\/#organization"},"potentialAction":[{"@type":"SearchAction","target":{"@type":"EntryPoint","urlTemplate":"https:\/\/shopatoa.com\/ro\/?s={search_term_string}"},"query-input":{"@type":"PropertyValueSpecification","valueRequired":true,"valueName":"search_term_string"}}],"inLanguage":"ro-RO"},{"@type":"Organization","@id":"https:\/\/shopatoa.com\/ro\/#organization","name":"SHOPATOA","url":"https:\/\/shopatoa.com\/ro\/","logo":{"@type":"ImageObject","inLanguage":"ro-RO","@id":"https:\/\/shopatoa.com\/ro\/#\/schema\/logo\/image\/","url":"https:\/\/storage.googleapis.com\/cz-shopatoa-img\/ro\/b4dac915-shopatoa_logo.png","contentUrl":"https:\/\/storage.googleapis.com\/cz-shopatoa-img\/ro\/b4dac915-shopatoa_logo.png","width":416,"height":63,"caption":"SHOPATOA"},"image":{"@id":"https:\/\/shopatoa.com\/ro\/#\/schema\/logo\/image\/"}}]}},"_links":{"self":[{"href":"https:\/\/shopatoa.com\/ro\/wp-json\/wp\/v2\/product\/424406","targetHints":{"allow":["GET"]}}],"collection":[{"href":"https:\/\/shopatoa.com\/ro\/wp-json\/wp\/v2\/product"}],"about":[{"href":"https:\/\/shopatoa.com\/ro\/wp-json\/wp\/v2\/types\/product"}],"replies":[{"embeddable":true,"href":"https:\/\/shopatoa.com\/ro\/wp-json\/wp\/v2\/comments?post=424406"}],"wp:featuredmedia":[{"embeddable":true,"href":"https:\/\/shopatoa.com\/ro\/wp-json\/wp\/v2\/media\/424407"}],"wp:attachment":[{"href":"https:\/\/shopatoa.com\/ro\/wp-json\/wp\/v2\/media?parent=424406"}],"wp:term":[{"taxonomy":"product_brand","embeddable":true,"href":"https:\/\/shopatoa.com\/ro\/wp-json\/wp\/v2\/product_brand?post=424406"},{"taxonomy":"product_cat","embeddable":true,"href":"https:\/\/shopatoa.com\/ro\/wp-json\/wp\/v2\/product_cat?post=424406"},{"taxonomy":"product_tag","embeddable":true,"href":"https:\/\/shopatoa.com\/ro\/wp-json\/wp\/v2\/product_tag?post=424406"}],"curies":[{"name":"wp","href":"https:\/\/api.w.org\/{rel}","templated":true}]}}