{"id":424426,"date":"2025-06-21T16:41:13","date_gmt":"2025-06-21T14:41:13","guid":{"rendered":"https:\/\/shopatoa.com\/ro\/revox-b77-just-aha-30-bha-4-ser-exfoliant-de-netezire-pentru-definirea-pielii-30-ml\/"},"modified":"2025-12-10T21:32:43","modified_gmt":"2025-12-10T20:32:43","slug":"revox-b77-just-aha-30-bha-4-ser-exfoliant-de-netezire-pentru-definirea-pielii-30-ml","status":"publish","type":"product","link":"https:\/\/shopatoa.com\/ro\/revox-b77-just-aha-30-bha-4-ser-exfoliant-de-netezire-pentru-definirea-pielii-30-ml\/","title":{"rendered":"Revox B77 JUST AHA 30% + BHA 4% ser exfoliant de netezire pentru definirea pielii 30 ml"},"content":{"rendered":"<p>Revox B77 JUST AHA 30% + BHA 4%, 30 ml, Peeling chimic pentru femei, Pentru o exfoliere chimic\u0103 eficient\u0103 cu acizi AHA nu este nevoie s\u0103 apela\u021bi la un salon de cosmetic\u0103. Exfoliantul facial Revox B77 JUST AHA 30% + BHA 4% va avea grij\u0103 de el \u00een confortul casei dvs. \u00cendep\u0103rteaz\u0103 impurit\u0103\u021bile \u0219i celulele moarte ale pielii cu o eficien\u021b\u0103 maxim\u0103, favoriz\u00e2nd procesul de regenerare profund\u0103 \u0219i contribuie la netezirea \u0219i uniformizarea nuan\u021bei tenului.  Caracteristici:  netezirea texturii neuniforme a tenului \u00eendep\u0103rteaz\u0103 celulele epiteliale moarte red\u0103 pielii prospe\u021bimea \u0219i frumuse\u021bea tinereasc\u0103 ilumineaz\u0103 \u0219i uniformizeaz\u0103 tenul neteze\u0219te \u0219i catifeleaz\u0103 pielea \u00een ambalaj de sticl\u0103  Ingrediente:  nu con\u021bine ulei nu con\u021bine parfum produs vegan testat dermatologic acid hialuronic \u2013 leag\u0103 o cantitate mare de ap\u0103 \u0219i hidrateaz\u0103 intens aloe vera \u2013 are efecte puternic hidratante \u0219i de regenerare, ac\u021bioneaz\u0103 ca antioxidant, ajut\u0103 la protejarea \u00eempotriva radicalilor liberi \u0219i a usc\u0103rii acid glicolic \u2013 \u00eendep\u0103rteaz\u0103 celulele moarte cutanate \u0219i favorizeaz\u0103 astfel re\u00eennoirea stratului superior al pielii, hidrateaz\u0103, contribuie la uniformizarea nuan\u021bei, reduce petele pigmentare \u0219i neteze\u0219te ridurile fine pantenol \u2013 are efecte hidratante \u0219i calmante, amelioreaz\u0103 irita\u021bia, ro\u0219ea\u021ba, uscarea \u0219i senza\u021biilor de disconfort acizi AHA \u2013 prin exfoliere elimin\u0103 celulele moarte cutanate, ajut\u00e2nd la regenerarea rapid\u0103 a stratului superior al pielii acizi BHA \u2013 cur\u0103\u021b\u0103 \u00een profunzime \u0219i elibereaz\u0103 porii colmata\u021bi, elimin\u0103 celulele moarte cutanate \u0219i excesul de sebum, ajut\u0103 la prevenirea punctelor negre acid lactic \u2013 ajut\u0103 la \u00eendep\u0103rtarea celulelor moarte cutanate, sus\u021bine procesul natural de re\u00eennoire celular\u0103 \u0219i \u00een acela\u0219i timp are efecte hidratante, neteze\u0219te textura aspr\u0103 \u0219i decolmateaz\u0103 porii  Cum se utilizeaz\u0103: Folosi\u021bi pipeta pentru a doza c\u00e2teva pic\u0103turi, aplica\u021bi pe tenul curat \u0219i estompa\u021bi. Aplica\u021bi pe tenul uscat. A se evita zona ochilor. Aplica\u021bi de preferin\u021b\u0103 seara. L\u0103sa\u021bi s\u0103 ac\u021bioneze pentru num\u0103rul de minute indicat: 10. Apoi se limpeze\u0219te bine cu ap\u0103. Nu combina\u021bi cu alte produse care con\u021bin retinol. Pe perioada utiliz\u0103rii, aplica\u021bi \u00een timpul zilei cosmetice cu SPF ridicat. Nu aplica\u021bi pe tenul sensibil, descuamat sau deteriorat. Nu folosi\u021bi pe tenul umed.<\/p>\n","protected":false},"excerpt":{"rendered":"<p>Revox B77 JUST AHA 30% + BHA 4%, 30 ml, Peeling chimic pentru femei, Pentru o exfoliere chimic\u0103 eficient\u0103 cu acizi AHA nu este nevoie s\u0103 apela\u021bi la un salon de cosmetic\u0103. Exfoliantul facial Revox B77 JUST AHA 30% + BHA 4% va avea grij\u0103 de el \u00een confortul casei dvs. \u00cendep\u0103rteaz\u0103 impurit\u0103\u021bile \u0219i celulele&#8230;<\/p>\n","protected":false},"featured_media":424427,"comment_status":"closed","ping_status":"open","template":"","meta":{"_acf_changed":false,"_kadence_starter_templates_imported_post":false,"_kad_post_transparent":"","_kad_post_title":"","_kad_post_layout":"","_kad_post_sidebar_id":"","_kad_post_content_style":"","_kad_post_vertical_padding":"","_kad_post_feature":"","_kad_post_feature_position":"","_kad_post_header":false,"_kad_post_footer":false,"_kad_post_classname":""},"product_brand":[2325],"product_cat":[1564,1563,1565,1562],"product_tag":[],"class_list":{"0":"post-424426","1":"product","2":"type-product","3":"status-publish","4":"has-post-thumbnail","6":"product_brand-revox-b77","7":"product_cat-cosmetice-ingrijire-personala","8":"product_cat-ingrijire-personala","9":"product_cat-ingrijirea-pielii","10":"product_cat-sanatate-si-frumusete","11":"pa_gen-female","12":"pa_marime-30-ml","14":"first","15":"instock","16":"sale","17":"product-type-external","18":"entry","19":"content-bg","20":"loop-entry"},"acf":[],"yoast_head":"<!-- This site is optimized with the Yoast SEO plugin v27.4 - https:\/\/yoast.com\/product\/yoast-seo-wordpress\/ -->\n<title>Revox B77 JUST AHA 30% + BHA 4% ser exfoliant de netezire pentru definirea pielii 30 ml - SHOPATOA.COM<\/title>\n<meta name=\"robots\" content=\"index, follow, max-snippet:-1, max-image-preview:large, max-video-preview:-1\" \/>\n<link rel=\"canonical\" href=\"https:\/\/shopatoa.com\/ro\/revox-b77-just-aha-30-bha-4-ser-exfoliant-de-netezire-pentru-definirea-pielii-30-ml\/\" \/>\n<meta property=\"og:locale\" content=\"ro_RO\" \/>\n<meta property=\"og:type\" content=\"article\" \/>\n<meta property=\"og:title\" content=\"Revox B77 JUST AHA 30% + BHA 4% ser exfoliant de netezire pentru definirea pielii 30 ml - SHOPATOA.COM\" \/>\n<meta property=\"og:description\" content=\"Revox B77 JUST AHA 30% + BHA 4%, 30 ml, Peeling chimic pentru femei, Pentru o exfoliere chimic\u0103 eficient\u0103 cu acizi AHA nu este nevoie s\u0103 apela\u021bi la un salon de cosmetic\u0103. Exfoliantul facial Revox B77 JUST AHA 30% + BHA 4% va avea grij\u0103 de el \u00een confortul casei dvs. \u00cendep\u0103rteaz\u0103 impurit\u0103\u021bile \u0219i celulele...\" \/>\n<meta property=\"og:url\" content=\"https:\/\/shopatoa.com\/ro\/revox-b77-just-aha-30-bha-4-ser-exfoliant-de-netezire-pentru-definirea-pielii-30-ml\/\" \/>\n<meta property=\"og:site_name\" content=\"SHOPATOA\" \/>\n<meta property=\"article:modified_time\" content=\"2025-12-10T20:32:43+00:00\" \/>\n<meta property=\"og:image\" content=\"https:\/\/storage.googleapis.com\/cz-shopatoa-img\/ro\/45348f12-unnamed-file.webp\" \/>\n\t<meta property=\"og:image:width\" content=\"800\" \/>\n\t<meta property=\"og:image:height\" content=\"800\" \/>\n\t<meta property=\"og:image:type\" content=\"image\/webp\" \/>\n<meta name=\"twitter:card\" content=\"summary_large_image\" \/>\n<meta name=\"twitter:label1\" content=\"Timp estimat pentru citire\" \/>\n\t<meta name=\"twitter:data1\" content=\"2 minute\" \/>\n<script type=\"application\/ld+json\" class=\"yoast-schema-graph\">{\"@context\":\"https:\\\/\\\/schema.org\",\"@graph\":[{\"@type\":\"WebPage\",\"@id\":\"https:\\\/\\\/shopatoa.com\\\/ro\\\/revox-b77-just-aha-30-bha-4-ser-exfoliant-de-netezire-pentru-definirea-pielii-30-ml\\\/\",\"url\":\"https:\\\/\\\/shopatoa.com\\\/ro\\\/revox-b77-just-aha-30-bha-4-ser-exfoliant-de-netezire-pentru-definirea-pielii-30-ml\\\/\",\"name\":\"Revox B77 JUST AHA 30% + BHA 4% ser exfoliant de netezire pentru definirea pielii 30 ml - SHOPATOA.COM\",\"isPartOf\":{\"@id\":\"https:\\\/\\\/shopatoa.com\\\/ro\\\/#website\"},\"primaryImageOfPage\":{\"@id\":\"https:\\\/\\\/shopatoa.com\\\/ro\\\/revox-b77-just-aha-30-bha-4-ser-exfoliant-de-netezire-pentru-definirea-pielii-30-ml\\\/#primaryimage\"},\"image\":{\"@id\":\"https:\\\/\\\/shopatoa.com\\\/ro\\\/revox-b77-just-aha-30-bha-4-ser-exfoliant-de-netezire-pentru-definirea-pielii-30-ml\\\/#primaryimage\"},\"thumbnailUrl\":\"https:\\\/\\\/storage.googleapis.com\\\/cz-shopatoa-img\\\/ro\\\/45348f12-unnamed-file.webp\",\"datePublished\":\"2025-06-21T14:41:13+00:00\",\"dateModified\":\"2025-12-10T20:32:43+00:00\",\"breadcrumb\":{\"@id\":\"https:\\\/\\\/shopatoa.com\\\/ro\\\/revox-b77-just-aha-30-bha-4-ser-exfoliant-de-netezire-pentru-definirea-pielii-30-ml\\\/#breadcrumb\"},\"inLanguage\":\"ro-RO\",\"potentialAction\":[{\"@type\":\"ReadAction\",\"target\":[\"https:\\\/\\\/shopatoa.com\\\/ro\\\/revox-b77-just-aha-30-bha-4-ser-exfoliant-de-netezire-pentru-definirea-pielii-30-ml\\\/\"]}]},{\"@type\":\"ImageObject\",\"inLanguage\":\"ro-RO\",\"@id\":\"https:\\\/\\\/shopatoa.com\\\/ro\\\/revox-b77-just-aha-30-bha-4-ser-exfoliant-de-netezire-pentru-definirea-pielii-30-ml\\\/#primaryimage\",\"url\":\"https:\\\/\\\/storage.googleapis.com\\\/cz-shopatoa-img\\\/ro\\\/45348f12-unnamed-file.webp\",\"contentUrl\":\"https:\\\/\\\/storage.googleapis.com\\\/cz-shopatoa-img\\\/ro\\\/45348f12-unnamed-file.webp\",\"width\":800,\"height\":800},{\"@type\":\"BreadcrumbList\",\"@id\":\"https:\\\/\\\/shopatoa.com\\\/ro\\\/revox-b77-just-aha-30-bha-4-ser-exfoliant-de-netezire-pentru-definirea-pielii-30-ml\\\/#breadcrumb\",\"itemListElement\":[{\"@type\":\"ListItem\",\"position\":1,\"name\":\"Dom\u016f\",\"item\":\"https:\\\/\\\/shopatoa.com\\\/ro\\\/\"},{\"@type\":\"ListItem\",\"position\":2,\"name\":\"Shop\",\"item\":\"https:\\\/\\\/shopatoa.com\\\/ro\\\/shop\\\/\"},{\"@type\":\"ListItem\",\"position\":3,\"name\":\"S\u0103n\u0103tate \u0219i frumuse\u021be\",\"item\":\"https:\\\/\\\/shopatoa.com\\\/ro\\\/sanatate-si-frumusete\\\/\"},{\"@type\":\"ListItem\",\"position\":4,\"name\":\"\u00cengrijire personal\u0103\",\"item\":\"https:\\\/\\\/shopatoa.com\\\/ro\\\/ingrijire-personala\\\/\"},{\"@type\":\"ListItem\",\"position\":5,\"name\":\"Cosmetice\",\"item\":\"https:\\\/\\\/shopatoa.com\\\/ro\\\/cosmetice-ingrijire-personala\\\/\"},{\"@type\":\"ListItem\",\"position\":6,\"name\":\"\u00cengrijirea pielii\",\"item\":\"https:\\\/\\\/shopatoa.com\\\/ro\\\/ingrijirea-pielii\\\/\"},{\"@type\":\"ListItem\",\"position\":7,\"name\":\"Revox B77 JUST AHA 30% + BHA 4% ser exfoliant de netezire pentru definirea pielii 30 ml\"}]},{\"@type\":\"WebSite\",\"@id\":\"https:\\\/\\\/shopatoa.com\\\/ro\\\/#website\",\"url\":\"https:\\\/\\\/shopatoa.com\\\/ro\\\/\",\"name\":\"SHOPATOA\",\"description\":\"\",\"publisher\":{\"@id\":\"https:\\\/\\\/shopatoa.com\\\/ro\\\/#organization\"},\"potentialAction\":[{\"@type\":\"SearchAction\",\"target\":{\"@type\":\"EntryPoint\",\"urlTemplate\":\"https:\\\/\\\/shopatoa.com\\\/ro\\\/?s={search_term_string}\"},\"query-input\":{\"@type\":\"PropertyValueSpecification\",\"valueRequired\":true,\"valueName\":\"search_term_string\"}}],\"inLanguage\":\"ro-RO\"},{\"@type\":\"Organization\",\"@id\":\"https:\\\/\\\/shopatoa.com\\\/ro\\\/#organization\",\"name\":\"SHOPATOA\",\"url\":\"https:\\\/\\\/shopatoa.com\\\/ro\\\/\",\"logo\":{\"@type\":\"ImageObject\",\"inLanguage\":\"ro-RO\",\"@id\":\"https:\\\/\\\/shopatoa.com\\\/ro\\\/#\\\/schema\\\/logo\\\/image\\\/\",\"url\":\"https:\\\/\\\/storage.googleapis.com\\\/cz-shopatoa-img\\\/ro\\\/b4dac915-shopatoa_logo.png\",\"contentUrl\":\"https:\\\/\\\/storage.googleapis.com\\\/cz-shopatoa-img\\\/ro\\\/b4dac915-shopatoa_logo.png\",\"width\":416,\"height\":63,\"caption\":\"SHOPATOA\"},\"image\":{\"@id\":\"https:\\\/\\\/shopatoa.com\\\/ro\\\/#\\\/schema\\\/logo\\\/image\\\/\"}}]}<\/script>\n<!-- \/ Yoast SEO plugin. -->","yoast_head_json":{"title":"Revox B77 JUST AHA 30% + BHA 4% ser exfoliant de netezire pentru definirea pielii 30 ml - SHOPATOA.COM","robots":{"index":"index","follow":"follow","max-snippet":"max-snippet:-1","max-image-preview":"max-image-preview:large","max-video-preview":"max-video-preview:-1"},"canonical":"https:\/\/shopatoa.com\/ro\/revox-b77-just-aha-30-bha-4-ser-exfoliant-de-netezire-pentru-definirea-pielii-30-ml\/","og_locale":"ro_RO","og_type":"article","og_title":"Revox B77 JUST AHA 30% + BHA 4% ser exfoliant de netezire pentru definirea pielii 30 ml - SHOPATOA.COM","og_description":"Revox B77 JUST AHA 30% + BHA 4%, 30 ml, Peeling chimic pentru femei, Pentru o exfoliere chimic\u0103 eficient\u0103 cu acizi AHA nu este nevoie s\u0103 apela\u021bi la un salon de cosmetic\u0103. Exfoliantul facial Revox B77 JUST AHA 30% + BHA 4% va avea grij\u0103 de el \u00een confortul casei dvs. \u00cendep\u0103rteaz\u0103 impurit\u0103\u021bile \u0219i celulele...","og_url":"https:\/\/shopatoa.com\/ro\/revox-b77-just-aha-30-bha-4-ser-exfoliant-de-netezire-pentru-definirea-pielii-30-ml\/","og_site_name":"SHOPATOA","article_modified_time":"2025-12-10T20:32:43+00:00","og_image":[{"width":800,"height":800,"url":"https:\/\/storage.googleapis.com\/cz-shopatoa-img\/ro\/45348f12-unnamed-file.webp","type":"image\/webp"}],"twitter_card":"summary_large_image","twitter_misc":{"Timp estimat pentru citire":"2 minute"},"schema":{"@context":"https:\/\/schema.org","@graph":[{"@type":"WebPage","@id":"https:\/\/shopatoa.com\/ro\/revox-b77-just-aha-30-bha-4-ser-exfoliant-de-netezire-pentru-definirea-pielii-30-ml\/","url":"https:\/\/shopatoa.com\/ro\/revox-b77-just-aha-30-bha-4-ser-exfoliant-de-netezire-pentru-definirea-pielii-30-ml\/","name":"Revox B77 JUST AHA 30% + BHA 4% ser exfoliant de netezire pentru definirea pielii 30 ml - SHOPATOA.COM","isPartOf":{"@id":"https:\/\/shopatoa.com\/ro\/#website"},"primaryImageOfPage":{"@id":"https:\/\/shopatoa.com\/ro\/revox-b77-just-aha-30-bha-4-ser-exfoliant-de-netezire-pentru-definirea-pielii-30-ml\/#primaryimage"},"image":{"@id":"https:\/\/shopatoa.com\/ro\/revox-b77-just-aha-30-bha-4-ser-exfoliant-de-netezire-pentru-definirea-pielii-30-ml\/#primaryimage"},"thumbnailUrl":"https:\/\/storage.googleapis.com\/cz-shopatoa-img\/ro\/45348f12-unnamed-file.webp","datePublished":"2025-06-21T14:41:13+00:00","dateModified":"2025-12-10T20:32:43+00:00","breadcrumb":{"@id":"https:\/\/shopatoa.com\/ro\/revox-b77-just-aha-30-bha-4-ser-exfoliant-de-netezire-pentru-definirea-pielii-30-ml\/#breadcrumb"},"inLanguage":"ro-RO","potentialAction":[{"@type":"ReadAction","target":["https:\/\/shopatoa.com\/ro\/revox-b77-just-aha-30-bha-4-ser-exfoliant-de-netezire-pentru-definirea-pielii-30-ml\/"]}]},{"@type":"ImageObject","inLanguage":"ro-RO","@id":"https:\/\/shopatoa.com\/ro\/revox-b77-just-aha-30-bha-4-ser-exfoliant-de-netezire-pentru-definirea-pielii-30-ml\/#primaryimage","url":"https:\/\/storage.googleapis.com\/cz-shopatoa-img\/ro\/45348f12-unnamed-file.webp","contentUrl":"https:\/\/storage.googleapis.com\/cz-shopatoa-img\/ro\/45348f12-unnamed-file.webp","width":800,"height":800},{"@type":"BreadcrumbList","@id":"https:\/\/shopatoa.com\/ro\/revox-b77-just-aha-30-bha-4-ser-exfoliant-de-netezire-pentru-definirea-pielii-30-ml\/#breadcrumb","itemListElement":[{"@type":"ListItem","position":1,"name":"Dom\u016f","item":"https:\/\/shopatoa.com\/ro\/"},{"@type":"ListItem","position":2,"name":"Shop","item":"https:\/\/shopatoa.com\/ro\/shop\/"},{"@type":"ListItem","position":3,"name":"S\u0103n\u0103tate \u0219i frumuse\u021be","item":"https:\/\/shopatoa.com\/ro\/sanatate-si-frumusete\/"},{"@type":"ListItem","position":4,"name":"\u00cengrijire personal\u0103","item":"https:\/\/shopatoa.com\/ro\/ingrijire-personala\/"},{"@type":"ListItem","position":5,"name":"Cosmetice","item":"https:\/\/shopatoa.com\/ro\/cosmetice-ingrijire-personala\/"},{"@type":"ListItem","position":6,"name":"\u00cengrijirea pielii","item":"https:\/\/shopatoa.com\/ro\/ingrijirea-pielii\/"},{"@type":"ListItem","position":7,"name":"Revox B77 JUST AHA 30% + BHA 4% ser exfoliant de netezire pentru definirea pielii 30 ml"}]},{"@type":"WebSite","@id":"https:\/\/shopatoa.com\/ro\/#website","url":"https:\/\/shopatoa.com\/ro\/","name":"SHOPATOA","description":"","publisher":{"@id":"https:\/\/shopatoa.com\/ro\/#organization"},"potentialAction":[{"@type":"SearchAction","target":{"@type":"EntryPoint","urlTemplate":"https:\/\/shopatoa.com\/ro\/?s={search_term_string}"},"query-input":{"@type":"PropertyValueSpecification","valueRequired":true,"valueName":"search_term_string"}}],"inLanguage":"ro-RO"},{"@type":"Organization","@id":"https:\/\/shopatoa.com\/ro\/#organization","name":"SHOPATOA","url":"https:\/\/shopatoa.com\/ro\/","logo":{"@type":"ImageObject","inLanguage":"ro-RO","@id":"https:\/\/shopatoa.com\/ro\/#\/schema\/logo\/image\/","url":"https:\/\/storage.googleapis.com\/cz-shopatoa-img\/ro\/b4dac915-shopatoa_logo.png","contentUrl":"https:\/\/storage.googleapis.com\/cz-shopatoa-img\/ro\/b4dac915-shopatoa_logo.png","width":416,"height":63,"caption":"SHOPATOA"},"image":{"@id":"https:\/\/shopatoa.com\/ro\/#\/schema\/logo\/image\/"}}]}},"_links":{"self":[{"href":"https:\/\/shopatoa.com\/ro\/wp-json\/wp\/v2\/product\/424426","targetHints":{"allow":["GET"]}}],"collection":[{"href":"https:\/\/shopatoa.com\/ro\/wp-json\/wp\/v2\/product"}],"about":[{"href":"https:\/\/shopatoa.com\/ro\/wp-json\/wp\/v2\/types\/product"}],"replies":[{"embeddable":true,"href":"https:\/\/shopatoa.com\/ro\/wp-json\/wp\/v2\/comments?post=424426"}],"wp:featuredmedia":[{"embeddable":true,"href":"https:\/\/shopatoa.com\/ro\/wp-json\/wp\/v2\/media\/424427"}],"wp:attachment":[{"href":"https:\/\/shopatoa.com\/ro\/wp-json\/wp\/v2\/media?parent=424426"}],"wp:term":[{"taxonomy":"product_brand","embeddable":true,"href":"https:\/\/shopatoa.com\/ro\/wp-json\/wp\/v2\/product_brand?post=424426"},{"taxonomy":"product_cat","embeddable":true,"href":"https:\/\/shopatoa.com\/ro\/wp-json\/wp\/v2\/product_cat?post=424426"},{"taxonomy":"product_tag","embeddable":true,"href":"https:\/\/shopatoa.com\/ro\/wp-json\/wp\/v2\/product_tag?post=424426"}],"curies":[{"name":"wp","href":"https:\/\/api.w.org\/{rel}","templated":true}]}}