{"id":424432,"date":"2025-06-21T16:41:13","date_gmt":"2025-06-21T14:41:13","guid":{"rendered":"https:\/\/shopatoa.com\/ro\/barry-m-chisel-cheeks-blush-cremos-stick-duo-baleni-2x5-g\/"},"modified":"2025-12-10T21:32:27","modified_gmt":"2025-12-10T20:32:27","slug":"barry-m-chisel-cheeks-blush-cremos-stick-duo-baleni-2x5-g","status":"publish","type":"product","link":"https:\/\/shopatoa.com\/ro\/barry-m-chisel-cheeks-blush-cremos-stick-duo-baleni-2x5-g\/","title":{"rendered":"Barry M Chisel Cheeks blush cremos stick duo balen\u00ed 2&#215;5 g"},"content":{"rendered":"<p>Barry M Chisel Cheeks, 2&#215;5 g, Blush pentru femei, Dori\u021bi s\u0103 oferi\u021bi fe\u021bei dvs. un aspect s\u0103n\u0103tos \u0219i proasp\u0103t? Fardul de obraz Barry MChisel Cheeks v\u0103 va ajuta \u00een acest sens. Acoper\u0103 pome\u021bii cu o not\u0103 delicat\u0103 de culoare, similar\u0103 \u00eembujor\u0103rii naturale. Va fi util \u0219i pentru eviden\u021bierea tr\u0103s\u0103turilor \u0219i corectarea formei fe\u021bei, de exemplu atunci c\u00e2nd dori\u021bi s\u0103 v\u0103 ridica\u021bi vizual pome\u021bii. C\u00e2teva tu\u0219e cu pensula sau bure\u021belul \u0219i pome\u021bii dvs. vor ob\u021bine o prospe\u021bime care pune \u00een valoare orice stil de machiaj.  Caracteristici:  d\u0103 obrajilor o culoare s\u0103n\u0103toas\u0103<\/p>\n","protected":false},"excerpt":{"rendered":"<p>Barry M Chisel Cheeks, 2&#215;5 g, Blush pentru femei, Dori\u021bi s\u0103 oferi\u021bi fe\u021bei dvs. un aspect s\u0103n\u0103tos \u0219i proasp\u0103t? Fardul de obraz Barry MChisel Cheeks v\u0103 va ajuta \u00een acest sens. Acoper\u0103 pome\u021bii cu o not\u0103 delicat\u0103 de culoare, similar\u0103 \u00eembujor\u0103rii naturale. Va fi util \u0219i pentru eviden\u021bierea tr\u0103s\u0103turilor \u0219i corectarea formei fe\u021bei, de exemplu&#8230;<\/p>\n","protected":false},"featured_media":424433,"comment_status":"closed","ping_status":"open","template":"","meta":{"_acf_changed":false,"_kadence_starter_templates_imported_post":false,"_kad_post_transparent":"","_kad_post_title":"","_kad_post_layout":"","_kad_post_sidebar_id":"","_kad_post_content_style":"","_kad_post_vertical_padding":"","_kad_post_feature":"","_kad_post_feature_position":"","_kad_post_header":false,"_kad_post_footer":false,"_kad_post_classname":""},"product_brand":[1935],"product_cat":[1564,1703,1563,1576,1666,1562],"product_tag":[],"class_list":{"0":"post-424432","1":"product","2":"type-product","3":"status-publish","4":"has-post-thumbnail","6":"product_brand-barry-m","7":"product_cat-cosmetice-ingrijire-personala","8":"product_cat-farduri-de-obraz-si-bronzeri","9":"product_cat-ingrijire-personala","10":"product_cat-machiaj","11":"product_cat-machiaj-pentru-fata-machiaj","12":"product_cat-sanatate-si-frumusete","13":"pa_gen-female","14":"pa_marime-2x5-g","16":"first","17":"instock","18":"sale","19":"product-type-external","20":"entry","21":"content-bg","22":"loop-entry"},"acf":[],"yoast_head":"<!-- This site is optimized with the Yoast SEO plugin v27.3 - https:\/\/yoast.com\/product\/yoast-seo-wordpress\/ -->\n<title>Barry M Chisel Cheeks blush cremos stick duo balen\u00ed 2x5 g - SHOPATOA.COM<\/title>\n<meta name=\"robots\" content=\"index, follow, max-snippet:-1, max-image-preview:large, max-video-preview:-1\" \/>\n<link rel=\"canonical\" href=\"https:\/\/shopatoa.com\/ro\/barry-m-chisel-cheeks-blush-cremos-stick-duo-baleni-2x5-g\/\" \/>\n<meta property=\"og:locale\" content=\"ro_RO\" \/>\n<meta property=\"og:type\" content=\"article\" \/>\n<meta property=\"og:title\" content=\"Barry M Chisel Cheeks blush cremos stick duo balen\u00ed 2x5 g - SHOPATOA.COM\" \/>\n<meta property=\"og:description\" content=\"Barry M Chisel Cheeks, 2&#215;5 g, Blush pentru femei, Dori\u021bi s\u0103 oferi\u021bi fe\u021bei dvs. un aspect s\u0103n\u0103tos \u0219i proasp\u0103t? Fardul de obraz Barry MChisel Cheeks v\u0103 va ajuta \u00een acest sens. Acoper\u0103 pome\u021bii cu o not\u0103 delicat\u0103 de culoare, similar\u0103 \u00eembujor\u0103rii naturale. Va fi util \u0219i pentru eviden\u021bierea tr\u0103s\u0103turilor \u0219i corectarea formei fe\u021bei, de exemplu...\" \/>\n<meta property=\"og:url\" content=\"https:\/\/shopatoa.com\/ro\/barry-m-chisel-cheeks-blush-cremos-stick-duo-baleni-2x5-g\/\" \/>\n<meta property=\"og:site_name\" content=\"SHOPATOA\" \/>\n<meta property=\"article:modified_time\" content=\"2025-12-10T20:32:27+00:00\" \/>\n<meta property=\"og:image\" content=\"https:\/\/storage.googleapis.com\/cz-shopatoa-img\/ro\/9890de7c-unnamed-file.webp\" \/>\n\t<meta property=\"og:image:width\" content=\"800\" \/>\n\t<meta property=\"og:image:height\" content=\"800\" \/>\n\t<meta property=\"og:image:type\" content=\"image\/webp\" \/>\n<meta name=\"twitter:card\" content=\"summary_large_image\" \/>\n<meta name=\"twitter:label1\" content=\"Timp estimat pentru citire\" \/>\n\t<meta name=\"twitter:data1\" content=\"1 minut\" \/>\n<script type=\"application\/ld+json\" class=\"yoast-schema-graph\">{\"@context\":\"https:\\\/\\\/schema.org\",\"@graph\":[{\"@type\":\"WebPage\",\"@id\":\"https:\\\/\\\/shopatoa.com\\\/ro\\\/barry-m-chisel-cheeks-blush-cremos-stick-duo-baleni-2x5-g\\\/\",\"url\":\"https:\\\/\\\/shopatoa.com\\\/ro\\\/barry-m-chisel-cheeks-blush-cremos-stick-duo-baleni-2x5-g\\\/\",\"name\":\"Barry M Chisel Cheeks blush cremos stick duo balen\u00ed 2x5 g - SHOPATOA.COM\",\"isPartOf\":{\"@id\":\"https:\\\/\\\/shopatoa.com\\\/ro\\\/#website\"},\"primaryImageOfPage\":{\"@id\":\"https:\\\/\\\/shopatoa.com\\\/ro\\\/barry-m-chisel-cheeks-blush-cremos-stick-duo-baleni-2x5-g\\\/#primaryimage\"},\"image\":{\"@id\":\"https:\\\/\\\/shopatoa.com\\\/ro\\\/barry-m-chisel-cheeks-blush-cremos-stick-duo-baleni-2x5-g\\\/#primaryimage\"},\"thumbnailUrl\":\"https:\\\/\\\/storage.googleapis.com\\\/cz-shopatoa-img\\\/ro\\\/9890de7c-unnamed-file.webp\",\"datePublished\":\"2025-06-21T14:41:13+00:00\",\"dateModified\":\"2025-12-10T20:32:27+00:00\",\"breadcrumb\":{\"@id\":\"https:\\\/\\\/shopatoa.com\\\/ro\\\/barry-m-chisel-cheeks-blush-cremos-stick-duo-baleni-2x5-g\\\/#breadcrumb\"},\"inLanguage\":\"ro-RO\",\"potentialAction\":[{\"@type\":\"ReadAction\",\"target\":[\"https:\\\/\\\/shopatoa.com\\\/ro\\\/barry-m-chisel-cheeks-blush-cremos-stick-duo-baleni-2x5-g\\\/\"]}]},{\"@type\":\"ImageObject\",\"inLanguage\":\"ro-RO\",\"@id\":\"https:\\\/\\\/shopatoa.com\\\/ro\\\/barry-m-chisel-cheeks-blush-cremos-stick-duo-baleni-2x5-g\\\/#primaryimage\",\"url\":\"https:\\\/\\\/storage.googleapis.com\\\/cz-shopatoa-img\\\/ro\\\/9890de7c-unnamed-file.webp\",\"contentUrl\":\"https:\\\/\\\/storage.googleapis.com\\\/cz-shopatoa-img\\\/ro\\\/9890de7c-unnamed-file.webp\",\"width\":800,\"height\":800},{\"@type\":\"BreadcrumbList\",\"@id\":\"https:\\\/\\\/shopatoa.com\\\/ro\\\/barry-m-chisel-cheeks-blush-cremos-stick-duo-baleni-2x5-g\\\/#breadcrumb\",\"itemListElement\":[{\"@type\":\"ListItem\",\"position\":1,\"name\":\"Dom\u016f\",\"item\":\"https:\\\/\\\/shopatoa.com\\\/ro\\\/\"},{\"@type\":\"ListItem\",\"position\":2,\"name\":\"Shop\",\"item\":\"https:\\\/\\\/shopatoa.com\\\/ro\\\/shop\\\/\"},{\"@type\":\"ListItem\",\"position\":3,\"name\":\"S\u0103n\u0103tate \u0219i frumuse\u021be\",\"item\":\"https:\\\/\\\/shopatoa.com\\\/ro\\\/sanatate-si-frumusete\\\/\"},{\"@type\":\"ListItem\",\"position\":4,\"name\":\"\u00cengrijire personal\u0103\",\"item\":\"https:\\\/\\\/shopatoa.com\\\/ro\\\/ingrijire-personala\\\/\"},{\"@type\":\"ListItem\",\"position\":5,\"name\":\"Cosmetice\",\"item\":\"https:\\\/\\\/shopatoa.com\\\/ro\\\/cosmetice-ingrijire-personala\\\/\"},{\"@type\":\"ListItem\",\"position\":6,\"name\":\"Machiaj\",\"item\":\"https:\\\/\\\/shopatoa.com\\\/ro\\\/machiaj\\\/\"},{\"@type\":\"ListItem\",\"position\":7,\"name\":\"Machiaj pentru fa\u021b\u0103\",\"item\":\"https:\\\/\\\/shopatoa.com\\\/ro\\\/machiaj-pentru-fata-machiaj\\\/\"},{\"@type\":\"ListItem\",\"position\":8,\"name\":\"Farduri de obraz \u0219i bronzeri\",\"item\":\"https:\\\/\\\/shopatoa.com\\\/ro\\\/farduri-de-obraz-si-bronzeri\\\/\"},{\"@type\":\"ListItem\",\"position\":9,\"name\":\"Barry M Chisel Cheeks blush cremos stick duo balen\u00ed 2&#215;5 g\"}]},{\"@type\":\"WebSite\",\"@id\":\"https:\\\/\\\/shopatoa.com\\\/ro\\\/#website\",\"url\":\"https:\\\/\\\/shopatoa.com\\\/ro\\\/\",\"name\":\"SHOPATOA\",\"description\":\"\",\"publisher\":{\"@id\":\"https:\\\/\\\/shopatoa.com\\\/ro\\\/#organization\"},\"potentialAction\":[{\"@type\":\"SearchAction\",\"target\":{\"@type\":\"EntryPoint\",\"urlTemplate\":\"https:\\\/\\\/shopatoa.com\\\/ro\\\/?s={search_term_string}\"},\"query-input\":{\"@type\":\"PropertyValueSpecification\",\"valueRequired\":true,\"valueName\":\"search_term_string\"}}],\"inLanguage\":\"ro-RO\"},{\"@type\":\"Organization\",\"@id\":\"https:\\\/\\\/shopatoa.com\\\/ro\\\/#organization\",\"name\":\"SHOPATOA\",\"url\":\"https:\\\/\\\/shopatoa.com\\\/ro\\\/\",\"logo\":{\"@type\":\"ImageObject\",\"inLanguage\":\"ro-RO\",\"@id\":\"https:\\\/\\\/shopatoa.com\\\/ro\\\/#\\\/schema\\\/logo\\\/image\\\/\",\"url\":\"https:\\\/\\\/storage.googleapis.com\\\/cz-shopatoa-img\\\/ro\\\/b4dac915-shopatoa_logo.png\",\"contentUrl\":\"https:\\\/\\\/storage.googleapis.com\\\/cz-shopatoa-img\\\/ro\\\/b4dac915-shopatoa_logo.png\",\"width\":416,\"height\":63,\"caption\":\"SHOPATOA\"},\"image\":{\"@id\":\"https:\\\/\\\/shopatoa.com\\\/ro\\\/#\\\/schema\\\/logo\\\/image\\\/\"}}]}<\/script>\n<!-- \/ Yoast SEO plugin. -->","yoast_head_json":{"title":"Barry M Chisel Cheeks blush cremos stick duo balen\u00ed 2x5 g - SHOPATOA.COM","robots":{"index":"index","follow":"follow","max-snippet":"max-snippet:-1","max-image-preview":"max-image-preview:large","max-video-preview":"max-video-preview:-1"},"canonical":"https:\/\/shopatoa.com\/ro\/barry-m-chisel-cheeks-blush-cremos-stick-duo-baleni-2x5-g\/","og_locale":"ro_RO","og_type":"article","og_title":"Barry M Chisel Cheeks blush cremos stick duo balen\u00ed 2x5 g - SHOPATOA.COM","og_description":"Barry M Chisel Cheeks, 2&#215;5 g, Blush pentru femei, Dori\u021bi s\u0103 oferi\u021bi fe\u021bei dvs. un aspect s\u0103n\u0103tos \u0219i proasp\u0103t? Fardul de obraz Barry MChisel Cheeks v\u0103 va ajuta \u00een acest sens. Acoper\u0103 pome\u021bii cu o not\u0103 delicat\u0103 de culoare, similar\u0103 \u00eembujor\u0103rii naturale. Va fi util \u0219i pentru eviden\u021bierea tr\u0103s\u0103turilor \u0219i corectarea formei fe\u021bei, de exemplu...","og_url":"https:\/\/shopatoa.com\/ro\/barry-m-chisel-cheeks-blush-cremos-stick-duo-baleni-2x5-g\/","og_site_name":"SHOPATOA","article_modified_time":"2025-12-10T20:32:27+00:00","og_image":[{"width":800,"height":800,"url":"https:\/\/storage.googleapis.com\/cz-shopatoa-img\/ro\/9890de7c-unnamed-file.webp","type":"image\/webp"}],"twitter_card":"summary_large_image","twitter_misc":{"Timp estimat pentru citire":"1 minut"},"schema":{"@context":"https:\/\/schema.org","@graph":[{"@type":"WebPage","@id":"https:\/\/shopatoa.com\/ro\/barry-m-chisel-cheeks-blush-cremos-stick-duo-baleni-2x5-g\/","url":"https:\/\/shopatoa.com\/ro\/barry-m-chisel-cheeks-blush-cremos-stick-duo-baleni-2x5-g\/","name":"Barry M Chisel Cheeks blush cremos stick duo balen\u00ed 2x5 g - SHOPATOA.COM","isPartOf":{"@id":"https:\/\/shopatoa.com\/ro\/#website"},"primaryImageOfPage":{"@id":"https:\/\/shopatoa.com\/ro\/barry-m-chisel-cheeks-blush-cremos-stick-duo-baleni-2x5-g\/#primaryimage"},"image":{"@id":"https:\/\/shopatoa.com\/ro\/barry-m-chisel-cheeks-blush-cremos-stick-duo-baleni-2x5-g\/#primaryimage"},"thumbnailUrl":"https:\/\/storage.googleapis.com\/cz-shopatoa-img\/ro\/9890de7c-unnamed-file.webp","datePublished":"2025-06-21T14:41:13+00:00","dateModified":"2025-12-10T20:32:27+00:00","breadcrumb":{"@id":"https:\/\/shopatoa.com\/ro\/barry-m-chisel-cheeks-blush-cremos-stick-duo-baleni-2x5-g\/#breadcrumb"},"inLanguage":"ro-RO","potentialAction":[{"@type":"ReadAction","target":["https:\/\/shopatoa.com\/ro\/barry-m-chisel-cheeks-blush-cremos-stick-duo-baleni-2x5-g\/"]}]},{"@type":"ImageObject","inLanguage":"ro-RO","@id":"https:\/\/shopatoa.com\/ro\/barry-m-chisel-cheeks-blush-cremos-stick-duo-baleni-2x5-g\/#primaryimage","url":"https:\/\/storage.googleapis.com\/cz-shopatoa-img\/ro\/9890de7c-unnamed-file.webp","contentUrl":"https:\/\/storage.googleapis.com\/cz-shopatoa-img\/ro\/9890de7c-unnamed-file.webp","width":800,"height":800},{"@type":"BreadcrumbList","@id":"https:\/\/shopatoa.com\/ro\/barry-m-chisel-cheeks-blush-cremos-stick-duo-baleni-2x5-g\/#breadcrumb","itemListElement":[{"@type":"ListItem","position":1,"name":"Dom\u016f","item":"https:\/\/shopatoa.com\/ro\/"},{"@type":"ListItem","position":2,"name":"Shop","item":"https:\/\/shopatoa.com\/ro\/shop\/"},{"@type":"ListItem","position":3,"name":"S\u0103n\u0103tate \u0219i frumuse\u021be","item":"https:\/\/shopatoa.com\/ro\/sanatate-si-frumusete\/"},{"@type":"ListItem","position":4,"name":"\u00cengrijire personal\u0103","item":"https:\/\/shopatoa.com\/ro\/ingrijire-personala\/"},{"@type":"ListItem","position":5,"name":"Cosmetice","item":"https:\/\/shopatoa.com\/ro\/cosmetice-ingrijire-personala\/"},{"@type":"ListItem","position":6,"name":"Machiaj","item":"https:\/\/shopatoa.com\/ro\/machiaj\/"},{"@type":"ListItem","position":7,"name":"Machiaj pentru fa\u021b\u0103","item":"https:\/\/shopatoa.com\/ro\/machiaj-pentru-fata-machiaj\/"},{"@type":"ListItem","position":8,"name":"Farduri de obraz \u0219i bronzeri","item":"https:\/\/shopatoa.com\/ro\/farduri-de-obraz-si-bronzeri\/"},{"@type":"ListItem","position":9,"name":"Barry M Chisel Cheeks blush cremos stick duo balen\u00ed 2&#215;5 g"}]},{"@type":"WebSite","@id":"https:\/\/shopatoa.com\/ro\/#website","url":"https:\/\/shopatoa.com\/ro\/","name":"SHOPATOA","description":"","publisher":{"@id":"https:\/\/shopatoa.com\/ro\/#organization"},"potentialAction":[{"@type":"SearchAction","target":{"@type":"EntryPoint","urlTemplate":"https:\/\/shopatoa.com\/ro\/?s={search_term_string}"},"query-input":{"@type":"PropertyValueSpecification","valueRequired":true,"valueName":"search_term_string"}}],"inLanguage":"ro-RO"},{"@type":"Organization","@id":"https:\/\/shopatoa.com\/ro\/#organization","name":"SHOPATOA","url":"https:\/\/shopatoa.com\/ro\/","logo":{"@type":"ImageObject","inLanguage":"ro-RO","@id":"https:\/\/shopatoa.com\/ro\/#\/schema\/logo\/image\/","url":"https:\/\/storage.googleapis.com\/cz-shopatoa-img\/ro\/b4dac915-shopatoa_logo.png","contentUrl":"https:\/\/storage.googleapis.com\/cz-shopatoa-img\/ro\/b4dac915-shopatoa_logo.png","width":416,"height":63,"caption":"SHOPATOA"},"image":{"@id":"https:\/\/shopatoa.com\/ro\/#\/schema\/logo\/image\/"}}]}},"_links":{"self":[{"href":"https:\/\/shopatoa.com\/ro\/wp-json\/wp\/v2\/product\/424432","targetHints":{"allow":["GET"]}}],"collection":[{"href":"https:\/\/shopatoa.com\/ro\/wp-json\/wp\/v2\/product"}],"about":[{"href":"https:\/\/shopatoa.com\/ro\/wp-json\/wp\/v2\/types\/product"}],"replies":[{"embeddable":true,"href":"https:\/\/shopatoa.com\/ro\/wp-json\/wp\/v2\/comments?post=424432"}],"wp:featuredmedia":[{"embeddable":true,"href":"https:\/\/shopatoa.com\/ro\/wp-json\/wp\/v2\/media\/424433"}],"wp:attachment":[{"href":"https:\/\/shopatoa.com\/ro\/wp-json\/wp\/v2\/media?parent=424432"}],"wp:term":[{"taxonomy":"product_brand","embeddable":true,"href":"https:\/\/shopatoa.com\/ro\/wp-json\/wp\/v2\/product_brand?post=424432"},{"taxonomy":"product_cat","embeddable":true,"href":"https:\/\/shopatoa.com\/ro\/wp-json\/wp\/v2\/product_cat?post=424432"},{"taxonomy":"product_tag","embeddable":true,"href":"https:\/\/shopatoa.com\/ro\/wp-json\/wp\/v2\/product_tag?post=424432"}],"curies":[{"name":"wp","href":"https:\/\/api.w.org\/{rel}","templated":true}]}}