{"id":424676,"date":"2025-06-21T17:01:11","date_gmt":"2025-06-21T15:01:11","guid":{"rendered":"https:\/\/shopatoa.com\/ro\/omia-laboratories-aloe-vera-del-salento-sampon-solid-50-g\/"},"modified":"2025-11-07T15:24:43","modified_gmt":"2025-11-07T14:24:43","slug":"omia-laboratories-aloe-vera-del-salento-sampon-solid-50-g","status":"publish","type":"product","link":"https:\/\/shopatoa.com\/ro\/omia-laboratories-aloe-vera-del-salento-sampon-solid-50-g\/","title":{"rendered":"Omia Laboratories Aloe Vera del Salento \u0219ampon solid 50 g"},"content":{"rendered":"<p>Omia Laboratories Aloe Vera del Salento, 50 g, \u0218ampoane solide pentru femei, Ast\u0103zi, fiecare pas spre conservarea mediului conteaz\u0103. \u0218amponul solid Omia Laboratories Aloe Vera del Salento are acelea\u0219i efecte ca un \u0219ampon lichid clasic, \u00eens\u0103 este, \u00een plus, ecologic \u0219i foarte practic. La fel precum un \u0219ampon obi\u0219nuit, ajut\u0103 la \u00eendep\u0103rtarea impurit\u0103\u021bilor \u0219i a gr\u0103simii din p\u0103r \u0219i de pe scalp, dar pentru c\u0103 nu con\u021bine ap\u0103, nu necesit\u0103 ambalaj din plastic, protej\u00e2nd astfel mediul \u00eenconjur\u0103tor. \u00cel pute\u021bi p\u0103stra \u00eentr-o cutie de h\u00e2rtie sau de metal. Consisten\u021ba sa solid\u0103 \u00eel face, totodat\u0103, ideal pentru c\u0103l\u0103torii \u2013 nu exist\u0103 niciun risc de v\u0103rsare \u0219i, dat fiind faptul c\u0103 la bordul avionului este permis\u0103 doar o cantitate limitat\u0103 de lichide, economise\u0219te spa\u021biu pentru alte produse lichide. Da\u021bi-i o \u0219ans\u0103 \u0219i ve\u021bi \u00een\u021belege rapid de ce nu ar trebui s\u0103 v\u0103 lipseasc\u0103 din trusa cosmetic\u0103.  Caracteristici:  form\u0103 compact\u0103 \u0219i practic\u0103, perfect\u0103 pentru c\u0103l\u0103torii procesul de fabricare consum\u0103 o cantitate mic\u0103 de ap\u0103 nu afecteaz\u0103 mediul \u00eenconjur\u0103tor cur\u0103\u021b\u0103 temeinic p\u0103rul \u0219i scalpul hidrateaz\u0103 intensiv p\u0103rul  Ingrediente:  produs vegan  Cum se utilizeaz\u0103: Umezi\u021bi p\u0103rul \u0219i \u0219amponul. Freca\u021bi \u0219amponul \u00eentre palme, p\u00e2n\u0103 va face spum\u0103 \u0219i apoi masa\u021bi spuma delicat \u00een p\u0103r. La sf\u00e2r\u0219it, se cl\u0103te\u0219te bine.<\/p>\n","protected":false},"excerpt":{"rendered":"<p>Omia Laboratories Aloe Vera del Salento, 50 g, \u0218ampoane solide pentru femei, Ast\u0103zi, fiecare pas spre conservarea mediului conteaz\u0103. \u0218amponul solid Omia Laboratories Aloe Vera del Salento are acelea\u0219i efecte ca un \u0219ampon lichid clasic, \u00eens\u0103 este, \u00een plus, ecologic \u0219i foarte practic. La fel precum un \u0219ampon obi\u0219nuit, ajut\u0103 la \u00eendep\u0103rtarea impurit\u0103\u021bilor \u0219i a&#8230;<\/p>\n","protected":false},"featured_media":424677,"comment_status":"closed","ping_status":"open","template":"","meta":{"_acf_changed":false,"_kadence_starter_templates_imported_post":false,"_kad_post_transparent":"","_kad_post_title":"","_kad_post_layout":"","_kad_post_sidebar_id":"","_kad_post_content_style":"","_kad_post_vertical_padding":"","_kad_post_feature":"","_kad_post_feature_position":"","_kad_post_header":false,"_kad_post_footer":false,"_kad_post_classname":""},"product_brand":[1676],"product_cat":[1563,1590,2976,1591,1562],"product_tag":[],"class_list":{"0":"post-424676","1":"product","2":"type-product","3":"status-publish","4":"has-post-thumbnail","6":"product_brand-omia-laboratories","7":"product_cat-ingrijire-personala","8":"product_cat-ingrijirea-parului","9":"product_cat-sampon","10":"product_cat-sampon-balsam","11":"product_cat-sanatate-si-frumusete","12":"pa_gen-female","13":"pa_marime-50-g","15":"first","16":"instock","17":"sale","18":"product-type-external","19":"entry","20":"content-bg","21":"loop-entry"},"acf":[],"yoast_head":"<!-- This site is optimized with the Yoast SEO plugin v27.3 - https:\/\/yoast.com\/product\/yoast-seo-wordpress\/ -->\n<title>Omia Laboratories Aloe Vera del Salento \u0219ampon solid 50 g - SHOPATOA.COM<\/title>\n<meta name=\"robots\" content=\"index, follow, max-snippet:-1, max-image-preview:large, max-video-preview:-1\" \/>\n<link rel=\"canonical\" href=\"https:\/\/shopatoa.com\/ro\/omia-laboratories-aloe-vera-del-salento-sampon-solid-50-g\/\" \/>\n<meta property=\"og:locale\" content=\"ro_RO\" \/>\n<meta property=\"og:type\" content=\"article\" \/>\n<meta property=\"og:title\" content=\"Omia Laboratories Aloe Vera del Salento \u0219ampon solid 50 g - SHOPATOA.COM\" \/>\n<meta property=\"og:description\" content=\"Omia Laboratories Aloe Vera del Salento, 50 g, \u0218ampoane solide pentru femei, Ast\u0103zi, fiecare pas spre conservarea mediului conteaz\u0103. \u0218amponul solid Omia Laboratories Aloe Vera del Salento are acelea\u0219i efecte ca un \u0219ampon lichid clasic, \u00eens\u0103 este, \u00een plus, ecologic \u0219i foarte practic. La fel precum un \u0219ampon obi\u0219nuit, ajut\u0103 la \u00eendep\u0103rtarea impurit\u0103\u021bilor \u0219i a...\" \/>\n<meta property=\"og:url\" content=\"https:\/\/shopatoa.com\/ro\/omia-laboratories-aloe-vera-del-salento-sampon-solid-50-g\/\" \/>\n<meta property=\"og:site_name\" content=\"SHOPATOA\" \/>\n<meta property=\"article:modified_time\" content=\"2025-11-07T14:24:43+00:00\" \/>\n<meta property=\"og:image\" content=\"https:\/\/storage.googleapis.com\/cz-shopatoa-img\/ro\/41a1a908-unnamed-file.webp\" \/>\n\t<meta property=\"og:image:width\" content=\"800\" \/>\n\t<meta property=\"og:image:height\" content=\"800\" \/>\n\t<meta property=\"og:image:type\" content=\"image\/webp\" \/>\n<meta name=\"twitter:card\" content=\"summary_large_image\" \/>\n<meta name=\"twitter:label1\" content=\"Timp estimat pentru citire\" \/>\n\t<meta name=\"twitter:data1\" content=\"1 minut\" \/>\n<script type=\"application\/ld+json\" class=\"yoast-schema-graph\">{\"@context\":\"https:\\\/\\\/schema.org\",\"@graph\":[{\"@type\":\"WebPage\",\"@id\":\"https:\\\/\\\/shopatoa.com\\\/ro\\\/omia-laboratories-aloe-vera-del-salento-sampon-solid-50-g\\\/\",\"url\":\"https:\\\/\\\/shopatoa.com\\\/ro\\\/omia-laboratories-aloe-vera-del-salento-sampon-solid-50-g\\\/\",\"name\":\"Omia Laboratories Aloe Vera del Salento \u0219ampon solid 50 g - SHOPATOA.COM\",\"isPartOf\":{\"@id\":\"https:\\\/\\\/shopatoa.com\\\/ro\\\/#website\"},\"primaryImageOfPage\":{\"@id\":\"https:\\\/\\\/shopatoa.com\\\/ro\\\/omia-laboratories-aloe-vera-del-salento-sampon-solid-50-g\\\/#primaryimage\"},\"image\":{\"@id\":\"https:\\\/\\\/shopatoa.com\\\/ro\\\/omia-laboratories-aloe-vera-del-salento-sampon-solid-50-g\\\/#primaryimage\"},\"thumbnailUrl\":\"https:\\\/\\\/storage.googleapis.com\\\/cz-shopatoa-img\\\/ro\\\/41a1a908-unnamed-file.webp\",\"datePublished\":\"2025-06-21T15:01:11+00:00\",\"dateModified\":\"2025-11-07T14:24:43+00:00\",\"breadcrumb\":{\"@id\":\"https:\\\/\\\/shopatoa.com\\\/ro\\\/omia-laboratories-aloe-vera-del-salento-sampon-solid-50-g\\\/#breadcrumb\"},\"inLanguage\":\"ro-RO\",\"potentialAction\":[{\"@type\":\"ReadAction\",\"target\":[\"https:\\\/\\\/shopatoa.com\\\/ro\\\/omia-laboratories-aloe-vera-del-salento-sampon-solid-50-g\\\/\"]}]},{\"@type\":\"ImageObject\",\"inLanguage\":\"ro-RO\",\"@id\":\"https:\\\/\\\/shopatoa.com\\\/ro\\\/omia-laboratories-aloe-vera-del-salento-sampon-solid-50-g\\\/#primaryimage\",\"url\":\"https:\\\/\\\/storage.googleapis.com\\\/cz-shopatoa-img\\\/ro\\\/41a1a908-unnamed-file.webp\",\"contentUrl\":\"https:\\\/\\\/storage.googleapis.com\\\/cz-shopatoa-img\\\/ro\\\/41a1a908-unnamed-file.webp\",\"width\":800,\"height\":800},{\"@type\":\"BreadcrumbList\",\"@id\":\"https:\\\/\\\/shopatoa.com\\\/ro\\\/omia-laboratories-aloe-vera-del-salento-sampon-solid-50-g\\\/#breadcrumb\",\"itemListElement\":[{\"@type\":\"ListItem\",\"position\":1,\"name\":\"Dom\u016f\",\"item\":\"https:\\\/\\\/shopatoa.com\\\/ro\\\/\"},{\"@type\":\"ListItem\",\"position\":2,\"name\":\"Shop\",\"item\":\"https:\\\/\\\/shopatoa.com\\\/ro\\\/shop\\\/\"},{\"@type\":\"ListItem\",\"position\":3,\"name\":\"S\u0103n\u0103tate \u0219i frumuse\u021be\",\"item\":\"https:\\\/\\\/shopatoa.com\\\/ro\\\/sanatate-si-frumusete\\\/\"},{\"@type\":\"ListItem\",\"position\":4,\"name\":\"\u00cengrijire personal\u0103\",\"item\":\"https:\\\/\\\/shopatoa.com\\\/ro\\\/ingrijire-personala\\\/\"},{\"@type\":\"ListItem\",\"position\":5,\"name\":\"\u00cengrijirea p\u0103rului\",\"item\":\"https:\\\/\\\/shopatoa.com\\\/ro\\\/ingrijirea-parului\\\/\"},{\"@type\":\"ListItem\",\"position\":6,\"name\":\"\u0218ampon &amp; Balsam\",\"item\":\"https:\\\/\\\/shopatoa.com\\\/ro\\\/sampon-balsam\\\/\"},{\"@type\":\"ListItem\",\"position\":7,\"name\":\"\u0218ampon\",\"item\":\"https:\\\/\\\/shopatoa.com\\\/ro\\\/sampon\\\/\"},{\"@type\":\"ListItem\",\"position\":8,\"name\":\"Omia Laboratories Aloe Vera del Salento \u0219ampon solid 50 g\"}]},{\"@type\":\"WebSite\",\"@id\":\"https:\\\/\\\/shopatoa.com\\\/ro\\\/#website\",\"url\":\"https:\\\/\\\/shopatoa.com\\\/ro\\\/\",\"name\":\"SHOPATOA\",\"description\":\"\",\"publisher\":{\"@id\":\"https:\\\/\\\/shopatoa.com\\\/ro\\\/#organization\"},\"potentialAction\":[{\"@type\":\"SearchAction\",\"target\":{\"@type\":\"EntryPoint\",\"urlTemplate\":\"https:\\\/\\\/shopatoa.com\\\/ro\\\/?s={search_term_string}\"},\"query-input\":{\"@type\":\"PropertyValueSpecification\",\"valueRequired\":true,\"valueName\":\"search_term_string\"}}],\"inLanguage\":\"ro-RO\"},{\"@type\":\"Organization\",\"@id\":\"https:\\\/\\\/shopatoa.com\\\/ro\\\/#organization\",\"name\":\"SHOPATOA\",\"url\":\"https:\\\/\\\/shopatoa.com\\\/ro\\\/\",\"logo\":{\"@type\":\"ImageObject\",\"inLanguage\":\"ro-RO\",\"@id\":\"https:\\\/\\\/shopatoa.com\\\/ro\\\/#\\\/schema\\\/logo\\\/image\\\/\",\"url\":\"https:\\\/\\\/storage.googleapis.com\\\/cz-shopatoa-img\\\/ro\\\/b4dac915-shopatoa_logo.png\",\"contentUrl\":\"https:\\\/\\\/storage.googleapis.com\\\/cz-shopatoa-img\\\/ro\\\/b4dac915-shopatoa_logo.png\",\"width\":416,\"height\":63,\"caption\":\"SHOPATOA\"},\"image\":{\"@id\":\"https:\\\/\\\/shopatoa.com\\\/ro\\\/#\\\/schema\\\/logo\\\/image\\\/\"}}]}<\/script>\n<!-- \/ Yoast SEO plugin. -->","yoast_head_json":{"title":"Omia Laboratories Aloe Vera del Salento \u0219ampon solid 50 g - SHOPATOA.COM","robots":{"index":"index","follow":"follow","max-snippet":"max-snippet:-1","max-image-preview":"max-image-preview:large","max-video-preview":"max-video-preview:-1"},"canonical":"https:\/\/shopatoa.com\/ro\/omia-laboratories-aloe-vera-del-salento-sampon-solid-50-g\/","og_locale":"ro_RO","og_type":"article","og_title":"Omia Laboratories Aloe Vera del Salento \u0219ampon solid 50 g - SHOPATOA.COM","og_description":"Omia Laboratories Aloe Vera del Salento, 50 g, \u0218ampoane solide pentru femei, Ast\u0103zi, fiecare pas spre conservarea mediului conteaz\u0103. \u0218amponul solid Omia Laboratories Aloe Vera del Salento are acelea\u0219i efecte ca un \u0219ampon lichid clasic, \u00eens\u0103 este, \u00een plus, ecologic \u0219i foarte practic. La fel precum un \u0219ampon obi\u0219nuit, ajut\u0103 la \u00eendep\u0103rtarea impurit\u0103\u021bilor \u0219i a...","og_url":"https:\/\/shopatoa.com\/ro\/omia-laboratories-aloe-vera-del-salento-sampon-solid-50-g\/","og_site_name":"SHOPATOA","article_modified_time":"2025-11-07T14:24:43+00:00","og_image":[{"width":800,"height":800,"url":"https:\/\/storage.googleapis.com\/cz-shopatoa-img\/ro\/41a1a908-unnamed-file.webp","type":"image\/webp"}],"twitter_card":"summary_large_image","twitter_misc":{"Timp estimat pentru citire":"1 minut"},"schema":{"@context":"https:\/\/schema.org","@graph":[{"@type":"WebPage","@id":"https:\/\/shopatoa.com\/ro\/omia-laboratories-aloe-vera-del-salento-sampon-solid-50-g\/","url":"https:\/\/shopatoa.com\/ro\/omia-laboratories-aloe-vera-del-salento-sampon-solid-50-g\/","name":"Omia Laboratories Aloe Vera del Salento \u0219ampon solid 50 g - SHOPATOA.COM","isPartOf":{"@id":"https:\/\/shopatoa.com\/ro\/#website"},"primaryImageOfPage":{"@id":"https:\/\/shopatoa.com\/ro\/omia-laboratories-aloe-vera-del-salento-sampon-solid-50-g\/#primaryimage"},"image":{"@id":"https:\/\/shopatoa.com\/ro\/omia-laboratories-aloe-vera-del-salento-sampon-solid-50-g\/#primaryimage"},"thumbnailUrl":"https:\/\/storage.googleapis.com\/cz-shopatoa-img\/ro\/41a1a908-unnamed-file.webp","datePublished":"2025-06-21T15:01:11+00:00","dateModified":"2025-11-07T14:24:43+00:00","breadcrumb":{"@id":"https:\/\/shopatoa.com\/ro\/omia-laboratories-aloe-vera-del-salento-sampon-solid-50-g\/#breadcrumb"},"inLanguage":"ro-RO","potentialAction":[{"@type":"ReadAction","target":["https:\/\/shopatoa.com\/ro\/omia-laboratories-aloe-vera-del-salento-sampon-solid-50-g\/"]}]},{"@type":"ImageObject","inLanguage":"ro-RO","@id":"https:\/\/shopatoa.com\/ro\/omia-laboratories-aloe-vera-del-salento-sampon-solid-50-g\/#primaryimage","url":"https:\/\/storage.googleapis.com\/cz-shopatoa-img\/ro\/41a1a908-unnamed-file.webp","contentUrl":"https:\/\/storage.googleapis.com\/cz-shopatoa-img\/ro\/41a1a908-unnamed-file.webp","width":800,"height":800},{"@type":"BreadcrumbList","@id":"https:\/\/shopatoa.com\/ro\/omia-laboratories-aloe-vera-del-salento-sampon-solid-50-g\/#breadcrumb","itemListElement":[{"@type":"ListItem","position":1,"name":"Dom\u016f","item":"https:\/\/shopatoa.com\/ro\/"},{"@type":"ListItem","position":2,"name":"Shop","item":"https:\/\/shopatoa.com\/ro\/shop\/"},{"@type":"ListItem","position":3,"name":"S\u0103n\u0103tate \u0219i frumuse\u021be","item":"https:\/\/shopatoa.com\/ro\/sanatate-si-frumusete\/"},{"@type":"ListItem","position":4,"name":"\u00cengrijire personal\u0103","item":"https:\/\/shopatoa.com\/ro\/ingrijire-personala\/"},{"@type":"ListItem","position":5,"name":"\u00cengrijirea p\u0103rului","item":"https:\/\/shopatoa.com\/ro\/ingrijirea-parului\/"},{"@type":"ListItem","position":6,"name":"\u0218ampon &amp; Balsam","item":"https:\/\/shopatoa.com\/ro\/sampon-balsam\/"},{"@type":"ListItem","position":7,"name":"\u0218ampon","item":"https:\/\/shopatoa.com\/ro\/sampon\/"},{"@type":"ListItem","position":8,"name":"Omia Laboratories Aloe Vera del Salento \u0219ampon solid 50 g"}]},{"@type":"WebSite","@id":"https:\/\/shopatoa.com\/ro\/#website","url":"https:\/\/shopatoa.com\/ro\/","name":"SHOPATOA","description":"","publisher":{"@id":"https:\/\/shopatoa.com\/ro\/#organization"},"potentialAction":[{"@type":"SearchAction","target":{"@type":"EntryPoint","urlTemplate":"https:\/\/shopatoa.com\/ro\/?s={search_term_string}"},"query-input":{"@type":"PropertyValueSpecification","valueRequired":true,"valueName":"search_term_string"}}],"inLanguage":"ro-RO"},{"@type":"Organization","@id":"https:\/\/shopatoa.com\/ro\/#organization","name":"SHOPATOA","url":"https:\/\/shopatoa.com\/ro\/","logo":{"@type":"ImageObject","inLanguage":"ro-RO","@id":"https:\/\/shopatoa.com\/ro\/#\/schema\/logo\/image\/","url":"https:\/\/storage.googleapis.com\/cz-shopatoa-img\/ro\/b4dac915-shopatoa_logo.png","contentUrl":"https:\/\/storage.googleapis.com\/cz-shopatoa-img\/ro\/b4dac915-shopatoa_logo.png","width":416,"height":63,"caption":"SHOPATOA"},"image":{"@id":"https:\/\/shopatoa.com\/ro\/#\/schema\/logo\/image\/"}}]}},"_links":{"self":[{"href":"https:\/\/shopatoa.com\/ro\/wp-json\/wp\/v2\/product\/424676","targetHints":{"allow":["GET"]}}],"collection":[{"href":"https:\/\/shopatoa.com\/ro\/wp-json\/wp\/v2\/product"}],"about":[{"href":"https:\/\/shopatoa.com\/ro\/wp-json\/wp\/v2\/types\/product"}],"replies":[{"embeddable":true,"href":"https:\/\/shopatoa.com\/ro\/wp-json\/wp\/v2\/comments?post=424676"}],"wp:featuredmedia":[{"embeddable":true,"href":"https:\/\/shopatoa.com\/ro\/wp-json\/wp\/v2\/media\/424677"}],"wp:attachment":[{"href":"https:\/\/shopatoa.com\/ro\/wp-json\/wp\/v2\/media?parent=424676"}],"wp:term":[{"taxonomy":"product_brand","embeddable":true,"href":"https:\/\/shopatoa.com\/ro\/wp-json\/wp\/v2\/product_brand?post=424676"},{"taxonomy":"product_cat","embeddable":true,"href":"https:\/\/shopatoa.com\/ro\/wp-json\/wp\/v2\/product_cat?post=424676"},{"taxonomy":"product_tag","embeddable":true,"href":"https:\/\/shopatoa.com\/ro\/wp-json\/wp\/v2\/product_tag?post=424676"}],"curies":[{"name":"wp","href":"https:\/\/api.w.org\/{rel}","templated":true}]}}