{"id":425048,"date":"2025-06-21T17:45:32","date_gmt":"2025-06-21T15:45:32","guid":{"rendered":"https:\/\/shopatoa.com\/ro\/phytorelax-laboratories-mens-grooming-barba-perfetta-balsam-pentru-barba-75-ml\/"},"modified":"2025-12-10T19:24:56","modified_gmt":"2025-12-10T18:24:56","slug":"phytorelax-laboratories-mens-grooming-barba-perfetta-balsam-pentru-barba-75-ml","status":"publish","type":"product","link":"https:\/\/shopatoa.com\/ro\/phytorelax-laboratories-mens-grooming-barba-perfetta-balsam-pentru-barba-75-ml\/","title":{"rendered":"Phytorelax Laboratories Men&#8217;s Grooming Barba Perfetta balsam pentru barba 75 ml"},"content":{"rendered":"<p>Phytorelax Laboratories Men&#8217;s Grooming Barba Perfetta, 75 ml, Produse \u00eenainte de b\u0103rbierit pentru b\u0103rba\u021bi, Asigur\u0103 cea mai bun\u0103 \u00eengrijire! Preparatul Phytorelax Laboratories Men&#8217;s Grooming Barba Perfetta garanteaz\u0103 c\u0103 fa\u021ba va ar\u0103ta mereu perfect.  Caracteristici:  previne iritarea pielii ajut\u0103 la disciplinarea \u0219i la modelarea b\u0103rbii rebele reduce ro\u0219ea\u021ba \u0219i calmeaz\u0103 pielea hidrateaz\u0103 durabil barba \u0219i pielea nu las\u0103 reziduuri \u00een barb\u0103 \u0219i nu lipe\u0219te firele  Ingrediente:  produs vegan  Cum se utilizeaz\u0103: Se ia pe degete o cantitate mic\u0103 de produs \u0219i, cu v\u00e2rfurile degetelor, se modeleaz\u0103 barba \u00een forma dorit\u0103.<\/p>\n","protected":false},"excerpt":{"rendered":"<p>Phytorelax Laboratories Men&#8217;s Grooming Barba Perfetta, 75 ml, Produse \u00eenainte de b\u0103rbierit pentru b\u0103rba\u021bi, Asigur\u0103 cea mai bun\u0103 \u00eengrijire! Preparatul Phytorelax Laboratories Men&#8217;s Grooming Barba Perfetta garanteaz\u0103 c\u0103 fa\u021ba va ar\u0103ta mereu perfect. Caracteristici: previne iritarea pielii ajut\u0103 la disciplinarea \u0219i la modelarea b\u0103rbii rebele reduce ro\u0219ea\u021ba \u0219i calmeaz\u0103 pielea hidrateaz\u0103 durabil barba \u0219i pielea&#8230;<\/p>\n","protected":false},"featured_media":425049,"comment_status":"closed","ping_status":"open","template":"","meta":{"_acf_changed":false,"_kadence_starter_templates_imported_post":false,"_kad_post_transparent":"","_kad_post_title":"","_kad_post_layout":"","_kad_post_sidebar_id":"","_kad_post_content_style":"","_kad_post_vertical_padding":"","_kad_post_feature":"","_kad_post_feature_position":"","_kad_post_header":false,"_kad_post_footer":false,"_kad_post_classname":""},"product_brand":[2654],"product_cat":[1593,1563,1562],"product_tag":[],"class_list":{"0":"post-425048","1":"product","2":"type-product","3":"status-publish","4":"has-post-thumbnail","6":"product_brand-phytorelax-laboratories","7":"product_cat-barbierit-si-ingrijire-personala","8":"product_cat-ingrijire-personala","9":"product_cat-sanatate-si-frumusete","10":"pa_gen-male","11":"pa_marime-75-ml","13":"first","14":"instock","15":"sale","16":"product-type-external","17":"entry","18":"content-bg","19":"loop-entry"},"acf":[],"yoast_head":"<!-- This site is optimized with the Yoast SEO plugin v27.4 - https:\/\/yoast.com\/product\/yoast-seo-wordpress\/ -->\n<title>Phytorelax Laboratories Men&#039;s Grooming Barba Perfetta balsam pentru barba 75 ml - SHOPATOA.COM<\/title>\n<meta name=\"robots\" content=\"index, follow, max-snippet:-1, max-image-preview:large, max-video-preview:-1\" \/>\n<link rel=\"canonical\" href=\"https:\/\/shopatoa.com\/ro\/phytorelax-laboratories-mens-grooming-barba-perfetta-balsam-pentru-barba-75-ml\/\" \/>\n<meta property=\"og:locale\" content=\"ro_RO\" \/>\n<meta property=\"og:type\" content=\"article\" \/>\n<meta property=\"og:title\" content=\"Phytorelax Laboratories Men&#039;s Grooming Barba Perfetta balsam pentru barba 75 ml - SHOPATOA.COM\" \/>\n<meta property=\"og:description\" content=\"Phytorelax Laboratories Men&#8217;s Grooming Barba Perfetta, 75 ml, Produse \u00eenainte de b\u0103rbierit pentru b\u0103rba\u021bi, Asigur\u0103 cea mai bun\u0103 \u00eengrijire! Preparatul Phytorelax Laboratories Men&#8217;s Grooming Barba Perfetta garanteaz\u0103 c\u0103 fa\u021ba va ar\u0103ta mereu perfect. Caracteristici: previne iritarea pielii ajut\u0103 la disciplinarea \u0219i la modelarea b\u0103rbii rebele reduce ro\u0219ea\u021ba \u0219i calmeaz\u0103 pielea hidrateaz\u0103 durabil barba \u0219i pielea...\" \/>\n<meta property=\"og:url\" content=\"https:\/\/shopatoa.com\/ro\/phytorelax-laboratories-mens-grooming-barba-perfetta-balsam-pentru-barba-75-ml\/\" \/>\n<meta property=\"og:site_name\" content=\"SHOPATOA\" \/>\n<meta property=\"article:modified_time\" content=\"2025-12-10T18:24:56+00:00\" \/>\n<meta property=\"og:image\" content=\"https:\/\/storage.googleapis.com\/cz-shopatoa-img\/ro\/50fd0436-unnamed-file.webp\" \/>\n\t<meta property=\"og:image:width\" content=\"800\" \/>\n\t<meta property=\"og:image:height\" content=\"800\" \/>\n\t<meta property=\"og:image:type\" content=\"image\/webp\" \/>\n<meta name=\"twitter:card\" content=\"summary_large_image\" \/>\n<script type=\"application\/ld+json\" class=\"yoast-schema-graph\">{\"@context\":\"https:\\\/\\\/schema.org\",\"@graph\":[{\"@type\":\"WebPage\",\"@id\":\"https:\\\/\\\/shopatoa.com\\\/ro\\\/phytorelax-laboratories-mens-grooming-barba-perfetta-balsam-pentru-barba-75-ml\\\/\",\"url\":\"https:\\\/\\\/shopatoa.com\\\/ro\\\/phytorelax-laboratories-mens-grooming-barba-perfetta-balsam-pentru-barba-75-ml\\\/\",\"name\":\"Phytorelax Laboratories Men's Grooming Barba Perfetta balsam pentru barba 75 ml - SHOPATOA.COM\",\"isPartOf\":{\"@id\":\"https:\\\/\\\/shopatoa.com\\\/ro\\\/#website\"},\"primaryImageOfPage\":{\"@id\":\"https:\\\/\\\/shopatoa.com\\\/ro\\\/phytorelax-laboratories-mens-grooming-barba-perfetta-balsam-pentru-barba-75-ml\\\/#primaryimage\"},\"image\":{\"@id\":\"https:\\\/\\\/shopatoa.com\\\/ro\\\/phytorelax-laboratories-mens-grooming-barba-perfetta-balsam-pentru-barba-75-ml\\\/#primaryimage\"},\"thumbnailUrl\":\"https:\\\/\\\/storage.googleapis.com\\\/cz-shopatoa-img\\\/ro\\\/50fd0436-unnamed-file.webp\",\"datePublished\":\"2025-06-21T15:45:32+00:00\",\"dateModified\":\"2025-12-10T18:24:56+00:00\",\"breadcrumb\":{\"@id\":\"https:\\\/\\\/shopatoa.com\\\/ro\\\/phytorelax-laboratories-mens-grooming-barba-perfetta-balsam-pentru-barba-75-ml\\\/#breadcrumb\"},\"inLanguage\":\"ro-RO\",\"potentialAction\":[{\"@type\":\"ReadAction\",\"target\":[\"https:\\\/\\\/shopatoa.com\\\/ro\\\/phytorelax-laboratories-mens-grooming-barba-perfetta-balsam-pentru-barba-75-ml\\\/\"]}]},{\"@type\":\"ImageObject\",\"inLanguage\":\"ro-RO\",\"@id\":\"https:\\\/\\\/shopatoa.com\\\/ro\\\/phytorelax-laboratories-mens-grooming-barba-perfetta-balsam-pentru-barba-75-ml\\\/#primaryimage\",\"url\":\"https:\\\/\\\/storage.googleapis.com\\\/cz-shopatoa-img\\\/ro\\\/50fd0436-unnamed-file.webp\",\"contentUrl\":\"https:\\\/\\\/storage.googleapis.com\\\/cz-shopatoa-img\\\/ro\\\/50fd0436-unnamed-file.webp\",\"width\":800,\"height\":800},{\"@type\":\"BreadcrumbList\",\"@id\":\"https:\\\/\\\/shopatoa.com\\\/ro\\\/phytorelax-laboratories-mens-grooming-barba-perfetta-balsam-pentru-barba-75-ml\\\/#breadcrumb\",\"itemListElement\":[{\"@type\":\"ListItem\",\"position\":1,\"name\":\"Dom\u016f\",\"item\":\"https:\\\/\\\/shopatoa.com\\\/ro\\\/\"},{\"@type\":\"ListItem\",\"position\":2,\"name\":\"Shop\",\"item\":\"https:\\\/\\\/shopatoa.com\\\/ro\\\/shop\\\/\"},{\"@type\":\"ListItem\",\"position\":3,\"name\":\"S\u0103n\u0103tate \u0219i frumuse\u021be\",\"item\":\"https:\\\/\\\/shopatoa.com\\\/ro\\\/sanatate-si-frumusete\\\/\"},{\"@type\":\"ListItem\",\"position\":4,\"name\":\"\u00cengrijire personal\u0103\",\"item\":\"https:\\\/\\\/shopatoa.com\\\/ro\\\/ingrijire-personala\\\/\"},{\"@type\":\"ListItem\",\"position\":5,\"name\":\"B\u0103rbierit \u0219i \u00eengrijire personal\u0103\",\"item\":\"https:\\\/\\\/shopatoa.com\\\/ro\\\/barbierit-si-ingrijire-personala\\\/\"},{\"@type\":\"ListItem\",\"position\":6,\"name\":\"Phytorelax Laboratories Men&#8217;s Grooming Barba Perfetta balsam pentru barba 75 ml\"}]},{\"@type\":\"WebSite\",\"@id\":\"https:\\\/\\\/shopatoa.com\\\/ro\\\/#website\",\"url\":\"https:\\\/\\\/shopatoa.com\\\/ro\\\/\",\"name\":\"SHOPATOA\",\"description\":\"\",\"publisher\":{\"@id\":\"https:\\\/\\\/shopatoa.com\\\/ro\\\/#organization\"},\"potentialAction\":[{\"@type\":\"SearchAction\",\"target\":{\"@type\":\"EntryPoint\",\"urlTemplate\":\"https:\\\/\\\/shopatoa.com\\\/ro\\\/?s={search_term_string}\"},\"query-input\":{\"@type\":\"PropertyValueSpecification\",\"valueRequired\":true,\"valueName\":\"search_term_string\"}}],\"inLanguage\":\"ro-RO\"},{\"@type\":\"Organization\",\"@id\":\"https:\\\/\\\/shopatoa.com\\\/ro\\\/#organization\",\"name\":\"SHOPATOA\",\"url\":\"https:\\\/\\\/shopatoa.com\\\/ro\\\/\",\"logo\":{\"@type\":\"ImageObject\",\"inLanguage\":\"ro-RO\",\"@id\":\"https:\\\/\\\/shopatoa.com\\\/ro\\\/#\\\/schema\\\/logo\\\/image\\\/\",\"url\":\"https:\\\/\\\/storage.googleapis.com\\\/cz-shopatoa-img\\\/ro\\\/b4dac915-shopatoa_logo.png\",\"contentUrl\":\"https:\\\/\\\/storage.googleapis.com\\\/cz-shopatoa-img\\\/ro\\\/b4dac915-shopatoa_logo.png\",\"width\":416,\"height\":63,\"caption\":\"SHOPATOA\"},\"image\":{\"@id\":\"https:\\\/\\\/shopatoa.com\\\/ro\\\/#\\\/schema\\\/logo\\\/image\\\/\"}}]}<\/script>\n<!-- \/ Yoast SEO plugin. -->","yoast_head_json":{"title":"Phytorelax Laboratories Men's Grooming Barba Perfetta balsam pentru barba 75 ml - SHOPATOA.COM","robots":{"index":"index","follow":"follow","max-snippet":"max-snippet:-1","max-image-preview":"max-image-preview:large","max-video-preview":"max-video-preview:-1"},"canonical":"https:\/\/shopatoa.com\/ro\/phytorelax-laboratories-mens-grooming-barba-perfetta-balsam-pentru-barba-75-ml\/","og_locale":"ro_RO","og_type":"article","og_title":"Phytorelax Laboratories Men's Grooming Barba Perfetta balsam pentru barba 75 ml - SHOPATOA.COM","og_description":"Phytorelax Laboratories Men&#8217;s Grooming Barba Perfetta, 75 ml, Produse \u00eenainte de b\u0103rbierit pentru b\u0103rba\u021bi, Asigur\u0103 cea mai bun\u0103 \u00eengrijire! Preparatul Phytorelax Laboratories Men&#8217;s Grooming Barba Perfetta garanteaz\u0103 c\u0103 fa\u021ba va ar\u0103ta mereu perfect. Caracteristici: previne iritarea pielii ajut\u0103 la disciplinarea \u0219i la modelarea b\u0103rbii rebele reduce ro\u0219ea\u021ba \u0219i calmeaz\u0103 pielea hidrateaz\u0103 durabil barba \u0219i pielea...","og_url":"https:\/\/shopatoa.com\/ro\/phytorelax-laboratories-mens-grooming-barba-perfetta-balsam-pentru-barba-75-ml\/","og_site_name":"SHOPATOA","article_modified_time":"2025-12-10T18:24:56+00:00","og_image":[{"width":800,"height":800,"url":"https:\/\/storage.googleapis.com\/cz-shopatoa-img\/ro\/50fd0436-unnamed-file.webp","type":"image\/webp"}],"twitter_card":"summary_large_image","schema":{"@context":"https:\/\/schema.org","@graph":[{"@type":"WebPage","@id":"https:\/\/shopatoa.com\/ro\/phytorelax-laboratories-mens-grooming-barba-perfetta-balsam-pentru-barba-75-ml\/","url":"https:\/\/shopatoa.com\/ro\/phytorelax-laboratories-mens-grooming-barba-perfetta-balsam-pentru-barba-75-ml\/","name":"Phytorelax Laboratories Men's Grooming Barba Perfetta balsam pentru barba 75 ml - SHOPATOA.COM","isPartOf":{"@id":"https:\/\/shopatoa.com\/ro\/#website"},"primaryImageOfPage":{"@id":"https:\/\/shopatoa.com\/ro\/phytorelax-laboratories-mens-grooming-barba-perfetta-balsam-pentru-barba-75-ml\/#primaryimage"},"image":{"@id":"https:\/\/shopatoa.com\/ro\/phytorelax-laboratories-mens-grooming-barba-perfetta-balsam-pentru-barba-75-ml\/#primaryimage"},"thumbnailUrl":"https:\/\/storage.googleapis.com\/cz-shopatoa-img\/ro\/50fd0436-unnamed-file.webp","datePublished":"2025-06-21T15:45:32+00:00","dateModified":"2025-12-10T18:24:56+00:00","breadcrumb":{"@id":"https:\/\/shopatoa.com\/ro\/phytorelax-laboratories-mens-grooming-barba-perfetta-balsam-pentru-barba-75-ml\/#breadcrumb"},"inLanguage":"ro-RO","potentialAction":[{"@type":"ReadAction","target":["https:\/\/shopatoa.com\/ro\/phytorelax-laboratories-mens-grooming-barba-perfetta-balsam-pentru-barba-75-ml\/"]}]},{"@type":"ImageObject","inLanguage":"ro-RO","@id":"https:\/\/shopatoa.com\/ro\/phytorelax-laboratories-mens-grooming-barba-perfetta-balsam-pentru-barba-75-ml\/#primaryimage","url":"https:\/\/storage.googleapis.com\/cz-shopatoa-img\/ro\/50fd0436-unnamed-file.webp","contentUrl":"https:\/\/storage.googleapis.com\/cz-shopatoa-img\/ro\/50fd0436-unnamed-file.webp","width":800,"height":800},{"@type":"BreadcrumbList","@id":"https:\/\/shopatoa.com\/ro\/phytorelax-laboratories-mens-grooming-barba-perfetta-balsam-pentru-barba-75-ml\/#breadcrumb","itemListElement":[{"@type":"ListItem","position":1,"name":"Dom\u016f","item":"https:\/\/shopatoa.com\/ro\/"},{"@type":"ListItem","position":2,"name":"Shop","item":"https:\/\/shopatoa.com\/ro\/shop\/"},{"@type":"ListItem","position":3,"name":"S\u0103n\u0103tate \u0219i frumuse\u021be","item":"https:\/\/shopatoa.com\/ro\/sanatate-si-frumusete\/"},{"@type":"ListItem","position":4,"name":"\u00cengrijire personal\u0103","item":"https:\/\/shopatoa.com\/ro\/ingrijire-personala\/"},{"@type":"ListItem","position":5,"name":"B\u0103rbierit \u0219i \u00eengrijire personal\u0103","item":"https:\/\/shopatoa.com\/ro\/barbierit-si-ingrijire-personala\/"},{"@type":"ListItem","position":6,"name":"Phytorelax Laboratories Men&#8217;s Grooming Barba Perfetta balsam pentru barba 75 ml"}]},{"@type":"WebSite","@id":"https:\/\/shopatoa.com\/ro\/#website","url":"https:\/\/shopatoa.com\/ro\/","name":"SHOPATOA","description":"","publisher":{"@id":"https:\/\/shopatoa.com\/ro\/#organization"},"potentialAction":[{"@type":"SearchAction","target":{"@type":"EntryPoint","urlTemplate":"https:\/\/shopatoa.com\/ro\/?s={search_term_string}"},"query-input":{"@type":"PropertyValueSpecification","valueRequired":true,"valueName":"search_term_string"}}],"inLanguage":"ro-RO"},{"@type":"Organization","@id":"https:\/\/shopatoa.com\/ro\/#organization","name":"SHOPATOA","url":"https:\/\/shopatoa.com\/ro\/","logo":{"@type":"ImageObject","inLanguage":"ro-RO","@id":"https:\/\/shopatoa.com\/ro\/#\/schema\/logo\/image\/","url":"https:\/\/storage.googleapis.com\/cz-shopatoa-img\/ro\/b4dac915-shopatoa_logo.png","contentUrl":"https:\/\/storage.googleapis.com\/cz-shopatoa-img\/ro\/b4dac915-shopatoa_logo.png","width":416,"height":63,"caption":"SHOPATOA"},"image":{"@id":"https:\/\/shopatoa.com\/ro\/#\/schema\/logo\/image\/"}}]}},"_links":{"self":[{"href":"https:\/\/shopatoa.com\/ro\/wp-json\/wp\/v2\/product\/425048","targetHints":{"allow":["GET"]}}],"collection":[{"href":"https:\/\/shopatoa.com\/ro\/wp-json\/wp\/v2\/product"}],"about":[{"href":"https:\/\/shopatoa.com\/ro\/wp-json\/wp\/v2\/types\/product"}],"replies":[{"embeddable":true,"href":"https:\/\/shopatoa.com\/ro\/wp-json\/wp\/v2\/comments?post=425048"}],"wp:featuredmedia":[{"embeddable":true,"href":"https:\/\/shopatoa.com\/ro\/wp-json\/wp\/v2\/media\/425049"}],"wp:attachment":[{"href":"https:\/\/shopatoa.com\/ro\/wp-json\/wp\/v2\/media?parent=425048"}],"wp:term":[{"taxonomy":"product_brand","embeddable":true,"href":"https:\/\/shopatoa.com\/ro\/wp-json\/wp\/v2\/product_brand?post=425048"},{"taxonomy":"product_cat","embeddable":true,"href":"https:\/\/shopatoa.com\/ro\/wp-json\/wp\/v2\/product_cat?post=425048"},{"taxonomy":"product_tag","embeddable":true,"href":"https:\/\/shopatoa.com\/ro\/wp-json\/wp\/v2\/product_tag?post=425048"}],"curies":[{"name":"wp","href":"https:\/\/api.w.org\/{rel}","templated":true}]}}