{"id":425468,"date":"2025-06-21T18:24:39","date_gmt":"2025-06-21T16:24:39","guid":{"rendered":"https:\/\/shopatoa.com\/ro\/frudia-reproust-essential-deep-clean-demachiant-in-doua-faze-pentru-piele-sensibila-300-ml\/"},"modified":"2025-12-10T17:33:10","modified_gmt":"2025-12-10T16:33:10","slug":"frudia-reproust-essential-deep-clean-demachiant-in-doua-faze-pentru-piele-sensibila-300-ml","status":"publish","type":"product","link":"https:\/\/shopatoa.com\/ro\/frudia-reproust-essential-deep-clean-demachiant-in-doua-faze-pentru-piele-sensibila-300-ml\/","title":{"rendered":"Frudia Re:proust Essential Deep Clean demachiant in doua faze pentru piele sensibil\u0103 300 ml"},"content":{"rendered":"<p>Frudia Re:proust Essential Deep Clean, 300 ml, Demachiante pentru femei, Uleiul demachiant Frudia Re:proust Essential Deep Clean va dizolva chiar \u0219i machiajul rezistent la ap\u0103 \u0219i \u00eel va \u00eendep\u0103rta de pe fa\u021ba dvs. V\u0103 va ajuta s\u0103 ob\u021bine\u021bi un ten perfect curat, \u00een special ca prim pas al cur\u0103\u021b\u0103rii bifazice.  Caracteristici:  dizolv\u0103 perfect chiar \u0219i un fond de ten rezistent la ap\u0103 hidrateaz\u0103 \u0219i catifeleaz\u0103 tenul are efect de calmare pH cu valoare sc\u0103zut\u0103 se recomand\u0103 pentru tenul sensibil demachiaz\u0103 perfect toate tipurile de fond de ten pentru ochi  Ingrediente:  produs vegan  Cum se utilizeaz\u0103: Se agit\u0103 bine \u00eenainte de utilizare. Se aplic\u0103 folosind un tampon cosmetic, pe pleoapele \u00eenchise \u0219i se las\u0103 s\u0103 ac\u021bioneze c\u00e2teva momente. Elimin\u0103 u\u0219or \u0219i f\u0103r\u0103 frecare fondul de ten \u0219i alte impurit\u0103\u021bi. Nu cl\u0103ti\u021bi.<\/p>\n","protected":false},"excerpt":{"rendered":"<p>Frudia Re:proust Essential Deep Clean, 300 ml, Demachiante pentru femei, Uleiul demachiant Frudia Re:proust Essential Deep Clean va dizolva chiar \u0219i machiajul rezistent la ap\u0103 \u0219i \u00eel va \u00eendep\u0103rta de pe fa\u021ba dvs. V\u0103 va ajuta s\u0103 ob\u021bine\u021bi un ten perfect curat, \u00een special ca prim pas al cur\u0103\u021b\u0103rii bifazice. Caracteristici: dizolv\u0103 perfect chiar \u0219i&#8230;<\/p>\n","protected":false},"featured_media":425469,"comment_status":"closed","ping_status":"open","template":"","meta":{"_acf_changed":false,"_kadence_starter_templates_imported_post":false,"_kad_post_transparent":"","_kad_post_title":"","_kad_post_layout":"","_kad_post_sidebar_id":"","_kad_post_content_style":"","_kad_post_vertical_padding":"","_kad_post_feature":"","_kad_post_feature_position":"","_kad_post_header":false,"_kad_post_footer":false,"_kad_post_classname":""},"product_brand":[2526],"product_cat":[1564,1566,1563,1565,1562],"product_tag":[],"class_list":{"0":"post-425468","1":"product","2":"type-product","3":"status-publish","4":"has-post-thumbnail","6":"product_brand-frudia","7":"product_cat-cosmetice-ingrijire-personala","8":"product_cat-demachiere","9":"product_cat-ingrijire-personala","10":"product_cat-ingrijirea-pielii","11":"product_cat-sanatate-si-frumusete","12":"pa_gen-female","13":"pa_marime-300-ml","15":"first","16":"instock","17":"sale","18":"product-type-external","19":"entry","20":"content-bg","21":"loop-entry"},"acf":[],"yoast_head":"<!-- This site is optimized with the Yoast SEO plugin v27.4 - https:\/\/yoast.com\/product\/yoast-seo-wordpress\/ -->\n<title>Frudia Re:proust Essential Deep Clean demachiant in doua faze pentru piele sensibil\u0103 300 ml - SHOPATOA.COM<\/title>\n<meta name=\"robots\" content=\"index, follow, max-snippet:-1, max-image-preview:large, max-video-preview:-1\" \/>\n<link rel=\"canonical\" href=\"https:\/\/shopatoa.com\/ro\/frudia-reproust-essential-deep-clean-demachiant-in-doua-faze-pentru-piele-sensibila-300-ml\/\" \/>\n<meta property=\"og:locale\" content=\"ro_RO\" \/>\n<meta property=\"og:type\" content=\"article\" \/>\n<meta property=\"og:title\" content=\"Frudia Re:proust Essential Deep Clean demachiant in doua faze pentru piele sensibil\u0103 300 ml - SHOPATOA.COM\" \/>\n<meta property=\"og:description\" content=\"Frudia Re:proust Essential Deep Clean, 300 ml, Demachiante pentru femei, Uleiul demachiant Frudia Re:proust Essential Deep Clean va dizolva chiar \u0219i machiajul rezistent la ap\u0103 \u0219i \u00eel va \u00eendep\u0103rta de pe fa\u021ba dvs. V\u0103 va ajuta s\u0103 ob\u021bine\u021bi un ten perfect curat, \u00een special ca prim pas al cur\u0103\u021b\u0103rii bifazice. Caracteristici: dizolv\u0103 perfect chiar \u0219i...\" \/>\n<meta property=\"og:url\" content=\"https:\/\/shopatoa.com\/ro\/frudia-reproust-essential-deep-clean-demachiant-in-doua-faze-pentru-piele-sensibila-300-ml\/\" \/>\n<meta property=\"og:site_name\" content=\"SHOPATOA\" \/>\n<meta property=\"article:modified_time\" content=\"2025-12-10T16:33:10+00:00\" \/>\n<meta property=\"og:image\" content=\"https:\/\/storage.googleapis.com\/cz-shopatoa-img\/ro\/557553b7-unnamed-file.webp\" \/>\n\t<meta property=\"og:image:width\" content=\"800\" \/>\n\t<meta property=\"og:image:height\" content=\"800\" \/>\n\t<meta property=\"og:image:type\" content=\"image\/webp\" \/>\n<meta name=\"twitter:card\" content=\"summary_large_image\" \/>\n<meta name=\"twitter:label1\" content=\"Timp estimat pentru citire\" \/>\n\t<meta name=\"twitter:data1\" content=\"1 minut\" \/>\n<script type=\"application\/ld+json\" class=\"yoast-schema-graph\">{\"@context\":\"https:\\\/\\\/schema.org\",\"@graph\":[{\"@type\":\"WebPage\",\"@id\":\"https:\\\/\\\/shopatoa.com\\\/ro\\\/frudia-reproust-essential-deep-clean-demachiant-in-doua-faze-pentru-piele-sensibila-300-ml\\\/\",\"url\":\"https:\\\/\\\/shopatoa.com\\\/ro\\\/frudia-reproust-essential-deep-clean-demachiant-in-doua-faze-pentru-piele-sensibila-300-ml\\\/\",\"name\":\"Frudia Re:proust Essential Deep Clean demachiant in doua faze pentru piele sensibil\u0103 300 ml - SHOPATOA.COM\",\"isPartOf\":{\"@id\":\"https:\\\/\\\/shopatoa.com\\\/ro\\\/#website\"},\"primaryImageOfPage\":{\"@id\":\"https:\\\/\\\/shopatoa.com\\\/ro\\\/frudia-reproust-essential-deep-clean-demachiant-in-doua-faze-pentru-piele-sensibila-300-ml\\\/#primaryimage\"},\"image\":{\"@id\":\"https:\\\/\\\/shopatoa.com\\\/ro\\\/frudia-reproust-essential-deep-clean-demachiant-in-doua-faze-pentru-piele-sensibila-300-ml\\\/#primaryimage\"},\"thumbnailUrl\":\"https:\\\/\\\/storage.googleapis.com\\\/cz-shopatoa-img\\\/ro\\\/557553b7-unnamed-file.webp\",\"datePublished\":\"2025-06-21T16:24:39+00:00\",\"dateModified\":\"2025-12-10T16:33:10+00:00\",\"breadcrumb\":{\"@id\":\"https:\\\/\\\/shopatoa.com\\\/ro\\\/frudia-reproust-essential-deep-clean-demachiant-in-doua-faze-pentru-piele-sensibila-300-ml\\\/#breadcrumb\"},\"inLanguage\":\"ro-RO\",\"potentialAction\":[{\"@type\":\"ReadAction\",\"target\":[\"https:\\\/\\\/shopatoa.com\\\/ro\\\/frudia-reproust-essential-deep-clean-demachiant-in-doua-faze-pentru-piele-sensibila-300-ml\\\/\"]}]},{\"@type\":\"ImageObject\",\"inLanguage\":\"ro-RO\",\"@id\":\"https:\\\/\\\/shopatoa.com\\\/ro\\\/frudia-reproust-essential-deep-clean-demachiant-in-doua-faze-pentru-piele-sensibila-300-ml\\\/#primaryimage\",\"url\":\"https:\\\/\\\/storage.googleapis.com\\\/cz-shopatoa-img\\\/ro\\\/557553b7-unnamed-file.webp\",\"contentUrl\":\"https:\\\/\\\/storage.googleapis.com\\\/cz-shopatoa-img\\\/ro\\\/557553b7-unnamed-file.webp\",\"width\":800,\"height\":800},{\"@type\":\"BreadcrumbList\",\"@id\":\"https:\\\/\\\/shopatoa.com\\\/ro\\\/frudia-reproust-essential-deep-clean-demachiant-in-doua-faze-pentru-piele-sensibila-300-ml\\\/#breadcrumb\",\"itemListElement\":[{\"@type\":\"ListItem\",\"position\":1,\"name\":\"Dom\u016f\",\"item\":\"https:\\\/\\\/shopatoa.com\\\/ro\\\/\"},{\"@type\":\"ListItem\",\"position\":2,\"name\":\"Shop\",\"item\":\"https:\\\/\\\/shopatoa.com\\\/ro\\\/shop\\\/\"},{\"@type\":\"ListItem\",\"position\":3,\"name\":\"S\u0103n\u0103tate \u0219i frumuse\u021be\",\"item\":\"https:\\\/\\\/shopatoa.com\\\/ro\\\/sanatate-si-frumusete\\\/\"},{\"@type\":\"ListItem\",\"position\":4,\"name\":\"\u00cengrijire personal\u0103\",\"item\":\"https:\\\/\\\/shopatoa.com\\\/ro\\\/ingrijire-personala\\\/\"},{\"@type\":\"ListItem\",\"position\":5,\"name\":\"Cosmetice\",\"item\":\"https:\\\/\\\/shopatoa.com\\\/ro\\\/cosmetice-ingrijire-personala\\\/\"},{\"@type\":\"ListItem\",\"position\":6,\"name\":\"\u00cengrijirea pielii\",\"item\":\"https:\\\/\\\/shopatoa.com\\\/ro\\\/ingrijirea-pielii\\\/\"},{\"@type\":\"ListItem\",\"position\":7,\"name\":\"Demachiere\",\"item\":\"https:\\\/\\\/shopatoa.com\\\/ro\\\/demachiere\\\/\"},{\"@type\":\"ListItem\",\"position\":8,\"name\":\"Frudia Re:proust Essential Deep Clean demachiant in doua faze pentru piele sensibil\u0103 300 ml\"}]},{\"@type\":\"WebSite\",\"@id\":\"https:\\\/\\\/shopatoa.com\\\/ro\\\/#website\",\"url\":\"https:\\\/\\\/shopatoa.com\\\/ro\\\/\",\"name\":\"SHOPATOA\",\"description\":\"\",\"publisher\":{\"@id\":\"https:\\\/\\\/shopatoa.com\\\/ro\\\/#organization\"},\"potentialAction\":[{\"@type\":\"SearchAction\",\"target\":{\"@type\":\"EntryPoint\",\"urlTemplate\":\"https:\\\/\\\/shopatoa.com\\\/ro\\\/?s={search_term_string}\"},\"query-input\":{\"@type\":\"PropertyValueSpecification\",\"valueRequired\":true,\"valueName\":\"search_term_string\"}}],\"inLanguage\":\"ro-RO\"},{\"@type\":\"Organization\",\"@id\":\"https:\\\/\\\/shopatoa.com\\\/ro\\\/#organization\",\"name\":\"SHOPATOA\",\"url\":\"https:\\\/\\\/shopatoa.com\\\/ro\\\/\",\"logo\":{\"@type\":\"ImageObject\",\"inLanguage\":\"ro-RO\",\"@id\":\"https:\\\/\\\/shopatoa.com\\\/ro\\\/#\\\/schema\\\/logo\\\/image\\\/\",\"url\":\"https:\\\/\\\/storage.googleapis.com\\\/cz-shopatoa-img\\\/ro\\\/b4dac915-shopatoa_logo.png\",\"contentUrl\":\"https:\\\/\\\/storage.googleapis.com\\\/cz-shopatoa-img\\\/ro\\\/b4dac915-shopatoa_logo.png\",\"width\":416,\"height\":63,\"caption\":\"SHOPATOA\"},\"image\":{\"@id\":\"https:\\\/\\\/shopatoa.com\\\/ro\\\/#\\\/schema\\\/logo\\\/image\\\/\"}}]}<\/script>\n<!-- \/ Yoast SEO plugin. -->","yoast_head_json":{"title":"Frudia Re:proust Essential Deep Clean demachiant in doua faze pentru piele sensibil\u0103 300 ml - SHOPATOA.COM","robots":{"index":"index","follow":"follow","max-snippet":"max-snippet:-1","max-image-preview":"max-image-preview:large","max-video-preview":"max-video-preview:-1"},"canonical":"https:\/\/shopatoa.com\/ro\/frudia-reproust-essential-deep-clean-demachiant-in-doua-faze-pentru-piele-sensibila-300-ml\/","og_locale":"ro_RO","og_type":"article","og_title":"Frudia Re:proust Essential Deep Clean demachiant in doua faze pentru piele sensibil\u0103 300 ml - SHOPATOA.COM","og_description":"Frudia Re:proust Essential Deep Clean, 300 ml, Demachiante pentru femei, Uleiul demachiant Frudia Re:proust Essential Deep Clean va dizolva chiar \u0219i machiajul rezistent la ap\u0103 \u0219i \u00eel va \u00eendep\u0103rta de pe fa\u021ba dvs. V\u0103 va ajuta s\u0103 ob\u021bine\u021bi un ten perfect curat, \u00een special ca prim pas al cur\u0103\u021b\u0103rii bifazice. Caracteristici: dizolv\u0103 perfect chiar \u0219i...","og_url":"https:\/\/shopatoa.com\/ro\/frudia-reproust-essential-deep-clean-demachiant-in-doua-faze-pentru-piele-sensibila-300-ml\/","og_site_name":"SHOPATOA","article_modified_time":"2025-12-10T16:33:10+00:00","og_image":[{"width":800,"height":800,"url":"https:\/\/storage.googleapis.com\/cz-shopatoa-img\/ro\/557553b7-unnamed-file.webp","type":"image\/webp"}],"twitter_card":"summary_large_image","twitter_misc":{"Timp estimat pentru citire":"1 minut"},"schema":{"@context":"https:\/\/schema.org","@graph":[{"@type":"WebPage","@id":"https:\/\/shopatoa.com\/ro\/frudia-reproust-essential-deep-clean-demachiant-in-doua-faze-pentru-piele-sensibila-300-ml\/","url":"https:\/\/shopatoa.com\/ro\/frudia-reproust-essential-deep-clean-demachiant-in-doua-faze-pentru-piele-sensibila-300-ml\/","name":"Frudia Re:proust Essential Deep Clean demachiant in doua faze pentru piele sensibil\u0103 300 ml - SHOPATOA.COM","isPartOf":{"@id":"https:\/\/shopatoa.com\/ro\/#website"},"primaryImageOfPage":{"@id":"https:\/\/shopatoa.com\/ro\/frudia-reproust-essential-deep-clean-demachiant-in-doua-faze-pentru-piele-sensibila-300-ml\/#primaryimage"},"image":{"@id":"https:\/\/shopatoa.com\/ro\/frudia-reproust-essential-deep-clean-demachiant-in-doua-faze-pentru-piele-sensibila-300-ml\/#primaryimage"},"thumbnailUrl":"https:\/\/storage.googleapis.com\/cz-shopatoa-img\/ro\/557553b7-unnamed-file.webp","datePublished":"2025-06-21T16:24:39+00:00","dateModified":"2025-12-10T16:33:10+00:00","breadcrumb":{"@id":"https:\/\/shopatoa.com\/ro\/frudia-reproust-essential-deep-clean-demachiant-in-doua-faze-pentru-piele-sensibila-300-ml\/#breadcrumb"},"inLanguage":"ro-RO","potentialAction":[{"@type":"ReadAction","target":["https:\/\/shopatoa.com\/ro\/frudia-reproust-essential-deep-clean-demachiant-in-doua-faze-pentru-piele-sensibila-300-ml\/"]}]},{"@type":"ImageObject","inLanguage":"ro-RO","@id":"https:\/\/shopatoa.com\/ro\/frudia-reproust-essential-deep-clean-demachiant-in-doua-faze-pentru-piele-sensibila-300-ml\/#primaryimage","url":"https:\/\/storage.googleapis.com\/cz-shopatoa-img\/ro\/557553b7-unnamed-file.webp","contentUrl":"https:\/\/storage.googleapis.com\/cz-shopatoa-img\/ro\/557553b7-unnamed-file.webp","width":800,"height":800},{"@type":"BreadcrumbList","@id":"https:\/\/shopatoa.com\/ro\/frudia-reproust-essential-deep-clean-demachiant-in-doua-faze-pentru-piele-sensibila-300-ml\/#breadcrumb","itemListElement":[{"@type":"ListItem","position":1,"name":"Dom\u016f","item":"https:\/\/shopatoa.com\/ro\/"},{"@type":"ListItem","position":2,"name":"Shop","item":"https:\/\/shopatoa.com\/ro\/shop\/"},{"@type":"ListItem","position":3,"name":"S\u0103n\u0103tate \u0219i frumuse\u021be","item":"https:\/\/shopatoa.com\/ro\/sanatate-si-frumusete\/"},{"@type":"ListItem","position":4,"name":"\u00cengrijire personal\u0103","item":"https:\/\/shopatoa.com\/ro\/ingrijire-personala\/"},{"@type":"ListItem","position":5,"name":"Cosmetice","item":"https:\/\/shopatoa.com\/ro\/cosmetice-ingrijire-personala\/"},{"@type":"ListItem","position":6,"name":"\u00cengrijirea pielii","item":"https:\/\/shopatoa.com\/ro\/ingrijirea-pielii\/"},{"@type":"ListItem","position":7,"name":"Demachiere","item":"https:\/\/shopatoa.com\/ro\/demachiere\/"},{"@type":"ListItem","position":8,"name":"Frudia Re:proust Essential Deep Clean demachiant in doua faze pentru piele sensibil\u0103 300 ml"}]},{"@type":"WebSite","@id":"https:\/\/shopatoa.com\/ro\/#website","url":"https:\/\/shopatoa.com\/ro\/","name":"SHOPATOA","description":"","publisher":{"@id":"https:\/\/shopatoa.com\/ro\/#organization"},"potentialAction":[{"@type":"SearchAction","target":{"@type":"EntryPoint","urlTemplate":"https:\/\/shopatoa.com\/ro\/?s={search_term_string}"},"query-input":{"@type":"PropertyValueSpecification","valueRequired":true,"valueName":"search_term_string"}}],"inLanguage":"ro-RO"},{"@type":"Organization","@id":"https:\/\/shopatoa.com\/ro\/#organization","name":"SHOPATOA","url":"https:\/\/shopatoa.com\/ro\/","logo":{"@type":"ImageObject","inLanguage":"ro-RO","@id":"https:\/\/shopatoa.com\/ro\/#\/schema\/logo\/image\/","url":"https:\/\/storage.googleapis.com\/cz-shopatoa-img\/ro\/b4dac915-shopatoa_logo.png","contentUrl":"https:\/\/storage.googleapis.com\/cz-shopatoa-img\/ro\/b4dac915-shopatoa_logo.png","width":416,"height":63,"caption":"SHOPATOA"},"image":{"@id":"https:\/\/shopatoa.com\/ro\/#\/schema\/logo\/image\/"}}]}},"_links":{"self":[{"href":"https:\/\/shopatoa.com\/ro\/wp-json\/wp\/v2\/product\/425468","targetHints":{"allow":["GET"]}}],"collection":[{"href":"https:\/\/shopatoa.com\/ro\/wp-json\/wp\/v2\/product"}],"about":[{"href":"https:\/\/shopatoa.com\/ro\/wp-json\/wp\/v2\/types\/product"}],"replies":[{"embeddable":true,"href":"https:\/\/shopatoa.com\/ro\/wp-json\/wp\/v2\/comments?post=425468"}],"wp:featuredmedia":[{"embeddable":true,"href":"https:\/\/shopatoa.com\/ro\/wp-json\/wp\/v2\/media\/425469"}],"wp:attachment":[{"href":"https:\/\/shopatoa.com\/ro\/wp-json\/wp\/v2\/media?parent=425468"}],"wp:term":[{"taxonomy":"product_brand","embeddable":true,"href":"https:\/\/shopatoa.com\/ro\/wp-json\/wp\/v2\/product_brand?post=425468"},{"taxonomy":"product_cat","embeddable":true,"href":"https:\/\/shopatoa.com\/ro\/wp-json\/wp\/v2\/product_cat?post=425468"},{"taxonomy":"product_tag","embeddable":true,"href":"https:\/\/shopatoa.com\/ro\/wp-json\/wp\/v2\/product_tag?post=425468"}],"curies":[{"name":"wp","href":"https:\/\/api.w.org\/{rel}","templated":true}]}}