{"id":425610,"date":"2025-06-21T18:37:45","date_gmt":"2025-06-21T16:37:45","guid":{"rendered":"https:\/\/shopatoa.com\/ro\/lbiotica-estetic-clinic-oxy-treatment-tratament-de-noapte-cu-efect-de-restaurare-si-de-oxigenare-pentru-o-piele-mai-luminoasa-35-ml\/"},"modified":"2025-12-10T16:54:50","modified_gmt":"2025-12-10T15:54:50","slug":"lbiotica-estetic-clinic-oxy-treatment-tratament-de-noapte-cu-efect-de-restaurare-si-de-oxigenare-pentru-o-piele-mai-luminoasa-35-ml","status":"publish","type":"product","link":"https:\/\/shopatoa.com\/ro\/lbiotica-estetic-clinic-oxy-treatment-tratament-de-noapte-cu-efect-de-restaurare-si-de-oxigenare-pentru-o-piele-mai-luminoasa-35-ml\/","title":{"rendered":"L\u2019biotica Estetic Clinic Oxy Treatment tratament de noapte cu efect de restaurare \u0219i de oxigenare pentru o piele mai luminoasa 35 ml"},"content":{"rendered":"<p>L\u2019biotica Estetic Clinic Oxy Treatment, 35 ml, Creme pentru ten pentru femei, Produsul L\u2019biotica Estetic Clinic Oxy Treatment ofer\u0103 pielii \u00eengrijirea corect\u0103.  Caracteristici:  hr\u0103ne\u0219te \u00een profunzime reface aspectul tineresc al tenului reducerea petelor pigmentare confer\u0103 pielii prospe\u021bime \u0219i luminozitate regenereaz\u0103 \u0219i revitalizeaz\u0103 uniformizeaz\u0103 nuan\u021ba pielii reduce ridurile \u0219i previne formarea acestora promoveaz\u0103 produc\u021bia de colagen ac\u021bioneaz\u0103 \u00een timpul somnului  Ingrediente:  vitamina C \u2013 ofer\u0103 protec\u021bie antioxidant\u0103 \u00eempotriva deterior\u0103rii cauzate de radicalii liberi, combate petele pigmentare, uniformizeaz\u0103 nuan\u021ba \u0219i spore\u0219te aspectul radiant al pielii, favorizeaz\u0103 produc\u021bia de colagen, \u00eencetinind astfel procesul de \u00eemb\u0103tr\u00e2nire antioxidan\u021bi \u2013 ajut\u0103 la protejarea \u00eempotriva efectelor negative ale radicalilor liberi, stresului oxidativ \u0219i deterior\u0103rii  Cum se utilizeaz\u0103: Se aplic\u0103 pe pielea curat\u0103, cu mi\u0219c\u0103ri circulare \u0219i se maseaz\u0103 u\u0219or. A se utiliza regulat \u00een fiecare sear\u0103.<\/p>\n","protected":false},"excerpt":{"rendered":"<p>L\u2019biotica Estetic Clinic Oxy Treatment, 35 ml, Creme pentru ten pentru femei, Produsul L\u2019biotica Estetic Clinic Oxy Treatment ofer\u0103 pielii \u00eengrijirea corect\u0103. Caracteristici: hr\u0103ne\u0219te \u00een profunzime reface aspectul tineresc al tenului reducerea petelor pigmentare confer\u0103 pielii prospe\u021bime \u0219i luminozitate regenereaz\u0103 \u0219i revitalizeaz\u0103 uniformizeaz\u0103 nuan\u021ba pielii reduce ridurile \u0219i previne formarea acestora promoveaz\u0103 produc\u021bia de colagen&#8230;<\/p>\n","protected":false},"featured_media":425611,"comment_status":"closed","ping_status":"open","template":"","meta":{"_acf_changed":false,"_kadence_starter_templates_imported_post":false,"_kad_post_transparent":"","_kad_post_title":"","_kad_post_layout":"","_kad_post_sidebar_id":"","_kad_post_content_style":"","_kad_post_vertical_padding":"","_kad_post_feature":"","_kad_post_feature_position":"","_kad_post_header":false,"_kad_post_footer":false,"_kad_post_classname":""},"product_brand":[2222],"product_cat":[1564,1563,1565,1562],"product_tag":[],"class_list":{"0":"post-425610","1":"product","2":"type-product","3":"status-publish","4":"has-post-thumbnail","6":"product_brand-lbiotica","7":"product_cat-cosmetice-ingrijire-personala","8":"product_cat-ingrijire-personala","9":"product_cat-ingrijirea-pielii","10":"product_cat-sanatate-si-frumusete","11":"pa_gen-female","12":"pa_marime-35-ml","14":"first","15":"instock","16":"sale","17":"product-type-external","18":"entry","19":"content-bg","20":"loop-entry"},"acf":[],"yoast_head":"<!-- This site is optimized with the Yoast SEO plugin v27.4 - https:\/\/yoast.com\/product\/yoast-seo-wordpress\/ -->\n<title>L\u2019biotica Estetic Clinic Oxy Treatment tratament de noapte cu efect de restaurare \u0219i de oxigenare pentru o piele mai luminoasa 35 ml - SHOPATOA.COM<\/title>\n<meta name=\"robots\" content=\"index, follow, max-snippet:-1, max-image-preview:large, max-video-preview:-1\" \/>\n<link rel=\"canonical\" href=\"https:\/\/shopatoa.com\/ro\/lbiotica-estetic-clinic-oxy-treatment-tratament-de-noapte-cu-efect-de-restaurare-si-de-oxigenare-pentru-o-piele-mai-luminoasa-35-ml\/\" \/>\n<meta property=\"og:locale\" content=\"ro_RO\" \/>\n<meta property=\"og:type\" content=\"article\" \/>\n<meta property=\"og:title\" content=\"L\u2019biotica Estetic Clinic Oxy Treatment tratament de noapte cu efect de restaurare \u0219i de oxigenare pentru o piele mai luminoasa 35 ml - SHOPATOA.COM\" \/>\n<meta property=\"og:description\" content=\"L\u2019biotica Estetic Clinic Oxy Treatment, 35 ml, Creme pentru ten pentru femei, Produsul L\u2019biotica Estetic Clinic Oxy Treatment ofer\u0103 pielii \u00eengrijirea corect\u0103. Caracteristici: hr\u0103ne\u0219te \u00een profunzime reface aspectul tineresc al tenului reducerea petelor pigmentare confer\u0103 pielii prospe\u021bime \u0219i luminozitate regenereaz\u0103 \u0219i revitalizeaz\u0103 uniformizeaz\u0103 nuan\u021ba pielii reduce ridurile \u0219i previne formarea acestora promoveaz\u0103 produc\u021bia de colagen...\" \/>\n<meta property=\"og:url\" content=\"https:\/\/shopatoa.com\/ro\/lbiotica-estetic-clinic-oxy-treatment-tratament-de-noapte-cu-efect-de-restaurare-si-de-oxigenare-pentru-o-piele-mai-luminoasa-35-ml\/\" \/>\n<meta property=\"og:site_name\" content=\"SHOPATOA\" \/>\n<meta property=\"article:modified_time\" content=\"2025-12-10T15:54:50+00:00\" \/>\n<meta property=\"og:image\" content=\"https:\/\/storage.googleapis.com\/cz-shopatoa-img\/ro\/0f43a98d-unnamed-file.webp\" \/>\n\t<meta property=\"og:image:width\" content=\"800\" \/>\n\t<meta property=\"og:image:height\" content=\"800\" \/>\n\t<meta property=\"og:image:type\" content=\"image\/webp\" \/>\n<meta name=\"twitter:card\" content=\"summary_large_image\" \/>\n<meta name=\"twitter:label1\" content=\"Timp estimat pentru citire\" \/>\n\t<meta name=\"twitter:data1\" content=\"1 minut\" \/>\n<script type=\"application\/ld+json\" class=\"yoast-schema-graph\">{\"@context\":\"https:\\\/\\\/schema.org\",\"@graph\":[{\"@type\":\"WebPage\",\"@id\":\"https:\\\/\\\/shopatoa.com\\\/ro\\\/lbiotica-estetic-clinic-oxy-treatment-tratament-de-noapte-cu-efect-de-restaurare-si-de-oxigenare-pentru-o-piele-mai-luminoasa-35-ml\\\/\",\"url\":\"https:\\\/\\\/shopatoa.com\\\/ro\\\/lbiotica-estetic-clinic-oxy-treatment-tratament-de-noapte-cu-efect-de-restaurare-si-de-oxigenare-pentru-o-piele-mai-luminoasa-35-ml\\\/\",\"name\":\"L\u2019biotica Estetic Clinic Oxy Treatment tratament de noapte cu efect de restaurare \u0219i de oxigenare pentru o piele mai luminoasa 35 ml - SHOPATOA.COM\",\"isPartOf\":{\"@id\":\"https:\\\/\\\/shopatoa.com\\\/ro\\\/#website\"},\"primaryImageOfPage\":{\"@id\":\"https:\\\/\\\/shopatoa.com\\\/ro\\\/lbiotica-estetic-clinic-oxy-treatment-tratament-de-noapte-cu-efect-de-restaurare-si-de-oxigenare-pentru-o-piele-mai-luminoasa-35-ml\\\/#primaryimage\"},\"image\":{\"@id\":\"https:\\\/\\\/shopatoa.com\\\/ro\\\/lbiotica-estetic-clinic-oxy-treatment-tratament-de-noapte-cu-efect-de-restaurare-si-de-oxigenare-pentru-o-piele-mai-luminoasa-35-ml\\\/#primaryimage\"},\"thumbnailUrl\":\"https:\\\/\\\/storage.googleapis.com\\\/cz-shopatoa-img\\\/ro\\\/0f43a98d-unnamed-file.webp\",\"datePublished\":\"2025-06-21T16:37:45+00:00\",\"dateModified\":\"2025-12-10T15:54:50+00:00\",\"breadcrumb\":{\"@id\":\"https:\\\/\\\/shopatoa.com\\\/ro\\\/lbiotica-estetic-clinic-oxy-treatment-tratament-de-noapte-cu-efect-de-restaurare-si-de-oxigenare-pentru-o-piele-mai-luminoasa-35-ml\\\/#breadcrumb\"},\"inLanguage\":\"ro-RO\",\"potentialAction\":[{\"@type\":\"ReadAction\",\"target\":[\"https:\\\/\\\/shopatoa.com\\\/ro\\\/lbiotica-estetic-clinic-oxy-treatment-tratament-de-noapte-cu-efect-de-restaurare-si-de-oxigenare-pentru-o-piele-mai-luminoasa-35-ml\\\/\"]}]},{\"@type\":\"ImageObject\",\"inLanguage\":\"ro-RO\",\"@id\":\"https:\\\/\\\/shopatoa.com\\\/ro\\\/lbiotica-estetic-clinic-oxy-treatment-tratament-de-noapte-cu-efect-de-restaurare-si-de-oxigenare-pentru-o-piele-mai-luminoasa-35-ml\\\/#primaryimage\",\"url\":\"https:\\\/\\\/storage.googleapis.com\\\/cz-shopatoa-img\\\/ro\\\/0f43a98d-unnamed-file.webp\",\"contentUrl\":\"https:\\\/\\\/storage.googleapis.com\\\/cz-shopatoa-img\\\/ro\\\/0f43a98d-unnamed-file.webp\",\"width\":800,\"height\":800},{\"@type\":\"BreadcrumbList\",\"@id\":\"https:\\\/\\\/shopatoa.com\\\/ro\\\/lbiotica-estetic-clinic-oxy-treatment-tratament-de-noapte-cu-efect-de-restaurare-si-de-oxigenare-pentru-o-piele-mai-luminoasa-35-ml\\\/#breadcrumb\",\"itemListElement\":[{\"@type\":\"ListItem\",\"position\":1,\"name\":\"Dom\u016f\",\"item\":\"https:\\\/\\\/shopatoa.com\\\/ro\\\/\"},{\"@type\":\"ListItem\",\"position\":2,\"name\":\"Shop\",\"item\":\"https:\\\/\\\/shopatoa.com\\\/ro\\\/shop\\\/\"},{\"@type\":\"ListItem\",\"position\":3,\"name\":\"S\u0103n\u0103tate \u0219i frumuse\u021be\",\"item\":\"https:\\\/\\\/shopatoa.com\\\/ro\\\/sanatate-si-frumusete\\\/\"},{\"@type\":\"ListItem\",\"position\":4,\"name\":\"\u00cengrijire personal\u0103\",\"item\":\"https:\\\/\\\/shopatoa.com\\\/ro\\\/ingrijire-personala\\\/\"},{\"@type\":\"ListItem\",\"position\":5,\"name\":\"Cosmetice\",\"item\":\"https:\\\/\\\/shopatoa.com\\\/ro\\\/cosmetice-ingrijire-personala\\\/\"},{\"@type\":\"ListItem\",\"position\":6,\"name\":\"\u00cengrijirea pielii\",\"item\":\"https:\\\/\\\/shopatoa.com\\\/ro\\\/ingrijirea-pielii\\\/\"},{\"@type\":\"ListItem\",\"position\":7,\"name\":\"L\u2019biotica Estetic Clinic Oxy Treatment tratament de noapte cu efect de restaurare \u0219i de oxigenare pentru o piele mai luminoasa 35 ml\"}]},{\"@type\":\"WebSite\",\"@id\":\"https:\\\/\\\/shopatoa.com\\\/ro\\\/#website\",\"url\":\"https:\\\/\\\/shopatoa.com\\\/ro\\\/\",\"name\":\"SHOPATOA\",\"description\":\"\",\"publisher\":{\"@id\":\"https:\\\/\\\/shopatoa.com\\\/ro\\\/#organization\"},\"potentialAction\":[{\"@type\":\"SearchAction\",\"target\":{\"@type\":\"EntryPoint\",\"urlTemplate\":\"https:\\\/\\\/shopatoa.com\\\/ro\\\/?s={search_term_string}\"},\"query-input\":{\"@type\":\"PropertyValueSpecification\",\"valueRequired\":true,\"valueName\":\"search_term_string\"}}],\"inLanguage\":\"ro-RO\"},{\"@type\":\"Organization\",\"@id\":\"https:\\\/\\\/shopatoa.com\\\/ro\\\/#organization\",\"name\":\"SHOPATOA\",\"url\":\"https:\\\/\\\/shopatoa.com\\\/ro\\\/\",\"logo\":{\"@type\":\"ImageObject\",\"inLanguage\":\"ro-RO\",\"@id\":\"https:\\\/\\\/shopatoa.com\\\/ro\\\/#\\\/schema\\\/logo\\\/image\\\/\",\"url\":\"https:\\\/\\\/storage.googleapis.com\\\/cz-shopatoa-img\\\/ro\\\/b4dac915-shopatoa_logo.png\",\"contentUrl\":\"https:\\\/\\\/storage.googleapis.com\\\/cz-shopatoa-img\\\/ro\\\/b4dac915-shopatoa_logo.png\",\"width\":416,\"height\":63,\"caption\":\"SHOPATOA\"},\"image\":{\"@id\":\"https:\\\/\\\/shopatoa.com\\\/ro\\\/#\\\/schema\\\/logo\\\/image\\\/\"}}]}<\/script>\n<!-- \/ Yoast SEO plugin. -->","yoast_head_json":{"title":"L\u2019biotica Estetic Clinic Oxy Treatment tratament de noapte cu efect de restaurare \u0219i de oxigenare pentru o piele mai luminoasa 35 ml - SHOPATOA.COM","robots":{"index":"index","follow":"follow","max-snippet":"max-snippet:-1","max-image-preview":"max-image-preview:large","max-video-preview":"max-video-preview:-1"},"canonical":"https:\/\/shopatoa.com\/ro\/lbiotica-estetic-clinic-oxy-treatment-tratament-de-noapte-cu-efect-de-restaurare-si-de-oxigenare-pentru-o-piele-mai-luminoasa-35-ml\/","og_locale":"ro_RO","og_type":"article","og_title":"L\u2019biotica Estetic Clinic Oxy Treatment tratament de noapte cu efect de restaurare \u0219i de oxigenare pentru o piele mai luminoasa 35 ml - SHOPATOA.COM","og_description":"L\u2019biotica Estetic Clinic Oxy Treatment, 35 ml, Creme pentru ten pentru femei, Produsul L\u2019biotica Estetic Clinic Oxy Treatment ofer\u0103 pielii \u00eengrijirea corect\u0103. Caracteristici: hr\u0103ne\u0219te \u00een profunzime reface aspectul tineresc al tenului reducerea petelor pigmentare confer\u0103 pielii prospe\u021bime \u0219i luminozitate regenereaz\u0103 \u0219i revitalizeaz\u0103 uniformizeaz\u0103 nuan\u021ba pielii reduce ridurile \u0219i previne formarea acestora promoveaz\u0103 produc\u021bia de colagen...","og_url":"https:\/\/shopatoa.com\/ro\/lbiotica-estetic-clinic-oxy-treatment-tratament-de-noapte-cu-efect-de-restaurare-si-de-oxigenare-pentru-o-piele-mai-luminoasa-35-ml\/","og_site_name":"SHOPATOA","article_modified_time":"2025-12-10T15:54:50+00:00","og_image":[{"width":800,"height":800,"url":"https:\/\/storage.googleapis.com\/cz-shopatoa-img\/ro\/0f43a98d-unnamed-file.webp","type":"image\/webp"}],"twitter_card":"summary_large_image","twitter_misc":{"Timp estimat pentru citire":"1 minut"},"schema":{"@context":"https:\/\/schema.org","@graph":[{"@type":"WebPage","@id":"https:\/\/shopatoa.com\/ro\/lbiotica-estetic-clinic-oxy-treatment-tratament-de-noapte-cu-efect-de-restaurare-si-de-oxigenare-pentru-o-piele-mai-luminoasa-35-ml\/","url":"https:\/\/shopatoa.com\/ro\/lbiotica-estetic-clinic-oxy-treatment-tratament-de-noapte-cu-efect-de-restaurare-si-de-oxigenare-pentru-o-piele-mai-luminoasa-35-ml\/","name":"L\u2019biotica Estetic Clinic Oxy Treatment tratament de noapte cu efect de restaurare \u0219i de oxigenare pentru o piele mai luminoasa 35 ml - SHOPATOA.COM","isPartOf":{"@id":"https:\/\/shopatoa.com\/ro\/#website"},"primaryImageOfPage":{"@id":"https:\/\/shopatoa.com\/ro\/lbiotica-estetic-clinic-oxy-treatment-tratament-de-noapte-cu-efect-de-restaurare-si-de-oxigenare-pentru-o-piele-mai-luminoasa-35-ml\/#primaryimage"},"image":{"@id":"https:\/\/shopatoa.com\/ro\/lbiotica-estetic-clinic-oxy-treatment-tratament-de-noapte-cu-efect-de-restaurare-si-de-oxigenare-pentru-o-piele-mai-luminoasa-35-ml\/#primaryimage"},"thumbnailUrl":"https:\/\/storage.googleapis.com\/cz-shopatoa-img\/ro\/0f43a98d-unnamed-file.webp","datePublished":"2025-06-21T16:37:45+00:00","dateModified":"2025-12-10T15:54:50+00:00","breadcrumb":{"@id":"https:\/\/shopatoa.com\/ro\/lbiotica-estetic-clinic-oxy-treatment-tratament-de-noapte-cu-efect-de-restaurare-si-de-oxigenare-pentru-o-piele-mai-luminoasa-35-ml\/#breadcrumb"},"inLanguage":"ro-RO","potentialAction":[{"@type":"ReadAction","target":["https:\/\/shopatoa.com\/ro\/lbiotica-estetic-clinic-oxy-treatment-tratament-de-noapte-cu-efect-de-restaurare-si-de-oxigenare-pentru-o-piele-mai-luminoasa-35-ml\/"]}]},{"@type":"ImageObject","inLanguage":"ro-RO","@id":"https:\/\/shopatoa.com\/ro\/lbiotica-estetic-clinic-oxy-treatment-tratament-de-noapte-cu-efect-de-restaurare-si-de-oxigenare-pentru-o-piele-mai-luminoasa-35-ml\/#primaryimage","url":"https:\/\/storage.googleapis.com\/cz-shopatoa-img\/ro\/0f43a98d-unnamed-file.webp","contentUrl":"https:\/\/storage.googleapis.com\/cz-shopatoa-img\/ro\/0f43a98d-unnamed-file.webp","width":800,"height":800},{"@type":"BreadcrumbList","@id":"https:\/\/shopatoa.com\/ro\/lbiotica-estetic-clinic-oxy-treatment-tratament-de-noapte-cu-efect-de-restaurare-si-de-oxigenare-pentru-o-piele-mai-luminoasa-35-ml\/#breadcrumb","itemListElement":[{"@type":"ListItem","position":1,"name":"Dom\u016f","item":"https:\/\/shopatoa.com\/ro\/"},{"@type":"ListItem","position":2,"name":"Shop","item":"https:\/\/shopatoa.com\/ro\/shop\/"},{"@type":"ListItem","position":3,"name":"S\u0103n\u0103tate \u0219i frumuse\u021be","item":"https:\/\/shopatoa.com\/ro\/sanatate-si-frumusete\/"},{"@type":"ListItem","position":4,"name":"\u00cengrijire personal\u0103","item":"https:\/\/shopatoa.com\/ro\/ingrijire-personala\/"},{"@type":"ListItem","position":5,"name":"Cosmetice","item":"https:\/\/shopatoa.com\/ro\/cosmetice-ingrijire-personala\/"},{"@type":"ListItem","position":6,"name":"\u00cengrijirea pielii","item":"https:\/\/shopatoa.com\/ro\/ingrijirea-pielii\/"},{"@type":"ListItem","position":7,"name":"L\u2019biotica Estetic Clinic Oxy Treatment tratament de noapte cu efect de restaurare \u0219i de oxigenare pentru o piele mai luminoasa 35 ml"}]},{"@type":"WebSite","@id":"https:\/\/shopatoa.com\/ro\/#website","url":"https:\/\/shopatoa.com\/ro\/","name":"SHOPATOA","description":"","publisher":{"@id":"https:\/\/shopatoa.com\/ro\/#organization"},"potentialAction":[{"@type":"SearchAction","target":{"@type":"EntryPoint","urlTemplate":"https:\/\/shopatoa.com\/ro\/?s={search_term_string}"},"query-input":{"@type":"PropertyValueSpecification","valueRequired":true,"valueName":"search_term_string"}}],"inLanguage":"ro-RO"},{"@type":"Organization","@id":"https:\/\/shopatoa.com\/ro\/#organization","name":"SHOPATOA","url":"https:\/\/shopatoa.com\/ro\/","logo":{"@type":"ImageObject","inLanguage":"ro-RO","@id":"https:\/\/shopatoa.com\/ro\/#\/schema\/logo\/image\/","url":"https:\/\/storage.googleapis.com\/cz-shopatoa-img\/ro\/b4dac915-shopatoa_logo.png","contentUrl":"https:\/\/storage.googleapis.com\/cz-shopatoa-img\/ro\/b4dac915-shopatoa_logo.png","width":416,"height":63,"caption":"SHOPATOA"},"image":{"@id":"https:\/\/shopatoa.com\/ro\/#\/schema\/logo\/image\/"}}]}},"_links":{"self":[{"href":"https:\/\/shopatoa.com\/ro\/wp-json\/wp\/v2\/product\/425610","targetHints":{"allow":["GET"]}}],"collection":[{"href":"https:\/\/shopatoa.com\/ro\/wp-json\/wp\/v2\/product"}],"about":[{"href":"https:\/\/shopatoa.com\/ro\/wp-json\/wp\/v2\/types\/product"}],"replies":[{"embeddable":true,"href":"https:\/\/shopatoa.com\/ro\/wp-json\/wp\/v2\/comments?post=425610"}],"wp:featuredmedia":[{"embeddable":true,"href":"https:\/\/shopatoa.com\/ro\/wp-json\/wp\/v2\/media\/425611"}],"wp:attachment":[{"href":"https:\/\/shopatoa.com\/ro\/wp-json\/wp\/v2\/media?parent=425610"}],"wp:term":[{"taxonomy":"product_brand","embeddable":true,"href":"https:\/\/shopatoa.com\/ro\/wp-json\/wp\/v2\/product_brand?post=425610"},{"taxonomy":"product_cat","embeddable":true,"href":"https:\/\/shopatoa.com\/ro\/wp-json\/wp\/v2\/product_cat?post=425610"},{"taxonomy":"product_tag","embeddable":true,"href":"https:\/\/shopatoa.com\/ro\/wp-json\/wp\/v2\/product_tag?post=425610"}],"curies":[{"name":"wp","href":"https:\/\/api.w.org\/{rel}","templated":true}]}}