{"id":425638,"date":"2025-06-21T18:39:20","date_gmt":"2025-06-21T16:39:20","guid":{"rendered":"https:\/\/shopatoa.com\/ro\/hello-coco-whitening-pen-baton-pentru-albire-3-ml\/"},"modified":"2025-12-10T16:52:54","modified_gmt":"2025-12-10T15:52:54","slug":"hello-coco-whitening-pen-baton-pentru-albire-3-ml","status":"publish","type":"product","link":"https:\/\/shopatoa.com\/ro\/hello-coco-whitening-pen-baton-pentru-albire-3-ml\/","title":{"rendered":"Hello Coco Whitening Pen baton pentru albire 3 ml"},"content":{"rendered":"<p>Hello Coco Whitening Pen, 3 ml, Pasta de dinti cu efect de albire unisex, Stiloul de albire Hello Coco Whitening Pen este un produs unic, pentru albirea din\u021bilor. Procedura de folosire este rapid\u0103 \u0219i u\u0219oar\u0103, cu rezultate vizibile.  Caracteristici:  ob\u021bine rapid rezultate extraordinare \u00eenl\u0103tur\u0103 decolorarea organic\u0103 a din\u021bilor ac\u021biune neagresiv\u0103, chiar \u0219i asupra din\u021bilor sensibili \u00eendep\u0103rteaz\u0103 petele de alimente \u0219i de b\u0103uturi u\u0219or de utilizat oriunde  Cum se utilizeaz\u0103: Din\u021bii se cur\u0103\u021b\u0103 \u0219i se usuc\u0103. Se aplic\u0103 un strat sub\u021bire de produs, pe partea din fa\u021b\u0103 a din\u021bilor.<\/p>\n","protected":false},"excerpt":{"rendered":"<p>Hello Coco Whitening Pen, 3 ml, Pasta de dinti cu efect de albire unisex, Stiloul de albire Hello Coco Whitening Pen este un produs unic, pentru albirea din\u021bilor. Procedura de folosire este rapid\u0103 \u0219i u\u0219oar\u0103, cu rezultate vizibile. Caracteristici: ob\u021bine rapid rezultate extraordinare \u00eenl\u0103tur\u0103 decolorarea organic\u0103 a din\u021bilor ac\u021biune neagresiv\u0103, chiar \u0219i asupra din\u021bilor sensibili&#8230;<\/p>\n","protected":false},"featured_media":425639,"comment_status":"closed","ping_status":"open","template":"","meta":{"_acf_changed":false,"_kadence_starter_templates_imported_post":false,"_kad_post_transparent":"","_kad_post_title":"","_kad_post_layout":"","_kad_post_sidebar_id":"","_kad_post_content_style":"","_kad_post_vertical_padding":"","_kad_post_feature":"","_kad_post_feature_position":"","_kad_post_header":false,"_kad_post_footer":false,"_kad_post_classname":""},"product_brand":[2097],"product_cat":[1926,1605,1563,1562],"product_tag":[],"class_list":{"0":"post-425638","1":"product","2":"type-product","3":"status-publish","4":"has-post-thumbnail","6":"product_brand-hello-coco","7":"product_cat-albirea-dintilor-ingrijire-orala","8":"product_cat-ingrijire-orala","9":"product_cat-ingrijire-personala","10":"product_cat-sanatate-si-frumusete","11":"pa_gen-unisex","12":"pa_marime-3-ml","14":"first","15":"instock","16":"sale","17":"product-type-external","18":"entry","19":"content-bg","20":"loop-entry"},"acf":[],"yoast_head":"<!-- This site is optimized with the Yoast SEO plugin v27.4 - https:\/\/yoast.com\/product\/yoast-seo-wordpress\/ -->\n<title>Hello Coco Whitening Pen baton pentru albire 3 ml - SHOPATOA.COM<\/title>\n<meta name=\"robots\" content=\"index, follow, max-snippet:-1, max-image-preview:large, max-video-preview:-1\" \/>\n<link rel=\"canonical\" href=\"https:\/\/shopatoa.com\/ro\/hello-coco-whitening-pen-baton-pentru-albire-3-ml\/\" \/>\n<meta property=\"og:locale\" content=\"ro_RO\" \/>\n<meta property=\"og:type\" content=\"article\" \/>\n<meta property=\"og:title\" content=\"Hello Coco Whitening Pen baton pentru albire 3 ml - SHOPATOA.COM\" \/>\n<meta property=\"og:description\" content=\"Hello Coco Whitening Pen, 3 ml, Pasta de dinti cu efect de albire unisex, Stiloul de albire Hello Coco Whitening Pen este un produs unic, pentru albirea din\u021bilor. Procedura de folosire este rapid\u0103 \u0219i u\u0219oar\u0103, cu rezultate vizibile. Caracteristici: ob\u021bine rapid rezultate extraordinare \u00eenl\u0103tur\u0103 decolorarea organic\u0103 a din\u021bilor ac\u021biune neagresiv\u0103, chiar \u0219i asupra din\u021bilor sensibili...\" \/>\n<meta property=\"og:url\" content=\"https:\/\/shopatoa.com\/ro\/hello-coco-whitening-pen-baton-pentru-albire-3-ml\/\" \/>\n<meta property=\"og:site_name\" content=\"SHOPATOA\" \/>\n<meta property=\"article:modified_time\" content=\"2025-12-10T15:52:54+00:00\" \/>\n<meta property=\"og:image\" content=\"https:\/\/storage.googleapis.com\/cz-shopatoa-img\/ro\/6c36035e-unnamed-file.webp\" \/>\n\t<meta property=\"og:image:width\" content=\"800\" \/>\n\t<meta property=\"og:image:height\" content=\"800\" \/>\n\t<meta property=\"og:image:type\" content=\"image\/webp\" \/>\n<meta name=\"twitter:card\" content=\"summary_large_image\" \/>\n<meta name=\"twitter:label1\" content=\"Timp estimat pentru citire\" \/>\n\t<meta name=\"twitter:data1\" content=\"1 minut\" \/>\n<script type=\"application\/ld+json\" class=\"yoast-schema-graph\">{\"@context\":\"https:\\\/\\\/schema.org\",\"@graph\":[{\"@type\":\"WebPage\",\"@id\":\"https:\\\/\\\/shopatoa.com\\\/ro\\\/hello-coco-whitening-pen-baton-pentru-albire-3-ml\\\/\",\"url\":\"https:\\\/\\\/shopatoa.com\\\/ro\\\/hello-coco-whitening-pen-baton-pentru-albire-3-ml\\\/\",\"name\":\"Hello Coco Whitening Pen baton pentru albire 3 ml - SHOPATOA.COM\",\"isPartOf\":{\"@id\":\"https:\\\/\\\/shopatoa.com\\\/ro\\\/#website\"},\"primaryImageOfPage\":{\"@id\":\"https:\\\/\\\/shopatoa.com\\\/ro\\\/hello-coco-whitening-pen-baton-pentru-albire-3-ml\\\/#primaryimage\"},\"image\":{\"@id\":\"https:\\\/\\\/shopatoa.com\\\/ro\\\/hello-coco-whitening-pen-baton-pentru-albire-3-ml\\\/#primaryimage\"},\"thumbnailUrl\":\"https:\\\/\\\/storage.googleapis.com\\\/cz-shopatoa-img\\\/ro\\\/6c36035e-unnamed-file.webp\",\"datePublished\":\"2025-06-21T16:39:20+00:00\",\"dateModified\":\"2025-12-10T15:52:54+00:00\",\"breadcrumb\":{\"@id\":\"https:\\\/\\\/shopatoa.com\\\/ro\\\/hello-coco-whitening-pen-baton-pentru-albire-3-ml\\\/#breadcrumb\"},\"inLanguage\":\"ro-RO\",\"potentialAction\":[{\"@type\":\"ReadAction\",\"target\":[\"https:\\\/\\\/shopatoa.com\\\/ro\\\/hello-coco-whitening-pen-baton-pentru-albire-3-ml\\\/\"]}]},{\"@type\":\"ImageObject\",\"inLanguage\":\"ro-RO\",\"@id\":\"https:\\\/\\\/shopatoa.com\\\/ro\\\/hello-coco-whitening-pen-baton-pentru-albire-3-ml\\\/#primaryimage\",\"url\":\"https:\\\/\\\/storage.googleapis.com\\\/cz-shopatoa-img\\\/ro\\\/6c36035e-unnamed-file.webp\",\"contentUrl\":\"https:\\\/\\\/storage.googleapis.com\\\/cz-shopatoa-img\\\/ro\\\/6c36035e-unnamed-file.webp\",\"width\":800,\"height\":800},{\"@type\":\"BreadcrumbList\",\"@id\":\"https:\\\/\\\/shopatoa.com\\\/ro\\\/hello-coco-whitening-pen-baton-pentru-albire-3-ml\\\/#breadcrumb\",\"itemListElement\":[{\"@type\":\"ListItem\",\"position\":1,\"name\":\"Dom\u016f\",\"item\":\"https:\\\/\\\/shopatoa.com\\\/ro\\\/\"},{\"@type\":\"ListItem\",\"position\":2,\"name\":\"Shop\",\"item\":\"https:\\\/\\\/shopatoa.com\\\/ro\\\/shop\\\/\"},{\"@type\":\"ListItem\",\"position\":3,\"name\":\"S\u0103n\u0103tate \u0219i frumuse\u021be\",\"item\":\"https:\\\/\\\/shopatoa.com\\\/ro\\\/sanatate-si-frumusete\\\/\"},{\"@type\":\"ListItem\",\"position\":4,\"name\":\"\u00cengrijire personal\u0103\",\"item\":\"https:\\\/\\\/shopatoa.com\\\/ro\\\/ingrijire-personala\\\/\"},{\"@type\":\"ListItem\",\"position\":5,\"name\":\"\u00cengrijire oral\u0103\",\"item\":\"https:\\\/\\\/shopatoa.com\\\/ro\\\/ingrijire-orala\\\/\"},{\"@type\":\"ListItem\",\"position\":6,\"name\":\"Albirea din\u021bilor\",\"item\":\"https:\\\/\\\/shopatoa.com\\\/ro\\\/albirea-dintilor-ingrijire-orala\\\/\"},{\"@type\":\"ListItem\",\"position\":7,\"name\":\"Hello Coco Whitening Pen baton pentru albire 3 ml\"}]},{\"@type\":\"WebSite\",\"@id\":\"https:\\\/\\\/shopatoa.com\\\/ro\\\/#website\",\"url\":\"https:\\\/\\\/shopatoa.com\\\/ro\\\/\",\"name\":\"SHOPATOA\",\"description\":\"\",\"publisher\":{\"@id\":\"https:\\\/\\\/shopatoa.com\\\/ro\\\/#organization\"},\"potentialAction\":[{\"@type\":\"SearchAction\",\"target\":{\"@type\":\"EntryPoint\",\"urlTemplate\":\"https:\\\/\\\/shopatoa.com\\\/ro\\\/?s={search_term_string}\"},\"query-input\":{\"@type\":\"PropertyValueSpecification\",\"valueRequired\":true,\"valueName\":\"search_term_string\"}}],\"inLanguage\":\"ro-RO\"},{\"@type\":\"Organization\",\"@id\":\"https:\\\/\\\/shopatoa.com\\\/ro\\\/#organization\",\"name\":\"SHOPATOA\",\"url\":\"https:\\\/\\\/shopatoa.com\\\/ro\\\/\",\"logo\":{\"@type\":\"ImageObject\",\"inLanguage\":\"ro-RO\",\"@id\":\"https:\\\/\\\/shopatoa.com\\\/ro\\\/#\\\/schema\\\/logo\\\/image\\\/\",\"url\":\"https:\\\/\\\/storage.googleapis.com\\\/cz-shopatoa-img\\\/ro\\\/b4dac915-shopatoa_logo.png\",\"contentUrl\":\"https:\\\/\\\/storage.googleapis.com\\\/cz-shopatoa-img\\\/ro\\\/b4dac915-shopatoa_logo.png\",\"width\":416,\"height\":63,\"caption\":\"SHOPATOA\"},\"image\":{\"@id\":\"https:\\\/\\\/shopatoa.com\\\/ro\\\/#\\\/schema\\\/logo\\\/image\\\/\"}}]}<\/script>\n<!-- \/ Yoast SEO plugin. -->","yoast_head_json":{"title":"Hello Coco Whitening Pen baton pentru albire 3 ml - SHOPATOA.COM","robots":{"index":"index","follow":"follow","max-snippet":"max-snippet:-1","max-image-preview":"max-image-preview:large","max-video-preview":"max-video-preview:-1"},"canonical":"https:\/\/shopatoa.com\/ro\/hello-coco-whitening-pen-baton-pentru-albire-3-ml\/","og_locale":"ro_RO","og_type":"article","og_title":"Hello Coco Whitening Pen baton pentru albire 3 ml - SHOPATOA.COM","og_description":"Hello Coco Whitening Pen, 3 ml, Pasta de dinti cu efect de albire unisex, Stiloul de albire Hello Coco Whitening Pen este un produs unic, pentru albirea din\u021bilor. Procedura de folosire este rapid\u0103 \u0219i u\u0219oar\u0103, cu rezultate vizibile. Caracteristici: ob\u021bine rapid rezultate extraordinare \u00eenl\u0103tur\u0103 decolorarea organic\u0103 a din\u021bilor ac\u021biune neagresiv\u0103, chiar \u0219i asupra din\u021bilor sensibili...","og_url":"https:\/\/shopatoa.com\/ro\/hello-coco-whitening-pen-baton-pentru-albire-3-ml\/","og_site_name":"SHOPATOA","article_modified_time":"2025-12-10T15:52:54+00:00","og_image":[{"width":800,"height":800,"url":"https:\/\/storage.googleapis.com\/cz-shopatoa-img\/ro\/6c36035e-unnamed-file.webp","type":"image\/webp"}],"twitter_card":"summary_large_image","twitter_misc":{"Timp estimat pentru citire":"1 minut"},"schema":{"@context":"https:\/\/schema.org","@graph":[{"@type":"WebPage","@id":"https:\/\/shopatoa.com\/ro\/hello-coco-whitening-pen-baton-pentru-albire-3-ml\/","url":"https:\/\/shopatoa.com\/ro\/hello-coco-whitening-pen-baton-pentru-albire-3-ml\/","name":"Hello Coco Whitening Pen baton pentru albire 3 ml - SHOPATOA.COM","isPartOf":{"@id":"https:\/\/shopatoa.com\/ro\/#website"},"primaryImageOfPage":{"@id":"https:\/\/shopatoa.com\/ro\/hello-coco-whitening-pen-baton-pentru-albire-3-ml\/#primaryimage"},"image":{"@id":"https:\/\/shopatoa.com\/ro\/hello-coco-whitening-pen-baton-pentru-albire-3-ml\/#primaryimage"},"thumbnailUrl":"https:\/\/storage.googleapis.com\/cz-shopatoa-img\/ro\/6c36035e-unnamed-file.webp","datePublished":"2025-06-21T16:39:20+00:00","dateModified":"2025-12-10T15:52:54+00:00","breadcrumb":{"@id":"https:\/\/shopatoa.com\/ro\/hello-coco-whitening-pen-baton-pentru-albire-3-ml\/#breadcrumb"},"inLanguage":"ro-RO","potentialAction":[{"@type":"ReadAction","target":["https:\/\/shopatoa.com\/ro\/hello-coco-whitening-pen-baton-pentru-albire-3-ml\/"]}]},{"@type":"ImageObject","inLanguage":"ro-RO","@id":"https:\/\/shopatoa.com\/ro\/hello-coco-whitening-pen-baton-pentru-albire-3-ml\/#primaryimage","url":"https:\/\/storage.googleapis.com\/cz-shopatoa-img\/ro\/6c36035e-unnamed-file.webp","contentUrl":"https:\/\/storage.googleapis.com\/cz-shopatoa-img\/ro\/6c36035e-unnamed-file.webp","width":800,"height":800},{"@type":"BreadcrumbList","@id":"https:\/\/shopatoa.com\/ro\/hello-coco-whitening-pen-baton-pentru-albire-3-ml\/#breadcrumb","itemListElement":[{"@type":"ListItem","position":1,"name":"Dom\u016f","item":"https:\/\/shopatoa.com\/ro\/"},{"@type":"ListItem","position":2,"name":"Shop","item":"https:\/\/shopatoa.com\/ro\/shop\/"},{"@type":"ListItem","position":3,"name":"S\u0103n\u0103tate \u0219i frumuse\u021be","item":"https:\/\/shopatoa.com\/ro\/sanatate-si-frumusete\/"},{"@type":"ListItem","position":4,"name":"\u00cengrijire personal\u0103","item":"https:\/\/shopatoa.com\/ro\/ingrijire-personala\/"},{"@type":"ListItem","position":5,"name":"\u00cengrijire oral\u0103","item":"https:\/\/shopatoa.com\/ro\/ingrijire-orala\/"},{"@type":"ListItem","position":6,"name":"Albirea din\u021bilor","item":"https:\/\/shopatoa.com\/ro\/albirea-dintilor-ingrijire-orala\/"},{"@type":"ListItem","position":7,"name":"Hello Coco Whitening Pen baton pentru albire 3 ml"}]},{"@type":"WebSite","@id":"https:\/\/shopatoa.com\/ro\/#website","url":"https:\/\/shopatoa.com\/ro\/","name":"SHOPATOA","description":"","publisher":{"@id":"https:\/\/shopatoa.com\/ro\/#organization"},"potentialAction":[{"@type":"SearchAction","target":{"@type":"EntryPoint","urlTemplate":"https:\/\/shopatoa.com\/ro\/?s={search_term_string}"},"query-input":{"@type":"PropertyValueSpecification","valueRequired":true,"valueName":"search_term_string"}}],"inLanguage":"ro-RO"},{"@type":"Organization","@id":"https:\/\/shopatoa.com\/ro\/#organization","name":"SHOPATOA","url":"https:\/\/shopatoa.com\/ro\/","logo":{"@type":"ImageObject","inLanguage":"ro-RO","@id":"https:\/\/shopatoa.com\/ro\/#\/schema\/logo\/image\/","url":"https:\/\/storage.googleapis.com\/cz-shopatoa-img\/ro\/b4dac915-shopatoa_logo.png","contentUrl":"https:\/\/storage.googleapis.com\/cz-shopatoa-img\/ro\/b4dac915-shopatoa_logo.png","width":416,"height":63,"caption":"SHOPATOA"},"image":{"@id":"https:\/\/shopatoa.com\/ro\/#\/schema\/logo\/image\/"}}]}},"_links":{"self":[{"href":"https:\/\/shopatoa.com\/ro\/wp-json\/wp\/v2\/product\/425638","targetHints":{"allow":["GET"]}}],"collection":[{"href":"https:\/\/shopatoa.com\/ro\/wp-json\/wp\/v2\/product"}],"about":[{"href":"https:\/\/shopatoa.com\/ro\/wp-json\/wp\/v2\/types\/product"}],"replies":[{"embeddable":true,"href":"https:\/\/shopatoa.com\/ro\/wp-json\/wp\/v2\/comments?post=425638"}],"wp:featuredmedia":[{"embeddable":true,"href":"https:\/\/shopatoa.com\/ro\/wp-json\/wp\/v2\/media\/425639"}],"wp:attachment":[{"href":"https:\/\/shopatoa.com\/ro\/wp-json\/wp\/v2\/media?parent=425638"}],"wp:term":[{"taxonomy":"product_brand","embeddable":true,"href":"https:\/\/shopatoa.com\/ro\/wp-json\/wp\/v2\/product_brand?post=425638"},{"taxonomy":"product_cat","embeddable":true,"href":"https:\/\/shopatoa.com\/ro\/wp-json\/wp\/v2\/product_cat?post=425638"},{"taxonomy":"product_tag","embeddable":true,"href":"https:\/\/shopatoa.com\/ro\/wp-json\/wp\/v2\/product_tag?post=425638"}],"curies":[{"name":"wp","href":"https:\/\/api.w.org\/{rel}","templated":true}]}}