{"id":426050,"date":"2025-06-21T19:14:47","date_gmt":"2025-06-21T17:14:47","guid":{"rendered":"https:\/\/shopatoa.com\/ro\/origins-discovery-set-ginger-aromatic-hand-wash-lotion-duo-set-cadou-pentru-corp\/"},"modified":"2025-12-11T14:24:03","modified_gmt":"2025-12-11T13:24:03","slug":"origins-discovery-set-ginger-aromatic-hand-wash-lotion-duo-set-cadou-pentru-corp","status":"publish","type":"product","link":"https:\/\/shopatoa.com\/ro\/origins-discovery-set-ginger-aromatic-hand-wash-lotion-duo-set-cadou-pentru-corp\/","title":{"rendered":"Origins Discovery Set Ginger Aromatic Hand Wash &amp; Lotion Duo set cadou pentru corp"},"content":{"rendered":"<p>Origins Discovery Set Ginger Aromatic Hand Wash &amp; Lotion Duo, 2&#215;200 ml, Sapunuri lichid pentru femei, Ocaziile speciale presupun cadouri speciale, fie c\u0103 dori\u021bi s\u0103 v\u0103 oferi\u021bi o bucurie dvs. sau celor dragi. Setul cadou Origins Discovery Set Ginger Aromatic Hand Wash &amp; Lotion Duo include o combina\u021bie de parfumuri \u0219i produse cosmetice atent selec\u021bionate \u0219i asortate cu mult\u0103 dragoste, care vor aduce cu siguran\u021b\u0103 un z\u00e2mbet pe fa\u021b\u0103, fie dvs., fie celor dragi, indiferent dac\u0103 le ve\u021bi \u00eencerca pe toate deodat\u0103, sau dac\u0103 le ve\u021bi deschide treptat, pe parcursul lunii.  Setul con\u021bine:   Origins Ginger Hand &amp; Body Lotion crem\u0103 de m\u00e2ini \u0219i corp 200 ml  Origins Ginger Body Hand &amp; Body Wash s\u0103pun spumant pentru m\u00e2ini \u0219i corp 200 ml  Caracteristici:  hidrateaz\u0103 \u0219i hr\u0103ne\u0219te pielea las\u0103 pielea fin\u0103 \u0219i neted\u0103 protejeaz\u0103 \u00eempotriva influen\u021belor negative ale mediului regenereaz\u0103 se absoarbe rapid nu las\u0103 o pelicul\u0103 gras\u0103 previne uscarea pielii miroase pl\u0103cut are efecte emoliente red\u0103 pielii confortul \u0219i vitalitatea edi\u021bie limitat\u0103  Cum se utilizeaz\u0103: Se aplic\u0103 \u00een orice moment, \u00een timpul zilei. \u00centinde\u021bi bine \u0219i uniform.<\/p>\n","protected":false},"excerpt":{"rendered":"<p>Origins Discovery Set Ginger Aromatic Hand Wash &amp; Lotion Duo, 2&#215;200 ml, Sapunuri lichid pentru femei, Ocaziile speciale presupun cadouri speciale, fie c\u0103 dori\u021bi s\u0103 v\u0103 oferi\u021bi o bucurie dvs. sau celor dragi. Setul cadou Origins Discovery Set Ginger Aromatic Hand Wash &amp; Lotion Duo include o combina\u021bie de parfumuri \u0219i produse cosmetice atent selec\u021bionate&#8230;<\/p>\n","protected":false},"featured_media":426051,"comment_status":"closed","ping_status":"open","template":"","meta":{"_acf_changed":false,"_kadence_starter_templates_imported_post":false,"_kad_post_transparent":"","_kad_post_title":"","_kad_post_layout":"","_kad_post_sidebar_id":"","_kad_post_content_style":"","_kad_post_vertical_padding":"","_kad_post_feature":"","_kad_post_feature_position":"","_kad_post_header":false,"_kad_post_footer":false,"_kad_post_classname":""},"product_brand":[162],"product_cat":[1564,1563,1565,1562],"product_tag":[],"class_list":{"0":"post-426050","1":"product","2":"type-product","3":"status-publish","4":"has-post-thumbnail","6":"product_brand-origins","7":"product_cat-cosmetice-ingrijire-personala","8":"product_cat-ingrijire-personala","9":"product_cat-ingrijirea-pielii","10":"product_cat-sanatate-si-frumusete","11":"pa_gen-female","12":"pa_marime-2x200-ml","14":"first","15":"instock","16":"sale","17":"product-type-external","18":"entry","19":"content-bg","20":"loop-entry"},"acf":[],"yoast_head":"<!-- This site is optimized with the Yoast SEO plugin v27.3 - https:\/\/yoast.com\/product\/yoast-seo-wordpress\/ -->\n<title>Origins Discovery Set Ginger Aromatic Hand Wash &amp; Lotion Duo set cadou pentru corp - SHOPATOA.COM<\/title>\n<meta name=\"robots\" content=\"index, follow, max-snippet:-1, max-image-preview:large, max-video-preview:-1\" \/>\n<link rel=\"canonical\" href=\"https:\/\/shopatoa.com\/ro\/origins-discovery-set-ginger-aromatic-hand-wash-lotion-duo-set-cadou-pentru-corp\/\" \/>\n<meta property=\"og:locale\" content=\"ro_RO\" \/>\n<meta property=\"og:type\" content=\"article\" \/>\n<meta property=\"og:title\" content=\"Origins Discovery Set Ginger Aromatic Hand Wash &amp; Lotion Duo set cadou pentru corp - SHOPATOA.COM\" \/>\n<meta property=\"og:description\" content=\"Origins Discovery Set Ginger Aromatic Hand Wash &amp; Lotion Duo, 2&#215;200 ml, Sapunuri lichid pentru femei, Ocaziile speciale presupun cadouri speciale, fie c\u0103 dori\u021bi s\u0103 v\u0103 oferi\u021bi o bucurie dvs. sau celor dragi. Setul cadou Origins Discovery Set Ginger Aromatic Hand Wash &amp; Lotion Duo include o combina\u021bie de parfumuri \u0219i produse cosmetice atent selec\u021bionate...\" \/>\n<meta property=\"og:url\" content=\"https:\/\/shopatoa.com\/ro\/origins-discovery-set-ginger-aromatic-hand-wash-lotion-duo-set-cadou-pentru-corp\/\" \/>\n<meta property=\"og:site_name\" content=\"SHOPATOA\" \/>\n<meta property=\"article:modified_time\" content=\"2025-12-11T13:24:03+00:00\" \/>\n<meta property=\"og:image\" content=\"https:\/\/storage.googleapis.com\/cz-shopatoa-img\/ro\/0a8ad8f6-unnamed-file.webp\" \/>\n\t<meta property=\"og:image:width\" content=\"800\" \/>\n\t<meta property=\"og:image:height\" content=\"800\" \/>\n\t<meta property=\"og:image:type\" content=\"image\/webp\" \/>\n<meta name=\"twitter:card\" content=\"summary_large_image\" \/>\n<meta name=\"twitter:label1\" content=\"Timp estimat pentru citire\" \/>\n\t<meta name=\"twitter:data1\" content=\"1 minut\" \/>\n<script type=\"application\/ld+json\" class=\"yoast-schema-graph\">{\"@context\":\"https:\\\/\\\/schema.org\",\"@graph\":[{\"@type\":\"WebPage\",\"@id\":\"https:\\\/\\\/shopatoa.com\\\/ro\\\/origins-discovery-set-ginger-aromatic-hand-wash-lotion-duo-set-cadou-pentru-corp\\\/\",\"url\":\"https:\\\/\\\/shopatoa.com\\\/ro\\\/origins-discovery-set-ginger-aromatic-hand-wash-lotion-duo-set-cadou-pentru-corp\\\/\",\"name\":\"Origins Discovery Set Ginger Aromatic Hand Wash & Lotion Duo set cadou pentru corp - SHOPATOA.COM\",\"isPartOf\":{\"@id\":\"https:\\\/\\\/shopatoa.com\\\/ro\\\/#website\"},\"primaryImageOfPage\":{\"@id\":\"https:\\\/\\\/shopatoa.com\\\/ro\\\/origins-discovery-set-ginger-aromatic-hand-wash-lotion-duo-set-cadou-pentru-corp\\\/#primaryimage\"},\"image\":{\"@id\":\"https:\\\/\\\/shopatoa.com\\\/ro\\\/origins-discovery-set-ginger-aromatic-hand-wash-lotion-duo-set-cadou-pentru-corp\\\/#primaryimage\"},\"thumbnailUrl\":\"https:\\\/\\\/storage.googleapis.com\\\/cz-shopatoa-img\\\/ro\\\/0a8ad8f6-unnamed-file.webp\",\"datePublished\":\"2025-06-21T17:14:47+00:00\",\"dateModified\":\"2025-12-11T13:24:03+00:00\",\"breadcrumb\":{\"@id\":\"https:\\\/\\\/shopatoa.com\\\/ro\\\/origins-discovery-set-ginger-aromatic-hand-wash-lotion-duo-set-cadou-pentru-corp\\\/#breadcrumb\"},\"inLanguage\":\"ro-RO\",\"potentialAction\":[{\"@type\":\"ReadAction\",\"target\":[\"https:\\\/\\\/shopatoa.com\\\/ro\\\/origins-discovery-set-ginger-aromatic-hand-wash-lotion-duo-set-cadou-pentru-corp\\\/\"]}]},{\"@type\":\"ImageObject\",\"inLanguage\":\"ro-RO\",\"@id\":\"https:\\\/\\\/shopatoa.com\\\/ro\\\/origins-discovery-set-ginger-aromatic-hand-wash-lotion-duo-set-cadou-pentru-corp\\\/#primaryimage\",\"url\":\"https:\\\/\\\/storage.googleapis.com\\\/cz-shopatoa-img\\\/ro\\\/0a8ad8f6-unnamed-file.webp\",\"contentUrl\":\"https:\\\/\\\/storage.googleapis.com\\\/cz-shopatoa-img\\\/ro\\\/0a8ad8f6-unnamed-file.webp\",\"width\":800,\"height\":800},{\"@type\":\"BreadcrumbList\",\"@id\":\"https:\\\/\\\/shopatoa.com\\\/ro\\\/origins-discovery-set-ginger-aromatic-hand-wash-lotion-duo-set-cadou-pentru-corp\\\/#breadcrumb\",\"itemListElement\":[{\"@type\":\"ListItem\",\"position\":1,\"name\":\"Dom\u016f\",\"item\":\"https:\\\/\\\/shopatoa.com\\\/ro\\\/\"},{\"@type\":\"ListItem\",\"position\":2,\"name\":\"Shop\",\"item\":\"https:\\\/\\\/shopatoa.com\\\/ro\\\/shop\\\/\"},{\"@type\":\"ListItem\",\"position\":3,\"name\":\"S\u0103n\u0103tate \u0219i frumuse\u021be\",\"item\":\"https:\\\/\\\/shopatoa.com\\\/ro\\\/sanatate-si-frumusete\\\/\"},{\"@type\":\"ListItem\",\"position\":4,\"name\":\"\u00cengrijire personal\u0103\",\"item\":\"https:\\\/\\\/shopatoa.com\\\/ro\\\/ingrijire-personala\\\/\"},{\"@type\":\"ListItem\",\"position\":5,\"name\":\"Cosmetice\",\"item\":\"https:\\\/\\\/shopatoa.com\\\/ro\\\/cosmetice-ingrijire-personala\\\/\"},{\"@type\":\"ListItem\",\"position\":6,\"name\":\"\u00cengrijirea pielii\",\"item\":\"https:\\\/\\\/shopatoa.com\\\/ro\\\/ingrijirea-pielii\\\/\"},{\"@type\":\"ListItem\",\"position\":7,\"name\":\"Origins Discovery Set Ginger Aromatic Hand Wash &amp; Lotion Duo set cadou pentru corp\"}]},{\"@type\":\"WebSite\",\"@id\":\"https:\\\/\\\/shopatoa.com\\\/ro\\\/#website\",\"url\":\"https:\\\/\\\/shopatoa.com\\\/ro\\\/\",\"name\":\"SHOPATOA\",\"description\":\"\",\"publisher\":{\"@id\":\"https:\\\/\\\/shopatoa.com\\\/ro\\\/#organization\"},\"potentialAction\":[{\"@type\":\"SearchAction\",\"target\":{\"@type\":\"EntryPoint\",\"urlTemplate\":\"https:\\\/\\\/shopatoa.com\\\/ro\\\/?s={search_term_string}\"},\"query-input\":{\"@type\":\"PropertyValueSpecification\",\"valueRequired\":true,\"valueName\":\"search_term_string\"}}],\"inLanguage\":\"ro-RO\"},{\"@type\":\"Organization\",\"@id\":\"https:\\\/\\\/shopatoa.com\\\/ro\\\/#organization\",\"name\":\"SHOPATOA\",\"url\":\"https:\\\/\\\/shopatoa.com\\\/ro\\\/\",\"logo\":{\"@type\":\"ImageObject\",\"inLanguage\":\"ro-RO\",\"@id\":\"https:\\\/\\\/shopatoa.com\\\/ro\\\/#\\\/schema\\\/logo\\\/image\\\/\",\"url\":\"https:\\\/\\\/storage.googleapis.com\\\/cz-shopatoa-img\\\/ro\\\/b4dac915-shopatoa_logo.png\",\"contentUrl\":\"https:\\\/\\\/storage.googleapis.com\\\/cz-shopatoa-img\\\/ro\\\/b4dac915-shopatoa_logo.png\",\"width\":416,\"height\":63,\"caption\":\"SHOPATOA\"},\"image\":{\"@id\":\"https:\\\/\\\/shopatoa.com\\\/ro\\\/#\\\/schema\\\/logo\\\/image\\\/\"}}]}<\/script>\n<!-- \/ Yoast SEO plugin. -->","yoast_head_json":{"title":"Origins Discovery Set Ginger Aromatic Hand Wash & Lotion Duo set cadou pentru corp - SHOPATOA.COM","robots":{"index":"index","follow":"follow","max-snippet":"max-snippet:-1","max-image-preview":"max-image-preview:large","max-video-preview":"max-video-preview:-1"},"canonical":"https:\/\/shopatoa.com\/ro\/origins-discovery-set-ginger-aromatic-hand-wash-lotion-duo-set-cadou-pentru-corp\/","og_locale":"ro_RO","og_type":"article","og_title":"Origins Discovery Set Ginger Aromatic Hand Wash & Lotion Duo set cadou pentru corp - SHOPATOA.COM","og_description":"Origins Discovery Set Ginger Aromatic Hand Wash &amp; Lotion Duo, 2&#215;200 ml, Sapunuri lichid pentru femei, Ocaziile speciale presupun cadouri speciale, fie c\u0103 dori\u021bi s\u0103 v\u0103 oferi\u021bi o bucurie dvs. sau celor dragi. Setul cadou Origins Discovery Set Ginger Aromatic Hand Wash &amp; Lotion Duo include o combina\u021bie de parfumuri \u0219i produse cosmetice atent selec\u021bionate...","og_url":"https:\/\/shopatoa.com\/ro\/origins-discovery-set-ginger-aromatic-hand-wash-lotion-duo-set-cadou-pentru-corp\/","og_site_name":"SHOPATOA","article_modified_time":"2025-12-11T13:24:03+00:00","og_image":[{"width":800,"height":800,"url":"https:\/\/storage.googleapis.com\/cz-shopatoa-img\/ro\/0a8ad8f6-unnamed-file.webp","type":"image\/webp"}],"twitter_card":"summary_large_image","twitter_misc":{"Timp estimat pentru citire":"1 minut"},"schema":{"@context":"https:\/\/schema.org","@graph":[{"@type":"WebPage","@id":"https:\/\/shopatoa.com\/ro\/origins-discovery-set-ginger-aromatic-hand-wash-lotion-duo-set-cadou-pentru-corp\/","url":"https:\/\/shopatoa.com\/ro\/origins-discovery-set-ginger-aromatic-hand-wash-lotion-duo-set-cadou-pentru-corp\/","name":"Origins Discovery Set Ginger Aromatic Hand Wash & Lotion Duo set cadou pentru corp - SHOPATOA.COM","isPartOf":{"@id":"https:\/\/shopatoa.com\/ro\/#website"},"primaryImageOfPage":{"@id":"https:\/\/shopatoa.com\/ro\/origins-discovery-set-ginger-aromatic-hand-wash-lotion-duo-set-cadou-pentru-corp\/#primaryimage"},"image":{"@id":"https:\/\/shopatoa.com\/ro\/origins-discovery-set-ginger-aromatic-hand-wash-lotion-duo-set-cadou-pentru-corp\/#primaryimage"},"thumbnailUrl":"https:\/\/storage.googleapis.com\/cz-shopatoa-img\/ro\/0a8ad8f6-unnamed-file.webp","datePublished":"2025-06-21T17:14:47+00:00","dateModified":"2025-12-11T13:24:03+00:00","breadcrumb":{"@id":"https:\/\/shopatoa.com\/ro\/origins-discovery-set-ginger-aromatic-hand-wash-lotion-duo-set-cadou-pentru-corp\/#breadcrumb"},"inLanguage":"ro-RO","potentialAction":[{"@type":"ReadAction","target":["https:\/\/shopatoa.com\/ro\/origins-discovery-set-ginger-aromatic-hand-wash-lotion-duo-set-cadou-pentru-corp\/"]}]},{"@type":"ImageObject","inLanguage":"ro-RO","@id":"https:\/\/shopatoa.com\/ro\/origins-discovery-set-ginger-aromatic-hand-wash-lotion-duo-set-cadou-pentru-corp\/#primaryimage","url":"https:\/\/storage.googleapis.com\/cz-shopatoa-img\/ro\/0a8ad8f6-unnamed-file.webp","contentUrl":"https:\/\/storage.googleapis.com\/cz-shopatoa-img\/ro\/0a8ad8f6-unnamed-file.webp","width":800,"height":800},{"@type":"BreadcrumbList","@id":"https:\/\/shopatoa.com\/ro\/origins-discovery-set-ginger-aromatic-hand-wash-lotion-duo-set-cadou-pentru-corp\/#breadcrumb","itemListElement":[{"@type":"ListItem","position":1,"name":"Dom\u016f","item":"https:\/\/shopatoa.com\/ro\/"},{"@type":"ListItem","position":2,"name":"Shop","item":"https:\/\/shopatoa.com\/ro\/shop\/"},{"@type":"ListItem","position":3,"name":"S\u0103n\u0103tate \u0219i frumuse\u021be","item":"https:\/\/shopatoa.com\/ro\/sanatate-si-frumusete\/"},{"@type":"ListItem","position":4,"name":"\u00cengrijire personal\u0103","item":"https:\/\/shopatoa.com\/ro\/ingrijire-personala\/"},{"@type":"ListItem","position":5,"name":"Cosmetice","item":"https:\/\/shopatoa.com\/ro\/cosmetice-ingrijire-personala\/"},{"@type":"ListItem","position":6,"name":"\u00cengrijirea pielii","item":"https:\/\/shopatoa.com\/ro\/ingrijirea-pielii\/"},{"@type":"ListItem","position":7,"name":"Origins Discovery Set Ginger Aromatic Hand Wash &amp; Lotion Duo set cadou pentru corp"}]},{"@type":"WebSite","@id":"https:\/\/shopatoa.com\/ro\/#website","url":"https:\/\/shopatoa.com\/ro\/","name":"SHOPATOA","description":"","publisher":{"@id":"https:\/\/shopatoa.com\/ro\/#organization"},"potentialAction":[{"@type":"SearchAction","target":{"@type":"EntryPoint","urlTemplate":"https:\/\/shopatoa.com\/ro\/?s={search_term_string}"},"query-input":{"@type":"PropertyValueSpecification","valueRequired":true,"valueName":"search_term_string"}}],"inLanguage":"ro-RO"},{"@type":"Organization","@id":"https:\/\/shopatoa.com\/ro\/#organization","name":"SHOPATOA","url":"https:\/\/shopatoa.com\/ro\/","logo":{"@type":"ImageObject","inLanguage":"ro-RO","@id":"https:\/\/shopatoa.com\/ro\/#\/schema\/logo\/image\/","url":"https:\/\/storage.googleapis.com\/cz-shopatoa-img\/ro\/b4dac915-shopatoa_logo.png","contentUrl":"https:\/\/storage.googleapis.com\/cz-shopatoa-img\/ro\/b4dac915-shopatoa_logo.png","width":416,"height":63,"caption":"SHOPATOA"},"image":{"@id":"https:\/\/shopatoa.com\/ro\/#\/schema\/logo\/image\/"}}]}},"_links":{"self":[{"href":"https:\/\/shopatoa.com\/ro\/wp-json\/wp\/v2\/product\/426050","targetHints":{"allow":["GET"]}}],"collection":[{"href":"https:\/\/shopatoa.com\/ro\/wp-json\/wp\/v2\/product"}],"about":[{"href":"https:\/\/shopatoa.com\/ro\/wp-json\/wp\/v2\/types\/product"}],"replies":[{"embeddable":true,"href":"https:\/\/shopatoa.com\/ro\/wp-json\/wp\/v2\/comments?post=426050"}],"wp:featuredmedia":[{"embeddable":true,"href":"https:\/\/shopatoa.com\/ro\/wp-json\/wp\/v2\/media\/426051"}],"wp:attachment":[{"href":"https:\/\/shopatoa.com\/ro\/wp-json\/wp\/v2\/media?parent=426050"}],"wp:term":[{"taxonomy":"product_brand","embeddable":true,"href":"https:\/\/shopatoa.com\/ro\/wp-json\/wp\/v2\/product_brand?post=426050"},{"taxonomy":"product_cat","embeddable":true,"href":"https:\/\/shopatoa.com\/ro\/wp-json\/wp\/v2\/product_cat?post=426050"},{"taxonomy":"product_tag","embeddable":true,"href":"https:\/\/shopatoa.com\/ro\/wp-json\/wp\/v2\/product_tag?post=426050"}],"curies":[{"name":"wp","href":"https:\/\/api.w.org\/{rel}","templated":true}]}}