{"id":426222,"date":"2025-06-21T19:27:58","date_gmt":"2025-06-21T17:27:58","guid":{"rendered":"https:\/\/shopatoa.com\/ro\/gowipes-flushable-wet-wipes-hartie-igienica-umeda-pentru-piele-sensibila-pentru-copii-44-buc\/"},"modified":"2025-12-11T13:26:11","modified_gmt":"2025-12-11T12:26:11","slug":"gowipes-flushable-wet-wipes-hartie-igienica-umeda-pentru-piele-sensibila-pentru-copii-44-buc","status":"publish","type":"product","link":"https:\/\/shopatoa.com\/ro\/gowipes-flushable-wet-wipes-hartie-igienica-umeda-pentru-piele-sensibila-pentru-copii-44-buc\/","title":{"rendered":"GoWipes Flushable Wet Wipes h\u00e2rtie igienic\u0103 umed\u0103 pentru piele sensibila pentru copii 44 buc"},"content":{"rendered":"<p>GoWipes Flushable Wet Wipes, 44 buc, \u0218erve\u021bele umede pentru copii pentru copii, Chiar \u0219i cea mai comun\u0103 parte a oric\u0103rei gospod\u0103rii v\u0103 poate face ferici\u021bi. H\u00e2rtia igienic\u0103 GoWipes Flushable Wet Wipes are grij\u0103 de confortul pe care \u00eentreaga familie \u00eel va aprecia \u00een fiecare zi.  Caracteristici:  catifelare maxim\u0103 oferit\u0103 pielii imprimeu elegant cur\u0103\u021b\u0103, hidrateaz\u0103 \u0219i \u00eengrije\u0219te pielea  Ingrediente:  f\u0103r\u0103 alcool acid lactic \u2013 ajut\u0103 la \u00eendep\u0103rtarea celulelor moarte cutanate, sus\u021bine procesul natural de re\u00eennoire celular\u0103 \u0219i \u00een acela\u0219i timp are efecte hidratante, neteze\u0219te textura aspr\u0103 \u0219i decolmateaz\u0103 porii proteine \u2013 alc\u0103tuite din aminoacizi, care sunt esen\u021biali pentru buna func\u021bionare a pielii, ajut\u0103 la men\u021binerea elasticit\u0103\u021bii \u0219i fermit\u0103\u021bii pielii  Material:  nu con\u021bine plastic  Cum se utilizeaz\u0103: \u0218erve\u021belele sunt de unic\u0103 folosin\u021b\u0103. Se pot arunca \u00een toalet\u0103 \u0219i se trage apa. \u00cenchide\u021bi ambalajul \u00een mod corespunz\u0103tor dup\u0103 fiecare utilizare.<\/p>\n","protected":false},"excerpt":{"rendered":"<p>GoWipes Flushable Wet Wipes, 44 buc, \u0218erve\u021bele umede pentru copii pentru copii, Chiar \u0219i cea mai comun\u0103 parte a oric\u0103rei gospod\u0103rii v\u0103 poate face ferici\u021bi. H\u00e2rtia igienic\u0103 GoWipes Flushable Wet Wipes are grij\u0103 de confortul pe care \u00eentreaga familie \u00eel va aprecia \u00een fiecare zi. Caracteristici: catifelare maxim\u0103 oferit\u0103 pielii imprimeu elegant cur\u0103\u021b\u0103, hidrateaz\u0103 \u0219i&#8230;<\/p>\n","protected":false},"featured_media":426223,"comment_status":"closed","ping_status":"open","template":"","meta":{"_acf_changed":false,"_kadence_starter_templates_imported_post":false,"_kad_post_transparent":"","_kad_post_title":"","_kad_post_layout":"","_kad_post_sidebar_id":"","_kad_post_content_style":"","_kad_post_vertical_padding":"","_kad_post_feature":"","_kad_post_feature_position":"","_kad_post_header":false,"_kad_post_footer":false,"_kad_post_classname":""},"product_brand":[2517],"product_cat":[1805,1804,1803,1802,1806],"product_tag":[],"class_list":{"0":"post-426222","1":"product","2":"type-product","3":"status-publish","4":"has-post-thumbnail","6":"product_brand-gowipes","7":"product_cat-baie-corp","8":"product_cat-cosmetice-ingrijire-personala-sanatate-frumusete","9":"product_cat-ingrijire-personala-sanatate-frumusete","10":"product_cat-sanatate-frumusete","11":"product_cat-servetele-igienice-pentru-adulti","12":"pa_gen-unisex","13":"pa_marime-44-buc","15":"first","16":"instock","17":"sale","18":"product-type-external","19":"entry","20":"content-bg","21":"loop-entry"},"acf":[],"yoast_head":"<!-- This site is optimized with the Yoast SEO plugin v27.4 - https:\/\/yoast.com\/product\/yoast-seo-wordpress\/ -->\n<title>GoWipes Flushable Wet Wipes h\u00e2rtie igienic\u0103 umed\u0103 pentru piele sensibila pentru copii 44 buc - SHOPATOA.COM<\/title>\n<meta name=\"robots\" content=\"index, follow, max-snippet:-1, max-image-preview:large, max-video-preview:-1\" \/>\n<link rel=\"canonical\" href=\"https:\/\/shopatoa.com\/ro\/gowipes-flushable-wet-wipes-hartie-igienica-umeda-pentru-piele-sensibila-pentru-copii-44-buc\/\" \/>\n<meta property=\"og:locale\" content=\"ro_RO\" \/>\n<meta property=\"og:type\" content=\"article\" \/>\n<meta property=\"og:title\" content=\"GoWipes Flushable Wet Wipes h\u00e2rtie igienic\u0103 umed\u0103 pentru piele sensibila pentru copii 44 buc - SHOPATOA.COM\" \/>\n<meta property=\"og:description\" content=\"GoWipes Flushable Wet Wipes, 44 buc, \u0218erve\u021bele umede pentru copii pentru copii, Chiar \u0219i cea mai comun\u0103 parte a oric\u0103rei gospod\u0103rii v\u0103 poate face ferici\u021bi. H\u00e2rtia igienic\u0103 GoWipes Flushable Wet Wipes are grij\u0103 de confortul pe care \u00eentreaga familie \u00eel va aprecia \u00een fiecare zi. Caracteristici: catifelare maxim\u0103 oferit\u0103 pielii imprimeu elegant cur\u0103\u021b\u0103, hidrateaz\u0103 \u0219i...\" \/>\n<meta property=\"og:url\" content=\"https:\/\/shopatoa.com\/ro\/gowipes-flushable-wet-wipes-hartie-igienica-umeda-pentru-piele-sensibila-pentru-copii-44-buc\/\" \/>\n<meta property=\"og:site_name\" content=\"SHOPATOA\" \/>\n<meta property=\"article:modified_time\" content=\"2025-12-11T12:26:11+00:00\" \/>\n<meta property=\"og:image\" content=\"https:\/\/storage.googleapis.com\/cz-shopatoa-img\/ro\/e1b3d57a-unnamed-file.webp\" \/>\n\t<meta property=\"og:image:width\" content=\"800\" \/>\n\t<meta property=\"og:image:height\" content=\"800\" \/>\n\t<meta property=\"og:image:type\" content=\"image\/webp\" \/>\n<meta name=\"twitter:card\" content=\"summary_large_image\" \/>\n<meta name=\"twitter:label1\" content=\"Timp estimat pentru citire\" \/>\n\t<meta name=\"twitter:data1\" content=\"1 minut\" \/>\n<script type=\"application\/ld+json\" class=\"yoast-schema-graph\">{\"@context\":\"https:\\\/\\\/schema.org\",\"@graph\":[{\"@type\":\"WebPage\",\"@id\":\"https:\\\/\\\/shopatoa.com\\\/ro\\\/gowipes-flushable-wet-wipes-hartie-igienica-umeda-pentru-piele-sensibila-pentru-copii-44-buc\\\/\",\"url\":\"https:\\\/\\\/shopatoa.com\\\/ro\\\/gowipes-flushable-wet-wipes-hartie-igienica-umeda-pentru-piele-sensibila-pentru-copii-44-buc\\\/\",\"name\":\"GoWipes Flushable Wet Wipes h\u00e2rtie igienic\u0103 umed\u0103 pentru piele sensibila pentru copii 44 buc - SHOPATOA.COM\",\"isPartOf\":{\"@id\":\"https:\\\/\\\/shopatoa.com\\\/ro\\\/#website\"},\"primaryImageOfPage\":{\"@id\":\"https:\\\/\\\/shopatoa.com\\\/ro\\\/gowipes-flushable-wet-wipes-hartie-igienica-umeda-pentru-piele-sensibila-pentru-copii-44-buc\\\/#primaryimage\"},\"image\":{\"@id\":\"https:\\\/\\\/shopatoa.com\\\/ro\\\/gowipes-flushable-wet-wipes-hartie-igienica-umeda-pentru-piele-sensibila-pentru-copii-44-buc\\\/#primaryimage\"},\"thumbnailUrl\":\"https:\\\/\\\/storage.googleapis.com\\\/cz-shopatoa-img\\\/ro\\\/e1b3d57a-unnamed-file.webp\",\"datePublished\":\"2025-06-21T17:27:58+00:00\",\"dateModified\":\"2025-12-11T12:26:11+00:00\",\"breadcrumb\":{\"@id\":\"https:\\\/\\\/shopatoa.com\\\/ro\\\/gowipes-flushable-wet-wipes-hartie-igienica-umeda-pentru-piele-sensibila-pentru-copii-44-buc\\\/#breadcrumb\"},\"inLanguage\":\"ro-RO\",\"potentialAction\":[{\"@type\":\"ReadAction\",\"target\":[\"https:\\\/\\\/shopatoa.com\\\/ro\\\/gowipes-flushable-wet-wipes-hartie-igienica-umeda-pentru-piele-sensibila-pentru-copii-44-buc\\\/\"]}]},{\"@type\":\"ImageObject\",\"inLanguage\":\"ro-RO\",\"@id\":\"https:\\\/\\\/shopatoa.com\\\/ro\\\/gowipes-flushable-wet-wipes-hartie-igienica-umeda-pentru-piele-sensibila-pentru-copii-44-buc\\\/#primaryimage\",\"url\":\"https:\\\/\\\/storage.googleapis.com\\\/cz-shopatoa-img\\\/ro\\\/e1b3d57a-unnamed-file.webp\",\"contentUrl\":\"https:\\\/\\\/storage.googleapis.com\\\/cz-shopatoa-img\\\/ro\\\/e1b3d57a-unnamed-file.webp\",\"width\":800,\"height\":800},{\"@type\":\"BreadcrumbList\",\"@id\":\"https:\\\/\\\/shopatoa.com\\\/ro\\\/gowipes-flushable-wet-wipes-hartie-igienica-umeda-pentru-piele-sensibila-pentru-copii-44-buc\\\/#breadcrumb\",\"itemListElement\":[{\"@type\":\"ListItem\",\"position\":1,\"name\":\"Dom\u016f\",\"item\":\"https:\\\/\\\/shopatoa.com\\\/ro\\\/\"},{\"@type\":\"ListItem\",\"position\":2,\"name\":\"Shop\",\"item\":\"https:\\\/\\\/shopatoa.com\\\/ro\\\/shop\\\/\"},{\"@type\":\"ListItem\",\"position\":3,\"name\":\"S\u0103n\u0103tate &amp; Frumuse\u021be\",\"item\":\"https:\\\/\\\/shopatoa.com\\\/ro\\\/sanatate-frumusete\\\/\"},{\"@type\":\"ListItem\",\"position\":4,\"name\":\"\u00cengrijire personal\u0103\",\"item\":\"https:\\\/\\\/shopatoa.com\\\/ro\\\/ingrijire-personala-sanatate-frumusete\\\/\"},{\"@type\":\"ListItem\",\"position\":5,\"name\":\"Cosmetice\",\"item\":\"https:\\\/\\\/shopatoa.com\\\/ro\\\/cosmetice-ingrijire-personala-sanatate-frumusete\\\/\"},{\"@type\":\"ListItem\",\"position\":6,\"name\":\"Baie &amp; Corp\",\"item\":\"https:\\\/\\\/shopatoa.com\\\/ro\\\/baie-corp\\\/\"},{\"@type\":\"ListItem\",\"position\":7,\"name\":\"\u0218erve\u021bele igienice pentru adul\u021bi\",\"item\":\"https:\\\/\\\/shopatoa.com\\\/ro\\\/servetele-igienice-pentru-adulti\\\/\"},{\"@type\":\"ListItem\",\"position\":8,\"name\":\"GoWipes Flushable Wet Wipes h\u00e2rtie igienic\u0103 umed\u0103 pentru piele sensibila pentru copii 44 buc\"}]},{\"@type\":\"WebSite\",\"@id\":\"https:\\\/\\\/shopatoa.com\\\/ro\\\/#website\",\"url\":\"https:\\\/\\\/shopatoa.com\\\/ro\\\/\",\"name\":\"SHOPATOA\",\"description\":\"\",\"publisher\":{\"@id\":\"https:\\\/\\\/shopatoa.com\\\/ro\\\/#organization\"},\"potentialAction\":[{\"@type\":\"SearchAction\",\"target\":{\"@type\":\"EntryPoint\",\"urlTemplate\":\"https:\\\/\\\/shopatoa.com\\\/ro\\\/?s={search_term_string}\"},\"query-input\":{\"@type\":\"PropertyValueSpecification\",\"valueRequired\":true,\"valueName\":\"search_term_string\"}}],\"inLanguage\":\"ro-RO\"},{\"@type\":\"Organization\",\"@id\":\"https:\\\/\\\/shopatoa.com\\\/ro\\\/#organization\",\"name\":\"SHOPATOA\",\"url\":\"https:\\\/\\\/shopatoa.com\\\/ro\\\/\",\"logo\":{\"@type\":\"ImageObject\",\"inLanguage\":\"ro-RO\",\"@id\":\"https:\\\/\\\/shopatoa.com\\\/ro\\\/#\\\/schema\\\/logo\\\/image\\\/\",\"url\":\"https:\\\/\\\/storage.googleapis.com\\\/cz-shopatoa-img\\\/ro\\\/b4dac915-shopatoa_logo.png\",\"contentUrl\":\"https:\\\/\\\/storage.googleapis.com\\\/cz-shopatoa-img\\\/ro\\\/b4dac915-shopatoa_logo.png\",\"width\":416,\"height\":63,\"caption\":\"SHOPATOA\"},\"image\":{\"@id\":\"https:\\\/\\\/shopatoa.com\\\/ro\\\/#\\\/schema\\\/logo\\\/image\\\/\"}}]}<\/script>\n<!-- \/ Yoast SEO plugin. -->","yoast_head_json":{"title":"GoWipes Flushable Wet Wipes h\u00e2rtie igienic\u0103 umed\u0103 pentru piele sensibila pentru copii 44 buc - SHOPATOA.COM","robots":{"index":"index","follow":"follow","max-snippet":"max-snippet:-1","max-image-preview":"max-image-preview:large","max-video-preview":"max-video-preview:-1"},"canonical":"https:\/\/shopatoa.com\/ro\/gowipes-flushable-wet-wipes-hartie-igienica-umeda-pentru-piele-sensibila-pentru-copii-44-buc\/","og_locale":"ro_RO","og_type":"article","og_title":"GoWipes Flushable Wet Wipes h\u00e2rtie igienic\u0103 umed\u0103 pentru piele sensibila pentru copii 44 buc - SHOPATOA.COM","og_description":"GoWipes Flushable Wet Wipes, 44 buc, \u0218erve\u021bele umede pentru copii pentru copii, Chiar \u0219i cea mai comun\u0103 parte a oric\u0103rei gospod\u0103rii v\u0103 poate face ferici\u021bi. H\u00e2rtia igienic\u0103 GoWipes Flushable Wet Wipes are grij\u0103 de confortul pe care \u00eentreaga familie \u00eel va aprecia \u00een fiecare zi. Caracteristici: catifelare maxim\u0103 oferit\u0103 pielii imprimeu elegant cur\u0103\u021b\u0103, hidrateaz\u0103 \u0219i...","og_url":"https:\/\/shopatoa.com\/ro\/gowipes-flushable-wet-wipes-hartie-igienica-umeda-pentru-piele-sensibila-pentru-copii-44-buc\/","og_site_name":"SHOPATOA","article_modified_time":"2025-12-11T12:26:11+00:00","og_image":[{"width":800,"height":800,"url":"https:\/\/storage.googleapis.com\/cz-shopatoa-img\/ro\/e1b3d57a-unnamed-file.webp","type":"image\/webp"}],"twitter_card":"summary_large_image","twitter_misc":{"Timp estimat pentru citire":"1 minut"},"schema":{"@context":"https:\/\/schema.org","@graph":[{"@type":"WebPage","@id":"https:\/\/shopatoa.com\/ro\/gowipes-flushable-wet-wipes-hartie-igienica-umeda-pentru-piele-sensibila-pentru-copii-44-buc\/","url":"https:\/\/shopatoa.com\/ro\/gowipes-flushable-wet-wipes-hartie-igienica-umeda-pentru-piele-sensibila-pentru-copii-44-buc\/","name":"GoWipes Flushable Wet Wipes h\u00e2rtie igienic\u0103 umed\u0103 pentru piele sensibila pentru copii 44 buc - SHOPATOA.COM","isPartOf":{"@id":"https:\/\/shopatoa.com\/ro\/#website"},"primaryImageOfPage":{"@id":"https:\/\/shopatoa.com\/ro\/gowipes-flushable-wet-wipes-hartie-igienica-umeda-pentru-piele-sensibila-pentru-copii-44-buc\/#primaryimage"},"image":{"@id":"https:\/\/shopatoa.com\/ro\/gowipes-flushable-wet-wipes-hartie-igienica-umeda-pentru-piele-sensibila-pentru-copii-44-buc\/#primaryimage"},"thumbnailUrl":"https:\/\/storage.googleapis.com\/cz-shopatoa-img\/ro\/e1b3d57a-unnamed-file.webp","datePublished":"2025-06-21T17:27:58+00:00","dateModified":"2025-12-11T12:26:11+00:00","breadcrumb":{"@id":"https:\/\/shopatoa.com\/ro\/gowipes-flushable-wet-wipes-hartie-igienica-umeda-pentru-piele-sensibila-pentru-copii-44-buc\/#breadcrumb"},"inLanguage":"ro-RO","potentialAction":[{"@type":"ReadAction","target":["https:\/\/shopatoa.com\/ro\/gowipes-flushable-wet-wipes-hartie-igienica-umeda-pentru-piele-sensibila-pentru-copii-44-buc\/"]}]},{"@type":"ImageObject","inLanguage":"ro-RO","@id":"https:\/\/shopatoa.com\/ro\/gowipes-flushable-wet-wipes-hartie-igienica-umeda-pentru-piele-sensibila-pentru-copii-44-buc\/#primaryimage","url":"https:\/\/storage.googleapis.com\/cz-shopatoa-img\/ro\/e1b3d57a-unnamed-file.webp","contentUrl":"https:\/\/storage.googleapis.com\/cz-shopatoa-img\/ro\/e1b3d57a-unnamed-file.webp","width":800,"height":800},{"@type":"BreadcrumbList","@id":"https:\/\/shopatoa.com\/ro\/gowipes-flushable-wet-wipes-hartie-igienica-umeda-pentru-piele-sensibila-pentru-copii-44-buc\/#breadcrumb","itemListElement":[{"@type":"ListItem","position":1,"name":"Dom\u016f","item":"https:\/\/shopatoa.com\/ro\/"},{"@type":"ListItem","position":2,"name":"Shop","item":"https:\/\/shopatoa.com\/ro\/shop\/"},{"@type":"ListItem","position":3,"name":"S\u0103n\u0103tate &amp; Frumuse\u021be","item":"https:\/\/shopatoa.com\/ro\/sanatate-frumusete\/"},{"@type":"ListItem","position":4,"name":"\u00cengrijire personal\u0103","item":"https:\/\/shopatoa.com\/ro\/ingrijire-personala-sanatate-frumusete\/"},{"@type":"ListItem","position":5,"name":"Cosmetice","item":"https:\/\/shopatoa.com\/ro\/cosmetice-ingrijire-personala-sanatate-frumusete\/"},{"@type":"ListItem","position":6,"name":"Baie &amp; Corp","item":"https:\/\/shopatoa.com\/ro\/baie-corp\/"},{"@type":"ListItem","position":7,"name":"\u0218erve\u021bele igienice pentru adul\u021bi","item":"https:\/\/shopatoa.com\/ro\/servetele-igienice-pentru-adulti\/"},{"@type":"ListItem","position":8,"name":"GoWipes Flushable Wet Wipes h\u00e2rtie igienic\u0103 umed\u0103 pentru piele sensibila pentru copii 44 buc"}]},{"@type":"WebSite","@id":"https:\/\/shopatoa.com\/ro\/#website","url":"https:\/\/shopatoa.com\/ro\/","name":"SHOPATOA","description":"","publisher":{"@id":"https:\/\/shopatoa.com\/ro\/#organization"},"potentialAction":[{"@type":"SearchAction","target":{"@type":"EntryPoint","urlTemplate":"https:\/\/shopatoa.com\/ro\/?s={search_term_string}"},"query-input":{"@type":"PropertyValueSpecification","valueRequired":true,"valueName":"search_term_string"}}],"inLanguage":"ro-RO"},{"@type":"Organization","@id":"https:\/\/shopatoa.com\/ro\/#organization","name":"SHOPATOA","url":"https:\/\/shopatoa.com\/ro\/","logo":{"@type":"ImageObject","inLanguage":"ro-RO","@id":"https:\/\/shopatoa.com\/ro\/#\/schema\/logo\/image\/","url":"https:\/\/storage.googleapis.com\/cz-shopatoa-img\/ro\/b4dac915-shopatoa_logo.png","contentUrl":"https:\/\/storage.googleapis.com\/cz-shopatoa-img\/ro\/b4dac915-shopatoa_logo.png","width":416,"height":63,"caption":"SHOPATOA"},"image":{"@id":"https:\/\/shopatoa.com\/ro\/#\/schema\/logo\/image\/"}}]}},"_links":{"self":[{"href":"https:\/\/shopatoa.com\/ro\/wp-json\/wp\/v2\/product\/426222","targetHints":{"allow":["GET"]}}],"collection":[{"href":"https:\/\/shopatoa.com\/ro\/wp-json\/wp\/v2\/product"}],"about":[{"href":"https:\/\/shopatoa.com\/ro\/wp-json\/wp\/v2\/types\/product"}],"replies":[{"embeddable":true,"href":"https:\/\/shopatoa.com\/ro\/wp-json\/wp\/v2\/comments?post=426222"}],"wp:featuredmedia":[{"embeddable":true,"href":"https:\/\/shopatoa.com\/ro\/wp-json\/wp\/v2\/media\/426223"}],"wp:attachment":[{"href":"https:\/\/shopatoa.com\/ro\/wp-json\/wp\/v2\/media?parent=426222"}],"wp:term":[{"taxonomy":"product_brand","embeddable":true,"href":"https:\/\/shopatoa.com\/ro\/wp-json\/wp\/v2\/product_brand?post=426222"},{"taxonomy":"product_cat","embeddable":true,"href":"https:\/\/shopatoa.com\/ro\/wp-json\/wp\/v2\/product_cat?post=426222"},{"taxonomy":"product_tag","embeddable":true,"href":"https:\/\/shopatoa.com\/ro\/wp-json\/wp\/v2\/product_tag?post=426222"}],"curies":[{"name":"wp","href":"https:\/\/api.w.org\/{rel}","templated":true}]}}