{"id":426778,"date":"2025-06-21T20:13:58","date_gmt":"2025-06-21T18:13:58","guid":{"rendered":"https:\/\/shopatoa.com\/ro\/castelbel-sardine-set-set-cadou\/"},"modified":"2025-12-11T10:36:01","modified_gmt":"2025-12-11T09:36:01","slug":"castelbel-sardine-set-set-cadou","status":"publish","type":"product","link":"https:\/\/shopatoa.com\/ro\/castelbel-sardine-set-set-cadou\/","title":{"rendered":"Castelbel Sardine Set set cadou"},"content":{"rendered":"<p>Castelbel Sardine Set, 1 buc, Seturi cadou pentru femei, Parfuma\u021bi-v\u0103 c\u0103minul sau oferi\u021bi cuiva drag un elegant parfum de interior. \u00cen ambele cazuri, cu setul cadou Castelbel Sardine Set, succesul este garantat. Un parfum de interior bine ales induce o senza\u021bie de calm \u0219i de confort \u0219i v\u0103 ajut\u0103 s\u0103 crea\u021bi o ambian\u021b\u0103 pl\u0103cut\u0103 \u0219i primitoare.  Caracteristici:  parfum proasp\u0103t parfum citric ideal de oferit cadou ambalaj luxos un accesoriu decorativ de lux, pentru orice \u00eenc\u0103pere  Setul con\u021bine:  Soap Candle Kitchen Cloth Bookmarker  Cum se utilizeaz\u0103: Se aplic\u0103 s\u0103punul pe piele, se spumeaz\u0103 delicat \u0219i se maseaz\u0103. Se cl\u0103te\u0219te cu ap\u0103 c\u0103ldu\u021b\u0103. Lum\u00e2narea se plaseaz\u0103 pe o suprafa\u021b\u0103 rezistent\u0103 la c\u0103ldur\u0103. Nu se las\u0103 s\u0103 ard\u0103 mai mult de 4 ore. Lum\u00e2narea aprins\u0103 nu se las\u0103 niciodat\u0103 s\u0103 ard\u0103 p\u00e2n\u0103 la cap\u0103t, nesupravegheat\u0103 \u0219i \u00een apropierea obiectelor u\u0219or inflamabile. A nu se l\u0103sa la \u00eendem\u00e2na copiilor \u0219i a animalelor de companie. L\u0103sa\u021bi lum\u00e2narea s\u0103 ard\u0103, cel pu\u021bin p\u00e2n\u0103 c\u00e2nd se tope\u0219te tot stratul superior. Preveni\u021bi astfel formarea unor ad\u00e2ncituri nedorite \u00een suprafa\u021ba de cear\u0103. Pentru o ardere optim\u0103, recomand\u0103m scurtarea regulat\u0103 a fitilului la lungimea recomandat\u0103.<\/p>\n","protected":false},"excerpt":{"rendered":"<p>Castelbel Sardine Set, 1 buc, Seturi cadou pentru femei, Parfuma\u021bi-v\u0103 c\u0103minul sau oferi\u021bi cuiva drag un elegant parfum de interior. \u00cen ambele cazuri, cu setul cadou Castelbel Sardine Set, succesul este garantat. Un parfum de interior bine ales induce o senza\u021bie de calm \u0219i de confort \u0219i v\u0103 ajut\u0103 s\u0103 crea\u021bi o ambian\u021b\u0103 pl\u0103cut\u0103 \u0219i&#8230;<\/p>\n","protected":false},"featured_media":426779,"comment_status":"closed","ping_status":"open","template":"","meta":{"_acf_changed":false,"_kadence_starter_templates_imported_post":false,"_kad_post_transparent":"","_kad_post_title":"","_kad_post_layout":"","_kad_post_sidebar_id":"","_kad_post_content_style":"","_kad_post_vertical_padding":"","_kad_post_feature":"","_kad_post_feature_position":"","_kad_post_header":false,"_kad_post_footer":false,"_kad_post_classname":""},"product_brand":[2381],"product_cat":[1570,1564,1563,1562,1573],"product_tag":[],"class_list":{"0":"post-426778","1":"product","2":"type-product","3":"status-publish","4":"has-post-thumbnail","6":"product_brand-castelbel","7":"product_cat-baie-si-corp","8":"product_cat-cosmetice-ingrijire-personala","9":"product_cat-ingrijire-personala","10":"product_cat-sanatate-si-frumusete","11":"product_cat-sapun-solid","12":"pa_gen-female","13":"pa_marime-1-buc","15":"first","16":"instock","17":"sale","18":"product-type-external","19":"entry","20":"content-bg","21":"loop-entry"},"acf":[],"yoast_head":"<!-- This site is optimized with the Yoast SEO plugin v27.4 - https:\/\/yoast.com\/product\/yoast-seo-wordpress\/ -->\n<title>Castelbel Sardine Set set cadou - SHOPATOA.COM<\/title>\n<meta name=\"robots\" content=\"index, follow, max-snippet:-1, max-image-preview:large, max-video-preview:-1\" \/>\n<link rel=\"canonical\" href=\"https:\/\/shopatoa.com\/ro\/castelbel-sardine-set-set-cadou\/\" \/>\n<meta property=\"og:locale\" content=\"ro_RO\" \/>\n<meta property=\"og:type\" content=\"article\" \/>\n<meta property=\"og:title\" content=\"Castelbel Sardine Set set cadou - SHOPATOA.COM\" \/>\n<meta property=\"og:description\" content=\"Castelbel Sardine Set, 1 buc, Seturi cadou pentru femei, Parfuma\u021bi-v\u0103 c\u0103minul sau oferi\u021bi cuiva drag un elegant parfum de interior. \u00cen ambele cazuri, cu setul cadou Castelbel Sardine Set, succesul este garantat. Un parfum de interior bine ales induce o senza\u021bie de calm \u0219i de confort \u0219i v\u0103 ajut\u0103 s\u0103 crea\u021bi o ambian\u021b\u0103 pl\u0103cut\u0103 \u0219i...\" \/>\n<meta property=\"og:url\" content=\"https:\/\/shopatoa.com\/ro\/castelbel-sardine-set-set-cadou\/\" \/>\n<meta property=\"og:site_name\" content=\"SHOPATOA\" \/>\n<meta property=\"article:modified_time\" content=\"2025-12-11T09:36:01+00:00\" \/>\n<meta property=\"og:image\" content=\"https:\/\/storage.googleapis.com\/cz-shopatoa-img\/ro\/b0fab168-unnamed-file.webp\" \/>\n\t<meta property=\"og:image:width\" content=\"800\" \/>\n\t<meta property=\"og:image:height\" content=\"800\" \/>\n\t<meta property=\"og:image:type\" content=\"image\/webp\" \/>\n<meta name=\"twitter:card\" content=\"summary_large_image\" \/>\n<meta name=\"twitter:label1\" content=\"Timp estimat pentru citire\" \/>\n\t<meta name=\"twitter:data1\" content=\"1 minut\" \/>\n<script type=\"application\/ld+json\" class=\"yoast-schema-graph\">{\"@context\":\"https:\\\/\\\/schema.org\",\"@graph\":[{\"@type\":\"WebPage\",\"@id\":\"https:\\\/\\\/shopatoa.com\\\/ro\\\/castelbel-sardine-set-set-cadou\\\/\",\"url\":\"https:\\\/\\\/shopatoa.com\\\/ro\\\/castelbel-sardine-set-set-cadou\\\/\",\"name\":\"Castelbel Sardine Set set cadou - SHOPATOA.COM\",\"isPartOf\":{\"@id\":\"https:\\\/\\\/shopatoa.com\\\/ro\\\/#website\"},\"primaryImageOfPage\":{\"@id\":\"https:\\\/\\\/shopatoa.com\\\/ro\\\/castelbel-sardine-set-set-cadou\\\/#primaryimage\"},\"image\":{\"@id\":\"https:\\\/\\\/shopatoa.com\\\/ro\\\/castelbel-sardine-set-set-cadou\\\/#primaryimage\"},\"thumbnailUrl\":\"https:\\\/\\\/storage.googleapis.com\\\/cz-shopatoa-img\\\/ro\\\/b0fab168-unnamed-file.webp\",\"datePublished\":\"2025-06-21T18:13:58+00:00\",\"dateModified\":\"2025-12-11T09:36:01+00:00\",\"breadcrumb\":{\"@id\":\"https:\\\/\\\/shopatoa.com\\\/ro\\\/castelbel-sardine-set-set-cadou\\\/#breadcrumb\"},\"inLanguage\":\"ro-RO\",\"potentialAction\":[{\"@type\":\"ReadAction\",\"target\":[\"https:\\\/\\\/shopatoa.com\\\/ro\\\/castelbel-sardine-set-set-cadou\\\/\"]}]},{\"@type\":\"ImageObject\",\"inLanguage\":\"ro-RO\",\"@id\":\"https:\\\/\\\/shopatoa.com\\\/ro\\\/castelbel-sardine-set-set-cadou\\\/#primaryimage\",\"url\":\"https:\\\/\\\/storage.googleapis.com\\\/cz-shopatoa-img\\\/ro\\\/b0fab168-unnamed-file.webp\",\"contentUrl\":\"https:\\\/\\\/storage.googleapis.com\\\/cz-shopatoa-img\\\/ro\\\/b0fab168-unnamed-file.webp\",\"width\":800,\"height\":800},{\"@type\":\"BreadcrumbList\",\"@id\":\"https:\\\/\\\/shopatoa.com\\\/ro\\\/castelbel-sardine-set-set-cadou\\\/#breadcrumb\",\"itemListElement\":[{\"@type\":\"ListItem\",\"position\":1,\"name\":\"Dom\u016f\",\"item\":\"https:\\\/\\\/shopatoa.com\\\/ro\\\/\"},{\"@type\":\"ListItem\",\"position\":2,\"name\":\"Shop\",\"item\":\"https:\\\/\\\/shopatoa.com\\\/ro\\\/shop\\\/\"},{\"@type\":\"ListItem\",\"position\":3,\"name\":\"S\u0103n\u0103tate \u0219i frumuse\u021be\",\"item\":\"https:\\\/\\\/shopatoa.com\\\/ro\\\/sanatate-si-frumusete\\\/\"},{\"@type\":\"ListItem\",\"position\":4,\"name\":\"\u00cengrijire personal\u0103\",\"item\":\"https:\\\/\\\/shopatoa.com\\\/ro\\\/ingrijire-personala\\\/\"},{\"@type\":\"ListItem\",\"position\":5,\"name\":\"Cosmetice\",\"item\":\"https:\\\/\\\/shopatoa.com\\\/ro\\\/cosmetice-ingrijire-personala\\\/\"},{\"@type\":\"ListItem\",\"position\":6,\"name\":\"Baie \u0219i corp\",\"item\":\"https:\\\/\\\/shopatoa.com\\\/ro\\\/baie-si-corp\\\/\"},{\"@type\":\"ListItem\",\"position\":7,\"name\":\"S\u0103pun solid\",\"item\":\"https:\\\/\\\/shopatoa.com\\\/ro\\\/sapun-solid\\\/\"},{\"@type\":\"ListItem\",\"position\":8,\"name\":\"Castelbel Sardine Set set cadou\"}]},{\"@type\":\"WebSite\",\"@id\":\"https:\\\/\\\/shopatoa.com\\\/ro\\\/#website\",\"url\":\"https:\\\/\\\/shopatoa.com\\\/ro\\\/\",\"name\":\"SHOPATOA\",\"description\":\"\",\"publisher\":{\"@id\":\"https:\\\/\\\/shopatoa.com\\\/ro\\\/#organization\"},\"potentialAction\":[{\"@type\":\"SearchAction\",\"target\":{\"@type\":\"EntryPoint\",\"urlTemplate\":\"https:\\\/\\\/shopatoa.com\\\/ro\\\/?s={search_term_string}\"},\"query-input\":{\"@type\":\"PropertyValueSpecification\",\"valueRequired\":true,\"valueName\":\"search_term_string\"}}],\"inLanguage\":\"ro-RO\"},{\"@type\":\"Organization\",\"@id\":\"https:\\\/\\\/shopatoa.com\\\/ro\\\/#organization\",\"name\":\"SHOPATOA\",\"url\":\"https:\\\/\\\/shopatoa.com\\\/ro\\\/\",\"logo\":{\"@type\":\"ImageObject\",\"inLanguage\":\"ro-RO\",\"@id\":\"https:\\\/\\\/shopatoa.com\\\/ro\\\/#\\\/schema\\\/logo\\\/image\\\/\",\"url\":\"https:\\\/\\\/storage.googleapis.com\\\/cz-shopatoa-img\\\/ro\\\/b4dac915-shopatoa_logo.png\",\"contentUrl\":\"https:\\\/\\\/storage.googleapis.com\\\/cz-shopatoa-img\\\/ro\\\/b4dac915-shopatoa_logo.png\",\"width\":416,\"height\":63,\"caption\":\"SHOPATOA\"},\"image\":{\"@id\":\"https:\\\/\\\/shopatoa.com\\\/ro\\\/#\\\/schema\\\/logo\\\/image\\\/\"}}]}<\/script>\n<!-- \/ Yoast SEO plugin. -->","yoast_head_json":{"title":"Castelbel Sardine Set set cadou - SHOPATOA.COM","robots":{"index":"index","follow":"follow","max-snippet":"max-snippet:-1","max-image-preview":"max-image-preview:large","max-video-preview":"max-video-preview:-1"},"canonical":"https:\/\/shopatoa.com\/ro\/castelbel-sardine-set-set-cadou\/","og_locale":"ro_RO","og_type":"article","og_title":"Castelbel Sardine Set set cadou - SHOPATOA.COM","og_description":"Castelbel Sardine Set, 1 buc, Seturi cadou pentru femei, Parfuma\u021bi-v\u0103 c\u0103minul sau oferi\u021bi cuiva drag un elegant parfum de interior. \u00cen ambele cazuri, cu setul cadou Castelbel Sardine Set, succesul este garantat. Un parfum de interior bine ales induce o senza\u021bie de calm \u0219i de confort \u0219i v\u0103 ajut\u0103 s\u0103 crea\u021bi o ambian\u021b\u0103 pl\u0103cut\u0103 \u0219i...","og_url":"https:\/\/shopatoa.com\/ro\/castelbel-sardine-set-set-cadou\/","og_site_name":"SHOPATOA","article_modified_time":"2025-12-11T09:36:01+00:00","og_image":[{"width":800,"height":800,"url":"https:\/\/storage.googleapis.com\/cz-shopatoa-img\/ro\/b0fab168-unnamed-file.webp","type":"image\/webp"}],"twitter_card":"summary_large_image","twitter_misc":{"Timp estimat pentru citire":"1 minut"},"schema":{"@context":"https:\/\/schema.org","@graph":[{"@type":"WebPage","@id":"https:\/\/shopatoa.com\/ro\/castelbel-sardine-set-set-cadou\/","url":"https:\/\/shopatoa.com\/ro\/castelbel-sardine-set-set-cadou\/","name":"Castelbel Sardine Set set cadou - SHOPATOA.COM","isPartOf":{"@id":"https:\/\/shopatoa.com\/ro\/#website"},"primaryImageOfPage":{"@id":"https:\/\/shopatoa.com\/ro\/castelbel-sardine-set-set-cadou\/#primaryimage"},"image":{"@id":"https:\/\/shopatoa.com\/ro\/castelbel-sardine-set-set-cadou\/#primaryimage"},"thumbnailUrl":"https:\/\/storage.googleapis.com\/cz-shopatoa-img\/ro\/b0fab168-unnamed-file.webp","datePublished":"2025-06-21T18:13:58+00:00","dateModified":"2025-12-11T09:36:01+00:00","breadcrumb":{"@id":"https:\/\/shopatoa.com\/ro\/castelbel-sardine-set-set-cadou\/#breadcrumb"},"inLanguage":"ro-RO","potentialAction":[{"@type":"ReadAction","target":["https:\/\/shopatoa.com\/ro\/castelbel-sardine-set-set-cadou\/"]}]},{"@type":"ImageObject","inLanguage":"ro-RO","@id":"https:\/\/shopatoa.com\/ro\/castelbel-sardine-set-set-cadou\/#primaryimage","url":"https:\/\/storage.googleapis.com\/cz-shopatoa-img\/ro\/b0fab168-unnamed-file.webp","contentUrl":"https:\/\/storage.googleapis.com\/cz-shopatoa-img\/ro\/b0fab168-unnamed-file.webp","width":800,"height":800},{"@type":"BreadcrumbList","@id":"https:\/\/shopatoa.com\/ro\/castelbel-sardine-set-set-cadou\/#breadcrumb","itemListElement":[{"@type":"ListItem","position":1,"name":"Dom\u016f","item":"https:\/\/shopatoa.com\/ro\/"},{"@type":"ListItem","position":2,"name":"Shop","item":"https:\/\/shopatoa.com\/ro\/shop\/"},{"@type":"ListItem","position":3,"name":"S\u0103n\u0103tate \u0219i frumuse\u021be","item":"https:\/\/shopatoa.com\/ro\/sanatate-si-frumusete\/"},{"@type":"ListItem","position":4,"name":"\u00cengrijire personal\u0103","item":"https:\/\/shopatoa.com\/ro\/ingrijire-personala\/"},{"@type":"ListItem","position":5,"name":"Cosmetice","item":"https:\/\/shopatoa.com\/ro\/cosmetice-ingrijire-personala\/"},{"@type":"ListItem","position":6,"name":"Baie \u0219i corp","item":"https:\/\/shopatoa.com\/ro\/baie-si-corp\/"},{"@type":"ListItem","position":7,"name":"S\u0103pun solid","item":"https:\/\/shopatoa.com\/ro\/sapun-solid\/"},{"@type":"ListItem","position":8,"name":"Castelbel Sardine Set set cadou"}]},{"@type":"WebSite","@id":"https:\/\/shopatoa.com\/ro\/#website","url":"https:\/\/shopatoa.com\/ro\/","name":"SHOPATOA","description":"","publisher":{"@id":"https:\/\/shopatoa.com\/ro\/#organization"},"potentialAction":[{"@type":"SearchAction","target":{"@type":"EntryPoint","urlTemplate":"https:\/\/shopatoa.com\/ro\/?s={search_term_string}"},"query-input":{"@type":"PropertyValueSpecification","valueRequired":true,"valueName":"search_term_string"}}],"inLanguage":"ro-RO"},{"@type":"Organization","@id":"https:\/\/shopatoa.com\/ro\/#organization","name":"SHOPATOA","url":"https:\/\/shopatoa.com\/ro\/","logo":{"@type":"ImageObject","inLanguage":"ro-RO","@id":"https:\/\/shopatoa.com\/ro\/#\/schema\/logo\/image\/","url":"https:\/\/storage.googleapis.com\/cz-shopatoa-img\/ro\/b4dac915-shopatoa_logo.png","contentUrl":"https:\/\/storage.googleapis.com\/cz-shopatoa-img\/ro\/b4dac915-shopatoa_logo.png","width":416,"height":63,"caption":"SHOPATOA"},"image":{"@id":"https:\/\/shopatoa.com\/ro\/#\/schema\/logo\/image\/"}}]}},"_links":{"self":[{"href":"https:\/\/shopatoa.com\/ro\/wp-json\/wp\/v2\/product\/426778","targetHints":{"allow":["GET"]}}],"collection":[{"href":"https:\/\/shopatoa.com\/ro\/wp-json\/wp\/v2\/product"}],"about":[{"href":"https:\/\/shopatoa.com\/ro\/wp-json\/wp\/v2\/types\/product"}],"replies":[{"embeddable":true,"href":"https:\/\/shopatoa.com\/ro\/wp-json\/wp\/v2\/comments?post=426778"}],"wp:featuredmedia":[{"embeddable":true,"href":"https:\/\/shopatoa.com\/ro\/wp-json\/wp\/v2\/media\/426779"}],"wp:attachment":[{"href":"https:\/\/shopatoa.com\/ro\/wp-json\/wp\/v2\/media?parent=426778"}],"wp:term":[{"taxonomy":"product_brand","embeddable":true,"href":"https:\/\/shopatoa.com\/ro\/wp-json\/wp\/v2\/product_brand?post=426778"},{"taxonomy":"product_cat","embeddable":true,"href":"https:\/\/shopatoa.com\/ro\/wp-json\/wp\/v2\/product_cat?post=426778"},{"taxonomy":"product_tag","embeddable":true,"href":"https:\/\/shopatoa.com\/ro\/wp-json\/wp\/v2\/product_tag?post=426778"}],"curies":[{"name":"wp","href":"https:\/\/api.w.org\/{rel}","templated":true}]}}