{"id":426790,"date":"2025-06-21T20:15:34","date_gmt":"2025-06-21T18:15:34","guid":{"rendered":"https:\/\/shopatoa.com\/ro\/innogio-giogiraffe-spare-heads-for-sonic-toothbrush-capete-de-schimb-pentru-baterie-sonic-periuta-de-dinti-pentru-copii-giogiraffe-sonic-toothbrush-bl\/"},"modified":"2025-09-27T19:59:41","modified_gmt":"2025-09-27T17:59:41","slug":"innogio-giogiraffe-spare-heads-for-sonic-toothbrush-capete-de-schimb-pentru-baterie-sonic-periuta-de-dinti-pentru-copii-giogiraffe-sonic-toothbrush-bl","status":"publish","type":"product","link":"https:\/\/shopatoa.com\/ro\/innogio-giogiraffe-spare-heads-for-sonic-toothbrush-capete-de-schimb-pentru-baterie-sonic-periuta-de-dinti-pentru-copii-giogiraffe-sonic-toothbrush-bl\/","title":{"rendered":"innoGIO GIOGiraffe Spare Heads for Sonic Toothbrush Capete de schimb pentru baterie sonic periuta de dinti pentru copii GIOGiraffe Sonic Toothbrush Bl"},"content":{"rendered":"<p>innoGIO GIOGiraffe Spare Heads for Sonic Toothbrush, 2 buc, Capete de rezerv\u0103 pentru periu\u021bele de din\u021bi pentru pentru copii, M\u00e2ndri\u021bi-v\u0103 cu un z\u00e2mbet str\u0103lucitor \u0219i cu din\u021bi perfect cura\u021bi. Capul de rezerv\u0103 al periu\u021bei de din\u021bi innoGIO GIOGiraffe Spare Heads for Sonic Toothbrush asigur\u0103 rezultate excelente \u00een igiena bucal\u0103. \u00cenlocuirea sa periodic\u0103 garanteaz\u0103 \u00een continuare o cur\u0103\u021bare a din\u021bilor la fel de eficient\u0103 ca \u0219i cu o periu\u021b\u0103 nou\u0103.  Caracteristici:  sp\u0103larea este comod\u0103, rapid\u0103 \u0219i distractiv\u0103 se \u021bine comod \u00een m\u00e2n\u0103 are un design vesel, pentru copii \u00cendep\u0103rteaz\u0103 de pe din\u021bii copilului resturile alimentare \u0219i colora\u021biile de la b\u0103uturi \u0219i de la dulciuri confortabil \u0219i u\u0219or de manipulat u\u0219or de schimbat men\u021bine gingiile s\u0103n\u0103toase  Cum se utilizeaz\u0103: Se insereaz\u0103 capul de rezerv\u0103 pe periu\u021ba compatibil\u0103, p\u00e2n\u0103 c\u00e2nd se aude clicul de fixare. \u00cenlocui\u021bi cu regularitate capul periei, ideal la fiecare 3 luni.<\/p>\n","protected":false},"excerpt":{"rendered":"<p>innoGIO GIOGiraffe Spare Heads for Sonic Toothbrush, 2 buc, Capete de rezerv\u0103 pentru periu\u021bele de din\u021bi pentru pentru copii, M\u00e2ndri\u021bi-v\u0103 cu un z\u00e2mbet str\u0103lucitor \u0219i cu din\u021bi perfect cura\u021bi. Capul de rezerv\u0103 al periu\u021bei de din\u021bi innoGIO GIOGiraffe Spare Heads for Sonic Toothbrush asigur\u0103 rezultate excelente \u00een igiena bucal\u0103. \u00cenlocuirea sa periodic\u0103 garanteaz\u0103 \u00een continuare&#8230;<\/p>\n","protected":false},"featured_media":426791,"comment_status":"closed","ping_status":"open","template":"","meta":{"_acf_changed":false,"_kadence_starter_templates_imported_post":false,"_kad_post_transparent":"","_kad_post_title":"","_kad_post_layout":"","_kad_post_sidebar_id":"","_kad_post_content_style":"","_kad_post_vertical_padding":"","_kad_post_feature":"","_kad_post_feature_position":"","_kad_post_header":false,"_kad_post_footer":false,"_kad_post_classname":""},"product_brand":[2410],"product_cat":[1960,1961,1605,1563,1562],"product_tag":[],"class_list":{"0":"post-426790","1":"product","2":"type-product","3":"status-publish","4":"has-post-thumbnail","6":"product_brand-innogio","7":"product_cat-accesorii-pentru-periute-de-dinti","8":"product_cat-capete-de-periuta-de-dinti-de-schimb","9":"product_cat-ingrijire-orala","10":"product_cat-ingrijire-personala","11":"product_cat-sanatate-si-frumusete","12":"pa_gen-unisex","13":"pa_marime-2-buc","15":"first","16":"instock","17":"sale","18":"product-type-external","19":"entry","20":"content-bg","21":"loop-entry"},"acf":[],"yoast_head":"<!-- This site is optimized with the Yoast SEO plugin v27.4 - https:\/\/yoast.com\/product\/yoast-seo-wordpress\/ -->\n<title>innoGIO GIOGiraffe Spare Heads for Sonic Toothbrush Capete de schimb pentru baterie sonic periuta de dinti pentru copii GIOGiraffe Sonic Toothbrush Bl - SHOPATOA.COM<\/title>\n<meta name=\"robots\" content=\"index, follow, max-snippet:-1, max-image-preview:large, max-video-preview:-1\" \/>\n<link rel=\"canonical\" href=\"https:\/\/shopatoa.com\/ro\/innogio-giogiraffe-spare-heads-for-sonic-toothbrush-capete-de-schimb-pentru-baterie-sonic-periuta-de-dinti-pentru-copii-giogiraffe-sonic-toothbrush-bl\/\" \/>\n<meta property=\"og:locale\" content=\"ro_RO\" \/>\n<meta property=\"og:type\" content=\"article\" \/>\n<meta property=\"og:title\" content=\"innoGIO GIOGiraffe Spare Heads for Sonic Toothbrush Capete de schimb pentru baterie sonic periuta de dinti pentru copii GIOGiraffe Sonic Toothbrush Bl - SHOPATOA.COM\" \/>\n<meta property=\"og:description\" content=\"innoGIO GIOGiraffe Spare Heads for Sonic Toothbrush, 2 buc, Capete de rezerv\u0103 pentru periu\u021bele de din\u021bi pentru pentru copii, M\u00e2ndri\u021bi-v\u0103 cu un z\u00e2mbet str\u0103lucitor \u0219i cu din\u021bi perfect cura\u021bi. Capul de rezerv\u0103 al periu\u021bei de din\u021bi innoGIO GIOGiraffe Spare Heads for Sonic Toothbrush asigur\u0103 rezultate excelente \u00een igiena bucal\u0103. \u00cenlocuirea sa periodic\u0103 garanteaz\u0103 \u00een continuare...\" \/>\n<meta property=\"og:url\" content=\"https:\/\/shopatoa.com\/ro\/innogio-giogiraffe-spare-heads-for-sonic-toothbrush-capete-de-schimb-pentru-baterie-sonic-periuta-de-dinti-pentru-copii-giogiraffe-sonic-toothbrush-bl\/\" \/>\n<meta property=\"og:site_name\" content=\"SHOPATOA\" \/>\n<meta property=\"article:modified_time\" content=\"2025-09-27T17:59:41+00:00\" \/>\n<meta property=\"og:image\" content=\"https:\/\/storage.googleapis.com\/cz-shopatoa-img\/ro\/1441a7ea-unnamed-file.webp\" \/>\n\t<meta property=\"og:image:width\" content=\"800\" \/>\n\t<meta property=\"og:image:height\" content=\"800\" \/>\n\t<meta property=\"og:image:type\" content=\"image\/webp\" \/>\n<meta name=\"twitter:card\" content=\"summary_large_image\" \/>\n<meta name=\"twitter:label1\" content=\"Timp estimat pentru citire\" \/>\n\t<meta name=\"twitter:data1\" content=\"1 minut\" \/>\n<script type=\"application\/ld+json\" class=\"yoast-schema-graph\">{\"@context\":\"https:\\\/\\\/schema.org\",\"@graph\":[{\"@type\":\"WebPage\",\"@id\":\"https:\\\/\\\/shopatoa.com\\\/ro\\\/innogio-giogiraffe-spare-heads-for-sonic-toothbrush-capete-de-schimb-pentru-baterie-sonic-periuta-de-dinti-pentru-copii-giogiraffe-sonic-toothbrush-bl\\\/\",\"url\":\"https:\\\/\\\/shopatoa.com\\\/ro\\\/innogio-giogiraffe-spare-heads-for-sonic-toothbrush-capete-de-schimb-pentru-baterie-sonic-periuta-de-dinti-pentru-copii-giogiraffe-sonic-toothbrush-bl\\\/\",\"name\":\"innoGIO GIOGiraffe Spare Heads for Sonic Toothbrush Capete de schimb pentru baterie sonic periuta de dinti pentru copii GIOGiraffe Sonic Toothbrush Bl - SHOPATOA.COM\",\"isPartOf\":{\"@id\":\"https:\\\/\\\/shopatoa.com\\\/ro\\\/#website\"},\"primaryImageOfPage\":{\"@id\":\"https:\\\/\\\/shopatoa.com\\\/ro\\\/innogio-giogiraffe-spare-heads-for-sonic-toothbrush-capete-de-schimb-pentru-baterie-sonic-periuta-de-dinti-pentru-copii-giogiraffe-sonic-toothbrush-bl\\\/#primaryimage\"},\"image\":{\"@id\":\"https:\\\/\\\/shopatoa.com\\\/ro\\\/innogio-giogiraffe-spare-heads-for-sonic-toothbrush-capete-de-schimb-pentru-baterie-sonic-periuta-de-dinti-pentru-copii-giogiraffe-sonic-toothbrush-bl\\\/#primaryimage\"},\"thumbnailUrl\":\"https:\\\/\\\/storage.googleapis.com\\\/cz-shopatoa-img\\\/ro\\\/1441a7ea-unnamed-file.webp\",\"datePublished\":\"2025-06-21T18:15:34+00:00\",\"dateModified\":\"2025-09-27T17:59:41+00:00\",\"breadcrumb\":{\"@id\":\"https:\\\/\\\/shopatoa.com\\\/ro\\\/innogio-giogiraffe-spare-heads-for-sonic-toothbrush-capete-de-schimb-pentru-baterie-sonic-periuta-de-dinti-pentru-copii-giogiraffe-sonic-toothbrush-bl\\\/#breadcrumb\"},\"inLanguage\":\"ro-RO\",\"potentialAction\":[{\"@type\":\"ReadAction\",\"target\":[\"https:\\\/\\\/shopatoa.com\\\/ro\\\/innogio-giogiraffe-spare-heads-for-sonic-toothbrush-capete-de-schimb-pentru-baterie-sonic-periuta-de-dinti-pentru-copii-giogiraffe-sonic-toothbrush-bl\\\/\"]}]},{\"@type\":\"ImageObject\",\"inLanguage\":\"ro-RO\",\"@id\":\"https:\\\/\\\/shopatoa.com\\\/ro\\\/innogio-giogiraffe-spare-heads-for-sonic-toothbrush-capete-de-schimb-pentru-baterie-sonic-periuta-de-dinti-pentru-copii-giogiraffe-sonic-toothbrush-bl\\\/#primaryimage\",\"url\":\"https:\\\/\\\/storage.googleapis.com\\\/cz-shopatoa-img\\\/ro\\\/1441a7ea-unnamed-file.webp\",\"contentUrl\":\"https:\\\/\\\/storage.googleapis.com\\\/cz-shopatoa-img\\\/ro\\\/1441a7ea-unnamed-file.webp\",\"width\":800,\"height\":800},{\"@type\":\"BreadcrumbList\",\"@id\":\"https:\\\/\\\/shopatoa.com\\\/ro\\\/innogio-giogiraffe-spare-heads-for-sonic-toothbrush-capete-de-schimb-pentru-baterie-sonic-periuta-de-dinti-pentru-copii-giogiraffe-sonic-toothbrush-bl\\\/#breadcrumb\",\"itemListElement\":[{\"@type\":\"ListItem\",\"position\":1,\"name\":\"Dom\u016f\",\"item\":\"https:\\\/\\\/shopatoa.com\\\/ro\\\/\"},{\"@type\":\"ListItem\",\"position\":2,\"name\":\"Shop\",\"item\":\"https:\\\/\\\/shopatoa.com\\\/ro\\\/shop\\\/\"},{\"@type\":\"ListItem\",\"position\":3,\"name\":\"S\u0103n\u0103tate \u0219i frumuse\u021be\",\"item\":\"https:\\\/\\\/shopatoa.com\\\/ro\\\/sanatate-si-frumusete\\\/\"},{\"@type\":\"ListItem\",\"position\":4,\"name\":\"\u00cengrijire personal\u0103\",\"item\":\"https:\\\/\\\/shopatoa.com\\\/ro\\\/ingrijire-personala\\\/\"},{\"@type\":\"ListItem\",\"position\":5,\"name\":\"\u00cengrijire oral\u0103\",\"item\":\"https:\\\/\\\/shopatoa.com\\\/ro\\\/ingrijire-orala\\\/\"},{\"@type\":\"ListItem\",\"position\":6,\"name\":\"Accesorii pentru periu\u021be de din\u021bi\",\"item\":\"https:\\\/\\\/shopatoa.com\\\/ro\\\/accesorii-pentru-periute-de-dinti\\\/\"},{\"@type\":\"ListItem\",\"position\":7,\"name\":\"Capete de periu\u021b\u0103 de din\u021bi de schimb\",\"item\":\"https:\\\/\\\/shopatoa.com\\\/ro\\\/capete-de-periuta-de-dinti-de-schimb\\\/\"},{\"@type\":\"ListItem\",\"position\":8,\"name\":\"innoGIO GIOGiraffe Spare Heads for Sonic Toothbrush Capete de schimb pentru baterie sonic periuta de dinti pentru copii GIOGiraffe Sonic Toothbrush Bl\"}]},{\"@type\":\"WebSite\",\"@id\":\"https:\\\/\\\/shopatoa.com\\\/ro\\\/#website\",\"url\":\"https:\\\/\\\/shopatoa.com\\\/ro\\\/\",\"name\":\"SHOPATOA\",\"description\":\"\",\"publisher\":{\"@id\":\"https:\\\/\\\/shopatoa.com\\\/ro\\\/#organization\"},\"potentialAction\":[{\"@type\":\"SearchAction\",\"target\":{\"@type\":\"EntryPoint\",\"urlTemplate\":\"https:\\\/\\\/shopatoa.com\\\/ro\\\/?s={search_term_string}\"},\"query-input\":{\"@type\":\"PropertyValueSpecification\",\"valueRequired\":true,\"valueName\":\"search_term_string\"}}],\"inLanguage\":\"ro-RO\"},{\"@type\":\"Organization\",\"@id\":\"https:\\\/\\\/shopatoa.com\\\/ro\\\/#organization\",\"name\":\"SHOPATOA\",\"url\":\"https:\\\/\\\/shopatoa.com\\\/ro\\\/\",\"logo\":{\"@type\":\"ImageObject\",\"inLanguage\":\"ro-RO\",\"@id\":\"https:\\\/\\\/shopatoa.com\\\/ro\\\/#\\\/schema\\\/logo\\\/image\\\/\",\"url\":\"https:\\\/\\\/storage.googleapis.com\\\/cz-shopatoa-img\\\/ro\\\/b4dac915-shopatoa_logo.png\",\"contentUrl\":\"https:\\\/\\\/storage.googleapis.com\\\/cz-shopatoa-img\\\/ro\\\/b4dac915-shopatoa_logo.png\",\"width\":416,\"height\":63,\"caption\":\"SHOPATOA\"},\"image\":{\"@id\":\"https:\\\/\\\/shopatoa.com\\\/ro\\\/#\\\/schema\\\/logo\\\/image\\\/\"}}]}<\/script>\n<!-- \/ Yoast SEO plugin. -->","yoast_head_json":{"title":"innoGIO GIOGiraffe Spare Heads for Sonic Toothbrush Capete de schimb pentru baterie sonic periuta de dinti pentru copii GIOGiraffe Sonic Toothbrush Bl - SHOPATOA.COM","robots":{"index":"index","follow":"follow","max-snippet":"max-snippet:-1","max-image-preview":"max-image-preview:large","max-video-preview":"max-video-preview:-1"},"canonical":"https:\/\/shopatoa.com\/ro\/innogio-giogiraffe-spare-heads-for-sonic-toothbrush-capete-de-schimb-pentru-baterie-sonic-periuta-de-dinti-pentru-copii-giogiraffe-sonic-toothbrush-bl\/","og_locale":"ro_RO","og_type":"article","og_title":"innoGIO GIOGiraffe Spare Heads for Sonic Toothbrush Capete de schimb pentru baterie sonic periuta de dinti pentru copii GIOGiraffe Sonic Toothbrush Bl - SHOPATOA.COM","og_description":"innoGIO GIOGiraffe Spare Heads for Sonic Toothbrush, 2 buc, Capete de rezerv\u0103 pentru periu\u021bele de din\u021bi pentru pentru copii, M\u00e2ndri\u021bi-v\u0103 cu un z\u00e2mbet str\u0103lucitor \u0219i cu din\u021bi perfect cura\u021bi. Capul de rezerv\u0103 al periu\u021bei de din\u021bi innoGIO GIOGiraffe Spare Heads for Sonic Toothbrush asigur\u0103 rezultate excelente \u00een igiena bucal\u0103. \u00cenlocuirea sa periodic\u0103 garanteaz\u0103 \u00een continuare...","og_url":"https:\/\/shopatoa.com\/ro\/innogio-giogiraffe-spare-heads-for-sonic-toothbrush-capete-de-schimb-pentru-baterie-sonic-periuta-de-dinti-pentru-copii-giogiraffe-sonic-toothbrush-bl\/","og_site_name":"SHOPATOA","article_modified_time":"2025-09-27T17:59:41+00:00","og_image":[{"width":800,"height":800,"url":"https:\/\/storage.googleapis.com\/cz-shopatoa-img\/ro\/1441a7ea-unnamed-file.webp","type":"image\/webp"}],"twitter_card":"summary_large_image","twitter_misc":{"Timp estimat pentru citire":"1 minut"},"schema":{"@context":"https:\/\/schema.org","@graph":[{"@type":"WebPage","@id":"https:\/\/shopatoa.com\/ro\/innogio-giogiraffe-spare-heads-for-sonic-toothbrush-capete-de-schimb-pentru-baterie-sonic-periuta-de-dinti-pentru-copii-giogiraffe-sonic-toothbrush-bl\/","url":"https:\/\/shopatoa.com\/ro\/innogio-giogiraffe-spare-heads-for-sonic-toothbrush-capete-de-schimb-pentru-baterie-sonic-periuta-de-dinti-pentru-copii-giogiraffe-sonic-toothbrush-bl\/","name":"innoGIO GIOGiraffe Spare Heads for Sonic Toothbrush Capete de schimb pentru baterie sonic periuta de dinti pentru copii GIOGiraffe Sonic Toothbrush Bl - SHOPATOA.COM","isPartOf":{"@id":"https:\/\/shopatoa.com\/ro\/#website"},"primaryImageOfPage":{"@id":"https:\/\/shopatoa.com\/ro\/innogio-giogiraffe-spare-heads-for-sonic-toothbrush-capete-de-schimb-pentru-baterie-sonic-periuta-de-dinti-pentru-copii-giogiraffe-sonic-toothbrush-bl\/#primaryimage"},"image":{"@id":"https:\/\/shopatoa.com\/ro\/innogio-giogiraffe-spare-heads-for-sonic-toothbrush-capete-de-schimb-pentru-baterie-sonic-periuta-de-dinti-pentru-copii-giogiraffe-sonic-toothbrush-bl\/#primaryimage"},"thumbnailUrl":"https:\/\/storage.googleapis.com\/cz-shopatoa-img\/ro\/1441a7ea-unnamed-file.webp","datePublished":"2025-06-21T18:15:34+00:00","dateModified":"2025-09-27T17:59:41+00:00","breadcrumb":{"@id":"https:\/\/shopatoa.com\/ro\/innogio-giogiraffe-spare-heads-for-sonic-toothbrush-capete-de-schimb-pentru-baterie-sonic-periuta-de-dinti-pentru-copii-giogiraffe-sonic-toothbrush-bl\/#breadcrumb"},"inLanguage":"ro-RO","potentialAction":[{"@type":"ReadAction","target":["https:\/\/shopatoa.com\/ro\/innogio-giogiraffe-spare-heads-for-sonic-toothbrush-capete-de-schimb-pentru-baterie-sonic-periuta-de-dinti-pentru-copii-giogiraffe-sonic-toothbrush-bl\/"]}]},{"@type":"ImageObject","inLanguage":"ro-RO","@id":"https:\/\/shopatoa.com\/ro\/innogio-giogiraffe-spare-heads-for-sonic-toothbrush-capete-de-schimb-pentru-baterie-sonic-periuta-de-dinti-pentru-copii-giogiraffe-sonic-toothbrush-bl\/#primaryimage","url":"https:\/\/storage.googleapis.com\/cz-shopatoa-img\/ro\/1441a7ea-unnamed-file.webp","contentUrl":"https:\/\/storage.googleapis.com\/cz-shopatoa-img\/ro\/1441a7ea-unnamed-file.webp","width":800,"height":800},{"@type":"BreadcrumbList","@id":"https:\/\/shopatoa.com\/ro\/innogio-giogiraffe-spare-heads-for-sonic-toothbrush-capete-de-schimb-pentru-baterie-sonic-periuta-de-dinti-pentru-copii-giogiraffe-sonic-toothbrush-bl\/#breadcrumb","itemListElement":[{"@type":"ListItem","position":1,"name":"Dom\u016f","item":"https:\/\/shopatoa.com\/ro\/"},{"@type":"ListItem","position":2,"name":"Shop","item":"https:\/\/shopatoa.com\/ro\/shop\/"},{"@type":"ListItem","position":3,"name":"S\u0103n\u0103tate \u0219i frumuse\u021be","item":"https:\/\/shopatoa.com\/ro\/sanatate-si-frumusete\/"},{"@type":"ListItem","position":4,"name":"\u00cengrijire personal\u0103","item":"https:\/\/shopatoa.com\/ro\/ingrijire-personala\/"},{"@type":"ListItem","position":5,"name":"\u00cengrijire oral\u0103","item":"https:\/\/shopatoa.com\/ro\/ingrijire-orala\/"},{"@type":"ListItem","position":6,"name":"Accesorii pentru periu\u021be de din\u021bi","item":"https:\/\/shopatoa.com\/ro\/accesorii-pentru-periute-de-dinti\/"},{"@type":"ListItem","position":7,"name":"Capete de periu\u021b\u0103 de din\u021bi de schimb","item":"https:\/\/shopatoa.com\/ro\/capete-de-periuta-de-dinti-de-schimb\/"},{"@type":"ListItem","position":8,"name":"innoGIO GIOGiraffe Spare Heads for Sonic Toothbrush Capete de schimb pentru baterie sonic periuta de dinti pentru copii GIOGiraffe Sonic Toothbrush Bl"}]},{"@type":"WebSite","@id":"https:\/\/shopatoa.com\/ro\/#website","url":"https:\/\/shopatoa.com\/ro\/","name":"SHOPATOA","description":"","publisher":{"@id":"https:\/\/shopatoa.com\/ro\/#organization"},"potentialAction":[{"@type":"SearchAction","target":{"@type":"EntryPoint","urlTemplate":"https:\/\/shopatoa.com\/ro\/?s={search_term_string}"},"query-input":{"@type":"PropertyValueSpecification","valueRequired":true,"valueName":"search_term_string"}}],"inLanguage":"ro-RO"},{"@type":"Organization","@id":"https:\/\/shopatoa.com\/ro\/#organization","name":"SHOPATOA","url":"https:\/\/shopatoa.com\/ro\/","logo":{"@type":"ImageObject","inLanguage":"ro-RO","@id":"https:\/\/shopatoa.com\/ro\/#\/schema\/logo\/image\/","url":"https:\/\/storage.googleapis.com\/cz-shopatoa-img\/ro\/b4dac915-shopatoa_logo.png","contentUrl":"https:\/\/storage.googleapis.com\/cz-shopatoa-img\/ro\/b4dac915-shopatoa_logo.png","width":416,"height":63,"caption":"SHOPATOA"},"image":{"@id":"https:\/\/shopatoa.com\/ro\/#\/schema\/logo\/image\/"}}]}},"_links":{"self":[{"href":"https:\/\/shopatoa.com\/ro\/wp-json\/wp\/v2\/product\/426790","targetHints":{"allow":["GET"]}}],"collection":[{"href":"https:\/\/shopatoa.com\/ro\/wp-json\/wp\/v2\/product"}],"about":[{"href":"https:\/\/shopatoa.com\/ro\/wp-json\/wp\/v2\/types\/product"}],"replies":[{"embeddable":true,"href":"https:\/\/shopatoa.com\/ro\/wp-json\/wp\/v2\/comments?post=426790"}],"wp:featuredmedia":[{"embeddable":true,"href":"https:\/\/shopatoa.com\/ro\/wp-json\/wp\/v2\/media\/426791"}],"wp:attachment":[{"href":"https:\/\/shopatoa.com\/ro\/wp-json\/wp\/v2\/media?parent=426790"}],"wp:term":[{"taxonomy":"product_brand","embeddable":true,"href":"https:\/\/shopatoa.com\/ro\/wp-json\/wp\/v2\/product_brand?post=426790"},{"taxonomy":"product_cat","embeddable":true,"href":"https:\/\/shopatoa.com\/ro\/wp-json\/wp\/v2\/product_cat?post=426790"},{"taxonomy":"product_tag","embeddable":true,"href":"https:\/\/shopatoa.com\/ro\/wp-json\/wp\/v2\/product_tag?post=426790"}],"curies":[{"name":"wp","href":"https:\/\/api.w.org\/{rel}","templated":true}]}}