{"id":427178,"date":"2025-06-21T20:49:20","date_gmt":"2025-06-21T18:49:20","guid":{"rendered":"https:\/\/shopatoa.com\/ro\/manyo-4gf-eyelash-ampoules-ser-reparator-pentru-cresterea-genelor-5-ml\/"},"modified":"2025-09-27T16:58:44","modified_gmt":"2025-09-27T14:58:44","slug":"manyo-4gf-eyelash-ampoules-ser-reparator-pentru-cresterea-genelor-5-ml","status":"publish","type":"product","link":"https:\/\/shopatoa.com\/ro\/manyo-4gf-eyelash-ampoules-ser-reparator-pentru-cresterea-genelor-5-ml\/","title":{"rendered":"ma:nyo 4GF Eyelash Ampoules Ser reparator pentru cresterea genelor 5 ml"},"content":{"rendered":"<p>ma:nyo 4GF Eyelash Ampoules, 5 ml, Grija pentru gene si sprancene pentru femei, Natura nu v-a \u00eenzestrat cu gene suficient de frumoase pe c\u00e2t v-a\u021bi fi dorit? Serul ma:nyo 4GF Eyelash Ampoules le va favoriza cre\u0219terea \u0219i le va \u00eent\u0103ri de la r\u0103d\u0103cin\u0103, pentru a c\u00e2\u0219tiga lungime \u0219i volum. Drept rezultat, ve\u021bi ob\u021bine gene mai lungi, mai \u00eengrijite \u0219i cu un aspect mai s\u0103n\u0103tos, fiind mai pu\u021bin predispuse la c\u0103dere. Accentueaz\u0103 privirea \u0219i scoate \u00een eviden\u021b\u0103 frumuse\u021bea ochilor.  Caracteristici:  promoveaz\u0103 \u0219i accelereaz\u0103 cre\u0219terea genelor fortific\u0103 \u0219i hr\u0103ne\u0219te genele asigur\u0103 o densitate mai mare aplicare rapid\u0103 \u0219i u\u0219oar\u0103, din confortul de acas\u0103  Cum se utilizeaz\u0103: Se utilizeaz\u0103 1x pe zi, de preferin\u021b\u0103 \u00eenainte de culcare. Se aplic\u0103 pe linia genelor superioare \u0219i inferioare. Se va evita contactul direct cu ochii.<\/p>\n","protected":false},"excerpt":{"rendered":"<p>ma:nyo 4GF Eyelash Ampoules, 5 ml, Grija pentru gene si sprancene pentru femei, Natura nu v-a \u00eenzestrat cu gene suficient de frumoase pe c\u00e2t v-a\u021bi fi dorit? Serul ma:nyo 4GF Eyelash Ampoules le va favoriza cre\u0219terea \u0219i le va \u00eent\u0103ri de la r\u0103d\u0103cin\u0103, pentru a c\u00e2\u0219tiga lungime \u0219i volum. Drept rezultat, ve\u021bi ob\u021bine gene mai&#8230;<\/p>\n","protected":false},"featured_media":427179,"comment_status":"closed","ping_status":"open","template":"","meta":{"_acf_changed":false,"_kadence_starter_templates_imported_post":false,"_kad_post_transparent":"","_kad_post_title":"","_kad_post_layout":"","_kad_post_sidebar_id":"","_kad_post_content_style":"","_kad_post_vertical_padding":"","_kad_post_feature":"","_kad_post_feature_position":"","_kad_post_header":false,"_kad_post_footer":false,"_kad_post_classname":""},"product_brand":[2598],"product_cat":[1564,1563,1576,1577,1562,1626],"product_tag":[],"class_list":{"0":"post-427178","1":"product","2":"type-product","3":"status-publish","4":"has-post-thumbnail","6":"product_brand-manyo","7":"product_cat-cosmetice-ingrijire-personala","8":"product_cat-ingrijire-personala","9":"product_cat-machiaj","10":"product_cat-machiaj-ochi","11":"product_cat-sanatate-si-frumusete","12":"product_cat-tratamente-pentru-cresterea-genelor-si-a-sprancenelor","13":"pa_gen-female","14":"pa_marime-5-ml","16":"first","17":"instock","18":"product-type-external","19":"entry","20":"content-bg","21":"loop-entry"},"acf":[],"yoast_head":"<!-- This site is optimized with the Yoast SEO plugin v27.4 - https:\/\/yoast.com\/product\/yoast-seo-wordpress\/ -->\n<title>ma:nyo 4GF Eyelash Ampoules Ser reparator pentru cresterea genelor 5 ml - SHOPATOA.COM<\/title>\n<meta name=\"robots\" content=\"index, follow, max-snippet:-1, max-image-preview:large, max-video-preview:-1\" \/>\n<link rel=\"canonical\" href=\"https:\/\/shopatoa.com\/ro\/manyo-4gf-eyelash-ampoules-ser-reparator-pentru-cresterea-genelor-5-ml\/\" \/>\n<meta property=\"og:locale\" content=\"ro_RO\" \/>\n<meta property=\"og:type\" content=\"article\" \/>\n<meta property=\"og:title\" content=\"ma:nyo 4GF Eyelash Ampoules Ser reparator pentru cresterea genelor 5 ml - SHOPATOA.COM\" \/>\n<meta property=\"og:description\" content=\"ma:nyo 4GF Eyelash Ampoules, 5 ml, Grija pentru gene si sprancene pentru femei, Natura nu v-a \u00eenzestrat cu gene suficient de frumoase pe c\u00e2t v-a\u021bi fi dorit? Serul ma:nyo 4GF Eyelash Ampoules le va favoriza cre\u0219terea \u0219i le va \u00eent\u0103ri de la r\u0103d\u0103cin\u0103, pentru a c\u00e2\u0219tiga lungime \u0219i volum. Drept rezultat, ve\u021bi ob\u021bine gene mai...\" \/>\n<meta property=\"og:url\" content=\"https:\/\/shopatoa.com\/ro\/manyo-4gf-eyelash-ampoules-ser-reparator-pentru-cresterea-genelor-5-ml\/\" \/>\n<meta property=\"og:site_name\" content=\"SHOPATOA\" \/>\n<meta property=\"article:modified_time\" content=\"2025-09-27T14:58:44+00:00\" \/>\n<meta property=\"og:image\" content=\"https:\/\/storage.googleapis.com\/cz-shopatoa-img\/ro\/cd8cf2cc-unnamed-file.webp\" \/>\n\t<meta property=\"og:image:width\" content=\"800\" \/>\n\t<meta property=\"og:image:height\" content=\"800\" \/>\n\t<meta property=\"og:image:type\" content=\"image\/webp\" \/>\n<meta name=\"twitter:card\" content=\"summary_large_image\" \/>\n<meta name=\"twitter:label1\" content=\"Timp estimat pentru citire\" \/>\n\t<meta name=\"twitter:data1\" content=\"1 minut\" \/>\n<script type=\"application\/ld+json\" class=\"yoast-schema-graph\">{\"@context\":\"https:\\\/\\\/schema.org\",\"@graph\":[{\"@type\":\"WebPage\",\"@id\":\"https:\\\/\\\/shopatoa.com\\\/ro\\\/manyo-4gf-eyelash-ampoules-ser-reparator-pentru-cresterea-genelor-5-ml\\\/\",\"url\":\"https:\\\/\\\/shopatoa.com\\\/ro\\\/manyo-4gf-eyelash-ampoules-ser-reparator-pentru-cresterea-genelor-5-ml\\\/\",\"name\":\"ma:nyo 4GF Eyelash Ampoules Ser reparator pentru cresterea genelor 5 ml - SHOPATOA.COM\",\"isPartOf\":{\"@id\":\"https:\\\/\\\/shopatoa.com\\\/ro\\\/#website\"},\"primaryImageOfPage\":{\"@id\":\"https:\\\/\\\/shopatoa.com\\\/ro\\\/manyo-4gf-eyelash-ampoules-ser-reparator-pentru-cresterea-genelor-5-ml\\\/#primaryimage\"},\"image\":{\"@id\":\"https:\\\/\\\/shopatoa.com\\\/ro\\\/manyo-4gf-eyelash-ampoules-ser-reparator-pentru-cresterea-genelor-5-ml\\\/#primaryimage\"},\"thumbnailUrl\":\"https:\\\/\\\/storage.googleapis.com\\\/cz-shopatoa-img\\\/ro\\\/cd8cf2cc-unnamed-file.webp\",\"datePublished\":\"2025-06-21T18:49:20+00:00\",\"dateModified\":\"2025-09-27T14:58:44+00:00\",\"breadcrumb\":{\"@id\":\"https:\\\/\\\/shopatoa.com\\\/ro\\\/manyo-4gf-eyelash-ampoules-ser-reparator-pentru-cresterea-genelor-5-ml\\\/#breadcrumb\"},\"inLanguage\":\"ro-RO\",\"potentialAction\":[{\"@type\":\"ReadAction\",\"target\":[\"https:\\\/\\\/shopatoa.com\\\/ro\\\/manyo-4gf-eyelash-ampoules-ser-reparator-pentru-cresterea-genelor-5-ml\\\/\"]}]},{\"@type\":\"ImageObject\",\"inLanguage\":\"ro-RO\",\"@id\":\"https:\\\/\\\/shopatoa.com\\\/ro\\\/manyo-4gf-eyelash-ampoules-ser-reparator-pentru-cresterea-genelor-5-ml\\\/#primaryimage\",\"url\":\"https:\\\/\\\/storage.googleapis.com\\\/cz-shopatoa-img\\\/ro\\\/cd8cf2cc-unnamed-file.webp\",\"contentUrl\":\"https:\\\/\\\/storage.googleapis.com\\\/cz-shopatoa-img\\\/ro\\\/cd8cf2cc-unnamed-file.webp\",\"width\":800,\"height\":800},{\"@type\":\"BreadcrumbList\",\"@id\":\"https:\\\/\\\/shopatoa.com\\\/ro\\\/manyo-4gf-eyelash-ampoules-ser-reparator-pentru-cresterea-genelor-5-ml\\\/#breadcrumb\",\"itemListElement\":[{\"@type\":\"ListItem\",\"position\":1,\"name\":\"Dom\u016f\",\"item\":\"https:\\\/\\\/shopatoa.com\\\/ro\\\/\"},{\"@type\":\"ListItem\",\"position\":2,\"name\":\"Shop\",\"item\":\"https:\\\/\\\/shopatoa.com\\\/ro\\\/shop\\\/\"},{\"@type\":\"ListItem\",\"position\":3,\"name\":\"S\u0103n\u0103tate \u0219i frumuse\u021be\",\"item\":\"https:\\\/\\\/shopatoa.com\\\/ro\\\/sanatate-si-frumusete\\\/\"},{\"@type\":\"ListItem\",\"position\":4,\"name\":\"\u00cengrijire personal\u0103\",\"item\":\"https:\\\/\\\/shopatoa.com\\\/ro\\\/ingrijire-personala\\\/\"},{\"@type\":\"ListItem\",\"position\":5,\"name\":\"Cosmetice\",\"item\":\"https:\\\/\\\/shopatoa.com\\\/ro\\\/cosmetice-ingrijire-personala\\\/\"},{\"@type\":\"ListItem\",\"position\":6,\"name\":\"Machiaj\",\"item\":\"https:\\\/\\\/shopatoa.com\\\/ro\\\/machiaj\\\/\"},{\"@type\":\"ListItem\",\"position\":7,\"name\":\"Machiaj ochi\",\"item\":\"https:\\\/\\\/shopatoa.com\\\/ro\\\/machiaj-ochi\\\/\"},{\"@type\":\"ListItem\",\"position\":8,\"name\":\"Tratamente pentru cre\u0219terea genelor \u0219i a spr\u00e2ncenelor\",\"item\":\"https:\\\/\\\/shopatoa.com\\\/ro\\\/tratamente-pentru-cresterea-genelor-si-a-sprancenelor\\\/\"},{\"@type\":\"ListItem\",\"position\":9,\"name\":\"ma:nyo 4GF Eyelash Ampoules Ser reparator pentru cresterea genelor 5 ml\"}]},{\"@type\":\"WebSite\",\"@id\":\"https:\\\/\\\/shopatoa.com\\\/ro\\\/#website\",\"url\":\"https:\\\/\\\/shopatoa.com\\\/ro\\\/\",\"name\":\"SHOPATOA\",\"description\":\"\",\"publisher\":{\"@id\":\"https:\\\/\\\/shopatoa.com\\\/ro\\\/#organization\"},\"potentialAction\":[{\"@type\":\"SearchAction\",\"target\":{\"@type\":\"EntryPoint\",\"urlTemplate\":\"https:\\\/\\\/shopatoa.com\\\/ro\\\/?s={search_term_string}\"},\"query-input\":{\"@type\":\"PropertyValueSpecification\",\"valueRequired\":true,\"valueName\":\"search_term_string\"}}],\"inLanguage\":\"ro-RO\"},{\"@type\":\"Organization\",\"@id\":\"https:\\\/\\\/shopatoa.com\\\/ro\\\/#organization\",\"name\":\"SHOPATOA\",\"url\":\"https:\\\/\\\/shopatoa.com\\\/ro\\\/\",\"logo\":{\"@type\":\"ImageObject\",\"inLanguage\":\"ro-RO\",\"@id\":\"https:\\\/\\\/shopatoa.com\\\/ro\\\/#\\\/schema\\\/logo\\\/image\\\/\",\"url\":\"https:\\\/\\\/storage.googleapis.com\\\/cz-shopatoa-img\\\/ro\\\/b4dac915-shopatoa_logo.png\",\"contentUrl\":\"https:\\\/\\\/storage.googleapis.com\\\/cz-shopatoa-img\\\/ro\\\/b4dac915-shopatoa_logo.png\",\"width\":416,\"height\":63,\"caption\":\"SHOPATOA\"},\"image\":{\"@id\":\"https:\\\/\\\/shopatoa.com\\\/ro\\\/#\\\/schema\\\/logo\\\/image\\\/\"}}]}<\/script>\n<!-- \/ Yoast SEO plugin. -->","yoast_head_json":{"title":"ma:nyo 4GF Eyelash Ampoules Ser reparator pentru cresterea genelor 5 ml - SHOPATOA.COM","robots":{"index":"index","follow":"follow","max-snippet":"max-snippet:-1","max-image-preview":"max-image-preview:large","max-video-preview":"max-video-preview:-1"},"canonical":"https:\/\/shopatoa.com\/ro\/manyo-4gf-eyelash-ampoules-ser-reparator-pentru-cresterea-genelor-5-ml\/","og_locale":"ro_RO","og_type":"article","og_title":"ma:nyo 4GF Eyelash Ampoules Ser reparator pentru cresterea genelor 5 ml - SHOPATOA.COM","og_description":"ma:nyo 4GF Eyelash Ampoules, 5 ml, Grija pentru gene si sprancene pentru femei, Natura nu v-a \u00eenzestrat cu gene suficient de frumoase pe c\u00e2t v-a\u021bi fi dorit? Serul ma:nyo 4GF Eyelash Ampoules le va favoriza cre\u0219terea \u0219i le va \u00eent\u0103ri de la r\u0103d\u0103cin\u0103, pentru a c\u00e2\u0219tiga lungime \u0219i volum. Drept rezultat, ve\u021bi ob\u021bine gene mai...","og_url":"https:\/\/shopatoa.com\/ro\/manyo-4gf-eyelash-ampoules-ser-reparator-pentru-cresterea-genelor-5-ml\/","og_site_name":"SHOPATOA","article_modified_time":"2025-09-27T14:58:44+00:00","og_image":[{"width":800,"height":800,"url":"https:\/\/storage.googleapis.com\/cz-shopatoa-img\/ro\/cd8cf2cc-unnamed-file.webp","type":"image\/webp"}],"twitter_card":"summary_large_image","twitter_misc":{"Timp estimat pentru citire":"1 minut"},"schema":{"@context":"https:\/\/schema.org","@graph":[{"@type":"WebPage","@id":"https:\/\/shopatoa.com\/ro\/manyo-4gf-eyelash-ampoules-ser-reparator-pentru-cresterea-genelor-5-ml\/","url":"https:\/\/shopatoa.com\/ro\/manyo-4gf-eyelash-ampoules-ser-reparator-pentru-cresterea-genelor-5-ml\/","name":"ma:nyo 4GF Eyelash Ampoules Ser reparator pentru cresterea genelor 5 ml - SHOPATOA.COM","isPartOf":{"@id":"https:\/\/shopatoa.com\/ro\/#website"},"primaryImageOfPage":{"@id":"https:\/\/shopatoa.com\/ro\/manyo-4gf-eyelash-ampoules-ser-reparator-pentru-cresterea-genelor-5-ml\/#primaryimage"},"image":{"@id":"https:\/\/shopatoa.com\/ro\/manyo-4gf-eyelash-ampoules-ser-reparator-pentru-cresterea-genelor-5-ml\/#primaryimage"},"thumbnailUrl":"https:\/\/storage.googleapis.com\/cz-shopatoa-img\/ro\/cd8cf2cc-unnamed-file.webp","datePublished":"2025-06-21T18:49:20+00:00","dateModified":"2025-09-27T14:58:44+00:00","breadcrumb":{"@id":"https:\/\/shopatoa.com\/ro\/manyo-4gf-eyelash-ampoules-ser-reparator-pentru-cresterea-genelor-5-ml\/#breadcrumb"},"inLanguage":"ro-RO","potentialAction":[{"@type":"ReadAction","target":["https:\/\/shopatoa.com\/ro\/manyo-4gf-eyelash-ampoules-ser-reparator-pentru-cresterea-genelor-5-ml\/"]}]},{"@type":"ImageObject","inLanguage":"ro-RO","@id":"https:\/\/shopatoa.com\/ro\/manyo-4gf-eyelash-ampoules-ser-reparator-pentru-cresterea-genelor-5-ml\/#primaryimage","url":"https:\/\/storage.googleapis.com\/cz-shopatoa-img\/ro\/cd8cf2cc-unnamed-file.webp","contentUrl":"https:\/\/storage.googleapis.com\/cz-shopatoa-img\/ro\/cd8cf2cc-unnamed-file.webp","width":800,"height":800},{"@type":"BreadcrumbList","@id":"https:\/\/shopatoa.com\/ro\/manyo-4gf-eyelash-ampoules-ser-reparator-pentru-cresterea-genelor-5-ml\/#breadcrumb","itemListElement":[{"@type":"ListItem","position":1,"name":"Dom\u016f","item":"https:\/\/shopatoa.com\/ro\/"},{"@type":"ListItem","position":2,"name":"Shop","item":"https:\/\/shopatoa.com\/ro\/shop\/"},{"@type":"ListItem","position":3,"name":"S\u0103n\u0103tate \u0219i frumuse\u021be","item":"https:\/\/shopatoa.com\/ro\/sanatate-si-frumusete\/"},{"@type":"ListItem","position":4,"name":"\u00cengrijire personal\u0103","item":"https:\/\/shopatoa.com\/ro\/ingrijire-personala\/"},{"@type":"ListItem","position":5,"name":"Cosmetice","item":"https:\/\/shopatoa.com\/ro\/cosmetice-ingrijire-personala\/"},{"@type":"ListItem","position":6,"name":"Machiaj","item":"https:\/\/shopatoa.com\/ro\/machiaj\/"},{"@type":"ListItem","position":7,"name":"Machiaj ochi","item":"https:\/\/shopatoa.com\/ro\/machiaj-ochi\/"},{"@type":"ListItem","position":8,"name":"Tratamente pentru cre\u0219terea genelor \u0219i a spr\u00e2ncenelor","item":"https:\/\/shopatoa.com\/ro\/tratamente-pentru-cresterea-genelor-si-a-sprancenelor\/"},{"@type":"ListItem","position":9,"name":"ma:nyo 4GF Eyelash Ampoules Ser reparator pentru cresterea genelor 5 ml"}]},{"@type":"WebSite","@id":"https:\/\/shopatoa.com\/ro\/#website","url":"https:\/\/shopatoa.com\/ro\/","name":"SHOPATOA","description":"","publisher":{"@id":"https:\/\/shopatoa.com\/ro\/#organization"},"potentialAction":[{"@type":"SearchAction","target":{"@type":"EntryPoint","urlTemplate":"https:\/\/shopatoa.com\/ro\/?s={search_term_string}"},"query-input":{"@type":"PropertyValueSpecification","valueRequired":true,"valueName":"search_term_string"}}],"inLanguage":"ro-RO"},{"@type":"Organization","@id":"https:\/\/shopatoa.com\/ro\/#organization","name":"SHOPATOA","url":"https:\/\/shopatoa.com\/ro\/","logo":{"@type":"ImageObject","inLanguage":"ro-RO","@id":"https:\/\/shopatoa.com\/ro\/#\/schema\/logo\/image\/","url":"https:\/\/storage.googleapis.com\/cz-shopatoa-img\/ro\/b4dac915-shopatoa_logo.png","contentUrl":"https:\/\/storage.googleapis.com\/cz-shopatoa-img\/ro\/b4dac915-shopatoa_logo.png","width":416,"height":63,"caption":"SHOPATOA"},"image":{"@id":"https:\/\/shopatoa.com\/ro\/#\/schema\/logo\/image\/"}}]}},"_links":{"self":[{"href":"https:\/\/shopatoa.com\/ro\/wp-json\/wp\/v2\/product\/427178","targetHints":{"allow":["GET"]}}],"collection":[{"href":"https:\/\/shopatoa.com\/ro\/wp-json\/wp\/v2\/product"}],"about":[{"href":"https:\/\/shopatoa.com\/ro\/wp-json\/wp\/v2\/types\/product"}],"replies":[{"embeddable":true,"href":"https:\/\/shopatoa.com\/ro\/wp-json\/wp\/v2\/comments?post=427178"}],"wp:featuredmedia":[{"embeddable":true,"href":"https:\/\/shopatoa.com\/ro\/wp-json\/wp\/v2\/media\/427179"}],"wp:attachment":[{"href":"https:\/\/shopatoa.com\/ro\/wp-json\/wp\/v2\/media?parent=427178"}],"wp:term":[{"taxonomy":"product_brand","embeddable":true,"href":"https:\/\/shopatoa.com\/ro\/wp-json\/wp\/v2\/product_brand?post=427178"},{"taxonomy":"product_cat","embeddable":true,"href":"https:\/\/shopatoa.com\/ro\/wp-json\/wp\/v2\/product_cat?post=427178"},{"taxonomy":"product_tag","embeddable":true,"href":"https:\/\/shopatoa.com\/ro\/wp-json\/wp\/v2\/product_tag?post=427178"}],"curies":[{"name":"wp","href":"https:\/\/api.w.org\/{rel}","templated":true}]}}