{"id":427457,"date":"2025-06-21T21:25:02","date_gmt":"2025-06-21T19:25:02","guid":{"rendered":"https:\/\/shopatoa.com\/ro\/green-idea-regenerative-hemp-ointment-70-tratament-pentru-regenerare-si-calmare-100-ml\/"},"modified":"2025-12-12T09:15:38","modified_gmt":"2025-12-12T08:15:38","slug":"green-idea-regenerative-hemp-ointment-70-tratament-pentru-regenerare-si-calmare-100-ml","status":"publish","type":"product","link":"https:\/\/shopatoa.com\/ro\/green-idea-regenerative-hemp-ointment-70-tratament-pentru-regenerare-si-calmare-100-ml\/","title":{"rendered":"Green Idea Regenerative hemp ointment 70% tratament pentru regenerare si calmare 100 ml"},"content":{"rendered":"<p>Green Idea Regenerative hemp ointment 70%, 100 ml, \u00cengrijire special\u0103 pentru piele unisex, Sim\u021bi\u021bi c\u0103 pielea dvs. are nevoie de o \u00eengrijire mai intens\u0103 dec\u00e2t v\u0103 pot oferi lo\u021biunile sau cremele de corp? Untul de corp Green Idea Regenerative hemp ointment 70% este alegerea ideal\u0103 pentru dvs. \u00cen compara\u021bie cu cremele \u0219i lo\u021biunile clasice, con\u021bine mai pu\u021bin\u0103 ap\u0103, are o consisten\u021b\u0103 mai bogat\u0103 \u0219i este o \u00eengrijire pentru corp mai hr\u0103nitoare \u0219i mai concentrat\u0103. Hidrateaz\u0103 pielea \u00een profunzime, o hr\u0103ne\u0219te intens \u0219i o las\u0103 minunat delicat\u0103 la atingere. \u00cen plus, r\u0103sfa\u021b\u0103 pielea cu textura sa cremoas\u0103 \u0219i catifelat\u0103, asigur\u00e2nd un efect de lung\u0103 durat\u0103. Este suficient s\u0103 \u00eel aplica\u021bi pe piele dup\u0103 du\u0219 sau baie, iar igiena zilnic\u0103 va deveni o experien\u021b\u0103 cu totul deosebit\u0103.  Caracteristici:  previne deshidratarea pielii ac\u021biune hr\u0103nitoare \u0219i emolient\u0103 regenereaz\u0103 eficient pielea \u00eent\u0103re\u0219te bariera de protec\u021bie a pielii  Cum se utilizeaz\u0103: Se utilizeaz\u0103 dup\u0103 cum este necesar.<\/p>\n","protected":false},"excerpt":{"rendered":"<p>Green Idea Regenerative hemp ointment 70%, 100 ml, \u00cengrijire special\u0103 pentru piele unisex, Sim\u021bi\u021bi c\u0103 pielea dvs. are nevoie de o \u00eengrijire mai intens\u0103 dec\u00e2t v\u0103 pot oferi lo\u021biunile sau cremele de corp? Untul de corp Green Idea Regenerative hemp ointment 70% este alegerea ideal\u0103 pentru dvs. \u00cen compara\u021bie cu cremele \u0219i lo\u021biunile clasice, con\u021bine&#8230;<\/p>\n","protected":false},"featured_media":427458,"comment_status":"closed","ping_status":"open","template":"","meta":{"_acf_changed":false,"_kadence_starter_templates_imported_post":false,"_kad_post_transparent":"","_kad_post_title":"","_kad_post_layout":"","_kad_post_sidebar_id":"","_kad_post_content_style":"","_kad_post_vertical_padding":"","_kad_post_feature":"","_kad_post_feature_position":"","_kad_post_header":false,"_kad_post_footer":false,"_kad_post_classname":""},"product_brand":[2420],"product_cat":[1570,1564,1563,1562],"product_tag":[],"class_list":{"0":"post-427457","1":"product","2":"type-product","3":"status-publish","4":"has-post-thumbnail","6":"product_brand-green-idea","7":"product_cat-baie-si-corp","8":"product_cat-cosmetice-ingrijire-personala","9":"product_cat-ingrijire-personala","10":"product_cat-sanatate-si-frumusete","11":"pa_gen-male","12":"pa_marime-100-ml","14":"first","15":"instock","16":"sale","17":"product-type-external","18":"entry","19":"content-bg","20":"loop-entry"},"acf":[],"yoast_head":"<!-- This site is optimized with the Yoast SEO plugin v27.4 - https:\/\/yoast.com\/product\/yoast-seo-wordpress\/ -->\n<title>Green Idea Regenerative hemp ointment 70% tratament pentru regenerare si calmare 100 ml - SHOPATOA.COM<\/title>\n<meta name=\"robots\" content=\"index, follow, max-snippet:-1, max-image-preview:large, max-video-preview:-1\" \/>\n<link rel=\"canonical\" href=\"https:\/\/shopatoa.com\/ro\/green-idea-regenerative-hemp-ointment-70-tratament-pentru-regenerare-si-calmare-100-ml\/\" \/>\n<meta property=\"og:locale\" content=\"ro_RO\" \/>\n<meta property=\"og:type\" content=\"article\" \/>\n<meta property=\"og:title\" content=\"Green Idea Regenerative hemp ointment 70% tratament pentru regenerare si calmare 100 ml - SHOPATOA.COM\" \/>\n<meta property=\"og:description\" content=\"Green Idea Regenerative hemp ointment 70%, 100 ml, \u00cengrijire special\u0103 pentru piele unisex, Sim\u021bi\u021bi c\u0103 pielea dvs. are nevoie de o \u00eengrijire mai intens\u0103 dec\u00e2t v\u0103 pot oferi lo\u021biunile sau cremele de corp? Untul de corp Green Idea Regenerative hemp ointment 70% este alegerea ideal\u0103 pentru dvs. \u00cen compara\u021bie cu cremele \u0219i lo\u021biunile clasice, con\u021bine...\" \/>\n<meta property=\"og:url\" content=\"https:\/\/shopatoa.com\/ro\/green-idea-regenerative-hemp-ointment-70-tratament-pentru-regenerare-si-calmare-100-ml\/\" \/>\n<meta property=\"og:site_name\" content=\"SHOPATOA\" \/>\n<meta property=\"article:modified_time\" content=\"2025-12-12T08:15:38+00:00\" \/>\n<meta property=\"og:image\" content=\"https:\/\/storage.googleapis.com\/cz-shopatoa-img\/ro\/7959a0e4-unnamed-file.webp\" \/>\n\t<meta property=\"og:image:width\" content=\"800\" \/>\n\t<meta property=\"og:image:height\" content=\"800\" \/>\n\t<meta property=\"og:image:type\" content=\"image\/webp\" \/>\n<meta name=\"twitter:card\" content=\"summary_large_image\" \/>\n<meta name=\"twitter:label1\" content=\"Timp estimat pentru citire\" \/>\n\t<meta name=\"twitter:data1\" content=\"1 minut\" \/>\n<script type=\"application\/ld+json\" class=\"yoast-schema-graph\">{\"@context\":\"https:\\\/\\\/schema.org\",\"@graph\":[{\"@type\":\"WebPage\",\"@id\":\"https:\\\/\\\/shopatoa.com\\\/ro\\\/green-idea-regenerative-hemp-ointment-70-tratament-pentru-regenerare-si-calmare-100-ml\\\/\",\"url\":\"https:\\\/\\\/shopatoa.com\\\/ro\\\/green-idea-regenerative-hemp-ointment-70-tratament-pentru-regenerare-si-calmare-100-ml\\\/\",\"name\":\"Green Idea Regenerative hemp ointment 70% tratament pentru regenerare si calmare 100 ml - SHOPATOA.COM\",\"isPartOf\":{\"@id\":\"https:\\\/\\\/shopatoa.com\\\/ro\\\/#website\"},\"primaryImageOfPage\":{\"@id\":\"https:\\\/\\\/shopatoa.com\\\/ro\\\/green-idea-regenerative-hemp-ointment-70-tratament-pentru-regenerare-si-calmare-100-ml\\\/#primaryimage\"},\"image\":{\"@id\":\"https:\\\/\\\/shopatoa.com\\\/ro\\\/green-idea-regenerative-hemp-ointment-70-tratament-pentru-regenerare-si-calmare-100-ml\\\/#primaryimage\"},\"thumbnailUrl\":\"https:\\\/\\\/storage.googleapis.com\\\/cz-shopatoa-img\\\/ro\\\/7959a0e4-unnamed-file.webp\",\"datePublished\":\"2025-06-21T19:25:02+00:00\",\"dateModified\":\"2025-12-12T08:15:38+00:00\",\"breadcrumb\":{\"@id\":\"https:\\\/\\\/shopatoa.com\\\/ro\\\/green-idea-regenerative-hemp-ointment-70-tratament-pentru-regenerare-si-calmare-100-ml\\\/#breadcrumb\"},\"inLanguage\":\"ro-RO\",\"potentialAction\":[{\"@type\":\"ReadAction\",\"target\":[\"https:\\\/\\\/shopatoa.com\\\/ro\\\/green-idea-regenerative-hemp-ointment-70-tratament-pentru-regenerare-si-calmare-100-ml\\\/\"]}]},{\"@type\":\"ImageObject\",\"inLanguage\":\"ro-RO\",\"@id\":\"https:\\\/\\\/shopatoa.com\\\/ro\\\/green-idea-regenerative-hemp-ointment-70-tratament-pentru-regenerare-si-calmare-100-ml\\\/#primaryimage\",\"url\":\"https:\\\/\\\/storage.googleapis.com\\\/cz-shopatoa-img\\\/ro\\\/7959a0e4-unnamed-file.webp\",\"contentUrl\":\"https:\\\/\\\/storage.googleapis.com\\\/cz-shopatoa-img\\\/ro\\\/7959a0e4-unnamed-file.webp\",\"width\":800,\"height\":800},{\"@type\":\"BreadcrumbList\",\"@id\":\"https:\\\/\\\/shopatoa.com\\\/ro\\\/green-idea-regenerative-hemp-ointment-70-tratament-pentru-regenerare-si-calmare-100-ml\\\/#breadcrumb\",\"itemListElement\":[{\"@type\":\"ListItem\",\"position\":1,\"name\":\"Dom\u016f\",\"item\":\"https:\\\/\\\/shopatoa.com\\\/ro\\\/\"},{\"@type\":\"ListItem\",\"position\":2,\"name\":\"Shop\",\"item\":\"https:\\\/\\\/shopatoa.com\\\/ro\\\/shop\\\/\"},{\"@type\":\"ListItem\",\"position\":3,\"name\":\"S\u0103n\u0103tate \u0219i frumuse\u021be\",\"item\":\"https:\\\/\\\/shopatoa.com\\\/ro\\\/sanatate-si-frumusete\\\/\"},{\"@type\":\"ListItem\",\"position\":4,\"name\":\"\u00cengrijire personal\u0103\",\"item\":\"https:\\\/\\\/shopatoa.com\\\/ro\\\/ingrijire-personala\\\/\"},{\"@type\":\"ListItem\",\"position\":5,\"name\":\"Cosmetice\",\"item\":\"https:\\\/\\\/shopatoa.com\\\/ro\\\/cosmetice-ingrijire-personala\\\/\"},{\"@type\":\"ListItem\",\"position\":6,\"name\":\"Baie \u0219i corp\",\"item\":\"https:\\\/\\\/shopatoa.com\\\/ro\\\/baie-si-corp\\\/\"},{\"@type\":\"ListItem\",\"position\":7,\"name\":\"Green Idea Regenerative hemp ointment 70% tratament pentru regenerare si calmare 100 ml\"}]},{\"@type\":\"WebSite\",\"@id\":\"https:\\\/\\\/shopatoa.com\\\/ro\\\/#website\",\"url\":\"https:\\\/\\\/shopatoa.com\\\/ro\\\/\",\"name\":\"SHOPATOA\",\"description\":\"\",\"publisher\":{\"@id\":\"https:\\\/\\\/shopatoa.com\\\/ro\\\/#organization\"},\"potentialAction\":[{\"@type\":\"SearchAction\",\"target\":{\"@type\":\"EntryPoint\",\"urlTemplate\":\"https:\\\/\\\/shopatoa.com\\\/ro\\\/?s={search_term_string}\"},\"query-input\":{\"@type\":\"PropertyValueSpecification\",\"valueRequired\":true,\"valueName\":\"search_term_string\"}}],\"inLanguage\":\"ro-RO\"},{\"@type\":\"Organization\",\"@id\":\"https:\\\/\\\/shopatoa.com\\\/ro\\\/#organization\",\"name\":\"SHOPATOA\",\"url\":\"https:\\\/\\\/shopatoa.com\\\/ro\\\/\",\"logo\":{\"@type\":\"ImageObject\",\"inLanguage\":\"ro-RO\",\"@id\":\"https:\\\/\\\/shopatoa.com\\\/ro\\\/#\\\/schema\\\/logo\\\/image\\\/\",\"url\":\"https:\\\/\\\/storage.googleapis.com\\\/cz-shopatoa-img\\\/ro\\\/b4dac915-shopatoa_logo.png\",\"contentUrl\":\"https:\\\/\\\/storage.googleapis.com\\\/cz-shopatoa-img\\\/ro\\\/b4dac915-shopatoa_logo.png\",\"width\":416,\"height\":63,\"caption\":\"SHOPATOA\"},\"image\":{\"@id\":\"https:\\\/\\\/shopatoa.com\\\/ro\\\/#\\\/schema\\\/logo\\\/image\\\/\"}}]}<\/script>\n<!-- \/ Yoast SEO plugin. -->","yoast_head_json":{"title":"Green Idea Regenerative hemp ointment 70% tratament pentru regenerare si calmare 100 ml - SHOPATOA.COM","robots":{"index":"index","follow":"follow","max-snippet":"max-snippet:-1","max-image-preview":"max-image-preview:large","max-video-preview":"max-video-preview:-1"},"canonical":"https:\/\/shopatoa.com\/ro\/green-idea-regenerative-hemp-ointment-70-tratament-pentru-regenerare-si-calmare-100-ml\/","og_locale":"ro_RO","og_type":"article","og_title":"Green Idea Regenerative hemp ointment 70% tratament pentru regenerare si calmare 100 ml - SHOPATOA.COM","og_description":"Green Idea Regenerative hemp ointment 70%, 100 ml, \u00cengrijire special\u0103 pentru piele unisex, Sim\u021bi\u021bi c\u0103 pielea dvs. are nevoie de o \u00eengrijire mai intens\u0103 dec\u00e2t v\u0103 pot oferi lo\u021biunile sau cremele de corp? Untul de corp Green Idea Regenerative hemp ointment 70% este alegerea ideal\u0103 pentru dvs. \u00cen compara\u021bie cu cremele \u0219i lo\u021biunile clasice, con\u021bine...","og_url":"https:\/\/shopatoa.com\/ro\/green-idea-regenerative-hemp-ointment-70-tratament-pentru-regenerare-si-calmare-100-ml\/","og_site_name":"SHOPATOA","article_modified_time":"2025-12-12T08:15:38+00:00","og_image":[{"width":800,"height":800,"url":"https:\/\/storage.googleapis.com\/cz-shopatoa-img\/ro\/7959a0e4-unnamed-file.webp","type":"image\/webp"}],"twitter_card":"summary_large_image","twitter_misc":{"Timp estimat pentru citire":"1 minut"},"schema":{"@context":"https:\/\/schema.org","@graph":[{"@type":"WebPage","@id":"https:\/\/shopatoa.com\/ro\/green-idea-regenerative-hemp-ointment-70-tratament-pentru-regenerare-si-calmare-100-ml\/","url":"https:\/\/shopatoa.com\/ro\/green-idea-regenerative-hemp-ointment-70-tratament-pentru-regenerare-si-calmare-100-ml\/","name":"Green Idea Regenerative hemp ointment 70% tratament pentru regenerare si calmare 100 ml - SHOPATOA.COM","isPartOf":{"@id":"https:\/\/shopatoa.com\/ro\/#website"},"primaryImageOfPage":{"@id":"https:\/\/shopatoa.com\/ro\/green-idea-regenerative-hemp-ointment-70-tratament-pentru-regenerare-si-calmare-100-ml\/#primaryimage"},"image":{"@id":"https:\/\/shopatoa.com\/ro\/green-idea-regenerative-hemp-ointment-70-tratament-pentru-regenerare-si-calmare-100-ml\/#primaryimage"},"thumbnailUrl":"https:\/\/storage.googleapis.com\/cz-shopatoa-img\/ro\/7959a0e4-unnamed-file.webp","datePublished":"2025-06-21T19:25:02+00:00","dateModified":"2025-12-12T08:15:38+00:00","breadcrumb":{"@id":"https:\/\/shopatoa.com\/ro\/green-idea-regenerative-hemp-ointment-70-tratament-pentru-regenerare-si-calmare-100-ml\/#breadcrumb"},"inLanguage":"ro-RO","potentialAction":[{"@type":"ReadAction","target":["https:\/\/shopatoa.com\/ro\/green-idea-regenerative-hemp-ointment-70-tratament-pentru-regenerare-si-calmare-100-ml\/"]}]},{"@type":"ImageObject","inLanguage":"ro-RO","@id":"https:\/\/shopatoa.com\/ro\/green-idea-regenerative-hemp-ointment-70-tratament-pentru-regenerare-si-calmare-100-ml\/#primaryimage","url":"https:\/\/storage.googleapis.com\/cz-shopatoa-img\/ro\/7959a0e4-unnamed-file.webp","contentUrl":"https:\/\/storage.googleapis.com\/cz-shopatoa-img\/ro\/7959a0e4-unnamed-file.webp","width":800,"height":800},{"@type":"BreadcrumbList","@id":"https:\/\/shopatoa.com\/ro\/green-idea-regenerative-hemp-ointment-70-tratament-pentru-regenerare-si-calmare-100-ml\/#breadcrumb","itemListElement":[{"@type":"ListItem","position":1,"name":"Dom\u016f","item":"https:\/\/shopatoa.com\/ro\/"},{"@type":"ListItem","position":2,"name":"Shop","item":"https:\/\/shopatoa.com\/ro\/shop\/"},{"@type":"ListItem","position":3,"name":"S\u0103n\u0103tate \u0219i frumuse\u021be","item":"https:\/\/shopatoa.com\/ro\/sanatate-si-frumusete\/"},{"@type":"ListItem","position":4,"name":"\u00cengrijire personal\u0103","item":"https:\/\/shopatoa.com\/ro\/ingrijire-personala\/"},{"@type":"ListItem","position":5,"name":"Cosmetice","item":"https:\/\/shopatoa.com\/ro\/cosmetice-ingrijire-personala\/"},{"@type":"ListItem","position":6,"name":"Baie \u0219i corp","item":"https:\/\/shopatoa.com\/ro\/baie-si-corp\/"},{"@type":"ListItem","position":7,"name":"Green Idea Regenerative hemp ointment 70% tratament pentru regenerare si calmare 100 ml"}]},{"@type":"WebSite","@id":"https:\/\/shopatoa.com\/ro\/#website","url":"https:\/\/shopatoa.com\/ro\/","name":"SHOPATOA","description":"","publisher":{"@id":"https:\/\/shopatoa.com\/ro\/#organization"},"potentialAction":[{"@type":"SearchAction","target":{"@type":"EntryPoint","urlTemplate":"https:\/\/shopatoa.com\/ro\/?s={search_term_string}"},"query-input":{"@type":"PropertyValueSpecification","valueRequired":true,"valueName":"search_term_string"}}],"inLanguage":"ro-RO"},{"@type":"Organization","@id":"https:\/\/shopatoa.com\/ro\/#organization","name":"SHOPATOA","url":"https:\/\/shopatoa.com\/ro\/","logo":{"@type":"ImageObject","inLanguage":"ro-RO","@id":"https:\/\/shopatoa.com\/ro\/#\/schema\/logo\/image\/","url":"https:\/\/storage.googleapis.com\/cz-shopatoa-img\/ro\/b4dac915-shopatoa_logo.png","contentUrl":"https:\/\/storage.googleapis.com\/cz-shopatoa-img\/ro\/b4dac915-shopatoa_logo.png","width":416,"height":63,"caption":"SHOPATOA"},"image":{"@id":"https:\/\/shopatoa.com\/ro\/#\/schema\/logo\/image\/"}}]}},"_links":{"self":[{"href":"https:\/\/shopatoa.com\/ro\/wp-json\/wp\/v2\/product\/427457","targetHints":{"allow":["GET"]}}],"collection":[{"href":"https:\/\/shopatoa.com\/ro\/wp-json\/wp\/v2\/product"}],"about":[{"href":"https:\/\/shopatoa.com\/ro\/wp-json\/wp\/v2\/types\/product"}],"replies":[{"embeddable":true,"href":"https:\/\/shopatoa.com\/ro\/wp-json\/wp\/v2\/comments?post=427457"}],"wp:featuredmedia":[{"embeddable":true,"href":"https:\/\/shopatoa.com\/ro\/wp-json\/wp\/v2\/media\/427458"}],"wp:attachment":[{"href":"https:\/\/shopatoa.com\/ro\/wp-json\/wp\/v2\/media?parent=427457"}],"wp:term":[{"taxonomy":"product_brand","embeddable":true,"href":"https:\/\/shopatoa.com\/ro\/wp-json\/wp\/v2\/product_brand?post=427457"},{"taxonomy":"product_cat","embeddable":true,"href":"https:\/\/shopatoa.com\/ro\/wp-json\/wp\/v2\/product_cat?post=427457"},{"taxonomy":"product_tag","embeddable":true,"href":"https:\/\/shopatoa.com\/ro\/wp-json\/wp\/v2\/product_tag?post=427457"}],"curies":[{"name":"wp","href":"https:\/\/api.w.org\/{rel}","templated":true}]}}