{"id":427820,"date":"2025-06-21T22:08:33","date_gmt":"2025-06-21T20:08:33","guid":{"rendered":"https:\/\/shopatoa.com\/ro\/sensai-silky-bronze-natural-veil-compact-pudra-compacta-pentru-stralucirea-si-netezirea-pielii-culoare-sc02-natural-85-g\/"},"modified":"2025-12-12T08:03:38","modified_gmt":"2025-12-12T07:03:38","slug":"sensai-silky-bronze-natural-veil-compact-pudra-compacta-pentru-stralucirea-si-netezirea-pielii-culoare-sc02-natural-85-g","status":"publish","type":"product","link":"https:\/\/shopatoa.com\/ro\/sensai-silky-bronze-natural-veil-compact-pudra-compacta-pentru-stralucirea-si-netezirea-pielii-culoare-sc02-natural-85-g\/","title":{"rendered":"Sensai Silky Bronze Natural Veil Compact pudra compacta pentru str\u0103lucirea \u0219i netezirea pielii culoare SC02 Natural 8,5 g"},"content":{"rendered":"<p>Sensai Silky Bronze Natural Veil Compact, 8,5 g, Fond de ten pentru femei, Fixa\u021bi-v\u0103 machiajul pentru a v\u0103 asigura o rezisten\u021b\u0103 \u00eendelungat\u0103 \u0219i un finish impecabil. Pudra SensaiSilky BronzeNatural Veil Compact fixeaz\u0103 machiajul aplicat f\u0103r\u0103 s\u0103 se murd\u0103reasc\u0103 sau s\u0103 se depun\u0103 nedorit \u00een riduri. \u00cen plus, v\u0103 ofer\u0103 control asupra excesului de sebum \u0219i a str\u0103lucirii \u00een zonele problematice. Va l\u0103sa tenul extrem de delicat, mat \u0219i cu un aspect catifelat, iar efectul s\u0103u natural de estompare va ajuta la ascunderea vizual\u0103 a porilor foarte vizibili \u0219i a altor imperfec\u021biuni ale tenului.  Caracteristici:  confer\u0103 tenului un aspect mat perfect confer\u0103 pielii un efect catifelat protejeaz\u0103 pielea de ac\u021biunea negativ\u0103 a radia\u021biilor UV produsul este rezistent la ap\u0103  Cum se utilizeaz\u0103: Pentru utilizarea pudrei ca fond de ten, aceasta se va aplica folosind un burete umed. Pentru pudrare, se va folosi un burete uscat.<\/p>\n","protected":false},"excerpt":{"rendered":"<p>Sensai Silky Bronze Natural Veil Compact, 8,5 g, Fond de ten pentru femei, Fixa\u021bi-v\u0103 machiajul pentru a v\u0103 asigura o rezisten\u021b\u0103 \u00eendelungat\u0103 \u0219i un finish impecabil. Pudra SensaiSilky BronzeNatural Veil Compact fixeaz\u0103 machiajul aplicat f\u0103r\u0103 s\u0103 se murd\u0103reasc\u0103 sau s\u0103 se depun\u0103 nedorit \u00een riduri. \u00cen plus, v\u0103 ofer\u0103 control asupra excesului de sebum \u0219i&#8230;<\/p>\n","protected":false},"featured_media":427821,"comment_status":"closed","ping_status":"open","template":"","meta":{"_acf_changed":false,"_kadence_starter_templates_imported_post":false,"_kad_post_transparent":"","_kad_post_title":"","_kad_post_layout":"","_kad_post_sidebar_id":"","_kad_post_content_style":"","_kad_post_vertical_padding":"","_kad_post_feature":"","_kad_post_feature_position":"","_kad_post_header":false,"_kad_post_footer":false,"_kad_post_classname":""},"product_brand":[200],"product_cat":[1564,1563,1576,1562],"product_tag":[],"class_list":{"0":"post-427820","1":"product","2":"type-product","3":"status-publish","4":"has-post-thumbnail","6":"product_brand-sensai","7":"product_cat-cosmetice-ingrijire-personala","8":"product_cat-ingrijire-personala","9":"product_cat-machiaj","10":"product_cat-sanatate-si-frumusete","11":"pa_gen-female","12":"pa_marime-85-g","14":"first","15":"instock","16":"product-type-external","17":"entry","18":"content-bg","19":"loop-entry"},"acf":[],"yoast_head":"<!-- This site is optimized with the Yoast SEO plugin v27.4 - https:\/\/yoast.com\/product\/yoast-seo-wordpress\/ -->\n<title>Sensai Silky Bronze Natural Veil Compact pudra compacta pentru str\u0103lucirea \u0219i netezirea pielii culoare SC02 Natural 8,5 g - SHOPATOA.COM<\/title>\n<meta name=\"robots\" content=\"index, follow, max-snippet:-1, max-image-preview:large, max-video-preview:-1\" \/>\n<link rel=\"canonical\" href=\"https:\/\/shopatoa.com\/ro\/sensai-silky-bronze-natural-veil-compact-pudra-compacta-pentru-stralucirea-si-netezirea-pielii-culoare-sc02-natural-85-g\/\" \/>\n<meta property=\"og:locale\" content=\"ro_RO\" \/>\n<meta property=\"og:type\" content=\"article\" \/>\n<meta property=\"og:title\" content=\"Sensai Silky Bronze Natural Veil Compact pudra compacta pentru str\u0103lucirea \u0219i netezirea pielii culoare SC02 Natural 8,5 g - SHOPATOA.COM\" \/>\n<meta property=\"og:description\" content=\"Sensai Silky Bronze Natural Veil Compact, 8,5 g, Fond de ten pentru femei, Fixa\u021bi-v\u0103 machiajul pentru a v\u0103 asigura o rezisten\u021b\u0103 \u00eendelungat\u0103 \u0219i un finish impecabil. Pudra SensaiSilky BronzeNatural Veil Compact fixeaz\u0103 machiajul aplicat f\u0103r\u0103 s\u0103 se murd\u0103reasc\u0103 sau s\u0103 se depun\u0103 nedorit \u00een riduri. \u00cen plus, v\u0103 ofer\u0103 control asupra excesului de sebum \u0219i...\" \/>\n<meta property=\"og:url\" content=\"https:\/\/shopatoa.com\/ro\/sensai-silky-bronze-natural-veil-compact-pudra-compacta-pentru-stralucirea-si-netezirea-pielii-culoare-sc02-natural-85-g\/\" \/>\n<meta property=\"og:site_name\" content=\"SHOPATOA\" \/>\n<meta property=\"article:modified_time\" content=\"2025-12-12T07:03:38+00:00\" \/>\n<meta property=\"og:image\" content=\"https:\/\/storage.googleapis.com\/cz-shopatoa-img\/ro\/b1b30d7d-unnamed-file.webp\" \/>\n\t<meta property=\"og:image:width\" content=\"800\" \/>\n\t<meta property=\"og:image:height\" content=\"800\" \/>\n\t<meta property=\"og:image:type\" content=\"image\/webp\" \/>\n<meta name=\"twitter:card\" content=\"summary_large_image\" \/>\n<meta name=\"twitter:label1\" content=\"Timp estimat pentru citire\" \/>\n\t<meta name=\"twitter:data1\" content=\"1 minut\" \/>\n<script type=\"application\/ld+json\" class=\"yoast-schema-graph\">{\"@context\":\"https:\\\/\\\/schema.org\",\"@graph\":[{\"@type\":\"WebPage\",\"@id\":\"https:\\\/\\\/shopatoa.com\\\/ro\\\/sensai-silky-bronze-natural-veil-compact-pudra-compacta-pentru-stralucirea-si-netezirea-pielii-culoare-sc02-natural-85-g\\\/\",\"url\":\"https:\\\/\\\/shopatoa.com\\\/ro\\\/sensai-silky-bronze-natural-veil-compact-pudra-compacta-pentru-stralucirea-si-netezirea-pielii-culoare-sc02-natural-85-g\\\/\",\"name\":\"Sensai Silky Bronze Natural Veil Compact pudra compacta pentru str\u0103lucirea \u0219i netezirea pielii culoare SC02 Natural 8,5 g - SHOPATOA.COM\",\"isPartOf\":{\"@id\":\"https:\\\/\\\/shopatoa.com\\\/ro\\\/#website\"},\"primaryImageOfPage\":{\"@id\":\"https:\\\/\\\/shopatoa.com\\\/ro\\\/sensai-silky-bronze-natural-veil-compact-pudra-compacta-pentru-stralucirea-si-netezirea-pielii-culoare-sc02-natural-85-g\\\/#primaryimage\"},\"image\":{\"@id\":\"https:\\\/\\\/shopatoa.com\\\/ro\\\/sensai-silky-bronze-natural-veil-compact-pudra-compacta-pentru-stralucirea-si-netezirea-pielii-culoare-sc02-natural-85-g\\\/#primaryimage\"},\"thumbnailUrl\":\"https:\\\/\\\/storage.googleapis.com\\\/cz-shopatoa-img\\\/ro\\\/b1b30d7d-unnamed-file.webp\",\"datePublished\":\"2025-06-21T20:08:33+00:00\",\"dateModified\":\"2025-12-12T07:03:38+00:00\",\"breadcrumb\":{\"@id\":\"https:\\\/\\\/shopatoa.com\\\/ro\\\/sensai-silky-bronze-natural-veil-compact-pudra-compacta-pentru-stralucirea-si-netezirea-pielii-culoare-sc02-natural-85-g\\\/#breadcrumb\"},\"inLanguage\":\"ro-RO\",\"potentialAction\":[{\"@type\":\"ReadAction\",\"target\":[\"https:\\\/\\\/shopatoa.com\\\/ro\\\/sensai-silky-bronze-natural-veil-compact-pudra-compacta-pentru-stralucirea-si-netezirea-pielii-culoare-sc02-natural-85-g\\\/\"]}]},{\"@type\":\"ImageObject\",\"inLanguage\":\"ro-RO\",\"@id\":\"https:\\\/\\\/shopatoa.com\\\/ro\\\/sensai-silky-bronze-natural-veil-compact-pudra-compacta-pentru-stralucirea-si-netezirea-pielii-culoare-sc02-natural-85-g\\\/#primaryimage\",\"url\":\"https:\\\/\\\/storage.googleapis.com\\\/cz-shopatoa-img\\\/ro\\\/b1b30d7d-unnamed-file.webp\",\"contentUrl\":\"https:\\\/\\\/storage.googleapis.com\\\/cz-shopatoa-img\\\/ro\\\/b1b30d7d-unnamed-file.webp\",\"width\":800,\"height\":800},{\"@type\":\"BreadcrumbList\",\"@id\":\"https:\\\/\\\/shopatoa.com\\\/ro\\\/sensai-silky-bronze-natural-veil-compact-pudra-compacta-pentru-stralucirea-si-netezirea-pielii-culoare-sc02-natural-85-g\\\/#breadcrumb\",\"itemListElement\":[{\"@type\":\"ListItem\",\"position\":1,\"name\":\"Dom\u016f\",\"item\":\"https:\\\/\\\/shopatoa.com\\\/ro\\\/\"},{\"@type\":\"ListItem\",\"position\":2,\"name\":\"Shop\",\"item\":\"https:\\\/\\\/shopatoa.com\\\/ro\\\/shop\\\/\"},{\"@type\":\"ListItem\",\"position\":3,\"name\":\"S\u0103n\u0103tate \u0219i frumuse\u021be\",\"item\":\"https:\\\/\\\/shopatoa.com\\\/ro\\\/sanatate-si-frumusete\\\/\"},{\"@type\":\"ListItem\",\"position\":4,\"name\":\"\u00cengrijire personal\u0103\",\"item\":\"https:\\\/\\\/shopatoa.com\\\/ro\\\/ingrijire-personala\\\/\"},{\"@type\":\"ListItem\",\"position\":5,\"name\":\"Cosmetice\",\"item\":\"https:\\\/\\\/shopatoa.com\\\/ro\\\/cosmetice-ingrijire-personala\\\/\"},{\"@type\":\"ListItem\",\"position\":6,\"name\":\"Machiaj\",\"item\":\"https:\\\/\\\/shopatoa.com\\\/ro\\\/machiaj\\\/\"},{\"@type\":\"ListItem\",\"position\":7,\"name\":\"Sensai Silky Bronze Natural Veil Compact pudra compacta pentru str\u0103lucirea \u0219i netezirea pielii culoare SC02 Natural 8,5 g\"}]},{\"@type\":\"WebSite\",\"@id\":\"https:\\\/\\\/shopatoa.com\\\/ro\\\/#website\",\"url\":\"https:\\\/\\\/shopatoa.com\\\/ro\\\/\",\"name\":\"SHOPATOA\",\"description\":\"\",\"publisher\":{\"@id\":\"https:\\\/\\\/shopatoa.com\\\/ro\\\/#organization\"},\"potentialAction\":[{\"@type\":\"SearchAction\",\"target\":{\"@type\":\"EntryPoint\",\"urlTemplate\":\"https:\\\/\\\/shopatoa.com\\\/ro\\\/?s={search_term_string}\"},\"query-input\":{\"@type\":\"PropertyValueSpecification\",\"valueRequired\":true,\"valueName\":\"search_term_string\"}}],\"inLanguage\":\"ro-RO\"},{\"@type\":\"Organization\",\"@id\":\"https:\\\/\\\/shopatoa.com\\\/ro\\\/#organization\",\"name\":\"SHOPATOA\",\"url\":\"https:\\\/\\\/shopatoa.com\\\/ro\\\/\",\"logo\":{\"@type\":\"ImageObject\",\"inLanguage\":\"ro-RO\",\"@id\":\"https:\\\/\\\/shopatoa.com\\\/ro\\\/#\\\/schema\\\/logo\\\/image\\\/\",\"url\":\"https:\\\/\\\/storage.googleapis.com\\\/cz-shopatoa-img\\\/ro\\\/b4dac915-shopatoa_logo.png\",\"contentUrl\":\"https:\\\/\\\/storage.googleapis.com\\\/cz-shopatoa-img\\\/ro\\\/b4dac915-shopatoa_logo.png\",\"width\":416,\"height\":63,\"caption\":\"SHOPATOA\"},\"image\":{\"@id\":\"https:\\\/\\\/shopatoa.com\\\/ro\\\/#\\\/schema\\\/logo\\\/image\\\/\"}}]}<\/script>\n<!-- \/ Yoast SEO plugin. -->","yoast_head_json":{"title":"Sensai Silky Bronze Natural Veil Compact pudra compacta pentru str\u0103lucirea \u0219i netezirea pielii culoare SC02 Natural 8,5 g - SHOPATOA.COM","robots":{"index":"index","follow":"follow","max-snippet":"max-snippet:-1","max-image-preview":"max-image-preview:large","max-video-preview":"max-video-preview:-1"},"canonical":"https:\/\/shopatoa.com\/ro\/sensai-silky-bronze-natural-veil-compact-pudra-compacta-pentru-stralucirea-si-netezirea-pielii-culoare-sc02-natural-85-g\/","og_locale":"ro_RO","og_type":"article","og_title":"Sensai Silky Bronze Natural Veil Compact pudra compacta pentru str\u0103lucirea \u0219i netezirea pielii culoare SC02 Natural 8,5 g - SHOPATOA.COM","og_description":"Sensai Silky Bronze Natural Veil Compact, 8,5 g, Fond de ten pentru femei, Fixa\u021bi-v\u0103 machiajul pentru a v\u0103 asigura o rezisten\u021b\u0103 \u00eendelungat\u0103 \u0219i un finish impecabil. Pudra SensaiSilky BronzeNatural Veil Compact fixeaz\u0103 machiajul aplicat f\u0103r\u0103 s\u0103 se murd\u0103reasc\u0103 sau s\u0103 se depun\u0103 nedorit \u00een riduri. \u00cen plus, v\u0103 ofer\u0103 control asupra excesului de sebum \u0219i...","og_url":"https:\/\/shopatoa.com\/ro\/sensai-silky-bronze-natural-veil-compact-pudra-compacta-pentru-stralucirea-si-netezirea-pielii-culoare-sc02-natural-85-g\/","og_site_name":"SHOPATOA","article_modified_time":"2025-12-12T07:03:38+00:00","og_image":[{"width":800,"height":800,"url":"https:\/\/storage.googleapis.com\/cz-shopatoa-img\/ro\/b1b30d7d-unnamed-file.webp","type":"image\/webp"}],"twitter_card":"summary_large_image","twitter_misc":{"Timp estimat pentru citire":"1 minut"},"schema":{"@context":"https:\/\/schema.org","@graph":[{"@type":"WebPage","@id":"https:\/\/shopatoa.com\/ro\/sensai-silky-bronze-natural-veil-compact-pudra-compacta-pentru-stralucirea-si-netezirea-pielii-culoare-sc02-natural-85-g\/","url":"https:\/\/shopatoa.com\/ro\/sensai-silky-bronze-natural-veil-compact-pudra-compacta-pentru-stralucirea-si-netezirea-pielii-culoare-sc02-natural-85-g\/","name":"Sensai Silky Bronze Natural Veil Compact pudra compacta pentru str\u0103lucirea \u0219i netezirea pielii culoare SC02 Natural 8,5 g - SHOPATOA.COM","isPartOf":{"@id":"https:\/\/shopatoa.com\/ro\/#website"},"primaryImageOfPage":{"@id":"https:\/\/shopatoa.com\/ro\/sensai-silky-bronze-natural-veil-compact-pudra-compacta-pentru-stralucirea-si-netezirea-pielii-culoare-sc02-natural-85-g\/#primaryimage"},"image":{"@id":"https:\/\/shopatoa.com\/ro\/sensai-silky-bronze-natural-veil-compact-pudra-compacta-pentru-stralucirea-si-netezirea-pielii-culoare-sc02-natural-85-g\/#primaryimage"},"thumbnailUrl":"https:\/\/storage.googleapis.com\/cz-shopatoa-img\/ro\/b1b30d7d-unnamed-file.webp","datePublished":"2025-06-21T20:08:33+00:00","dateModified":"2025-12-12T07:03:38+00:00","breadcrumb":{"@id":"https:\/\/shopatoa.com\/ro\/sensai-silky-bronze-natural-veil-compact-pudra-compacta-pentru-stralucirea-si-netezirea-pielii-culoare-sc02-natural-85-g\/#breadcrumb"},"inLanguage":"ro-RO","potentialAction":[{"@type":"ReadAction","target":["https:\/\/shopatoa.com\/ro\/sensai-silky-bronze-natural-veil-compact-pudra-compacta-pentru-stralucirea-si-netezirea-pielii-culoare-sc02-natural-85-g\/"]}]},{"@type":"ImageObject","inLanguage":"ro-RO","@id":"https:\/\/shopatoa.com\/ro\/sensai-silky-bronze-natural-veil-compact-pudra-compacta-pentru-stralucirea-si-netezirea-pielii-culoare-sc02-natural-85-g\/#primaryimage","url":"https:\/\/storage.googleapis.com\/cz-shopatoa-img\/ro\/b1b30d7d-unnamed-file.webp","contentUrl":"https:\/\/storage.googleapis.com\/cz-shopatoa-img\/ro\/b1b30d7d-unnamed-file.webp","width":800,"height":800},{"@type":"BreadcrumbList","@id":"https:\/\/shopatoa.com\/ro\/sensai-silky-bronze-natural-veil-compact-pudra-compacta-pentru-stralucirea-si-netezirea-pielii-culoare-sc02-natural-85-g\/#breadcrumb","itemListElement":[{"@type":"ListItem","position":1,"name":"Dom\u016f","item":"https:\/\/shopatoa.com\/ro\/"},{"@type":"ListItem","position":2,"name":"Shop","item":"https:\/\/shopatoa.com\/ro\/shop\/"},{"@type":"ListItem","position":3,"name":"S\u0103n\u0103tate \u0219i frumuse\u021be","item":"https:\/\/shopatoa.com\/ro\/sanatate-si-frumusete\/"},{"@type":"ListItem","position":4,"name":"\u00cengrijire personal\u0103","item":"https:\/\/shopatoa.com\/ro\/ingrijire-personala\/"},{"@type":"ListItem","position":5,"name":"Cosmetice","item":"https:\/\/shopatoa.com\/ro\/cosmetice-ingrijire-personala\/"},{"@type":"ListItem","position":6,"name":"Machiaj","item":"https:\/\/shopatoa.com\/ro\/machiaj\/"},{"@type":"ListItem","position":7,"name":"Sensai Silky Bronze Natural Veil Compact pudra compacta pentru str\u0103lucirea \u0219i netezirea pielii culoare SC02 Natural 8,5 g"}]},{"@type":"WebSite","@id":"https:\/\/shopatoa.com\/ro\/#website","url":"https:\/\/shopatoa.com\/ro\/","name":"SHOPATOA","description":"","publisher":{"@id":"https:\/\/shopatoa.com\/ro\/#organization"},"potentialAction":[{"@type":"SearchAction","target":{"@type":"EntryPoint","urlTemplate":"https:\/\/shopatoa.com\/ro\/?s={search_term_string}"},"query-input":{"@type":"PropertyValueSpecification","valueRequired":true,"valueName":"search_term_string"}}],"inLanguage":"ro-RO"},{"@type":"Organization","@id":"https:\/\/shopatoa.com\/ro\/#organization","name":"SHOPATOA","url":"https:\/\/shopatoa.com\/ro\/","logo":{"@type":"ImageObject","inLanguage":"ro-RO","@id":"https:\/\/shopatoa.com\/ro\/#\/schema\/logo\/image\/","url":"https:\/\/storage.googleapis.com\/cz-shopatoa-img\/ro\/b4dac915-shopatoa_logo.png","contentUrl":"https:\/\/storage.googleapis.com\/cz-shopatoa-img\/ro\/b4dac915-shopatoa_logo.png","width":416,"height":63,"caption":"SHOPATOA"},"image":{"@id":"https:\/\/shopatoa.com\/ro\/#\/schema\/logo\/image\/"}}]}},"_links":{"self":[{"href":"https:\/\/shopatoa.com\/ro\/wp-json\/wp\/v2\/product\/427820","targetHints":{"allow":["GET"]}}],"collection":[{"href":"https:\/\/shopatoa.com\/ro\/wp-json\/wp\/v2\/product"}],"about":[{"href":"https:\/\/shopatoa.com\/ro\/wp-json\/wp\/v2\/types\/product"}],"replies":[{"embeddable":true,"href":"https:\/\/shopatoa.com\/ro\/wp-json\/wp\/v2\/comments?post=427820"}],"wp:featuredmedia":[{"embeddable":true,"href":"https:\/\/shopatoa.com\/ro\/wp-json\/wp\/v2\/media\/427821"}],"wp:attachment":[{"href":"https:\/\/shopatoa.com\/ro\/wp-json\/wp\/v2\/media?parent=427820"}],"wp:term":[{"taxonomy":"product_brand","embeddable":true,"href":"https:\/\/shopatoa.com\/ro\/wp-json\/wp\/v2\/product_brand?post=427820"},{"taxonomy":"product_cat","embeddable":true,"href":"https:\/\/shopatoa.com\/ro\/wp-json\/wp\/v2\/product_cat?post=427820"},{"taxonomy":"product_tag","embeddable":true,"href":"https:\/\/shopatoa.com\/ro\/wp-json\/wp\/v2\/product_tag?post=427820"}],"curies":[{"name":"wp","href":"https:\/\/api.w.org\/{rel}","templated":true}]}}