{"id":427922,"date":"2025-06-21T22:16:34","date_gmt":"2025-06-21T20:16:34","guid":{"rendered":"https:\/\/shopatoa.com\/ro\/bellissima-my-pro-diffon-df1-3000-uscator-de-par-pentru-par-cret-1-buc\/"},"modified":"2025-12-12T07:44:16","modified_gmt":"2025-12-12T06:44:16","slug":"bellissima-my-pro-diffon-df1-3000-uscator-de-par-pentru-par-cret-1-buc","status":"publish","type":"product","link":"https:\/\/shopatoa.com\/ro\/bellissima-my-pro-diffon-df1-3000-uscator-de-par-pentru-par-cret-1-buc\/","title":{"rendered":"Bellissima My Pro Diffon DF1 3000 uscator de par pentru p\u0103r cre\u021b 1 buc"},"content":{"rendered":"<p>Bellissima My Pro Diffon DF1 3000, 1 buc, Difuzoare pentru par pentru femei, Din c\u00e2nd \u00een c\u00e2nd, este indicat s\u0103 v\u0103 l\u0103sa\u021bi p\u0103rul s\u0103 se usuce liber dup\u0103 sp\u0103lare, \u00eens\u0103 nu exist\u0103 \u00eentotdeauna timp suficient pentru asta. \u0218i tocmai \u00een situa\u021biile \u00een care sunte\u021bi presat\u0103 de timp \u0219i ave\u021bi nevoie s\u0103 v\u0103 usca\u021bi p\u0103rul mai rapid \u0219i mai eficient din diverse motive, v\u0103 va fi de folos usc\u0103torul de p\u0103r Bellissima My Pro Diffon DF1 3000. Asigur\u0103 o uscare rapid\u0103, eficient\u0103, dar delicat\u0103 a oric\u0103rui tip de p\u0103r \u0219i permite o uscare u\u0219oar\u0103 a p\u0103rului, pentru ca acesta s\u0103 capete mai mult volum \u0219i s\u0103 ob\u021bine\u021bi u\u0219or o coafur\u0103 frumoas\u0103 \u0219i voluminoas\u0103 ca la salon.  Caracteristici:  usuc\u0103 delicat p\u0103rul potrivit \u00een special pentru p\u0103rul ondulat \u0219i cre\u021b define\u0219te valuri \u0219i bucle men\u021bine aspectul s\u0103n\u0103tos al p\u0103rului  Cum se utilizeaz\u0103: Se vor urma instruc\u021biunile de utilizare incluse.<\/p>\n","protected":false},"excerpt":{"rendered":"<p>Bellissima My Pro Diffon DF1 3000, 1 buc, Difuzoare pentru par pentru femei, Din c\u00e2nd \u00een c\u00e2nd, este indicat s\u0103 v\u0103 l\u0103sa\u021bi p\u0103rul s\u0103 se usuce liber dup\u0103 sp\u0103lare, \u00eens\u0103 nu exist\u0103 \u00eentotdeauna timp suficient pentru asta. \u0218i tocmai \u00een situa\u021biile \u00een care sunte\u021bi presat\u0103 de timp \u0219i ave\u021bi nevoie s\u0103 v\u0103 usca\u021bi p\u0103rul mai&#8230;<\/p>\n","protected":false},"featured_media":427923,"comment_status":"closed","ping_status":"open","template":"","meta":{"_acf_changed":false,"_kadence_starter_templates_imported_post":false,"_kad_post_transparent":"","_kad_post_title":"","_kad_post_layout":"","_kad_post_sidebar_id":"","_kad_post_content_style":"","_kad_post_vertical_padding":"","_kad_post_feature":"","_kad_post_feature_position":"","_kad_post_header":false,"_kad_post_footer":false,"_kad_post_classname":""},"product_brand":[976],"product_cat":[1563,1590,1562,1657,1658],"product_tag":[],"class_list":{"0":"post-427922","1":"product","2":"type-product","3":"status-publish","4":"has-post-thumbnail","6":"product_brand-bellissima","7":"product_cat-ingrijire-personala","8":"product_cat-ingrijirea-parului","9":"product_cat-sanatate-si-frumusete","10":"product_cat-unelte-de-coafat","11":"product_cat-uscatoare-de-par","12":"pa_gen-female","13":"pa_marime-1-buc","15":"first","16":"instock","17":"sale","18":"product-type-external","19":"entry","20":"content-bg","21":"loop-entry"},"acf":[],"yoast_head":"<!-- This site is optimized with the Yoast SEO plugin v27.4 - https:\/\/yoast.com\/product\/yoast-seo-wordpress\/ -->\n<title>Bellissima My Pro Diffon DF1 3000 uscator de par pentru p\u0103r cre\u021b 1 buc - SHOPATOA.COM<\/title>\n<meta name=\"robots\" content=\"index, follow, max-snippet:-1, max-image-preview:large, max-video-preview:-1\" \/>\n<link rel=\"canonical\" href=\"https:\/\/shopatoa.com\/ro\/bellissima-my-pro-diffon-df1-3000-uscator-de-par-pentru-par-cret-1-buc\/\" \/>\n<meta property=\"og:locale\" content=\"ro_RO\" \/>\n<meta property=\"og:type\" content=\"article\" \/>\n<meta property=\"og:title\" content=\"Bellissima My Pro Diffon DF1 3000 uscator de par pentru p\u0103r cre\u021b 1 buc - SHOPATOA.COM\" \/>\n<meta property=\"og:description\" content=\"Bellissima My Pro Diffon DF1 3000, 1 buc, Difuzoare pentru par pentru femei, Din c\u00e2nd \u00een c\u00e2nd, este indicat s\u0103 v\u0103 l\u0103sa\u021bi p\u0103rul s\u0103 se usuce liber dup\u0103 sp\u0103lare, \u00eens\u0103 nu exist\u0103 \u00eentotdeauna timp suficient pentru asta. \u0218i tocmai \u00een situa\u021biile \u00een care sunte\u021bi presat\u0103 de timp \u0219i ave\u021bi nevoie s\u0103 v\u0103 usca\u021bi p\u0103rul mai...\" \/>\n<meta property=\"og:url\" content=\"https:\/\/shopatoa.com\/ro\/bellissima-my-pro-diffon-df1-3000-uscator-de-par-pentru-par-cret-1-buc\/\" \/>\n<meta property=\"og:site_name\" content=\"SHOPATOA\" \/>\n<meta property=\"article:modified_time\" content=\"2025-12-12T06:44:16+00:00\" \/>\n<meta property=\"og:image\" content=\"https:\/\/storage.googleapis.com\/cz-shopatoa-img\/ro\/f5b298d5-unnamed-file.webp\" \/>\n\t<meta property=\"og:image:width\" content=\"800\" \/>\n\t<meta property=\"og:image:height\" content=\"800\" \/>\n\t<meta property=\"og:image:type\" content=\"image\/webp\" \/>\n<meta name=\"twitter:card\" content=\"summary_large_image\" \/>\n<meta name=\"twitter:label1\" content=\"Timp estimat pentru citire\" \/>\n\t<meta name=\"twitter:data1\" content=\"1 minut\" \/>\n<script type=\"application\/ld+json\" class=\"yoast-schema-graph\">{\"@context\":\"https:\\\/\\\/schema.org\",\"@graph\":[{\"@type\":\"WebPage\",\"@id\":\"https:\\\/\\\/shopatoa.com\\\/ro\\\/bellissima-my-pro-diffon-df1-3000-uscator-de-par-pentru-par-cret-1-buc\\\/\",\"url\":\"https:\\\/\\\/shopatoa.com\\\/ro\\\/bellissima-my-pro-diffon-df1-3000-uscator-de-par-pentru-par-cret-1-buc\\\/\",\"name\":\"Bellissima My Pro Diffon DF1 3000 uscator de par pentru p\u0103r cre\u021b 1 buc - SHOPATOA.COM\",\"isPartOf\":{\"@id\":\"https:\\\/\\\/shopatoa.com\\\/ro\\\/#website\"},\"primaryImageOfPage\":{\"@id\":\"https:\\\/\\\/shopatoa.com\\\/ro\\\/bellissima-my-pro-diffon-df1-3000-uscator-de-par-pentru-par-cret-1-buc\\\/#primaryimage\"},\"image\":{\"@id\":\"https:\\\/\\\/shopatoa.com\\\/ro\\\/bellissima-my-pro-diffon-df1-3000-uscator-de-par-pentru-par-cret-1-buc\\\/#primaryimage\"},\"thumbnailUrl\":\"https:\\\/\\\/storage.googleapis.com\\\/cz-shopatoa-img\\\/ro\\\/f5b298d5-unnamed-file.webp\",\"datePublished\":\"2025-06-21T20:16:34+00:00\",\"dateModified\":\"2025-12-12T06:44:16+00:00\",\"breadcrumb\":{\"@id\":\"https:\\\/\\\/shopatoa.com\\\/ro\\\/bellissima-my-pro-diffon-df1-3000-uscator-de-par-pentru-par-cret-1-buc\\\/#breadcrumb\"},\"inLanguage\":\"ro-RO\",\"potentialAction\":[{\"@type\":\"ReadAction\",\"target\":[\"https:\\\/\\\/shopatoa.com\\\/ro\\\/bellissima-my-pro-diffon-df1-3000-uscator-de-par-pentru-par-cret-1-buc\\\/\"]}]},{\"@type\":\"ImageObject\",\"inLanguage\":\"ro-RO\",\"@id\":\"https:\\\/\\\/shopatoa.com\\\/ro\\\/bellissima-my-pro-diffon-df1-3000-uscator-de-par-pentru-par-cret-1-buc\\\/#primaryimage\",\"url\":\"https:\\\/\\\/storage.googleapis.com\\\/cz-shopatoa-img\\\/ro\\\/f5b298d5-unnamed-file.webp\",\"contentUrl\":\"https:\\\/\\\/storage.googleapis.com\\\/cz-shopatoa-img\\\/ro\\\/f5b298d5-unnamed-file.webp\",\"width\":800,\"height\":800},{\"@type\":\"BreadcrumbList\",\"@id\":\"https:\\\/\\\/shopatoa.com\\\/ro\\\/bellissima-my-pro-diffon-df1-3000-uscator-de-par-pentru-par-cret-1-buc\\\/#breadcrumb\",\"itemListElement\":[{\"@type\":\"ListItem\",\"position\":1,\"name\":\"Dom\u016f\",\"item\":\"https:\\\/\\\/shopatoa.com\\\/ro\\\/\"},{\"@type\":\"ListItem\",\"position\":2,\"name\":\"Shop\",\"item\":\"https:\\\/\\\/shopatoa.com\\\/ro\\\/shop\\\/\"},{\"@type\":\"ListItem\",\"position\":3,\"name\":\"S\u0103n\u0103tate \u0219i frumuse\u021be\",\"item\":\"https:\\\/\\\/shopatoa.com\\\/ro\\\/sanatate-si-frumusete\\\/\"},{\"@type\":\"ListItem\",\"position\":4,\"name\":\"\u00cengrijire personal\u0103\",\"item\":\"https:\\\/\\\/shopatoa.com\\\/ro\\\/ingrijire-personala\\\/\"},{\"@type\":\"ListItem\",\"position\":5,\"name\":\"\u00cengrijirea p\u0103rului\",\"item\":\"https:\\\/\\\/shopatoa.com\\\/ro\\\/ingrijirea-parului\\\/\"},{\"@type\":\"ListItem\",\"position\":6,\"name\":\"Unelte de coafat\",\"item\":\"https:\\\/\\\/shopatoa.com\\\/ro\\\/unelte-de-coafat\\\/\"},{\"@type\":\"ListItem\",\"position\":7,\"name\":\"Usc\u0103toare de p\u0103r\",\"item\":\"https:\\\/\\\/shopatoa.com\\\/ro\\\/uscatoare-de-par\\\/\"},{\"@type\":\"ListItem\",\"position\":8,\"name\":\"Bellissima My Pro Diffon DF1 3000 uscator de par pentru p\u0103r cre\u021b 1 buc\"}]},{\"@type\":\"WebSite\",\"@id\":\"https:\\\/\\\/shopatoa.com\\\/ro\\\/#website\",\"url\":\"https:\\\/\\\/shopatoa.com\\\/ro\\\/\",\"name\":\"SHOPATOA\",\"description\":\"\",\"publisher\":{\"@id\":\"https:\\\/\\\/shopatoa.com\\\/ro\\\/#organization\"},\"potentialAction\":[{\"@type\":\"SearchAction\",\"target\":{\"@type\":\"EntryPoint\",\"urlTemplate\":\"https:\\\/\\\/shopatoa.com\\\/ro\\\/?s={search_term_string}\"},\"query-input\":{\"@type\":\"PropertyValueSpecification\",\"valueRequired\":true,\"valueName\":\"search_term_string\"}}],\"inLanguage\":\"ro-RO\"},{\"@type\":\"Organization\",\"@id\":\"https:\\\/\\\/shopatoa.com\\\/ro\\\/#organization\",\"name\":\"SHOPATOA\",\"url\":\"https:\\\/\\\/shopatoa.com\\\/ro\\\/\",\"logo\":{\"@type\":\"ImageObject\",\"inLanguage\":\"ro-RO\",\"@id\":\"https:\\\/\\\/shopatoa.com\\\/ro\\\/#\\\/schema\\\/logo\\\/image\\\/\",\"url\":\"https:\\\/\\\/storage.googleapis.com\\\/cz-shopatoa-img\\\/ro\\\/b4dac915-shopatoa_logo.png\",\"contentUrl\":\"https:\\\/\\\/storage.googleapis.com\\\/cz-shopatoa-img\\\/ro\\\/b4dac915-shopatoa_logo.png\",\"width\":416,\"height\":63,\"caption\":\"SHOPATOA\"},\"image\":{\"@id\":\"https:\\\/\\\/shopatoa.com\\\/ro\\\/#\\\/schema\\\/logo\\\/image\\\/\"}}]}<\/script>\n<!-- \/ Yoast SEO plugin. -->","yoast_head_json":{"title":"Bellissima My Pro Diffon DF1 3000 uscator de par pentru p\u0103r cre\u021b 1 buc - SHOPATOA.COM","robots":{"index":"index","follow":"follow","max-snippet":"max-snippet:-1","max-image-preview":"max-image-preview:large","max-video-preview":"max-video-preview:-1"},"canonical":"https:\/\/shopatoa.com\/ro\/bellissima-my-pro-diffon-df1-3000-uscator-de-par-pentru-par-cret-1-buc\/","og_locale":"ro_RO","og_type":"article","og_title":"Bellissima My Pro Diffon DF1 3000 uscator de par pentru p\u0103r cre\u021b 1 buc - SHOPATOA.COM","og_description":"Bellissima My Pro Diffon DF1 3000, 1 buc, Difuzoare pentru par pentru femei, Din c\u00e2nd \u00een c\u00e2nd, este indicat s\u0103 v\u0103 l\u0103sa\u021bi p\u0103rul s\u0103 se usuce liber dup\u0103 sp\u0103lare, \u00eens\u0103 nu exist\u0103 \u00eentotdeauna timp suficient pentru asta. \u0218i tocmai \u00een situa\u021biile \u00een care sunte\u021bi presat\u0103 de timp \u0219i ave\u021bi nevoie s\u0103 v\u0103 usca\u021bi p\u0103rul mai...","og_url":"https:\/\/shopatoa.com\/ro\/bellissima-my-pro-diffon-df1-3000-uscator-de-par-pentru-par-cret-1-buc\/","og_site_name":"SHOPATOA","article_modified_time":"2025-12-12T06:44:16+00:00","og_image":[{"width":800,"height":800,"url":"https:\/\/storage.googleapis.com\/cz-shopatoa-img\/ro\/f5b298d5-unnamed-file.webp","type":"image\/webp"}],"twitter_card":"summary_large_image","twitter_misc":{"Timp estimat pentru citire":"1 minut"},"schema":{"@context":"https:\/\/schema.org","@graph":[{"@type":"WebPage","@id":"https:\/\/shopatoa.com\/ro\/bellissima-my-pro-diffon-df1-3000-uscator-de-par-pentru-par-cret-1-buc\/","url":"https:\/\/shopatoa.com\/ro\/bellissima-my-pro-diffon-df1-3000-uscator-de-par-pentru-par-cret-1-buc\/","name":"Bellissima My Pro Diffon DF1 3000 uscator de par pentru p\u0103r cre\u021b 1 buc - SHOPATOA.COM","isPartOf":{"@id":"https:\/\/shopatoa.com\/ro\/#website"},"primaryImageOfPage":{"@id":"https:\/\/shopatoa.com\/ro\/bellissima-my-pro-diffon-df1-3000-uscator-de-par-pentru-par-cret-1-buc\/#primaryimage"},"image":{"@id":"https:\/\/shopatoa.com\/ro\/bellissima-my-pro-diffon-df1-3000-uscator-de-par-pentru-par-cret-1-buc\/#primaryimage"},"thumbnailUrl":"https:\/\/storage.googleapis.com\/cz-shopatoa-img\/ro\/f5b298d5-unnamed-file.webp","datePublished":"2025-06-21T20:16:34+00:00","dateModified":"2025-12-12T06:44:16+00:00","breadcrumb":{"@id":"https:\/\/shopatoa.com\/ro\/bellissima-my-pro-diffon-df1-3000-uscator-de-par-pentru-par-cret-1-buc\/#breadcrumb"},"inLanguage":"ro-RO","potentialAction":[{"@type":"ReadAction","target":["https:\/\/shopatoa.com\/ro\/bellissima-my-pro-diffon-df1-3000-uscator-de-par-pentru-par-cret-1-buc\/"]}]},{"@type":"ImageObject","inLanguage":"ro-RO","@id":"https:\/\/shopatoa.com\/ro\/bellissima-my-pro-diffon-df1-3000-uscator-de-par-pentru-par-cret-1-buc\/#primaryimage","url":"https:\/\/storage.googleapis.com\/cz-shopatoa-img\/ro\/f5b298d5-unnamed-file.webp","contentUrl":"https:\/\/storage.googleapis.com\/cz-shopatoa-img\/ro\/f5b298d5-unnamed-file.webp","width":800,"height":800},{"@type":"BreadcrumbList","@id":"https:\/\/shopatoa.com\/ro\/bellissima-my-pro-diffon-df1-3000-uscator-de-par-pentru-par-cret-1-buc\/#breadcrumb","itemListElement":[{"@type":"ListItem","position":1,"name":"Dom\u016f","item":"https:\/\/shopatoa.com\/ro\/"},{"@type":"ListItem","position":2,"name":"Shop","item":"https:\/\/shopatoa.com\/ro\/shop\/"},{"@type":"ListItem","position":3,"name":"S\u0103n\u0103tate \u0219i frumuse\u021be","item":"https:\/\/shopatoa.com\/ro\/sanatate-si-frumusete\/"},{"@type":"ListItem","position":4,"name":"\u00cengrijire personal\u0103","item":"https:\/\/shopatoa.com\/ro\/ingrijire-personala\/"},{"@type":"ListItem","position":5,"name":"\u00cengrijirea p\u0103rului","item":"https:\/\/shopatoa.com\/ro\/ingrijirea-parului\/"},{"@type":"ListItem","position":6,"name":"Unelte de coafat","item":"https:\/\/shopatoa.com\/ro\/unelte-de-coafat\/"},{"@type":"ListItem","position":7,"name":"Usc\u0103toare de p\u0103r","item":"https:\/\/shopatoa.com\/ro\/uscatoare-de-par\/"},{"@type":"ListItem","position":8,"name":"Bellissima My Pro Diffon DF1 3000 uscator de par pentru p\u0103r cre\u021b 1 buc"}]},{"@type":"WebSite","@id":"https:\/\/shopatoa.com\/ro\/#website","url":"https:\/\/shopatoa.com\/ro\/","name":"SHOPATOA","description":"","publisher":{"@id":"https:\/\/shopatoa.com\/ro\/#organization"},"potentialAction":[{"@type":"SearchAction","target":{"@type":"EntryPoint","urlTemplate":"https:\/\/shopatoa.com\/ro\/?s={search_term_string}"},"query-input":{"@type":"PropertyValueSpecification","valueRequired":true,"valueName":"search_term_string"}}],"inLanguage":"ro-RO"},{"@type":"Organization","@id":"https:\/\/shopatoa.com\/ro\/#organization","name":"SHOPATOA","url":"https:\/\/shopatoa.com\/ro\/","logo":{"@type":"ImageObject","inLanguage":"ro-RO","@id":"https:\/\/shopatoa.com\/ro\/#\/schema\/logo\/image\/","url":"https:\/\/storage.googleapis.com\/cz-shopatoa-img\/ro\/b4dac915-shopatoa_logo.png","contentUrl":"https:\/\/storage.googleapis.com\/cz-shopatoa-img\/ro\/b4dac915-shopatoa_logo.png","width":416,"height":63,"caption":"SHOPATOA"},"image":{"@id":"https:\/\/shopatoa.com\/ro\/#\/schema\/logo\/image\/"}}]}},"_links":{"self":[{"href":"https:\/\/shopatoa.com\/ro\/wp-json\/wp\/v2\/product\/427922","targetHints":{"allow":["GET"]}}],"collection":[{"href":"https:\/\/shopatoa.com\/ro\/wp-json\/wp\/v2\/product"}],"about":[{"href":"https:\/\/shopatoa.com\/ro\/wp-json\/wp\/v2\/types\/product"}],"replies":[{"embeddable":true,"href":"https:\/\/shopatoa.com\/ro\/wp-json\/wp\/v2\/comments?post=427922"}],"wp:featuredmedia":[{"embeddable":true,"href":"https:\/\/shopatoa.com\/ro\/wp-json\/wp\/v2\/media\/427923"}],"wp:attachment":[{"href":"https:\/\/shopatoa.com\/ro\/wp-json\/wp\/v2\/media?parent=427922"}],"wp:term":[{"taxonomy":"product_brand","embeddable":true,"href":"https:\/\/shopatoa.com\/ro\/wp-json\/wp\/v2\/product_brand?post=427922"},{"taxonomy":"product_cat","embeddable":true,"href":"https:\/\/shopatoa.com\/ro\/wp-json\/wp\/v2\/product_cat?post=427922"},{"taxonomy":"product_tag","embeddable":true,"href":"https:\/\/shopatoa.com\/ro\/wp-json\/wp\/v2\/product_tag?post=427922"}],"curies":[{"name":"wp","href":"https:\/\/api.w.org\/{rel}","templated":true}]}}