{"id":428278,"date":"2025-06-21T22:48:02","date_gmt":"2025-06-21T20:48:02","guid":{"rendered":"https:\/\/shopatoa.com\/ro\/david-beckham-classic-set-cadou-pentru-barbati\/"},"modified":"2025-12-12T06:24:59","modified_gmt":"2025-12-12T05:24:59","slug":"david-beckham-classic-set-cadou-pentru-barbati","status":"publish","type":"product","link":"https:\/\/shopatoa.com\/ro\/david-beckham-classic-set-cadou-pentru-barbati\/","title":{"rendered":"David Beckham Classic set cadou pentru b\u0103rba\u021bi"},"content":{"rendered":"<p>David Beckham Classic, Seturi cosmetice pentru b\u0103rba\u021bi, C\u0103uta\u021bi cadoul ideal pentru so\u021bul, partenerul, fratele, tat\u0103l sau poate prietenul dvs.? Setul de parfumuri pentru b\u0103rba\u021bi David Beckham Classic aduce sigur bucurii oric\u0103rui gentleman. D\u0103rui\u021bi celor dragi acest set, care con\u021bine nu una, ci mai multe surprize parfumate.  Caracteristici:  foarte potrivit ca un cadou setul con\u021bine un parfum \u0219i accesorii cosmetice din aceea\u0219i colec\u021bie cosmeticele parfumate prelungesc persisten\u021ba parfumului miroase pl\u0103cut \u00eemprosp\u0103teaz\u0103 pl\u0103cut  Setul con\u021bine:   David Beckham Classic Eau de Toilette 50 ml  gel de du\u0219 200 ml  Cum se utilizeaz\u0103: Folosi\u021bi fiecare produs din setul cosmetic conform instruc\u021biunilor proprii.<\/p>\n","protected":false},"excerpt":{"rendered":"<p>David Beckham Classic, Seturi cosmetice pentru b\u0103rba\u021bi, C\u0103uta\u021bi cadoul ideal pentru so\u021bul, partenerul, fratele, tat\u0103l sau poate prietenul dvs.? Setul de parfumuri pentru b\u0103rba\u021bi David Beckham Classic aduce sigur bucurii oric\u0103rui gentleman. D\u0103rui\u021bi celor dragi acest set, care con\u021bine nu una, ci mai multe surprize parfumate. Caracteristici: foarte potrivit ca un cadou setul con\u021bine un&#8230;<\/p>\n","protected":false},"featured_media":428279,"comment_status":"closed","ping_status":"open","template":"","meta":{"_acf_changed":false,"_kadence_starter_templates_imported_post":false,"_kad_post_transparent":"","_kad_post_title":"","_kad_post_layout":"","_kad_post_sidebar_id":"","_kad_post_content_style":"","_kad_post_vertical_padding":"","_kad_post_feature":"","_kad_post_feature_position":"","_kad_post_header":false,"_kad_post_footer":false,"_kad_post_classname":""},"product_brand":[99],"product_cat":[1570,1564,1571,1563,1562],"product_tag":[],"class_list":{"0":"post-428278","1":"product","2":"type-product","3":"status-publish","4":"has-post-thumbnail","6":"product_brand-david-beckham","7":"product_cat-baie-si-corp","8":"product_cat-cosmetice-ingrijire-personala","9":"product_cat-gel-de-dus","10":"product_cat-ingrijire-personala","11":"product_cat-sanatate-si-frumusete","12":"pa_gen-male","14":"first","15":"instock","16":"sale","17":"product-type-external","18":"entry","19":"content-bg","20":"loop-entry"},"acf":[],"yoast_head":"<!-- This site is optimized with the Yoast SEO plugin v27.3 - https:\/\/yoast.com\/product\/yoast-seo-wordpress\/ -->\n<title>David Beckham Classic set cadou pentru b\u0103rba\u021bi - SHOPATOA.COM<\/title>\n<meta name=\"robots\" content=\"index, follow, max-snippet:-1, max-image-preview:large, max-video-preview:-1\" \/>\n<link rel=\"canonical\" href=\"https:\/\/shopatoa.com\/ro\/david-beckham-classic-set-cadou-pentru-barbati\/\" \/>\n<meta property=\"og:locale\" content=\"ro_RO\" \/>\n<meta property=\"og:type\" content=\"article\" \/>\n<meta property=\"og:title\" content=\"David Beckham Classic set cadou pentru b\u0103rba\u021bi - SHOPATOA.COM\" \/>\n<meta property=\"og:description\" content=\"David Beckham Classic, Seturi cosmetice pentru b\u0103rba\u021bi, C\u0103uta\u021bi cadoul ideal pentru so\u021bul, partenerul, fratele, tat\u0103l sau poate prietenul dvs.? Setul de parfumuri pentru b\u0103rba\u021bi David Beckham Classic aduce sigur bucurii oric\u0103rui gentleman. D\u0103rui\u021bi celor dragi acest set, care con\u021bine nu una, ci mai multe surprize parfumate. Caracteristici: foarte potrivit ca un cadou setul con\u021bine un...\" \/>\n<meta property=\"og:url\" content=\"https:\/\/shopatoa.com\/ro\/david-beckham-classic-set-cadou-pentru-barbati\/\" \/>\n<meta property=\"og:site_name\" content=\"SHOPATOA\" \/>\n<meta property=\"article:modified_time\" content=\"2025-12-12T05:24:59+00:00\" \/>\n<meta property=\"og:image\" content=\"https:\/\/storage.googleapis.com\/cz-shopatoa-img\/ro\/316bf14b-unnamed-file.webp\" \/>\n\t<meta property=\"og:image:width\" content=\"800\" \/>\n\t<meta property=\"og:image:height\" content=\"800\" \/>\n\t<meta property=\"og:image:type\" content=\"image\/webp\" \/>\n<meta name=\"twitter:card\" content=\"summary_large_image\" \/>\n<meta name=\"twitter:label1\" content=\"Timp estimat pentru citire\" \/>\n\t<meta name=\"twitter:data1\" content=\"1 minut\" \/>\n<script type=\"application\/ld+json\" class=\"yoast-schema-graph\">{\"@context\":\"https:\\\/\\\/schema.org\",\"@graph\":[{\"@type\":\"WebPage\",\"@id\":\"https:\\\/\\\/shopatoa.com\\\/ro\\\/david-beckham-classic-set-cadou-pentru-barbati\\\/\",\"url\":\"https:\\\/\\\/shopatoa.com\\\/ro\\\/david-beckham-classic-set-cadou-pentru-barbati\\\/\",\"name\":\"David Beckham Classic set cadou pentru b\u0103rba\u021bi - SHOPATOA.COM\",\"isPartOf\":{\"@id\":\"https:\\\/\\\/shopatoa.com\\\/ro\\\/#website\"},\"primaryImageOfPage\":{\"@id\":\"https:\\\/\\\/shopatoa.com\\\/ro\\\/david-beckham-classic-set-cadou-pentru-barbati\\\/#primaryimage\"},\"image\":{\"@id\":\"https:\\\/\\\/shopatoa.com\\\/ro\\\/david-beckham-classic-set-cadou-pentru-barbati\\\/#primaryimage\"},\"thumbnailUrl\":\"https:\\\/\\\/storage.googleapis.com\\\/cz-shopatoa-img\\\/ro\\\/316bf14b-unnamed-file.webp\",\"datePublished\":\"2025-06-21T20:48:02+00:00\",\"dateModified\":\"2025-12-12T05:24:59+00:00\",\"breadcrumb\":{\"@id\":\"https:\\\/\\\/shopatoa.com\\\/ro\\\/david-beckham-classic-set-cadou-pentru-barbati\\\/#breadcrumb\"},\"inLanguage\":\"ro-RO\",\"potentialAction\":[{\"@type\":\"ReadAction\",\"target\":[\"https:\\\/\\\/shopatoa.com\\\/ro\\\/david-beckham-classic-set-cadou-pentru-barbati\\\/\"]}]},{\"@type\":\"ImageObject\",\"inLanguage\":\"ro-RO\",\"@id\":\"https:\\\/\\\/shopatoa.com\\\/ro\\\/david-beckham-classic-set-cadou-pentru-barbati\\\/#primaryimage\",\"url\":\"https:\\\/\\\/storage.googleapis.com\\\/cz-shopatoa-img\\\/ro\\\/316bf14b-unnamed-file.webp\",\"contentUrl\":\"https:\\\/\\\/storage.googleapis.com\\\/cz-shopatoa-img\\\/ro\\\/316bf14b-unnamed-file.webp\",\"width\":800,\"height\":800},{\"@type\":\"BreadcrumbList\",\"@id\":\"https:\\\/\\\/shopatoa.com\\\/ro\\\/david-beckham-classic-set-cadou-pentru-barbati\\\/#breadcrumb\",\"itemListElement\":[{\"@type\":\"ListItem\",\"position\":1,\"name\":\"Dom\u016f\",\"item\":\"https:\\\/\\\/shopatoa.com\\\/ro\\\/\"},{\"@type\":\"ListItem\",\"position\":2,\"name\":\"Shop\",\"item\":\"https:\\\/\\\/shopatoa.com\\\/ro\\\/shop\\\/\"},{\"@type\":\"ListItem\",\"position\":3,\"name\":\"S\u0103n\u0103tate \u0219i frumuse\u021be\",\"item\":\"https:\\\/\\\/shopatoa.com\\\/ro\\\/sanatate-si-frumusete\\\/\"},{\"@type\":\"ListItem\",\"position\":4,\"name\":\"\u00cengrijire personal\u0103\",\"item\":\"https:\\\/\\\/shopatoa.com\\\/ro\\\/ingrijire-personala\\\/\"},{\"@type\":\"ListItem\",\"position\":5,\"name\":\"Cosmetice\",\"item\":\"https:\\\/\\\/shopatoa.com\\\/ro\\\/cosmetice-ingrijire-personala\\\/\"},{\"@type\":\"ListItem\",\"position\":6,\"name\":\"Baie \u0219i corp\",\"item\":\"https:\\\/\\\/shopatoa.com\\\/ro\\\/baie-si-corp\\\/\"},{\"@type\":\"ListItem\",\"position\":7,\"name\":\"Gel de du\u0219\",\"item\":\"https:\\\/\\\/shopatoa.com\\\/ro\\\/gel-de-dus\\\/\"},{\"@type\":\"ListItem\",\"position\":8,\"name\":\"David Beckham Classic set cadou pentru b\u0103rba\u021bi\"}]},{\"@type\":\"WebSite\",\"@id\":\"https:\\\/\\\/shopatoa.com\\\/ro\\\/#website\",\"url\":\"https:\\\/\\\/shopatoa.com\\\/ro\\\/\",\"name\":\"SHOPATOA\",\"description\":\"\",\"publisher\":{\"@id\":\"https:\\\/\\\/shopatoa.com\\\/ro\\\/#organization\"},\"potentialAction\":[{\"@type\":\"SearchAction\",\"target\":{\"@type\":\"EntryPoint\",\"urlTemplate\":\"https:\\\/\\\/shopatoa.com\\\/ro\\\/?s={search_term_string}\"},\"query-input\":{\"@type\":\"PropertyValueSpecification\",\"valueRequired\":true,\"valueName\":\"search_term_string\"}}],\"inLanguage\":\"ro-RO\"},{\"@type\":\"Organization\",\"@id\":\"https:\\\/\\\/shopatoa.com\\\/ro\\\/#organization\",\"name\":\"SHOPATOA\",\"url\":\"https:\\\/\\\/shopatoa.com\\\/ro\\\/\",\"logo\":{\"@type\":\"ImageObject\",\"inLanguage\":\"ro-RO\",\"@id\":\"https:\\\/\\\/shopatoa.com\\\/ro\\\/#\\\/schema\\\/logo\\\/image\\\/\",\"url\":\"https:\\\/\\\/storage.googleapis.com\\\/cz-shopatoa-img\\\/ro\\\/b4dac915-shopatoa_logo.png\",\"contentUrl\":\"https:\\\/\\\/storage.googleapis.com\\\/cz-shopatoa-img\\\/ro\\\/b4dac915-shopatoa_logo.png\",\"width\":416,\"height\":63,\"caption\":\"SHOPATOA\"},\"image\":{\"@id\":\"https:\\\/\\\/shopatoa.com\\\/ro\\\/#\\\/schema\\\/logo\\\/image\\\/\"}}]}<\/script>\n<!-- \/ Yoast SEO plugin. -->","yoast_head_json":{"title":"David Beckham Classic set cadou pentru b\u0103rba\u021bi - SHOPATOA.COM","robots":{"index":"index","follow":"follow","max-snippet":"max-snippet:-1","max-image-preview":"max-image-preview:large","max-video-preview":"max-video-preview:-1"},"canonical":"https:\/\/shopatoa.com\/ro\/david-beckham-classic-set-cadou-pentru-barbati\/","og_locale":"ro_RO","og_type":"article","og_title":"David Beckham Classic set cadou pentru b\u0103rba\u021bi - SHOPATOA.COM","og_description":"David Beckham Classic, Seturi cosmetice pentru b\u0103rba\u021bi, C\u0103uta\u021bi cadoul ideal pentru so\u021bul, partenerul, fratele, tat\u0103l sau poate prietenul dvs.? Setul de parfumuri pentru b\u0103rba\u021bi David Beckham Classic aduce sigur bucurii oric\u0103rui gentleman. D\u0103rui\u021bi celor dragi acest set, care con\u021bine nu una, ci mai multe surprize parfumate. Caracteristici: foarte potrivit ca un cadou setul con\u021bine un...","og_url":"https:\/\/shopatoa.com\/ro\/david-beckham-classic-set-cadou-pentru-barbati\/","og_site_name":"SHOPATOA","article_modified_time":"2025-12-12T05:24:59+00:00","og_image":[{"width":800,"height":800,"url":"https:\/\/storage.googleapis.com\/cz-shopatoa-img\/ro\/316bf14b-unnamed-file.webp","type":"image\/webp"}],"twitter_card":"summary_large_image","twitter_misc":{"Timp estimat pentru citire":"1 minut"},"schema":{"@context":"https:\/\/schema.org","@graph":[{"@type":"WebPage","@id":"https:\/\/shopatoa.com\/ro\/david-beckham-classic-set-cadou-pentru-barbati\/","url":"https:\/\/shopatoa.com\/ro\/david-beckham-classic-set-cadou-pentru-barbati\/","name":"David Beckham Classic set cadou pentru b\u0103rba\u021bi - SHOPATOA.COM","isPartOf":{"@id":"https:\/\/shopatoa.com\/ro\/#website"},"primaryImageOfPage":{"@id":"https:\/\/shopatoa.com\/ro\/david-beckham-classic-set-cadou-pentru-barbati\/#primaryimage"},"image":{"@id":"https:\/\/shopatoa.com\/ro\/david-beckham-classic-set-cadou-pentru-barbati\/#primaryimage"},"thumbnailUrl":"https:\/\/storage.googleapis.com\/cz-shopatoa-img\/ro\/316bf14b-unnamed-file.webp","datePublished":"2025-06-21T20:48:02+00:00","dateModified":"2025-12-12T05:24:59+00:00","breadcrumb":{"@id":"https:\/\/shopatoa.com\/ro\/david-beckham-classic-set-cadou-pentru-barbati\/#breadcrumb"},"inLanguage":"ro-RO","potentialAction":[{"@type":"ReadAction","target":["https:\/\/shopatoa.com\/ro\/david-beckham-classic-set-cadou-pentru-barbati\/"]}]},{"@type":"ImageObject","inLanguage":"ro-RO","@id":"https:\/\/shopatoa.com\/ro\/david-beckham-classic-set-cadou-pentru-barbati\/#primaryimage","url":"https:\/\/storage.googleapis.com\/cz-shopatoa-img\/ro\/316bf14b-unnamed-file.webp","contentUrl":"https:\/\/storage.googleapis.com\/cz-shopatoa-img\/ro\/316bf14b-unnamed-file.webp","width":800,"height":800},{"@type":"BreadcrumbList","@id":"https:\/\/shopatoa.com\/ro\/david-beckham-classic-set-cadou-pentru-barbati\/#breadcrumb","itemListElement":[{"@type":"ListItem","position":1,"name":"Dom\u016f","item":"https:\/\/shopatoa.com\/ro\/"},{"@type":"ListItem","position":2,"name":"Shop","item":"https:\/\/shopatoa.com\/ro\/shop\/"},{"@type":"ListItem","position":3,"name":"S\u0103n\u0103tate \u0219i frumuse\u021be","item":"https:\/\/shopatoa.com\/ro\/sanatate-si-frumusete\/"},{"@type":"ListItem","position":4,"name":"\u00cengrijire personal\u0103","item":"https:\/\/shopatoa.com\/ro\/ingrijire-personala\/"},{"@type":"ListItem","position":5,"name":"Cosmetice","item":"https:\/\/shopatoa.com\/ro\/cosmetice-ingrijire-personala\/"},{"@type":"ListItem","position":6,"name":"Baie \u0219i corp","item":"https:\/\/shopatoa.com\/ro\/baie-si-corp\/"},{"@type":"ListItem","position":7,"name":"Gel de du\u0219","item":"https:\/\/shopatoa.com\/ro\/gel-de-dus\/"},{"@type":"ListItem","position":8,"name":"David Beckham Classic set cadou pentru b\u0103rba\u021bi"}]},{"@type":"WebSite","@id":"https:\/\/shopatoa.com\/ro\/#website","url":"https:\/\/shopatoa.com\/ro\/","name":"SHOPATOA","description":"","publisher":{"@id":"https:\/\/shopatoa.com\/ro\/#organization"},"potentialAction":[{"@type":"SearchAction","target":{"@type":"EntryPoint","urlTemplate":"https:\/\/shopatoa.com\/ro\/?s={search_term_string}"},"query-input":{"@type":"PropertyValueSpecification","valueRequired":true,"valueName":"search_term_string"}}],"inLanguage":"ro-RO"},{"@type":"Organization","@id":"https:\/\/shopatoa.com\/ro\/#organization","name":"SHOPATOA","url":"https:\/\/shopatoa.com\/ro\/","logo":{"@type":"ImageObject","inLanguage":"ro-RO","@id":"https:\/\/shopatoa.com\/ro\/#\/schema\/logo\/image\/","url":"https:\/\/storage.googleapis.com\/cz-shopatoa-img\/ro\/b4dac915-shopatoa_logo.png","contentUrl":"https:\/\/storage.googleapis.com\/cz-shopatoa-img\/ro\/b4dac915-shopatoa_logo.png","width":416,"height":63,"caption":"SHOPATOA"},"image":{"@id":"https:\/\/shopatoa.com\/ro\/#\/schema\/logo\/image\/"}}]}},"_links":{"self":[{"href":"https:\/\/shopatoa.com\/ro\/wp-json\/wp\/v2\/product\/428278","targetHints":{"allow":["GET"]}}],"collection":[{"href":"https:\/\/shopatoa.com\/ro\/wp-json\/wp\/v2\/product"}],"about":[{"href":"https:\/\/shopatoa.com\/ro\/wp-json\/wp\/v2\/types\/product"}],"replies":[{"embeddable":true,"href":"https:\/\/shopatoa.com\/ro\/wp-json\/wp\/v2\/comments?post=428278"}],"wp:featuredmedia":[{"embeddable":true,"href":"https:\/\/shopatoa.com\/ro\/wp-json\/wp\/v2\/media\/428279"}],"wp:attachment":[{"href":"https:\/\/shopatoa.com\/ro\/wp-json\/wp\/v2\/media?parent=428278"}],"wp:term":[{"taxonomy":"product_brand","embeddable":true,"href":"https:\/\/shopatoa.com\/ro\/wp-json\/wp\/v2\/product_brand?post=428278"},{"taxonomy":"product_cat","embeddable":true,"href":"https:\/\/shopatoa.com\/ro\/wp-json\/wp\/v2\/product_cat?post=428278"},{"taxonomy":"product_tag","embeddable":true,"href":"https:\/\/shopatoa.com\/ro\/wp-json\/wp\/v2\/product_tag?post=428278"}],"curies":[{"name":"wp","href":"https:\/\/api.w.org\/{rel}","templated":true}]}}