{"id":428458,"date":"2025-06-21T23:04:15","date_gmt":"2025-06-21T21:04:15","guid":{"rendered":"https:\/\/shopatoa.com\/ro\/revox-b77-plex-bond-perfect-formula-step-2-ingrijire-consolidata-dupa-tratarea-chimica-a-parului-260-ml\/"},"modified":"2025-12-12T05:46:12","modified_gmt":"2025-12-12T04:46:12","slug":"revox-b77-plex-bond-perfect-formula-step-2-ingrijire-consolidata-dupa-tratarea-chimica-a-parului-260-ml","status":"publish","type":"product","link":"https:\/\/shopatoa.com\/ro\/revox-b77-plex-bond-perfect-formula-step-2-ingrijire-consolidata-dupa-tratarea-chimica-a-parului-260-ml\/","title":{"rendered":"Revox B77 PLEX Bond Perfect Formula. Step 2 ingrijire consolidata dupa tratarea chimica a parului 260 ml"},"content":{"rendered":"<p>Revox B77 PLEX Bond Perfect Formula. Step 2, 260 ml, Masca pentru par pentru femei, Caracteristici:  reface structura p\u0103rului ac\u021bioneaz\u0103 \u00een profunzimea fibrelor de p\u0103r are grij\u0103 de toat\u0103 lungimea p\u0103rului sl\u0103bit regenereaz\u0103 p\u0103rul pe \u00eentreaga sa lungime protejeaz\u0103 p\u0103rul la temperaturi \u00eenalte  Ingrediente:  produs vegan f\u0103r\u0103 silicon pantenol \u2013 hidrateaz\u0103, men\u021bine p\u0103rul \u0219i scalpul hidratate, calmeaz\u0103 \u0219i combate iritarea scalpului, neteze\u0219te fibrele de p\u0103r, \u00eembun\u0103t\u0103\u021be\u0219te elasticitatea acestora ulei de jojoba \u2013 men\u021bine scalpul \u0219i p\u0103rul hidratate \u0219i hr\u0103nite, stimul\u00e2nd astfel cre\u0219terea, fortific\u0103 p\u0103rul, oferindu-i str\u0103lucire, prevenind ruperea \u0219i despicarea  Cum se utilizeaz\u0103: Numai pentru uz profesional. Se aplic\u0103 uniform, pe lungimea p\u0103rului. Masa\u021bi delicat. L\u0103sa\u021bi s\u0103 ac\u021bioneze pentru num\u0103rul de minute indicat: 10. Ulterior, sp\u0103la\u021bi bine cu \u0219ampon.<\/p>\n","protected":false},"excerpt":{"rendered":"<p>Revox B77 PLEX Bond Perfect Formula. Step 2, 260 ml, Masca pentru par pentru femei, Caracteristici: reface structura p\u0103rului ac\u021bioneaz\u0103 \u00een profunzimea fibrelor de p\u0103r are grij\u0103 de toat\u0103 lungimea p\u0103rului sl\u0103bit regenereaz\u0103 p\u0103rul pe \u00eentreaga sa lungime protejeaz\u0103 p\u0103rul la temperaturi \u00eenalte Ingrediente: produs vegan f\u0103r\u0103 silicon pantenol \u2013 hidrateaz\u0103, men\u021bine p\u0103rul \u0219i scalpul&#8230;<\/p>\n","protected":false},"featured_media":428459,"comment_status":"closed","ping_status":"open","template":"","meta":{"_acf_changed":false,"_kadence_starter_templates_imported_post":false,"_kad_post_transparent":"","_kad_post_title":"","_kad_post_layout":"","_kad_post_sidebar_id":"","_kad_post_content_style":"","_kad_post_vertical_padding":"","_kad_post_feature":"","_kad_post_feature_position":"","_kad_post_header":false,"_kad_post_footer":false,"_kad_post_classname":""},"product_brand":[2325],"product_cat":[1564,1563,1565,1614,1562],"product_tag":[],"class_list":{"0":"post-428458","1":"product","2":"type-product","3":"status-publish","4":"has-post-thumbnail","6":"product_brand-revox-b77","7":"product_cat-cosmetice-ingrijire-personala","8":"product_cat-ingrijire-personala","9":"product_cat-ingrijirea-pielii","10":"product_cat-masti-si-peelings-pentru-ten","11":"product_cat-sanatate-si-frumusete","12":"pa_gen-female","13":"pa_marime-260-ml","15":"first","16":"instock","17":"sale","18":"product-type-external","19":"entry","20":"content-bg","21":"loop-entry"},"acf":[],"yoast_head":"<!-- This site is optimized with the Yoast SEO plugin v27.4 - https:\/\/yoast.com\/product\/yoast-seo-wordpress\/ -->\n<title>Revox B77 PLEX Bond Perfect Formula. Step 2 ingrijire consolidata dupa tratarea chimica a parului 260 ml - SHOPATOA.COM<\/title>\n<meta name=\"robots\" content=\"index, follow, max-snippet:-1, max-image-preview:large, max-video-preview:-1\" \/>\n<link rel=\"canonical\" href=\"https:\/\/shopatoa.com\/ro\/revox-b77-plex-bond-perfect-formula-step-2-ingrijire-consolidata-dupa-tratarea-chimica-a-parului-260-ml\/\" \/>\n<meta property=\"og:locale\" content=\"ro_RO\" \/>\n<meta property=\"og:type\" content=\"article\" \/>\n<meta property=\"og:title\" content=\"Revox B77 PLEX Bond Perfect Formula. Step 2 ingrijire consolidata dupa tratarea chimica a parului 260 ml - SHOPATOA.COM\" \/>\n<meta property=\"og:description\" content=\"Revox B77 PLEX Bond Perfect Formula. Step 2, 260 ml, Masca pentru par pentru femei, Caracteristici: reface structura p\u0103rului ac\u021bioneaz\u0103 \u00een profunzimea fibrelor de p\u0103r are grij\u0103 de toat\u0103 lungimea p\u0103rului sl\u0103bit regenereaz\u0103 p\u0103rul pe \u00eentreaga sa lungime protejeaz\u0103 p\u0103rul la temperaturi \u00eenalte Ingrediente: produs vegan f\u0103r\u0103 silicon pantenol \u2013 hidrateaz\u0103, men\u021bine p\u0103rul \u0219i scalpul...\" \/>\n<meta property=\"og:url\" content=\"https:\/\/shopatoa.com\/ro\/revox-b77-plex-bond-perfect-formula-step-2-ingrijire-consolidata-dupa-tratarea-chimica-a-parului-260-ml\/\" \/>\n<meta property=\"og:site_name\" content=\"SHOPATOA\" \/>\n<meta property=\"article:modified_time\" content=\"2025-12-12T04:46:12+00:00\" \/>\n<meta property=\"og:image\" content=\"https:\/\/storage.googleapis.com\/cz-shopatoa-img\/ro\/67e1f88d-unnamed-file.webp\" \/>\n\t<meta property=\"og:image:width\" content=\"800\" \/>\n\t<meta property=\"og:image:height\" content=\"800\" \/>\n\t<meta property=\"og:image:type\" content=\"image\/webp\" \/>\n<meta name=\"twitter:card\" content=\"summary_large_image\" \/>\n<meta name=\"twitter:label1\" content=\"Timp estimat pentru citire\" \/>\n\t<meta name=\"twitter:data1\" content=\"1 minut\" \/>\n<script type=\"application\/ld+json\" class=\"yoast-schema-graph\">{\"@context\":\"https:\\\/\\\/schema.org\",\"@graph\":[{\"@type\":\"WebPage\",\"@id\":\"https:\\\/\\\/shopatoa.com\\\/ro\\\/revox-b77-plex-bond-perfect-formula-step-2-ingrijire-consolidata-dupa-tratarea-chimica-a-parului-260-ml\\\/\",\"url\":\"https:\\\/\\\/shopatoa.com\\\/ro\\\/revox-b77-plex-bond-perfect-formula-step-2-ingrijire-consolidata-dupa-tratarea-chimica-a-parului-260-ml\\\/\",\"name\":\"Revox B77 PLEX Bond Perfect Formula. Step 2 ingrijire consolidata dupa tratarea chimica a parului 260 ml - SHOPATOA.COM\",\"isPartOf\":{\"@id\":\"https:\\\/\\\/shopatoa.com\\\/ro\\\/#website\"},\"primaryImageOfPage\":{\"@id\":\"https:\\\/\\\/shopatoa.com\\\/ro\\\/revox-b77-plex-bond-perfect-formula-step-2-ingrijire-consolidata-dupa-tratarea-chimica-a-parului-260-ml\\\/#primaryimage\"},\"image\":{\"@id\":\"https:\\\/\\\/shopatoa.com\\\/ro\\\/revox-b77-plex-bond-perfect-formula-step-2-ingrijire-consolidata-dupa-tratarea-chimica-a-parului-260-ml\\\/#primaryimage\"},\"thumbnailUrl\":\"https:\\\/\\\/storage.googleapis.com\\\/cz-shopatoa-img\\\/ro\\\/67e1f88d-unnamed-file.webp\",\"datePublished\":\"2025-06-21T21:04:15+00:00\",\"dateModified\":\"2025-12-12T04:46:12+00:00\",\"breadcrumb\":{\"@id\":\"https:\\\/\\\/shopatoa.com\\\/ro\\\/revox-b77-plex-bond-perfect-formula-step-2-ingrijire-consolidata-dupa-tratarea-chimica-a-parului-260-ml\\\/#breadcrumb\"},\"inLanguage\":\"ro-RO\",\"potentialAction\":[{\"@type\":\"ReadAction\",\"target\":[\"https:\\\/\\\/shopatoa.com\\\/ro\\\/revox-b77-plex-bond-perfect-formula-step-2-ingrijire-consolidata-dupa-tratarea-chimica-a-parului-260-ml\\\/\"]}]},{\"@type\":\"ImageObject\",\"inLanguage\":\"ro-RO\",\"@id\":\"https:\\\/\\\/shopatoa.com\\\/ro\\\/revox-b77-plex-bond-perfect-formula-step-2-ingrijire-consolidata-dupa-tratarea-chimica-a-parului-260-ml\\\/#primaryimage\",\"url\":\"https:\\\/\\\/storage.googleapis.com\\\/cz-shopatoa-img\\\/ro\\\/67e1f88d-unnamed-file.webp\",\"contentUrl\":\"https:\\\/\\\/storage.googleapis.com\\\/cz-shopatoa-img\\\/ro\\\/67e1f88d-unnamed-file.webp\",\"width\":800,\"height\":800},{\"@type\":\"BreadcrumbList\",\"@id\":\"https:\\\/\\\/shopatoa.com\\\/ro\\\/revox-b77-plex-bond-perfect-formula-step-2-ingrijire-consolidata-dupa-tratarea-chimica-a-parului-260-ml\\\/#breadcrumb\",\"itemListElement\":[{\"@type\":\"ListItem\",\"position\":1,\"name\":\"Dom\u016f\",\"item\":\"https:\\\/\\\/shopatoa.com\\\/ro\\\/\"},{\"@type\":\"ListItem\",\"position\":2,\"name\":\"Shop\",\"item\":\"https:\\\/\\\/shopatoa.com\\\/ro\\\/shop\\\/\"},{\"@type\":\"ListItem\",\"position\":3,\"name\":\"S\u0103n\u0103tate \u0219i frumuse\u021be\",\"item\":\"https:\\\/\\\/shopatoa.com\\\/ro\\\/sanatate-si-frumusete\\\/\"},{\"@type\":\"ListItem\",\"position\":4,\"name\":\"\u00cengrijire personal\u0103\",\"item\":\"https:\\\/\\\/shopatoa.com\\\/ro\\\/ingrijire-personala\\\/\"},{\"@type\":\"ListItem\",\"position\":5,\"name\":\"Cosmetice\",\"item\":\"https:\\\/\\\/shopatoa.com\\\/ro\\\/cosmetice-ingrijire-personala\\\/\"},{\"@type\":\"ListItem\",\"position\":6,\"name\":\"\u00cengrijirea pielii\",\"item\":\"https:\\\/\\\/shopatoa.com\\\/ro\\\/ingrijirea-pielii\\\/\"},{\"@type\":\"ListItem\",\"position\":7,\"name\":\"M\u0103\u0219ti \u0219i peelings pentru ten\",\"item\":\"https:\\\/\\\/shopatoa.com\\\/ro\\\/masti-si-peelings-pentru-ten\\\/\"},{\"@type\":\"ListItem\",\"position\":8,\"name\":\"Revox B77 PLEX Bond Perfect Formula. Step 2 ingrijire consolidata dupa tratarea chimica a parului 260 ml\"}]},{\"@type\":\"WebSite\",\"@id\":\"https:\\\/\\\/shopatoa.com\\\/ro\\\/#website\",\"url\":\"https:\\\/\\\/shopatoa.com\\\/ro\\\/\",\"name\":\"SHOPATOA\",\"description\":\"\",\"publisher\":{\"@id\":\"https:\\\/\\\/shopatoa.com\\\/ro\\\/#organization\"},\"potentialAction\":[{\"@type\":\"SearchAction\",\"target\":{\"@type\":\"EntryPoint\",\"urlTemplate\":\"https:\\\/\\\/shopatoa.com\\\/ro\\\/?s={search_term_string}\"},\"query-input\":{\"@type\":\"PropertyValueSpecification\",\"valueRequired\":true,\"valueName\":\"search_term_string\"}}],\"inLanguage\":\"ro-RO\"},{\"@type\":\"Organization\",\"@id\":\"https:\\\/\\\/shopatoa.com\\\/ro\\\/#organization\",\"name\":\"SHOPATOA\",\"url\":\"https:\\\/\\\/shopatoa.com\\\/ro\\\/\",\"logo\":{\"@type\":\"ImageObject\",\"inLanguage\":\"ro-RO\",\"@id\":\"https:\\\/\\\/shopatoa.com\\\/ro\\\/#\\\/schema\\\/logo\\\/image\\\/\",\"url\":\"https:\\\/\\\/storage.googleapis.com\\\/cz-shopatoa-img\\\/ro\\\/b4dac915-shopatoa_logo.png\",\"contentUrl\":\"https:\\\/\\\/storage.googleapis.com\\\/cz-shopatoa-img\\\/ro\\\/b4dac915-shopatoa_logo.png\",\"width\":416,\"height\":63,\"caption\":\"SHOPATOA\"},\"image\":{\"@id\":\"https:\\\/\\\/shopatoa.com\\\/ro\\\/#\\\/schema\\\/logo\\\/image\\\/\"}}]}<\/script>\n<!-- \/ Yoast SEO plugin. -->","yoast_head_json":{"title":"Revox B77 PLEX Bond Perfect Formula. Step 2 ingrijire consolidata dupa tratarea chimica a parului 260 ml - SHOPATOA.COM","robots":{"index":"index","follow":"follow","max-snippet":"max-snippet:-1","max-image-preview":"max-image-preview:large","max-video-preview":"max-video-preview:-1"},"canonical":"https:\/\/shopatoa.com\/ro\/revox-b77-plex-bond-perfect-formula-step-2-ingrijire-consolidata-dupa-tratarea-chimica-a-parului-260-ml\/","og_locale":"ro_RO","og_type":"article","og_title":"Revox B77 PLEX Bond Perfect Formula. Step 2 ingrijire consolidata dupa tratarea chimica a parului 260 ml - SHOPATOA.COM","og_description":"Revox B77 PLEX Bond Perfect Formula. Step 2, 260 ml, Masca pentru par pentru femei, Caracteristici: reface structura p\u0103rului ac\u021bioneaz\u0103 \u00een profunzimea fibrelor de p\u0103r are grij\u0103 de toat\u0103 lungimea p\u0103rului sl\u0103bit regenereaz\u0103 p\u0103rul pe \u00eentreaga sa lungime protejeaz\u0103 p\u0103rul la temperaturi \u00eenalte Ingrediente: produs vegan f\u0103r\u0103 silicon pantenol \u2013 hidrateaz\u0103, men\u021bine p\u0103rul \u0219i scalpul...","og_url":"https:\/\/shopatoa.com\/ro\/revox-b77-plex-bond-perfect-formula-step-2-ingrijire-consolidata-dupa-tratarea-chimica-a-parului-260-ml\/","og_site_name":"SHOPATOA","article_modified_time":"2025-12-12T04:46:12+00:00","og_image":[{"width":800,"height":800,"url":"https:\/\/storage.googleapis.com\/cz-shopatoa-img\/ro\/67e1f88d-unnamed-file.webp","type":"image\/webp"}],"twitter_card":"summary_large_image","twitter_misc":{"Timp estimat pentru citire":"1 minut"},"schema":{"@context":"https:\/\/schema.org","@graph":[{"@type":"WebPage","@id":"https:\/\/shopatoa.com\/ro\/revox-b77-plex-bond-perfect-formula-step-2-ingrijire-consolidata-dupa-tratarea-chimica-a-parului-260-ml\/","url":"https:\/\/shopatoa.com\/ro\/revox-b77-plex-bond-perfect-formula-step-2-ingrijire-consolidata-dupa-tratarea-chimica-a-parului-260-ml\/","name":"Revox B77 PLEX Bond Perfect Formula. Step 2 ingrijire consolidata dupa tratarea chimica a parului 260 ml - SHOPATOA.COM","isPartOf":{"@id":"https:\/\/shopatoa.com\/ro\/#website"},"primaryImageOfPage":{"@id":"https:\/\/shopatoa.com\/ro\/revox-b77-plex-bond-perfect-formula-step-2-ingrijire-consolidata-dupa-tratarea-chimica-a-parului-260-ml\/#primaryimage"},"image":{"@id":"https:\/\/shopatoa.com\/ro\/revox-b77-plex-bond-perfect-formula-step-2-ingrijire-consolidata-dupa-tratarea-chimica-a-parului-260-ml\/#primaryimage"},"thumbnailUrl":"https:\/\/storage.googleapis.com\/cz-shopatoa-img\/ro\/67e1f88d-unnamed-file.webp","datePublished":"2025-06-21T21:04:15+00:00","dateModified":"2025-12-12T04:46:12+00:00","breadcrumb":{"@id":"https:\/\/shopatoa.com\/ro\/revox-b77-plex-bond-perfect-formula-step-2-ingrijire-consolidata-dupa-tratarea-chimica-a-parului-260-ml\/#breadcrumb"},"inLanguage":"ro-RO","potentialAction":[{"@type":"ReadAction","target":["https:\/\/shopatoa.com\/ro\/revox-b77-plex-bond-perfect-formula-step-2-ingrijire-consolidata-dupa-tratarea-chimica-a-parului-260-ml\/"]}]},{"@type":"ImageObject","inLanguage":"ro-RO","@id":"https:\/\/shopatoa.com\/ro\/revox-b77-plex-bond-perfect-formula-step-2-ingrijire-consolidata-dupa-tratarea-chimica-a-parului-260-ml\/#primaryimage","url":"https:\/\/storage.googleapis.com\/cz-shopatoa-img\/ro\/67e1f88d-unnamed-file.webp","contentUrl":"https:\/\/storage.googleapis.com\/cz-shopatoa-img\/ro\/67e1f88d-unnamed-file.webp","width":800,"height":800},{"@type":"BreadcrumbList","@id":"https:\/\/shopatoa.com\/ro\/revox-b77-plex-bond-perfect-formula-step-2-ingrijire-consolidata-dupa-tratarea-chimica-a-parului-260-ml\/#breadcrumb","itemListElement":[{"@type":"ListItem","position":1,"name":"Dom\u016f","item":"https:\/\/shopatoa.com\/ro\/"},{"@type":"ListItem","position":2,"name":"Shop","item":"https:\/\/shopatoa.com\/ro\/shop\/"},{"@type":"ListItem","position":3,"name":"S\u0103n\u0103tate \u0219i frumuse\u021be","item":"https:\/\/shopatoa.com\/ro\/sanatate-si-frumusete\/"},{"@type":"ListItem","position":4,"name":"\u00cengrijire personal\u0103","item":"https:\/\/shopatoa.com\/ro\/ingrijire-personala\/"},{"@type":"ListItem","position":5,"name":"Cosmetice","item":"https:\/\/shopatoa.com\/ro\/cosmetice-ingrijire-personala\/"},{"@type":"ListItem","position":6,"name":"\u00cengrijirea pielii","item":"https:\/\/shopatoa.com\/ro\/ingrijirea-pielii\/"},{"@type":"ListItem","position":7,"name":"M\u0103\u0219ti \u0219i peelings pentru ten","item":"https:\/\/shopatoa.com\/ro\/masti-si-peelings-pentru-ten\/"},{"@type":"ListItem","position":8,"name":"Revox B77 PLEX Bond Perfect Formula. Step 2 ingrijire consolidata dupa tratarea chimica a parului 260 ml"}]},{"@type":"WebSite","@id":"https:\/\/shopatoa.com\/ro\/#website","url":"https:\/\/shopatoa.com\/ro\/","name":"SHOPATOA","description":"","publisher":{"@id":"https:\/\/shopatoa.com\/ro\/#organization"},"potentialAction":[{"@type":"SearchAction","target":{"@type":"EntryPoint","urlTemplate":"https:\/\/shopatoa.com\/ro\/?s={search_term_string}"},"query-input":{"@type":"PropertyValueSpecification","valueRequired":true,"valueName":"search_term_string"}}],"inLanguage":"ro-RO"},{"@type":"Organization","@id":"https:\/\/shopatoa.com\/ro\/#organization","name":"SHOPATOA","url":"https:\/\/shopatoa.com\/ro\/","logo":{"@type":"ImageObject","inLanguage":"ro-RO","@id":"https:\/\/shopatoa.com\/ro\/#\/schema\/logo\/image\/","url":"https:\/\/storage.googleapis.com\/cz-shopatoa-img\/ro\/b4dac915-shopatoa_logo.png","contentUrl":"https:\/\/storage.googleapis.com\/cz-shopatoa-img\/ro\/b4dac915-shopatoa_logo.png","width":416,"height":63,"caption":"SHOPATOA"},"image":{"@id":"https:\/\/shopatoa.com\/ro\/#\/schema\/logo\/image\/"}}]}},"_links":{"self":[{"href":"https:\/\/shopatoa.com\/ro\/wp-json\/wp\/v2\/product\/428458","targetHints":{"allow":["GET"]}}],"collection":[{"href":"https:\/\/shopatoa.com\/ro\/wp-json\/wp\/v2\/product"}],"about":[{"href":"https:\/\/shopatoa.com\/ro\/wp-json\/wp\/v2\/types\/product"}],"replies":[{"embeddable":true,"href":"https:\/\/shopatoa.com\/ro\/wp-json\/wp\/v2\/comments?post=428458"}],"wp:featuredmedia":[{"embeddable":true,"href":"https:\/\/shopatoa.com\/ro\/wp-json\/wp\/v2\/media\/428459"}],"wp:attachment":[{"href":"https:\/\/shopatoa.com\/ro\/wp-json\/wp\/v2\/media?parent=428458"}],"wp:term":[{"taxonomy":"product_brand","embeddable":true,"href":"https:\/\/shopatoa.com\/ro\/wp-json\/wp\/v2\/product_brand?post=428458"},{"taxonomy":"product_cat","embeddable":true,"href":"https:\/\/shopatoa.com\/ro\/wp-json\/wp\/v2\/product_cat?post=428458"},{"taxonomy":"product_tag","embeddable":true,"href":"https:\/\/shopatoa.com\/ro\/wp-json\/wp\/v2\/product_tag?post=428458"}],"curies":[{"name":"wp","href":"https:\/\/api.w.org\/{rel}","templated":true}]}}