{"id":428480,"date":"2025-06-21T23:05:57","date_gmt":"2025-06-21T21:05:57","guid":{"rendered":"https:\/\/shopatoa.com\/ro\/revox-b77-zitcare-aha-bha-pha-active-face-toner-tonic-bland-de-curatare-250-ml\/"},"modified":"2025-12-12T05:45:35","modified_gmt":"2025-12-12T04:45:35","slug":"revox-b77-zitcare-aha-bha-pha-active-face-toner-tonic-bland-de-curatare-250-ml","status":"publish","type":"product","link":"https:\/\/shopatoa.com\/ro\/revox-b77-zitcare-aha-bha-pha-active-face-toner-tonic-bland-de-curatare-250-ml\/","title":{"rendered":"Revox B77 Zitcare AHA BHA PHA Active Face Toner tonic bland de curatare 250 ml"},"content":{"rendered":"<p>Revox B77 Zitcare AHA BHA PHA Active Face Toner, 250 ml, Cur\u0103\u021barea pielii pentru femei, \u00cenainte de a \u00eencepe rutina obi\u0219nuit\u0103 de \u00eengrijire, este foarte important s\u0103 v\u0103 preg\u0103ti\u021bi tenul printr-o cur\u0103\u021bare temeinic\u0103 \u2013 f\u0103r\u0103 aceasta, \u00eengrijirea urm\u0103toare nu va fi la fel de eficient\u0103. Produsul de cur\u0103\u021bare a tenului Revox B77 Zitcare ajut\u0103 la \u00eendep\u0103rtarea tuturor impurit\u0103\u021bilor acumulate pe ten \u0219i \u00een pori pe parcursul zilei sau peste noapte, l\u0103s\u00e2nd fa\u021ba perfect curat\u0103 \u0219i preg\u0103tit\u0103 pentru orice alt\u0103 \u00eengrijire.  Caracteristici:  debaraseaz\u0103 pielea de impurit\u0103\u021bi \u0219i de gr\u0103sime regleaz\u0103 produc\u021bia de sebum amelioreaz\u0103 simptomele acneei previne uscarea excesiv\u0103 a pielii netezirea texturii neuniforme a tenului efect exfoliant ac\u021bioneaz\u0103 \u00eempotriva imperfec\u021biunilor cur\u0103\u021b\u0103 eficient porii  Ingrediente:  produs vegan testat dermatologic acid salicilic \u2013 cur\u0103\u021b\u0103 \u00een profunzime, decolmateaz\u0103 porii \u0219i previne apari\u021bia punctelor negre, ajut\u0103 la exfolierea pielii moarte \u0219i la eliminarea excesului de sebum ulei de tea tree \u2013 are efecte de cur\u0103\u021bare, ajut\u0103 la prevenirea acneei \u0219i accelereaz\u0103 regenerarea pielii deteriorate, calmeaz\u0103, amelioreaz\u0103 irita\u021bia, ro\u0219ea\u021ba, edemele \u0219i senza\u021biile de m\u00e2nc\u0103rime acid glicolic \u2013 \u00eendep\u0103rteaz\u0103 celulele moarte cutanate \u0219i favorizeaz\u0103 astfel re\u00eennoirea stratului superior al pielii, hidrateaz\u0103, contribuie la uniformizarea nuan\u021bei, reduce petele pigmentare \u0219i neteze\u0219te ridurile fine acizi AHA \u2013 prin exfoliere elimin\u0103 celulele moarte cutanate, ajut\u00e2nd la regenerarea rapid\u0103 a stratului superior al pielii acizi BHA \u2013 cur\u0103\u021b\u0103 \u00een profunzime \u0219i elibereaz\u0103 porii colmata\u021bi, elimin\u0103 celulele moarte cutanate \u0219i excesul de sebum, ajut\u0103 la prevenirea punctelor negre niacinamid\u0103 \u2013 favorizeaz\u0103 luminozitatea tenului, reducerea petelor pigmentare, uniformizarea nuan\u021bei \u0219i netezirea texturii neuniforme, contribuie la \u00eent\u0103rirea barierei protectoare cutanate \u0219i la \u00eembun\u0103t\u0103\u021birea nivelului de hidratare a tenului acid lactic \u2013 ajut\u0103 la \u00eendep\u0103rtarea celulelor moarte cutanate, sus\u021bine procesul natural de re\u00eennoire celular\u0103 \u0219i \u00een acela\u0219i timp are efecte hidratante, neteze\u0219te textura aspr\u0103 \u0219i decolmateaz\u0103 porii betain\u0103 \u2013 umecteaz\u0103, calmeaz\u0103 \u0219i catifeleaz\u0103 tenul, ajut\u00e2nd la men\u021binerea optim\u0103 a hidrat\u0103rii acestuia acid citric \u2013 prin exfoliere, \u00eendep\u0103rteaz\u0103 celulele moarte cutanate, ajut\u0103 la regenerarea stratului superior al pielii, contribuie la uniformizarea, luminarea \u0219i netezirea acesteia  Cum se utilizeaz\u0103: Se aplic\u0103 pe un tampon cosmetic \u0219i se trateaz\u0103 pielea, cu mi\u0219c\u0103ri circulare. A se evita zona ochilor. Utiliza\u021bi de 1-3\u00d7 pe s\u0103pt\u0103m\u00e2n\u0103. Pentru \u00eenceput, efectua\u021bi un test de toleran\u021b\u0103.<\/p>\n","protected":false},"excerpt":{"rendered":"<p>Revox B77 Zitcare AHA BHA PHA Active Face Toner, 250 ml, Cur\u0103\u021barea pielii pentru femei, \u00cenainte de a \u00eencepe rutina obi\u0219nuit\u0103 de \u00eengrijire, este foarte important s\u0103 v\u0103 preg\u0103ti\u021bi tenul printr-o cur\u0103\u021bare temeinic\u0103 \u2013 f\u0103r\u0103 aceasta, \u00eengrijirea urm\u0103toare nu va fi la fel de eficient\u0103. Produsul de cur\u0103\u021bare a tenului Revox B77 Zitcare ajut\u0103 la&#8230;<\/p>\n","protected":false},"featured_media":428481,"comment_status":"closed","ping_status":"open","template":"","meta":{"_acf_changed":false,"_kadence_starter_templates_imported_post":false,"_kad_post_transparent":"","_kad_post_title":"","_kad_post_layout":"","_kad_post_sidebar_id":"","_kad_post_content_style":"","_kad_post_vertical_padding":"","_kad_post_feature":"","_kad_post_feature_position":"","_kad_post_header":false,"_kad_post_footer":false,"_kad_post_classname":""},"product_brand":[2325],"product_cat":[1564,1563,1565,1562],"product_tag":[],"class_list":{"0":"post-428480","1":"product","2":"type-product","3":"status-publish","4":"has-post-thumbnail","6":"product_brand-revox-b77","7":"product_cat-cosmetice-ingrijire-personala","8":"product_cat-ingrijire-personala","9":"product_cat-ingrijirea-pielii","10":"product_cat-sanatate-si-frumusete","11":"pa_gen-female","12":"pa_marime-250-ml","14":"first","15":"instock","16":"sale","17":"product-type-external","18":"entry","19":"content-bg","20":"loop-entry"},"acf":[],"yoast_head":"<!-- This site is optimized with the Yoast SEO plugin v27.4 - https:\/\/yoast.com\/product\/yoast-seo-wordpress\/ -->\n<title>Revox B77 Zitcare AHA BHA PHA Active Face Toner tonic bland de curatare 250 ml - SHOPATOA.COM<\/title>\n<meta name=\"robots\" content=\"index, follow, max-snippet:-1, max-image-preview:large, max-video-preview:-1\" \/>\n<link rel=\"canonical\" href=\"https:\/\/shopatoa.com\/ro\/revox-b77-zitcare-aha-bha-pha-active-face-toner-tonic-bland-de-curatare-250-ml\/\" \/>\n<meta property=\"og:locale\" content=\"ro_RO\" \/>\n<meta property=\"og:type\" content=\"article\" \/>\n<meta property=\"og:title\" content=\"Revox B77 Zitcare AHA BHA PHA Active Face Toner tonic bland de curatare 250 ml - SHOPATOA.COM\" \/>\n<meta property=\"og:description\" content=\"Revox B77 Zitcare AHA BHA PHA Active Face Toner, 250 ml, Cur\u0103\u021barea pielii pentru femei, \u00cenainte de a \u00eencepe rutina obi\u0219nuit\u0103 de \u00eengrijire, este foarte important s\u0103 v\u0103 preg\u0103ti\u021bi tenul printr-o cur\u0103\u021bare temeinic\u0103 \u2013 f\u0103r\u0103 aceasta, \u00eengrijirea urm\u0103toare nu va fi la fel de eficient\u0103. Produsul de cur\u0103\u021bare a tenului Revox B77 Zitcare ajut\u0103 la...\" \/>\n<meta property=\"og:url\" content=\"https:\/\/shopatoa.com\/ro\/revox-b77-zitcare-aha-bha-pha-active-face-toner-tonic-bland-de-curatare-250-ml\/\" \/>\n<meta property=\"og:site_name\" content=\"SHOPATOA\" \/>\n<meta property=\"article:modified_time\" content=\"2025-12-12T04:45:35+00:00\" \/>\n<meta property=\"og:image\" content=\"https:\/\/storage.googleapis.com\/cz-shopatoa-img\/ro\/9e0d1d0f-unnamed-file.webp\" \/>\n\t<meta property=\"og:image:width\" content=\"800\" \/>\n\t<meta property=\"og:image:height\" content=\"800\" \/>\n\t<meta property=\"og:image:type\" content=\"image\/webp\" \/>\n<meta name=\"twitter:card\" content=\"summary_large_image\" \/>\n<meta name=\"twitter:label1\" content=\"Timp estimat pentru citire\" \/>\n\t<meta name=\"twitter:data1\" content=\"2 minute\" \/>\n<script type=\"application\/ld+json\" class=\"yoast-schema-graph\">{\"@context\":\"https:\\\/\\\/schema.org\",\"@graph\":[{\"@type\":\"WebPage\",\"@id\":\"https:\\\/\\\/shopatoa.com\\\/ro\\\/revox-b77-zitcare-aha-bha-pha-active-face-toner-tonic-bland-de-curatare-250-ml\\\/\",\"url\":\"https:\\\/\\\/shopatoa.com\\\/ro\\\/revox-b77-zitcare-aha-bha-pha-active-face-toner-tonic-bland-de-curatare-250-ml\\\/\",\"name\":\"Revox B77 Zitcare AHA BHA PHA Active Face Toner tonic bland de curatare 250 ml - SHOPATOA.COM\",\"isPartOf\":{\"@id\":\"https:\\\/\\\/shopatoa.com\\\/ro\\\/#website\"},\"primaryImageOfPage\":{\"@id\":\"https:\\\/\\\/shopatoa.com\\\/ro\\\/revox-b77-zitcare-aha-bha-pha-active-face-toner-tonic-bland-de-curatare-250-ml\\\/#primaryimage\"},\"image\":{\"@id\":\"https:\\\/\\\/shopatoa.com\\\/ro\\\/revox-b77-zitcare-aha-bha-pha-active-face-toner-tonic-bland-de-curatare-250-ml\\\/#primaryimage\"},\"thumbnailUrl\":\"https:\\\/\\\/storage.googleapis.com\\\/cz-shopatoa-img\\\/ro\\\/9e0d1d0f-unnamed-file.webp\",\"datePublished\":\"2025-06-21T21:05:57+00:00\",\"dateModified\":\"2025-12-12T04:45:35+00:00\",\"breadcrumb\":{\"@id\":\"https:\\\/\\\/shopatoa.com\\\/ro\\\/revox-b77-zitcare-aha-bha-pha-active-face-toner-tonic-bland-de-curatare-250-ml\\\/#breadcrumb\"},\"inLanguage\":\"ro-RO\",\"potentialAction\":[{\"@type\":\"ReadAction\",\"target\":[\"https:\\\/\\\/shopatoa.com\\\/ro\\\/revox-b77-zitcare-aha-bha-pha-active-face-toner-tonic-bland-de-curatare-250-ml\\\/\"]}]},{\"@type\":\"ImageObject\",\"inLanguage\":\"ro-RO\",\"@id\":\"https:\\\/\\\/shopatoa.com\\\/ro\\\/revox-b77-zitcare-aha-bha-pha-active-face-toner-tonic-bland-de-curatare-250-ml\\\/#primaryimage\",\"url\":\"https:\\\/\\\/storage.googleapis.com\\\/cz-shopatoa-img\\\/ro\\\/9e0d1d0f-unnamed-file.webp\",\"contentUrl\":\"https:\\\/\\\/storage.googleapis.com\\\/cz-shopatoa-img\\\/ro\\\/9e0d1d0f-unnamed-file.webp\",\"width\":800,\"height\":800},{\"@type\":\"BreadcrumbList\",\"@id\":\"https:\\\/\\\/shopatoa.com\\\/ro\\\/revox-b77-zitcare-aha-bha-pha-active-face-toner-tonic-bland-de-curatare-250-ml\\\/#breadcrumb\",\"itemListElement\":[{\"@type\":\"ListItem\",\"position\":1,\"name\":\"Dom\u016f\",\"item\":\"https:\\\/\\\/shopatoa.com\\\/ro\\\/\"},{\"@type\":\"ListItem\",\"position\":2,\"name\":\"Shop\",\"item\":\"https:\\\/\\\/shopatoa.com\\\/ro\\\/shop\\\/\"},{\"@type\":\"ListItem\",\"position\":3,\"name\":\"S\u0103n\u0103tate \u0219i frumuse\u021be\",\"item\":\"https:\\\/\\\/shopatoa.com\\\/ro\\\/sanatate-si-frumusete\\\/\"},{\"@type\":\"ListItem\",\"position\":4,\"name\":\"\u00cengrijire personal\u0103\",\"item\":\"https:\\\/\\\/shopatoa.com\\\/ro\\\/ingrijire-personala\\\/\"},{\"@type\":\"ListItem\",\"position\":5,\"name\":\"Cosmetice\",\"item\":\"https:\\\/\\\/shopatoa.com\\\/ro\\\/cosmetice-ingrijire-personala\\\/\"},{\"@type\":\"ListItem\",\"position\":6,\"name\":\"\u00cengrijirea pielii\",\"item\":\"https:\\\/\\\/shopatoa.com\\\/ro\\\/ingrijirea-pielii\\\/\"},{\"@type\":\"ListItem\",\"position\":7,\"name\":\"Revox B77 Zitcare AHA BHA PHA Active Face Toner tonic bland de curatare 250 ml\"}]},{\"@type\":\"WebSite\",\"@id\":\"https:\\\/\\\/shopatoa.com\\\/ro\\\/#website\",\"url\":\"https:\\\/\\\/shopatoa.com\\\/ro\\\/\",\"name\":\"SHOPATOA\",\"description\":\"\",\"publisher\":{\"@id\":\"https:\\\/\\\/shopatoa.com\\\/ro\\\/#organization\"},\"potentialAction\":[{\"@type\":\"SearchAction\",\"target\":{\"@type\":\"EntryPoint\",\"urlTemplate\":\"https:\\\/\\\/shopatoa.com\\\/ro\\\/?s={search_term_string}\"},\"query-input\":{\"@type\":\"PropertyValueSpecification\",\"valueRequired\":true,\"valueName\":\"search_term_string\"}}],\"inLanguage\":\"ro-RO\"},{\"@type\":\"Organization\",\"@id\":\"https:\\\/\\\/shopatoa.com\\\/ro\\\/#organization\",\"name\":\"SHOPATOA\",\"url\":\"https:\\\/\\\/shopatoa.com\\\/ro\\\/\",\"logo\":{\"@type\":\"ImageObject\",\"inLanguage\":\"ro-RO\",\"@id\":\"https:\\\/\\\/shopatoa.com\\\/ro\\\/#\\\/schema\\\/logo\\\/image\\\/\",\"url\":\"https:\\\/\\\/storage.googleapis.com\\\/cz-shopatoa-img\\\/ro\\\/b4dac915-shopatoa_logo.png\",\"contentUrl\":\"https:\\\/\\\/storage.googleapis.com\\\/cz-shopatoa-img\\\/ro\\\/b4dac915-shopatoa_logo.png\",\"width\":416,\"height\":63,\"caption\":\"SHOPATOA\"},\"image\":{\"@id\":\"https:\\\/\\\/shopatoa.com\\\/ro\\\/#\\\/schema\\\/logo\\\/image\\\/\"}}]}<\/script>\n<!-- \/ Yoast SEO plugin. -->","yoast_head_json":{"title":"Revox B77 Zitcare AHA BHA PHA Active Face Toner tonic bland de curatare 250 ml - SHOPATOA.COM","robots":{"index":"index","follow":"follow","max-snippet":"max-snippet:-1","max-image-preview":"max-image-preview:large","max-video-preview":"max-video-preview:-1"},"canonical":"https:\/\/shopatoa.com\/ro\/revox-b77-zitcare-aha-bha-pha-active-face-toner-tonic-bland-de-curatare-250-ml\/","og_locale":"ro_RO","og_type":"article","og_title":"Revox B77 Zitcare AHA BHA PHA Active Face Toner tonic bland de curatare 250 ml - SHOPATOA.COM","og_description":"Revox B77 Zitcare AHA BHA PHA Active Face Toner, 250 ml, Cur\u0103\u021barea pielii pentru femei, \u00cenainte de a \u00eencepe rutina obi\u0219nuit\u0103 de \u00eengrijire, este foarte important s\u0103 v\u0103 preg\u0103ti\u021bi tenul printr-o cur\u0103\u021bare temeinic\u0103 \u2013 f\u0103r\u0103 aceasta, \u00eengrijirea urm\u0103toare nu va fi la fel de eficient\u0103. Produsul de cur\u0103\u021bare a tenului Revox B77 Zitcare ajut\u0103 la...","og_url":"https:\/\/shopatoa.com\/ro\/revox-b77-zitcare-aha-bha-pha-active-face-toner-tonic-bland-de-curatare-250-ml\/","og_site_name":"SHOPATOA","article_modified_time":"2025-12-12T04:45:35+00:00","og_image":[{"width":800,"height":800,"url":"https:\/\/storage.googleapis.com\/cz-shopatoa-img\/ro\/9e0d1d0f-unnamed-file.webp","type":"image\/webp"}],"twitter_card":"summary_large_image","twitter_misc":{"Timp estimat pentru citire":"2 minute"},"schema":{"@context":"https:\/\/schema.org","@graph":[{"@type":"WebPage","@id":"https:\/\/shopatoa.com\/ro\/revox-b77-zitcare-aha-bha-pha-active-face-toner-tonic-bland-de-curatare-250-ml\/","url":"https:\/\/shopatoa.com\/ro\/revox-b77-zitcare-aha-bha-pha-active-face-toner-tonic-bland-de-curatare-250-ml\/","name":"Revox B77 Zitcare AHA BHA PHA Active Face Toner tonic bland de curatare 250 ml - SHOPATOA.COM","isPartOf":{"@id":"https:\/\/shopatoa.com\/ro\/#website"},"primaryImageOfPage":{"@id":"https:\/\/shopatoa.com\/ro\/revox-b77-zitcare-aha-bha-pha-active-face-toner-tonic-bland-de-curatare-250-ml\/#primaryimage"},"image":{"@id":"https:\/\/shopatoa.com\/ro\/revox-b77-zitcare-aha-bha-pha-active-face-toner-tonic-bland-de-curatare-250-ml\/#primaryimage"},"thumbnailUrl":"https:\/\/storage.googleapis.com\/cz-shopatoa-img\/ro\/9e0d1d0f-unnamed-file.webp","datePublished":"2025-06-21T21:05:57+00:00","dateModified":"2025-12-12T04:45:35+00:00","breadcrumb":{"@id":"https:\/\/shopatoa.com\/ro\/revox-b77-zitcare-aha-bha-pha-active-face-toner-tonic-bland-de-curatare-250-ml\/#breadcrumb"},"inLanguage":"ro-RO","potentialAction":[{"@type":"ReadAction","target":["https:\/\/shopatoa.com\/ro\/revox-b77-zitcare-aha-bha-pha-active-face-toner-tonic-bland-de-curatare-250-ml\/"]}]},{"@type":"ImageObject","inLanguage":"ro-RO","@id":"https:\/\/shopatoa.com\/ro\/revox-b77-zitcare-aha-bha-pha-active-face-toner-tonic-bland-de-curatare-250-ml\/#primaryimage","url":"https:\/\/storage.googleapis.com\/cz-shopatoa-img\/ro\/9e0d1d0f-unnamed-file.webp","contentUrl":"https:\/\/storage.googleapis.com\/cz-shopatoa-img\/ro\/9e0d1d0f-unnamed-file.webp","width":800,"height":800},{"@type":"BreadcrumbList","@id":"https:\/\/shopatoa.com\/ro\/revox-b77-zitcare-aha-bha-pha-active-face-toner-tonic-bland-de-curatare-250-ml\/#breadcrumb","itemListElement":[{"@type":"ListItem","position":1,"name":"Dom\u016f","item":"https:\/\/shopatoa.com\/ro\/"},{"@type":"ListItem","position":2,"name":"Shop","item":"https:\/\/shopatoa.com\/ro\/shop\/"},{"@type":"ListItem","position":3,"name":"S\u0103n\u0103tate \u0219i frumuse\u021be","item":"https:\/\/shopatoa.com\/ro\/sanatate-si-frumusete\/"},{"@type":"ListItem","position":4,"name":"\u00cengrijire personal\u0103","item":"https:\/\/shopatoa.com\/ro\/ingrijire-personala\/"},{"@type":"ListItem","position":5,"name":"Cosmetice","item":"https:\/\/shopatoa.com\/ro\/cosmetice-ingrijire-personala\/"},{"@type":"ListItem","position":6,"name":"\u00cengrijirea pielii","item":"https:\/\/shopatoa.com\/ro\/ingrijirea-pielii\/"},{"@type":"ListItem","position":7,"name":"Revox B77 Zitcare AHA BHA PHA Active Face Toner tonic bland de curatare 250 ml"}]},{"@type":"WebSite","@id":"https:\/\/shopatoa.com\/ro\/#website","url":"https:\/\/shopatoa.com\/ro\/","name":"SHOPATOA","description":"","publisher":{"@id":"https:\/\/shopatoa.com\/ro\/#organization"},"potentialAction":[{"@type":"SearchAction","target":{"@type":"EntryPoint","urlTemplate":"https:\/\/shopatoa.com\/ro\/?s={search_term_string}"},"query-input":{"@type":"PropertyValueSpecification","valueRequired":true,"valueName":"search_term_string"}}],"inLanguage":"ro-RO"},{"@type":"Organization","@id":"https:\/\/shopatoa.com\/ro\/#organization","name":"SHOPATOA","url":"https:\/\/shopatoa.com\/ro\/","logo":{"@type":"ImageObject","inLanguage":"ro-RO","@id":"https:\/\/shopatoa.com\/ro\/#\/schema\/logo\/image\/","url":"https:\/\/storage.googleapis.com\/cz-shopatoa-img\/ro\/b4dac915-shopatoa_logo.png","contentUrl":"https:\/\/storage.googleapis.com\/cz-shopatoa-img\/ro\/b4dac915-shopatoa_logo.png","width":416,"height":63,"caption":"SHOPATOA"},"image":{"@id":"https:\/\/shopatoa.com\/ro\/#\/schema\/logo\/image\/"}}]}},"_links":{"self":[{"href":"https:\/\/shopatoa.com\/ro\/wp-json\/wp\/v2\/product\/428480","targetHints":{"allow":["GET"]}}],"collection":[{"href":"https:\/\/shopatoa.com\/ro\/wp-json\/wp\/v2\/product"}],"about":[{"href":"https:\/\/shopatoa.com\/ro\/wp-json\/wp\/v2\/types\/product"}],"replies":[{"embeddable":true,"href":"https:\/\/shopatoa.com\/ro\/wp-json\/wp\/v2\/comments?post=428480"}],"wp:featuredmedia":[{"embeddable":true,"href":"https:\/\/shopatoa.com\/ro\/wp-json\/wp\/v2\/media\/428481"}],"wp:attachment":[{"href":"https:\/\/shopatoa.com\/ro\/wp-json\/wp\/v2\/media?parent=428480"}],"wp:term":[{"taxonomy":"product_brand","embeddable":true,"href":"https:\/\/shopatoa.com\/ro\/wp-json\/wp\/v2\/product_brand?post=428480"},{"taxonomy":"product_cat","embeddable":true,"href":"https:\/\/shopatoa.com\/ro\/wp-json\/wp\/v2\/product_cat?post=428480"},{"taxonomy":"product_tag","embeddable":true,"href":"https:\/\/shopatoa.com\/ro\/wp-json\/wp\/v2\/product_tag?post=428480"}],"curies":[{"name":"wp","href":"https:\/\/api.w.org\/{rel}","templated":true}]}}