{"id":428854,"date":"2025-06-22T00:02:57","date_gmt":"2025-06-21T22:02:57","guid":{"rendered":"https:\/\/shopatoa.com\/ro\/tolpa-dermo-intima-gel-regenerare-pentru-igiena-intima-195-ml\/"},"modified":"2025-12-12T04:25:15","modified_gmt":"2025-12-12T03:25:15","slug":"tolpa-dermo-intima-gel-regenerare-pentru-igiena-intima-195-ml","status":"publish","type":"product","link":"https:\/\/shopatoa.com\/ro\/tolpa-dermo-intima-gel-regenerare-pentru-igiena-intima-195-ml\/","title":{"rendered":"To\u0142pa Dermo Intima gel regenerare pentru igiena intima 195 ml"},"content":{"rendered":"<p>To\u0142pa Dermo Intima, 195 ml, Geluri pentru igiena intim\u0103 pentru femei, Dori\u021bi s\u0103 v\u0103 sim\u021bi\u021bi fresh \u0219i \u00eencrez\u0103toare? Produsul To\u0142pa Dermo Intima \u00eengrije\u0219te delicat p\u0103r\u021bile exterioare ale zonelor intime, le men\u021bine curate \u0219i le confer\u0103 o senza\u021bie de confort. \u00cen plus, este special formulat \u00een a\u0219a fel \u00eenc\u00e2t s\u0103 respecte \u0219i s\u0103 nu perturbe pH-ul natural al pielii p\u0103r\u021bilor intime, ceea ce este esen\u021bial pentru men\u021binerea unei igiene intime corecte \u0219i echilibrate.  Caracteristici:  inhib\u0103 dezvoltarea bacteriilor spal\u0103 delicat p\u0103r\u021bile sensibile ale corpului hidrateaz\u0103 intens  Cum se utilizeaz\u0103: Se aplic\u0103 o cantitate mic\u0103 de produs pe p\u0103r\u021bile intime, care se vor cl\u0103ti apoi bine cu ap\u0103.<\/p>\n","protected":false},"excerpt":{"rendered":"<p>To\u0142pa Dermo Intima, 195 ml, Geluri pentru igiena intim\u0103 pentru femei, Dori\u021bi s\u0103 v\u0103 sim\u021bi\u021bi fresh \u0219i \u00eencrez\u0103toare? Produsul To\u0142pa Dermo Intima \u00eengrije\u0219te delicat p\u0103r\u021bile exterioare ale zonelor intime, le men\u021bine curate \u0219i le confer\u0103 o senza\u021bie de confort. \u00cen plus, este special formulat \u00een a\u0219a fel \u00eenc\u00e2t s\u0103 respecte \u0219i s\u0103 nu perturbe pH-ul&#8230;<\/p>\n","protected":false},"featured_media":428855,"comment_status":"closed","ping_status":"open","template":"","meta":{"_acf_changed":false,"_kadence_starter_templates_imported_post":false,"_kad_post_transparent":"","_kad_post_title":"","_kad_post_layout":"","_kad_post_sidebar_id":"","_kad_post_content_style":"","_kad_post_vertical_padding":"","_kad_post_feature":"","_kad_post_feature_position":"","_kad_post_header":false,"_kad_post_footer":false,"_kad_post_classname":""},"product_brand":[1812],"product_cat":[1568,1563,1567,1562],"product_tag":[],"class_list":{"0":"post-428854","1":"product","2":"type-product","3":"status-publish","4":"has-post-thumbnail","6":"product_brand-tolpa","7":"product_cat-dusuri-si-creme-feminine","8":"product_cat-ingrijire-personala","9":"product_cat-produse-sanitare-feminine","10":"product_cat-sanatate-si-frumusete","11":"pa_gen-female","12":"pa_marime-195-ml","14":"first","15":"instock","16":"sale","17":"product-type-external","18":"entry","19":"content-bg","20":"loop-entry"},"acf":[],"yoast_head":"<!-- This site is optimized with the Yoast SEO plugin v27.4 - https:\/\/yoast.com\/product\/yoast-seo-wordpress\/ -->\n<title>To\u0142pa Dermo Intima gel regenerare pentru igiena intima 195 ml - SHOPATOA.COM<\/title>\n<meta name=\"robots\" content=\"index, follow, max-snippet:-1, max-image-preview:large, max-video-preview:-1\" \/>\n<link rel=\"canonical\" href=\"https:\/\/shopatoa.com\/ro\/tolpa-dermo-intima-gel-regenerare-pentru-igiena-intima-195-ml\/\" \/>\n<meta property=\"og:locale\" content=\"ro_RO\" \/>\n<meta property=\"og:type\" content=\"article\" \/>\n<meta property=\"og:title\" content=\"To\u0142pa Dermo Intima gel regenerare pentru igiena intima 195 ml - SHOPATOA.COM\" \/>\n<meta property=\"og:description\" content=\"To\u0142pa Dermo Intima, 195 ml, Geluri pentru igiena intim\u0103 pentru femei, Dori\u021bi s\u0103 v\u0103 sim\u021bi\u021bi fresh \u0219i \u00eencrez\u0103toare? Produsul To\u0142pa Dermo Intima \u00eengrije\u0219te delicat p\u0103r\u021bile exterioare ale zonelor intime, le men\u021bine curate \u0219i le confer\u0103 o senza\u021bie de confort. \u00cen plus, este special formulat \u00een a\u0219a fel \u00eenc\u00e2t s\u0103 respecte \u0219i s\u0103 nu perturbe pH-ul...\" \/>\n<meta property=\"og:url\" content=\"https:\/\/shopatoa.com\/ro\/tolpa-dermo-intima-gel-regenerare-pentru-igiena-intima-195-ml\/\" \/>\n<meta property=\"og:site_name\" content=\"SHOPATOA\" \/>\n<meta property=\"article:modified_time\" content=\"2025-12-12T03:25:15+00:00\" \/>\n<meta property=\"og:image\" content=\"https:\/\/storage.googleapis.com\/cz-shopatoa-img\/ro\/3284ffe2-unnamed-file.webp\" \/>\n\t<meta property=\"og:image:width\" content=\"800\" \/>\n\t<meta property=\"og:image:height\" content=\"800\" \/>\n\t<meta property=\"og:image:type\" content=\"image\/webp\" \/>\n<meta name=\"twitter:card\" content=\"summary_large_image\" \/>\n<meta name=\"twitter:label1\" content=\"Timp estimat pentru citire\" \/>\n\t<meta name=\"twitter:data1\" content=\"1 minut\" \/>\n<script type=\"application\/ld+json\" class=\"yoast-schema-graph\">{\"@context\":\"https:\\\/\\\/schema.org\",\"@graph\":[{\"@type\":\"WebPage\",\"@id\":\"https:\\\/\\\/shopatoa.com\\\/ro\\\/tolpa-dermo-intima-gel-regenerare-pentru-igiena-intima-195-ml\\\/\",\"url\":\"https:\\\/\\\/shopatoa.com\\\/ro\\\/tolpa-dermo-intima-gel-regenerare-pentru-igiena-intima-195-ml\\\/\",\"name\":\"To\u0142pa Dermo Intima gel regenerare pentru igiena intima 195 ml - SHOPATOA.COM\",\"isPartOf\":{\"@id\":\"https:\\\/\\\/shopatoa.com\\\/ro\\\/#website\"},\"primaryImageOfPage\":{\"@id\":\"https:\\\/\\\/shopatoa.com\\\/ro\\\/tolpa-dermo-intima-gel-regenerare-pentru-igiena-intima-195-ml\\\/#primaryimage\"},\"image\":{\"@id\":\"https:\\\/\\\/shopatoa.com\\\/ro\\\/tolpa-dermo-intima-gel-regenerare-pentru-igiena-intima-195-ml\\\/#primaryimage\"},\"thumbnailUrl\":\"https:\\\/\\\/storage.googleapis.com\\\/cz-shopatoa-img\\\/ro\\\/3284ffe2-unnamed-file.webp\",\"datePublished\":\"2025-06-21T22:02:57+00:00\",\"dateModified\":\"2025-12-12T03:25:15+00:00\",\"breadcrumb\":{\"@id\":\"https:\\\/\\\/shopatoa.com\\\/ro\\\/tolpa-dermo-intima-gel-regenerare-pentru-igiena-intima-195-ml\\\/#breadcrumb\"},\"inLanguage\":\"ro-RO\",\"potentialAction\":[{\"@type\":\"ReadAction\",\"target\":[\"https:\\\/\\\/shopatoa.com\\\/ro\\\/tolpa-dermo-intima-gel-regenerare-pentru-igiena-intima-195-ml\\\/\"]}]},{\"@type\":\"ImageObject\",\"inLanguage\":\"ro-RO\",\"@id\":\"https:\\\/\\\/shopatoa.com\\\/ro\\\/tolpa-dermo-intima-gel-regenerare-pentru-igiena-intima-195-ml\\\/#primaryimage\",\"url\":\"https:\\\/\\\/storage.googleapis.com\\\/cz-shopatoa-img\\\/ro\\\/3284ffe2-unnamed-file.webp\",\"contentUrl\":\"https:\\\/\\\/storage.googleapis.com\\\/cz-shopatoa-img\\\/ro\\\/3284ffe2-unnamed-file.webp\",\"width\":800,\"height\":800},{\"@type\":\"BreadcrumbList\",\"@id\":\"https:\\\/\\\/shopatoa.com\\\/ro\\\/tolpa-dermo-intima-gel-regenerare-pentru-igiena-intima-195-ml\\\/#breadcrumb\",\"itemListElement\":[{\"@type\":\"ListItem\",\"position\":1,\"name\":\"Dom\u016f\",\"item\":\"https:\\\/\\\/shopatoa.com\\\/ro\\\/\"},{\"@type\":\"ListItem\",\"position\":2,\"name\":\"Shop\",\"item\":\"https:\\\/\\\/shopatoa.com\\\/ro\\\/shop\\\/\"},{\"@type\":\"ListItem\",\"position\":3,\"name\":\"S\u0103n\u0103tate \u0219i frumuse\u021be\",\"item\":\"https:\\\/\\\/shopatoa.com\\\/ro\\\/sanatate-si-frumusete\\\/\"},{\"@type\":\"ListItem\",\"position\":4,\"name\":\"\u00cengrijire personal\u0103\",\"item\":\"https:\\\/\\\/shopatoa.com\\\/ro\\\/ingrijire-personala\\\/\"},{\"@type\":\"ListItem\",\"position\":5,\"name\":\"Produse sanitare feminine\",\"item\":\"https:\\\/\\\/shopatoa.com\\\/ro\\\/produse-sanitare-feminine\\\/\"},{\"@type\":\"ListItem\",\"position\":6,\"name\":\"Du\u0219uri \u0219i creme feminine\",\"item\":\"https:\\\/\\\/shopatoa.com\\\/ro\\\/dusuri-si-creme-feminine\\\/\"},{\"@type\":\"ListItem\",\"position\":7,\"name\":\"To\u0142pa Dermo Intima gel regenerare pentru igiena intima 195 ml\"}]},{\"@type\":\"WebSite\",\"@id\":\"https:\\\/\\\/shopatoa.com\\\/ro\\\/#website\",\"url\":\"https:\\\/\\\/shopatoa.com\\\/ro\\\/\",\"name\":\"SHOPATOA\",\"description\":\"\",\"publisher\":{\"@id\":\"https:\\\/\\\/shopatoa.com\\\/ro\\\/#organization\"},\"potentialAction\":[{\"@type\":\"SearchAction\",\"target\":{\"@type\":\"EntryPoint\",\"urlTemplate\":\"https:\\\/\\\/shopatoa.com\\\/ro\\\/?s={search_term_string}\"},\"query-input\":{\"@type\":\"PropertyValueSpecification\",\"valueRequired\":true,\"valueName\":\"search_term_string\"}}],\"inLanguage\":\"ro-RO\"},{\"@type\":\"Organization\",\"@id\":\"https:\\\/\\\/shopatoa.com\\\/ro\\\/#organization\",\"name\":\"SHOPATOA\",\"url\":\"https:\\\/\\\/shopatoa.com\\\/ro\\\/\",\"logo\":{\"@type\":\"ImageObject\",\"inLanguage\":\"ro-RO\",\"@id\":\"https:\\\/\\\/shopatoa.com\\\/ro\\\/#\\\/schema\\\/logo\\\/image\\\/\",\"url\":\"https:\\\/\\\/storage.googleapis.com\\\/cz-shopatoa-img\\\/ro\\\/b4dac915-shopatoa_logo.png\",\"contentUrl\":\"https:\\\/\\\/storage.googleapis.com\\\/cz-shopatoa-img\\\/ro\\\/b4dac915-shopatoa_logo.png\",\"width\":416,\"height\":63,\"caption\":\"SHOPATOA\"},\"image\":{\"@id\":\"https:\\\/\\\/shopatoa.com\\\/ro\\\/#\\\/schema\\\/logo\\\/image\\\/\"}}]}<\/script>\n<!-- \/ Yoast SEO plugin. -->","yoast_head_json":{"title":"To\u0142pa Dermo Intima gel regenerare pentru igiena intima 195 ml - SHOPATOA.COM","robots":{"index":"index","follow":"follow","max-snippet":"max-snippet:-1","max-image-preview":"max-image-preview:large","max-video-preview":"max-video-preview:-1"},"canonical":"https:\/\/shopatoa.com\/ro\/tolpa-dermo-intima-gel-regenerare-pentru-igiena-intima-195-ml\/","og_locale":"ro_RO","og_type":"article","og_title":"To\u0142pa Dermo Intima gel regenerare pentru igiena intima 195 ml - SHOPATOA.COM","og_description":"To\u0142pa Dermo Intima, 195 ml, Geluri pentru igiena intim\u0103 pentru femei, Dori\u021bi s\u0103 v\u0103 sim\u021bi\u021bi fresh \u0219i \u00eencrez\u0103toare? Produsul To\u0142pa Dermo Intima \u00eengrije\u0219te delicat p\u0103r\u021bile exterioare ale zonelor intime, le men\u021bine curate \u0219i le confer\u0103 o senza\u021bie de confort. \u00cen plus, este special formulat \u00een a\u0219a fel \u00eenc\u00e2t s\u0103 respecte \u0219i s\u0103 nu perturbe pH-ul...","og_url":"https:\/\/shopatoa.com\/ro\/tolpa-dermo-intima-gel-regenerare-pentru-igiena-intima-195-ml\/","og_site_name":"SHOPATOA","article_modified_time":"2025-12-12T03:25:15+00:00","og_image":[{"width":800,"height":800,"url":"https:\/\/storage.googleapis.com\/cz-shopatoa-img\/ro\/3284ffe2-unnamed-file.webp","type":"image\/webp"}],"twitter_card":"summary_large_image","twitter_misc":{"Timp estimat pentru citire":"1 minut"},"schema":{"@context":"https:\/\/schema.org","@graph":[{"@type":"WebPage","@id":"https:\/\/shopatoa.com\/ro\/tolpa-dermo-intima-gel-regenerare-pentru-igiena-intima-195-ml\/","url":"https:\/\/shopatoa.com\/ro\/tolpa-dermo-intima-gel-regenerare-pentru-igiena-intima-195-ml\/","name":"To\u0142pa Dermo Intima gel regenerare pentru igiena intima 195 ml - SHOPATOA.COM","isPartOf":{"@id":"https:\/\/shopatoa.com\/ro\/#website"},"primaryImageOfPage":{"@id":"https:\/\/shopatoa.com\/ro\/tolpa-dermo-intima-gel-regenerare-pentru-igiena-intima-195-ml\/#primaryimage"},"image":{"@id":"https:\/\/shopatoa.com\/ro\/tolpa-dermo-intima-gel-regenerare-pentru-igiena-intima-195-ml\/#primaryimage"},"thumbnailUrl":"https:\/\/storage.googleapis.com\/cz-shopatoa-img\/ro\/3284ffe2-unnamed-file.webp","datePublished":"2025-06-21T22:02:57+00:00","dateModified":"2025-12-12T03:25:15+00:00","breadcrumb":{"@id":"https:\/\/shopatoa.com\/ro\/tolpa-dermo-intima-gel-regenerare-pentru-igiena-intima-195-ml\/#breadcrumb"},"inLanguage":"ro-RO","potentialAction":[{"@type":"ReadAction","target":["https:\/\/shopatoa.com\/ro\/tolpa-dermo-intima-gel-regenerare-pentru-igiena-intima-195-ml\/"]}]},{"@type":"ImageObject","inLanguage":"ro-RO","@id":"https:\/\/shopatoa.com\/ro\/tolpa-dermo-intima-gel-regenerare-pentru-igiena-intima-195-ml\/#primaryimage","url":"https:\/\/storage.googleapis.com\/cz-shopatoa-img\/ro\/3284ffe2-unnamed-file.webp","contentUrl":"https:\/\/storage.googleapis.com\/cz-shopatoa-img\/ro\/3284ffe2-unnamed-file.webp","width":800,"height":800},{"@type":"BreadcrumbList","@id":"https:\/\/shopatoa.com\/ro\/tolpa-dermo-intima-gel-regenerare-pentru-igiena-intima-195-ml\/#breadcrumb","itemListElement":[{"@type":"ListItem","position":1,"name":"Dom\u016f","item":"https:\/\/shopatoa.com\/ro\/"},{"@type":"ListItem","position":2,"name":"Shop","item":"https:\/\/shopatoa.com\/ro\/shop\/"},{"@type":"ListItem","position":3,"name":"S\u0103n\u0103tate \u0219i frumuse\u021be","item":"https:\/\/shopatoa.com\/ro\/sanatate-si-frumusete\/"},{"@type":"ListItem","position":4,"name":"\u00cengrijire personal\u0103","item":"https:\/\/shopatoa.com\/ro\/ingrijire-personala\/"},{"@type":"ListItem","position":5,"name":"Produse sanitare feminine","item":"https:\/\/shopatoa.com\/ro\/produse-sanitare-feminine\/"},{"@type":"ListItem","position":6,"name":"Du\u0219uri \u0219i creme feminine","item":"https:\/\/shopatoa.com\/ro\/dusuri-si-creme-feminine\/"},{"@type":"ListItem","position":7,"name":"To\u0142pa Dermo Intima gel regenerare pentru igiena intima 195 ml"}]},{"@type":"WebSite","@id":"https:\/\/shopatoa.com\/ro\/#website","url":"https:\/\/shopatoa.com\/ro\/","name":"SHOPATOA","description":"","publisher":{"@id":"https:\/\/shopatoa.com\/ro\/#organization"},"potentialAction":[{"@type":"SearchAction","target":{"@type":"EntryPoint","urlTemplate":"https:\/\/shopatoa.com\/ro\/?s={search_term_string}"},"query-input":{"@type":"PropertyValueSpecification","valueRequired":true,"valueName":"search_term_string"}}],"inLanguage":"ro-RO"},{"@type":"Organization","@id":"https:\/\/shopatoa.com\/ro\/#organization","name":"SHOPATOA","url":"https:\/\/shopatoa.com\/ro\/","logo":{"@type":"ImageObject","inLanguage":"ro-RO","@id":"https:\/\/shopatoa.com\/ro\/#\/schema\/logo\/image\/","url":"https:\/\/storage.googleapis.com\/cz-shopatoa-img\/ro\/b4dac915-shopatoa_logo.png","contentUrl":"https:\/\/storage.googleapis.com\/cz-shopatoa-img\/ro\/b4dac915-shopatoa_logo.png","width":416,"height":63,"caption":"SHOPATOA"},"image":{"@id":"https:\/\/shopatoa.com\/ro\/#\/schema\/logo\/image\/"}}]}},"_links":{"self":[{"href":"https:\/\/shopatoa.com\/ro\/wp-json\/wp\/v2\/product\/428854","targetHints":{"allow":["GET"]}}],"collection":[{"href":"https:\/\/shopatoa.com\/ro\/wp-json\/wp\/v2\/product"}],"about":[{"href":"https:\/\/shopatoa.com\/ro\/wp-json\/wp\/v2\/types\/product"}],"replies":[{"embeddable":true,"href":"https:\/\/shopatoa.com\/ro\/wp-json\/wp\/v2\/comments?post=428854"}],"wp:featuredmedia":[{"embeddable":true,"href":"https:\/\/shopatoa.com\/ro\/wp-json\/wp\/v2\/media\/428855"}],"wp:attachment":[{"href":"https:\/\/shopatoa.com\/ro\/wp-json\/wp\/v2\/media?parent=428854"}],"wp:term":[{"taxonomy":"product_brand","embeddable":true,"href":"https:\/\/shopatoa.com\/ro\/wp-json\/wp\/v2\/product_brand?post=428854"},{"taxonomy":"product_cat","embeddable":true,"href":"https:\/\/shopatoa.com\/ro\/wp-json\/wp\/v2\/product_cat?post=428854"},{"taxonomy":"product_tag","embeddable":true,"href":"https:\/\/shopatoa.com\/ro\/wp-json\/wp\/v2\/product_tag?post=428854"}],"curies":[{"name":"wp","href":"https:\/\/api.w.org\/{rel}","templated":true}]}}